{"id":1022,"date":"2026-01-15T15:15:39","date_gmt":"2026-01-15T07:15:39","guid":{"rendered":"https:\/\/www.peanuts-machine.com\/?post_type=product&#038;p=1022"},"modified":"2026-01-15T15:17:05","modified_gmt":"2026-01-15T07:17:05","slug":"cashew-nut-grading-machine","status":"publish","type":"product","link":"https:\/\/www.peanuts-machine.com\/de\/product\/cashew-nut-grading-machine\/","title":{"rendered":"Cashew-Nuss-Qualit\u00e4tspr\u00fcfmaschine | Automatischer Cashew-Tester"},"content":{"rendered":"<div class=\"kk-star-ratings kksr-auto kksr-align-left kksr-valign-top\"     data-payload='{&quot;align&quot;:&quot;left&quot;,&quot;id&quot;:&quot;1022&quot;,&quot;slug&quot;:&quot;default&quot;,&quot;valign&quot;:&quot;top&quot;,&quot;ignore&quot;:&quot;&quot;,&quot;reference&quot;:&quot;auto&quot;,&quot;class&quot;:&quot;&quot;,&quot;count&quot;:&quot;29&quot;,&quot;legendonly&quot;:&quot;&quot;,&quot;readonly&quot;:&quot;&quot;,&quot;score&quot;:&quot;4.6&quot;,&quot;starsonly&quot;:&quot;&quot;,&quot;best&quot;:&quot;5&quot;,&quot;gap&quot;:&quot;5&quot;,&quot;greet&quot;:&quot;Rate this product&quot;,&quot;legend&quot;:&quot;4.6\\\/5 - (29 votes)&quot;,&quot;size&quot;:&quot;24&quot;,&quot;title&quot;:&quot;Cashew Nut Grading Machine | Automatic Cashew Grader&quot;,&quot;width&quot;:&quot;130.9&quot;,&quot;_legend&quot;:&quot;{score}\\\/{best} - ({count} {votes})&quot;,&quot;font_factor&quot;:&quot;1.25&quot;}'>              <div class=\"kksr-stars\">      <div class=\"kksr-stars-inactive\">             <div class=\"kksr-star\" data-star=\"1\" style=\"padding-right: 5px\">               <div class=\"kksr-icon\" style=\"width: 24px; height: 24px;\"><\/div>         <\/div>             <div class=\"kksr-star\" data-star=\"2\" style=\"padding-right: 5px\">               <div class=\"kksr-icon\" style=\"width: 24px; height: 24px;\"><\/div>         <\/div>             <div class=\"kksr-star\" data-star=\"3\" style=\"padding-right: 5px\">               <div class=\"kksr-icon\" style=\"width: 24px; height: 24px;\"><\/div>         <\/div>             <div class=\"kksr-star\" data-star=\"4\" style=\"padding-right: 5px\">               <div class=\"kksr-icon\" style=\"width: 24px; height: 24px;\"><\/div>         <\/div>             <div class=\"kksr-star\" data-star=\"5\" style=\"padding-right: 5px\">               <div class=\"kksr-icon\" style=\"width: 24px; height: 24px;\"><\/div>         <\/div>     <\/div>      <div class=\"kksr-stars-active\" style=\"width: 130.9px;\">             <div class=\"kksr-star\" style=\"padding-right: 5px\">               <div class=\"kksr-icon\" style=\"width: 24px; height: 24px;\"><\/div>         <\/div>             <div class=\"kksr-star\" style=\"padding-right: 5px\">               <div class=\"kksr-icon\" style=\"width: 24px; height: 24px;\"><\/div>         <\/div>             <div class=\"kksr-star\" style=\"padding-right: 5px\">               <div class=\"kksr-icon\" style=\"width: 24px; height: 24px;\"><\/div>         <\/div>             <div class=\"kksr-star\" style=\"padding-right: 5px\">               <div class=\"kksr-icon\" style=\"width: 24px; height: 24px;\"><\/div>         <\/div>             <div class=\"kksr-star\" style=\"padding-right: 5px\">               <div class=\"kksr-icon\" style=\"width: 24px; height: 24px;\"><\/div>         <\/div>     <\/div> <\/div>                   <div class=\"kksr-legend\" style=\"font-size: 19.2px;\">             4,6\/5 - (29 Bewertungen)    <\/div>     <\/div>  <p>Cashewn\u00fcsse zeigen w\u00e4hrend des nat\u00fcrlichen Wachstums erhebliche Gr\u00f6\u00dfenvariationen. Ohne wissenschaftliche Sortierung beeintr\u00e4chtigt dies das Produktbild und den Verkaufserfolg. Unsere Cashew-Qualit\u00e4tspr\u00fcfmaschinen k\u00f6nnen N\u00fcsse in 3\u20134 Grade nach Breite oder Gr\u00f6\u00dfe in einem Durchgang sortieren und so eine standardisierte und pr\u00e4zise Sortierung erreichen.<\/p>    <p>Derzeit bieten wir zwei bew\u00e4hrte Modelle an: die Mehr-Roller-Cashew-Qualit\u00e4tspr\u00fcfmaschine und die Trommel-Cashew-Qualit\u00e4tspr\u00fcfmaschine. Beide eignen sich f\u00fcr die Gr\u00f6\u00dfenklassifizierung von Cashewkernen, zeichnen sich durch stabile Konstruktion, pr\u00e4zise Sortierung und einfache Bedienung aus, mit Verarbeitungskapazit\u00e4ten von 300\u2013500 kg\/h.<\/p>    <p>Benutzer k\u00f6nnen je nach Produktionsvolumen, Sortierpr\u00e4zision und Standortbedingungen flexibel das passende Modell ausw\u00e4hlen, um die betrieblichen Anforderungen von Cashew-Verarbeitungsbetrieben verschiedener Gr\u00f6\u00dfenordnungen zu erf\u00fcllen.<\/p>    <figure class=\"wp-block-embed aligncenter is-type-video is-provider-youtube wp-block-embed-youtube wp-embed-aspect-9-16 wp-has-aspect-ratio\"><div class=\"wp-block-embed__wrapper\"> <iframe loading=\"lazy\" title=\"Cashew Kernel Grading Machine (Drum Type &amp; Multi-Roller) | Accurate &amp; Efficient Sorting#cashew\" width=\"422\" height=\"750\" src=\"https:\/\/www.youtube.com\/embed\/C7zvJ8bjQBs?feature=oembed\" frameborder=\"0\" allow=\"accelerometer; autoplay; clipboard-write; encrypted-media; gyroscope; picture-in-picture; web-share\" referrerpolicy=\"strict-origin-when-cross-origin\" allowfullscreen><\/iframe> <\/div><figcaption class=\"wp-element-caption\">Arbeitsvideo der Cashew-Nuss-Qualit\u00e4tspr\u00fcfmaschine<\/figcaption><\/figure>    <h2 class=\"wp-block-heading\">Mehr-Roller-Cashew-Nuss-Qualit\u00e4tspr\u00fcfmaschine<\/h2>    <p>Der Mehr-Roller-Cashew-Qualit\u00e4tspr\u00fcfer verwendet eine Mehr-Roller-Spaltregulierung. Er besteht aus oberen, mittleren und unteren Mehrschicht-Qualit\u00e4tsrollen, die jeweils gro\u00dfe, mittlere und kleine Kerne ausgeben. Durch die Einstellung des Spalts zwischen den Rollen wird eine pr\u00e4zise Sortierung der Cashew-Kern-Breite erreicht, mit klaren Sortierstandards und flexibler Anpassung.<\/p>    <p>G\u00e4ngige Sortierkonfigurationen umfassen 3\u20134 Gr\u00f6\u00dfenkategorien, wie:<\/p>    <ul class=\"wp-block-list\"> <li>Unter 8 mm<\/li>    <li>8\u201310 mm<\/li>    <li>10\u201312 mm<\/li>    <li>\u00dcber 12 mm (optional)<\/li> <\/ul>    <p>Das Ger\u00e4t arbeitet stabil mit minimaler Kernbesch\u00e4digung w\u00e4hrend der Sortierung, was es ideal f\u00fcr Anwender macht, die hohe Sortiergenauigkeit und gleichbleibende Produktqualit\u00e4t fordern.<\/p>    <p>Wichtige Spezifikationen:<\/p>    <ul class=\"wp-block-list\"> <li>Motorleistung: 1,1 kW<\/li>    <li>Spannung \/ Frequenz: 380V \/ 50Hz<\/li>    <li>Verarbeitungsleistung: 300\u2013400 kg\/h<\/li>    <li>Abmessungen: 2,3 \u00d7 0,8 \u00d7 1,6 m<\/li>    <li>Gesamtgewicht: ca. 180 kg<\/li> <\/ul>    <figure class=\"wp-block-gallery has-nested-images columns-default is-cropped wp-block-gallery-2 is-layout-flex wp-block-gallery-is-layout-flex\"> <figure class=\"wp-block-image size-large\"><img loading=\"lazy\" decoding=\"async\" width=\"720\" height=\"540\" data-id=\"1030\" src=\"https:\/\/www.peanuts-machine.com\/wp-content\/uploads\/2026\/01\/multi-roll-cashew-nut-grading-machine.webp\" alt=\"Mehr-Roller-Cashew-Qualit\u00e4tspr\u00fcfmaschine\" class=\"wp-image-1030\" title=\"\" srcset=\"https:\/\/www.peanuts-machine.com\/wp-content\/uploads\/2026\/01\/multi-roll-cashew-nut-grading-machine.webp 720w, https:\/\/www.peanuts-machine.com\/wp-content\/uploads\/2026\/01\/multi-roll-cashew-nut-grading-machine-300x225.webp 300w, https:\/\/www.peanuts-machine.com\/wp-content\/uploads\/2026\/01\/multi-roll-cashew-nut-grading-machine-16x12.webp 16w\" sizes=\"auto, (max-width: 720px) 100vw, 720px\" \/><figcaption class=\"wp-element-caption\">Mehr-Roller-Cashew-Qualit\u00e4tspr\u00fcfmaschine<\/figcaption><\/figure>    <figure class=\"wp-block-image size-large\"><img loading=\"lazy\" decoding=\"async\" width=\"720\" height=\"540\" data-id=\"1029\" src=\"https:\/\/www.peanuts-machine.com\/wp-content\/uploads\/2026\/01\/kernel-sorting-machine.webp\" alt=\"Kernsortiermaschine\" class=\"wp-image-1029\" title=\"\" srcset=\"https:\/\/www.peanuts-machine.com\/wp-content\/uploads\/2026\/01\/kernel-sorting-machine.webp 720w, https:\/\/www.peanuts-machine.com\/wp-content\/uploads\/2026\/01\/kernel-sorting-machine-300x225.webp 300w, https:\/\/www.peanuts-machine.com\/wp-content\/uploads\/2026\/01\/kernel-sorting-machine-16x12.webp 16w\" sizes=\"auto, (max-width: 720px) 100vw, 720px\" \/><figcaption class=\"wp-element-caption\">Kernsortiermaschine<\/figcaption><\/figure> <\/figure>    <h2 class=\"wp-block-heading\">Trommel-typische Cashew-Qualit\u00e4tspr\u00fcfmaschine<\/h2>    <p>Die Trommel-Qualit\u00e4tspr\u00fcfmaschine f\u00fcr Cashew-N\u00fcsse verf\u00fcgt \u00fcber eine segmentierte Trommel mit einer festen Sortierstruktur, bestehend aus einem Antriebssystem, Trommelbaugruppe und Rahmen. W\u00e4hrend sich das Material innerhalb der Trommel vorw\u00e4rts bewegt, durchl\u00e4uft es eine sequentielle Sortierung basierend auf unterschiedlichen Spaltgr\u00f6\u00dfen, was eine klare Sortierreihenfolge und hohe Durchsatzleistung gew\u00e4hrleistet.<\/p>    <p>In der Regel trennt die Maschine zuerst besch\u00e4digte Kerne, dann sortiert sie nacheinander:<\/p>    <ul class=\"wp-block-list\"> <li>Unter 8 mm<\/li>    <li>8\u201310 mm<\/li>    <li>10\u201312 mm<\/li>    <li>\u00dcber 12 mm (auf Anfrage anpassbar)<\/li> <\/ul>    <p>Die Trommelstruktur eignet sich f\u00fcr den kontinuierlichen Betrieb mit hoher Leistung und einfacher Wartung, was sie besonders f\u00fcr mittelgro\u00dfe bis gro\u00dfe Cashew-Verarbeitungsanlagen geeignet macht.<\/p>    <p>Wichtige Spezifikationen:<\/p>    <ul class=\"wp-block-list\"> <li>Motorleistung: 0,75 kW<\/li>    <li>Spannung \/ Frequenz: 380V \/ 50Hz<\/li>    <li>Verarbeitungsleistung: 400\u2013500 kg\/h<\/li>    <li>Abmessungen: 2,0 \u00d7 0,8 \u00d7 1,4 m<\/li>    <li>Gesamtgewicht: ca. 300 kg<\/li> <\/ul>    <figure class=\"wp-block-gallery has-nested-images columns-default is-cropped wp-block-gallery-3 is-layout-flex wp-block-gallery-is-layout-flex\"> <figure class=\"wp-block-image size-large\"><img loading=\"lazy\" decoding=\"async\" width=\"720\" height=\"540\" data-id=\"1032\" src=\"https:\/\/www.peanuts-machine.com\/wp-content\/uploads\/2026\/01\/drum-type-cashew-kernel-grader.webp\" alt=\"Trommel-typischer Cashew-Kern-Tester\" class=\"wp-image-1032\" title=\"\" srcset=\"https:\/\/www.peanuts-machine.com\/wp-content\/uploads\/2026\/01\/drum-type-cashew-kernel-grader.webp 720w, https:\/\/www.peanuts-machine.com\/wp-content\/uploads\/2026\/01\/drum-type-cashew-kernel-grader-300x225.webp 300w, https:\/\/www.peanuts-machine.com\/wp-content\/uploads\/2026\/01\/drum-type-cashew-kernel-grader-16x12.webp 16w\" sizes=\"auto, (max-width: 720px) 100vw, 720px\" \/><figcaption class=\"wp-element-caption\">Trommel-typischer Cashew-Kern-Tester<\/figcaption><\/figure>    <figure class=\"wp-block-image size-large\"><img loading=\"lazy\" decoding=\"async\" width=\"720\" height=\"540\" data-id=\"1031\" src=\"https:\/\/www.peanuts-machine.com\/wp-content\/uploads\/2026\/01\/cashew-nut-size-separator.webp\" alt=\"Cashew-Nuss-Gr\u00f6\u00dfenseparator\" class=\"wp-image-1031\" title=\"\" srcset=\"https:\/\/www.peanuts-machine.com\/wp-content\/uploads\/2026\/01\/cashew-nut-size-separator.webp 720w, https:\/\/www.peanuts-machine.com\/wp-content\/uploads\/2026\/01\/cashew-nut-size-separator-300x225.webp 300w, https:\/\/www.peanuts-machine.com\/wp-content\/uploads\/2026\/01\/cashew-nut-size-separator-16x12.webp 16w\" sizes=\"auto, (max-width: 720px) 100vw, 720px\" \/><figcaption class=\"wp-element-caption\">Cashew-Nuss-Gr\u00f6\u00dfenseparator<\/figcaption><\/figure> <\/figure>    <h2 class=\"wp-block-heading\">Mehr-Roller vs Trommeltyp Cashew-Tester<\/h2>    <figure class=\"wp-block-table is-style-stripes\"><table class=\"has-fixed-layout\"><tbody><tr><td><strong>Artikel<\/strong><\/td><td><strong>Mehr-Roller-Cashew-Qualit\u00e4tspr\u00fcfmaschine<\/strong><\/td><td><strong>Trommel-typische Cashew-Qualit\u00e4tspr\u00fcfmaschine<\/strong><\/td><\/tr><tr><td>Sortierstruktur<\/td><td>Mehr-Roller-justierbares Spalt-Design<\/td><td>Segmentierte Trommel mit festem Spalt <br>Design<\/td><\/tr><tr><td>Sortiermethode<\/td><td>Cashewkerne werden nach <br>Einstellung des Spalts zwischen den Rollen<\/td><td>Cashewkerne werden durch <br>Unterschiedliche feste Spalten entlang der Trommel<\/td><\/tr><tr><td>Anzahl der Grade<\/td><td>3\u20134 Grade (verstellbar)<\/td><td>3\u20134 Grade (anpassbar)<\/td><\/tr><tr><td>Sortiergrundlage<\/td><td>Sortierung nach Kernbreite<\/td><td>Sequentielle Sortierung nach Kerngr\u00f6\u00dfe<\/td><\/tr><tr><td>Einstellungsflexibilit\u00e4t<\/td><td>Hoch \u2013 jeder Gradrand kann sein <br>unabh\u00e4ngig eingestellt<\/td><td>Mittlere \u2013 erfordert den Wechsel oder <br>Anpassung der Trommelflanken<\/td><\/tr><tr><td>Sortiergenauigkeit<\/td><td>Hoch, mit ausgezeichneter Gr\u00f6\u00dfenkonstanz<\/td><td>Stabil und geeignet f\u00fcr standardisierte <br>Sortierung<\/td><\/tr><tr><td>Verarbeitungsleistung<\/td><td>300\u2013400 kg\/h<\/td><td>400\u2013500 kg\/h<\/td><\/tr><tr><td>Geeignete Produktionsgr\u00f6\u00dfe<\/td><td>Kleine bis mittlere Verarbeitung <br>Anlagen<\/td><td>Mittlere bis gro\u00dfe Verarbeitung <br>Anlagen<\/td><\/tr><tr><td>Kernbruchrate<\/td><td>Niedrig, sanfter Sortierprozess<\/td><td>Niedrig, f\u00fcr Hochvolumen ausgelegt <br>Verarbeitung<\/td><\/tr><tr><td>Betrieb &amp; Wartung<\/td><td>Einfache Struktur, leichte Einstellung <br>und Wartung<\/td><td>Robuste Struktur, einfache und niedrige<br>Wartungsbetrieb<\/td><\/tr><tr><td>Empfohlene Nutzer<\/td><td>Kunden, die auf Sortierung fokussieren <br>Pr\u00e4zision und Flexibilit\u00e4t<\/td><td>Kunden, die auf hohe Ausbeute und <br>Effizienz<\/td><\/tr><\/tbody><\/table><figcaption class=\"wp-element-caption\">Vergleich zweier Arten von Cashew-Nuss-Qualit\u00e4tspr\u00fcfmaschinen<\/figcaption><\/figure>    <h2 class=\"wp-block-heading\">Empfehlungen zur Auswahl von Cashew-Qualit\u00e4tspr\u00fcfern<\/h2>    <ul class=\"wp-block-list\"> <li>Wenn Sie auf Sortierpr\u00e4zision und flexible Gr\u00f6\u00dfenanpassung Wert legen, sind Mehr-Roller-Cashew-Qualit\u00e4tspr\u00fcfmaschinen besser geeignet, insbesondere f\u00fcr Fein-Sortierszenarien mit strengen Endproduktanforderungen.<\/li>    <li>Wenn Sie auf Durchsatz, kontinuierlichen Betrieb und Gesamteffizienz Wert legen, ist die Trommel-Qualit\u00e4tspr\u00fcfmaschine f\u00fcr Cashew besser f\u00fcr mittelgro\u00dfe bis gro\u00dfe Cashew-Verarbeitungsanlagen geeignet.<\/li> <\/ul>    <p>Beide Modelle k\u00f6nnen entsprechend Ihren Cashew-Spezifikationen und Sortierstandards angepasst werden. Wir empfehlen, Ihre Zielgr\u00f6\u00dfen und Tagesleistung vor der Auswahl klar zu definieren, um optimale Sortierergebnisse zu erzielen.<\/p>    <p class=\"translation-block\">In addition to these two types of cashew nut grading machines, we also offer screening equipment suitable for other nuts, such as <strong><em><a href=\"https:\/\/www.peanuts-machine.com\/de\/product\/peanut-grading-machine\/\">peanut grading and screening machines<\/a><\/em><\/strong>. If you&#8217;re interested, please feel free to contact us.<\/p>","protected":false},"excerpt":{"rendered":"<p>Die Cashew-Nusssortiermaschine kann Cashewkerne in 3\u20134 Gr\u00f6\u00dfenklassen in einem Durchgang sortieren. Wir bieten sowohl Mehrwalzen- als auch Trommelmodelle an, die die Sortiergenauigkeit mit der Produktionseffizienz ausbalancieren.<\/p>","protected":false},"author":1,"featured_media":1033,"parent":0,"template":"","tags":[57],"product-type":[48,46],"class_list":["post-1022","product","type-product","status-publish","has-post-thumbnail","hentry","tag-cashew","product-type-peanut-grading-machine","product-type-products"],"_links":{"self":[{"href":"https:\/\/www.peanuts-machine.com\/de\/wp-json\/wp\/v2\/product\/1022","targetHints":{"allow":["GET"]}}],"collection":[{"href":"https:\/\/www.peanuts-machine.com\/de\/wp-json\/wp\/v2\/product"}],"about":[{"href":"https:\/\/www.peanuts-machine.com\/de\/wp-json\/wp\/v2\/types\/product"}],"author":[{"embeddable":true,"href":"https:\/\/www.peanuts-machine.com\/de\/wp-json\/wp\/v2\/users\/1"}],"wp:featuredmedia":[{"embeddable":true,"href":"https:\/\/www.peanuts-machine.com\/de\/wp-json\/wp\/v2\/media\/1033"}],"wp:attachment":[{"href":"https:\/\/www.peanuts-machine.com\/de\/wp-json\/wp\/v2\/media?parent=1022"}],"wp:term":[{"taxonomy":"post_tag","embeddable":true,"href":"https:\/\/www.peanuts-machine.com\/de\/wp-json\/wp\/v2\/tags?post=1022"},{"taxonomy":"product-type","embeddable":true,"href":"https:\/\/www.peanuts-machine.com\/de\/wp-json\/wp\/v2\/product-type?post=1022"}],"curies":[{"name":"wp","href":"https:\/\/api.w.org\/{rel}","templated":true}]}}