{"id":1043,"date":"2026-01-16T17:49:47","date_gmt":"2026-01-16T09:49:47","guid":{"rendered":"https:\/\/www.peanuts-machine.com\/?post_type=product&#038;p=1043"},"modified":"2026-01-16T17:49:48","modified_gmt":"2026-01-16T09:49:48","slug":"almond-slicer","status":"publish","type":"product","link":"https:\/\/www.peanuts-machine.com\/de\/product\/almond-slicer\/","title":{"rendered":"Automatischer Mandel-Slicer | Nasse Erdnuss-Schneidemaschine"},"content":{"rendered":"<div class=\"kk-star-ratings kksr-auto kksr-align-left kksr-valign-top\"     data-payload='{&quot;align&quot;:&quot;left&quot;,&quot;id&quot;:&quot;1043&quot;,&quot;slug&quot;:&quot;default&quot;,&quot;valign&quot;:&quot;top&quot;,&quot;ignore&quot;:&quot;&quot;,&quot;reference&quot;:&quot;auto&quot;,&quot;class&quot;:&quot;&quot;,&quot;count&quot;:&quot;10&quot;,&quot;legendonly&quot;:&quot;&quot;,&quot;readonly&quot;:&quot;&quot;,&quot;score&quot;:&quot;4.8&quot;,&quot;starsonly&quot;:&quot;&quot;,&quot;best&quot;:&quot;5&quot;,&quot;gap&quot;:&quot;5&quot;,&quot;greet&quot;:&quot;Rate this product&quot;,&quot;legend&quot;:&quot;4.8\\\/5 - (10 votes)&quot;,&quot;size&quot;:&quot;24&quot;,&quot;title&quot;:&quot;Automatic Almond Slicer | Wet Peanut Slicing Machine&quot;,&quot;width&quot;:&quot;136.7&quot;,&quot;_legend&quot;:&quot;{score}\\\/{best} - ({count} {votes})&quot;,&quot;font_factor&quot;:&quot;1.25&quot;}'>              <div class=\"kksr-stars\">      <div class=\"kksr-stars-inactive\">             <div class=\"kksr-star\" data-star=\"1\" style=\"padding-right: 5px\">               <div class=\"kksr-icon\" style=\"width: 24px; height: 24px;\"><\/div>         <\/div>             <div class=\"kksr-star\" data-star=\"2\" style=\"padding-right: 5px\">               <div class=\"kksr-icon\" style=\"width: 24px; height: 24px;\"><\/div>         <\/div>             <div class=\"kksr-star\" data-star=\"3\" style=\"padding-right: 5px\">               <div class=\"kksr-icon\" style=\"width: 24px; height: 24px;\"><\/div>         <\/div>             <div class=\"kksr-star\" data-star=\"4\" style=\"padding-right: 5px\">               <div class=\"kksr-icon\" style=\"width: 24px; height: 24px;\"><\/div>         <\/div>             <div class=\"kksr-star\" data-star=\"5\" style=\"padding-right: 5px\">               <div class=\"kksr-icon\" style=\"width: 24px; height: 24px;\"><\/div>         <\/div>     <\/div>      <div class=\"kksr-stars-active\" style=\"width: 136.7px;\">             <div class=\"kksr-star\" style=\"padding-right: 5px\">               <div class=\"kksr-icon\" style=\"width: 24px; height: 24px;\"><\/div>         <\/div>             <div class=\"kksr-star\" style=\"padding-right: 5px\">               <div class=\"kksr-icon\" style=\"width: 24px; height: 24px;\"><\/div>         <\/div>             <div class=\"kksr-star\" style=\"padding-right: 5px\">               <div class=\"kksr-icon\" style=\"width: 24px; height: 24px;\"><\/div>         <\/div>             <div class=\"kksr-star\" style=\"padding-right: 5px\">               <div class=\"kksr-icon\" style=\"width: 24px; height: 24px;\"><\/div>         <\/div>             <div class=\"kksr-star\" style=\"padding-right: 5px\">               <div class=\"kksr-icon\" style=\"width: 24px; height: 24px;\"><\/div>         <\/div>     <\/div> <\/div>                   <div class=\"kksr-legend\" style=\"font-size: 19.2px;\">             4,8\/5 - (10 Bewertungen)    <\/div>     <\/div>  <p>Die Mandel-Scheibmaschine eignet sich zum Schneiden verschiedener N\u00fcsse wie Erdn\u00fcsse, Mandeln, Haseln\u00fcsse und Waln\u00fcsse. Dieses flexible Ger\u00e4t erm\u00f6glicht eine einstellbare Schnittst\u00e4rke und erreicht eine hohe Leistung von 200\u2013300 kg\/h. Es ist ideal f\u00fcr Lebensmittelverarbeitungsbetriebe, Backfabriken und Nussverarbeitungsanlagen.<\/p>    <p>Geschnittene N\u00fcsse k\u00f6nnen direkt als Oberfl\u00e4chenverzierung f\u00fcr Kekse, Kuchen, Eiscreme und andere Lebensmittel verwendet werden. Sie k\u00f6nnen auch weiterverarbeitet werden zu Erdnuss-Krokant, Mandel-Krokant oder Mondkuchenf\u00fcllungen, mit flexiblen Anpassungen je nach Produktionsanforderungen.<\/p>    <figure class=\"wp-block-embed aligncenter is-type-video is-provider-youtube wp-block-embed-youtube wp-embed-aspect-16-9 wp-has-aspect-ratio\"><div class=\"wp-block-embed__wrapper\"> <iframe loading=\"lazy\" title=\"High-Efficiency Almond Slicing Machine | Precise &amp; Uniform Slices#almond #slicer\" width=\"500\" height=\"281\" src=\"https:\/\/www.youtube.com\/embed\/85zmWdIMCI0?feature=oembed\" frameborder=\"0\" allow=\"accelerometer; autoplay; clipboard-write; encrypted-media; gyroscope; picture-in-picture; web-share\" referrerpolicy=\"strict-origin-when-cross-origin\" allowfullscreen><\/iframe> <\/div><figcaption class=\"wp-element-caption\">Arbeitsvideo der automatischen Mandel-Nuss-Schneidemaschine<\/figcaption><\/figure>    <h2 class=\"wp-block-heading\">Anwendungen der kommerziellen Nuss-Scheidemaschine<\/h2>    <ul class=\"wp-block-list\"> <li>Backfabriken und Kuchenl\u00e4den verwenden geschnittene N\u00fcsse, um Kuchen, Kekse und Desserts zu dekorieren.<\/li>    <li>S\u00fc\u00dfwarenfabriken und Snackverarbeitungsunternehmen verwenden geschnittene N\u00fcsse, um Erdnuss-Krokant, Mandel-Krokant oder Mondkuchenf\u00fcllungen herzustellen.<\/li>    <li>Nussverarbeitungsbetriebe verwenden geschnittene N\u00fcsse f\u00fcr Verpackungen oder die Verarbeitung von Mischnussprodukten.<\/li>    <li>Eisdielen und Dessertl\u00e4den verwenden geschnittene N\u00fcsse, um sie auf Eiscreme oder Desserts zu streuen.<\/li>    <li>Haushalte und kleine Handwerksbetriebe verwenden geschnittene N\u00fcsse f\u00fcr hausgemachte Nuss-Snacks und Snackverarbeitung.<\/li> <\/ul>    <figure class=\"wp-block-gallery has-nested-images columns-default is-cropped wp-block-gallery-2 is-layout-flex wp-block-gallery-is-layout-flex\"> <figure class=\"wp-block-image size-large\"><img loading=\"lazy\" decoding=\"async\" width=\"720\" height=\"540\" data-id=\"1054\" src=\"https:\/\/www.peanuts-machine.com\/wp-content\/uploads\/2026\/01\/sliced-\u200b\u200balmonds.webp\" alt=\"geschnittene Mandeln\" class=\"wp-image-1054\" title=\"\" srcset=\"https:\/\/www.peanuts-machine.com\/wp-content\/uploads\/2026\/01\/sliced-\u200b\u200balmonds.webp 720w, https:\/\/www.peanuts-machine.com\/wp-content\/uploads\/2026\/01\/sliced-\u200b\u200balmonds-300x225.webp 300w, https:\/\/www.peanuts-machine.com\/wp-content\/uploads\/2026\/01\/sliced-\u200b\u200balmonds-16x12.webp 16w\" sizes=\"auto, (max-width: 720px) 100vw, 720px\" \/><figcaption class=\"wp-element-caption\">geschnittene Mandeln<\/figcaption><\/figure>    <figure class=\"wp-block-image size-large\"><img loading=\"lazy\" decoding=\"async\" width=\"720\" height=\"540\" data-id=\"1053\" src=\"https:\/\/www.peanuts-machine.com\/wp-content\/uploads\/2026\/01\/almond-pastries.webp\" alt=\"Mandelgeb\u00e4ck\" class=\"wp-image-1053\" title=\"\" srcset=\"https:\/\/www.peanuts-machine.com\/wp-content\/uploads\/2026\/01\/almond-pastries.webp 720w, https:\/\/www.peanuts-machine.com\/wp-content\/uploads\/2026\/01\/almond-pastries-300x225.webp 300w, https:\/\/www.peanuts-machine.com\/wp-content\/uploads\/2026\/01\/almond-pastries-16x12.webp 16w\" sizes=\"auto, (max-width: 720px) 100vw, 720px\" \/><figcaption class=\"wp-element-caption\">Mandelgeb\u00e4ck<\/figcaption><\/figure> <\/figure>    <h2 class=\"wp-block-heading\">Technische Daten der Mandel-Scheibmaschine<\/h2>    <figure class=\"wp-block-table is-style-stripes\"><table class=\"has-fixed-layout\"><tbody><tr><td><strong>Parameter<\/strong><\/td><td><strong>H-2 Mandel-Scheibmaschine<\/strong><\/td><\/tr><tr><td>Abmessungen<\/td><td>650 \u00d7 600 \u00d7 1100 mm<\/td><\/tr><tr><td>Stromspannung<\/td><td>220\/380V<\/td><\/tr><tr><td>Leistung<\/td><td>2,2 KW<\/td><\/tr><tr><td>Motor-Drehungsrichtung<\/td><td>Gegen den Uhrzeigersinn<\/td><\/tr><tr><td>Messerdrehzahl<\/td><td>0\u2013600 U\/min<\/td><\/tr><tr><td>Schnittst\u00e4rke<\/td><td>0,05\u20131,2 mm<\/td><\/tr><tr><td>Kapazit\u00e4t<\/td><td>200\u2013300 kg\/h<\/td><\/tr><tr><td>Gewicht<\/td><td>170 kg<\/td><\/tr><tr><td>Geeignete Materialien<\/td><td>Mandeln, Erdn\u00fcsse, Haseln\u00fcsse, Waln\u00fcsse und andere N\u00fcsse<\/td><\/tr><\/tbody><\/table><figcaption class=\"wp-element-caption\">Technische Daten der automatischen Mandel-Scheibmaschine<\/figcaption><\/figure>    <h2 class=\"wp-block-heading\">Vorteile der kommerziellen Nuss-Scheidemaschine<\/h2>    <ul class=\"wp-block-list\"> <li>Hoch effizient und zeitsparend: Manuelles Schneiden ist zeitaufwendig und ungleichm\u00e4\u00dfig, w\u00e4hrend die Mandelscheibmaschine gro\u00dfe Mengen in Minuten schnell verarbeitet. Ihre scharfen Messer bieten eine deutlich bessere Effizienz im Vergleich zu manuellen Methoden.<\/li>    <li>Konsistentes und gleichm\u00e4\u00dfiges Schneiden: Die Maschine verf\u00fcgt \u00fcber einstellbare Messereinstellungen, die sicherstellen, dass jede Mandel- oder Nussscheibe gleich gro\u00df ist. Dies verbessert die Pr\u00e4sentationsqualit\u00e4t und die Verarbeitungssicherheit.<\/li>    <li>Vielseitig: Neben Mandeln schneidet sie auch Erdn\u00fcsse, Haseln\u00fcsse, Waln\u00fcsse und andere N\u00fcsse, sogar bestimmte Fr\u00fcchte wie Erdbeeren, um vielf\u00e4ltige Lebensmittelverarbeitungsbed\u00fcrfnisse zu erf\u00fcllen.<\/li>    <li>Kosteng\u00fcnstig und langlebig: Eine einmalige Investition f\u00fcr langfristigen Gebrauch, selbstgemachte geschnittene N\u00fcsse kosten weniger als vorgefertigte Produkte. Messer und Tabletts sind leicht zu entfernen und zu reinigen, was die Wartung erleichtert.<\/li>    <li>Umweltfreundlich und energieeffizient: Kompaktes Design, geringer Stromverbrauch und staubfreier Betrieb machen sie geeignet f\u00fcr Verarbeitungsumgebungen mit strengen Lebensmittel- und Hygienestandards.<\/li> <\/ul>    <figure class=\"wp-block-gallery has-nested-images columns-default is-cropped wp-block-gallery-3 is-layout-flex wp-block-gallery-is-layout-flex\"> <figure class=\"wp-block-image size-large\"><img loading=\"lazy\" decoding=\"async\" width=\"540\" height=\"720\" data-id=\"1049\" src=\"https:\/\/www.peanuts-machine.com\/wp-content\/uploads\/2026\/01\/almond-slicer-machine.webp\" alt=\"Mandelscheibmaschine\" class=\"wp-image-1049\" title=\"\" srcset=\"https:\/\/www.peanuts-machine.com\/wp-content\/uploads\/2026\/01\/almond-slicer-machine.webp 540w, https:\/\/www.peanuts-machine.com\/wp-content\/uploads\/2026\/01\/almond-slicer-machine-225x300.webp 225w, https:\/\/www.peanuts-machine.com\/wp-content\/uploads\/2026\/01\/almond-slicer-machine-9x12.webp 9w\" sizes=\"auto, (max-width: 540px) 100vw, 540px\" \/><figcaption class=\"wp-element-caption\">Mandelscheibmaschine<\/figcaption><\/figure>    <figure class=\"wp-block-image size-large\"><img loading=\"lazy\" decoding=\"async\" width=\"540\" height=\"720\" data-id=\"1050\" src=\"https:\/\/www.peanuts-machine.com\/wp-content\/uploads\/2026\/01\/wet-peanut-slicing-machine.webp\" alt=\"Nass-Erdnuss-Schneidemaschine\" class=\"wp-image-1050\" title=\"\" srcset=\"https:\/\/www.peanuts-machine.com\/wp-content\/uploads\/2026\/01\/wet-peanut-slicing-machine.webp 540w, https:\/\/www.peanuts-machine.com\/wp-content\/uploads\/2026\/01\/wet-peanut-slicing-machine-225x300.webp 225w, https:\/\/www.peanuts-machine.com\/wp-content\/uploads\/2026\/01\/wet-peanut-slicing-machine-9x12.webp 9w\" sizes=\"auto, (max-width: 540px) 100vw, 540px\" \/><figcaption class=\"wp-element-caption\">Nass-Erdnuss-Schneidemaschine<\/figcaption><\/figure> <\/figure>    <h2 class=\"wp-block-heading\">Funktionsprinzip der Mandel-Scheibmaschine<\/h2>    <p>Die Mandel-Scheibmaschine besteht haupts\u00e4chlich aus einem pneumatischen Zuf\u00fchrmechanismus und einer Schneideeinheit.<\/p>    <ol class=\"wp-block-list\"> <li>W\u00e4hrend des Betriebs werden die N\u00fcsse zuerst in den Trichter gelegt und dann gleichm\u00e4\u00dfig vom pneumatischen System in die Schneidezone der Messerscheibe bef\u00f6rdert.<\/li>    <li>Die Messer rotieren mit hoher Geschwindigkeit, um die N\u00fcsse zu schneiden, wobei die Dicke je nach Bedarf einstellbar ist.<\/li>    <li>Der Motor verwendet eine Frequenzumrichtersteuerung, die eine flexible Anpassung der Schneideleistung erm\u00f6glicht.<\/li>    <li>Der pneumatische Spannmechanismus sorgt w\u00e4hrend des Schneidens f\u00fcr gleichm\u00e4\u00dfigen Druck auf die N\u00fcsse und erzielt saubere und einheitliche Ergebnisse.<\/li> <\/ol>    <p class=\"translation-block\"><strong>Betriebshinweise:<\/strong><\/p>    <ul class=\"wp-block-list\"> <li>Rohstoffe sollten nicht zu trocken sein. Bei zu trockenen Rohstoffen diese vorher einweichen und an der Luft trocknen, um spr\u00f6de Scheiben zu vermeiden.<\/li>    <li>Zu viel Feuchtigkeit kann Materialansammlungen auf der Messerscheibe oder am Ablageort verursachen.<\/li>    <li>Entferne Verunreinigungen wie Sand oder Steine vor dem Schneiden, um die Messer nicht zu besch\u00e4digen.<\/li> <\/ul>    <figure class=\"wp-block-gallery has-nested-images columns-default is-cropped wp-block-gallery-4 is-layout-flex wp-block-gallery-is-layout-flex\"> <figure class=\"wp-block-image size-large\"><img loading=\"lazy\" decoding=\"async\" width=\"720\" height=\"540\" data-id=\"1047\" src=\"https:\/\/www.peanuts-machine.com\/wp-content\/uploads\/2026\/01\/almond-slicing-machine.webp\" alt=\"Mandelscheibmaschine\" class=\"wp-image-1047\" title=\"\" srcset=\"https:\/\/www.peanuts-machine.com\/wp-content\/uploads\/2026\/01\/almond-slicing-machine.webp 720w, https:\/\/www.peanuts-machine.com\/wp-content\/uploads\/2026\/01\/almond-slicing-machine-300x225.webp 300w, https:\/\/www.peanuts-machine.com\/wp-content\/uploads\/2026\/01\/almond-slicing-machine-16x12.webp 16w\" sizes=\"auto, (max-width: 720px) 100vw, 720px\" \/><figcaption class=\"wp-element-caption\">Mandelscheibmaschine<\/figcaption><\/figure>    <figure class=\"wp-block-image size-large\"><img loading=\"lazy\" decoding=\"async\" width=\"720\" height=\"540\" data-id=\"1048\" src=\"https:\/\/www.peanuts-machine.com\/wp-content\/uploads\/2026\/01\/nut-slicer-cutters.webp\" alt=\"Nuss-Schneidemesser\" class=\"wp-image-1048\" title=\"\" srcset=\"https:\/\/www.peanuts-machine.com\/wp-content\/uploads\/2026\/01\/nut-slicer-cutters.webp 720w, https:\/\/www.peanuts-machine.com\/wp-content\/uploads\/2026\/01\/nut-slicer-cutters-300x225.webp 300w, https:\/\/www.peanuts-machine.com\/wp-content\/uploads\/2026\/01\/nut-slicer-cutters-16x12.webp 16w\" sizes=\"auto, (max-width: 720px) 100vw, 720px\" \/><figcaption class=\"wp-element-caption\">Nuss-Schneidemesser<\/figcaption><\/figure> <\/figure>    <p class=\"translation-block\">Zus\u00e4tzlich ist diese Maschine sehr gut geeignet f\u00fcr Erdnusskerne, die durch eine <strong><em><a href=\"https:\/\/www.peanuts-machine.com\/de\/product\/wet-groundnut-peeling-machine\/\">Nass-Erdnuss-Pelzmachine<\/a><\/em><\/strong> verarbeitet wurden. Diese beiden Maschinen k\u00f6nnen in Kombination verwendet werden.<\/p>    <h2 class=\"wp-block-heading\">FAQ<\/h2>   <div id=\"rank-math-faq\" class=\"rank-math-block\"> <div class=\"rank-math-list\"> <div id=\"faq-question-1768548166365\" class=\"rank-math-list-item\"> <h3 class=\"rank-math-question\">F\u00fcr welche N\u00fcsse ist diese Mandel-Scheibmaschine geeignet?<\/h3> <div class=\"rank-math-answer\">  <p>Sie kann Mandeln, Erdn\u00fcsse, Haseln\u00fcsse, Waln\u00fcsse und andere N\u00fcsse schneiden und ist auch f\u00fcr bestimmte Fr\u00fcchte wie Erdbeeren geeignet.<\/p>  <\/div> <\/div> <div id=\"faq-question-1768548202756\" class=\"rank-math-list-item\"> <h3 class=\"rank-math-question\">Ist die Schnittst\u00e4rke einstellbar?<\/h3> <div class=\"rank-math-answer\">  <p>Ja, die Schnittst\u00e4rke ist von 0,05\u20131,2 mm einstellbar, um einheitliche und konsistente Scheiben zu gew\u00e4hrleisten.<\/p>  <\/div> <\/div> <div id=\"faq-question-1768548218325\" class=\"rank-math-list-item\"> <h3 class=\"rank-math-question\">Was ist bei den Rohstoffen zu beachten?<\/h3> <div class=\"rank-math-answer\">  <p>N\u00fcsse sollten nicht zu trocken oder zu feucht sein; bei Bedarf einweichen und an der Luft trocknen lassen. Entferne Verunreinigungen wie Sand oder Steine vor dem Schneiden.<\/p>  <\/div> <\/div> <div id=\"faq-question-1768548233602\" class=\"rank-math-list-item\"> <h3 class=\"rank-math-question\">Ist die Maschine schwer zu bedienen? Erfordert sie spezielles Personal?<\/h3> <div class=\"rank-math-answer\">  <p>Der Betrieb ist einfach und kann von einem einzelnen Bediener durchgef\u00fchrt werden. Das Messerscheiben- und Tablett-Design ist leicht zu zerlegen und zu reinigen, was die routinem\u00e4\u00dfige Wartung erleichtert.<\/p>  <\/div> <\/div> <div id=\"faq-question-1768548255127\" class=\"rank-math-list-item\"> <h3 class=\"rank-math-question\">Ist die Maschine langlebig? Ist die Wartung kompliziert?<\/h3> <div class=\"rank-math-answer\">  <p>Die Messer und Hauptkomponenten sind langlebig. T\u00e4gliche Reinigung und einfache Wartung gew\u00e4hrleisten einen langfristig stabilen Betrieb.<\/p>  <\/div> <\/div> <\/div> <\/div>","protected":false},"excerpt":{"rendered":"<p>Mandel<\/p>","protected":false},"author":1,"featured_media":1052,"parent":0,"template":"","tags":[58,56,36],"product-type":[55,46],"class_list":["post-1043","product","type-product","status-publish","has-post-thumbnail","hentry","tag-almond","tag-nut","tag-peanut","product-type-peanut-cutting-machine","product-type-products"],"_links":{"self":[{"href":"https:\/\/www.peanuts-machine.com\/de\/wp-json\/wp\/v2\/product\/1043","targetHints":{"allow":["GET"]}}],"collection":[{"href":"https:\/\/www.peanuts-machine.com\/de\/wp-json\/wp\/v2\/product"}],"about":[{"href":"https:\/\/www.peanuts-machine.com\/de\/wp-json\/wp\/v2\/types\/product"}],"author":[{"embeddable":true,"href":"https:\/\/www.peanuts-machine.com\/de\/wp-json\/wp\/v2\/users\/1"}],"wp:featuredmedia":[{"embeddable":true,"href":"https:\/\/www.peanuts-machine.com\/de\/wp-json\/wp\/v2\/media\/1052"}],"wp:attachment":[{"href":"https:\/\/www.peanuts-machine.com\/de\/wp-json\/wp\/v2\/media?parent=1043"}],"wp:term":[{"taxonomy":"post_tag","embeddable":true,"href":"https:\/\/www.peanuts-machine.com\/de\/wp-json\/wp\/v2\/tags?post=1043"},{"taxonomy":"product-type","embeddable":true,"href":"https:\/\/www.peanuts-machine.com\/de\/wp-json\/wp\/v2\/product-type?post=1043"}],"curies":[{"name":"wp","href":"https:\/\/api.w.org\/{rel}","templated":true}]}}