{"id":1069,"date":"2026-01-19T14:59:01","date_gmt":"2026-01-19T06:59:01","guid":{"rendered":"https:\/\/www.peanuts-machine.com\/?post_type=product&#038;p=1069"},"modified":"2026-01-19T14:59:01","modified_gmt":"2026-01-19T06:59:01","slug":"peanut-powder-milling-machine","status":"publish","type":"product","link":"https:\/\/www.peanuts-machine.com\/de\/product\/peanut-powder-milling-machine\/","title":{"rendered":"Erdnussmehlm\u00fchle | Nussmehl-Backmaschine"},"content":{"rendered":"<div class=\"kk-star-ratings kksr-auto kksr-align-left kksr-valign-top\"     data-payload='{&quot;align&quot;:&quot;left&quot;,&quot;id&quot;:&quot;1069&quot;,&quot;slug&quot;:&quot;default&quot;,&quot;valign&quot;:&quot;top&quot;,&quot;ignore&quot;:&quot;&quot;,&quot;reference&quot;:&quot;auto&quot;,&quot;class&quot;:&quot;&quot;,&quot;count&quot;:&quot;19&quot;,&quot;legendonly&quot;:&quot;&quot;,&quot;readonly&quot;:&quot;&quot;,&quot;score&quot;:&quot;4.7&quot;,&quot;starsonly&quot;:&quot;&quot;,&quot;best&quot;:&quot;5&quot;,&quot;gap&quot;:&quot;5&quot;,&quot;greet&quot;:&quot;Rate this product&quot;,&quot;legend&quot;:&quot;4.7\\\/5 - (19 votes)&quot;,&quot;size&quot;:&quot;24&quot;,&quot;title&quot;:&quot;Peanut Powder Milling Machine | Nut Flour Grinder Machine&quot;,&quot;width&quot;:&quot;133.8&quot;,&quot;_legend&quot;:&quot;{score}\\\/{best} - ({count} {votes})&quot;,&quot;font_factor&quot;:&quot;1.25&quot;}'>              <div class=\"kksr-stars\">      <div class=\"kksr-stars-inactive\">             <div class=\"kksr-star\" data-star=\"1\" style=\"padding-right: 5px\">               <div class=\"kksr-icon\" style=\"width: 24px; height: 24px;\"><\/div>         <\/div>             <div class=\"kksr-star\" data-star=\"2\" style=\"padding-right: 5px\">               <div class=\"kksr-icon\" style=\"width: 24px; height: 24px;\"><\/div>         <\/div>             <div class=\"kksr-star\" data-star=\"3\" style=\"padding-right: 5px\">               <div class=\"kksr-icon\" style=\"width: 24px; height: 24px;\"><\/div>         <\/div>             <div class=\"kksr-star\" data-star=\"4\" style=\"padding-right: 5px\">               <div class=\"kksr-icon\" style=\"width: 24px; height: 24px;\"><\/div>         <\/div>             <div class=\"kksr-star\" data-star=\"5\" style=\"padding-right: 5px\">               <div class=\"kksr-icon\" style=\"width: 24px; height: 24px;\"><\/div>         <\/div>     <\/div>      <div class=\"kksr-stars-active\" style=\"width: 133.8px;\">             <div class=\"kksr-star\" style=\"padding-right: 5px\">               <div class=\"kksr-icon\" style=\"width: 24px; height: 24px;\"><\/div>         <\/div>             <div class=\"kksr-star\" style=\"padding-right: 5px\">               <div class=\"kksr-icon\" style=\"width: 24px; height: 24px;\"><\/div>         <\/div>             <div class=\"kksr-star\" style=\"padding-right: 5px\">               <div class=\"kksr-icon\" style=\"width: 24px; height: 24px;\"><\/div>         <\/div>             <div class=\"kksr-star\" style=\"padding-right: 5px\">               <div class=\"kksr-icon\" style=\"width: 24px; height: 24px;\"><\/div>         <\/div>             <div class=\"kksr-star\" style=\"padding-right: 5px\">               <div class=\"kksr-icon\" style=\"width: 24px; height: 24px;\"><\/div>         <\/div>     <\/div> <\/div>                   <div class=\"kksr-legend\" style=\"font-size: 19.2px;\">             4,7\/5 - (19 Bewertungen)    <\/div>     <\/div>  <p>Die Erdnusspulverm\u00fchle ist ein hocheffizientes Ger\u00e4t, das speziell f\u00fcr das Mahlen und Verarbeiten von Erdn\u00fcssen und anderen \u00d6lsaaten entwickelt wurde. Dieses Ger\u00e4t ist einfach zu bedienen und f\u00fchrt den Zerkleinerungsprozess in einem Durchgang durch, ohne fettige R\u00fcckst\u00e4nde zu produzieren. Mit einer Produktionskapazit\u00e4t von 200-600 kg\/h eignet es sich f\u00fcr gewerbliche und industrielle Produktion.<\/p>    <p>Das Ger\u00e4t ist korrosionsbest\u00e4ndig und langlebig, gew\u00e4hrleistet Hygiene und Sicherheit. Es verarbeitet verschiedene Rohstoffe, einschlie\u00dflich Erdn\u00fcsse, Sesamsamen, Mandeln, Waln\u00fcsse, Kaffeebohnen und Kakaobohnen. Durch mehrstufiges Schneiden und Walzenm\u00fchlen-Design kann es Materialien zu feinem Pulver oder groben Partikeln verarbeiten, um unterschiedlichen Produktionsanforderungen gerecht zu werden.<\/p>    <figure class=\"wp-block-embed aligncenter is-type-video is-provider-youtube wp-block-embed-youtube wp-embed-aspect-16-9 wp-has-aspect-ratio\"><div class=\"wp-block-embed__wrapper\"> <iframe loading=\"lazy\" title=\"Peanut &amp; Nut Milling Machine | Fast and Uniform Nut Powder Processing#nutmachine #peanut\" width=\"500\" height=\"281\" src=\"https:\/\/www.youtube.com\/embed\/vIoXX090j0M?feature=oembed\" frameborder=\"0\" allow=\"accelerometer; autoplay; clipboard-write; encrypted-media; gyroscope; picture-in-picture; web-share\" referrerpolicy=\"strict-origin-when-cross-origin\" allowfullscreen><\/iframe> <\/div><figcaption class=\"wp-element-caption\">Arbeitsvideo der Erdnussmehlm\u00fchle<\/figcaption><\/figure>    <h2 class=\"wp-block-heading\">Spezifikationen der Erdnussmehlm\u00fchle<\/h2>    <figure class=\"wp-block-table is-style-stripes\"><table class=\"has-fixed-layout\"><tbody><tr><td><strong>Parameter<\/strong><\/td><td><strong>Erdnussm\u00fchle<\/strong><\/td><\/tr><tr><td>Leistung<\/td><td>3 KW<\/td><\/tr><tr><td>Kapazit\u00e4t<\/td><td>200-600 kg\/h<\/td><\/tr><tr><td>Abmessungen<\/td><td>1200 x 1050 x 1400 (1700) mm<\/td><\/tr><tr><td>Stromspannung<\/td><td>380 V<\/td><\/tr><tr><td>Frequenz<\/td><td>50 Hz<\/td><\/tr><tr><td>Material<\/td><td>Edelstahl 304<\/td><\/tr><tr><td>Verstellbare Feinheit<\/td><td>10-80 Mesh (Pulver), 3-6 mm (Granulate)<\/td><\/tr><tr><td>Anwendbare Materialien<\/td><td>Erdn\u00fcsse, Sesam, Mandeln, Waln\u00fcsse, Sojabohnen, Kaffee, Kakaobohnen<\/td><\/tr><\/tbody><\/table><figcaption class=\"wp-element-caption\">Technische Parameter der Erdnussmehlm\u00fchle<\/figcaption><\/figure>    <figure class=\"wp-block-gallery has-nested-images columns-default is-cropped wp-block-gallery-2 is-layout-flex wp-block-gallery-is-layout-flex\"> <figure class=\"wp-block-image size-large\"><img loading=\"lazy\" decoding=\"async\" width=\"720\" height=\"540\" data-id=\"1073\" src=\"https:\/\/www.peanuts-machine.com\/wp-content\/uploads\/2026\/01\/high-output-peanut-grinder.webp\" alt=\"Hochleistungs-Erdnussm\u00fchle\" class=\"wp-image-1073\" title=\"\" srcset=\"https:\/\/www.peanuts-machine.com\/wp-content\/uploads\/2026\/01\/high-output-peanut-grinder.webp 720w, https:\/\/www.peanuts-machine.com\/wp-content\/uploads\/2026\/01\/high-output-peanut-grinder-300x225.webp 300w, https:\/\/www.peanuts-machine.com\/wp-content\/uploads\/2026\/01\/high-output-peanut-grinder-16x12.webp 16w\" sizes=\"auto, (max-width: 720px) 100vw, 720px\" \/><figcaption class=\"wp-element-caption\">Hochleistungs-Erdnussm\u00fchle<\/figcaption><\/figure>    <figure class=\"wp-block-image size-large\"><img loading=\"lazy\" decoding=\"async\" width=\"720\" height=\"540\" data-id=\"1074\" src=\"https:\/\/www.peanuts-machine.com\/wp-content\/uploads\/2026\/01\/peanut-powder-grinder.webp\" alt=\"Erdnussmehlm\u00fchle\" class=\"wp-image-1074\" title=\"\" srcset=\"https:\/\/www.peanuts-machine.com\/wp-content\/uploads\/2026\/01\/peanut-powder-grinder.webp 720w, https:\/\/www.peanuts-machine.com\/wp-content\/uploads\/2026\/01\/peanut-powder-grinder-300x225.webp 300w, https:\/\/www.peanuts-machine.com\/wp-content\/uploads\/2026\/01\/peanut-powder-grinder-16x12.webp 16w\" sizes=\"auto, (max-width: 720px) 100vw, 720px\" \/><figcaption class=\"wp-element-caption\">Erdnussmehlm\u00fchle<\/figcaption><\/figure> <\/figure>    <h2 class=\"wp-block-heading\">Anwendungen der Erdnusspulverm\u00fchle<\/h2>    <p>Die Erdnussmehlm\u00fchle eignet sich zum Mahlen verschiedener \u00d6lsaaten und K\u00f6rner und kann verwendet werden f\u00fcr:<\/p>    <ul class=\"wp-block-list\"> <li>Mahlt Erdn\u00fcsse, Sesamsamen, Mandeln, Waln\u00fcsse, Sojabohnen und andere N\u00fcsse sowie \u00d6lsaaten zu Pulver oder Granulat.<\/li>    <li>Herstellung von Erdnussmehl, Sesammehl, Nussmehl und anderen Zutaten f\u00fcr die Lebensmittelindustrie.<\/li>    <li>Kontinuierliche Verarbeitung in gewerblichen und kleineren Fabriken.<\/li>    <li>Hochleistung, Gro\u00dfserien-Lebensmittelverarbeitungsszenarien zur Vermeidung von Oxidation durch l\u00e4ngere Lagerung.<\/li> <\/ul>    <p>Diese Erdnusspulverm\u00fchle bietet hohe Vielseitigkeit und Flexibilit\u00e4t f\u00fcr den breiten Einsatz in Lebensmittel-, Back-, W\u00fcrz- und Snack-Industrien.<\/p>    <figure class=\"wp-block-gallery has-nested-images columns-default is-cropped wp-block-gallery-3 is-layout-flex wp-block-gallery-is-layout-flex\"> <figure class=\"wp-block-image size-large\"><img loading=\"lazy\" decoding=\"async\" width=\"720\" height=\"540\" data-id=\"1076\" src=\"https:\/\/www.peanuts-machine.com\/wp-content\/uploads\/2026\/01\/peanut-sesame-powder-mill.webp\" alt=\"Erdnuss-Sesam-Pulverm\u00fchle\" class=\"wp-image-1076\" title=\"\" srcset=\"https:\/\/www.peanuts-machine.com\/wp-content\/uploads\/2026\/01\/peanut-sesame-powder-mill.webp 720w, https:\/\/www.peanuts-machine.com\/wp-content\/uploads\/2026\/01\/peanut-sesame-powder-mill-300x225.webp 300w, https:\/\/www.peanuts-machine.com\/wp-content\/uploads\/2026\/01\/peanut-sesame-powder-mill-16x12.webp 16w\" sizes=\"auto, (max-width: 720px) 100vw, 720px\" \/><figcaption class=\"wp-element-caption\">Erdnuss-Sesam-Pulverm\u00fchle<\/figcaption><\/figure>    <figure class=\"wp-block-image size-large\"><img loading=\"lazy\" decoding=\"async\" width=\"720\" height=\"540\" data-id=\"1075\" src=\"https:\/\/www.peanuts-machine.com\/wp-content\/uploads\/2026\/01\/peanut-powder-milling-machine.webp\" alt=\"Erdnussmehlm\u00fchle\" class=\"wp-image-1075\" title=\"\" srcset=\"https:\/\/www.peanuts-machine.com\/wp-content\/uploads\/2026\/01\/peanut-powder-milling-machine.webp 720w, https:\/\/www.peanuts-machine.com\/wp-content\/uploads\/2026\/01\/peanut-powder-milling-machine-300x225.webp 300w, https:\/\/www.peanuts-machine.com\/wp-content\/uploads\/2026\/01\/peanut-powder-milling-machine-16x12.webp 16w\" sizes=\"auto, (max-width: 720px) 100vw, 720px\" \/><figcaption class=\"wp-element-caption\">Erdnussmehlm\u00fchle<\/figcaption><\/figure> <\/figure>    <figure class=\"wp-block-gallery has-nested-images columns-default is-cropped wp-block-gallery-4 is-layout-flex wp-block-gallery-is-layout-flex\"> <figure class=\"wp-block-image size-large\"><img loading=\"lazy\" decoding=\"async\" width=\"720\" height=\"540\" data-id=\"1077\" src=\"https:\/\/www.peanuts-machine.com\/wp-content\/uploads\/2026\/01\/nut-flour.webp\" alt=\"Nussmehl\" class=\"wp-image-1077\" title=\"\" srcset=\"https:\/\/www.peanuts-machine.com\/wp-content\/uploads\/2026\/01\/nut-flour.webp 720w, https:\/\/www.peanuts-machine.com\/wp-content\/uploads\/2026\/01\/nut-flour-300x225.webp 300w, https:\/\/www.peanuts-machine.com\/wp-content\/uploads\/2026\/01\/nut-flour-16x12.webp 16w\" sizes=\"auto, (max-width: 720px) 100vw, 720px\" \/><figcaption class=\"wp-element-caption\">Nussmehl<\/figcaption><\/figure>    <figure class=\"wp-block-image size-large\"><img loading=\"lazy\" decoding=\"async\" width=\"720\" height=\"540\" data-id=\"1078\" src=\"https:\/\/www.peanuts-machine.com\/wp-content\/uploads\/2026\/01\/nut-powder.webp\" alt=\"Nusspulver\" class=\"wp-image-1078\" title=\"\" srcset=\"https:\/\/www.peanuts-machine.com\/wp-content\/uploads\/2026\/01\/nut-powder.webp 720w, https:\/\/www.peanuts-machine.com\/wp-content\/uploads\/2026\/01\/nut-powder-300x225.webp 300w, https:\/\/www.peanuts-machine.com\/wp-content\/uploads\/2026\/01\/nut-powder-16x12.webp 16w\" sizes=\"auto, (max-width: 720px) 100vw, 720px\" \/><figcaption class=\"wp-element-caption\">Nusspulver<\/figcaption><\/figure> <\/figure>    <h2 class=\"wp-block-heading\">Arbeitsprinzip der Nuss- und Samenmehlm\u00fchle<\/h2>    <p>Die Erdnussmehlm\u00fchle besteht aus einem Sekund\u00e4rhobel und einer prim\u00e4ren Walzenm\u00fchle:<\/p>    <ol class=\"wp-block-list\"> <li>Rohstoffe werden zuerst gesch\u00e4lt und ger\u00f6stet, bevor sie in das Maschinengeh\u00e4use gelangen.<\/li>    <li>Vor dem Eintritt in die Maschine werden die Rohstoffe durch Hochgeschwindigkeitsrotation des Hobelkutters vorzerschnitten.<\/li>    <li>Der Walzenroller vollendet die Feinpulververarbeitung durch Rollkompression.<\/li>    <li>Der Abstand zwischen Walzenm\u00fchle und Hobelkutter ist verstellbar, um unterschiedliche Partikelgr\u00f6\u00dfen zu erzielen: von groben Granulaten (3-6 mm) bis zu feinem Pulver (40-60 Mesh).<\/li>    <li>Die Verwendung nur des Hobelkutters ohne Walzenm\u00fchle erzeugt granulare Produkte.<\/li> <\/ol>    <p>Das gesamte Ger\u00e4t arbeitet reibungslos mit geringem Ger\u00e4uschpegel. Die Verarbeitung erzeugt kein \u00d6l und verhindert, dass Rohstoffe an der Maschine haften bleiben.<\/p>    <figure class=\"wp-block-gallery has-nested-images columns-default is-cropped wp-block-gallery-5 is-layout-flex wp-block-gallery-is-layout-flex\"> <figure class=\"wp-block-image size-large\"><img loading=\"lazy\" decoding=\"async\" width=\"720\" height=\"540\" data-id=\"1079\" src=\"https:\/\/www.peanuts-machine.com\/wp-content\/uploads\/2026\/01\/nut-powder-milling-machine.webp\" alt=\"Nusspulverm\u00fchle\" class=\"wp-image-1079\" title=\"\" srcset=\"https:\/\/www.peanuts-machine.com\/wp-content\/uploads\/2026\/01\/nut-powder-milling-machine.webp 720w, https:\/\/www.peanuts-machine.com\/wp-content\/uploads\/2026\/01\/nut-powder-milling-machine-300x225.webp 300w, https:\/\/www.peanuts-machine.com\/wp-content\/uploads\/2026\/01\/nut-powder-milling-machine-16x12.webp 16w\" sizes=\"auto, (max-width: 720px) 100vw, 720px\" \/><figcaption class=\"wp-element-caption\">Nusspulverm\u00fchle<\/figcaption><\/figure>    <figure class=\"wp-block-image size-large\"><img loading=\"lazy\" decoding=\"async\" width=\"720\" height=\"540\" data-id=\"1080\" src=\"https:\/\/www.peanuts-machine.com\/wp-content\/uploads\/2026\/01\/stainless-steel-peanut-mill.webp\" alt=\"Edelstahl-Erdnussm\u00fchle\" class=\"wp-image-1080\" title=\"\" srcset=\"https:\/\/www.peanuts-machine.com\/wp-content\/uploads\/2026\/01\/stainless-steel-peanut-mill.webp 720w, https:\/\/www.peanuts-machine.com\/wp-content\/uploads\/2026\/01\/stainless-steel-peanut-mill-300x225.webp 300w, https:\/\/www.peanuts-machine.com\/wp-content\/uploads\/2026\/01\/stainless-steel-peanut-mill-16x12.webp 16w\" sizes=\"auto, (max-width: 720px) 100vw, 720px\" \/><figcaption class=\"wp-element-caption\">Edelstahl-Erdnussm\u00fchle<\/figcaption><\/figure> <\/figure>    <p class=\"translation-block\"><strong>Hinweis:<\/strong> Falls erforderlich, bieten wir auch <strong><em><a href=\"https:\/\/www.peanuts-machine.com\/de\/product\/peanut-peeling-machine\/\">Erdnuss-Sch\u00e4lmaschinen<\/a><\/em><\/strong> und <strong><em><a href=\"https:\/\/www.peanuts-machine.com\/de\/product\/multifunctional-nut-roaster\/\">multifunktionale Nussr\u00f6stmaschinen<\/a><\/em><\/strong> an.<\/p>    <h2 class=\"wp-block-heading\">H\u00f6hepunkte der Nusspulverm\u00fchle<\/h2>    <ul class=\"wp-block-list\"> <li>Hohe Leistung: Verarbeitungskapazit\u00e4t von 200-600 kg pro Stunde erf\u00fcllt die Anforderungen der Gro\u00dfserienproduktion.<\/li>    <li>Vielseitige Funktionalit\u00e4t: in der Lage, sowohl Erdnusspulver als auch Granulate herzustellen, um unterschiedliche Verarbeitungsanforderungen zu erf\u00fcllen.<\/li>    <li>Einfache Bedienung: leicht zu installieren, zu bedienen und zu warten, erfordert nur einen Bediener.<\/li>    <li>Hygienisch und langlebig: Die gesamte Einheit besteht aus korrosionsbest\u00e4ndigem 304 Edelstahl f\u00fcr einfache Reinigung.<\/li>    <li>Verstellbare Mahlfeinheit: frei einstellbar von groben Granulaten bis zu feinem Pulver, um vielf\u00e4ltigen Anwendungen gerecht zu werden.<\/li>    <li>Wenig Fettigkeit, kein Verstopfen: kein \u00d6lleck oder Anhaften der Maschine w\u00e4hrend der Verarbeitung, ideal f\u00fcr kontinuierliche Hochvolumenproduktion.<\/li> <\/ul>    <p>Ob bei der Verarbeitung von Erdnussmehl oder Granulat, unsere Ger\u00e4te bew\u00e4ltigen es m\u00fchelos und helfen Ihrem Lebensmittelverarbeitungsunternehmen, stetig zu wachsen. Kontaktieren Sie uns noch heute, um Ihre Produktion effizienter, hygienischer und stabiler zu gestalten!<\/p>","protected":false},"excerpt":{"rendered":"<p>Die Erdnusspulver-M\u00fchle kann Erdn\u00fcsse und andere N\u00fcsse sowie \u00d6lsaaten zu Pulver oder Granulat verarbeiten, bietet hohe Ausbeute, hygienische Sicherheit und Unterst\u00fctzung f\u00fcr die kontinuierliche Gro\u00dfproduktion.<\/p>","protected":false},"author":1,"featured_media":1081,"parent":0,"template":"","tags":[56,36],"product-type":[55,46],"class_list":["post-1069","product","type-product","status-publish","has-post-thumbnail","hentry","tag-nut","tag-peanut","product-type-peanut-cutting-machine","product-type-products"],"_links":{"self":[{"href":"https:\/\/www.peanuts-machine.com\/de\/wp-json\/wp\/v2\/product\/1069","targetHints":{"allow":["GET"]}}],"collection":[{"href":"https:\/\/www.peanuts-machine.com\/de\/wp-json\/wp\/v2\/product"}],"about":[{"href":"https:\/\/www.peanuts-machine.com\/de\/wp-json\/wp\/v2\/types\/product"}],"author":[{"embeddable":true,"href":"https:\/\/www.peanuts-machine.com\/de\/wp-json\/wp\/v2\/users\/1"}],"wp:featuredmedia":[{"embeddable":true,"href":"https:\/\/www.peanuts-machine.com\/de\/wp-json\/wp\/v2\/media\/1081"}],"wp:attachment":[{"href":"https:\/\/www.peanuts-machine.com\/de\/wp-json\/wp\/v2\/media?parent=1069"}],"wp:term":[{"taxonomy":"post_tag","embeddable":true,"href":"https:\/\/www.peanuts-machine.com\/de\/wp-json\/wp\/v2\/tags?post=1069"},{"taxonomy":"product-type","embeddable":true,"href":"https:\/\/www.peanuts-machine.com\/de\/wp-json\/wp\/v2\/product-type?post=1069"}],"curies":[{"name":"wp","href":"https:\/\/api.w.org\/{rel}","templated":true}]}}