{"id":1091,"date":"2026-01-22T16:29:34","date_gmt":"2026-01-22T08:29:34","guid":{"rendered":"https:\/\/www.peanuts-machine.com\/?post_type=product&#038;p=1091"},"modified":"2026-01-26T17:37:43","modified_gmt":"2026-01-26T09:37:43","slug":"peanut-peeling-and-splitting-machine","status":"publish","type":"product","link":"https:\/\/www.peanuts-machine.com\/de\/product\/peanut-peeling-and-splitting-machine\/","title":{"rendered":"Erdnuss-Sch\u00e4l- und Spaltmaschine | Erdnuss-H\u00e4lbchenschneider"},"content":{"rendered":"<div class=\"kk-star-ratings kksr-auto kksr-align-left kksr-valign-top\"     data-payload='{&quot;align&quot;:&quot;left&quot;,&quot;id&quot;:&quot;1091&quot;,&quot;slug&quot;:&quot;default&quot;,&quot;valign&quot;:&quot;top&quot;,&quot;ignore&quot;:&quot;&quot;,&quot;reference&quot;:&quot;auto&quot;,&quot;class&quot;:&quot;&quot;,&quot;count&quot;:&quot;30&quot;,&quot;legendonly&quot;:&quot;&quot;,&quot;readonly&quot;:&quot;&quot;,&quot;score&quot;:&quot;4.8&quot;,&quot;starsonly&quot;:&quot;&quot;,&quot;best&quot;:&quot;5&quot;,&quot;gap&quot;:&quot;5&quot;,&quot;greet&quot;:&quot;Rate this product&quot;,&quot;legend&quot;:&quot;4.8\\\/5 - (30 votes)&quot;,&quot;size&quot;:&quot;24&quot;,&quot;title&quot;:&quot;Peanut Peeling and Splitting Machine | Peanut Half Cutting Machine&quot;,&quot;width&quot;:&quot;136.7&quot;,&quot;_legend&quot;:&quot;{score}\\\/{best} - ({count} {votes})&quot;,&quot;font_factor&quot;:&quot;1.25&quot;}'>              <div class=\"kksr-stars\">      <div class=\"kksr-stars-inactive\">             <div class=\"kksr-star\" data-star=\"1\" style=\"padding-right: 5px\">               <div class=\"kksr-icon\" style=\"width: 24px; height: 24px;\"><\/div>         <\/div>             <div class=\"kksr-star\" data-star=\"2\" style=\"padding-right: 5px\">               <div class=\"kksr-icon\" style=\"width: 24px; height: 24px;\"><\/div>         <\/div>             <div class=\"kksr-star\" data-star=\"3\" style=\"padding-right: 5px\">               <div class=\"kksr-icon\" style=\"width: 24px; height: 24px;\"><\/div>         <\/div>             <div class=\"kksr-star\" data-star=\"4\" style=\"padding-right: 5px\">               <div class=\"kksr-icon\" style=\"width: 24px; height: 24px;\"><\/div>         <\/div>             <div class=\"kksr-star\" data-star=\"5\" style=\"padding-right: 5px\">               <div class=\"kksr-icon\" style=\"width: 24px; height: 24px;\"><\/div>         <\/div>     <\/div>      <div class=\"kksr-stars-active\" style=\"width: 136.7px;\">             <div class=\"kksr-star\" style=\"padding-right: 5px\">               <div class=\"kksr-icon\" style=\"width: 24px; height: 24px;\"><\/div>         <\/div>             <div class=\"kksr-star\" style=\"padding-right: 5px\">               <div class=\"kksr-icon\" style=\"width: 24px; height: 24px;\"><\/div>         <\/div>             <div class=\"kksr-star\" style=\"padding-right: 5px\">               <div class=\"kksr-icon\" style=\"width: 24px; height: 24px;\"><\/div>         <\/div>             <div class=\"kksr-star\" style=\"padding-right: 5px\">               <div class=\"kksr-icon\" style=\"width: 24px; height: 24px;\"><\/div>         <\/div>             <div class=\"kksr-star\" style=\"padding-right: 5px\">               <div class=\"kksr-icon\" style=\"width: 24px; height: 24px;\"><\/div>         <\/div>     <\/div> <\/div>                   <div class=\"kksr-legend\" style=\"font-size: 19.2px;\">             4,8\/5 - (30 Bewertungen)    <\/div>     <\/div>  <p>Erdnuss-Sch\u00e4l- und Aufspaltmaschine integriert das Entfernen roter Schalen mit der Kerntrennung, speziell entwickelt f\u00fcr die Herstellung von gespaltenen Erdn\u00fcssen. Sie erreicht effizientes Sch\u00e4len und gleichm\u00e4\u00dfiges Aufspalten bei gleichzeitiger Wahrung der Kernintegrit\u00e4t, liefert hohe Aufspaltquoten mit minimaler Bruchrate, hohe Halbierungsrate \u00fcber 96 %.<\/p>    <p>Die gesamte Maschine ist mit einem Staubsammelsystem und einer Vibrationssiebstruktur ausgestattet, die automatisch Schalen und Verunreinigungen trennt. Die fertigen Erdnuss-H\u00e4lften sind sauber, wei\u00df und optisch ansprechend, mit minimalem Materialverlust. Sie dient als ideales Vorverarbeitungsger\u00e4t f\u00fcr die Erdnuss-Weiterverarbeitung und die Lebensmittelindustrie.<\/p>    <figure class=\"wp-block-embed aligncenter is-type-video is-provider-youtube wp-block-embed-youtube wp-embed-aspect-16-9 wp-has-aspect-ratio\"><div class=\"wp-block-embed__wrapper\"> <iframe loading=\"lazy\" title=\"High-Efficiency Peanut Peeling &amp; Splitting Machine in Action \ud83e\udd5c\u2699\ufe0f#peanut #peanutprocessing\" width=\"500\" height=\"281\" src=\"https:\/\/www.youtube.com\/embed\/SSeXkgpVFN8?feature=oembed\" frameborder=\"0\" allow=\"accelerometer; autoplay; clipboard-write; encrypted-media; gyroscope; picture-in-picture; web-share\" referrerpolicy=\"strict-origin-when-cross-origin\" allowfullscreen><\/iframe> <\/div><figcaption class=\"wp-element-caption\">Arbeitsvideo der Erdnuss-Halbschneidemaschine<\/figcaption><\/figure>    <h2 class=\"wp-block-heading\">Spezifikationen der Erdnuss-Aufspaltmaschine <\/h2>    <figure class=\"wp-block-table is-style-stripes\"><table class=\"has-fixed-layout\"><tbody><tr><td><strong>Parameter<\/strong><\/td><td><strong>Gro\u00dfes Modell<\/strong><\/td><td><strong>Kleines Modell<\/strong><\/td><\/tr><tr><td>Kapazit\u00e4t<\/td><td>1000 kg\/h<\/td><td>400\u2013500 kg\/h<\/td><\/tr><tr><td>Hauptstromversorgung<\/td><td>2,2 KW<\/td><td>1,5 KW<\/td><\/tr><tr><td>L\u00fcfterleistung<\/td><td>2,2 KW<\/td><td>0,75 KW<\/td><\/tr><tr><td>Abmessungen<\/td><td>1900 \u00d7 1150 \u00d7 1350 mm<\/td><td>1900 \u00d7 850 \u00d7 1350 mm<\/td><\/tr><tr><td>Stromspannung<\/td><td>380 V<\/td><td>380 V<\/td><\/tr><tr><td>Frequenz<\/td><td>50 Hz<\/td><td>50 Hz<\/td><\/tr><\/tbody><\/table><figcaption class=\"wp-element-caption\">Technische Parameter der Erdnuss-Sch\u00e4l- und Aufspaltmaschine<\/figcaption><\/figure>    <figure class=\"wp-block-gallery has-nested-images columns-default is-cropped wp-block-gallery-2 is-layout-flex wp-block-gallery-is-layout-flex\"> <figure class=\"wp-block-image size-large\"><img loading=\"lazy\" decoding=\"async\" width=\"720\" height=\"540\" data-id=\"1094\" src=\"https:\/\/www.peanuts-machine.com\/wp-content\/uploads\/2026\/01\/peanut-peeling-and-splitting-machine.webp\" alt=\"Erdnuss-Sch\u00e4l- und Aufspaltmaschine\" class=\"wp-image-1094\" title=\"\" srcset=\"https:\/\/www.peanuts-machine.com\/wp-content\/uploads\/2026\/01\/peanut-peeling-and-splitting-machine.webp 720w, https:\/\/www.peanuts-machine.com\/wp-content\/uploads\/2026\/01\/peanut-peeling-and-splitting-machine-300x225.webp 300w, https:\/\/www.peanuts-machine.com\/wp-content\/uploads\/2026\/01\/peanut-peeling-and-splitting-machine-16x12.webp 16w\" sizes=\"auto, (max-width: 720px) 100vw, 720px\" \/><figcaption class=\"wp-element-caption\">Erdnuss-Sch\u00e4l- und Aufspaltmaschine<\/figcaption><\/figure>    <figure class=\"wp-block-image size-large\"><img loading=\"lazy\" decoding=\"async\" width=\"720\" height=\"540\" data-id=\"1093\" src=\"https:\/\/www.peanuts-machine.com\/wp-content\/uploads\/2026\/01\/peanut-half-cutting-machine.webp\" alt=\"Erdnuss-Halbschneidemaschine\" class=\"wp-image-1093\" title=\"\" srcset=\"https:\/\/www.peanuts-machine.com\/wp-content\/uploads\/2026\/01\/peanut-half-cutting-machine.webp 720w, https:\/\/www.peanuts-machine.com\/wp-content\/uploads\/2026\/01\/peanut-half-cutting-machine-300x225.webp 300w, https:\/\/www.peanuts-machine.com\/wp-content\/uploads\/2026\/01\/peanut-half-cutting-machine-16x12.webp 16w\" sizes=\"auto, (max-width: 720px) 100vw, 720px\" \/><figcaption class=\"wp-element-caption\">Erdnuss-Halbschneidemaschine<\/figcaption><\/figure> <\/figure>    <h2 class=\"wp-block-heading\">Anwendungen der Erdnuss-Halbschneidemaschine<\/h2>    <p>Die Erdnuss-Sch\u00e4l- und Aufspaltmaschine wird haupts\u00e4chlich in der Tiefverarbeitung von Lebensmitteln und landwirtschaftlichen Produkten eingesetzt, geeignet f\u00fcr:<\/p>    <ul class=\"wp-block-list\"> <li>Industrielle Verarbeitung von gespaltenen Erdn\u00fcssen.<\/li>    <li>Rohstoffvorbereitung f\u00fcr Backwaren wie S\u00fc\u00dfigkeiten, Kekse, Kuchen und Brot.<\/li>    <li>Vorverarbeitung von Rohstoffen f\u00fcr Erdnussbutter, Dosenpeanuts und Snacks.<\/li>    <li>Erdnussklassifizierung und Tiefverarbeitung f\u00fcr \u00d6lm\u00fchlen und Lebensmittelverarbeitungsbetriebe.<\/li> <\/ul>    <p>Neben Erdn\u00fcssen kann dieses Ger\u00e4t auch zum Aufspalten bestimmter H\u00fclsenfr\u00fcchte und Kokosn\u00fcsse verwendet werden, was eine breite Anwendbarkeit bietet. Es eignet sich f\u00fcr kleine bis mittelgro\u00dfe und gro\u00dfe Verarbeitungsbetriebe.<\/p>    <figure class=\"wp-block-gallery has-nested-images columns-default is-cropped wp-block-gallery-3 is-layout-flex wp-block-gallery-is-layout-flex\"> <figure class=\"wp-block-image size-large\"><img loading=\"lazy\" decoding=\"async\" width=\"720\" height=\"540\" data-id=\"1095\" src=\"https:\/\/www.peanuts-machine.com\/wp-content\/uploads\/2026\/01\/peanut-half-parting-machine.webp\" alt=\"Erdnuss-Halbschneidemaschine\" class=\"wp-image-1095\" title=\"\" srcset=\"https:\/\/www.peanuts-machine.com\/wp-content\/uploads\/2026\/01\/peanut-half-parting-machine.webp 720w, https:\/\/www.peanuts-machine.com\/wp-content\/uploads\/2026\/01\/peanut-half-parting-machine-300x225.webp 300w, https:\/\/www.peanuts-machine.com\/wp-content\/uploads\/2026\/01\/peanut-half-parting-machine-16x12.webp 16w\" sizes=\"auto, (max-width: 720px) 100vw, 720px\" \/><figcaption class=\"wp-element-caption\">Erdnuss-Halbschneidemaschine<\/figcaption><\/figure>    <figure class=\"wp-block-image size-large\"><img loading=\"lazy\" decoding=\"async\" width=\"720\" height=\"540\" data-id=\"1096\" src=\"https:\/\/www.peanuts-machine.com\/wp-content\/uploads\/2026\/01\/peanut-peeling-and-half-separating-machine.webp\" alt=\"Erdnuss-Sch\u00e4l- und Halbtrennmaschine\" class=\"wp-image-1096\" title=\"\" srcset=\"https:\/\/www.peanuts-machine.com\/wp-content\/uploads\/2026\/01\/peanut-peeling-and-half-separating-machine.webp 720w, https:\/\/www.peanuts-machine.com\/wp-content\/uploads\/2026\/01\/peanut-peeling-and-half-separating-machine-300x225.webp 300w, https:\/\/www.peanuts-machine.com\/wp-content\/uploads\/2026\/01\/peanut-peeling-and-half-separating-machine-16x12.webp 16w\" sizes=\"auto, (max-width: 720px) 100vw, 720px\" \/><figcaption class=\"wp-element-caption\">Erdnuss-Sch\u00e4l- und Halbtrennmaschine<\/figcaption><\/figure> <\/figure>    <h2 class=\"wp-block-heading\">Merkmale der Erdnuss-Sch\u00e4l- und Halbtrennmaschine<\/h2>    <ul class=\"wp-block-list\"> <li>Integriertes Sch\u00e4len und Schneiden: Eine Maschine f\u00fchrt zwei Prozesse gleichzeitig aus, was die Produktionskosten senkt.<\/li>    <li>Hohe Sch\u00e4l-Effizienz: Erdnusssch\u00e4lrate \u226596 % bei minimaler Bruchrate.<\/li>    <li>Automatisches Entgraten und Entfernen von Verunreinigungen: Vakuumsystem und Vibrationsgitter trennen effektiv rote Schalen und Keim.<\/li>    <li>Niedriger Ger\u00e4uschpegel, geringer Energieverbrauch: sanfter Betrieb, energieeffizient, geeignet f\u00fcr l\u00e4ngeren Dauerbetrieb.<\/li>    <li>Hervorragende Produktqualit\u00e4t: Erdnuss-H\u00e4lften sind gleichm\u00e4\u00dfig wei\u00df und \u00e4sthetisch ansprechend.<\/li>    <li>Einfache Bedienung und Wartung: Rationelles Design sorgt f\u00fcr einfache Bedienung, Reinigung und Pflege.<\/li>    <li>Umweltfreundlich und pollutionfrei: Rote Schalen werden zentral gesammelt, wodurch Staubverschmutzung vermieden wird.<\/li> <\/ul>    <figure class=\"wp-block-gallery has-nested-images columns-default is-cropped wp-block-gallery-4 is-layout-flex wp-block-gallery-is-layout-flex\"> <figure class=\"wp-block-image size-large\"><img loading=\"lazy\" decoding=\"async\" width=\"720\" height=\"540\" data-id=\"1098\" src=\"https:\/\/www.peanuts-machine.com\/wp-content\/uploads\/2026\/01\/peanut-splitter-machine.webp\" alt=\"Erdnuss-Teiler-Maschine\" class=\"wp-image-1098\" title=\"\" srcset=\"https:\/\/www.peanuts-machine.com\/wp-content\/uploads\/2026\/01\/peanut-splitter-machine.webp 720w, https:\/\/www.peanuts-machine.com\/wp-content\/uploads\/2026\/01\/peanut-splitter-machine-300x225.webp 300w, https:\/\/www.peanuts-machine.com\/wp-content\/uploads\/2026\/01\/peanut-splitter-machine-16x12.webp 16w\" sizes=\"auto, (max-width: 720px) 100vw, 720px\" \/><figcaption class=\"wp-element-caption\">Erdnuss-Teiler-Maschine<\/figcaption><\/figure>    <figure class=\"wp-block-image size-large\"><img loading=\"lazy\" decoding=\"async\" width=\"720\" height=\"540\" data-id=\"1097\" src=\"https:\/\/www.peanuts-machine.com\/wp-content\/uploads\/2026\/01\/peanut-peeler-and-half-separator.webp\" alt=\"Erdnuss-Sch\u00e4l- und Halbtrennmaschine\" class=\"wp-image-1097\" title=\"\" srcset=\"https:\/\/www.peanuts-machine.com\/wp-content\/uploads\/2026\/01\/peanut-peeler-and-half-separator.webp 720w, https:\/\/www.peanuts-machine.com\/wp-content\/uploads\/2026\/01\/peanut-peeler-and-half-separator-300x225.webp 300w, https:\/\/www.peanuts-machine.com\/wp-content\/uploads\/2026\/01\/peanut-peeler-and-half-separator-16x12.webp 16w\" sizes=\"auto, (max-width: 720px) 100vw, 720px\" \/><figcaption class=\"wp-element-caption\">Erdnuss-Sch\u00e4l- und Halbtrennmaschine<\/figcaption><\/figure> <\/figure>    <h2 class=\"wp-block-heading\">Wie funktioniert die Erdnuss-Sch\u00e4l- und Aufspaltmaschine?<\/h2>    <p>Die Erdnuss-Sch\u00e4l- und Aufspaltmaschine erreicht Sch\u00e4len und Aufspalten durch die koordinierte Arbeit mehrerer Strukturen:<\/p>    <ol class=\"wp-block-list\"> <li>Ger\u00f6stete und gek\u00fchlte Erdn\u00fcsse mit ihren roten Schalen gelangen in eine Hochgeschwindigkeits-Schalldrehung.<\/li>    <li>Im Trommelinneren entfernt Reibung die Schalen, w\u00e4hrend gleichzeitig die Erdn\u00fcsse in H\u00e4lften aufgespalten werden.<\/li>    <li>Die getrennten Erdn\u00fcsse werden von einem Spiralf\u00f6rderer zu einem Vibrationsgitter transportiert.<\/li>    <li>Under the vibrating screen&#8217;s action, peanut skins and germ are effectively separated.<\/li>    <li>Ein Staubabsaugventilator konzentriert und entfernt die Schalen, erzielt eine saubere, pollutionfreie automatische Trennung.<\/li> <\/ol>    <p>Der gesamte Prozess l\u00e4uft kontinuierlich und stabil mit hoher Automatisierung, was ein ordentliches und sauberes Erscheinungsbild der Erdnuss-H\u00e4lften gew\u00e4hrleistet.<\/p>    <p class=\"translation-block\">Wir bieten auch <strong><em><a href=\"https:\/\/www.peanuts-machine.com\/de\/product\/peanut-peeling-machine\/\">trocken-typische Erdnuss-Sch\u00e4lmaschinen<\/a><\/em><\/strong> und <strong><em><a href=\"https:\/\/www.peanuts-machine.com\/de\/product\/wet-groundnut-peeling-machine\/\">nass-typische Erdnuss-Sch\u00e4lmaschinen<\/a><\/em><\/strong> f\u00fcr Erdn\u00fcsse an, um Ihre vielf\u00e4ltigen Produktionsanforderungen zu erf\u00fcllen.<\/p>    <p>Vielen Dank f\u00fcr Ihren Besuch auf unserer Website! Bei Fragen oder Feedback k\u00f6nnen Sie diese gerne \u00fcber das Formular rechts einreichen. Wir werden Ihre Anfrage innerhalb von 24 Stunden beantworten.<\/p>","protected":false},"excerpt":{"rendered":"<p>Die Erdnuss-Sch\u00e4l- und Spaltmaschine vereint Funktionen zum Entfernen der roten Schale und zum Zerbrechen in einer Einheit. Sie erzeugt saubere, einheitliche Erdnuss-H\u00e4lften und ist geeignet f\u00fcr die Erdnuss-Tiefverarbeitungsindustrie.<\/p>","protected":false},"author":1,"featured_media":1099,"parent":0,"template":"","tags":[36],"product-type":[49,46],"class_list":["post-1091","product","type-product","status-publish","has-post-thumbnail","hentry","tag-peanut","product-type-peanut-peeling-machine","product-type-products"],"_links":{"self":[{"href":"https:\/\/www.peanuts-machine.com\/de\/wp-json\/wp\/v2\/product\/1091","targetHints":{"allow":["GET"]}}],"collection":[{"href":"https:\/\/www.peanuts-machine.com\/de\/wp-json\/wp\/v2\/product"}],"about":[{"href":"https:\/\/www.peanuts-machine.com\/de\/wp-json\/wp\/v2\/types\/product"}],"author":[{"embeddable":true,"href":"https:\/\/www.peanuts-machine.com\/de\/wp-json\/wp\/v2\/users\/1"}],"wp:featuredmedia":[{"embeddable":true,"href":"https:\/\/www.peanuts-machine.com\/de\/wp-json\/wp\/v2\/media\/1099"}],"wp:attachment":[{"href":"https:\/\/www.peanuts-machine.com\/de\/wp-json\/wp\/v2\/media?parent=1091"}],"wp:term":[{"taxonomy":"post_tag","embeddable":true,"href":"https:\/\/www.peanuts-machine.com\/de\/wp-json\/wp\/v2\/tags?post=1091"},{"taxonomy":"product-type","embeddable":true,"href":"https:\/\/www.peanuts-machine.com\/de\/wp-json\/wp\/v2\/product-type?post=1091"}],"curies":[{"name":"wp","href":"https:\/\/api.w.org\/{rel}","templated":true}]}}