{"id":1105,"date":"2026-01-26T15:16:46","date_gmt":"2026-01-26T07:16:46","guid":{"rendered":"https:\/\/www.peanuts-machine.com\/?post_type=product&#038;p=1105"},"modified":"2026-01-30T16:54:46","modified_gmt":"2026-01-30T08:54:46","slug":"small-peanut-butter-processing-line","status":"publish","type":"product","link":"https:\/\/www.peanuts-machine.com\/de\/product\/small-peanut-butter-processing-line\/","title":{"rendered":"100 Kg\/h Kleinbetrieb Halbautomatische Erdnussbutter-Verarbeitungszeile"},"content":{"rendered":"<div class=\"kk-star-ratings kksr-auto kksr-align-left kksr-valign-top\"     data-payload='{&quot;align&quot;:&quot;left&quot;,&quot;id&quot;:&quot;1105&quot;,&quot;slug&quot;:&quot;default&quot;,&quot;valign&quot;:&quot;top&quot;,&quot;ignore&quot;:&quot;&quot;,&quot;reference&quot;:&quot;auto&quot;,&quot;class&quot;:&quot;&quot;,&quot;count&quot;:&quot;9&quot;,&quot;legendonly&quot;:&quot;&quot;,&quot;readonly&quot;:&quot;&quot;,&quot;score&quot;:&quot;4.8&quot;,&quot;starsonly&quot;:&quot;&quot;,&quot;best&quot;:&quot;5&quot;,&quot;gap&quot;:&quot;5&quot;,&quot;greet&quot;:&quot;Rate this product&quot;,&quot;legend&quot;:&quot;4.8\\\/5 - (9 votes)&quot;,&quot;size&quot;:&quot;24&quot;,&quot;title&quot;:&quot;100Kg\\\/h Small-Scale Semi-Automatic Peanut Butter Processing Line&quot;,&quot;width&quot;:&quot;136.7&quot;,&quot;_legend&quot;:&quot;{score}\\\/{best} - ({count} {votes})&quot;,&quot;font_factor&quot;:&quot;1.25&quot;}'>              <div class=\"kksr-stars\">      <div class=\"kksr-stars-inactive\">             <div class=\"kksr-star\" data-star=\"1\" style=\"padding-right: 5px\">               <div class=\"kksr-icon\" style=\"width: 24px; height: 24px;\"><\/div>         <\/div>             <div class=\"kksr-star\" data-star=\"2\" style=\"padding-right: 5px\">               <div class=\"kksr-icon\" style=\"width: 24px; height: 24px;\"><\/div>         <\/div>             <div class=\"kksr-star\" data-star=\"3\" style=\"padding-right: 5px\">               <div class=\"kksr-icon\" style=\"width: 24px; height: 24px;\"><\/div>         <\/div>             <div class=\"kksr-star\" data-star=\"4\" style=\"padding-right: 5px\">               <div class=\"kksr-icon\" style=\"width: 24px; height: 24px;\"><\/div>         <\/div>             <div class=\"kksr-star\" data-star=\"5\" style=\"padding-right: 5px\">               <div class=\"kksr-icon\" style=\"width: 24px; height: 24px;\"><\/div>         <\/div>     <\/div>      <div class=\"kksr-stars-active\" style=\"width: 136.7px;\">             <div class=\"kksr-star\" style=\"padding-right: 5px\">               <div class=\"kksr-icon\" style=\"width: 24px; height: 24px;\"><\/div>         <\/div>             <div class=\"kksr-star\" style=\"padding-right: 5px\">               <div class=\"kksr-icon\" style=\"width: 24px; height: 24px;\"><\/div>         <\/div>             <div class=\"kksr-star\" style=\"padding-right: 5px\">               <div class=\"kksr-icon\" style=\"width: 24px; height: 24px;\"><\/div>         <\/div>             <div class=\"kksr-star\" style=\"padding-right: 5px\">               <div class=\"kksr-icon\" style=\"width: 24px; height: 24px;\"><\/div>         <\/div>             <div class=\"kksr-star\" style=\"padding-right: 5px\">               <div class=\"kksr-icon\" style=\"width: 24px; height: 24px;\"><\/div>         <\/div>     <\/div> <\/div>                   <div class=\"kksr-legend\" style=\"font-size: 19.2px;\">             4,8\/5 - (9 Bewertungen)    <\/div>     <\/div>  <p>Diese halbautomatische Erdnussbutter-Verarbeitungsanlage ist ein vollst\u00e4ndiges Verarbeitungssystem, das speziell f\u00fcr kleine Unternehmen entwickelt wurde. Mit einer Kapazit\u00e4t von 100 kg\/h integriert sie R\u00f6stung, Sch\u00e4len, Mahlen und F\u00fcllen in eine Einheit, was eine effiziente und hygienische Erdnussbutterproduktion erm\u00f6glicht.<\/p>    <p>Kompakt im Platzbedarf und einfach zu bedienen, eignet sich diese Linie f\u00fcr Unternehmen mit begrenztem Kapital oder Start-ups. Die Produktionskapazit\u00e4t kann an die Kundenanforderungen angepasst werden. Die gesamte Produktionslinie gew\u00e4hrleistet eine gleichbleibende und stabile Qualit\u00e4t der Erdnussbutter, was sie zu einer idealen Wahl f\u00fcr kleine Lebensmittelverarbeitungsbetriebe und unternehmerische Investitionen macht.<\/p>    <figure class=\"wp-block-embed aligncenter is-type-video is-provider-youtube wp-block-embed-youtube wp-embed-aspect-16-9 wp-has-aspect-ratio\"><div class=\"wp-block-embed__wrapper\"> <iframe loading=\"lazy\" title=\"Semi-Automatic Peanut Butter Production Line | Efficient &amp; Smooth Operation \ud83e\udd5c#peanutbutter\" width=\"500\" height=\"281\" src=\"https:\/\/www.youtube.com\/embed\/_EzcL1xaoWw?feature=oembed\" frameborder=\"0\" allow=\"accelerometer; autoplay; clipboard-write; encrypted-media; gyroscope; picture-in-picture; web-share\" referrerpolicy=\"strict-origin-when-cross-origin\" allowfullscreen><\/iframe> <\/div><figcaption class=\"wp-element-caption\">Arbeitsvideo der halbautomatischen Nussbutter-Verarbeitungsanlage<\/figcaption><\/figure>    <h2 class=\"wp-block-heading\">Merkmale und Vorteile der Produktionslinie<\/h2>    <ul class=\"wp-block-list\"> <li>Kompaktes Design: ideal f\u00fcr Start-ups und kleine Fabriken, bietet benutzerfreundlichen Betrieb und platzsparende Effizienz.<\/li>    <li>Integrierter Prozess: optimiert die Produktion von der Reinigung der Rohstoffe, R\u00f6stung, Sch\u00e4len, Mahlen bis hin zu F\u00fcllung und Etikettierung.<\/li>    <li>Einstellbare Kapazit\u00e4t: Standardleistung von ca. 100kg\/h, h\u00f6here Kapazit\u00e4ten auf Anfrage verf\u00fcgbar.<\/li>    <li>Hygienische Sicherheit: Die gesamte Einheit ist aus lebensmittelechten Materialien gefertigt und verf\u00fcgt \u00fcber eine benutzerfreundliche Bedienung, die den Hygienevorschriften der Lebensmittelverarbeitung entspricht.<\/li>    <li>Arbeitsersparnis: halbautomatischer Betrieb reduziert manuelle Arbeit und steigert die Produktionseffizienz.<\/li> <\/ul>    <figure class=\"wp-block-gallery has-nested-images columns-default is-cropped wp-block-gallery-2 is-layout-flex wp-block-gallery-is-layout-flex\"> <figure class=\"wp-block-image size-large\"><img loading=\"lazy\" decoding=\"async\" width=\"720\" height=\"540\" data-id=\"1109\" src=\"https:\/\/www.peanuts-machine.com\/wp-content\/uploads\/2026\/01\/nut-butter-factory-line.webp\" alt=\"Erdnussbutter-Fabriklinie\" class=\"wp-image-1109\" title=\"\" srcset=\"https:\/\/www.peanuts-machine.com\/wp-content\/uploads\/2026\/01\/nut-butter-factory-line.webp 720w, https:\/\/www.peanuts-machine.com\/wp-content\/uploads\/2026\/01\/nut-butter-factory-line-300x225.webp 300w, https:\/\/www.peanuts-machine.com\/wp-content\/uploads\/2026\/01\/nut-butter-factory-line-16x12.webp 16w\" sizes=\"auto, (max-width: 720px) 100vw, 720px\" \/><figcaption class=\"wp-element-caption\">Erdnussbutter-Fabriklinie<\/figcaption><\/figure>    <figure class=\"wp-block-image size-large\"><img loading=\"lazy\" decoding=\"async\" width=\"720\" height=\"540\" data-id=\"1110\" src=\"https:\/\/www.peanuts-machine.com\/wp-content\/uploads\/2026\/01\/small-scale-peanut-butter-plant.webp\" alt=\"Kleine Erdnussbutteranlage\" class=\"wp-image-1110\" title=\"\" srcset=\"https:\/\/www.peanuts-machine.com\/wp-content\/uploads\/2026\/01\/small-scale-peanut-butter-plant.webp 720w, https:\/\/www.peanuts-machine.com\/wp-content\/uploads\/2026\/01\/small-scale-peanut-butter-plant-300x225.webp 300w, https:\/\/www.peanuts-machine.com\/wp-content\/uploads\/2026\/01\/small-scale-peanut-butter-plant-16x12.webp 16w\" sizes=\"auto, (max-width: 720px) 100vw, 720px\" \/><figcaption class=\"wp-element-caption\">Kleine Erdnussbutteranlage<\/figcaption><\/figure> <\/figure>    <h2 class=\"wp-block-heading\">Halbautomatisierte Erdnussbutter-Verarbeitungsanlage<\/h2>    <p>Der gesamte Prozess der Erdnussbutter-Verarbeitung ist wie folgt:<\/p>    <ol class=\"wp-block-list\"> <li>Rohstofftransport: Erdn\u00fcsse werden automatisch mit Aufz\u00fcgen zu Reinigungs- oder R\u00f6stanlagen transportiert, um hygienischen und effizienten Materialtransfer zu gew\u00e4hrleisten.<\/li>    <li>Erdnussr\u00f6stung: die <strong><em><a href=\"https:\/\/www.peanuts-machine.com\/de\/product\/peanut-roasting-machine\/\">Erdnussr\u00f6ster<\/a><\/em><\/strong> erhitzt die Erdn\u00fcsse gleichm\u00e4\u00dfig mit automatisch einstellbaren Temperaturen von 0-300\u00b0C, verbessert das Aroma vollst\u00e4ndig und erleichtert das Sch\u00e4len.<\/li>    <li>Erdnussknacken: ger\u00f6stete Erdn\u00fcsse gelangen in die Sch\u00e4lenmaschine, wo sanfte Reibung und Luftstrom die Kerne von den roten Schalen trennen, um hohe Sch\u00e4lraten zu erzielen und gleichzeitig intakte Erdnusspartikel zu bewahren.<\/li>    <li>Manuelle Sortierung: Bediener inspizieren visuell gesch\u00e4lte Erdn\u00fcsse an Sortierstationen und entfernen verbleibende Schalen, verbrannte oder verf\u00e4rbte Kerne, um eine gleichbleibende Rohstoffqualit\u00e4t zu gew\u00e4hrleisten.<\/li>    <li>Erdnussmahlung: sortierte Erdn\u00fcsse gelangen in die <strong><em><a href=\"https:\/\/www.peanuts-machine.com\/de\/product\/commercial-peanut-butter-machine\/\">Nussbuttermaschine<\/a><\/em><\/strong>, zu glattem Erdnussbutter vermahlen mit einstellbarer Partikelgr\u00f6\u00dfe (2-100\u03bcm) nach Bedarf.<\/li>    <li>F\u00fcllung und Verschluss: Die gemahlene Erdnussbutter wird automatisch mit einer F\u00fcllmaschine auf vorgegebene Gewichte in Flaschen oder Gl\u00e4ser gef\u00fcllt. Eine Verschlussmaschine versiegelt die Beh\u00e4lter, um Luftdichtheit und Hygiene zu gew\u00e4hrleisten.<\/li>    <li>Etikettierung: halbautomatische Etikettiermaschinen k\u00f6nnen zum Anbringen von Etiketten auf den Flaschen verwendet werden, um die Produkt\u00e4sthetik zu verbessern und die Marktpr\u00e4sentation zu standardisieren.<\/li> <\/ol>    <figure class=\"wp-block-gallery has-nested-images columns-2 is-cropped wp-block-gallery-3 is-layout-flex wp-block-gallery-is-layout-flex\"> <figure class=\"wp-block-image size-large\"><img loading=\"lazy\" decoding=\"async\" width=\"720\" height=\"540\" data-id=\"1114\" src=\"https:\/\/www.peanuts-machine.com\/wp-content\/uploads\/2026\/01\/peanut-roaster-machine.webp\" alt=\"Erdnussr\u00f6stermaschine\" class=\"wp-image-1114\" title=\"\" srcset=\"https:\/\/www.peanuts-machine.com\/wp-content\/uploads\/2026\/01\/peanut-roaster-machine.webp 720w, https:\/\/www.peanuts-machine.com\/wp-content\/uploads\/2026\/01\/peanut-roaster-machine-300x225.webp 300w, https:\/\/www.peanuts-machine.com\/wp-content\/uploads\/2026\/01\/peanut-roaster-machine-16x12.webp 16w\" sizes=\"auto, (max-width: 720px) 100vw, 720px\" \/><figcaption class=\"wp-element-caption\">Erdnussr\u00f6stermaschine<\/figcaption><\/figure>    <figure class=\"wp-block-image size-large\"><img loading=\"lazy\" decoding=\"async\" width=\"720\" height=\"540\" data-id=\"1113\" src=\"https:\/\/www.peanuts-machine.com\/wp-content\/uploads\/2026\/01\/peanut-peeling-machine.webp\" alt=\"Erdnusssch\u00e4lmaschine\" class=\"wp-image-1113\" title=\"\" srcset=\"https:\/\/www.peanuts-machine.com\/wp-content\/uploads\/2026\/01\/peanut-peeling-machine.webp 720w, https:\/\/www.peanuts-machine.com\/wp-content\/uploads\/2026\/01\/peanut-peeling-machine-300x225.webp 300w, https:\/\/www.peanuts-machine.com\/wp-content\/uploads\/2026\/01\/peanut-peeling-machine-16x12.webp 16w\" sizes=\"auto, (max-width: 720px) 100vw, 720px\" \/><figcaption class=\"wp-element-caption\">Erdnusssch\u00e4lmaschine<\/figcaption><\/figure>    <figure class=\"wp-block-image size-large\"><img loading=\"lazy\" decoding=\"async\" width=\"540\" height=\"720\" data-id=\"1112\" src=\"https:\/\/www.peanuts-machine.com\/wp-content\/uploads\/2026\/01\/peanut-butter-colloid-mill.webp\" alt=\"Erdnussbutter-Colloidm\u00fchle\" class=\"wp-image-1112\" title=\"\" srcset=\"https:\/\/www.peanuts-machine.com\/wp-content\/uploads\/2026\/01\/peanut-butter-colloid-mill.webp 540w, https:\/\/www.peanuts-machine.com\/wp-content\/uploads\/2026\/01\/peanut-butter-colloid-mill-225x300.webp 225w, https:\/\/www.peanuts-machine.com\/wp-content\/uploads\/2026\/01\/peanut-butter-colloid-mill-9x12.webp 9w\" sizes=\"auto, (max-width: 540px) 100vw, 540px\" \/><figcaption class=\"wp-element-caption\">Erdnussbutter-Colloidm\u00fchle<\/figcaption><\/figure>    <figure class=\"wp-block-image size-large\"><img loading=\"lazy\" decoding=\"async\" width=\"540\" height=\"720\" data-id=\"1111\" src=\"https:\/\/www.peanuts-machine.com\/wp-content\/uploads\/2026\/01\/double-head-filling-machine.webp\" alt=\"Doppelkopf-F\u00fcllmaschine\" class=\"wp-image-1111\" title=\"\" srcset=\"https:\/\/www.peanuts-machine.com\/wp-content\/uploads\/2026\/01\/double-head-filling-machine.webp 540w, https:\/\/www.peanuts-machine.com\/wp-content\/uploads\/2026\/01\/double-head-filling-machine-225x300.webp 225w, https:\/\/www.peanuts-machine.com\/wp-content\/uploads\/2026\/01\/double-head-filling-machine-9x12.webp 9w\" sizes=\"auto, (max-width: 540px) 100vw, 540px\" \/><figcaption class=\"wp-element-caption\">Doppelkopf-F\u00fcllmaschine<\/figcaption><\/figure> <\/figure>    <h2 class=\"wp-block-heading\">Wichtige technische Parameter der Ausr\u00fcstung<\/h2>    <figure class=\"wp-block-table is-style-stripes\"><table class=\"has-fixed-layout\"><tbody><tr><td><strong>Ausr\u00fcstung<\/strong><\/td><td><strong>Modell \/ Spezifikation<\/strong><\/td><td><strong>Kapazit\u00e4t<\/strong><\/td><td><strong>Leistung \/ Spannung<\/strong><\/td><td><strong>Gr\u00f6\u00dfe (mm)<\/strong><\/td><td><strong>Bemerkungen<\/strong><\/td><\/tr><tr><td>Erdnussr\u00f6ster<\/td><td>TZR-100<\/td><td>100 kg\/h<\/td><td>22,5 kW \/ 380V<\/td><td>2900\u00d71400\u00d71650<\/td><td>Edelstahl; <br>elektrische Heizung; <br>Automatischer Thermostat<\/td><\/tr><tr><td>Erdnuss-Sch\u00e4len <br>Maschine<\/td><td>&#8211;<\/td><td>100-200 kg\/h<\/td><td>0,75 kW \/ 380V<\/td><td>1100\u00d7450\u00d71100<\/td><td>Sanfte Reibung, <br>hohe Sch\u00e4lerate<\/td><\/tr><tr><td>Erdnussbutter <br>M\u00fchle<\/td><td>TZ-110<\/td><td>80-100 kg\/h<\/td><td>7,5 kW \/ 380V<\/td><td>700\u00d7430\u00d71000<\/td><td>Einstellbar <br>Dicke 2-100\u03bcm<\/td><\/tr><tr><td>Erdnussbutter <br>F\u00fcllmaschine<\/td><td>&#8211;<\/td><td>400-500 Flaschen\/h<\/td><td>380V<\/td><td>&#8211;<\/td><td>F\u00fcllbereich <br>100-1000ml, <br>Zweikopf<\/td><\/tr><tr><td>Verschluss <br>Maschine<\/td><td>&#8211;<\/td><td>20 St\u00fcck\/min<\/td><td>0,37 kW \/ 380V<\/td><td>630\u00d7240\u00d7940<\/td><td>Flaschenh\u00f6he <br>160-300mm<\/td><\/tr><tr><td>Halbautomatisch <br>Etikettierung <br>Maschine<\/td><td>&#8211;<\/td><td>20-40 Flaschen\/min<\/td><td>100 W \/ 380V<\/td><td>650\u00d7345\u00d7450<\/td><td>Flaschengr\u00f6\u00dfe <br>15-120mm<\/td><\/tr><\/tbody><\/table><figcaption class=\"wp-element-caption\">Technische Daten der halbautomatischen Erdnussbuttermaschinen<\/figcaption><\/figure>    <figure class=\"wp-block-gallery has-nested-images columns-default is-cropped wp-block-gallery-4 is-layout-flex wp-block-gallery-is-layout-flex\"> <figure class=\"wp-block-image size-large\"><img loading=\"lazy\" decoding=\"async\" width=\"720\" height=\"540\" data-id=\"1107\" src=\"https:\/\/www.peanuts-machine.com\/wp-content\/uploads\/2026\/01\/nut-butter-manufacturing-line.webp\" alt=\"Nussbutter-Herstellungsanlage\" class=\"wp-image-1107\" title=\"\" srcset=\"https:\/\/www.peanuts-machine.com\/wp-content\/uploads\/2026\/01\/nut-butter-manufacturing-line.webp 720w, https:\/\/www.peanuts-machine.com\/wp-content\/uploads\/2026\/01\/nut-butter-manufacturing-line-300x225.webp 300w, https:\/\/www.peanuts-machine.com\/wp-content\/uploads\/2026\/01\/nut-butter-manufacturing-line-16x12.webp 16w\" sizes=\"auto, (max-width: 720px) 100vw, 720px\" \/><figcaption class=\"wp-element-caption\">Nussbutter-Herstellungsanlage<\/figcaption><\/figure>    <figure class=\"wp-block-image size-large\"><img loading=\"lazy\" decoding=\"async\" width=\"720\" height=\"540\" data-id=\"1108\" src=\"https:\/\/www.peanuts-machine.com\/wp-content\/uploads\/2026\/01\/semi-automatic-peanut-butter-processing-line.webp\" alt=\"halbautomatisierte Erdnussbutter-Verarbeitungsanlage\" class=\"wp-image-1108\" title=\"\" srcset=\"https:\/\/www.peanuts-machine.com\/wp-content\/uploads\/2026\/01\/semi-automatic-peanut-butter-processing-line.webp 720w, https:\/\/www.peanuts-machine.com\/wp-content\/uploads\/2026\/01\/semi-automatic-peanut-butter-processing-line-300x225.webp 300w, https:\/\/www.peanuts-machine.com\/wp-content\/uploads\/2026\/01\/semi-automatic-peanut-butter-processing-line-16x12.webp 16w\" sizes=\"auto, (max-width: 720px) 100vw, 720px\" \/><figcaption class=\"wp-element-caption\">halbautomatisierte Erdnussbutter-Verarbeitungsanlage<\/figcaption><\/figure> <\/figure>    <p class=\"translation-block\">Neben dieser kompakten halbautomatischen Erdnussbutter-Produktionslinie bieten wir auch <strong><em><a href=\"https:\/\/www.peanuts-machine.com\/de\/product\/peanut-butter-production-line\/\">hochleistungsf\u00e4hige vollautomatische Erdnussbutter-Verarbeitungsanlagen<\/a><\/em><\/strong> an. Diese L\u00f6sungen sind f\u00fcr die gro\u00dfindustrielle Massenproduktion konzipiert und erm\u00f6glichen Unternehmen eine effiziente, kosteng\u00fcnstige und gleichm\u00e4\u00dfige Chargenproduktion. Kontaktieren Sie uns noch heute, um die f\u00fcr Ihre Bed\u00fcrfnisse am besten geeignete Erdnussbutter-Produktionsl\u00f6sung zu entdecken!<\/p>","protected":false},"excerpt":{"rendered":"<p>Die halbau\u0308senzubereitete Erdnussbutter-Verarbeitungsline integriert R\u00f6sten, Sch\u00e4len, Mahlen und F\u00fcllen. Sie ist geeignet f\u00fcr Kleinbetriebe oder Start-up-Fabriken, um eine stabile, standardisierte Nussbutterproduktion zu erreichen.<\/p>","protected":false},"author":1,"featured_media":1127,"parent":0,"template":"","tags":[35],"product-type":[3],"class_list":["post-1105","product","type-product","status-publish","has-post-thumbnail","hentry","tag-peanut-butter","product-type-peanut-processing-lines"],"_links":{"self":[{"href":"https:\/\/www.peanuts-machine.com\/de\/wp-json\/wp\/v2\/product\/1105","targetHints":{"allow":["GET"]}}],"collection":[{"href":"https:\/\/www.peanuts-machine.com\/de\/wp-json\/wp\/v2\/product"}],"about":[{"href":"https:\/\/www.peanuts-machine.com\/de\/wp-json\/wp\/v2\/types\/product"}],"author":[{"embeddable":true,"href":"https:\/\/www.peanuts-machine.com\/de\/wp-json\/wp\/v2\/users\/1"}],"wp:featuredmedia":[{"embeddable":true,"href":"https:\/\/www.peanuts-machine.com\/de\/wp-json\/wp\/v2\/media\/1127"}],"wp:attachment":[{"href":"https:\/\/www.peanuts-machine.com\/de\/wp-json\/wp\/v2\/media?parent=1105"}],"wp:term":[{"taxonomy":"post_tag","embeddable":true,"href":"https:\/\/www.peanuts-machine.com\/de\/wp-json\/wp\/v2\/tags?post=1105"},{"taxonomy":"product-type","embeddable":true,"href":"https:\/\/www.peanuts-machine.com\/de\/wp-json\/wp\/v2\/product-type?post=1105"}],"curies":[{"name":"wp","href":"https:\/\/api.w.org\/{rel}","templated":true}]}}