{"id":1149,"date":"2026-01-28T16:03:52","date_gmt":"2026-01-28T08:03:52","guid":{"rendered":"https:\/\/www.peanuts-machine.com\/?post_type=product&#038;p=1149"},"modified":"2026-01-30T16:55:51","modified_gmt":"2026-01-30T08:55:51","slug":"rice-bar-production-line","status":"publish","type":"product","link":"https:\/\/www.peanuts-machine.com\/de\/product\/rice-bar-production-line\/","title":{"rendered":"Reisbar-Produktionslinie | Automatische Snack-Bar-Maschine"},"content":{"rendered":"<div class=\"kk-star-ratings kksr-auto kksr-align-left kksr-valign-top\"     data-payload='{&quot;align&quot;:&quot;left&quot;,&quot;id&quot;:&quot;1149&quot;,&quot;slug&quot;:&quot;default&quot;,&quot;valign&quot;:&quot;top&quot;,&quot;ignore&quot;:&quot;&quot;,&quot;reference&quot;:&quot;auto&quot;,&quot;class&quot;:&quot;&quot;,&quot;count&quot;:&quot;29&quot;,&quot;legendonly&quot;:&quot;&quot;,&quot;readonly&quot;:&quot;&quot;,&quot;score&quot;:&quot;4.7&quot;,&quot;starsonly&quot;:&quot;&quot;,&quot;best&quot;:&quot;5&quot;,&quot;gap&quot;:&quot;5&quot;,&quot;greet&quot;:&quot;Rate this product&quot;,&quot;legend&quot;:&quot;4.7\\\/5 - (29 votes)&quot;,&quot;size&quot;:&quot;24&quot;,&quot;title&quot;:&quot;Rice Bar Production Line | Automatic Snack Bar Machine&quot;,&quot;width&quot;:&quot;133.8&quot;,&quot;_legend&quot;:&quot;{score}\\\/{best} - ({count} {votes})&quot;,&quot;font_factor&quot;:&quot;1.25&quot;}'>              <div class=\"kksr-stars\">      <div class=\"kksr-stars-inactive\">             <div class=\"kksr-star\" data-star=\"1\" style=\"padding-right: 5px\">               <div class=\"kksr-icon\" style=\"width: 24px; height: 24px;\"><\/div>         <\/div>             <div class=\"kksr-star\" data-star=\"2\" style=\"padding-right: 5px\">               <div class=\"kksr-icon\" style=\"width: 24px; height: 24px;\"><\/div>         <\/div>             <div class=\"kksr-star\" data-star=\"3\" style=\"padding-right: 5px\">               <div class=\"kksr-icon\" style=\"width: 24px; height: 24px;\"><\/div>         <\/div>             <div class=\"kksr-star\" data-star=\"4\" style=\"padding-right: 5px\">               <div class=\"kksr-icon\" style=\"width: 24px; height: 24px;\"><\/div>         <\/div>             <div class=\"kksr-star\" data-star=\"5\" style=\"padding-right: 5px\">               <div class=\"kksr-icon\" style=\"width: 24px; height: 24px;\"><\/div>         <\/div>     <\/div>      <div class=\"kksr-stars-active\" style=\"width: 133.8px;\">             <div class=\"kksr-star\" style=\"padding-right: 5px\">               <div class=\"kksr-icon\" style=\"width: 24px; height: 24px;\"><\/div>         <\/div>             <div class=\"kksr-star\" style=\"padding-right: 5px\">               <div class=\"kksr-icon\" style=\"width: 24px; height: 24px;\"><\/div>         <\/div>             <div class=\"kksr-star\" style=\"padding-right: 5px\">               <div class=\"kksr-icon\" style=\"width: 24px; height: 24px;\"><\/div>         <\/div>             <div class=\"kksr-star\" style=\"padding-right: 5px\">               <div class=\"kksr-icon\" style=\"width: 24px; height: 24px;\"><\/div>         <\/div>             <div class=\"kksr-star\" style=\"padding-right: 5px\">               <div class=\"kksr-icon\" style=\"width: 24px; height: 24px;\"><\/div>         <\/div>     <\/div> <\/div>                   <div class=\"kksr-legend\" style=\"font-size: 19.2px;\">             4,7\/5 - (29 Bewertungen)    <\/div>     <\/div>  <p>Die vollautomatische Puff-Reisbarren-Produktionslinie ist speziell f\u00fcr die kontinuierliche, gro\u00df angelegte Produktion von Puff-Reisb\u00e4llchen, Cerealienb\u00e4llen und verschiedenen puffed Cerealienkonfektprodukten konzipiert. Sie bew\u00e4ltigt kontinuierliche Produktionsanforderungen von ca. 80\u2013150 kg\/h. <\/p>    <p>This integrated system combines puffing, sugar boiling, mixing, molding, and packaging into one unit. It comprehensively meets food processing enterprises&#8217; requirements for efficiency, quality, and diverse product offerings.<\/p>    <figure class=\"wp-block-embed aligncenter is-type-video is-provider-youtube wp-block-embed-youtube wp-embed-aspect-16-9 wp-has-aspect-ratio\"><div class=\"wp-block-embed__wrapper\"> <iframe loading=\"lazy\" title=\"Puffed Rice Cereal Bar Production Line | Efficient &amp; High-Quality \ud83c\udf7f#riceballs #cerealbar\" width=\"500\" height=\"281\" src=\"https:\/\/www.youtube.com\/embed\/OcXKtBMlMGw?feature=oembed\" frameborder=\"0\" allow=\"accelerometer; autoplay; clipboard-write; encrypted-media; gyroscope; picture-in-picture; web-share\" referrerpolicy=\"strict-origin-when-cross-origin\" allowfullscreen><\/iframe> <\/div><figcaption class=\"wp-element-caption\">Automatisches Video der Reisbarren-Produktionslinie<\/figcaption><\/figure>    <h2 class=\"wp-block-heading\">Anwendungen der Reisbarren-Produktionslinie<\/h2>    <p>Diese Puff-Reisb\u00e4llchen-Drehformlinie eignet sich zur Verarbeitung verschiedener Getreide- und Nuss-basierter Snacks. Typische Produkte umfassen, sind aber nicht beschr\u00e4nkt auf:<\/p>    <ul class=\"wp-block-list\"> <li>Puff-Reisb\u00e4llchen \/ Puff-Reisbonbons<\/li>    <li>Getreideb\u00e4lle, Haferb\u00e4lle, Maisb\u00e4lle<\/li>    <li>Nuss-Energieb\u00e4lle, Proteinb\u00e4lle<\/li>    <li>Puff-Reisbonbons, Mehrkornbonbon-Produkte<\/li>    <li>Runde, Zylindrische, Kugelf\u00f6rmige und andere Formen<\/li> <\/ul>    <p>Weit verbreitet in Snackfabriken, S\u00fc\u00dfwarenverarbeitungsbetrieben, Getreideunternehmen und Exportprojekten.<\/p>    <figure class=\"wp-block-gallery has-nested-images columns-default is-cropped wp-block-gallery-2 is-layout-flex wp-block-gallery-is-layout-flex\"> <figure class=\"wp-block-image size-large\"><img loading=\"lazy\" decoding=\"async\" width=\"720\" height=\"540\" data-id=\"1154\" src=\"https:\/\/www.peanuts-machine.com\/wp-content\/uploads\/2026\/01\/rice-snack-bar-production.webp\" alt=\"Reissnack-Riegel\" class=\"wp-image-1154\" title=\"\" srcset=\"https:\/\/www.peanuts-machine.com\/wp-content\/uploads\/2026\/01\/rice-snack-bar-production.webp 720w, https:\/\/www.peanuts-machine.com\/wp-content\/uploads\/2026\/01\/rice-snack-bar-production-300x225.webp 300w, https:\/\/www.peanuts-machine.com\/wp-content\/uploads\/2026\/01\/rice-snack-bar-production-16x12.webp 16w\" sizes=\"auto, (max-width: 720px) 100vw, 720px\" \/><figcaption class=\"wp-element-caption\">Reissnack-Riegel<\/figcaption><\/figure>    <figure class=\"wp-block-image size-large\"><img loading=\"lazy\" decoding=\"async\" width=\"720\" height=\"540\" data-id=\"1153\" src=\"https:\/\/www.peanuts-machine.com\/wp-content\/uploads\/2026\/01\/rice-balls.webp\" alt=\"Reisb\u00e4llchen\" class=\"wp-image-1153\" title=\"\" srcset=\"https:\/\/www.peanuts-machine.com\/wp-content\/uploads\/2026\/01\/rice-balls.webp 720w, https:\/\/www.peanuts-machine.com\/wp-content\/uploads\/2026\/01\/rice-balls-300x225.webp 300w, https:\/\/www.peanuts-machine.com\/wp-content\/uploads\/2026\/01\/rice-balls-16x12.webp 16w\" sizes=\"auto, (max-width: 720px) 100vw, 720px\" \/><figcaption class=\"wp-element-caption\">Reisb\u00e4llchen<\/figcaption><\/figure>    <figure class=\"wp-block-image size-large\"><img loading=\"lazy\" decoding=\"async\" width=\"720\" height=\"540\" data-id=\"1152\" src=\"https:\/\/www.peanuts-machine.com\/wp-content\/uploads\/2026\/01\/cereal-bar.webp\" alt=\"Cerealienriegel\" class=\"wp-image-1152\" title=\"\" srcset=\"https:\/\/www.peanuts-machine.com\/wp-content\/uploads\/2026\/01\/cereal-bar.webp 720w, https:\/\/www.peanuts-machine.com\/wp-content\/uploads\/2026\/01\/cereal-bar-300x225.webp 300w, https:\/\/www.peanuts-machine.com\/wp-content\/uploads\/2026\/01\/cereal-bar-16x12.webp 16w\" sizes=\"auto, (max-width: 720px) 100vw, 720px\" \/><figcaption class=\"wp-element-caption\">Cerealienriegel<\/figcaption><\/figure> <\/figure>    <h2 class=\"wp-block-heading\">Vorteile der Drehformlinie f\u00fcr Reisb\u00e4llchen<\/h2>    <ul class=\"wp-block-list\"> <li>Hohe Automatisierung: kontinuierlicher Betrieb vom Puffen der Zutaten bis zur Formung und Verpackung reduziert die Arbeitskosten erheblich.<\/li>    <li>Konstante Produktformung: Drehformen mit Formen sorgen f\u00fcr gleichm\u00e4\u00dfige Gr\u00f6\u00dfe und Gewicht.<\/li>    <li>Vielseitige Anpassungsf\u00e4higkeit: verarbeitet verschiedene K\u00f6rner, N\u00fcsse und Zutatenkombinationen.<\/li>    <li>Lebensmittelgeeignete Konstruktionsweise: kritische Ausr\u00fcstung aus Edelstahl, entspricht den Hygienestandards.<\/li>    <li>Stabile Ausbeute &amp; hohe Effizienz: ideal f\u00fcr die mittel- bis gro\u00dfskalige, gleichm\u00e4\u00dfige Produktion.<\/li>    <li>Benutzerfreundlicher Betrieb &amp; Wartung: klare Anordnung, kontrollierbare Parameter und geringe Ausfallrate.<\/li> <\/ul>    <h2 class=\"wp-block-heading\">Prozessablauf der Snack-Riegel-Produktion<\/h2>    <p>Die gesamte Reisbarren-Produktionslinie umfasst die folgenden Prozesse:<\/p>    <ul class=\"wp-block-list\"> <li><strong>Getreideaufbl\u00e4hen<\/strong> \u2192 <strong>Zuckerkoche<\/strong> \u2192 <strong>Mischen<\/strong> \u2192 <strong>Drehformung<\/strong> \u2192 <strong>Verpackung<\/strong><\/li> <\/ul>    <figure class=\"wp-block-gallery has-nested-images columns-default is-cropped wp-block-gallery-3 is-layout-flex wp-block-gallery-is-layout-flex\"> <figure class=\"wp-block-image size-large\"><img loading=\"lazy\" decoding=\"async\" width=\"720\" height=\"540\" data-id=\"1155\" src=\"https:\/\/www.peanuts-machine.com\/wp-content\/uploads\/2026\/01\/rice-bar-making-machine.webp\" alt=\"Reisbarren-Herstellungsmaschine\" class=\"wp-image-1155\" title=\"\" srcset=\"https:\/\/www.peanuts-machine.com\/wp-content\/uploads\/2026\/01\/rice-bar-making-machine.webp 720w, https:\/\/www.peanuts-machine.com\/wp-content\/uploads\/2026\/01\/rice-bar-making-machine-300x225.webp 300w, https:\/\/www.peanuts-machine.com\/wp-content\/uploads\/2026\/01\/rice-bar-making-machine-16x12.webp 16w\" sizes=\"auto, (max-width: 720px) 100vw, 720px\" \/><figcaption class=\"wp-element-caption\">Reisbarren-Herstellungsmaschine<\/figcaption><\/figure>    <figure class=\"wp-block-image size-large\"><img loading=\"lazy\" decoding=\"async\" width=\"720\" height=\"540\" data-id=\"1156\" src=\"https:\/\/www.peanuts-machine.com\/wp-content\/uploads\/2026\/01\/rice-bar-production-line.webp\" alt=\"Reisbarren-Produktionslinie\" class=\"wp-image-1156\" title=\"\" srcset=\"https:\/\/www.peanuts-machine.com\/wp-content\/uploads\/2026\/01\/rice-bar-production-line.webp 720w, https:\/\/www.peanuts-machine.com\/wp-content\/uploads\/2026\/01\/rice-bar-production-line-300x225.webp 300w, https:\/\/www.peanuts-machine.com\/wp-content\/uploads\/2026\/01\/rice-bar-production-line-16x12.webp 16w\" sizes=\"auto, (max-width: 720px) 100vw, 720px\" \/><figcaption class=\"wp-element-caption\">Reisbarren-Produktionslinie<\/figcaption><\/figure> <\/figure>    <p>Unten folgt eine detaillierte Einf\u00fchrung in jede Kernmaschine in der Produktionslinie:<\/p>    <h3 class=\"wp-block-heading\">SLP-60 Luftstrom-Puffmaschine<\/h3>    <p>Verwendet f\u00fcr schnelles Puffen von K\u00f6rnern wie Reis, Mais, Weizen, Hafer, Sojabohnen und Hirse. Bewahrt den urspr\u00fcnglichen Geschmack und die N\u00e4hrstoffe bei gleichzeitiger Gew\u00e4hrleistung eines gleichm\u00e4\u00dfigen Puffens.<\/p>    <figure class=\"wp-block-table is-style-stripes\"><table class=\"has-fixed-layout\"><tbody><tr><td><strong>Artikel<\/strong><\/td><td><strong>Spezifikation<\/strong><\/td><\/tr><tr><td>Stromspannung<\/td><td>380V \/ 50Hz<\/td><\/tr><tr><td>Leistung<\/td><td>0,75 kW<\/td><\/tr><tr><td>Kapazit\u00e4t<\/td><td>90\u2013100 kg\/h<\/td><\/tr><tr><td>Gewicht<\/td><td>500 kg<\/td><\/tr><tr><td>Gr\u00f6\u00dfe<\/td><td>1600 \u00d7 820 \u00d7 1370 mm<\/td><\/tr><\/tbody><\/table><figcaption class=\"wp-element-caption\">Technische Parameter der Luftstrom-Puffmaschine<\/figcaption><\/figure>    <h3 class=\"wp-block-heading\">TZ-200 Mantelkochtopfmaschine<\/h3>    <p>Erhitzen, Kochen und Temperaturkontrolle f\u00fcr Sirupe, Honig oder Zuckerl\u00f6sungen. Sorgt f\u00fcr gleichm\u00e4\u00dfiges Erhitzen mit einstellbaren Temperatureinstellungen, geeignet f\u00fcr die kontinuierliche Produktion.<\/p>    <figure class=\"wp-block-table is-style-stripes\"><table class=\"has-fixed-layout\"><tbody><tr><td><strong>Artikel<\/strong><\/td><td><strong>Spezifikation<\/strong><\/td><\/tr><tr><td>Stromspannung<\/td><td>380V \/ 50Hz<\/td><\/tr><tr><td>Leistung<\/td><td>15 kW<\/td><\/tr><tr><td>Durchmesser<\/td><td>\u00d8840 mm<\/td><\/tr><tr><td>Gewicht<\/td><td>480 kg<\/td><\/tr><tr><td>Gr\u00f6\u00dfe<\/td><td>1470 \u00d7 905 \u00d7 990 mm<\/td><\/tr><\/tbody><\/table><figcaption class=\"wp-element-caption\">Technische Daten der Mantelkochtopfmaschine<\/figcaption><\/figure>    <figure class=\"wp-block-gallery has-nested-images columns-default is-cropped wp-block-gallery-4 is-layout-flex wp-block-gallery-is-layout-flex\"> <figure class=\"wp-block-image size-large\"><img loading=\"lazy\" decoding=\"async\" width=\"720\" height=\"540\" data-id=\"1157\" src=\"https:\/\/www.peanuts-machine.com\/wp-content\/uploads\/2026\/01\/puffing-machine.webp\" alt=\"Puffmaschine\" class=\"wp-image-1157\" title=\"\" srcset=\"https:\/\/www.peanuts-machine.com\/wp-content\/uploads\/2026\/01\/puffing-machine.webp 720w, https:\/\/www.peanuts-machine.com\/wp-content\/uploads\/2026\/01\/puffing-machine-300x225.webp 300w, https:\/\/www.peanuts-machine.com\/wp-content\/uploads\/2026\/01\/puffing-machine-16x12.webp 16w\" sizes=\"auto, (max-width: 720px) 100vw, 720px\" \/><figcaption class=\"wp-element-caption\">Puffmaschine<\/figcaption><\/figure>    <figure class=\"wp-block-image size-large\"><img loading=\"lazy\" decoding=\"async\" width=\"720\" height=\"540\" data-id=\"1158\" src=\"https:\/\/www.peanuts-machine.com\/wp-content\/uploads\/2026\/01\/sugar-boiling-pot.webp\" alt=\"Zuckerkochpfanne\" class=\"wp-image-1158\" title=\"\" srcset=\"https:\/\/www.peanuts-machine.com\/wp-content\/uploads\/2026\/01\/sugar-boiling-pot.webp 720w, https:\/\/www.peanuts-machine.com\/wp-content\/uploads\/2026\/01\/sugar-boiling-pot-300x225.webp 300w, https:\/\/www.peanuts-machine.com\/wp-content\/uploads\/2026\/01\/sugar-boiling-pot-16x12.webp 16w\" sizes=\"auto, (max-width: 720px) 100vw, 720px\" \/><figcaption class=\"wp-element-caption\">Zuckerkochpfanne<\/figcaption><\/figure>    <figure class=\"wp-block-image size-large\"><img loading=\"lazy\" decoding=\"async\" width=\"720\" height=\"540\" data-id=\"1159\" src=\"https:\/\/www.peanuts-machine.com\/wp-content\/uploads\/2026\/01\/mixer.webp\" alt=\"Mischer\" class=\"wp-image-1159\" title=\"\" srcset=\"https:\/\/www.peanuts-machine.com\/wp-content\/uploads\/2026\/01\/mixer.webp 720w, https:\/\/www.peanuts-machine.com\/wp-content\/uploads\/2026\/01\/mixer-300x225.webp 300w, https:\/\/www.peanuts-machine.com\/wp-content\/uploads\/2026\/01\/mixer-16x12.webp 16w\" sizes=\"auto, (max-width: 720px) 100vw, 720px\" \/><figcaption class=\"wp-element-caption\">Mischer<\/figcaption><\/figure> <\/figure>    <h3 class=\"wp-block-heading\">TZ-15 Mischmaschine<\/h3>    <p>Vollst\u00e4ndiges Mischen des vorbereiteten Sirups mit Puffk\u00f6rnern, N\u00fcssen und anderen Zutaten. Ausgestattet mit einem Temperaturkontrollsystem und isolierter Struktur, um gleichm\u00e4\u00dfiges Mischen zu gew\u00e4hrleisten und Klumpenbildung zu verhindern.<\/p>    <figure class=\"wp-block-table is-style-stripes\"><table class=\"has-fixed-layout\"><tbody><tr><td><strong>Artikel<\/strong><\/td><td><strong>Spezifikation<\/strong><\/td><\/tr><tr><td>Stromspannung<\/td><td>380V \/ 50Hz<\/td><\/tr><tr><td>Leistung<\/td><td>1,1 kW<\/td><\/tr><tr><td>Kapazit\u00e4t<\/td><td>10 kg \/ Charge<\/td><\/tr><tr><td>Gr\u00f6\u00dfe<\/td><td>700 \u00d7 800 \u00d7 1200 mm<\/td><\/tr><\/tbody><\/table><figcaption class=\"wp-element-caption\">Technische Parameter des Reisbarrenmischers<\/figcaption><\/figure>    <h3 class=\"wp-block-heading\">HY-MZ100 Drehplatte-Formmaschine<\/h3>    <p>Kernformende Ausr\u00fcstung erreicht automatisierte Formung von kugelf\u00f6rmigen, runden, zylindrischen und anderen Produkten durch Drehformen. Erzielt \u00e4sthetisch ansprechende Ergebnisse mit hoher Effizienz.<\/p>    <figure class=\"wp-block-table is-style-stripes\"><table class=\"has-fixed-layout\"><tbody><tr><td><strong>Artikel<\/strong><\/td><td><strong>Spezifikation<\/strong><\/td><\/tr><tr><td>Stromspannung<\/td><td>380V \/ 50Hz<\/td><\/tr><tr><td>Leistung<\/td><td>2,2 kW<\/td><\/tr><tr><td>Kapazit\u00e4t<\/td><td>80\u2013150 kg\/h<\/td><\/tr><tr><td>Gr\u00f6\u00dfe<\/td><td>1160 \u00d7 1160 \u00d7 1380 mm<\/td><\/tr><\/tbody><\/table><figcaption class=\"wp-element-caption\">Technische Parameter der Reisbarren-Formmaschine<\/figcaption><\/figure>    <figure class=\"wp-block-gallery has-nested-images columns-default is-cropped wp-block-gallery-5 is-layout-flex wp-block-gallery-is-layout-flex\"> <figure class=\"wp-block-image size-large\"><img loading=\"lazy\" decoding=\"async\" width=\"720\" height=\"540\" data-id=\"1161\" src=\"https:\/\/www.peanuts-machine.com\/wp-content\/uploads\/2026\/01\/machine-internal-view.webp\" alt=\"Maschinen-Innenansicht\" class=\"wp-image-1161\" title=\"\" srcset=\"https:\/\/www.peanuts-machine.com\/wp-content\/uploads\/2026\/01\/machine-internal-view.webp 720w, https:\/\/www.peanuts-machine.com\/wp-content\/uploads\/2026\/01\/machine-internal-view-300x225.webp 300w, https:\/\/www.peanuts-machine.com\/wp-content\/uploads\/2026\/01\/machine-internal-view-16x12.webp 16w\" sizes=\"auto, (max-width: 720px) 100vw, 720px\" \/><figcaption class=\"wp-element-caption\">Maschinen-Innenansicht<\/figcaption><\/figure>    <figure class=\"wp-block-image size-large\"><img loading=\"lazy\" decoding=\"async\" width=\"720\" height=\"540\" data-id=\"1160\" src=\"https:\/\/www.peanuts-machine.com\/wp-content\/uploads\/2026\/01\/cereal-bar-machine-mold.webp\" alt=\"Cerealienriegel-Maschineform\" class=\"wp-image-1160\" title=\"\" srcset=\"https:\/\/www.peanuts-machine.com\/wp-content\/uploads\/2026\/01\/cereal-bar-machine-mold.webp 720w, https:\/\/www.peanuts-machine.com\/wp-content\/uploads\/2026\/01\/cereal-bar-machine-mold-300x225.webp 300w, https:\/\/www.peanuts-machine.com\/wp-content\/uploads\/2026\/01\/cereal-bar-machine-mold-16x12.webp 16w\" sizes=\"auto, (max-width: 720px) 100vw, 720px\" \/><figcaption class=\"wp-element-caption\">Cerealienriegel-Maschineform<\/figcaption><\/figure>    <figure class=\"wp-block-image size-large\"><img loading=\"lazy\" decoding=\"async\" width=\"720\" height=\"540\" data-id=\"1162\" src=\"https:\/\/www.peanuts-machine.com\/wp-content\/uploads\/2026\/01\/rice-ball-forming-machine.webp\" alt=\"Reisb\u00e4llchen-Formmaschine\" class=\"wp-image-1162\" title=\"\" srcset=\"https:\/\/www.peanuts-machine.com\/wp-content\/uploads\/2026\/01\/rice-ball-forming-machine.webp 720w, https:\/\/www.peanuts-machine.com\/wp-content\/uploads\/2026\/01\/rice-ball-forming-machine-300x225.webp 300w, https:\/\/www.peanuts-machine.com\/wp-content\/uploads\/2026\/01\/rice-ball-forming-machine-16x12.webp 16w\" sizes=\"auto, (max-width: 720px) 100vw, 720px\" \/><figcaption class=\"wp-element-caption\">Reisb\u00e4llchen-Formmaschine<\/figcaption><\/figure> <\/figure>    <h3 class=\"wp-block-heading\">TZ-320 Verpackungsmaschine<\/h3>    <p>Geeignet f\u00fcr Hochgeschwindigkeitsverpackung verschiedener regelm\u00e4\u00dfig geformter Lebensmittel wie Puff-Reisb\u00e4llchen, Puff-Reisbonbons, Sacha-Kekse und Energieriegel. Mit attraktiven Dichtungen und hoher Anpassungsf\u00e4higkeit.<\/p>    <figure class=\"wp-block-table is-style-stripes\"><table class=\"has-fixed-layout\"><tbody><tr><td><strong>Artikel<\/strong><\/td><td><strong>Spezifikation<\/strong><\/td><\/tr><tr><td>Stromspannung<\/td><td>220V<\/td><\/tr><tr><td>Leistung<\/td><td>2,5 kW<\/td><\/tr><tr><td>Verpackungsgeschwindigkeit<\/td><td>50\u2013300 St\u00fcck\/Min<\/td><\/tr><tr><td>Verpackungsgr\u00f6\u00dfe<\/td><td>L: 50\u2013300 mm \/ B: 50\u2013310 mm \/ H: 5\u201360 mm<\/td><\/tr><tr><td>Maschinengr\u00f6\u00dfe<\/td><td>3800 \u00d7 780 \u00d7 1500 mm<\/td><\/tr><\/tbody><\/table><figcaption class=\"wp-element-caption\">Technische Daten der Cerealienriegel-Verpackungsmaschine<\/figcaption><\/figure>    <h2 class=\"wp-block-heading\">Abschluss<\/h2>    <p>Die Puff-Reisbarren-Produktionslinie ist dank ihrer flexiblen und vielf\u00e4ltigen Formmethoden zur Verarbeitung von Cerealienb\u00e4llen und puffed Konfektprodukten eine ideale L\u00f6sung geworden. Diese Produktionslinie eignet sich sowohl f\u00fcr gro\u00dfvolumige, standardisierte Produktion als auch f\u00fcr flexible Konfigurationen, um unterschiedliche Produkt- und Kapazit\u00e4tsanforderungen zu erf\u00fcllen.<\/p>    <p class=\"translation-block\">Zus\u00e4tzlich bieten wir eine Reihe von Erdnuss- und Nuss-Snack-Verarbeitungsmaschinen, wie <strong><em><a href=\"https:\/\/www.peanuts-machine.com\/de\/product\/peanut-cereal-bar-production-line\/\">Erdnussbonbon-Produktionslinien<\/a><\/em><\/strong>, um unterschiedliche Produktformen und Marktpositionierungsanforderungen zu erf\u00fcllen. Kontaktieren Sie uns jederzeit f\u00fcr die Maschinenauswahl und L\u00f6sungsplanung. Wir bieten professionelle, effiziente Komplettservices.<\/p>","protected":false},"excerpt":{"rendered":"<p>Die Reisbars-Produktionslinie integriert Prozesse wie Puffing, Zuckerguss, Mischen, Formen und Verpacken. Sie produziert effizient Puffreis-Kugeln, Cerealien-Kugeln und verschiedene auf N\u00fcssen basierende Konfekt-Produkte.<\/p>","protected":false},"author":1,"featured_media":1163,"parent":0,"template":"","tags":[45,59],"product-type":[3],"class_list":["post-1149","product","type-product","status-publish","has-post-thumbnail","hentry","tag-cereal-bar","tag-rice-bar","product-type-peanut-processing-lines"],"_links":{"self":[{"href":"https:\/\/www.peanuts-machine.com\/de\/wp-json\/wp\/v2\/product\/1149","targetHints":{"allow":["GET"]}}],"collection":[{"href":"https:\/\/www.peanuts-machine.com\/de\/wp-json\/wp\/v2\/product"}],"about":[{"href":"https:\/\/www.peanuts-machine.com\/de\/wp-json\/wp\/v2\/types\/product"}],"author":[{"embeddable":true,"href":"https:\/\/www.peanuts-machine.com\/de\/wp-json\/wp\/v2\/users\/1"}],"wp:featuredmedia":[{"embeddable":true,"href":"https:\/\/www.peanuts-machine.com\/de\/wp-json\/wp\/v2\/media\/1163"}],"wp:attachment":[{"href":"https:\/\/www.peanuts-machine.com\/de\/wp-json\/wp\/v2\/media?parent=1149"}],"wp:term":[{"taxonomy":"post_tag","embeddable":true,"href":"https:\/\/www.peanuts-machine.com\/de\/wp-json\/wp\/v2\/tags?post=1149"},{"taxonomy":"product-type","embeddable":true,"href":"https:\/\/www.peanuts-machine.com\/de\/wp-json\/wp\/v2\/product-type?post=1149"}],"curies":[{"name":"wp","href":"https:\/\/api.w.org\/{rel}","templated":true}]}}