{"id":1196,"date":"2026-02-05T17:18:13","date_gmt":"2026-02-05T09:18:13","guid":{"rendered":"https:\/\/www.peanuts-machine.com\/?post_type=product&#038;p=1196"},"modified":"2026-02-05T17:32:39","modified_gmt":"2026-02-05T09:32:39","slug":"weighing-packaging-machine","status":"publish","type":"product","link":"https:\/\/www.peanuts-machine.com\/de\/product\/weighing-packaging-machine\/","title":{"rendered":"10-Kopf-Wiegeverpackungsmaschine | Wiegeverpackungsmaschine"},"content":{"rendered":"<div class=\"kk-star-ratings kksr-auto kksr-align-left kksr-valign-top\"     data-payload='{&quot;align&quot;:&quot;left&quot;,&quot;id&quot;:&quot;1196&quot;,&quot;slug&quot;:&quot;default&quot;,&quot;valign&quot;:&quot;top&quot;,&quot;ignore&quot;:&quot;&quot;,&quot;reference&quot;:&quot;auto&quot;,&quot;class&quot;:&quot;&quot;,&quot;count&quot;:&quot;6&quot;,&quot;legendonly&quot;:&quot;&quot;,&quot;readonly&quot;:&quot;&quot;,&quot;score&quot;:&quot;4.5&quot;,&quot;starsonly&quot;:&quot;&quot;,&quot;best&quot;:&quot;5&quot;,&quot;gap&quot;:&quot;5&quot;,&quot;greet&quot;:&quot;Rate this product&quot;,&quot;legend&quot;:&quot;4.5\\\/5 - (6 votes)&quot;,&quot;size&quot;:&quot;24&quot;,&quot;title&quot;:&quot;10 Heads Weighing Packaging Machine | Weigher Packing Machine&quot;,&quot;width&quot;:&quot;128&quot;,&quot;_legend&quot;:&quot;{score}\\\/{best} - ({count} {votes})&quot;,&quot;font_factor&quot;:&quot;1.25&quot;}'>              <div class=\"kksr-stars\">      <div class=\"kksr-stars-inactive\">             <div class=\"kksr-star\" data-star=\"1\" style=\"padding-right: 5px\">               <div class=\"kksr-icon\" style=\"width: 24px; height: 24px;\"><\/div>         <\/div>             <div class=\"kksr-star\" data-star=\"2\" style=\"padding-right: 5px\">               <div class=\"kksr-icon\" style=\"width: 24px; height: 24px;\"><\/div>         <\/div>             <div class=\"kksr-star\" data-star=\"3\" style=\"padding-right: 5px\">               <div class=\"kksr-icon\" style=\"width: 24px; height: 24px;\"><\/div>         <\/div>             <div class=\"kksr-star\" data-star=\"4\" style=\"padding-right: 5px\">               <div class=\"kksr-icon\" style=\"width: 24px; height: 24px;\"><\/div>         <\/div>             <div class=\"kksr-star\" data-star=\"5\" style=\"padding-right: 5px\">               <div class=\"kksr-icon\" style=\"width: 24px; height: 24px;\"><\/div>         <\/div>     <\/div>      <div class=\"kksr-stars-active\" style=\"width: 128px;\">             <div class=\"kksr-star\" style=\"padding-right: 5px\">               <div class=\"kksr-icon\" style=\"width: 24px; height: 24px;\"><\/div>         <\/div>             <div class=\"kksr-star\" style=\"padding-right: 5px\">               <div class=\"kksr-icon\" style=\"width: 24px; height: 24px;\"><\/div>         <\/div>             <div class=\"kksr-star\" style=\"padding-right: 5px\">               <div class=\"kksr-icon\" style=\"width: 24px; height: 24px;\"><\/div>         <\/div>             <div class=\"kksr-star\" style=\"padding-right: 5px\">               <div class=\"kksr-icon\" style=\"width: 24px; height: 24px;\"><\/div>         <\/div>             <div class=\"kksr-star\" style=\"padding-right: 5px\">               <div class=\"kksr-icon\" style=\"width: 24px; height: 24px;\"><\/div>         <\/div>     <\/div> <\/div>                   <div class=\"kksr-legend\" style=\"font-size: 19.2px;\">             4,5\/5 - (6 Bewertungen)    <\/div>     <\/div>  <p>Die 10-Kopf-Wiegeverpackungsmaschine ist speziell f\u00fcr granulare, pulverf\u00f6rmige und gro\u00dfe Blockmaterialien konzipiert. Diese Maschine integriert eine zehnk\u00f6pfige elektronische Kombinationswaage mit einer vertikalen Verpackungsmaschine und erm\u00f6glicht vollautomatische Abl\u00e4ufe vom Wiegen, Bef\u00fcllen, Beutelbildung, Versiegeln, Schneiden bis hin zum Produkttransport.<\/p>    <p>Ausgestattet mit einem programmierbaren SPS-Steuerungssystem und einer gro\u00dfen Touchscreen-Oberfl\u00e4che erreicht die Maschine Verpackungsgeschwindigkeiten von bis zu 50 Beuteln pro Minute. Durch den Einsatz von Servosteuerung und hochpr\u00e4zisen elektronischen Waagen liefert sie Genauigkeiten innerhalb von \u00b11 %. Dies gew\u00e4hrleistet \u00e4sthetisch ansprechende, ma\u00dfgenaue Verpackungen bei der Verwendung verschiedener Materialien und Verpackungsformate.<\/p>    <figure class=\"wp-block-embed aligncenter is-type-video is-provider-youtube wp-block-embed-youtube wp-embed-aspect-16-9 wp-has-aspect-ratio\"><div class=\"wp-block-embed__wrapper\"> <iframe loading=\"lazy\" title=\"10-Kopf-Wiegeverpackungsmaschine | Hochgeschwindigkeitsgenaues automatisches Verpacken#Verpackung #Verpackungsmaschine\" width=\"500\" height=\"281\" src=\"https:\/\/www.youtube.com\/embed\/ZyrYHaxCDSs?feature=oembed\" frameborder=\"0\" allow=\"accelerometer; autoplay; clipboard-write; encrypted-media; gyroscope; picture-in-picture; web-share\" referrerpolicy=\"strict-origin-when-cross-origin\" allowfullscreen><\/iframe> <\/div><figcaption class=\"wp-element-caption\">Arbeitsvideo der automatischen Wiegeverpackungsmaschine<\/figcaption><\/figure>    <h2 class=\"wp-block-heading\">Anwendungen der Wiegeverpackungsmaschine<\/h2>    <ul class=\"wp-block-list\"> <li><strong>Lebensmittelindustrie:<\/strong> Automatisches Wiegen und Verpacken von Snack-Lebensmitteln wie Puff-Snacks (z.B. Kartoffelchips, Reiskekse, Garnelenspiralen), Gro\u00dfschalen-N\u00fcssen (Waln\u00fcsse, Pistazien), S\u00fc\u00dfigkeiten, Melonensamen, kleinen Keksen, Obst\/Gem\u00fcse-Chips, Schokolade, eingelegten Pflaumen, ger\u00f6steten N\u00fcssen und Gelees.<\/li>    <li><strong>Nicht-Lebensmittelindustrie:<\/strong> Quantitative Verpackung von granularem, blockf\u00f6rmigem und streifenf\u00f6rmigem Material f\u00fcr Tiernahrung und kleine Hardwarekomponenten.<\/li>    <li><strong>Pulver- und Fl\u00fcssigkeitsmaterialien:<\/strong> geeignet f\u00fcr pulverf\u00f6rmige und fl\u00fcssige Pastenmaterialien (z.B. Milchpulver, Sojapulver).<\/li> <\/ul>    <figure class=\"wp-block-gallery has-nested-images columns-default is-cropped wp-block-gallery-2 is-layout-flex wp-block-gallery-is-layout-flex\"> <figure class=\"wp-block-image size-large\"><img loading=\"lazy\" decoding=\"async\" width=\"720\" height=\"540\" data-id=\"1202\" src=\"https:\/\/www.peanuts-machine.com\/wp-content\/uploads\/2026\/02\/machine-applicable-materials.webp\" alt=\"Maschinenanwendbare Materialien\" class=\"wp-image-1202\" title=\"\" srcset=\"https:\/\/www.peanuts-machine.com\/wp-content\/uploads\/2026\/02\/machine-applicable-materials.webp 720w, https:\/\/www.peanuts-machine.com\/wp-content\/uploads\/2026\/02\/machine-applicable-materials-300x225.webp 300w, https:\/\/www.peanuts-machine.com\/wp-content\/uploads\/2026\/02\/machine-applicable-materials-16x12.webp 16w\" sizes=\"auto, (max-width: 720px) 100vw, 720px\" \/><figcaption class=\"wp-element-caption\">Maschinenanwendbare Materialien<\/figcaption><\/figure>    <figure class=\"wp-block-image size-large\"><img loading=\"lazy\" decoding=\"async\" width=\"720\" height=\"540\" data-id=\"1203\" src=\"https:\/\/www.peanuts-machine.com\/wp-content\/uploads\/2026\/02\/packing-machine-applications.webp\" alt=\"Verpackungsmaschinenanwendungen\" class=\"wp-image-1203\" title=\"\" srcset=\"https:\/\/www.peanuts-machine.com\/wp-content\/uploads\/2026\/02\/packing-machine-applications.webp 720w, https:\/\/www.peanuts-machine.com\/wp-content\/uploads\/2026\/02\/packing-machine-applications-300x225.webp 300w, https:\/\/www.peanuts-machine.com\/wp-content\/uploads\/2026\/02\/packing-machine-applications-16x12.webp 16w\" sizes=\"auto, (max-width: 720px) 100vw, 720px\" \/><figcaption class=\"wp-element-caption\">Verpackungsmaschinenanwendungen<\/figcaption><\/figure> <\/figure>    <h2 class=\"wp-block-heading\">Merkmale der Mehrkopf-Wiegef\u00fcllmaschine<\/h2>    <ul class=\"wp-block-list\"> <li>Hohe Pr\u00e4zision und Effizienz: Jeder der zehn K\u00f6pfe in der elektronischen Kombinationswaage erkennt die Materialien unabh\u00e4ngig und kombiniert sie automatisch, um das n\u00e4chstliegende Zielgewicht zu erreichen. Die Genauigkeit betr\u00e4gt \u00b11 %, mit Verpackungsgeschwindigkeiten von 5 bis 50 Beuteln pro Minute.<\/li>    <li>Vollautomatisierte Integration: F\u00fchrt automatisch das Anheben des Trichters, das Wiegen, das Beutelbilden, Bef\u00fcllen, Versiegeln\/Schneiden und Kodieren durch, reduziert manuelle Eingriffe und Fehlerquoten.<\/li>    <li>Einfache Bedienung: verf\u00fcgt \u00fcber einen gro\u00dfen Farb-Touchscreen mit drei Sprachschnittstellen f\u00fcr eine schnelle Einrichtung der Verpackungsl\u00e4nge, -geschwindigkeit und -schnittmethode. Abweichungsanpassungen erfordern kein Werkzeug.<\/li>    <li>Hohe Stabilit\u00e4t und Hygiene: vollst\u00e4ndig aus Edelstahl gefertigt f\u00fcr Sauberkeit und Hygiene. Geschlossene Mechanismen verhindern Staubeintritt. Unabh\u00e4ngige pneumatische und elektrische Schaltungen sorgen f\u00fcr niedrigen Ger\u00e4uschpegel und stabile elektrische Leistung.<\/li>    <li>Hohe Flexibilit\u00e4t: konfigurierbar mit Z-Typ-Aufz\u00fcgen, Einzel- oder Kontinuierliches-Beutel-Schneiden und Perforationsvorrichtungen, um sowohl fragile als auch nicht-fragile Materialien zu verarbeiten.<\/li> <\/ul>    <figure class=\"wp-block-gallery has-nested-images columns-default is-cropped wp-block-gallery-3 is-layout-flex wp-block-gallery-is-layout-flex\"> <figure class=\"wp-block-image size-large\"><img loading=\"lazy\" decoding=\"async\" width=\"540\" height=\"720\" data-id=\"1206\" src=\"https:\/\/www.peanuts-machine.com\/wp-content\/uploads\/2026\/02\/packing-machine-for-food.webp\" alt=\"Verpackungsmaschine f\u00fcr Lebensmittel\" class=\"wp-image-1206\" title=\"\" srcset=\"https:\/\/www.peanuts-machine.com\/wp-content\/uploads\/2026\/02\/packing-machine-for-food.webp 540w, https:\/\/www.peanuts-machine.com\/wp-content\/uploads\/2026\/02\/packing-machine-for-food-225x300.webp 225w, https:\/\/www.peanuts-machine.com\/wp-content\/uploads\/2026\/02\/packing-machine-for-food-9x12.webp 9w\" sizes=\"auto, (max-width: 540px) 100vw, 540px\" \/><figcaption class=\"wp-element-caption\">Verpackungsmaschine f\u00fcr Lebensmittel<\/figcaption><\/figure>    <figure class=\"wp-block-image size-large\"><img loading=\"lazy\" decoding=\"async\" width=\"540\" height=\"720\" data-id=\"1204\" src=\"https:\/\/www.peanuts-machine.com\/wp-content\/uploads\/2026\/02\/10-head-weighing-packaging-machine.webp\" alt=\"10-Kopf-Wiegeverpackungsmaschine\" class=\"wp-image-1204\" title=\"\" srcset=\"https:\/\/www.peanuts-machine.com\/wp-content\/uploads\/2026\/02\/10-head-weighing-packaging-machine.webp 540w, https:\/\/www.peanuts-machine.com\/wp-content\/uploads\/2026\/02\/10-head-weighing-packaging-machine-225x300.webp 225w, https:\/\/www.peanuts-machine.com\/wp-content\/uploads\/2026\/02\/10-head-weighing-packaging-machine-9x12.webp 9w\" sizes=\"auto, (max-width: 540px) 100vw, 540px\" \/><figcaption class=\"wp-element-caption\">10-Kopf-Wiegeverpackungsmaschine<\/figcaption><\/figure>    <figure class=\"wp-block-image size-large\"><img loading=\"lazy\" decoding=\"async\" width=\"540\" height=\"720\" data-id=\"1205\" src=\"https:\/\/www.peanuts-machine.com\/wp-content\/uploads\/2026\/02\/multihead-weigher-packing-machine.webp\" alt=\"Mehrkopf-Wiegverpackungsmaschine\" class=\"wp-image-1205\" title=\"\" srcset=\"https:\/\/www.peanuts-machine.com\/wp-content\/uploads\/2026\/02\/multihead-weigher-packing-machine.webp 540w, https:\/\/www.peanuts-machine.com\/wp-content\/uploads\/2026\/02\/multihead-weigher-packing-machine-225x300.webp 225w, https:\/\/www.peanuts-machine.com\/wp-content\/uploads\/2026\/02\/multihead-weigher-packing-machine-9x12.webp 9w\" sizes=\"auto, (max-width: 540px) 100vw, 540px\" \/><figcaption class=\"wp-element-caption\">Mehrkopf-Wiegverpackungsmaschine<\/figcaption><\/figure> <\/figure>    <h2 class=\"wp-block-heading\">Spezifikationen der automatischen 10-Kopf-Verpackungsmaschine<\/h2>    <figure class=\"wp-block-table is-style-stripes\"><table class=\"has-fixed-layout\"><tbody><tr><td><strong>Modell<\/strong><\/td><td><strong>TH-720<\/strong><\/td><\/tr><tr><td>Beutel\u00e4nge<\/td><td>100-500mm (L)<\/td><\/tr><tr><td>Beutelbreite<\/td><td>180-350mm (W)<\/td><\/tr><tr><td>Maximale Rollfilm-Breite<\/td><td>720mm<\/td><\/tr><tr><td>Verpackungsgeschwindigkeit<\/td><td>5-50 Beutel\/min<\/td><\/tr><tr><td>Messbereich<\/td><td>6000ml (Max)<\/td><\/tr><tr><td>Luftdruck<\/td><td>0,65 Mpa<\/td><\/tr><tr><td>Gasverbrauch<\/td><td>0,4 m\u00b3\/min<\/td><\/tr><tr><td>Netzspannung<\/td><td>220VAC\/50Hz<\/td><\/tr><tr><td>Leistung<\/td><td>5Kw<\/td><\/tr><tr><td>Abmessungen (L\u00d7B\u00d7H)<\/td><td>1780\u00d71350\u00d71950mm<\/td><\/tr><\/tbody><\/table><figcaption class=\"wp-element-caption\">Technische Parameter der automatischen Wiegeverpackungsmaschine<\/figcaption><\/figure>    <h2 class=\"wp-block-heading\">Maschinenaufbau und Arbeitsprinzip<\/h2>    <h3 class=\"wp-block-heading\">Z-Typ Materialaufzug<\/h3>    <ul class=\"wp-block-list\"> <li>Verf\u00fcgt \u00fcber 304 Edelstahlbeh\u00e4lter f\u00fcr gleichm\u00e4\u00dfige Materialentladung, mit gummierten Kanten zur Vermeidung von Verstopfungen durch feine Partikel.<\/li>    <li>Ausgestattet mit einem einstellbaren Vibrationsmechanismus, um einen reibungslosen Materialfluss in die \u00dcbertragungskiste zu gew\u00e4hrleisten.<\/li>    <li>Eigenes Elektronikschrank- und Snap-on-Design erleichtert Wartung und Kettenspannungseinstellung.<\/li> <\/ul>    <h3 class=\"wp-block-heading\">10-Kopf Elektronischer Kombinationswager<\/h3>    <ul class=\"wp-block-list\"> <li>Jeder Kopf verf\u00fcgt \u00fcber eine unabh\u00e4ngige elektronische Waage mit Pr\u00e4zisionssensoren zur Material\u00fcberwachung.<\/li>    <li>Maximale Kapazit\u00e4t: 6kg. Vibrator unterst\u00fctzt die Materialentladung.<\/li>    <li>Ausgestattet mit einem 9,7-Zoll-SPS-Touchscreen, der mehrsprachige Bedienoberfl\u00e4chen unterst\u00fctzt.<\/li> <\/ul>    <h3 class=\"wp-block-heading\">Vertikaler Beutelbef\u00fcller<\/h3>    <ul class=\"wp-block-list\"> <li>Servo-gesteuert f\u00fcr hochpr\u00e4zise Beutelbildung und -schnitt.<\/li>    <li>Einstellbare Verpackungsgeschwindigkeit, Beutel-L\u00e4nge und Schneidertemperatur; unterst\u00fctzt Einzelbeutel- oder Kontinuierliches-Beutel-Schneiden.<\/li>    <li>Automatische Alarmdiagnosen verbessern die Produktionssicherheit.<\/li> <\/ul>    <h3 class=\"wp-block-heading\">Elektronische Waagenarbeitsplattform<\/h3>    <ul class=\"wp-block-list\"> <li>Vierseitige rutschfeste Schutzgel\u00e4nder mit vier abnehmbaren Beinen f\u00fcr erh\u00f6hte Sicherheit.<\/li>    <li>Bietet stabile Unterst\u00fctzung f\u00fcr einfache Bedienung und Wartung.<\/li> <\/ul>    <h3 class=\"wp-block-heading\">Entladerollband<\/h3>    <ul class=\"wp-block-list\"> <li>Merkmale mit einstellbarer \u00dcbertragungsgeschwindigkeit.<\/li>    <li>Aus PVC mit Rollen f\u00fcr einfache Mobilit\u00e4t gefertigt.<\/li> <\/ul>    <figure class=\"wp-block-gallery has-nested-images columns-default is-cropped wp-block-gallery-4 is-layout-flex wp-block-gallery-is-layout-flex\"> <figure class=\"wp-block-image size-large\"><img loading=\"lazy\" decoding=\"async\" width=\"720\" height=\"540\" data-id=\"1207\" src=\"https:\/\/www.peanuts-machine.com\/wp-content\/uploads\/2026\/02\/automatic-bagging-machine.webp\" alt=\"Automatische Beutelmaschine\" class=\"wp-image-1207\" title=\"\" srcset=\"https:\/\/www.peanuts-machine.com\/wp-content\/uploads\/2026\/02\/automatic-bagging-machine.webp 720w, https:\/\/www.peanuts-machine.com\/wp-content\/uploads\/2026\/02\/automatic-bagging-machine-300x225.webp 300w, https:\/\/www.peanuts-machine.com\/wp-content\/uploads\/2026\/02\/automatic-bagging-machine-16x12.webp 16w\" sizes=\"auto, (max-width: 720px) 100vw, 720px\" \/><figcaption class=\"wp-element-caption\">Automatische Beutelmaschine<\/figcaption><\/figure>    <figure class=\"wp-block-image size-large\"><img loading=\"lazy\" decoding=\"async\" width=\"720\" height=\"540\" data-id=\"1208\" src=\"https:\/\/www.peanuts-machine.com\/wp-content\/uploads\/2026\/02\/automatic-packing-equipment.webp\" alt=\"Automatische Verpackungsausr\u00fcstung\" class=\"wp-image-1208\" title=\"\" srcset=\"https:\/\/www.peanuts-machine.com\/wp-content\/uploads\/2026\/02\/automatic-packing-equipment.webp 720w, https:\/\/www.peanuts-machine.com\/wp-content\/uploads\/2026\/02\/automatic-packing-equipment-300x225.webp 300w, https:\/\/www.peanuts-machine.com\/wp-content\/uploads\/2026\/02\/automatic-packing-equipment-16x12.webp 16w\" sizes=\"auto, (max-width: 720px) 100vw, 720px\" \/><figcaption class=\"wp-element-caption\">Automatische Wiegeverpackungsmaschine<\/figcaption><\/figure> <\/figure>    <h3 class=\"wp-block-heading\">Arbeitsablauf<\/h3>    <ol class=\"wp-block-list\"> <li>Materialien werden \u00fcber einen Z-Typ-Aufzug zur zehnk\u00f6pfigen elektronischen Waage transportiert. <\/li>    <li>Jeder Wiegekopf arbeitet unabh\u00e4ngig und kombiniert automatisch das n\u00e4chstliegende Verh\u00e4ltnis zum Zielgewicht. <\/li>    <li>Materialien werden dann aus den Wiegebeh\u00e4ltern in die vertikale Verpackungsmaschine freigegeben, wo Beutelbildung, Bef\u00fcllung, Versiegelung und Entladung abgeschlossen werden, was eine vollautomatische Verpackung erm\u00f6glicht.<\/li> <\/ol>    <h2 class=\"wp-block-heading\">Abschluss<\/h2>    <p class=\"translation-block\">Wenn Ihre Produktspezifikationen, Produktionskapazit\u00e4tsanforderungen oder Ihr Budget abweichen, k\u00f6nnen wir auch passendere L\u00f6sungen anbieten. Zum Beispiel <strong><em><a href=\"https:\/\/www.peanuts-machine.com\/de\/product\/4-heads-weigh-filling-machine\/\">4-Kopf-Wiegeverpackungsmaschinen<\/a><\/em><\/strong>, <strong><em><a href=\"https:\/\/www.peanuts-machine.com\/de\/product\/rotary-pouch-packing-machine\/\">Drehteller-Granulatverpackungsmaschinen<\/a><\/em><\/strong> und andere kundenspezifische Ger\u00e4te, die vielf\u00e4ltige Material- und Verpackungsformatanforderungen erf\u00fcllen. <\/p>    <p>Z\u00f6gern Sie nicht, uns jederzeit f\u00fcr professionelle Beratung bei der Auswahl und detaillierte L\u00f6sungen zu kontaktieren. Wir erstellen eine effiziente und zuverl\u00e4ssige Verpackungsproduktionslinie speziell f\u00fcr Sie.<\/p>","protected":false},"excerpt":{"rendered":"<p>Die 10-Kopf-Wiegeverpackungsmaschine integriert hochpr\u00e4zises Wiegen und effizientes Verpacken. Sie eignet sich f\u00fcr die automatisierte Verpackung verschiedener granul\u00e4rer, pulverf\u00f6rmiger und gro\u00dfer Blockmaterialien.<\/p>","protected":false},"author":1,"featured_media":1209,"parent":0,"template":"","tags":[56,36],"product-type":[60,46],"class_list":["post-1196","product","type-product","status-publish","has-post-thumbnail","hentry","tag-nut","tag-peanut","product-type-packaging-machine","product-type-products"],"_links":{"self":[{"href":"https:\/\/www.peanuts-machine.com\/de\/wp-json\/wp\/v2\/product\/1196","targetHints":{"allow":["GET"]}}],"collection":[{"href":"https:\/\/www.peanuts-machine.com\/de\/wp-json\/wp\/v2\/product"}],"about":[{"href":"https:\/\/www.peanuts-machine.com\/de\/wp-json\/wp\/v2\/types\/product"}],"author":[{"embeddable":true,"href":"https:\/\/www.peanuts-machine.com\/de\/wp-json\/wp\/v2\/users\/1"}],"wp:featuredmedia":[{"embeddable":true,"href":"https:\/\/www.peanuts-machine.com\/de\/wp-json\/wp\/v2\/media\/1209"}],"wp:attachment":[{"href":"https:\/\/www.peanuts-machine.com\/de\/wp-json\/wp\/v2\/media?parent=1196"}],"wp:term":[{"taxonomy":"post_tag","embeddable":true,"href":"https:\/\/www.peanuts-machine.com\/de\/wp-json\/wp\/v2\/tags?post=1196"},{"taxonomy":"product-type","embeddable":true,"href":"https:\/\/www.peanuts-machine.com\/de\/wp-json\/wp\/v2\/product-type?post=1196"}],"curies":[{"name":"wp","href":"https:\/\/api.w.org\/{rel}","templated":true}]}}