{"id":1225,"date":"2026-02-06T15:41:20","date_gmt":"2026-02-06T07:41:20","guid":{"rendered":"https:\/\/www.peanuts-machine.com\/?post_type=product&#038;p=1225"},"modified":"2026-02-06T15:41:21","modified_gmt":"2026-02-06T07:41:21","slug":"vacuum-packaging-machine","status":"publish","type":"product","link":"https:\/\/www.peanuts-machine.com\/de\/product\/vacuum-packaging-machine\/","title":{"rendered":"Vakuumverpackungsmaschine | Lebensmittel- und Nussverpackungsmaschine"},"content":{"rendered":"<div class=\"kk-star-ratings kksr-auto kksr-align-left kksr-valign-top\"     data-payload='{&quot;align&quot;:&quot;left&quot;,&quot;id&quot;:&quot;1225&quot;,&quot;slug&quot;:&quot;default&quot;,&quot;valign&quot;:&quot;top&quot;,&quot;ignore&quot;:&quot;&quot;,&quot;reference&quot;:&quot;auto&quot;,&quot;class&quot;:&quot;&quot;,&quot;count&quot;:&quot;26&quot;,&quot;legendonly&quot;:&quot;&quot;,&quot;readonly&quot;:&quot;&quot;,&quot;score&quot;:&quot;4.6&quot;,&quot;starsonly&quot;:&quot;&quot;,&quot;best&quot;:&quot;5&quot;,&quot;gap&quot;:&quot;5&quot;,&quot;greet&quot;:&quot;Rate this product&quot;,&quot;legend&quot;:&quot;4.6\\\/5 - (26 votes)&quot;,&quot;size&quot;:&quot;24&quot;,&quot;title&quot;:&quot;Vacuum Packaging Machine | Food and Nut Packing Machine&quot;,&quot;width&quot;:&quot;130.9&quot;,&quot;_legend&quot;:&quot;{score}\\\/{best} - ({count} {votes})&quot;,&quot;font_factor&quot;:&quot;1.25&quot;}'>              <div class=\"kksr-stars\">      <div class=\"kksr-stars-inactive\">             <div class=\"kksr-star\" data-star=\"1\" style=\"padding-right: 5px\">               <div class=\"kksr-icon\" style=\"width: 24px; height: 24px;\"><\/div>         <\/div>             <div class=\"kksr-star\" data-star=\"2\" style=\"padding-right: 5px\">               <div class=\"kksr-icon\" style=\"width: 24px; height: 24px;\"><\/div>         <\/div>             <div class=\"kksr-star\" data-star=\"3\" style=\"padding-right: 5px\">               <div class=\"kksr-icon\" style=\"width: 24px; height: 24px;\"><\/div>         <\/div>             <div class=\"kksr-star\" data-star=\"4\" style=\"padding-right: 5px\">               <div class=\"kksr-icon\" style=\"width: 24px; height: 24px;\"><\/div>         <\/div>             <div class=\"kksr-star\" data-star=\"5\" style=\"padding-right: 5px\">               <div class=\"kksr-icon\" style=\"width: 24px; height: 24px;\"><\/div>         <\/div>     <\/div>      <div class=\"kksr-stars-active\" style=\"width: 130.9px;\">             <div class=\"kksr-star\" style=\"padding-right: 5px\">               <div class=\"kksr-icon\" style=\"width: 24px; height: 24px;\"><\/div>         <\/div>             <div class=\"kksr-star\" style=\"padding-right: 5px\">               <div class=\"kksr-icon\" style=\"width: 24px; height: 24px;\"><\/div>         <\/div>             <div class=\"kksr-star\" style=\"padding-right: 5px\">               <div class=\"kksr-icon\" style=\"width: 24px; height: 24px;\"><\/div>         <\/div>             <div class=\"kksr-star\" style=\"padding-right: 5px\">               <div class=\"kksr-icon\" style=\"width: 24px; height: 24px;\"><\/div>         <\/div>             <div class=\"kksr-star\" style=\"padding-right: 5px\">               <div class=\"kksr-icon\" style=\"width: 24px; height: 24px;\"><\/div>         <\/div>     <\/div> <\/div>                   <div class=\"kksr-legend\" style=\"font-size: 19.2px;\">             4,6\/5 - (26 Bewertungen)    <\/div>     <\/div>  <p>Die Vakuumverpackungsmaschine ist speziell f\u00fcr Gro\u00dfmengen an Lebensmitteln und fl\u00fcssigkeitshaltigen Materialien konzipiert, erm\u00f6glicht effizientes Versiegeln und Verpacken von k\u00f6rnigen, pulverf\u00f6rmigen und blockf\u00f6rmigen Produkten.<\/p>    <p>Mit einer Doppelkammer-Tauchvakuumstruktur ausgestattet und mit einer industriellen Vakuumpumpe versehen, erreicht sie einen Vakuumgrad von 0,1 Pa mit einer Pumpgeschwindigkeit von bis zu 40 m\u00b3\/h und sorgt f\u00fcr eine stabile, tiefe Vakuumversiegelung in minimaler Zeit.<\/p>    <p>Vollst\u00e4ndig aus 304er Edelstahl gefertigt, entspricht die Einheit den Hygienevorschriften f\u00fcr die Lebensmittelverarbeitung. Sie eignet sich f\u00fcr die kontinuierliche Produktion im kleinen bis mittleren Ma\u00dfstab und verl\u00e4ngert die Haltbarkeit der Lebensmittel effektiv, w\u00e4hrend sie den urspr\u00fcnglichen Geschmack und die Qualit\u00e4t bewahrt.<\/p>    <figure class=\"wp-block-gallery has-nested-images columns-default is-cropped wp-block-gallery-2 is-layout-flex wp-block-gallery-is-layout-flex\"> <figure class=\"wp-block-image size-large\"><img loading=\"lazy\" decoding=\"async\" width=\"720\" height=\"540\" data-id=\"1228\" src=\"https:\/\/www.peanuts-machine.com\/wp-content\/uploads\/2026\/02\/vacuum-packaging-machine.webp\" alt=\"Vakuumverpackungsmaschine\" class=\"wp-image-1228\" title=\"\" srcset=\"https:\/\/www.peanuts-machine.com\/wp-content\/uploads\/2026\/02\/vacuum-packaging-machine.webp 720w, https:\/\/www.peanuts-machine.com\/wp-content\/uploads\/2026\/02\/vacuum-packaging-machine-300x225.webp 300w, https:\/\/www.peanuts-machine.com\/wp-content\/uploads\/2026\/02\/vacuum-packaging-machine-16x12.webp 16w\" sizes=\"auto, (max-width: 720px) 100vw, 720px\" \/><figcaption class=\"wp-element-caption\">Vakuumverpackungsmaschine<\/figcaption><\/figure>    <figure class=\"wp-block-image size-large\"><img loading=\"lazy\" decoding=\"async\" width=\"720\" height=\"540\" data-id=\"1227\" src=\"https:\/\/www.peanuts-machine.com\/wp-content\/uploads\/2026\/02\/industrial-vacuum-sealer.webp\" alt=\"Industrieller Vakuumverschlie\u00dfer\" class=\"wp-image-1227\" title=\"\" srcset=\"https:\/\/www.peanuts-machine.com\/wp-content\/uploads\/2026\/02\/industrial-vacuum-sealer.webp 720w, https:\/\/www.peanuts-machine.com\/wp-content\/uploads\/2026\/02\/industrial-vacuum-sealer-300x225.webp 300w, https:\/\/www.peanuts-machine.com\/wp-content\/uploads\/2026\/02\/industrial-vacuum-sealer-16x12.webp 16w\" sizes=\"auto, (max-width: 720px) 100vw, 720px\" \/><figcaption class=\"wp-element-caption\">Industrieller Vakuumverschlie\u00dfer<\/figcaption><\/figure> <\/figure>    <h2 class=\"wp-block-heading\">Spezifikationen der Vakuumverpackungsmaschine<\/h2>    <figure class=\"wp-block-table is-style-stripes\"><table class=\"has-fixed-layout\"><tbody><tr><td><strong>Artikel<\/strong><\/td><td><strong>Parameter<\/strong><\/td><\/tr><tr><td>Modell<\/td><td>SL-600\/2SD<\/td><\/tr><tr><td>Leistung der Vakuumpumpe<\/td><td>2,25 kW<\/td><\/tr><tr><td>Verschlussleistung<\/td><td>1,17 kW<\/td><\/tr><tr><td>Absoludruck<\/td><td>0,1 Pa<\/td><\/tr><tr><td>Vakuumpumpenleistung<\/td><td>40 m\u00b3\/h<\/td><\/tr><tr><td>Anzahl der Verschlussstreifen<\/td><td>2 \u00d7 2 St\u00fcck<\/td><\/tr><tr><td>Gr\u00f6\u00dfe der Verschlussstreifen<\/td><td>600 \u00d7 10 mm<\/td><\/tr><tr><td>Gr\u00f6\u00dfe der Vakuumkammer<\/td><td>660 \u00d7 530 \u00d7 160 mm<\/td><\/tr><tr><td>Stromspannung<\/td><td>380V \/ 50Hz \/ 3 Phasen<\/td><\/tr><tr><td>Maschinengr\u00f6\u00dfe<\/td><td>1460 \u00d7 605 \u00d7 960 mm<\/td><\/tr><tr><td>Maschinengewicht<\/td><td>180 kg<\/td><\/tr><tr><td>Kammeranpassung<\/td><td>Verf\u00fcgbar<\/td><\/tr><\/tbody><\/table><figcaption class=\"wp-element-caption\">Technische Parameter der automatischen Vakuumverpackungsmaschine<\/figcaption><\/figure>    <h2 class=\"wp-block-heading\">Anwendungen der Vakuumverpackungsmaschine<\/h2>    <p>Diese Verpackungsmaschine wird in verschiedenen Lebensmittel- und landwirtschaftlichen Nebenproduktverarbeitungssektoren eingesetzt, einschlie\u00dflich, aber nicht beschr\u00e4nkt auf:<\/p>    <ul class=\"wp-block-list\"> <li>Getreide und landwirtschaftliche Nebenprodukte: Vakuumverpackung von k\u00f6rnigen Materialien wie Reis, Bohnen, Mais, Grobgetreide, Samen usw.<\/li>    <li>N\u00fcsse und ger\u00f6stete Snacks: feuchtigkeits- und oxidationsbest\u00e4ndige Verpackung f\u00fcr Nussprodukte wie Melonensamen, Erdn\u00fcsse, Waln\u00fcsse und Mandeln.<\/li>    <li>Fl\u00fcssigkeits- oder eingelegte Lebensmittel: Vakuumversiegelung f\u00fcr geschmorte Gerichte, eingelegte Produkte und Lebensmittel mit So\u00dfen.<\/li>    <li>In gewerblichen und Lagerumgebungen: Einrichtungen, die standardisierte Verpackungen erfordern, wie Lebensmittelverarbeitungsbetriebe, E-Commerce-Lager, Zentral-K\u00fcchen und Kettenrestaurants.<\/li> <\/ul>    <figure class=\"wp-block-gallery has-nested-images columns-default is-cropped wp-block-gallery-3 is-layout-flex wp-block-gallery-is-layout-flex\"> <figure class=\"wp-block-image size-large\"><img loading=\"lazy\" decoding=\"async\" width=\"720\" height=\"540\" data-id=\"1230\" src=\"https:\/\/www.peanuts-machine.com\/wp-content\/uploads\/2026\/02\/vacuum-packed-beans.webp\" alt=\"vakuumverpackte Bohnen\" class=\"wp-image-1230\" title=\"\" srcset=\"https:\/\/www.peanuts-machine.com\/wp-content\/uploads\/2026\/02\/vacuum-packed-beans.webp 720w, https:\/\/www.peanuts-machine.com\/wp-content\/uploads\/2026\/02\/vacuum-packed-beans-300x225.webp 300w, https:\/\/www.peanuts-machine.com\/wp-content\/uploads\/2026\/02\/vacuum-packed-beans-16x12.webp 16w\" sizes=\"auto, (max-width: 720px) 100vw, 720px\" \/><figcaption class=\"wp-element-caption\">vakuumverpackte Bohnen<\/figcaption><\/figure>    <figure class=\"wp-block-image size-large\"><img loading=\"lazy\" decoding=\"async\" width=\"720\" height=\"540\" data-id=\"1229\" src=\"https:\/\/www.peanuts-machine.com\/wp-content\/uploads\/2026\/02\/nuts-in-vacuum-packaging.webp\" alt=\"N\u00fcsse in Vakuumverpackung\" class=\"wp-image-1229\" title=\"\" srcset=\"https:\/\/www.peanuts-machine.com\/wp-content\/uploads\/2026\/02\/nuts-in-vacuum-packaging.webp 720w, https:\/\/www.peanuts-machine.com\/wp-content\/uploads\/2026\/02\/nuts-in-vacuum-packaging-300x225.webp 300w, https:\/\/www.peanuts-machine.com\/wp-content\/uploads\/2026\/02\/nuts-in-vacuum-packaging-16x12.webp 16w\" sizes=\"auto, (max-width: 720px) 100vw, 720px\" \/><figcaption class=\"wp-element-caption\">N\u00fcsse in Vakuumverpackung<\/figcaption><\/figure>    <figure class=\"wp-block-image size-large\"><img loading=\"lazy\" decoding=\"async\" width=\"720\" height=\"540\" data-id=\"1231\" src=\"https:\/\/www.peanuts-machine.com\/wp-content\/uploads\/2026\/02\/vacuum-packed-cashews.webp\" alt=\"vakuumverpackte Cashews\" class=\"wp-image-1231\" title=\"\" srcset=\"https:\/\/www.peanuts-machine.com\/wp-content\/uploads\/2026\/02\/vacuum-packed-cashews.webp 720w, https:\/\/www.peanuts-machine.com\/wp-content\/uploads\/2026\/02\/vacuum-packed-cashews-300x225.webp 300w, https:\/\/www.peanuts-machine.com\/wp-content\/uploads\/2026\/02\/vacuum-packed-cashews-16x12.webp 16w\" sizes=\"auto, (max-width: 720px) 100vw, 720px\" \/><figcaption class=\"wp-element-caption\">vakuumverpackte Cashews<\/figcaption><\/figure> <\/figure>    <h2 class=\"wp-block-heading\">Merkmale der automatischen Vakuumverpackungsmaschine<\/h2>    <h3 class=\"wp-block-heading\">Vertiefte Vakuumkammer<\/h3>    <p>Die Kammer verf\u00fcgt \u00fcber ein Vertiefungsdesign, um Verpackungsbeutel unterschiedlicher H\u00f6hen aufzunehmen. W\u00e4hrend des Vakuumierens bleibt die Beutel\u00f6ffnung stets \u00fcber der Fl\u00fcssigkeitsoberfl\u00e4che, was Versch\u00fcttungen effektiv verhindert \u2013 ideal f\u00fcr suppenartige Lebensmittel \u2013 und gleichzeitig tiefes Vakuum f\u00fcr k\u00f6rnige Materialien erm\u00f6glicht.<\/p>    <h3 class=\"wp-block-heading\">Effizienter Wechselbetrieb mit Doppelkammern<\/h3>    <p>Links- und rechtsseitige Vakuumkammern arbeiten abwechselnd. W\u00e4hrend eine Seite vakuumiert und versiegelt, kann die andere Beutel laden oder entladen, was die gesamte Verpackungseffizienz erheblich steigert.<\/p>    <h3 class=\"wp-block-heading\">Intelligente Betriebssteuerung<\/h3>    <p>Ausgestattet mit einem digitalen Anzeige-Panel erm\u00f6glicht sie eine pr\u00e4zise Einstellung des Vakuumgrades, der Siegelzeit und der Siegeltemperatur. Kompatibel mit verschiedenen Verpackungsmaterialien, bietet sie einfache Bedienung und hohe Stabilit\u00e4t.<\/p>    <h3 class=\"wp-block-heading\">Robuste und stabile Industrieausstattung<\/h3>    <p>Wichtige Komponenten wie Vakuumpumpe und Verschlussstreifen verwenden Industrie-Standard-Spezifikationen mit wasserdichten, \u00f6lresistenten und verschlei\u00dffesten Eigenschaften. Geeignet f\u00fcr den Langzeiteinsatz in feuchten und staubigen Umgebungen.<\/p>    <figure class=\"wp-block-gallery has-nested-images columns-default is-cropped wp-block-gallery-4 is-layout-flex wp-block-gallery-is-layout-flex\"> <figure class=\"wp-block-image size-large\"><img loading=\"lazy\" decoding=\"async\" width=\"720\" height=\"540\" data-id=\"1232\" src=\"https:\/\/www.peanuts-machine.com\/wp-content\/uploads\/2026\/02\/commercial-vacuum-packing-machine.webp\" alt=\"Kommerzielle Vakuumverpackungsmaschine\" class=\"wp-image-1232\" title=\"\" srcset=\"https:\/\/www.peanuts-machine.com\/wp-content\/uploads\/2026\/02\/commercial-vacuum-packing-machine.webp 720w, https:\/\/www.peanuts-machine.com\/wp-content\/uploads\/2026\/02\/commercial-vacuum-packing-machine-300x225.webp 300w, https:\/\/www.peanuts-machine.com\/wp-content\/uploads\/2026\/02\/commercial-vacuum-packing-machine-16x12.webp 16w\" sizes=\"auto, (max-width: 720px) 100vw, 720px\" \/><figcaption class=\"wp-element-caption\">Kommerzielle Vakuumverpackungsmaschine<\/figcaption><\/figure>    <figure class=\"wp-block-image size-large\"><img loading=\"lazy\" decoding=\"async\" width=\"720\" height=\"540\" data-id=\"1233\" src=\"https:\/\/www.peanuts-machine.com\/wp-content\/uploads\/2026\/02\/food-vacuum-sealer.webp\" alt=\"Lebensmittel-Vakuumverschlie\u00dfer\" class=\"wp-image-1233\" title=\"\" srcset=\"https:\/\/www.peanuts-machine.com\/wp-content\/uploads\/2026\/02\/food-vacuum-sealer.webp 720w, https:\/\/www.peanuts-machine.com\/wp-content\/uploads\/2026\/02\/food-vacuum-sealer-300x225.webp 300w, https:\/\/www.peanuts-machine.com\/wp-content\/uploads\/2026\/02\/food-vacuum-sealer-16x12.webp 16w\" sizes=\"auto, (max-width: 720px) 100vw, 720px\" \/><figcaption class=\"wp-element-caption\">Lebensmittel-Vakuumverschlie\u00dfer<\/figcaption><\/figure> <\/figure>    <h2 class=\"wp-block-heading\">Maschinenaufbau und Arbeitsprinzip<\/h2>    <p>Diese Vakuumverpackungsmaschine besteht haupts\u00e4chlich aus einer Vakuumkammer, Vakuumpumpensystem, Hei\u00dfsiegelsystem, elektrischem Steuerungssystem und Rahmenstruktur.<\/p>    <ol class=\"wp-block-list\"> <li>W\u00e4hrend des Betriebs werden mit Material gef\u00fcllte Verpackungst\u00fcten in die Tauchvakuumkammer gelegt.<\/li>    <li>Beim Start der Ausr\u00fcstung taucht die Kammer automatisch ein und f\u00fchrt die Vakuumerzeugung durch.<\/li>    <li>Nach Erreichen des voreingestellten Vakuumgrades verschlie\u00dft das Hei\u00dfsiegelsystem die Beutelfl\u00e4che. Die Kammer kehrt dann in ihre Ausgangsposition zur\u00fcck und schlie\u00dft den Beutel ab.<\/li> <\/ol>    <p>Das Doppelkammer-Design erm\u00f6glicht einen kontinuierlichen Betrieb, sorgt f\u00fcr einen stabilen Verpackungsrhythmus und eine gleichbleibende Siegelqualit\u00e4t.<\/p>    <h2 class=\"wp-block-heading\">Abschluss<\/h2>    <p>F\u00fcr die Verpackungsanforderungen verschiedener N\u00fcsse wie Erdn\u00fcsse, Melonensamen, Waln\u00fcsse, Mandeln und Cashews bieten wir mehrere L\u00f6sungen an, die Anwendungen wie Wiegen, Vakuumversiegelung, Messung und Hochgeschwindigkeitsverpackung abdecken.<\/p>    <ul class=\"wp-block-list\"> <li><strong>Vakuumverpackungsmaschine<\/strong>: ideal f\u00fcr feuchtigkeits- und oxidationsbest\u00e4ndige Nussverpackungen, verl\u00e4ngert die Haltbarkeit effektiv und bewahrt Textur und Frische.<\/li>    <li><strong><em><a href=\"https:\/\/www.peanuts-machine.com\/de\/product\/rotary-pouch-packing-machine\/\">Rotationsgranulatverpackungsmaschine<\/a><\/em><\/strong>: kompakt und kosteneffizient, ideal f\u00fcr quantitative Messung und kontinuierliche Verpackung von kleinen bis mittelgro\u00dfen N\u00fcssen.<\/li>    <li><strong><em><a href=\"https:\/\/www.peanuts-machine.com\/de\/product\/4-heads-weigh-filling-machine\/\">Vier-Kopf-Wiegermaschine<\/a><\/em><\/strong>: geeignet f\u00fcr kleine bis mittelgro\u00dfe Produktionsmengen von N\u00fcssen, wobei die Genauigkeit der Gewichtung mit den Investitionskosten f\u00fcr die Ausr\u00fcstung abgewogen wird.<\/li>    <li><strong><em><a href=\"https:\/\/www.peanuts-machine.com\/de\/product\/weighing-packaging-machine\/\">Zehn-Kopf Vollautomatischer Verpacker<\/a><\/em><\/strong>: entwickelt f\u00fcr hochleistungsf\u00e4hige Nussproduktionslinien mit hohem Automatisierungsgrad, hoher Effizienz und Stabilit\u00e4t.<\/li> <\/ul>    <p>Die oben genannten Ger\u00e4te k\u00f6nnen je nach Produktform, Verpackungsspezifikationen und Produktionskapazit\u00e4tsanforderungen flexibel ausgew\u00e4hlt werden. Klicken Sie auf die entsprechenden Ger\u00e4te-Seiten f\u00fcr weitere Details oder kontaktieren Sie uns direkt f\u00fcr professionelle Auswahlberatung und ma\u00dfgeschneiderte L\u00f6sungen.<\/p>","protected":false},"excerpt":{"rendered":"<p>Die Vakuumverpackungsmaschine verf\u00fcgt \u00fcber eine Doppelkammer-Tauchstruktur und Hochvakuumversiegelungstechnologie. Sie eignet sich f\u00fcr die effiziente Verpackung von N\u00fcssen, K\u00f6rnern und fl\u00fcssigkeitshaltigen Lebensmitteln.<\/p>","protected":false},"author":1,"featured_media":1234,"parent":0,"template":"","tags":[56],"product-type":[60,46],"class_list":["post-1225","product","type-product","status-publish","has-post-thumbnail","hentry","tag-nut","product-type-packaging-machine","product-type-products"],"_links":{"self":[{"href":"https:\/\/www.peanuts-machine.com\/de\/wp-json\/wp\/v2\/product\/1225","targetHints":{"allow":["GET"]}}],"collection":[{"href":"https:\/\/www.peanuts-machine.com\/de\/wp-json\/wp\/v2\/product"}],"about":[{"href":"https:\/\/www.peanuts-machine.com\/de\/wp-json\/wp\/v2\/types\/product"}],"author":[{"embeddable":true,"href":"https:\/\/www.peanuts-machine.com\/de\/wp-json\/wp\/v2\/users\/1"}],"wp:featuredmedia":[{"embeddable":true,"href":"https:\/\/www.peanuts-machine.com\/de\/wp-json\/wp\/v2\/media\/1234"}],"wp:attachment":[{"href":"https:\/\/www.peanuts-machine.com\/de\/wp-json\/wp\/v2\/media?parent=1225"}],"wp:term":[{"taxonomy":"post_tag","embeddable":true,"href":"https:\/\/www.peanuts-machine.com\/de\/wp-json\/wp\/v2\/tags?post=1225"},{"taxonomy":"product-type","embeddable":true,"href":"https:\/\/www.peanuts-machine.com\/de\/wp-json\/wp\/v2\/product-type?post=1225"}],"curies":[{"name":"wp","href":"https:\/\/api.w.org\/{rel}","templated":true}]}}