{"id":124,"date":"2022-08-10T03:19:23","date_gmt":"2022-08-10T03:19:23","guid":{"rendered":"https:\/\/www.peanuts-machine.com\/?post_type=product&#038;p=124"},"modified":"2026-01-14T15:57:42","modified_gmt":"2026-01-14T07:57:42","slug":"coated-peanut-making-machine","status":"publish","type":"product","link":"https:\/\/www.peanuts-machine.com\/de\/product\/coated-peanut-making-machine\/","title":{"rendered":"Maschine zur Herstellung beschichteter Erdn\u00fcsse | Erdnuss-\u00dcberzugsmaschine"},"content":{"rendered":"<div class=\"kk-star-ratings kksr-auto kksr-align-left kksr-valign-top\"     data-payload='{&quot;align&quot;:&quot;left&quot;,&quot;id&quot;:&quot;124&quot;,&quot;slug&quot;:&quot;default&quot;,&quot;valign&quot;:&quot;top&quot;,&quot;ignore&quot;:&quot;&quot;,&quot;reference&quot;:&quot;auto&quot;,&quot;class&quot;:&quot;&quot;,&quot;count&quot;:&quot;9&quot;,&quot;legendonly&quot;:&quot;&quot;,&quot;readonly&quot;:&quot;&quot;,&quot;score&quot;:&quot;4.8&quot;,&quot;starsonly&quot;:&quot;&quot;,&quot;best&quot;:&quot;5&quot;,&quot;gap&quot;:&quot;5&quot;,&quot;greet&quot;:&quot;Rate this product&quot;,&quot;legend&quot;:&quot;4.8\\\/5 - (9 votes)&quot;,&quot;size&quot;:&quot;24&quot;,&quot;title&quot;:&quot;Coated Peanut Making Machine | Peanut Coating Machine&quot;,&quot;width&quot;:&quot;136.7&quot;,&quot;_legend&quot;:&quot;{score}\\\/{best} - ({count} {votes})&quot;,&quot;font_factor&quot;:&quot;1.25&quot;}'>              <div class=\"kksr-stars\">      <div class=\"kksr-stars-inactive\">             <div class=\"kksr-star\" data-star=\"1\" style=\"padding-right: 5px\">               <div class=\"kksr-icon\" style=\"width: 24px; height: 24px;\"><\/div>         <\/div>             <div class=\"kksr-star\" data-star=\"2\" style=\"padding-right: 5px\">               <div class=\"kksr-icon\" style=\"width: 24px; height: 24px;\"><\/div>         <\/div>             <div class=\"kksr-star\" data-star=\"3\" style=\"padding-right: 5px\">               <div class=\"kksr-icon\" style=\"width: 24px; height: 24px;\"><\/div>         <\/div>             <div class=\"kksr-star\" data-star=\"4\" style=\"padding-right: 5px\">               <div class=\"kksr-icon\" style=\"width: 24px; height: 24px;\"><\/div>         <\/div>             <div class=\"kksr-star\" data-star=\"5\" style=\"padding-right: 5px\">               <div class=\"kksr-icon\" style=\"width: 24px; height: 24px;\"><\/div>         <\/div>     <\/div>      <div class=\"kksr-stars-active\" style=\"width: 136.7px;\">             <div class=\"kksr-star\" style=\"padding-right: 5px\">               <div class=\"kksr-icon\" style=\"width: 24px; height: 24px;\"><\/div>         <\/div>             <div class=\"kksr-star\" style=\"padding-right: 5px\">               <div class=\"kksr-icon\" style=\"width: 24px; height: 24px;\"><\/div>         <\/div>             <div class=\"kksr-star\" style=\"padding-right: 5px\">               <div class=\"kksr-icon\" style=\"width: 24px; height: 24px;\"><\/div>         <\/div>             <div class=\"kksr-star\" style=\"padding-right: 5px\">               <div class=\"kksr-icon\" style=\"width: 24px; height: 24px;\"><\/div>         <\/div>             <div class=\"kksr-star\" style=\"padding-right: 5px\">               <div class=\"kksr-icon\" style=\"width: 24px; height: 24px;\"><\/div>         <\/div>     <\/div> <\/div>                   <div class=\"kksr-legend\" style=\"font-size: 19.2px;\">             4,8\/5 - (9 Bewertungen)    <\/div>     <\/div>  <p>Ideal f\u00fcr die Lebensmittel-, Pharma-, Chemie- und andere Industrien, ist diese vollst\u00e4ndig aus Edelstahl beschichtete Erdnussmaschine aus einem lebensmittelechten Edelstahlgeh\u00e4use + Teflon-Nanobeschichtung gefertigt, die eine effiziente thermische Leistung und ein leicht zu reinigendes Design erm\u00f6glicht. <\/p>    <p>Es kann nicht nur f\u00fcnf Gew\u00fcrze, Schokolade, Kakao, Vanille und andere Geschmacksrichtungen von beschichteten N\u00fcssen in gro\u00dfen Mengen produzieren, sondern auch an verschiedene Beschichtungsbed\u00fcrfnisse wie Pillen und Bohnen anpassen. <\/p>    <p>Die Maschine unterst\u00fctzt verschiedene ma\u00dfgeschneiderte Funktionen wie stufenlose Geschwindigkeitsregelung, Fl\u00fcssigkeitsspr\u00fchen, Hei\u00dfluftzirkulation und Staubentfernung usw., was die integrierte Bedienung vom Wickeln bis zum Trocknen wirklich verwirklicht und die Durchlaufquote beim Wickeln auf 99 % erh\u00f6ht.<\/p>    <figure class=\"wp-block-embed aligncenter is-type-video is-provider-youtube wp-block-embed-youtube wp-embed-aspect-16-9 wp-has-aspect-ratio\"><div class=\"wp-block-embed__wrapper\"> <iframe loading=\"lazy\" title=\"High-Efficiency Peanut &amp; Nut Coating Machine | Smooth and Even Coating#nutmachine #peanut\" width=\"500\" height=\"281\" src=\"https:\/\/www.youtube.com\/embed\/SLyS-0WMuGM?feature=oembed\" frameborder=\"0\" allow=\"accelerometer; autoplay; clipboard-write; encrypted-media; gyroscope; picture-in-picture; web-share\" referrerpolicy=\"strict-origin-when-cross-origin\" allowfullscreen><\/iframe> <\/div><figcaption class=\"wp-element-caption\">Arbeitsvideo der beschichteten Erdnussmaschine<\/figcaption><\/figure>    <h2 class=\"wp-block-heading\">Welchen \u00dcberzug haben die Erdn\u00fcsse?<\/h2>    <p>Beim Beschichten von Erdn\u00fcssen (oder anderen Bohnen und Pillen) besteht das g\u00e4ngige Beschichtungsrezept aus nat\u00fcrlichen Zutaten wie Kokosmilch, Zucker, wei\u00dfem Sesampulver, Klebreismehl und Mehl, die nicht nur einen gleichm\u00e4\u00dfigen Film mit guter Haftung bilden, sondern auch sichere und essbare Zutaten enthalten.<\/p>   <div class=\"wp-block-image\"> <figure class=\"aligncenter size-full\"><img loading=\"lazy\" decoding=\"async\" width=\"720\" height=\"540\" src=\"https:\/\/www.peanuts-machine.com\/wp-content\/uploads\/2022\/08\/final-products.webp\" alt=\"fertige Produkte\" class=\"wp-image-127\" title=\"\" srcset=\"https:\/\/www.peanuts-machine.com\/wp-content\/uploads\/2022\/08\/final-products.webp 720w, https:\/\/www.peanuts-machine.com\/wp-content\/uploads\/2022\/08\/final-products-300x225.webp 300w\" sizes=\"auto, (max-width: 720px) 100vw, 720px\" \/><figcaption class=\"wp-element-caption\">fertige Produkte<\/figcaption><\/figure> <\/div>   <h2 class=\"wp-block-heading\">Merkmale der Maschine zur Herstellung beschichteter Erdn\u00fcsse<\/h2>    <ul class=\"wp-block-list\"> <li>Ruhiger Lauf, geringe Ger\u00e4uschentwicklung, einfache Bedienung und hohe Effizienz.<\/li>    <li>Die gesamte Maschine besteht aus Edelstahl, der hygienisch, sch\u00f6n und langlebig ist.<\/li>    <li>Es kann mit einer automatischen Zuf\u00fchrvorrichtung, einer Staubentfernungsvorrichtung und einem Kaltluftblassystem ausgestattet werden.<\/li>    <li>Die Form des Beschichtungsbeh\u00e4lters kann je nach Bedarf angepasst werden und kann auch in einen vollst\u00e4ndig geschlossenen Typ umgewandelt werden.<\/li>    <li>Breites Anwendungsspektrum. Geeignet zum Beschichten von Erdn\u00fcssen, Cashewn\u00fcssen, japanischen Bohnen, Soja-Wei\u00dfdorn, Saubohnen und anderen Materialien.<\/li> <\/ul>   <div class=\"wp-block-image\"> <figure class=\"aligncenter size-full\"><img loading=\"lazy\" decoding=\"async\" width=\"720\" height=\"540\" src=\"https:\/\/www.peanuts-machine.com\/wp-content\/uploads\/2022\/08\/coated-peanut-making-machine-for-sale.webp\" alt=\"Beschichtete Erdnussmaschine zu verkaufen\" class=\"wp-image-126\" title=\"\" srcset=\"https:\/\/www.peanuts-machine.com\/wp-content\/uploads\/2022\/08\/coated-peanut-making-machine-for-sale.webp 720w, https:\/\/www.peanuts-machine.com\/wp-content\/uploads\/2022\/08\/coated-peanut-making-machine-for-sale-300x225.webp 300w\" sizes=\"auto, (max-width: 720px) 100vw, 720px\" \/><figcaption class=\"wp-element-caption\">Beschichtete Erdnussmaschine zu verkaufen<\/figcaption><\/figure> <\/div>   <h2 class=\"wp-block-heading\" id=\"h-what-is-the-peanut-coating-process\">Hauptstruktur der Erdnussbeschichtungsmaschine<\/h2>    <p>Die Erdnussburger-Herstellungsmaschine besteht aus mehreren Komponenten: einem Rahmen, einem Getriebe, einem Heizger\u00e4t, einem Zuckerglasurtopf, einer Spritzpistole, einem Spr\u00fchsystem und einer PLC-Konsole.<\/p>    <ul class=\"wp-block-list\"> <li>Die automatische Maschine zur Herstellung beschichteter Erdn\u00fcsse wird von einem Steuersystem gesteuert, das ein kontinuierliches Drehen und Rollen des Materials erm\u00f6glicht. <\/li>    <li>Die Spritzpistole tr\u00e4gt die Beschichtung entsprechend den vorgegebenen Parametern auf. <\/li>    <li>W\u00e4hrenddessen gibt der Hei\u00dfluftschrank warme Luft ab, um die Beschichtung auf dem Material zu trocknen, was zu einer glatten Oberfl\u00e4che des Endprodukts f\u00fchrt.<\/li> <\/ul>   <div class=\"wp-block-image\"> <figure class=\"aligncenter size-full\"><img loading=\"lazy\" decoding=\"async\" width=\"720\" height=\"944\" src=\"https:\/\/www.peanuts-machine.com\/wp-content\/uploads\/2022\/08\/nut-coating-machine-structure.webp\" alt=\"Struktur der Nussbeschichtungsmaschine\" class=\"wp-image-129\" title=\"\" srcset=\"https:\/\/www.peanuts-machine.com\/wp-content\/uploads\/2022\/08\/nut-coating-machine-structure.webp 720w, https:\/\/www.peanuts-machine.com\/wp-content\/uploads\/2022\/08\/nut-coating-machine-structure-229x300.webp 229w\" sizes=\"auto, (max-width: 720px) 100vw, 720px\" \/><figcaption class=\"wp-element-caption\">Struktur der Nussbeschichtungsmaschine<\/figcaption><\/figure> <\/div>   <h2 class=\"wp-block-heading\" id=\"h-features-of-coated-peanut-making-machine\">Arbeitsablauf einer Maschine zur Herstellung von beschichteten Erdnusssnacks<\/h2>   <div id=\"rank-math-howto\" class=\"rank-math-block\" > <div class=\"rank-math-howto-description\">  <\/div>  <div class=\"rank-math-steps\"> <div id=\"howto-step-1736326338787\" class=\"rank-math-step\"> <h3 class=\"rank-math-step-title\">Erdn\u00fcsse vorbereiten<\/h3> <div class=\"rank-math-step-content\"><p>Stellen Sie sicher, dass die Erdn\u00fcsse gr\u00fcndlich gereinigt, vollst\u00e4ndig trocken und frei von Fremdk\u00f6rpern oder Ablagerungen sind. Abh\u00e4ngig von der Art der Beschichtung, die Sie w\u00e4hlen, und den F\u00e4higkeiten Ihrer Maschine zur Herstellung beschichteter Erdn\u00fcsse, m\u00fcssen Sie die Erdn\u00fcsse m\u00f6glicherweise vorher sch\u00e4len.<\/p> <\/div> <\/div> <div id=\"howto-step-1736326357379\" class=\"rank-math-step\"> <h3 class=\"rank-math-step-title\">Feinabstimmung der Peanut-Coater-Einstellungen<\/h3> <div class=\"rank-math-step-content\"><p>Um die gew\u00fcnschten Beschichtungsergebnisse zu erzielen, k\u00f6nnen Sie Parameter wie Temperatur, Schleudergeschwindigkeit und Beschichtungsvolumen an Ihre spezifischen Anforderungen anpassen. Die richtigen Einstellungen sind f\u00fcr die Konsistenz und die Herstellung hochwertiger \u00fcberzogener Erdn\u00fcsse von entscheidender Bedeutung.<\/p> <\/div> <\/div> <div id=\"howto-step-1736326368771\" class=\"rank-math-step\"> <h3 class=\"rank-math-step-title\">Erdn\u00fcsse in den Erdnussbeschichter laden<\/h3> <div class=\"rank-math-step-content\"><p>\u00d6ffnen Sie den Trichter oder die Lade\u00f6ffnung der Maschine zur Herstellung von beschichteten Erdn\u00fcssen und gie\u00dfen Sie die vorbereiteten Erdn\u00fcsse hinein. Achten Sie darauf, nicht zu \u00fcberf\u00fcllen, da dies zu Verstopfungen oder einer ungleichm\u00e4\u00dfigen Verteilung der Beschichtung f\u00fchren kann. Eine ausgewogene Beladung sorgt f\u00fcr eine k\u00f6stliche Mischung aus Aromen und Texturen.<\/p> <\/div> <\/div> <div id=\"howto-step-1736326379307\" class=\"rank-math-step\"> <h3 class=\"rank-math-step-title\">Beginn des Beschichtungsprozesses<\/h3> <div class=\"rank-math-step-content\"><p>Die Dauer und die Drehgeschwindigkeit k\u00f6nnen je nach Dicke der gew\u00fcnschten Beschichtung variieren. Im Inneren der rotierenden Trommel wird das Beschichtungssystem die gew\u00e4hlte Beschichtung auftragen und die Erdn\u00fcsse in einen schmackhaften Snack verwandeln.<\/p> <\/div> <\/div> <\/div> <\/div>       <figure class=\"wp-block-embed aligncenter is-type-video is-provider-youtube wp-block-embed-youtube wp-embed-aspect-16-9 wp-has-aspect-ratio\"><div class=\"wp-block-embed__wrapper\"> <iframe loading=\"lazy\" title=\"Erdnussbeschichtungsmaschine f\u00fcr Nuss- und Snackverarbeitung | Hohe Effizienz &amp; Pr\u00e4zision#Erdnuss\" width=\"422\" height=\"750\" src=\"https:\/\/www.youtube.com\/embed\/p6jiNRUXJOs?feature=oembed\" frameborder=\"0\" allow=\"accelerometer; autoplay; clipboard-write; encrypted-media; gyroscope; picture-in-picture; web-share\" referrerpolicy=\"strict-origin-when-cross-origin\" allowfullscreen><\/iframe> <\/div><figcaption class=\"wp-element-caption\">Video von der Arbeitsweise der N\u00fcsse-Beschichtungsmaschine<\/figcaption><\/figure>   <div class=\"wp-block-image\"> <figure class=\"aligncenter size-full\"><img loading=\"lazy\" decoding=\"async\" width=\"720\" height=\"540\" src=\"https:\/\/www.peanuts-machine.com\/wp-content\/uploads\/2022\/08\/peanut-snack-production-machine.webp\" alt=\"Erdnuss-Snack-Produktionsmaschine\" class=\"wp-image-651\" title=\"\" srcset=\"https:\/\/www.peanuts-machine.com\/wp-content\/uploads\/2022\/08\/peanut-snack-production-machine.webp 720w, https:\/\/www.peanuts-machine.com\/wp-content\/uploads\/2022\/08\/peanut-snack-production-machine-300x225.webp 300w, https:\/\/www.peanuts-machine.com\/wp-content\/uploads\/2022\/08\/peanut-snack-production-machine-16x12.webp 16w\" sizes=\"auto, (max-width: 720px) 100vw, 720px\" \/><figcaption class=\"wp-element-caption\">Erdnuss-Snack-Produktionsmaschine<\/figcaption><\/figure> <\/div>   <h2 class=\"wp-block-heading\" id=\"h-coated-peanut-making-machine-parameters\">Parameter der Erdnussmehl-Beschichtungsmaschine<\/h2>    <figure class=\"wp-block-table is-style-stripes\"><table><tbody><tr><td>Modell<\/td><td>TZ-400<\/td><td>TZ-600<\/td><td>TZ-800<\/td><td>TZ-1000<\/td><\/tr><tr><td>Kapazit\u00e4t<\/td><td>30kg\/h<\/td><td>60kg\/h<\/td><td>100kg\/h<\/td><td>150kg\/h<\/td><\/tr><tr><td>Leistung<\/td><td>0,75 kW<\/td><td>0,75 kW<\/td><td>1,1 kW<\/td><td>1,1 kW<\/td><\/tr><tr><td>Durchmesser<\/td><td>400mm<\/td><td>600mm<\/td><td>800mm<\/td><td>1000 mm<\/td><\/tr><tr><td>Gr\u00f6\u00dfe<\/td><td>550*400*800mm<\/td><td>800*600*900mm<\/td><td>1000*800*1430mm<\/td><td>1100*1000*1560mm<\/td><\/tr><tr><td>Gewicht<\/td><td>38kg<\/td><td>85kg<\/td><td>205kg<\/td><td>220kg<\/td><\/tr><\/tbody><\/table><figcaption class=\"wp-element-caption\">Technische Daten der Erdnussbeschichtungsanlage<\/figcaption><\/figure>   <div class=\"wp-block-image\"> <figure class=\"aligncenter size-full\"><img loading=\"lazy\" decoding=\"async\" width=\"720\" height=\"540\" src=\"https:\/\/www.peanuts-machine.com\/wp-content\/uploads\/2022\/08\/peanut-candy-coating-machine.webp\" alt=\"Maschine zum \u00dcberziehen von Erdnussbonbons\" class=\"wp-image-652\" title=\"\" srcset=\"https:\/\/www.peanuts-machine.com\/wp-content\/uploads\/2022\/08\/peanut-candy-coating-machine.webp 720w, https:\/\/www.peanuts-machine.com\/wp-content\/uploads\/2022\/08\/peanut-candy-coating-machine-300x225.webp 300w, https:\/\/www.peanuts-machine.com\/wp-content\/uploads\/2022\/08\/peanut-candy-coating-machine-16x12.webp 16w\" sizes=\"auto, (max-width: 720px) 100vw, 720px\" \/><figcaption class=\"wp-element-caption\">Maschine zum \u00dcberziehen von Erdnussbonbons<\/figcaption><\/figure> <\/div>   <h2 class=\"wp-block-heading\">Warum beschichtete Erdn\u00fcsse herstellen?<\/h2>    <ul class=\"wp-block-list\"> <li>Zuckerbeschichtung, Gew\u00fcrze und Sesam-Pulver machen Erdn\u00fcsse knuspriger und k\u00f6stlicher.<\/li>    <li>Zutaten wie Zucker, Klebreismehl und Kokosmilch in der Beschichtung helfen, Energie zu replenieren und das S\u00e4ttigungsgef\u00fchl zu erh\u00f6hen.<\/li>    <li>Ein moderater Verzehr von beschichteten Erdn\u00fcssen kann helfen, den Blutzuckerspiegel zu stabilisieren, indem Zucker langsam freigesetzt wird.<\/li>    <li>Das hochwertige Protein und die gesunden Fette in Erdn\u00fcssen, kombiniert mit dem S\u00e4ttigungsgef\u00fchl, das die Beschichtung bietet, k\u00f6nnten potenzielle Vorteile f\u00fcr das Herz-Kreislauf-System und das Gewichtsmanagement haben.<\/li>    <li>Obwohl nahrhaft, f\u00fcgt die Beschichtung Kalorien und Zucker hinzu, daher wird empfohlen, sie als Snack zu verwenden und die Aufnahme zu kontrollieren.<\/li> <\/ul>   <div class=\"wp-block-image\"> <figure class=\"aligncenter size-full\"><img loading=\"lazy\" decoding=\"async\" width=\"720\" height=\"540\" src=\"https:\/\/www.peanuts-machine.com\/wp-content\/uploads\/2022\/08\/nut-coating-machine.webp\" alt=\"Nussbeschichtungsmaschine\" class=\"wp-image-656\" title=\"\" srcset=\"https:\/\/www.peanuts-machine.com\/wp-content\/uploads\/2022\/08\/nut-coating-machine.webp 720w, https:\/\/www.peanuts-machine.com\/wp-content\/uploads\/2022\/08\/nut-coating-machine-300x225.webp 300w, https:\/\/www.peanuts-machine.com\/wp-content\/uploads\/2022\/08\/nut-coating-machine-16x12.webp 16w\" sizes=\"auto, (max-width: 720px) 100vw, 720px\" \/><figcaption class=\"wp-element-caption\">Nussbeschichtungsmaschine<\/figcaption><\/figure> <\/div>  <div class=\"wp-block-image\"> <figure class=\"aligncenter size-full\"><img loading=\"lazy\" decoding=\"async\" width=\"720\" height=\"540\" src=\"https:\/\/www.peanuts-machine.com\/wp-content\/uploads\/2022\/08\/sugar-coating-machine-in-stock.webp\" alt=\"Zucker\u00fcberzugsmaschine auf Lager\" class=\"wp-image-130\" title=\"\" srcset=\"https:\/\/www.peanuts-machine.com\/wp-content\/uploads\/2022\/08\/sugar-coating-machine-in-stock.webp 720w, https:\/\/www.peanuts-machine.com\/wp-content\/uploads\/2022\/08\/sugar-coating-machine-in-stock-300x225.webp 300w\" sizes=\"auto, (max-width: 720px) 100vw, 720px\" \/><figcaption class=\"wp-element-caption\">Zucker\u00fcberzugsmaschine auf Lager<\/figcaption><\/figure> <\/div>   <h2 class=\"wp-block-heading\" id=\"h-peanut-coating-machine-for-sale\">Nussbeschichtungsmaschinen zu verkaufen<\/h2>    <p class=\"translation-block\">Sie ist auch die wichtigste Maschine in der <a href=\"https:\/\/www.peanuts-machine.com\/de\/product\/coated-peanut-production-line\/\">Produktionslinie f\u00fcr mehlbeschichtete Erdn\u00fcsse<\/a>. Wir bieten eine Reihe von Modellen f\u00fcr Maschinen zur Herstellung von beschichteten Erdn\u00fcssen an, was bedeutet, dass der Preis je nach spezifischer Maschine variieren kann. Dar\u00fcber hinaus k\u00f6nnen wir die Maschine an die individuellen Anforderungen unserer Kunden anpassen. Wenn Sie an dieser Maschine interessiert sind, z\u00f6gern Sie bitte nicht, uns zu kontaktieren.<\/p>    <figure class=\"wp-block-embed aligncenter is-type-video is-provider-youtube wp-block-embed-youtube wp-embed-aspect-16-9 wp-has-aspect-ratio\"><div class=\"wp-block-embed__wrapper\"> <iframe loading=\"lazy\" title=\"Erdnussbeschichtungsmaschine | Das Video zur Herstellung von beschichteten Erdn\u00fcssen\" width=\"500\" height=\"281\" src=\"https:\/\/www.youtube.com\/embed\/b38_jr7zqyU?feature=oembed\" frameborder=\"0\" allow=\"accelerometer; autoplay; clipboard-write; encrypted-media; gyroscope; picture-in-picture; web-share\" referrerpolicy=\"strict-origin-when-cross-origin\" allowfullscreen><\/iframe> <\/div><figcaption class=\"wp-element-caption\">Video zur Herstellung einer beschichteten Erdnussmaschine<\/figcaption><\/figure>","protected":false},"excerpt":{"rendered":"<p>Die Maschine zur Herstellung beschichteter Erdn\u00fcsse eignet sich f\u00fcr die Verarbeitung aller Arten von Erdn\u00fcssen und anderen beschichteten Produkten. Es ist ideal f\u00fcr die Pharma-, Lebensmittel- und Chemieindustrie.<\/p>","protected":false},"author":1,"featured_media":128,"parent":0,"template":"","tags":[43],"product-type":[53,46],"class_list":["post-124","product","type-product","status-publish","has-post-thumbnail","hentry","tag-coated-peanut","product-type-peanut-coating-machine","product-type-products"],"_links":{"self":[{"href":"https:\/\/www.peanuts-machine.com\/de\/wp-json\/wp\/v2\/product\/124","targetHints":{"allow":["GET"]}}],"collection":[{"href":"https:\/\/www.peanuts-machine.com\/de\/wp-json\/wp\/v2\/product"}],"about":[{"href":"https:\/\/www.peanuts-machine.com\/de\/wp-json\/wp\/v2\/types\/product"}],"author":[{"embeddable":true,"href":"https:\/\/www.peanuts-machine.com\/de\/wp-json\/wp\/v2\/users\/1"}],"wp:featuredmedia":[{"embeddable":true,"href":"https:\/\/www.peanuts-machine.com\/de\/wp-json\/wp\/v2\/media\/128"}],"wp:attachment":[{"href":"https:\/\/www.peanuts-machine.com\/de\/wp-json\/wp\/v2\/media?parent=124"}],"wp:term":[{"taxonomy":"post_tag","embeddable":true,"href":"https:\/\/www.peanuts-machine.com\/de\/wp-json\/wp\/v2\/tags?post=124"},{"taxonomy":"product-type","embeddable":true,"href":"https:\/\/www.peanuts-machine.com\/de\/wp-json\/wp\/v2\/product-type?post=124"}],"curies":[{"name":"wp","href":"https:\/\/api.w.org\/{rel}","templated":true}]}}