{"id":151,"date":"2022-08-11T07:08:28","date_gmt":"2022-08-11T07:08:28","guid":{"rendered":"https:\/\/www.peanuts-machine.com\/?post_type=product&#038;p=151"},"modified":"2026-01-13T16:05:59","modified_gmt":"2026-01-13T08:05:59","slug":"peanut-peeling-machine","status":"publish","type":"product","link":"https:\/\/www.peanuts-machine.com\/de\/product\/peanut-peeling-machine\/","title":{"rendered":"Trockenes Erdnuss-Sch\u00e4lmaschine | Erdnussschalenentferner"},"content":{"rendered":"<div class=\"kk-star-ratings kksr-auto kksr-align-left kksr-valign-top\"     data-payload='{&quot;align&quot;:&quot;left&quot;,&quot;id&quot;:&quot;151&quot;,&quot;slug&quot;:&quot;default&quot;,&quot;valign&quot;:&quot;top&quot;,&quot;ignore&quot;:&quot;&quot;,&quot;reference&quot;:&quot;auto&quot;,&quot;class&quot;:&quot;&quot;,&quot;count&quot;:&quot;12&quot;,&quot;legendonly&quot;:&quot;&quot;,&quot;readonly&quot;:&quot;&quot;,&quot;score&quot;:&quot;4.5&quot;,&quot;starsonly&quot;:&quot;&quot;,&quot;best&quot;:&quot;5&quot;,&quot;gap&quot;:&quot;5&quot;,&quot;greet&quot;:&quot;Rate this product&quot;,&quot;legend&quot;:&quot;4.5\\\/5 - (12 votes)&quot;,&quot;size&quot;:&quot;24&quot;,&quot;title&quot;:&quot;Dry Peanut Peeling Machine | Groundnut Skin Remover&quot;,&quot;width&quot;:&quot;128&quot;,&quot;_legend&quot;:&quot;{score}\\\/{best} - ({count} {votes})&quot;,&quot;font_factor&quot;:&quot;1.25&quot;}'>              <div class=\"kksr-stars\">      <div class=\"kksr-stars-inactive\">             <div class=\"kksr-star\" data-star=\"1\" style=\"padding-right: 5px\">               <div class=\"kksr-icon\" style=\"width: 24px; height: 24px;\"><\/div>         <\/div>             <div class=\"kksr-star\" data-star=\"2\" style=\"padding-right: 5px\">               <div class=\"kksr-icon\" style=\"width: 24px; height: 24px;\"><\/div>         <\/div>             <div class=\"kksr-star\" data-star=\"3\" style=\"padding-right: 5px\">               <div class=\"kksr-icon\" style=\"width: 24px; height: 24px;\"><\/div>         <\/div>             <div class=\"kksr-star\" data-star=\"4\" style=\"padding-right: 5px\">               <div class=\"kksr-icon\" style=\"width: 24px; height: 24px;\"><\/div>         <\/div>             <div class=\"kksr-star\" data-star=\"5\" style=\"padding-right: 5px\">               <div class=\"kksr-icon\" style=\"width: 24px; height: 24px;\"><\/div>         <\/div>     <\/div>      <div class=\"kksr-stars-active\" style=\"width: 128px;\">             <div class=\"kksr-star\" style=\"padding-right: 5px\">               <div class=\"kksr-icon\" style=\"width: 24px; height: 24px;\"><\/div>         <\/div>             <div class=\"kksr-star\" style=\"padding-right: 5px\">               <div class=\"kksr-icon\" style=\"width: 24px; height: 24px;\"><\/div>         <\/div>             <div class=\"kksr-star\" style=\"padding-right: 5px\">               <div class=\"kksr-icon\" style=\"width: 24px; height: 24px;\"><\/div>         <\/div>             <div class=\"kksr-star\" style=\"padding-right: 5px\">               <div class=\"kksr-icon\" style=\"width: 24px; height: 24px;\"><\/div>         <\/div>             <div class=\"kksr-star\" style=\"padding-right: 5px\">               <div class=\"kksr-icon\" style=\"width: 24px; height: 24px;\"><\/div>         <\/div>     <\/div> <\/div>                   <div class=\"kksr-legend\" style=\"font-size: 19.2px;\">             4,5\/5 - (12 Stimmen)    <\/div>     <\/div>  <p>Die Erdnusssch\u00e4lmaschine wurde speziell zum Entfernen der roten Haut von Erdn\u00fcssen entwickelt. Es nutzt ein Differential-Roll-Reibungs-\u00dcbertragungssystem, das dabei hilft, den Erdnusskern intakt zu halten und den Geschmack der Erdn\u00fcsse zu verbessern. Es eignet sich auch zur Verarbeitung von Mandelkernen, Sojabohnen, Ackerbohnen und mehr. <\/p>    <p>Unser Werk bietet eine Vielzahl von Modellen f\u00fcr die Erdnussschalen-Sch\u00e4lmaschine mit Produktionskapazit\u00e4ten von 200 bis 1000 kg\/h an. Die Beschussrate kann 98% oder h\u00f6her erreichen, w\u00e4hrend die Kernbruchrate unter 2% bleibt.<\/p>    <figure class=\"wp-block-embed aligncenter is-type-video is-provider-youtube wp-block-embed-youtube wp-embed-aspect-16-9 wp-has-aspect-ratio\"><div class=\"wp-block-embed__wrapper\"> <iframe loading=\"lazy\" title=\"Effiziente Erdnusssch\u00e4lmaschine f\u00fcr die Erdnuss-Lebensmittelverarbeitung! #peanut #groundnut #peeling\" width=\"500\" height=\"281\" src=\"https:\/\/www.youtube.com\/embed\/_HGeXxUyVp0?feature=oembed\" frameborder=\"0\" allow=\"accelerometer; autoplay; clipboard-write; encrypted-media; gyroscope; picture-in-picture; web-share\" referrerpolicy=\"strict-origin-when-cross-origin\" allowfullscreen><\/iframe> <\/div><figcaption class=\"wp-element-caption\">Trockene Art Erdnuss-Schalenentferner Maschine Arbeitsvideo<\/figcaption><\/figure>    <h2 class=\"wp-block-heading\">Warum sind Erdnussschalen so beliebt?<\/h2>    <p>Diese Erdnusssch\u00e4lmaschine wird h\u00e4ufig bei der Herstellung verschiedener Erdnussprodukte eingesetzt, darunter frittierte Erdn\u00fcsse, Erdn\u00fcsse mit verschiedenen Geschmacksrichtungen, Erdnussmilch, Erdnussproteinpulver, Erdnussbonbons, Erdnusskrokant, Erdnusskuchen, Erdnussbutter, Konserven und mehr. <\/p>    <p>Gesch\u00e4lte Erdnusskerne geh\u00f6ren zu den beliebtesten exotischen Erdnussprodukten. Wir bieten Maschinen in vielseitigen Ausf\u00fchrungen mit einer breiten Modellauswahl an. F\u00fcr lokale Unternehmen, die Erdnussprodukte verarbeiten, ist die Investition in eine Erdnusssch\u00e4lmaschine eine erhebliche Verpflichtung, die erhebliche Gewinne einbringen kann.<\/p>   <div class=\"wp-block-image\"> <figure class=\"aligncenter size-full\"><img loading=\"lazy\" decoding=\"async\" width=\"720\" height=\"540\" src=\"https:\/\/www.peanuts-machine.com\/wp-content\/uploads\/2022\/08\/peanut-skin-remover-machine.webp\" alt=\"Maschine zum Entfernen von Erdnussschalen\" class=\"wp-image-543\" title=\"\" srcset=\"https:\/\/www.peanuts-machine.com\/wp-content\/uploads\/2022\/08\/peanut-skin-remover-machine.webp 720w, https:\/\/www.peanuts-machine.com\/wp-content\/uploads\/2022\/08\/peanut-skin-remover-machine-300x225.webp 300w, https:\/\/www.peanuts-machine.com\/wp-content\/uploads\/2022\/08\/peanut-skin-remover-machine-16x12.webp 16w\" sizes=\"auto, (max-width: 720px) 100vw, 720px\" \/><figcaption class=\"wp-element-caption\">Maschine zum Entfernen von Erdnussschalen<\/figcaption><\/figure> <\/div>   <h2 class=\"wp-block-heading\">Anforderungen an Erdnussrohstoffe<\/h2>    <ul class=\"wp-block-list\"> <li>Der Feuchtigkeitsgehalt der Zutaten nach dem Frittieren oder R\u00f6sten betr\u00e4gt etwa 4%. <\/li>    <li>Es ist wichtig, die Temperatur zu kontrollieren; wenn sie zu hoch wird, kann dies den Sch\u00e4lprozess negativ beeinflussen und die Maschine m\u00f6glicherweise besch\u00e4digen. <\/li>    <li>Die zu sch\u00e4lenden Rohstoffe sollten frei von Verunreinigungen wie Eisensp\u00e4nen und Steinen sein, um Sch\u00e4den an der Ausr\u00fcstung zu vermeiden. <\/li> <\/ul>    <p class=\"translation-block\">In der Regel m\u00fcssen Erdn\u00fcsse vor dem Sch\u00e4len in einem Erdnussr\u00f6ster verarbeitet werden. F\u00fcr weitere Details lesen Sie bitte <a href=\"https:\/\/www.peanuts-machine.com\/de\/product\/peanut-roasting-machine\/\">Ger\u00f6stete Erdn\u00fcsse Maschine | Erdnu\u00dfr\u00f6ster<\/a>.<\/p>   <div class=\"wp-block-image\"> <figure class=\"aligncenter size-full\"><img loading=\"lazy\" decoding=\"async\" width=\"720\" height=\"540\" src=\"https:\/\/www.peanuts-machine.com\/wp-content\/uploads\/2022\/08\/groundnut-skin-peeler.webp\" alt=\"Trocken-Erdnusssch\u00e4lmaschine\" class=\"wp-image-544\" title=\"\" srcset=\"https:\/\/www.peanuts-machine.com\/wp-content\/uploads\/2022\/08\/groundnut-skin-peeler.webp 720w, https:\/\/www.peanuts-machine.com\/wp-content\/uploads\/2022\/08\/groundnut-skin-peeler-300x225.webp 300w, https:\/\/www.peanuts-machine.com\/wp-content\/uploads\/2022\/08\/groundnut-skin-peeler-16x12.webp 16w\" sizes=\"auto, (max-width: 720px) 100vw, 720px\" \/><figcaption class=\"wp-element-caption\">Trocken-Erdnusssch\u00e4lmaschine<\/figcaption><\/figure> <\/div>   <h2 class=\"wp-block-heading\">Vorteile des trockenen Erdnusssch\u00e4lers<\/h2>    <ul class=\"wp-block-list\"> <li>Die Maschine ist kompakt und daher einfach zu installieren und zu bedienen. <\/li>    <li>Die Maschine ist aus Edelstahl gefertigt, sauber und hygienisch, robust und langlebig.<\/li>    <li>Es handelt sich um ein Trockenverfahren, das hei\u00dft, es entsteht kein Wasserverbrauch und keine Umweltbelastung. <\/li>    <li>Die verarbeiteten Erdnusskerne zeichnen sich durch eine geringe Zerkleinerungsrate und ein hervorragendes Aussehen aus. <\/li>    <li>Das Gebl\u00e4se sammelt die roten H\u00e4ute und erm\u00f6glicht so eine einfache Verwendung in anderen Anwendungen wie Pharmazeutika.<\/li> <\/ul>   <div class=\"wp-block-image\"> <figure class=\"aligncenter size-full\"><img loading=\"lazy\" decoding=\"async\" width=\"630\" height=\"300\" src=\"https:\/\/www.peanuts-machine.com\/wp-content\/uploads\/2022\/08\/finished-products-2.webp\" alt=\"fertige Produkte\" class=\"wp-image-154\" title=\"\" srcset=\"https:\/\/www.peanuts-machine.com\/wp-content\/uploads\/2022\/08\/finished-products-2.webp 630w, https:\/\/www.peanuts-machine.com\/wp-content\/uploads\/2022\/08\/finished-products-2-300x143.webp 300w\" sizes=\"auto, (max-width: 630px) 100vw, 630px\" \/><figcaption class=\"wp-element-caption\">fertige gesch\u00e4lte Erdnussprodukte<\/figcaption><\/figure> <\/div>   <h2 class=\"wp-block-heading\">Parameter der Erdnusssch\u00e4lmaschine<\/h2>    <figure class=\"wp-block-table is-style-stripes\"><table><tbody><tr><td>Modell<\/td><td class=\"has-text-align-center\" data-align=\"center\">Kapazit\u00e4t<\/td><td class=\"has-text-align-center\" data-align=\"center\">Motorleistung<\/td><td class=\"has-text-align-center\" data-align=\"center\">L\u00fcfterleistung<\/td><td class=\"has-text-align-center\" data-align=\"center\">Stromspannung<\/td><td class=\"has-text-align-center\" data-align=\"center\">Frequenz<\/td><td class=\"has-text-align-center\" data-align=\"center\">Sch\u00e4lrate<\/td><td class=\"has-text-align-center\" data-align=\"center\">Gr\u00f6\u00dfe<\/td><\/tr><tr><td>TZ-1<\/td><td class=\"has-text-align-center\" data-align=\"center\">200-300kg\/h<\/td><td class=\"has-text-align-center\" data-align=\"center\">0,55 kW<\/td><td class=\"has-text-align-center\" data-align=\"center\">0,37 kW<\/td><td class=\"has-text-align-center\" data-align=\"center\">380V\/220V<\/td><td class=\"has-text-align-center\" data-align=\"center\">50 Hz<\/td><td class=\"has-text-align-center\" data-align=\"center\">\u226598%<\/td><td class=\"has-text-align-center\" data-align=\"center\">1100*400*1100MM<\/td><\/tr><tr><td>TZ-2<\/td><td class=\"has-text-align-center\" data-align=\"center\">400\u2013500 kg\/h<\/td><td class=\"has-text-align-center\" data-align=\"center\">0,55 kW*2<\/td><td class=\"has-text-align-center\" data-align=\"center\">0,37 kW<\/td><td class=\"has-text-align-center\" data-align=\"center\">380V\/220V<\/td><td class=\"has-text-align-center\" data-align=\"center\">50 Hz<\/td><td class=\"has-text-align-center\" data-align=\"center\">\u226598%<\/td><td class=\"has-text-align-center\" data-align=\"center\">1100*700*1100MM<\/td><\/tr><tr><td>TZ-3<\/td><td class=\"has-text-align-center\" data-align=\"center\">600-800kg\/h<\/td><td class=\"has-text-align-center\" data-align=\"center\">0,55 kW*3<\/td><td class=\"has-text-align-center\" data-align=\"center\">0,37 kW<\/td><td class=\"has-text-align-center\" data-align=\"center\">380V\/220V<\/td><td class=\"has-text-align-center\" data-align=\"center\">50 Hz<\/td><td class=\"has-text-align-center\" data-align=\"center\">\u226598%<\/td><td class=\"has-text-align-center\" data-align=\"center\">1100*1000*1100MM<\/td><\/tr><tr><td>TZ-4<\/td><td class=\"has-text-align-center\" data-align=\"center\">800-1000kg\/h<\/td><td class=\"has-text-align-center\" data-align=\"center\">0,55 kW*4<\/td><td class=\"has-text-align-center\" data-align=\"center\">0,37 kW<\/td><td class=\"has-text-align-center\" data-align=\"center\">380V\/220V<\/td><td class=\"has-text-align-center\" data-align=\"center\">50 Hz<\/td><td class=\"has-text-align-center\" data-align=\"center\">\u226598%<\/td><td class=\"has-text-align-center\" data-align=\"center\">1100*1400*1100MM<\/td><\/tr><\/tbody><\/table><figcaption class=\"wp-element-caption\">Technische Daten der trockenen Erdnusssch\u00e4lmaschine<\/figcaption><\/figure>    <h2 class=\"wp-block-heading\">Maschinendesign und Funktionsprinzip<\/h2>    <p>Diese trockene Erdnusssch\u00e4lmaschine umfasst einen Einf\u00fclltrichter, drei Trommeln, einen zweischichtigen Vibrationssiebf\u00f6rderer, einen Zentrifugalventilator und einen Auslass. <\/p>    <p>Es verf\u00fcgt \u00fcber eine Walzen-Reibstruktur, bei der getrocknete Erdnusskerne aus dem Trichter der Hauptmaschine zugef\u00fchrt werden. Die rote Au\u00dfenhaut wird durch die schnell rotierende Reibwalze entfernt und die gesch\u00e4lten Erdnusskerne werden aus der vorderen Einf\u00fcll\u00f6ffnung ausgetragen. W\u00e4hrenddessen werden die Erdnussschalen vom Ventilator von der gegen\u00fcberliegenden Seite ausgeblasen und aufgefangen.<\/p>    <figure class=\"wp-block-embed aligncenter is-type-video is-provider-youtube wp-block-embed-youtube wp-embed-aspect-16-9 wp-has-aspect-ratio\"><div class=\"wp-block-embed__wrapper\"> <iframe loading=\"lazy\" title=\"Erdnusssch\u00e4lmaschine | Video zum Trocken-Erdnusssch\u00e4ler\" width=\"500\" height=\"281\" src=\"https:\/\/www.youtube.com\/embed\/GTZnV8cQq40?feature=oembed\" frameborder=\"0\" allow=\"accelerometer; autoplay; clipboard-write; encrypted-media; gyroscope; picture-in-picture; web-share\" referrerpolicy=\"strict-origin-when-cross-origin\" allowfullscreen><\/iframe> <\/div><figcaption class=\"wp-element-caption\">Arbeitsvideo einer trockenen Erdnusssch\u00e4lmaschine<\/figcaption><\/figure>    <h2 class=\"wp-block-heading\">Nass-Erdnussschalen-Entferner<\/h2>    <p class=\"translation-block\">Die nasse Erdnusspeelmaschine ist f\u00fcr rohes Erdnussgut konzipiert. Nach diesem Ger\u00e4t besitzt das Peeling der Erdn\u00fcsse eine hohe Integrit\u00e4trate. Sie k\u00f6nnen weitere Informationen \u00fcber diese Maschine erhalten, indem Sie <a href=\"https:\/\/www.peanuts-machine.com\/de\/product\/wet-groundnut-peeling-machine\/\">Nasses Erdnusspeeling Maschine<\/a> lesen.<\/p>    <h3 class=\"wp-block-heading\">Wie funktioniert das?<\/h3>    <p>Im Gegensatz zur trockenen Erdnuss-Rot-Schale-Sch\u00e4lmaschine nutzt diese Gummiwalzenreibung, um Erdn\u00fcsse effektiv zu sch\u00e4len. <\/p>    <ol class=\"wp-block-list\"> <li>To start, it&#8217;s important to soak the peanut beans in advance. <\/li>    <li>Als N\u00e4chstes gie\u00dfen Sie die eingeweichten Erdn\u00fcsse in den Trichter. W\u00e4hrend die Gummiwalzen Reibung erzeugen, wird die rote Schale von den Erdnusskernen getrennt. <\/li>    <li>Am Ende verlassen die gesch\u00e4lten Erdn\u00fcsse den Auslass, w\u00e4hrend die rote Schale aus einem anderen Ausgang ausgesto\u00dfen wird.<\/li> <\/ol>   <div class=\"wp-block-image\"> <figure class=\"aligncenter size-full\"><img loading=\"lazy\" decoding=\"async\" width=\"720\" height=\"540\" src=\"https:\/\/www.peanuts-machine.com\/wp-content\/uploads\/2022\/08\/peanut-peeler.webp\" alt=\"Erdnusssch\u00e4ler\" class=\"wp-image-159\" title=\"\" srcset=\"https:\/\/www.peanuts-machine.com\/wp-content\/uploads\/2022\/08\/peanut-peeler.webp 720w, https:\/\/www.peanuts-machine.com\/wp-content\/uploads\/2022\/08\/peanut-peeler-300x225.webp 300w\" sizes=\"auto, (max-width: 720px) 100vw, 720px\" \/><figcaption class=\"wp-element-caption\">Erdnusssch\u00e4ler<\/figcaption><\/figure> <\/div>   <h3 class=\"wp-block-heading\" id=\"h-machine-parameters\">Maschinenparameter<\/h3>    <figure class=\"wp-block-table\"><table><tbody><tr><td>Modell<\/td><td>ZYC-100<\/td><td>ZYC-180<\/td><\/tr><tr><td>Leistung<\/td><td>0,75 kW (380 V), 1,1 kW (220 V)<\/td><td>0,75 kW (380 V), 1,1 kW (220 V)<\/td><\/tr><tr><td>Sch\u00e4lrate<\/td><td>92%-95%<\/td><td>92%-95%<\/td><\/tr><tr><td>Kapazit\u00e4t<\/td><td>100-150kg\/h<\/td><td>200-250kg\/h<\/td><\/tr><tr><td>Gr\u00f6\u00dfe<\/td><td>1180*720*1100mm<\/td><td>1180*850*1100mm<\/td><\/tr><\/tbody><\/table><figcaption class=\"wp-element-caption\">Nass-Erdnusskernsch\u00e4lmaschine<\/figcaption><\/figure>    <h2 class=\"wp-block-heading\">Wie wird die Maschine gewartet?<\/h2>    <ul class=\"wp-block-list\"> <li>Achten Sie darauf, die Schleifwalzen regelm\u00e4\u00dfig zu reinigen. <\/li>    <li>Wenn sich der einzelne Sand nicht dreht, ist es Zeit, den Riemen zu ersetzen. <\/li>    <li>Reinigen Sie das L\u00fcfterrad regelm\u00e4\u00dfig, da sich dort Erdnusspulver und zerkleinerte Schalen ansammeln k\u00f6nnen. <\/li>    <li>Entfernen Sie nach Abschluss der Arbeiten mit einer B\u00fcrste eventuelle R\u00fcckst\u00e4nde von den Schleifwalzen und s\u00e4ubern Sie den Aufbewahrungsbeutel (oder die Box), in dem sich die zerkleinerten Hautfragmente befinden. <\/li>    <li>Stellen Sie sicher, dass Sie jeden Tag die Erdn\u00fcsse und Pellets aus dem Ventilatorbeh\u00e4lter leeren und die Schiebet\u00fcr an der Unterseite der Maschine \u00f6ffnen, um die Pellets freizugeben.<\/li> <\/ul>   <div class=\"wp-block-image\"> <figure class=\"aligncenter size-full\"><img loading=\"lazy\" decoding=\"async\" width=\"720\" height=\"540\" src=\"https:\/\/www.peanuts-machine.com\/wp-content\/uploads\/2022\/08\/peanut-peelers-for-sale.webp\" alt=\"Erdnusssch\u00e4ler zu verkaufen\" class=\"wp-image-546\" title=\"\" srcset=\"https:\/\/www.peanuts-machine.com\/wp-content\/uploads\/2022\/08\/peanut-peelers-for-sale.webp 720w, https:\/\/www.peanuts-machine.com\/wp-content\/uploads\/2022\/08\/peanut-peelers-for-sale-300x225.webp 300w, https:\/\/www.peanuts-machine.com\/wp-content\/uploads\/2022\/08\/peanut-peelers-for-sale-16x12.webp 16w\" sizes=\"auto, (max-width: 720px) 100vw, 720px\" \/><figcaption class=\"wp-element-caption\">Erdnusssch\u00e4ler zu verkaufen<\/figcaption><\/figure> <\/div>   <h2 class=\"wp-block-heading\">Kosten f\u00fcr eine Erdnusssch\u00e4lmaschine<\/h2>    <p>Als f\u00fchrender Hersteller von Erdnusssch\u00e4lmaschinen bieten wir eine Vielzahl von Modellen an, die Ihren Anforderungen gerecht werden. Jeder Sch\u00e4lmaschinentyp hat seinen Preis. Dar\u00fcber hinaus k\u00f6nnen Faktoren wie Entfernung, Produktionskapazit\u00e4t und Steuers\u00e4tze die Gesamtkosten der Erdnussverarbeitungsmaschine beeinflussen. Dies bedeutet, dass die Preise erheblich variieren k\u00f6nnen. <\/p>   <div class=\"wp-block-image\"> <figure class=\"aligncenter size-full\"><img loading=\"lazy\" decoding=\"async\" width=\"720\" height=\"540\" src=\"https:\/\/www.peanuts-machine.com\/wp-content\/uploads\/2022\/08\/dry-type-peanut-machine-in-taizy-factory.webp\" alt=\"Trockenerdnussmaschine in der Taizy-Fabrik\" class=\"wp-image-153\" title=\"\" srcset=\"https:\/\/www.peanuts-machine.com\/wp-content\/uploads\/2022\/08\/dry-type-peanut-machine-in-taizy-factory.webp 720w, https:\/\/www.peanuts-machine.com\/wp-content\/uploads\/2022\/08\/dry-type-peanut-machine-in-taizy-factory-300x225.webp 300w\" sizes=\"auto, (max-width: 720px) 100vw, 720px\" \/><figcaption class=\"wp-element-caption\">Trockenerdnussmaschine in der Taizy-Fabrik<\/figcaption><\/figure> <\/div>  <div class=\"wp-block-image\"> <figure class=\"aligncenter size-full\"><img loading=\"lazy\" decoding=\"async\" width=\"720\" height=\"540\" src=\"https:\/\/www.peanuts-machine.com\/wp-content\/uploads\/2022\/08\/peanut-peeling-machine-working-process.webp\" alt=\"Arbeitsablauf des Erdnusssch\u00e4lers\" class=\"wp-image-156\" title=\"\" srcset=\"https:\/\/www.peanuts-machine.com\/wp-content\/uploads\/2022\/08\/peanut-peeling-machine-working-process.webp 720w, https:\/\/www.peanuts-machine.com\/wp-content\/uploads\/2022\/08\/peanut-peeling-machine-working-process-300x225.webp 300w\" sizes=\"auto, (max-width: 720px) 100vw, 720px\" \/><figcaption class=\"wp-element-caption\">Arbeitsablauf des Erdnusssch\u00e4lers<\/figcaption><\/figure> <\/div>   <p class=\"translation-block\">Die Maschine ist benutzerfreundlich, gew\u00e4hrleistet einen hygienischen Prozess und ist effizient beim Sparen von Arbeit und Strom. Au\u00dferdem spielt sie eine entscheidende Rolle in der <a href=\"https:\/\/www.peanuts-machine.com\/de\/product\/peanut-butter-production-line\/\">Erdnussbutter-Produktionslinie<\/a> und der <a href=\"https:\/\/www.peanuts-machine.com\/de\/product\/coated-peanut-production-line\/\">\u00fcberzogene Erdnuss-Produktionslinie<\/a>.<\/p>    <p>Wenn Sie an einem detaillierten Angebot f\u00fcr eine Maschine interessiert sind, kontaktieren Sie uns bitte mit Ihren spezifischen Anforderungen, und unser Vertriebsteam wird Ihnen ein klares Angebot unterbreiten.<\/p>","protected":false},"excerpt":{"rendered":"<p>Die Erdnuss-Sch\u00e4lmaschine verwendet ein Differential-Rollreibungsantriebssystem, um die rote Haut von Erdn\u00fcssen zu entfernen. Sie ist weit verbreitet einsetzbar und hat eine Sch\u00e4lrate von 98%.<\/p>","protected":false},"author":1,"featured_media":155,"parent":0,"template":"","tags":[37,36,38],"product-type":[49,46],"class_list":["post-151","product","type-product","status-publish","has-post-thumbnail","hentry","tag-groundnut","tag-peanut","tag-roasted-peanut","product-type-peanut-peeling-machine","product-type-products"],"_links":{"self":[{"href":"https:\/\/www.peanuts-machine.com\/de\/wp-json\/wp\/v2\/product\/151","targetHints":{"allow":["GET"]}}],"collection":[{"href":"https:\/\/www.peanuts-machine.com\/de\/wp-json\/wp\/v2\/product"}],"about":[{"href":"https:\/\/www.peanuts-machine.com\/de\/wp-json\/wp\/v2\/types\/product"}],"author":[{"embeddable":true,"href":"https:\/\/www.peanuts-machine.com\/de\/wp-json\/wp\/v2\/users\/1"}],"wp:featuredmedia":[{"embeddable":true,"href":"https:\/\/www.peanuts-machine.com\/de\/wp-json\/wp\/v2\/media\/155"}],"wp:attachment":[{"href":"https:\/\/www.peanuts-machine.com\/de\/wp-json\/wp\/v2\/media?parent=151"}],"wp:term":[{"taxonomy":"post_tag","embeddable":true,"href":"https:\/\/www.peanuts-machine.com\/de\/wp-json\/wp\/v2\/tags?post=151"},{"taxonomy":"product-type","embeddable":true,"href":"https:\/\/www.peanuts-machine.com\/de\/wp-json\/wp\/v2\/product-type?post=151"}],"curies":[{"name":"wp","href":"https:\/\/api.w.org\/{rel}","templated":true}]}}