{"id":221,"date":"2022-10-11T14:19:15","date_gmt":"2022-10-11T06:19:15","guid":{"rendered":"https:\/\/www.peanuts-machine.com\/?post_type=product&#038;p=221"},"modified":"2026-01-16T11:38:57","modified_gmt":"2026-01-16T03:38:57","slug":"peanut-harvester","status":"publish","type":"product","link":"https:\/\/www.peanuts-machine.com\/de\/product\/peanut-harvester\/","title":{"rendered":"Erdnusserntemaschine | Erdnuss-Erntemaschine"},"content":{"rendered":"<div class=\"kk-star-ratings kksr-auto kksr-align-left kksr-valign-top\"     data-payload='{&quot;align&quot;:&quot;left&quot;,&quot;id&quot;:&quot;221&quot;,&quot;slug&quot;:&quot;default&quot;,&quot;valign&quot;:&quot;top&quot;,&quot;ignore&quot;:&quot;&quot;,&quot;reference&quot;:&quot;auto&quot;,&quot;class&quot;:&quot;&quot;,&quot;count&quot;:&quot;18&quot;,&quot;legendonly&quot;:&quot;&quot;,&quot;readonly&quot;:&quot;&quot;,&quot;score&quot;:&quot;4.7&quot;,&quot;starsonly&quot;:&quot;&quot;,&quot;best&quot;:&quot;5&quot;,&quot;gap&quot;:&quot;5&quot;,&quot;greet&quot;:&quot;Rate this product&quot;,&quot;legend&quot;:&quot;4.7\\\/5 - (18 votes)&quot;,&quot;size&quot;:&quot;24&quot;,&quot;title&quot;:&quot;Peanut Harvester | Groundnut Harvesting Machine&quot;,&quot;width&quot;:&quot;133.8&quot;,&quot;_legend&quot;:&quot;{score}\\\/{best} - ({count} {votes})&quot;,&quot;font_factor&quot;:&quot;1.25&quot;}'>              <div class=\"kksr-stars\">      <div class=\"kksr-stars-inactive\">             <div class=\"kksr-star\" data-star=\"1\" style=\"padding-right: 5px\">               <div class=\"kksr-icon\" style=\"width: 24px; height: 24px;\"><\/div>         <\/div>             <div class=\"kksr-star\" data-star=\"2\" style=\"padding-right: 5px\">               <div class=\"kksr-icon\" style=\"width: 24px; height: 24px;\"><\/div>         <\/div>             <div class=\"kksr-star\" data-star=\"3\" style=\"padding-right: 5px\">               <div class=\"kksr-icon\" style=\"width: 24px; height: 24px;\"><\/div>         <\/div>             <div class=\"kksr-star\" data-star=\"4\" style=\"padding-right: 5px\">               <div class=\"kksr-icon\" style=\"width: 24px; height: 24px;\"><\/div>         <\/div>             <div class=\"kksr-star\" data-star=\"5\" style=\"padding-right: 5px\">               <div class=\"kksr-icon\" style=\"width: 24px; height: 24px;\"><\/div>         <\/div>     <\/div>      <div class=\"kksr-stars-active\" style=\"width: 133.8px;\">             <div class=\"kksr-star\" style=\"padding-right: 5px\">               <div class=\"kksr-icon\" style=\"width: 24px; height: 24px;\"><\/div>         <\/div>             <div class=\"kksr-star\" style=\"padding-right: 5px\">               <div class=\"kksr-icon\" style=\"width: 24px; height: 24px;\"><\/div>         <\/div>             <div class=\"kksr-star\" style=\"padding-right: 5px\">               <div class=\"kksr-icon\" style=\"width: 24px; height: 24px;\"><\/div>         <\/div>             <div class=\"kksr-star\" style=\"padding-right: 5px\">               <div class=\"kksr-icon\" style=\"width: 24px; height: 24px;\"><\/div>         <\/div>             <div class=\"kksr-star\" style=\"padding-right: 5px\">               <div class=\"kksr-icon\" style=\"width: 24px; height: 24px;\"><\/div>         <\/div>     <\/div> <\/div>                   <div class=\"kksr-legend\" style=\"font-size: 19.2px;\">             4,7\/5 - (18 Stimmen)    <\/div>     <\/div>  <p>Die Erdnussernteausr\u00fcstung ist mit 20\u201335 PS oder handgef\u00fchrten Traktoren kompatibel und kann Erdnussfelder von 1.300 bis 2.000 Quadratmetern pro Stunde effizient bewirtschaften und erm\u00f6glicht so ein effektives Graben und Trennen der Fr\u00fcchte vom Boden. <\/p>    <p>Der Reihenabstand des Erdnussgr\u00e4bers kann von 180 bis 250 mm eingestellt werden. Es verf\u00fcgt \u00fcber eine Pfl\u00fcckleistung von bis zu 981 TP3T, eine Abwurfrate gemahlener Fr\u00fcchte von weniger als 41 TP3T, eine Verlustrate von weniger als 31 TP3T und eine Zerkleinerungsrate von weniger als 11 TP3T, was eine hohe Qualit\u00e4t und einen maximalen Erdnussertrag gew\u00e4hrleistet. <\/p>    <figure class=\"wp-block-embed aligncenter is-type-video is-provider-youtube wp-block-embed-youtube wp-embed-aspect-16-9 wp-has-aspect-ratio\"><div class=\"wp-block-embed__wrapper\"> <iframe loading=\"lazy\" title=\"Erdnussernte! \ud83e\udd5c\ud83d\ude9c Supereffiziente Erdnuss-Erntemaschine rockt!#Erdnuss #Erdnuss #harvester\" width=\"500\" height=\"281\" src=\"https:\/\/www.youtube.com\/embed\/hpstiXZua74?feature=oembed\" frameborder=\"0\" allow=\"accelerometer; autoplay; clipboard-write; encrypted-media; gyroscope; picture-in-picture; web-share\" referrerpolicy=\"strict-origin-when-cross-origin\" allowfullscreen><\/iframe> <\/div><figcaption class=\"wp-element-caption\">Arbeitsvideo einer traktorbetriebenen Erdnusserntemaschine<\/figcaption><\/figure>    <p>Die Maschine zeichnet sich durch einen einfachen Aufbau, hohe Effizienz, niedrige Kosten und eine hohe Laufgeschwindigkeit aus und verhindert gleichzeitig ein Verstopfen durch Gras. Das Ausgraben der Fr\u00fcchte und das Absch\u00fctteln der Erde erfolgt in einem Arbeitsgang, so dass die Erdn\u00fcsse nach der Ernte ordentlich auf dem Feld verstreut bleiben. <\/p>   <div class=\"wp-block-image\"> <figure class=\"aligncenter size-full\"><img loading=\"lazy\" decoding=\"async\" width=\"720\" height=\"540\" src=\"https:\/\/www.peanuts-machine.com\/wp-content\/uploads\/2022\/10\/peanut-picking.webp\" alt=\"Erdn\u00fcsse pfl\u00fccken\" class=\"wp-image-229\" title=\"\" srcset=\"https:\/\/www.peanuts-machine.com\/wp-content\/uploads\/2022\/10\/peanut-picking.webp 720w, https:\/\/www.peanuts-machine.com\/wp-content\/uploads\/2022\/10\/peanut-picking-300x225.webp 300w\" sizes=\"auto, (max-width: 720px) 100vw, 720px\" \/><figcaption class=\"wp-element-caption\">Erdn\u00fcsse pfl\u00fccken<\/figcaption><\/figure> <\/div>   <p>Dar\u00fcber hinaus hat unsere traktorartige Erdnussernteausr\u00fcstung zwei Gebrauchsmusterpatente und Designpatente erhalten, die vom State Patent Bureau genehmigt wurden.<\/p>    <h2 class=\"wp-block-heading\">Highlights der Erdnusserntemaschine<\/h2>    <ol class=\"wp-block-list\"> <li>Das Einzigartige <strong>Rollenger\u00e4t<\/strong> kann verhindern, dass Erdnusspflanzen im Boden versinken.<\/li>    <li>Der <strong>Vibrationssieb<\/strong> erm\u00f6glicht das Abrutschen der Erdn\u00fcsse und ein effizientes Aufsammeln. Dar\u00fcber hinaus hilft es, eventuell eingemischte Erde abzutrennen.<\/li>    <li>Der <strong>Gelenkwelle<\/strong> Mit dem Traktor und der Federung verbunden, kann der S\u00e4gezahn durch Einstellen der Richtung angetrieben werden.<\/li>    <li><strong>Abnehmbare Klingen<\/strong> Minimieren Sie den Erntewiderstand.<\/li>    <li>Der <strong>vordere Andruckrolle<\/strong> lockert den Boden f\u00fcr die Ernte auf.<\/li>    <li>Der <strong>abgeschr\u00e4gtes Design<\/strong> kann daf\u00fcr sorgen, dass die gepfl\u00fcckten Erdn\u00fcsse ordentlich auf einer Seite angeordnet sind.<\/li>    <li>Einzigartig gestaltet <strong>kombiniertes Reinigungssystem<\/strong>, weniger Verunreinigungen beim Erdnusspfl\u00fccken.<\/li> <\/ol>   <div class=\"wp-block-image\"> <figure class=\"aligncenter size-full\"><img loading=\"lazy\" decoding=\"async\" width=\"720\" height=\"540\" src=\"https:\/\/www.peanuts-machine.com\/wp-content\/uploads\/2022\/10\/groundnut-harvesting-equipment.webp\" alt=\"Erdnussernteausr\u00fcstung\" class=\"wp-image-512\" title=\"\" srcset=\"https:\/\/www.peanuts-machine.com\/wp-content\/uploads\/2022\/10\/groundnut-harvesting-equipment.webp 720w, https:\/\/www.peanuts-machine.com\/wp-content\/uploads\/2022\/10\/groundnut-harvesting-equipment-300x225.webp 300w, https:\/\/www.peanuts-machine.com\/wp-content\/uploads\/2022\/10\/groundnut-harvesting-equipment-16x12.webp 16w\" sizes=\"auto, (max-width: 720px) 100vw, 720px\" \/><figcaption class=\"wp-element-caption\">Erdnussernteausr\u00fcstung<\/figcaption><\/figure> <\/div>  <div class=\"wp-block-image\"> <figure class=\"aligncenter size-full\"><img loading=\"lazy\" decoding=\"async\" width=\"720\" height=\"540\" src=\"https:\/\/www.peanuts-machine.com\/wp-content\/uploads\/2022\/10\/peanut-digger-machine-for-sale.webp\" alt=\"Erdnussgr\u00e4bermaschine zu verkaufen\" class=\"wp-image-514\" title=\"\" srcset=\"https:\/\/www.peanuts-machine.com\/wp-content\/uploads\/2022\/10\/peanut-digger-machine-for-sale.webp 720w, https:\/\/www.peanuts-machine.com\/wp-content\/uploads\/2022\/10\/peanut-digger-machine-for-sale-300x225.webp 300w, https:\/\/www.peanuts-machine.com\/wp-content\/uploads\/2022\/10\/peanut-digger-machine-for-sale-16x12.webp 16w\" sizes=\"auto, (max-width: 720px) 100vw, 720px\" \/><figcaption class=\"wp-element-caption\">Erdnussgr\u00e4bermaschine zu verkaufen<\/figcaption><\/figure> <\/div>   <h2 class=\"wp-block-heading\">Technische Parameter der Erdnusserntemaschine<\/h2>    <figure class=\"wp-block-table\"><table><tbody><tr><td>Modell<\/td><td>HS-800<\/td><\/tr><tr><td>Kapazit\u00e4t<\/td><td>1300-2000 Quadratmeter\/h<\/td><\/tr><tr><td>Verpackungspreis<\/td><td>\u226598%<\/td><\/tr><tr><td>Bruchrate<\/td><td>\u22641%<\/td><\/tr><tr><td>Reinigungsrate<\/td><td>\u226595%<\/td><\/tr><tr><td>Grabtiefe<\/td><td>\u2265100mm<\/td><\/tr><tr><td>Passende Leistung<\/td><td>30 PS<\/td><\/tr><tr><td>Breite der Erntemaschine<\/td><td>zwei Reihen<\/td><\/tr><tr><td>Abstand zwischen Reihen<\/td><td>750\u2013850 mm<\/td><\/tr><tr><td>Reihenabstand<\/td><td>180-250mm<\/td><\/tr><tr><td>Gewicht<\/td><td>280kg<\/td><\/tr><tr><td>Dimension<\/td><td>2100x1050x1030mm<\/td><\/tr><\/tbody><\/table><figcaption class=\"wp-element-caption\">HS-800 Erdnusserntemaschine<\/figcaption><\/figure>    <p>Die Tabelle zeigt, dass die Erdnusserntemaschine HS-800 tiefer als 100 mm graben kann, wodurch sie Erdn\u00fcsse effektiv aus dem Boden zieht. Im Gegensatz zur manuellen Ernte minimiert diese Maschine nicht nur den Schaden, sondern steigert auch die Effizienz erheblich.<\/p>   <div class=\"wp-block-image\"> <figure class=\"aligncenter size-full\"><img loading=\"lazy\" decoding=\"async\" width=\"720\" height=\"540\" src=\"https:\/\/www.peanuts-machine.com\/wp-content\/uploads\/2022\/10\/groundnut-harvesting-machine.webp\" alt=\"Erdnusserntemaschine\" class=\"wp-image-223\" title=\"\" srcset=\"https:\/\/www.peanuts-machine.com\/wp-content\/uploads\/2022\/10\/groundnut-harvesting-machine.webp 720w, https:\/\/www.peanuts-machine.com\/wp-content\/uploads\/2022\/10\/groundnut-harvesting-machine-300x225.webp 300w\" sizes=\"auto, (max-width: 720px) 100vw, 720px\" \/><figcaption class=\"wp-element-caption\">Erdnusserntemaschine<\/figcaption><\/figure> <\/div>  <div class=\"wp-block-image\"> <figure class=\"aligncenter size-full\"><img loading=\"lazy\" decoding=\"async\" width=\"720\" height=\"540\" src=\"https:\/\/www.peanuts-machine.com\/wp-content\/uploads\/2022\/10\/peanut-picker-details.webp\" alt=\"Details zur Erdnusserntemaschine\" class=\"wp-image-227\" title=\"\" srcset=\"https:\/\/www.peanuts-machine.com\/wp-content\/uploads\/2022\/10\/peanut-picker-details.webp 720w, https:\/\/www.peanuts-machine.com\/wp-content\/uploads\/2022\/10\/peanut-picker-details-300x225.webp 300w\" sizes=\"auto, (max-width: 720px) 100vw, 720px\" \/><figcaption class=\"wp-element-caption\">Details zur Erdnusserntemaschine<\/figcaption><\/figure> <\/div>   <h2 class=\"wp-block-heading\">Wie funktioniert eine Erdnusserntemaschine?<\/h2>    <p>Die Erdnusserntemaschine ist mit vier kleinen R\u00e4dern zur Unterst\u00fctzung ausgestattet. W\u00e4hrend des Betriebs dringt die Grabklinge der Maschine in eine Tiefe von mehr als 100 mm in den Boden ein, um die Erdn\u00fcsse zu ernten. Anschlie\u00dfend bewegt sie sich vorw\u00e4rts, gezogen vom Traktor. <\/p>    <p>Anschlie\u00dfend sch\u00fcttelt die Erdnusserntemaschine mithilfe eines Vibrationssiebs die Erde von den Erdn\u00fcssen ab und reinigt sie so effektiv. Durch diesen Prozess werden die Erdnussfr\u00fcchte vom Schmutz getrennt. Schlie\u00dflich ordnet die Maschine die Erdn\u00fcsse mithilfe spezieller Abschr\u00e4gungen sauber an.<\/p>    <figure class=\"wp-block-embed aligncenter is-type-video is-provider-youtube wp-block-embed-youtube wp-embed-aspect-16-9 wp-has-aspect-ratio\"><div class=\"wp-block-embed__wrapper\"> <iframe loading=\"lazy\" title=\"Erdnusserntemaschine | Hochwertige Erdnusserntemaschine | Erdnuss-Erntemaschine\" width=\"500\" height=\"281\" src=\"https:\/\/www.youtube.com\/embed\/1m7-JW61bAI?feature=oembed\" frameborder=\"0\" allow=\"accelerometer; autoplay; clipboard-write; encrypted-media; gyroscope; picture-in-picture; web-share\" referrerpolicy=\"strict-origin-when-cross-origin\" allowfullscreen><\/iframe> <\/div><figcaption class=\"wp-element-caption\">das Video der Erdnusserntemaschine bei der Arbeit auf dem Feld<\/figcaption><\/figure>    <p>Dar\u00fcber hinaus wird die Erdnusserntemaschine HS-800 von einem Traktor angetrieben, was besser ist als eine selbstfahrende Maschine. Und es hat die Eigenschaften eines schnellen Entladens.<\/p>   <div class=\"wp-block-image\"> <figure class=\"aligncenter size-full\"><img loading=\"lazy\" decoding=\"async\" width=\"720\" height=\"540\" src=\"https:\/\/www.peanuts-machine.com\/wp-content\/uploads\/2022\/10\/peanut-harvester.webp\" alt=\"Erdnusserntemaschine\" class=\"wp-image-225\" title=\"\" srcset=\"https:\/\/www.peanuts-machine.com\/wp-content\/uploads\/2022\/10\/peanut-harvester.webp 720w, https:\/\/www.peanuts-machine.com\/wp-content\/uploads\/2022\/10\/peanut-harvester-300x225.webp 300w\" sizes=\"auto, (max-width: 720px) 100vw, 720px\" \/><figcaption class=\"wp-element-caption\">Erdnusserntemaschine<\/figcaption><\/figure> <\/div>   <h2 class=\"wp-block-heading\">Aufbau einer Erdnusserntemaschine<\/h2>    <p>Erdnussernteger\u00e4te bestehen haupts\u00e4chlich aus einem Rahmen, einem Grabmesser, einer Rollkette, einem Getriebeteil, einem Ernteteil, einer Vibrationsvorrichtung, einem Bodenrad, einem geneigten Ausgang usw. <\/p>    <p>Da es sich bei dieser Erdnusserntemaschine um einen Traktionstyp handelt, entscheiden sich Kunden, die Erdnusserntemaschinen kaufen, f\u00fcr den Kauf eines Traktors als Traktionsger\u00e4t.<\/p>   <div class=\"wp-block-image\"> <figure class=\"aligncenter size-full\"><img loading=\"lazy\" decoding=\"async\" width=\"720\" height=\"540\" src=\"https:\/\/www.peanuts-machine.com\/wp-content\/uploads\/2022\/10\/structure-of-peanut-digger-machine.webp\" alt=\"Struktur der Erdnussgr\u00e4bermaschine\" class=\"wp-image-497\" title=\"\" srcset=\"https:\/\/www.peanuts-machine.com\/wp-content\/uploads\/2022\/10\/structure-of-peanut-digger-machine.webp 720w, https:\/\/www.peanuts-machine.com\/wp-content\/uploads\/2022\/10\/structure-of-peanut-digger-machine-300x225.webp 300w, https:\/\/www.peanuts-machine.com\/wp-content\/uploads\/2022\/10\/structure-of-peanut-digger-machine-16x12.webp 16w\" sizes=\"auto, (max-width: 720px) 100vw, 720px\" \/><figcaption class=\"wp-element-caption\">Aufbau der Erdnussgr\u00e4bermaschine<\/figcaption><\/figure> <\/div>   <h2 class=\"wp-block-heading\">Die Kosten f\u00fcr Erdnusserntemaschinen<\/h2>    <p>Bei der Betrachtung der Kosten f\u00fcr eine Erdnusserntemaschine ist es wichtig, Ihre spezifischen Bed\u00fcrfnisse und Ihr Budget zu bewerten.<\/p>    <ul class=\"wp-block-list\"> <li>Die Preise f\u00fcr diese Maschinen k\u00f6nnen weitgehend von der Kapazit\u00e4t, den Funktionen und dem Ruf der Marke abh\u00e4ngen. Im Durchschnitt kann eine einfache Erdnusserntemaschine zwischen $3.000 und $5.000 kosten.<\/li>    <li>Fortgeschrittenere Modelle mit Funktionen wie h\u00f6herer Effizienz, besserer Haltbarkeit und erweiterter Automatisierung k\u00f6nnen jedoch von $10.000 bis $20.000 oder mehr reichen. <\/li> <\/ul>    <p>M\u00f6chten Sie den aktuellen Preis einer Erdnusserntemaschine erfahren? Gerne k\u00f6nnen Sie uns f\u00fcr ein Angebot kontaktieren und wir empfehlen Ihnen entsprechend Ihren Anforderungen die am besten geeignete Maschine.<\/p>   <div class=\"wp-block-image\"> <figure class=\"aligncenter size-full\"><img loading=\"lazy\" decoding=\"async\" width=\"720\" height=\"540\" src=\"https:\/\/www.peanuts-machine.com\/wp-content\/uploads\/2022\/10\/peanut-harvesting-equipment-1.webp\" alt=\"Erdnussernteausr\u00fcstung\" class=\"wp-image-498\" title=\"\" srcset=\"https:\/\/www.peanuts-machine.com\/wp-content\/uploads\/2022\/10\/peanut-harvesting-equipment-1.webp 720w, https:\/\/www.peanuts-machine.com\/wp-content\/uploads\/2022\/10\/peanut-harvesting-equipment-1-300x225.webp 300w, https:\/\/www.peanuts-machine.com\/wp-content\/uploads\/2022\/10\/peanut-harvesting-equipment-1-16x12.webp 16w\" sizes=\"auto, (max-width: 720px) 100vw, 720px\" \/><figcaption class=\"wp-element-caption\">Erdnussernteausr\u00fcstung<\/figcaption><\/figure> <\/div>   <h2 class=\"wp-block-heading\">Amerikanische Kunden kauften zwei Erdnussgr\u00e4bermaschinen<\/h2>    <p>Im M\u00e4rz 2022 kaufte Michael, ein amerikanischer Kunde, zwei Erdnussgr\u00e4ber verschiedener Modelle von unserem Unternehmen. Die Modelle sind HS-800 bzw. 5HZ-600. <\/p>    <p>W\u00e4hrend des Kommunikationsprozesses war der Kunde sehr besorgt \u00fcber die Bruchrate der Erdn\u00fcsse. Der Kunde war durch die von uns \u00fcbermittelten Video- und Bilddetails sehr zufrieden mit unserer Maschine.<\/p>    <p>Nach zwei Wochen zahlte uns der Kunde die Kaution f\u00fcr die Maschine und wir veranlassten dann die Lieferung.<\/p>   <div class=\"wp-block-image\"> <figure class=\"aligncenter size-full\"><img loading=\"lazy\" decoding=\"async\" width=\"720\" height=\"540\" src=\"https:\/\/www.peanuts-machine.com\/wp-content\/uploads\/2022\/10\/customized-groundnut-picker.webp\" alt=\"ma\u00dfgeschneiderter Erdnusspfl\u00fccker\" class=\"wp-image-222\" title=\"\" srcset=\"https:\/\/www.peanuts-machine.com\/wp-content\/uploads\/2022\/10\/customized-groundnut-picker.webp 720w, https:\/\/www.peanuts-machine.com\/wp-content\/uploads\/2022\/10\/customized-groundnut-picker-300x225.webp 300w\" sizes=\"auto, (max-width: 720px) 100vw, 720px\" \/><figcaption class=\"wp-element-caption\">ma\u00dfgeschneiderter Erdnusspfl\u00fccker<\/figcaption><\/figure> <\/div>   <h2 class=\"wp-block-heading\">Kontaktieren Sie uns f\u00fcr den Preis der Erdnusserntemaschine!<\/h2>    <p>Taizy Machinery ist ein professioneller Hersteller von Erdnussmaschinen. Mittlerweile wurden unsere Erdnusserntemaschinen in viele L\u00e4nder wie Australien, Indien, USA, S\u00fcdafrika, Neuseeland usw. exportiert.<\/p>    <p class=\"translation-block\">Au\u00dferdem sind <a href=\"https:\/\/www.peanuts-machine.com\/de\/product\/groundnut-sheller\/\">Erdnusssch\u00e4lmaschinen<\/a> und <a href=\"https:\/\/www.peanuts-machine.com\/de\/product\/groundnut-oil-extractor\/\">Erdnuss\u00f6lpressen<\/a> ebenfalls unsere Verkaufsschlager. Wenn Sie Erdnusspressmaschinen ben\u00f6tigen, kontaktieren Sie uns bitte f\u00fcr das neueste Angebot.<\/p>    <h2 class=\"wp-block-heading\">FAQ<\/h2>   <div id=\"rank-math-faq\" class=\"rank-math-block\"> <div class=\"rank-math-list\"> <div id=\"faq-question-1733734286012\" class=\"rank-math-list-item\"> <h3 class=\"rank-math-question\">Was ist die maximale Kapazit\u00e4t Ihrer Erdnusserntemaschine?<\/h3> <div class=\"rank-math-answer\">  <p>Eine maximale Kapazit\u00e4t von 2 Acres pro Stunde.<\/p>  <\/div> <\/div> <div id=\"faq-question-1733734343886\" class=\"rank-math-list-item\"> <h3 class=\"rank-math-question\">Wie lange ist die Garantiezeit f\u00fcr Ihre Maschine?<\/h3> <div class=\"rank-math-answer\">  <p>Wir bieten eine einj\u00e4hrige Garantie auf unsere Erdnusserntemaschine, um sicherzustellen, dass unsere Kunden beim Kauf beruhigt sein k\u00f6nnen.<\/p>  <\/div> <\/div> <div id=\"faq-question-1733734360200\" class=\"rank-math-list-item\"> <h3 class=\"rank-math-question\">Bieten Sie Schulungen und technische Unterst\u00fctzung f\u00fcr die Bedienung der Maschine an?<\/h3> <div class=\"rank-math-answer\">  <p>Ja, wir bieten Schulungen und technischen Support an, um sicherzustellen, dass Kunden unsere Maschine effektiv nutzen und ihre Leistung maximieren k\u00f6nnen.<\/p>  <\/div> <\/div> <div id=\"faq-question-1733734404007\" class=\"rank-math-list-item\"> <h3 class=\"rank-math-question\">Kann die Maschine an unsere spezifischen Bed\u00fcrfnisse angepasst werden?<\/h3> <div class=\"rank-math-answer\">  <p>Ja, wir bieten Anpassungsoptionen f\u00fcr unsere Erdnusserntemaschine an, um den spezifischen Anforderungen unserer Kunden gerecht zu werden und optimale Ergebnisse f\u00fcr ihre Erntevorg\u00e4nge zu gew\u00e4hrleisten.<\/p>  <\/div> <\/div> <div id=\"faq-question-1733734430422\" class=\"rank-math-list-item\"> <h3 class=\"rank-math-question\">Wie k\u00f6nnen wir Ihre Maschine bestellen und wie lange ist die Lieferzeit?<\/h3> <div class=\"rank-math-answer\">  <p>Kunden k\u00f6nnen unsere Erdnusserntemaschine \u00fcber unsere Website bestellen oder sich direkt an unser Vertriebsteam wenden. Die Lieferzeiten k\u00f6nnen je nach Menge und Anpassungsbedarf variieren, wir sind jedoch bestrebt, eine p\u00fcnktliche Lieferung unserer Produkte sicherzustellen.<\/p>  <\/div> <\/div> <\/div> <\/div>","protected":false},"excerpt":{"rendered":"<p>Die Erdnussernteausr\u00fcstung kann Erdnussfelder von 1.300 bis 2.000 Quadratmetern pro Stunde bearbeiten und erm\u00f6glicht so ein effektives Graben und Trennen der Fr\u00fcchte vom Boden. <\/p>","protected":false},"author":1,"featured_media":226,"parent":0,"template":"","tags":[37,36],"product-type":[47,46],"class_list":["post-221","product","type-product","status-publish","has-post-thumbnail","hentry","tag-groundnut","tag-peanut","product-type-peanut-harvesting-machine","product-type-products"],"_links":{"self":[{"href":"https:\/\/www.peanuts-machine.com\/de\/wp-json\/wp\/v2\/product\/221","targetHints":{"allow":["GET"]}}],"collection":[{"href":"https:\/\/www.peanuts-machine.com\/de\/wp-json\/wp\/v2\/product"}],"about":[{"href":"https:\/\/www.peanuts-machine.com\/de\/wp-json\/wp\/v2\/types\/product"}],"author":[{"embeddable":true,"href":"https:\/\/www.peanuts-machine.com\/de\/wp-json\/wp\/v2\/users\/1"}],"wp:featuredmedia":[{"embeddable":true,"href":"https:\/\/www.peanuts-machine.com\/de\/wp-json\/wp\/v2\/media\/226"}],"wp:attachment":[{"href":"https:\/\/www.peanuts-machine.com\/de\/wp-json\/wp\/v2\/media?parent=221"}],"wp:term":[{"taxonomy":"post_tag","embeddable":true,"href":"https:\/\/www.peanuts-machine.com\/de\/wp-json\/wp\/v2\/tags?post=221"},{"taxonomy":"product-type","embeddable":true,"href":"https:\/\/www.peanuts-machine.com\/de\/wp-json\/wp\/v2\/product-type?post=221"}],"curies":[{"name":"wp","href":"https:\/\/api.w.org\/{rel}","templated":true}]}}