{"id":287,"date":"2022-12-26T14:46:04","date_gmt":"2022-12-26T06:46:04","guid":{"rendered":"https:\/\/www.peanuts-machine.com\/?post_type=product&#038;p=287"},"modified":"2026-01-12T17:22:25","modified_gmt":"2026-01-12T09:22:25","slug":"peanut-grading-machine","status":"publish","type":"product","link":"https:\/\/www.peanuts-machine.com\/de\/product\/peanut-grading-machine\/","title":{"rendered":"Erdnussklassifizierungsmaschine | Nussklassifizierungs-Sortiermaschine"},"content":{"rendered":"<div class=\"kk-star-ratings kksr-auto kksr-align-left kksr-valign-top\"     data-payload='{&quot;align&quot;:&quot;left&quot;,&quot;id&quot;:&quot;287&quot;,&quot;slug&quot;:&quot;default&quot;,&quot;valign&quot;:&quot;top&quot;,&quot;ignore&quot;:&quot;&quot;,&quot;reference&quot;:&quot;auto&quot;,&quot;class&quot;:&quot;&quot;,&quot;count&quot;:&quot;18&quot;,&quot;legendonly&quot;:&quot;&quot;,&quot;readonly&quot;:&quot;&quot;,&quot;score&quot;:&quot;4.5&quot;,&quot;starsonly&quot;:&quot;&quot;,&quot;best&quot;:&quot;5&quot;,&quot;gap&quot;:&quot;5&quot;,&quot;greet&quot;:&quot;Rate this product&quot;,&quot;legend&quot;:&quot;4.5\\\/5 - (18 votes)&quot;,&quot;size&quot;:&quot;24&quot;,&quot;title&quot;:&quot;Peanut Grading Machine | Nut Grading Sorting Machine&quot;,&quot;width&quot;:&quot;128&quot;,&quot;_legend&quot;:&quot;{score}\\\/{best} - ({count} {votes})&quot;,&quot;font_factor&quot;:&quot;1.25&quot;}'>              <div class=\"kksr-stars\">      <div class=\"kksr-stars-inactive\">             <div class=\"kksr-star\" data-star=\"1\" style=\"padding-right: 5px\">               <div class=\"kksr-icon\" style=\"width: 24px; height: 24px;\"><\/div>         <\/div>             <div class=\"kksr-star\" data-star=\"2\" style=\"padding-right: 5px\">               <div class=\"kksr-icon\" style=\"width: 24px; height: 24px;\"><\/div>         <\/div>             <div class=\"kksr-star\" data-star=\"3\" style=\"padding-right: 5px\">               <div class=\"kksr-icon\" style=\"width: 24px; height: 24px;\"><\/div>         <\/div>             <div class=\"kksr-star\" data-star=\"4\" style=\"padding-right: 5px\">               <div class=\"kksr-icon\" style=\"width: 24px; height: 24px;\"><\/div>         <\/div>             <div class=\"kksr-star\" data-star=\"5\" style=\"padding-right: 5px\">               <div class=\"kksr-icon\" style=\"width: 24px; height: 24px;\"><\/div>         <\/div>     <\/div>      <div class=\"kksr-stars-active\" style=\"width: 128px;\">             <div class=\"kksr-star\" style=\"padding-right: 5px\">               <div class=\"kksr-icon\" style=\"width: 24px; height: 24px;\"><\/div>         <\/div>             <div class=\"kksr-star\" style=\"padding-right: 5px\">               <div class=\"kksr-icon\" style=\"width: 24px; height: 24px;\"><\/div>         <\/div>             <div class=\"kksr-star\" style=\"padding-right: 5px\">               <div class=\"kksr-icon\" style=\"width: 24px; height: 24px;\"><\/div>         <\/div>             <div class=\"kksr-star\" style=\"padding-right: 5px\">               <div class=\"kksr-icon\" style=\"width: 24px; height: 24px;\"><\/div>         <\/div>             <div class=\"kksr-star\" style=\"padding-right: 5px\">               <div class=\"kksr-icon\" style=\"width: 24px; height: 24px;\"><\/div>         <\/div>     <\/div> <\/div>                   <div class=\"kksr-legend\" style=\"font-size: 19.2px;\">             4,5\/5 - (18 Stimmen)    <\/div>     <\/div>  <p>Die Erdnuss-Sortiermaschine wird haupts\u00e4chlich f\u00fcr die pr\u00e4zise Sortierung von Materialien wie Aprikosenkernen, Erdnusskernen, Mandeln, Haseln\u00fcssen, Macadamian\u00fcssen und Sojabohnen in verschiedene Spezifikationen verwendet. Sie k\u00f6nnen Materialien gleichzeitig in 3\u20135 Grade nach Gr\u00f6\u00dfe sortieren, was die anschlie\u00dfende Lagerung, Verpackung und sortierte Vermarktung erleichtert.<\/p>    <p>Die gesamte Maschine besteht aus einem mehrlagigen Vibrationssiebk\u00f6rper, der \u00fcblicherweise mit drei oder vier Siebebenen ausgestattet ist. Die Sieb\u00f6ffnungsgr\u00f6\u00dfen liegen typischerweise zwischen 6\u201310 mm, was einen flexiblen Austausch der Siebplatten erm\u00f6glicht, um verschiedene Materialien zu verarbeiten und eine hohe Anpassungsf\u00e4higkeit sicherzustellen.<\/p>    <figure class=\"wp-block-embed aligncenter is-type-video is-provider-youtube wp-block-embed-youtube wp-embed-aspect-16-9 wp-has-aspect-ratio\"><div class=\"wp-block-embed__wrapper\"> <iframe loading=\"lazy\" title=\"Nut Grading &amp; Screening Machine in Action | Fast and Accurate Sorting\ud83c\udf30#nutmachine #grader\" width=\"500\" height=\"281\" src=\"https:\/\/www.youtube.com\/embed\/iaqTVIZFy7U?feature=oembed\" frameborder=\"0\" allow=\"accelerometer; autoplay; clipboard-write; encrypted-media; gyroscope; picture-in-picture; web-share\" referrerpolicy=\"strict-origin-when-cross-origin\" allowfullscreen><\/iframe> <\/div><figcaption class=\"wp-element-caption\">Arbeitsvideo der automatischen Nuss-Sortiermaschine<\/figcaption><\/figure>    <p>Vollst\u00e4ndig aus Kohlenstoffstahl gefertigt, weist diese Erdnuss-Sortiermaschine w\u00e4hrend des Dauerbetriebs niedrige Bruchraten und hohe Sortiergenauigkeit auf. Ein vern\u00fcnftiger Siebneigungswinkel und eine R\u00fcckmaterialstruktur gew\u00e4hrleisten eine gr\u00fcndliche Siebung auf jeder Schicht, bevor das Material zur n\u00e4chsten Schicht gelangt, was Verwechslungen bei der Sortierung effektiv verhindert.<\/p>    <h2 class=\"wp-block-heading\">Welche Materialien kann die Maschine verarbeiten?<\/h2>    <ul class=\"wp-block-list\"> <li>Landwirtschaftliche Verarbeitungsindustrie: Sortierung von Erdnusskernen, Mandeln, Haseln\u00fcssen, Cashewn\u00fcssen, Pistazien, Macadamian\u00fcssen usw.<\/li>    <li>H\u00fclsenfr\u00fcchte-Sortierung: Gr\u00f6\u00dfenklassifizierung landwirtschaftlicher Produkte wie Sojabohnen, Mungbohnen und rote Bohnen.<\/li>    <li>Landwirtschaftliche Prim\u00e4rverarbeitung: Vorbehandlung von Rohstoffen zur Verbesserung der Produktstandardisierung.<\/li>    <li>Landwirtschaftliche Sortier- und Verpackungsunternehmen: Bietet stabile Front-End-Siebdurchf\u00fchrung f\u00fcr sortierte Preisgestaltung und Spezifikationsverpackung.<\/li> <\/ul>    <figure class=\"wp-block-gallery has-nested-images columns-default is-cropped wp-block-gallery-2 is-layout-flex wp-block-gallery-is-layout-flex\"> <figure class=\"wp-block-image size-large\"><img loading=\"lazy\" decoding=\"async\" width=\"720\" height=\"540\" data-id=\"950\" src=\"https:\/\/www.peanuts-machine.com\/wp-content\/uploads\/2022\/12\/nut-separator-machine.webp\" alt=\"Nusssortierer-Maschine\" class=\"wp-image-950\" title=\"\" srcset=\"https:\/\/www.peanuts-machine.com\/wp-content\/uploads\/2022\/12\/nut-separator-machine.webp 720w, https:\/\/www.peanuts-machine.com\/wp-content\/uploads\/2022\/12\/nut-separator-machine-300x225.webp 300w, https:\/\/www.peanuts-machine.com\/wp-content\/uploads\/2022\/12\/nut-separator-machine-16x12.webp 16w\" sizes=\"auto, (max-width: 720px) 100vw, 720px\" \/><figcaption class=\"wp-element-caption\">Nusssortierer-Maschine<\/figcaption><\/figure>    <figure class=\"wp-block-image size-large\"><img loading=\"lazy\" decoding=\"async\" width=\"720\" height=\"540\" data-id=\"951\" src=\"https:\/\/www.peanuts-machine.com\/wp-content\/uploads\/2022\/12\/peanut-grader-and-sorter.webp\" alt=\"Erdnuss-Sortierer und -Klassierer\" class=\"wp-image-951\" title=\"\" srcset=\"https:\/\/www.peanuts-machine.com\/wp-content\/uploads\/2022\/12\/peanut-grader-and-sorter.webp 720w, https:\/\/www.peanuts-machine.com\/wp-content\/uploads\/2022\/12\/peanut-grader-and-sorter-300x225.webp 300w, https:\/\/www.peanuts-machine.com\/wp-content\/uploads\/2022\/12\/peanut-grader-and-sorter-16x12.webp 16w\" sizes=\"auto, (max-width: 720px) 100vw, 720px\" \/><figcaption class=\"wp-element-caption\">Erdnuss-Sortierer und -Klassierer<\/figcaption><\/figure> <\/figure>    <h2 class=\"wp-block-heading\">Vorteile der Erdnuss-Sortiermaschine<\/h2>    <ul class=\"wp-block-list\"> <li>Starke Mehrstufen-Sortierf\u00e4higkeit: erreicht 3\u20135 Siebebenen, mit anpassbarer Schichtanzahl nach Kundenwunsch.<\/li>    <li>Hohe Sortiergenauigkeit: Das R\u00fcckplatten-Design verhindert, dass unsortiertes Material direkt auf die unteren Schichten f\u00e4llt.<\/li>    <li>Stabile und zuverl\u00e4ssige Bedienung: Ketten- und Zahnradgetriebener Vorschubmechanismus sorgt f\u00fcr einen reibungslosen, gleichm\u00e4\u00dfigen reciprocierenden Bewegungsablauf des Siebgeh\u00e4uses.<\/li>    <li>Verstopfungsresistent: Optimale Vibrationsfrequenz und Sieb\u00f6ffnungsdesign sorgen f\u00fcr einen ungehinderten Fluss, auch bei hohem Durchsatz.<\/li>    <li>Einfache Bedienung: Hohe Automatisierung erfordert nur Materialzufuhr f\u00fcr kontinuierliche Sortierung.<\/li>    <li>Vielseitigkeit: Eine einzelne Einheit verarbeitet mehrere N\u00fcsse und H\u00fclsenfr\u00fcchte und maximiert die Maschinenauslastung.<\/li> <\/ul>    <figure class=\"wp-block-gallery has-nested-images columns-default is-cropped wp-block-gallery-3 is-layout-flex wp-block-gallery-is-layout-flex\"> <figure class=\"wp-block-image size-large\"><img loading=\"lazy\" decoding=\"async\" width=\"720\" height=\"540\" data-id=\"953\" src=\"https:\/\/www.peanuts-machine.com\/wp-content\/uploads\/2022\/12\/nut-sorting-machine.webp\" alt=\"Nusssortiermaschine\" class=\"wp-image-953\" title=\"\" srcset=\"https:\/\/www.peanuts-machine.com\/wp-content\/uploads\/2022\/12\/nut-sorting-machine.webp 720w, https:\/\/www.peanuts-machine.com\/wp-content\/uploads\/2022\/12\/nut-sorting-machine-300x225.webp 300w, https:\/\/www.peanuts-machine.com\/wp-content\/uploads\/2022\/12\/nut-sorting-machine-16x12.webp 16w\" sizes=\"auto, (max-width: 720px) 100vw, 720px\" \/><figcaption class=\"wp-element-caption\">Nusssortiermaschine<\/figcaption><\/figure>    <figure class=\"wp-block-image size-large\"><img loading=\"lazy\" decoding=\"async\" width=\"720\" height=\"540\" data-id=\"952\" src=\"https:\/\/www.peanuts-machine.com\/wp-content\/uploads\/2022\/12\/nut-screening-machine.webp\" alt=\"Nusssiebmaschine\" class=\"wp-image-952\" title=\"\" srcset=\"https:\/\/www.peanuts-machine.com\/wp-content\/uploads\/2022\/12\/nut-screening-machine.webp 720w, https:\/\/www.peanuts-machine.com\/wp-content\/uploads\/2022\/12\/nut-screening-machine-300x225.webp 300w, https:\/\/www.peanuts-machine.com\/wp-content\/uploads\/2022\/12\/nut-screening-machine-16x12.webp 16w\" sizes=\"auto, (max-width: 720px) 100vw, 720px\" \/><figcaption class=\"wp-element-caption\">Nusssiebmaschine<\/figcaption><\/figure> <\/figure>    <h2 class=\"wp-block-heading\">Funktionsprinzip der Nuss-Sortiermaschine<\/h2>    <ol class=\"wp-block-list\"> <li>Das Sieb der Erdnuss-Sortiermaschine verwendet einen Ketten- und Zahnradgetriebenen St\u00f6\u00dfelmechanismus, um rhythmische reciprocierende Vibrationen \u00fcber mehrere Siebebenen zu erzeugen.<\/li>    <li>Nachdem die Materialien durch den Zuf\u00fchrtrichter in das Sortiersystem eingetreten sind, bewegen sie sich unter Vibration \u00fcber die Siebfl\u00e4che.<\/li>    <li>Materialien unterschiedlicher Gr\u00f6\u00dfen passieren nacheinander die entsprechenden Siebebenen basierend auf der \u00d6ffnungsgr\u00f6\u00dfe. Jede Schicht hat eine R\u00fcckplatte darunter, die eine gr\u00fcndliche Siebung auf der Oberfl\u00e4che vor dem \u00dcbergang zu den n\u00e4chsten Stufen gew\u00e4hrleistet.<\/li>    <li>Schlie\u00dflich werden N\u00fcsse oder Bohnen mit unterschiedlichen Spezifikationen separat durch die entsprechenden Ausg\u00e4nge entladen, was eine pr\u00e4zise und effiziente Sortierung erm\u00f6glicht.<\/li> <\/ol>    <figure class=\"wp-block-gallery has-nested-images columns-default is-cropped wp-block-gallery-4 is-layout-flex wp-block-gallery-is-layout-flex\"> <figure class=\"wp-block-image size-large\"><img loading=\"lazy\" decoding=\"async\" width=\"720\" height=\"540\" data-id=\"954\" src=\"https:\/\/www.peanuts-machine.com\/wp-content\/uploads\/2022\/12\/nut-grader-for-sale.webp\" alt=\"Nuss-Sortierer zum Verkauf\" class=\"wp-image-954\" title=\"\" srcset=\"https:\/\/www.peanuts-machine.com\/wp-content\/uploads\/2022\/12\/nut-grader-for-sale.webp 720w, https:\/\/www.peanuts-machine.com\/wp-content\/uploads\/2022\/12\/nut-grader-for-sale-300x225.webp 300w, https:\/\/www.peanuts-machine.com\/wp-content\/uploads\/2022\/12\/nut-grader-for-sale-16x12.webp 16w\" sizes=\"auto, (max-width: 720px) 100vw, 720px\" \/><figcaption class=\"wp-element-caption\">Nuss-Sortierer zum Verkauf<\/figcaption><\/figure>    <figure class=\"wp-block-image size-large\"><img loading=\"lazy\" decoding=\"async\" width=\"720\" height=\"540\" data-id=\"955\" src=\"https:\/\/www.peanuts-machine.com\/wp-content\/uploads\/2022\/12\/peanut-grading-machine-1.webp\" alt=\"Erdnuss-Sortiermaschine\" class=\"wp-image-955\" title=\"\" srcset=\"https:\/\/www.peanuts-machine.com\/wp-content\/uploads\/2022\/12\/peanut-grading-machine-1.webp 720w, https:\/\/www.peanuts-machine.com\/wp-content\/uploads\/2022\/12\/peanut-grading-machine-1-300x225.webp 300w, https:\/\/www.peanuts-machine.com\/wp-content\/uploads\/2022\/12\/peanut-grading-machine-1-16x12.webp 16w\" sizes=\"auto, (max-width: 720px) 100vw, 720px\" \/><figcaption class=\"wp-element-caption\">Erdnuss-Sortiermaschine<\/figcaption><\/figure> <\/figure>    <h2 class=\"wp-block-heading\">Technische Daten der Nusssortiermaschine<\/h2>    <figure class=\"wp-block-table is-style-stripes\"><table class=\"has-fixed-layout\"><tbody><tr><td class=\"has-text-align-center\" data-align=\"center\"><strong>Siebeebene<\/strong><\/td><td class=\"has-text-align-center\" data-align=\"center\"><strong>Abmessungen<br>(LxBxH)<\/strong><\/td><td class=\"has-text-align-center\" data-align=\"center\"><strong>Kapazit\u00e4t<\/strong><\/td><td class=\"has-text-align-center\" data-align=\"center\"><strong>Gewicht<\/strong><\/td><td class=\"has-text-align-center\" data-align=\"center\"><strong>Leistung<\/strong><\/td><td class=\"has-text-align-center\" data-align=\"center\"><strong>Stromspannung<\/strong><\/td><td class=\"has-text-align-center\" data-align=\"center\"><strong>Frequenz<\/strong><\/td><\/tr><tr><td class=\"has-text-align-center\" data-align=\"center\"><strong>Ein-Ebenen-Sieb<\/strong><\/td><td class=\"has-text-align-center\" data-align=\"center\">1,6 \u00d7 0,8 \u00d7 0,6 m<\/td><td class=\"has-text-align-center\" data-align=\"center\">150 kg\/h<\/td><td class=\"has-text-align-center\" data-align=\"center\">260 kg<\/td><td class=\"has-text-align-center\" data-align=\"center\">0,18 kW<\/td><td class=\"has-text-align-center\" data-align=\"center\">380 V<\/td><td class=\"has-text-align-center\" data-align=\"center\">50 Hz<\/td><\/tr><tr><td class=\"has-text-align-center\" data-align=\"center\"><strong>Zwei-Ebenen-Sieb<\/strong><\/td><td class=\"has-text-align-center\" data-align=\"center\">2,4 \u00d7 0,8 \u00d7 1,4 m<\/td><td class=\"has-text-align-center\" data-align=\"center\">200 kg\/h<\/td><td class=\"has-text-align-center\" data-align=\"center\">260 kg<\/td><td class=\"has-text-align-center\" data-align=\"center\">1,1 kW<\/td><td class=\"has-text-align-center\" data-align=\"center\">380 V<\/td><td class=\"has-text-align-center\" data-align=\"center\">50 Hz<\/td><\/tr><tr><td class=\"has-text-align-center\" data-align=\"center\"><strong>Drei-Ebenen-Sieb<\/strong><\/td><td class=\"has-text-align-center\" data-align=\"center\">2,4 \u00d7 0,8 \u00d7 1,6 m<\/td><td class=\"has-text-align-center\" data-align=\"center\">600\u2013800 kg\/h<\/td><td class=\"has-text-align-center\" data-align=\"center\">300 kg<\/td><td class=\"has-text-align-center\" data-align=\"center\">1,1 kW<\/td><td class=\"has-text-align-center\" data-align=\"center\">380 V<\/td><td class=\"has-text-align-center\" data-align=\"center\">50 Hz<\/td><\/tr><tr><td class=\"has-text-align-center\" data-align=\"center\"><strong>Vier-Ebenen-Sieb<\/strong><\/td><td class=\"has-text-align-center\" data-align=\"center\">2,4 \u00d7 0,8 \u00d7 1,9 m<\/td><td class=\"has-text-align-center\" data-align=\"center\">600\u2013800 kg\/h<\/td><td class=\"has-text-align-center\" data-align=\"center\">300 kg<\/td><td class=\"has-text-align-center\" data-align=\"center\">1,5 kW<\/td><td class=\"has-text-align-center\" data-align=\"center\">380 V<\/td><td class=\"has-text-align-center\" data-align=\"center\">50 Hz<\/td><\/tr><tr><td class=\"has-text-align-center\" data-align=\"center\"><strong>F\u00fcnf-Ebenen-Sieb<\/strong><\/td><td class=\"has-text-align-center\" data-align=\"center\">2,4 \u00d7 0,8 \u00d7 2,2 m<\/td><td class=\"has-text-align-center\" data-align=\"center\">500 kg\/h<\/td><td class=\"has-text-align-center\" data-align=\"center\">500 kg<\/td><td class=\"has-text-align-center\" data-align=\"center\">1,5 kW<\/td><td class=\"has-text-align-center\" data-align=\"center\">380 V<\/td><td class=\"has-text-align-center\" data-align=\"center\">50 Hz<\/td><\/tr><\/tbody><\/table><figcaption class=\"wp-element-caption\">Nuss-Sortier- &amp; Siebmaschine \u2013 Technische Parameter<\/figcaption><\/figure>    <h2 class=\"wp-block-heading\">FAQ<\/h2>   <div id=\"rank-math-faq\" class=\"rank-math-block\"> <div class=\"rank-math-list\"> <div id=\"faq-question-1768207753884\" class=\"rank-math-list-item\"> <h3 class=\"rank-math-question\">In wie vielen Graden kann die Erdnuss-Sortiermaschine h\u00f6chstens sortieren?<\/h3> <div class=\"rank-math-answer\">  <p>Es kann je nach Anforderungen f\u00fcr 1\u20135 Grade sortiert werden, wobei 3 oder 4 Grade \u00fcblich sind.<\/p>  <\/div> <\/div> <div id=\"faq-question-1768207792132\" class=\"rank-math-list-item\"> <h3 class=\"rank-math-question\">Kann die Sieb\u00f6ffnungsgr\u00f6\u00dfe ge\u00e4ndert oder angepasst werden?<\/h3> <div class=\"rank-math-answer\">  <p>Ja. Siebplatten\u00f6ffnungen k\u00f6nnen f\u00fcr verschiedene Nusssorten und Sortierstandards angepasst und leicht ausgetauscht werden.<\/p>  <\/div> <\/div> <div id=\"faq-question-1768207804264\" class=\"rank-math-list-item\"> <h3 class=\"rank-math-question\">Werden die N\u00fcsse beim Sieben zerdr\u00fcckt?<\/h3> <div class=\"rank-math-answer\">  <p>Nein. Die Erdnuss-Sortiermaschine verwendet eine vern\u00fcnftige Vibrationsmethode und Konstruktionsdesign, was zu niedrigen Bruchraten f\u00fchrt.<\/p>  <\/div> <\/div> <div id=\"faq-question-1768207818576\" class=\"rank-math-list-item\"> <h3 class=\"rank-math-question\">Verstopft die Maschine die Sieb\u00f6ffnungen w\u00e4hrend des Betriebs?<\/h3> <div class=\"rank-math-answer\">  <p>Verstopfungen sind unwahrscheinlich. Das Siebgeh\u00e4use vibriert stabil und verf\u00fcgt \u00fcber eine R\u00fcckplattenstruktur, die eine gr\u00fcndliche Siebung sicherstellt.<\/p>  <\/div> <\/div> <div id=\"faq-question-1768207834761\" class=\"rank-math-list-item\"> <h3 class=\"rank-math-question\">Welche Stromversorgung ben\u00f6tigt die Ausr\u00fcstung?<\/h3> <div class=\"rank-math-answer\">  <p>Die Standardkonfiguration ist 380V, 50Hz, kann aber an Kundenw\u00fcnsche angepasst werden.<\/p>  <\/div> <\/div> <\/div> <\/div>   <p class=\"translation-block\">Als Anbieter von Erdnussverarbeitungsmaschinen mit umfangreicher Produktionserfahrung verf\u00fcgen wir auch \u00fcber die  ger\u00f6stete Erdnussmaschine ,  kommerzielle Erdnussbuttermaschine  und andere Maschinen.<\/p>    <p>Kontaktieren Sie uns jederzeit f\u00fcr detaillierte Spezifikationen, Konfigurationsm\u00f6glichkeiten und Preisangaben, um eine professionelle L\u00f6sung f\u00fcr Ihre Produktionsanforderungen zu erhalten.<\/p>","protected":false},"excerpt":{"rendered":"<p>Die Erdnussklassifizierungsmaschine kann Erdn\u00fcsse, Mandeln, Haseln\u00fcsse und andere N\u00fcsse in mehreren Spezifikationen in einem Durchgang genau sortieren, mit hoher Siebeffizienz und niedrigen Bruchraten.<\/p>","protected":false},"author":1,"featured_media":958,"parent":0,"template":"","tags":[56,36],"product-type":[48,46],"class_list":["post-287","product","type-product","status-publish","has-post-thumbnail","hentry","tag-nut","tag-peanut","product-type-peanut-grading-machine","product-type-products"],"_links":{"self":[{"href":"https:\/\/www.peanuts-machine.com\/de\/wp-json\/wp\/v2\/product\/287","targetHints":{"allow":["GET"]}}],"collection":[{"href":"https:\/\/www.peanuts-machine.com\/de\/wp-json\/wp\/v2\/product"}],"about":[{"href":"https:\/\/www.peanuts-machine.com\/de\/wp-json\/wp\/v2\/types\/product"}],"author":[{"embeddable":true,"href":"https:\/\/www.peanuts-machine.com\/de\/wp-json\/wp\/v2\/users\/1"}],"wp:featuredmedia":[{"embeddable":true,"href":"https:\/\/www.peanuts-machine.com\/de\/wp-json\/wp\/v2\/media\/958"}],"wp:attachment":[{"href":"https:\/\/www.peanuts-machine.com\/de\/wp-json\/wp\/v2\/media?parent=287"}],"wp:term":[{"taxonomy":"post_tag","embeddable":true,"href":"https:\/\/www.peanuts-machine.com\/de\/wp-json\/wp\/v2\/tags?post=287"},{"taxonomy":"product-type","embeddable":true,"href":"https:\/\/www.peanuts-machine.com\/de\/wp-json\/wp\/v2\/product-type?post=287"}],"curies":[{"name":"wp","href":"https:\/\/api.w.org\/{rel}","templated":true}]}}