{"id":294,"date":"2022-12-30T15:22:40","date_gmt":"2022-12-30T07:22:40","guid":{"rendered":"https:\/\/www.peanuts-machine.com\/?post_type=product&#038;p=294"},"modified":"2026-01-13T15:49:31","modified_gmt":"2026-01-13T07:49:31","slug":"small-scale-peanut-butter-making-machine","status":"publish","type":"product","link":"https:\/\/www.peanuts-machine.com\/de\/product\/small-scale-peanut-butter-making-machine\/","title":{"rendered":"Kleine Maschine zur Herstellung von Erdnussbutter zu verkaufen"},"content":{"rendered":"<div class=\"kk-star-ratings kksr-auto kksr-align-left kksr-valign-top\"     data-payload='{&quot;align&quot;:&quot;left&quot;,&quot;id&quot;:&quot;294&quot;,&quot;slug&quot;:&quot;default&quot;,&quot;valign&quot;:&quot;top&quot;,&quot;ignore&quot;:&quot;&quot;,&quot;reference&quot;:&quot;auto&quot;,&quot;class&quot;:&quot;&quot;,&quot;count&quot;:&quot;30&quot;,&quot;legendonly&quot;:&quot;&quot;,&quot;readonly&quot;:&quot;&quot;,&quot;score&quot;:&quot;4.8&quot;,&quot;starsonly&quot;:&quot;&quot;,&quot;best&quot;:&quot;5&quot;,&quot;gap&quot;:&quot;5&quot;,&quot;greet&quot;:&quot;Rate this product&quot;,&quot;legend&quot;:&quot;4.8\\\/5 - (30 votes)&quot;,&quot;size&quot;:&quot;24&quot;,&quot;title&quot;:&quot;Small Scale Peanut Butter Making Machine for Sale&quot;,&quot;width&quot;:&quot;136.7&quot;,&quot;_legend&quot;:&quot;{score}\\\/{best} - ({count} {votes})&quot;,&quot;font_factor&quot;:&quot;1.25&quot;}'>              <div class=\"kksr-stars\">      <div class=\"kksr-stars-inactive\">             <div class=\"kksr-star\" data-star=\"1\" style=\"padding-right: 5px\">               <div class=\"kksr-icon\" style=\"width: 24px; height: 24px;\"><\/div>         <\/div>             <div class=\"kksr-star\" data-star=\"2\" style=\"padding-right: 5px\">               <div class=\"kksr-icon\" style=\"width: 24px; height: 24px;\"><\/div>         <\/div>             <div class=\"kksr-star\" data-star=\"3\" style=\"padding-right: 5px\">               <div class=\"kksr-icon\" style=\"width: 24px; height: 24px;\"><\/div>         <\/div>             <div class=\"kksr-star\" data-star=\"4\" style=\"padding-right: 5px\">               <div class=\"kksr-icon\" style=\"width: 24px; height: 24px;\"><\/div>         <\/div>             <div class=\"kksr-star\" data-star=\"5\" style=\"padding-right: 5px\">               <div class=\"kksr-icon\" style=\"width: 24px; height: 24px;\"><\/div>         <\/div>     <\/div>      <div class=\"kksr-stars-active\" style=\"width: 136.7px;\">             <div class=\"kksr-star\" style=\"padding-right: 5px\">               <div class=\"kksr-icon\" style=\"width: 24px; height: 24px;\"><\/div>         <\/div>             <div class=\"kksr-star\" style=\"padding-right: 5px\">               <div class=\"kksr-icon\" style=\"width: 24px; height: 24px;\"><\/div>         <\/div>             <div class=\"kksr-star\" style=\"padding-right: 5px\">               <div class=\"kksr-icon\" style=\"width: 24px; height: 24px;\"><\/div>         <\/div>             <div class=\"kksr-star\" style=\"padding-right: 5px\">               <div class=\"kksr-icon\" style=\"width: 24px; height: 24px;\"><\/div>         <\/div>             <div class=\"kksr-star\" style=\"padding-right: 5px\">               <div class=\"kksr-icon\" style=\"width: 24px; height: 24px;\"><\/div>         <\/div>     <\/div> <\/div>                   <div class=\"kksr-legend\" style=\"font-size: 19.2px;\">             4,8\/5 - (30 Bewertungen)    <\/div>     <\/div>  <p>Die kleine Maschine zur Herstellung von Erdnussbutter ist ein vielseitiges Ger\u00e4t, das f\u00fcr die Herstellung einer Reihe schmackhafter, nahrhafter und frischer Aufstriche, einschlie\u00dflich Erdnussbutter und Sesampaste, entwickelt wurde. Dar\u00fcber hinaus k\u00f6nnen verschiedene Zutaten gemahlen werden, um Erdnussmilch, Proteinmilch, Sojamilch, Marmelade, Mondkuchenbutter, Mandelbutter und Cashewbutter herzustellen. <\/p>    <p>Diese Maschine ist aus langlebigem und leicht zu reinigendem Edelstahl gefertigt und verspricht eine lange Lebensdauer. Mit ihrer bemerkenswerten F\u00e4higkeit, kontrollierte Partikelgr\u00f6\u00dfen im Bereich von 100 bis 150 Mikrometern zu verwalten und eine Gleichm\u00e4\u00dfigkeit von mehr als 90% zu erreichen, sticht diese M\u00fchle als Top-Option bei der Feinpulververarbeitung hervor.<\/p>   <div class=\"wp-block-image\"> <figure class=\"aligncenter size-full\"><img loading=\"lazy\" decoding=\"async\" width=\"720\" height=\"540\" src=\"https:\/\/www.peanuts-machine.com\/wp-content\/uploads\/2022\/12\/small-scale-peanut-butter-making-machine.webp\" alt=\"Kleine Maschine zur Herstellung von Erdnussbutter\" class=\"wp-image-297\" title=\"\" srcset=\"https:\/\/www.peanuts-machine.com\/wp-content\/uploads\/2022\/12\/small-scale-peanut-butter-making-machine.webp 720w, https:\/\/www.peanuts-machine.com\/wp-content\/uploads\/2022\/12\/small-scale-peanut-butter-making-machine-300x225.webp 300w\" sizes=\"auto, (max-width: 720px) 100vw, 720px\" \/><figcaption class=\"wp-element-caption\">Kleine Maschine zur Herstellung von Erdnussbutter<\/figcaption><\/figure> <\/div>   <h2 class=\"wp-block-heading\">Anwendung einer Nussbutter-Herstellungsmaschine<\/h2>    <p>Diese kleine Erdnussbuttermaschine ist in der Lage, eine Vielzahl von Zutaten zu mahlen, darunter Erdn\u00fcsse, Mandeln, Sesamk\u00f6rner, Tomaten, Cashewn\u00fcsse, Bohnen, Erbsen, Chilischoten, Knoblauch und Ingwer. Es eignet sich ideal f\u00fcr den Einsatz in Restaurants, Superm\u00e4rkten, kleinen Verarbeitungsbetrieben, gro\u00dfen Fabriken und anderen industriellen Umgebungen und ist somit ein wertvoller Verm\u00f6genswert f\u00fcr jedes Unternehmen.<\/p>    <figure class=\"wp-block-embed aligncenter is-type-video is-provider-youtube wp-block-embed-youtube wp-embed-aspect-16-9 wp-has-aspect-ratio\"><div class=\"wp-block-embed__wrapper\"> <iframe loading=\"lazy\" title=\"\ud83e\udd5c High-Efficiency Peanut Butter Colloid Mill | Smooth &amp; Creamy Every Time#peanutbutter #colloidmill\" width=\"500\" height=\"281\" src=\"https:\/\/www.youtube.com\/embed\/tJwzcOk7gCE?feature=oembed\" frameborder=\"0\" allow=\"accelerometer; autoplay; clipboard-write; encrypted-media; gyroscope; picture-in-picture; web-share\" referrerpolicy=\"strict-origin-when-cross-origin\" allowfullscreen><\/iframe> <\/div><figcaption class=\"wp-element-caption\">Arbeitsvideo der Erdnussbutter-Schleifmaschine<\/figcaption><\/figure>    <h2 class=\"wp-block-heading\">Merkmale einer kleinen Erdnussbutter-Kolloidm\u00fchle<\/h2>    <ul class=\"wp-block-list\"> <li>Die Hauptkomponenten der Maschine bestehen aus Edelstahl, wodurch sie leicht zu reinigen und \u00e4u\u00dferst langlebig ist.<\/li>    <li>Die Schleifbl\u00e4tter sind aus hochwertigem Schleifmaterial mit einem starken Bindemittel gefertigt und gew\u00e4hrleisten eine langanhaltende Leistung.<\/li>    <li>Der Abstand zwischen den Schleifbl\u00e4ttern kann an unterschiedliche Schleifgrade angepasst werden.<\/li>    <li>Erdn\u00fcsse k\u00f6nnen ohne Vorzerkleinerung direkt zu Erdnussbutter verarbeitet werden.<\/li>    <li>Seine geringe Gr\u00f6\u00dfe und sein kompaktes Design sorgen f\u00fcr einen minimalen Platzbedarf und machen ihn benutzerfreundlich und leicht zu warten.<\/li>    <li>Hohe Leistung und Effizienz machen es zu einer beliebten Wahl f\u00fcr private und gewerbliche Anwendungen.<\/li>    <li>Diese kleine Maschine zur Herstellung von Erdnussbutter ist vielseitig einsetzbar und eignet sich f\u00fcr Branchen wie Lebensmittel, Chemie, Alltagschemikalien, Pharmazeutika, Baugewerbe und mehr.<\/li> <\/ul>   <div class=\"wp-block-image\"> <figure class=\"aligncenter size-full\"><img loading=\"lazy\" decoding=\"async\" width=\"720\" height=\"540\" src=\"https:\/\/www.peanuts-machine.com\/wp-content\/uploads\/2022\/08\/peanut-butter-maker-shipment.webp\" alt=\"Mini-Erdnussbuttermaschine\" class=\"wp-image-142\" title=\"\" srcset=\"https:\/\/www.peanuts-machine.com\/wp-content\/uploads\/2022\/08\/peanut-butter-maker-shipment.webp 720w, https:\/\/www.peanuts-machine.com\/wp-content\/uploads\/2022\/08\/peanut-butter-maker-shipment-300x225.webp 300w\" sizes=\"auto, (max-width: 720px) 100vw, 720px\" \/><figcaption class=\"wp-element-caption\">Mini-Erdnussbuttermaschine<\/figcaption><\/figure> <\/div>   <h2 class=\"wp-block-heading\">Parameter der Erdnussbutterm\u00fchle <\/h2>    <p>Diese kleine Maschine zur Herstellung von Erdnussbutter ist die bevorzugte Wahl f\u00fcr zahlreiche kommerzielle Nussbutterhersteller. Es mahlt m\u00fchelos Erdn\u00fcsse, Mandeln, Sesamk\u00f6rner und andere Zutaten zu einer feinen, glatten und cremigen Sauce, die perfekt f\u00fcr die Produktionsanforderungen kleiner und mittlerer Unternehmen geeignet ist. <\/p>    <p>Dar\u00fcber hinaus ist es aufgrund seines kompakten Designs, seines geringen Ger\u00e4uschpegels und seiner einfachen Reinigungs- und Wartungsverfahren bei inl\u00e4ndischen und internationalen Unternehmen beliebt.<\/p>    <figure class=\"wp-block-table is-style-stripes\"><table><tbody><tr><td>Modell<\/td><td>Kapazit\u00e4t (kg\/h)<\/td><td>Maschinengr\u00f6\u00dfe (mm)<\/td><td>Leistung (kw)<\/td><td>Gewicht (kg)<\/td><\/tr><tr><td>TZ-70<\/td><td>50-80<\/td><td>650*320*650<\/td><td>2.2<\/td><td>70<\/td><\/tr><tr><td>TZ-85<\/td><td>100-150<\/td><td>900*350*900<\/td><td>5.5<\/td><td>170<\/td><\/tr><tr><td>TZ-130<\/td><td>200-300<\/td><td>1000*350*1000<\/td><td>11<\/td><td>270<\/td><\/tr><\/tbody><\/table><figcaption class=\"wp-element-caption\">Technische Daten der kleinen Maschine zur Herstellung von Erdnussbutter<\/figcaption><\/figure>    <p>Besides these three models, we offer additional options for customers to select from. If you&#8217;re interested in this machine, please don&#8217;t hesitate to contact us.<\/p>   <div class=\"wp-block-image\"> <figure class=\"aligncenter size-full\"><img loading=\"lazy\" decoding=\"async\" width=\"720\" height=\"540\" src=\"https:\/\/www.peanuts-machine.com\/wp-content\/uploads\/2022\/12\/small-scale-peanut-butter-making-machines.webp\" alt=\"Kleine Erdnussbutter-Herstellungsmaschinen\" class=\"wp-image-985\" title=\"\" srcset=\"https:\/\/www.peanuts-machine.com\/wp-content\/uploads\/2022\/12\/small-scale-peanut-butter-making-machines.webp 720w, https:\/\/www.peanuts-machine.com\/wp-content\/uploads\/2022\/12\/small-scale-peanut-butter-making-machines-300x225.webp 300w, https:\/\/www.peanuts-machine.com\/wp-content\/uploads\/2022\/12\/small-scale-peanut-butter-making-machines-16x12.webp 16w\" sizes=\"auto, (max-width: 720px) 100vw, 720px\" \/><figcaption class=\"wp-element-caption\">Kleine Erdnussbutter-Herstellungsmaschinen<\/figcaption><\/figure> <\/div>   <h2 class=\"wp-block-heading\">Funktionsprinzip einer kleinen Erdnussbuttermaschine<\/h2>    <p>Die Erdnussbuttermaschine, auch Erdnussbutter-Kolloidm\u00fchle genannt, verf\u00fcgt \u00fcber einen einstellbaren kleinen Spalt zwischen ihren beiden Mahlkomponenten.<\/p>    <ul class=\"wp-block-list\"> <li>W\u00e4hrend das Material durch diese L\u00fccke bewegt wird, beschleunigt die Hochgeschwindigkeitsrotation des Rotors das Material, das an seiner Oberfl\u00e4che haftet, w\u00e4hrend das Material am Stator station\u00e4r bleibt.<\/li>    <li>Dadurch entsteht ein erheblicher Geschwindigkeitsunterschied, der das Material starken physikalischen Kr\u00e4ften wie Scherung, Reibung, hochfrequenten Vibrationen und schnellen Wirbeln aussetzt.<\/li>    <li>Dadurch wird das Material effektiv emulgiert, dispergiert, homogenisiert und zerkleinert, wodurch letztendlich Erdnussbutter entsteht.<\/li> <\/ul>   <div class=\"wp-block-image\"> <figure class=\"aligncenter size-full\"><img loading=\"lazy\" decoding=\"async\" width=\"750\" height=\"577\" src=\"https:\/\/www.peanuts-machine.com\/wp-content\/uploads\/2022\/12\/groundnut-grinder-machine.webp\" alt=\"Erdnussm\u00fchle\" class=\"wp-image-295\" title=\"\" srcset=\"https:\/\/www.peanuts-machine.com\/wp-content\/uploads\/2022\/12\/groundnut-grinder-machine.webp 750w, https:\/\/www.peanuts-machine.com\/wp-content\/uploads\/2022\/12\/groundnut-grinder-machine-300x231.webp 300w\" sizes=\"auto, (max-width: 750px) 100vw, 750px\" \/><figcaption class=\"wp-element-caption\">Erdnussm\u00fchle<\/figcaption><\/figure> <\/div>   <h2 class=\"wp-block-heading\">Kleiner Maschinenentwurf zur Herstellung von Erdnussbutter<\/h2>    <p>Diese kompakte Erdnussbuttermaschine im kleinen Ma\u00dfstab verf\u00fcgt \u00fcber einen Trichter aus Edelstahl, K\u00fchlwasserrohranschl\u00fcsse aus Edelstahl, eine verstellbare Scheibe und eine Auslass\u00f6ffnung aus Edelstahl, die alle von einer robusten Basis f\u00fcr zus\u00e4tzliche Stabilit\u00e4t getragen werden.<\/p>    <p>Die Maschine verf\u00fcgt \u00fcber eine Zerkleinerungskammer mit drei unterschiedlichen Mahlbereichen: der erste f\u00fcr die Grobmahlung, der zweite f\u00fcr die Feinmahlung und der dritte f\u00fcr die Ultrafeinmahlung.<\/p>    <p>Durch die Anpassung des Spalts zwischen Stator und Rotor erreichen Sie eine optimale Feinstzerkleinerung. F\u00fcr diejenigen, die eine noch feinere Erdnussbutter w\u00fcnschen, k\u00f6nnen wir auch eine zus\u00e4tzliche M\u00fchle f\u00fcr die doppelte Mahlung einbauen.<\/p>   <div class=\"wp-block-image\"> <figure class=\"aligncenter size-full\"><img loading=\"lazy\" decoding=\"async\" width=\"750\" height=\"805\" src=\"https:\/\/www.peanuts-machine.com\/wp-content\/uploads\/2022\/08\/structure-of-small-peanut-butter-colloid-mill.webp\" alt=\"Struktur einer kleinen Erdnussbutter-Kolloidm\u00fchle\" class=\"wp-image-98\" title=\"\" srcset=\"https:\/\/www.peanuts-machine.com\/wp-content\/uploads\/2022\/08\/structure-of-small-peanut-butter-colloid-mill.webp 750w, https:\/\/www.peanuts-machine.com\/wp-content\/uploads\/2022\/08\/structure-of-small-peanut-butter-colloid-mill-280x300.webp 280w\" sizes=\"auto, (max-width: 750px) 100vw, 750px\" \/><figcaption class=\"wp-element-caption\">Struktur einer kleinen Erdnussbutter-Kolloidm\u00fchle<\/figcaption><\/figure> <\/div>   <h2 class=\"wp-block-heading\">Industrielle Erdnussbuttermaschine zu verkaufen<\/h2>    <p class=\"translation-block\">Unsere Fabrik bietet eine breite Palette von kleinen Erdnussbutter-Maschinen an. Zus\u00e4tzlich zu unseren Kleinserienoptionen haben wir auch <a href=\"https:\/\/www.peanuts-machine.com\/de\/product\/commercial-peanut-butter-machine\/\">kommerzielle Erdnussbutter-Maschinen<\/a> im Angebot. Die gro\u00dftechnische Erdnussbutter-Mahlmaschine kann bis zu 1000 kg\/h produzieren. <\/p>    <p>Auf diese Weise k\u00f6nnen Kunden Maschinen ausw\u00e4hlen, die ihren Anforderungen am besten entsprechen, und dabei aus zahlreichen Optionen w\u00e4hlen. Wenn Sie dar\u00fcber hinaus spezielle Anforderungen haben, bieten wir gerne ma\u00dfgeschneiderte Dienstleistungen an, um diese Bed\u00fcrfnisse zu erf\u00fcllen.<\/p>   <div class=\"wp-block-image\"> <figure class=\"aligncenter size-full\"><img loading=\"lazy\" decoding=\"async\" width=\"720\" height=\"540\" src=\"https:\/\/www.peanuts-machine.com\/wp-content\/uploads\/2022\/12\/stainless-steel-peanut-butter-machines.webp\" alt=\"Edelstahl-Erdnussbuttermaschinen\" class=\"wp-image-986\" title=\"\" srcset=\"https:\/\/www.peanuts-machine.com\/wp-content\/uploads\/2022\/12\/stainless-steel-peanut-butter-machines.webp 720w, https:\/\/www.peanuts-machine.com\/wp-content\/uploads\/2022\/12\/stainless-steel-peanut-butter-machines-300x225.webp 300w, https:\/\/www.peanuts-machine.com\/wp-content\/uploads\/2022\/12\/stainless-steel-peanut-butter-machines-16x12.webp 16w\" sizes=\"auto, (max-width: 720px) 100vw, 720px\" \/><figcaption class=\"wp-element-caption\">Edelstahl-Erdnussbuttermaschinen<\/figcaption><\/figure> <\/div>   <h2 class=\"wp-block-heading\">Was sind die Vorteile von Erdnussbutter?<\/h2>    <p>Erdnussbutter ist eine gro\u00dfartige Quelle f\u00fcr Ballaststoffe, die dabei helfen k\u00f6nnen, den Blutzucker- und Cholesterinspiegel zu kontrollieren und gleichzeitig das Risiko f\u00fcr Darmkrebs zu senken. <\/p>    <p>Dar\u00fcber hinaus ist es vollgepackt mit essentiellen N\u00e4hrstoffen, darunter Protein, Vitamin E, B3 und wichtigen Mineralien wie Kupfer, Eisen, Kalzium und Kalium. Der Verzehr von roher Erdnussbutter kann diese Vorteile noch verst\u00e4rken. <\/p>   <div class=\"wp-block-image\"> <figure class=\"aligncenter size-full\"><img loading=\"lazy\" decoding=\"async\" width=\"720\" height=\"540\" src=\"https:\/\/www.peanuts-machine.com\/wp-content\/uploads\/2022\/12\/nut-nutter-grinding-mills.webp\" alt=\"Nuss Nutter Schleifm\u00fchlen\" class=\"wp-image-987\" title=\"\" srcset=\"https:\/\/www.peanuts-machine.com\/wp-content\/uploads\/2022\/12\/nut-nutter-grinding-mills.webp 720w, https:\/\/www.peanuts-machine.com\/wp-content\/uploads\/2022\/12\/nut-nutter-grinding-mills-300x225.webp 300w, https:\/\/www.peanuts-machine.com\/wp-content\/uploads\/2022\/12\/nut-nutter-grinding-mills-16x12.webp 16w\" sizes=\"auto, (max-width: 720px) 100vw, 720px\" \/><figcaption class=\"wp-element-caption\">Nuss Nutter Schleifm\u00fchlen<\/figcaption><\/figure> <\/div>   <p class=\"translation-block\">Viele Leute bef\u00fcrchten, dass der Verzehr von Erdnussbutter zu einer Gewichtszunahme f\u00fchren k\u00f6nnte, aber tats\u00e4chlich kann sie dazu beitragen, dass man sich ges\u00e4ttigt f\u00fchlt. Eine kleine Portion Erdnussbutter kann den Hunger effektiver stillen als typische Lebensmittel wie Reis oder Nudeln. Wenn Sie auf die richtige Portionsgr\u00f6\u00dfe achten, k\u00f6nnen Sie <a href=\"https:\/\/en.wikipedia.org\/wiki\/Peanut_butter\" target=\"_blank\" rel=\"noopener\">Erdnussbutter<\/a> genie\u00dfen und gleichzeitig ein gesundes Gewicht halten.<\/p>","protected":false},"excerpt":{"rendered":"<p>Die kleine Maschine zur Herstellung von Erdnussbutter ist vielseitig einsetzbar und erm\u00f6glicht die Herstellung einer Reihe leckerer, nahrhafter und frischer Aufstriche. Kann die Partikelgr\u00f6\u00dfe von 100 bis 150 Mikrometern mit einer Gleichm\u00e4\u00dfigkeit von \u00fcber 90% steuern.<\/p>","protected":false},"author":1,"featured_media":298,"parent":0,"template":"","tags":[35],"product-type":[51,46],"class_list":["post-294","product","type-product","status-publish","has-post-thumbnail","hentry","tag-peanut-butter","product-type-peanut-butter-machine","product-type-products"],"_links":{"self":[{"href":"https:\/\/www.peanuts-machine.com\/de\/wp-json\/wp\/v2\/product\/294","targetHints":{"allow":["GET"]}}],"collection":[{"href":"https:\/\/www.peanuts-machine.com\/de\/wp-json\/wp\/v2\/product"}],"about":[{"href":"https:\/\/www.peanuts-machine.com\/de\/wp-json\/wp\/v2\/types\/product"}],"author":[{"embeddable":true,"href":"https:\/\/www.peanuts-machine.com\/de\/wp-json\/wp\/v2\/users\/1"}],"wp:featuredmedia":[{"embeddable":true,"href":"https:\/\/www.peanuts-machine.com\/de\/wp-json\/wp\/v2\/media\/298"}],"wp:attachment":[{"href":"https:\/\/www.peanuts-machine.com\/de\/wp-json\/wp\/v2\/media?parent=294"}],"wp:term":[{"taxonomy":"post_tag","embeddable":true,"href":"https:\/\/www.peanuts-machine.com\/de\/wp-json\/wp\/v2\/tags?post=294"},{"taxonomy":"product-type","embeddable":true,"href":"https:\/\/www.peanuts-machine.com\/de\/wp-json\/wp\/v2\/product-type?post=294"}],"curies":[{"name":"wp","href":"https:\/\/api.w.org\/{rel}","templated":true}]}}