{"id":300,"date":"2023-01-10T16:29:50","date_gmt":"2023-01-10T08:29:50","guid":{"rendered":"https:\/\/www.peanuts-machine.com\/?post_type=product&#038;p=300"},"modified":"2026-01-14T16:04:46","modified_gmt":"2026-01-14T08:04:46","slug":"continuous-peanut-roasting-oven","status":"publish","type":"product","link":"https:\/\/www.peanuts-machine.com\/de\/product\/continuous-peanut-roasting-oven\/","title":{"rendered":"Kontinuierlicher Erdnussr\u00f6ster | Multifunktionaler Nussr\u00f6ster"},"content":{"rendered":"<div class=\"kk-star-ratings kksr-auto kksr-align-left kksr-valign-top\"     data-payload='{&quot;align&quot;:&quot;left&quot;,&quot;id&quot;:&quot;300&quot;,&quot;slug&quot;:&quot;default&quot;,&quot;valign&quot;:&quot;top&quot;,&quot;ignore&quot;:&quot;&quot;,&quot;reference&quot;:&quot;auto&quot;,&quot;class&quot;:&quot;&quot;,&quot;count&quot;:&quot;17&quot;,&quot;legendonly&quot;:&quot;&quot;,&quot;readonly&quot;:&quot;&quot;,&quot;score&quot;:&quot;4.7&quot;,&quot;starsonly&quot;:&quot;&quot;,&quot;best&quot;:&quot;5&quot;,&quot;gap&quot;:&quot;5&quot;,&quot;greet&quot;:&quot;Rate this product&quot;,&quot;legend&quot;:&quot;4.7\\\/5 - (17 votes)&quot;,&quot;size&quot;:&quot;24&quot;,&quot;title&quot;:&quot;Continuous Peanut Roasting Oven | Multifunctional Nuts Roaster&quot;,&quot;width&quot;:&quot;133.8&quot;,&quot;_legend&quot;:&quot;{score}\\\/{best} - ({count} {votes})&quot;,&quot;font_factor&quot;:&quot;1.25&quot;}'>              <div class=\"kksr-stars\">      <div class=\"kksr-stars-inactive\">             <div class=\"kksr-star\" data-star=\"1\" style=\"padding-right: 5px\">               <div class=\"kksr-icon\" style=\"width: 24px; height: 24px;\"><\/div>         <\/div>             <div class=\"kksr-star\" data-star=\"2\" style=\"padding-right: 5px\">               <div class=\"kksr-icon\" style=\"width: 24px; height: 24px;\"><\/div>         <\/div>             <div class=\"kksr-star\" data-star=\"3\" style=\"padding-right: 5px\">               <div class=\"kksr-icon\" style=\"width: 24px; height: 24px;\"><\/div>         <\/div>             <div class=\"kksr-star\" data-star=\"4\" style=\"padding-right: 5px\">               <div class=\"kksr-icon\" style=\"width: 24px; height: 24px;\"><\/div>         <\/div>             <div class=\"kksr-star\" data-star=\"5\" style=\"padding-right: 5px\">               <div class=\"kksr-icon\" style=\"width: 24px; height: 24px;\"><\/div>         <\/div>     <\/div>      <div class=\"kksr-stars-active\" style=\"width: 133.8px;\">             <div class=\"kksr-star\" style=\"padding-right: 5px\">               <div class=\"kksr-icon\" style=\"width: 24px; height: 24px;\"><\/div>         <\/div>             <div class=\"kksr-star\" style=\"padding-right: 5px\">               <div class=\"kksr-icon\" style=\"width: 24px; height: 24px;\"><\/div>         <\/div>             <div class=\"kksr-star\" style=\"padding-right: 5px\">               <div class=\"kksr-icon\" style=\"width: 24px; height: 24px;\"><\/div>         <\/div>             <div class=\"kksr-star\" style=\"padding-right: 5px\">               <div class=\"kksr-icon\" style=\"width: 24px; height: 24px;\"><\/div>         <\/div>             <div class=\"kksr-star\" style=\"padding-right: 5px\">               <div class=\"kksr-icon\" style=\"width: 24px; height: 24px;\"><\/div>         <\/div>     <\/div> <\/div>                   <div class=\"kksr-legend\" style=\"font-size: 19.2px;\">             4,7\/5 - (17 Bewertungen)    <\/div>     <\/div>  <p>Der kontinuierliche Band-Erdnussr\u00f6ster ist ein multifunktionales Ger\u00e4t, das Niedertemperaturtrocknung und Hochtemperaturr\u00f6stung kombiniert und f\u00fcr die kontinuierliche Verarbeitung verschiedener N\u00fcsse und k\u00f6rniger Materialien geeignet ist. <\/p>    <p>Die Ausr\u00fcstung unterst\u00fctzt Elektro- oder Gasheizung und ist mit einem Hei\u00dfluftzirkulationssystem ausgestattet, das Energie sparen und den Verbrauch senken kann. Sie wird h\u00e4ufig in Lebensmittelverarbeitungsbetrieben f\u00fcr das automatisierte R\u00f6sten von Agrarprodukten wie Erdn\u00fcssen, Sesam und Sonnenblumenkernen eingesetzt. <\/p>    <figure class=\"wp-block-embed aligncenter is-type-video is-provider-youtube wp-block-embed-youtube wp-embed-aspect-16-9 wp-has-aspect-ratio\"><div class=\"wp-block-embed__wrapper\"> <iframe loading=\"lazy\" title=\"Kontinuierlicher Erdnussr\u00f6ster | Effizienter Bandr\u00f6ster in Aktion! \ud83e\udd5c\ud83d\udd25#r\u00f6sten #r\u00f6ster\" width=\"500\" height=\"281\" src=\"https:\/\/www.youtube.com\/embed\/OPODSLCt6Go?feature=oembed\" frameborder=\"0\" allow=\"accelerometer; autoplay; clipboard-write; encrypted-media; gyroscope; picture-in-picture; web-share\" referrerpolicy=\"strict-origin-when-cross-origin\" allowfullscreen><\/iframe> <\/div><figcaption class=\"wp-element-caption\">Arbeitsvideo des kontinuierlichen Erdnussr\u00f6sters<\/figcaption><\/figure>    <p>Durch die Anpassung der Temperatur und der F\u00f6rderbandgeschwindigkeit kann die Maschine flexibel eine kontinuierliche automatische R\u00f6stung w\u00e4hrend des gesamten Prozesses vom Rohmaterialeinzug bis zur Produktentleerung erreichen, was sie zu einem idealen Ger\u00e4t zur Verbesserung der Produktionseffizienz und Produktqualit\u00e4t macht.<\/p>   <div class=\"wp-block-image\"> <figure class=\"aligncenter size-full\"><img loading=\"lazy\" decoding=\"async\" width=\"720\" height=\"540\" src=\"https:\/\/www.peanuts-machine.com\/wp-content\/uploads\/2023\/01\/continuous-peanut-roasting-machine.webp\" alt=\"Kontinuierliche Erdnussr\u00f6stanlage\" class=\"wp-image-779\" title=\"\" srcset=\"https:\/\/www.peanuts-machine.com\/wp-content\/uploads\/2023\/01\/continuous-peanut-roasting-machine.webp 720w, https:\/\/www.peanuts-machine.com\/wp-content\/uploads\/2023\/01\/continuous-peanut-roasting-machine-300x225.webp 300w, https:\/\/www.peanuts-machine.com\/wp-content\/uploads\/2023\/01\/continuous-peanut-roasting-machine-16x12.webp 16w\" sizes=\"auto, (max-width: 720px) 100vw, 720px\" \/><figcaption class=\"wp-element-caption\">Kontinuierliche Erdnussr\u00f6stanlage<\/figcaption><\/figure> <\/div>   <h2 class=\"wp-block-heading\">Highlights des kontinuierlichen automatischen R\u00f6sters<\/h2>    <ul class=\"wp-block-list\"> <li>Flexible Temperaturregelung: Gro\u00dfer Temperaturbereich (0-300 \u00b0C einstellbar), um verschiedene Anforderungen von Niedertemperaturtrocknung bis Hochtemperaturbacken zu erf\u00fcllen.<\/li>    <li>Benutzerfreundliche Bedienung: Das vollautomatische Design erfordert nur einen Bediener und spart Arbeitskosten.<\/li>    <li>Lebensmittelechte Materialien: Alle mit den Materialien in Ber\u00fchrung kommenden Teile sind aus Edelstahl gefertigt, was Sicherheit, Hygiene und einfache Reinigung gew\u00e4hrleistet.<\/li>    <li>Energieeffizient und umweltfreundlich: Hochwertiges Isoliermaterial und Hei\u00dfluftzirkulationssystem reduzieren W\u00e4rmeverluste erheblich.<\/li>    <li>Gleichm\u00e4\u00dfiges Backen: Eine rationale Hei\u00dfluftverteilungsstruktur sorgt f\u00fcr eine gleichm\u00e4\u00dfige Erw\u00e4rmung der Materialien, was zu besserer Farbe und besserem Geschmack f\u00fchrt.<\/li>    <li>Automatische K\u00fchlsystem: Verhindert \u00dcberr\u00f6stung und verbessert die Produktstabilit\u00e4t.<\/li>    <li>Hohe Anpassungsf\u00e4higkeit: Einstellbare F\u00f6rdergeschwindigkeit (25-40 Hz) und Materialdicke (4-10 mm) zur flexiblen Anpassung an unterschiedliche Materialanforderungen.<\/li> <\/ul>   <div class=\"wp-block-image\"> <figure class=\"aligncenter size-full\"><img loading=\"lazy\" decoding=\"async\" width=\"720\" height=\"540\" src=\"https:\/\/www.peanuts-machine.com\/wp-content\/uploads\/2023\/01\/continuous-nut-roaster.webp\" alt=\"Kontinuierlicher Nussr\u00f6ster\" class=\"wp-image-780\" title=\"\" srcset=\"https:\/\/www.peanuts-machine.com\/wp-content\/uploads\/2023\/01\/continuous-nut-roaster.webp 720w, https:\/\/www.peanuts-machine.com\/wp-content\/uploads\/2023\/01\/continuous-nut-roaster-300x225.webp 300w, https:\/\/www.peanuts-machine.com\/wp-content\/uploads\/2023\/01\/continuous-nut-roaster-16x12.webp 16w\" sizes=\"auto, (max-width: 720px) 100vw, 720px\" \/><figcaption class=\"wp-element-caption\">Kontinuierlicher Nussr\u00f6ster<\/figcaption><\/figure> <\/div>   <h2 class=\"wp-block-heading\">Anwendungsbereich von Durchlaufr\u00f6st\u00f6fen<\/h2>    <p>Dieser kontinuierliche Erdnussr\u00f6ster eignet sich zum R\u00f6sten einer Vielzahl von N\u00fcssen und landwirtschaftlichen Nebenprodukten, einschlie\u00dflich, aber nicht beschr\u00e4nkt auf:<\/p>    <ul class=\"wp-block-list\"> <li>Verschiedene Arten von Erdn\u00fcssen (gesch\u00e4lt\/ungesch\u00e4lt).<\/li>    <li>Sesam, Sonnenblumenkerne (Sonnenblumenkerne, K\u00fcrbiskerne usw.).<\/li>    <li>Soja, gr\u00fcne Bohnen, Saubohnen, Erbsen und andere H\u00fclsenfr\u00fcchte.<\/li>    <li>Cashewkerne, Mandeln, Waln\u00fcsse, Pinienkerne, Haseln\u00fcsse, Pistazien und andere N\u00fcsse.<\/li>    <li>Getrocknete Chilischoten, Trockenfr\u00fcchte, Trockengem\u00fcse und andere aromatisierte Lebensmittel.<\/li> <\/ul>    <p>Ob zum Trocknen, R\u00f6sten oder zur Aromasteigerung, diese Maschine kann die Verarbeitungsanforderungen verschiedener Produkte pr\u00e4zise erf\u00fcllen.<\/p>   <div class=\"wp-block-image\"> <figure class=\"aligncenter size-full\"><img loading=\"lazy\" decoding=\"async\" width=\"720\" height=\"540\" src=\"https:\/\/www.peanuts-machine.com\/wp-content\/uploads\/2023\/01\/application-scope.webp\" alt=\"Anwendungsbereich\" class=\"wp-image-301\" title=\"\" srcset=\"https:\/\/www.peanuts-machine.com\/wp-content\/uploads\/2023\/01\/application-scope.webp 720w, https:\/\/www.peanuts-machine.com\/wp-content\/uploads\/2023\/01\/application-scope-300x225.webp 300w\" sizes=\"auto, (max-width: 720px) 100vw, 720px\" \/><figcaption class=\"wp-element-caption\">Anwendungsbereich<\/figcaption><\/figure> <\/div>   <h2 class=\"wp-block-heading\">Struktur eines kontinuierlichen Erdnussr\u00f6stofens<\/h2>    <p>Der kontinuierliche Erdnussr\u00f6stofen umfasst einen Aufzug, einen Zuf\u00fchrbereich, einen R\u00f6stbereich, einen K\u00fchlbereich, einen Entladebereich und einen Vibrationssiebbereich. Verschiedene Bereiche werden isoliert, um den W\u00e4rmeverlust zu reduzieren und die Betriebskosten zu senken.<\/p>   <div class=\"wp-block-image\"> <figure class=\"aligncenter size-full\"><img loading=\"lazy\" decoding=\"async\" width=\"720\" height=\"540\" src=\"https:\/\/www.peanuts-machine.com\/wp-content\/uploads\/2023\/01\/structure-of-industrial-peanut-roasting-machine.webp\" alt=\"Struktur einer industriellen Erdnussr\u00f6stmaschine\" class=\"wp-image-308\" title=\"\" srcset=\"https:\/\/www.peanuts-machine.com\/wp-content\/uploads\/2023\/01\/structure-of-industrial-peanut-roasting-machine.webp 720w, https:\/\/www.peanuts-machine.com\/wp-content\/uploads\/2023\/01\/structure-of-industrial-peanut-roasting-machine-300x225.webp 300w\" sizes=\"auto, (max-width: 720px) 100vw, 720px\" \/><figcaption class=\"wp-element-caption\">Struktur einer industriellen Erdnussr\u00f6stmaschine<\/figcaption><\/figure> <\/div>  <div class=\"wp-block-image\"> <figure class=\"aligncenter size-full\"><img loading=\"lazy\" decoding=\"async\" width=\"720\" height=\"540\" src=\"https:\/\/www.peanuts-machine.com\/wp-content\/uploads\/2023\/01\/machine-details.webp\" alt=\"Maschinendetails\" class=\"wp-image-305\" title=\"\" srcset=\"https:\/\/www.peanuts-machine.com\/wp-content\/uploads\/2023\/01\/machine-details.webp 720w, https:\/\/www.peanuts-machine.com\/wp-content\/uploads\/2023\/01\/machine-details-300x225.webp 300w\" sizes=\"auto, (max-width: 720px) 100vw, 720px\" \/><figcaption class=\"wp-element-caption\">Maschinendetails<\/figcaption><\/figure> <\/div>   <h2 class=\"wp-block-heading\">Funktionsprinzip der Nussr\u00f6stmaschine<\/h2>    <p>Zum R\u00f6sten von Erdn\u00fcssen k\u00f6nnen Sie entweder Strom oder Gas verwenden. <\/p>    <ol class=\"wp-block-list\"> <li>Zuerst sollte der Bediener die Erdn\u00fcsse in den Einf\u00fclltrichter laden. Anschlie\u00dfend transportiert ein Aufzug die Erdn\u00fcsse zum R\u00f6stsystem. <\/li>    <li>Anschlie\u00dfend werden die Erdn\u00fcsse gleichm\u00e4\u00dfig auf der Bratplatte verteilt. Der Backofen kann Temperaturen von 180-200\u2103 erreichen. Nach etwa 20 Minuten R\u00f6stzeit sind die Erdn\u00fcsse fertig. <\/li>    <li>Anschlie\u00dfend bewegen sie sich zum K\u00fchlbereich des kontinuierlichen Erdnussr\u00f6sters. Nach 10 Minuten werden die gek\u00fchlten Erdn\u00fcsse aus der Auslass\u00f6ffnung freigegeben.<\/li> <\/ol>   <div class=\"wp-block-image\"> <figure class=\"aligncenter size-full\"><img loading=\"lazy\" decoding=\"async\" width=\"720\" height=\"540\" src=\"https:\/\/www.peanuts-machine.com\/wp-content\/uploads\/2023\/01\/industrial-peanut-roaster.webp\" alt=\"Industrieller Erdnussr\u00f6ster\" class=\"wp-image-304\" title=\"\" srcset=\"https:\/\/www.peanuts-machine.com\/wp-content\/uploads\/2023\/01\/industrial-peanut-roaster.webp 720w, https:\/\/www.peanuts-machine.com\/wp-content\/uploads\/2023\/01\/industrial-peanut-roaster-300x225.webp 300w\" sizes=\"auto, (max-width: 720px) 100vw, 720px\" \/><figcaption class=\"wp-element-caption\">Industrieller Erdnussr\u00f6ster<\/figcaption><\/figure> <\/div>   <h2 class=\"wp-block-heading\">Details zum Arbeitsprozess<\/h2>    <ul class=\"wp-block-list\"> <li>Durch die Verwendung separater Brenner f\u00fcr die Ober- und Unterhitze l\u00e4sst sich der Ofen einfacher steuern und reagiert schneller. <\/li>    <li>Jede Zone verf\u00fcgt \u00fcber eigene Temperatureinstellungen, die eine unabh\u00e4ngige Steuerung erm\u00f6glichen. <\/li>    <li>Um den Energieverbrauch zu minimieren, ist in jeder Zone ein Brenner f\u00fcr die Oberhitze und ein weiterer f\u00fcr die Unterhitze vorgesehen. <\/li>    <li>Im Gegensatz zu herk\u00f6mmlichen \u00d6fen, die bei einem Brennerausfall nicht mehr funktionieren, funktionieren unsere \u00d6fen dank mehrerer Brenner weiterhin effektiv und sorgen so f\u00fcr Zuverl\u00e4ssigkeit. <\/li>    <li>Nach dem Backvorgang ist eine abschlie\u00dfende K\u00fchlstrecke eingebaut, um zu verhindern, dass das Produkt zu hei\u00df aus dem Ofen kommt und Feuchtigkeit aus der Luft aufnimmt. <\/li>    <li>Auf Wunsch kann zus\u00e4tzlich ein Futtersch\u00fcttler am Eingang und ein Sammelsch\u00fcttler am Ausgang installiert werden.<\/li> <\/ul>   <div class=\"wp-block-image\"> <figure class=\"aligncenter size-full\"><img loading=\"lazy\" decoding=\"async\" width=\"720\" height=\"540\" src=\"https:\/\/www.peanuts-machine.com\/wp-content\/uploads\/2023\/01\/continuous-peanut-roasting-oven.webp\" alt=\"Kontinuierlicher Erdnussr\u00f6stofen\" class=\"wp-image-303\" title=\"\" srcset=\"https:\/\/www.peanuts-machine.com\/wp-content\/uploads\/2023\/01\/continuous-peanut-roasting-oven.webp 720w, https:\/\/www.peanuts-machine.com\/wp-content\/uploads\/2023\/01\/continuous-peanut-roasting-oven-300x225.webp 300w\" sizes=\"auto, (max-width: 720px) 100vw, 720px\" \/><figcaption class=\"wp-element-caption\">Kontinuierlicher Erdnussr\u00f6stofen<\/figcaption><\/figure> <\/div>   <h2 class=\"wp-block-heading\">Parameter der Mandelr\u00f6stmaschine<\/h2>    <figure class=\"wp-block-table is-style-stripes\"><table><tbody><tr><td>Typ<\/td><td>TZ-200<\/td><td>TZ-300<\/td><td>TZ-500<\/td><td>TZ-1000<\/td><\/tr><tr><td>Kapazit\u00e4t (kg\/h)<\/td><td>200<\/td><td>300-350<\/td><td>500<\/td><td>1000<\/td><\/tr><tr><td>Gr\u00f6\u00dfe (m)<\/td><td>Aufzug: 1,5*0,8*2,8<br>R\u00f6ster: 6,9*1,5*2,6<\/td><td>Aufzug: 1,5*0,8*2,8<br>R\u00f6ster: 7,5*1,5*2,6<\/td><td>Aufzug: 2,5*0,7*2,8<br>R\u00f6ster: 8,5*1,8*2,6<\/td><td>Aufzug: 2,5*0,7*2,8<br>R\u00f6ster: 11*2,1*2,6<\/td><\/tr><tr><td>Heizleistung (kw)<\/td><td>46<\/td><td>70<\/td><td>130<\/td><td>230<\/td><\/tr><tr><td>Leistung (kw)<\/td><td>10<\/td><td>10<\/td><td>15<\/td><td>15<\/td><\/tr><\/tbody><\/table><figcaption class=\"wp-element-caption\">Technische Daten des kontinuierlichen Erdnussr\u00f6stofens<\/figcaption><\/figure>   <div class=\"wp-block-image\"> <figure class=\"aligncenter size-full\"><img loading=\"lazy\" decoding=\"async\" width=\"720\" height=\"540\" src=\"https:\/\/www.peanuts-machine.com\/wp-content\/uploads\/2023\/01\/automatic-conveyor-roasting-machine.webp\" alt=\"automatische Durchlaufr\u00f6stmaschine\" class=\"wp-image-628\" title=\"\" srcset=\"https:\/\/www.peanuts-machine.com\/wp-content\/uploads\/2023\/01\/automatic-conveyor-roasting-machine.webp 720w, https:\/\/www.peanuts-machine.com\/wp-content\/uploads\/2023\/01\/automatic-conveyor-roasting-machine-300x225.webp 300w, https:\/\/www.peanuts-machine.com\/wp-content\/uploads\/2023\/01\/automatic-conveyor-roasting-machine-16x12.webp 16w\" sizes=\"auto, (max-width: 720px) 100vw, 720px\" \/><figcaption class=\"wp-element-caption\">automatische Durchlaufr\u00f6stmaschine<\/figcaption><\/figure> <\/div>   <p class=\"translation-block\">Das R\u00f6sten verbessert die Qualit\u00e4t von Erdn\u00fcssen und kann unterschiedliche Ergebnisse liefern, was verschiedene Arten der Produktion erm\u00f6glicht, einschlie\u00dflich Erdnussblanchieren, Hacken, \u00dcberziehen, Mahlen f\u00fcr <a href=\"https:\/\/www.peanuts-machine.com\/de\/product\/peanut-butter-production-line\/\">Erdnussbutter-Produktionslinien<\/a> und Frittieren. <\/p>    <p class=\"translation-block\">Dar\u00fcber hinaus haben wir eine weitere Art von <a href=\"https:\/\/www.peanuts-machine.com\/de\/product\/peanut-roasting-machine\/\">Erdnussr\u00f6stmaschine<\/a> zu verkaufen. Die Bilder und Videos der Maschine sind unten gezeigt:<\/p>    <figure class=\"wp-block-embed aligncenter is-type-video is-provider-youtube wp-block-embed-youtube wp-embed-aspect-16-9 wp-has-aspect-ratio\"><div class=\"wp-block-embed__wrapper\"> <iframe loading=\"lazy\" title=\"Effiziente Maschine zum R\u00f6sten und K\u00fchlen von Erdn\u00fcssen in Aktion! #Erdnuss #Erdnuss #roast\" width=\"500\" height=\"281\" src=\"https:\/\/www.youtube.com\/embed\/4rRCnqDT7xk?feature=oembed\" frameborder=\"0\" allow=\"accelerometer; autoplay; clipboard-write; encrypted-media; gyroscope; picture-in-picture; web-share\" referrerpolicy=\"strict-origin-when-cross-origin\" allowfullscreen><\/iframe> <\/div><figcaption class=\"wp-element-caption\">Arbeitsvideo der automatischen Erdnussr\u00f6stanlage<\/figcaption><\/figure>   <div class=\"wp-block-image\"> <figure class=\"aligncenter size-full\"><img loading=\"lazy\" decoding=\"async\" width=\"720\" height=\"540\" src=\"https:\/\/www.peanuts-machine.com\/wp-content\/uploads\/2023\/01\/continuous-nut-roasting-oven.webp\" alt=\"Automatische Nussr\u00f6stanlage\" class=\"wp-image-629\" title=\"\" srcset=\"https:\/\/www.peanuts-machine.com\/wp-content\/uploads\/2023\/01\/continuous-nut-roasting-oven.webp 720w, https:\/\/www.peanuts-machine.com\/wp-content\/uploads\/2023\/01\/continuous-nut-roasting-oven-300x225.webp 300w, https:\/\/www.peanuts-machine.com\/wp-content\/uploads\/2023\/01\/continuous-nut-roasting-oven-16x12.webp 16w\" sizes=\"auto, (max-width: 720px) 100vw, 720px\" \/><figcaption class=\"wp-element-caption\">Automatische Nussr\u00f6stanlage<\/figcaption><\/figure> <\/div>   <p>Wenn Sie effiziente R\u00f6stanlagen f\u00fcr Ihre Nussverarbeitungslinie ben\u00f6tigen, sind unsere Maschinen zweifellos eine zuverl\u00e4ssige Wahl. Wenn Sie spezielle Anforderungen haben, kontaktieren Sie uns bitte und wir werden kundenspezifische Optionen anbieten.<\/p>","protected":false},"excerpt":{"rendered":"<p>Der kontinuierliche Erdnussr\u00f6stofen eignet sich f\u00fcr die Niedertemperaturtrocknung und Hochtemperaturr\u00f6stung verschiedener N\u00fcsse und k\u00f6rniger Materialien, zeichnet sich durch geringen Energieverbrauch, pr\u00e4zise Temperaturkontrolle und gleichm\u00e4\u00dfiges R\u00f6sten aus.<\/p>","protected":false},"author":1,"featured_media":307,"parent":0,"template":"","tags":[56,36],"product-type":[50,46],"class_list":["post-300","product","type-product","status-publish","has-post-thumbnail","hentry","tag-nut","tag-peanut","product-type-peanut-roasting-machine","product-type-products"],"_links":{"self":[{"href":"https:\/\/www.peanuts-machine.com\/de\/wp-json\/wp\/v2\/product\/300","targetHints":{"allow":["GET"]}}],"collection":[{"href":"https:\/\/www.peanuts-machine.com\/de\/wp-json\/wp\/v2\/product"}],"about":[{"href":"https:\/\/www.peanuts-machine.com\/de\/wp-json\/wp\/v2\/types\/product"}],"author":[{"embeddable":true,"href":"https:\/\/www.peanuts-machine.com\/de\/wp-json\/wp\/v2\/users\/1"}],"wp:featuredmedia":[{"embeddable":true,"href":"https:\/\/www.peanuts-machine.com\/de\/wp-json\/wp\/v2\/media\/307"}],"wp:attachment":[{"href":"https:\/\/www.peanuts-machine.com\/de\/wp-json\/wp\/v2\/media?parent=300"}],"wp:term":[{"taxonomy":"post_tag","embeddable":true,"href":"https:\/\/www.peanuts-machine.com\/de\/wp-json\/wp\/v2\/tags?post=300"},{"taxonomy":"product-type","embeddable":true,"href":"https:\/\/www.peanuts-machine.com\/de\/wp-json\/wp\/v2\/product-type?post=300"}],"curies":[{"name":"wp","href":"https:\/\/api.w.org\/{rel}","templated":true}]}}