{"id":31,"date":"2022-08-09T06:11:21","date_gmt":"2022-08-09T06:11:21","guid":{"rendered":"https:\/\/www.peanuts-machine.com\/?post_type=product&#038;p=31"},"modified":"2026-02-06T15:53:37","modified_gmt":"2026-02-06T07:53:37","slug":"peanut-roasting-line","status":"publish","type":"product","link":"https:\/\/www.peanuts-machine.com\/de\/product\/peanut-roasting-line\/","title":{"rendered":"Erdnussr\u00f6stlinie | Erdnussr\u00f6stprozess"},"content":{"rendered":"<div class=\"kk-star-ratings kksr-auto kksr-align-left kksr-valign-top\"     data-payload='{&quot;align&quot;:&quot;left&quot;,&quot;id&quot;:&quot;31&quot;,&quot;slug&quot;:&quot;default&quot;,&quot;valign&quot;:&quot;top&quot;,&quot;ignore&quot;:&quot;&quot;,&quot;reference&quot;:&quot;auto&quot;,&quot;class&quot;:&quot;&quot;,&quot;count&quot;:&quot;26&quot;,&quot;legendonly&quot;:&quot;&quot;,&quot;readonly&quot;:&quot;&quot;,&quot;score&quot;:&quot;4.8&quot;,&quot;starsonly&quot;:&quot;&quot;,&quot;best&quot;:&quot;5&quot;,&quot;gap&quot;:&quot;5&quot;,&quot;greet&quot;:&quot;Rate this product&quot;,&quot;legend&quot;:&quot;4.8\\\/5 - (26 votes)&quot;,&quot;size&quot;:&quot;24&quot;,&quot;title&quot;:&quot;Peanut Roasting Line | Peanut Roasting Process&quot;,&quot;width&quot;:&quot;136.7&quot;,&quot;_legend&quot;:&quot;{score}\\\/{best} - ({count} {votes})&quot;,&quot;font_factor&quot;:&quot;1.25&quot;}'>              <div class=\"kksr-stars\">      <div class=\"kksr-stars-inactive\">             <div class=\"kksr-star\" data-star=\"1\" style=\"padding-right: 5px\">               <div class=\"kksr-icon\" style=\"width: 24px; height: 24px;\"><\/div>         <\/div>             <div class=\"kksr-star\" data-star=\"2\" style=\"padding-right: 5px\">               <div class=\"kksr-icon\" style=\"width: 24px; height: 24px;\"><\/div>         <\/div>             <div class=\"kksr-star\" data-star=\"3\" style=\"padding-right: 5px\">               <div class=\"kksr-icon\" style=\"width: 24px; height: 24px;\"><\/div>         <\/div>             <div class=\"kksr-star\" data-star=\"4\" style=\"padding-right: 5px\">               <div class=\"kksr-icon\" style=\"width: 24px; height: 24px;\"><\/div>         <\/div>             <div class=\"kksr-star\" data-star=\"5\" style=\"padding-right: 5px\">               <div class=\"kksr-icon\" style=\"width: 24px; height: 24px;\"><\/div>         <\/div>     <\/div>      <div class=\"kksr-stars-active\" style=\"width: 136.7px;\">             <div class=\"kksr-star\" style=\"padding-right: 5px\">               <div class=\"kksr-icon\" style=\"width: 24px; height: 24px;\"><\/div>         <\/div>             <div class=\"kksr-star\" style=\"padding-right: 5px\">               <div class=\"kksr-icon\" style=\"width: 24px; height: 24px;\"><\/div>         <\/div>             <div class=\"kksr-star\" style=\"padding-right: 5px\">               <div class=\"kksr-icon\" style=\"width: 24px; height: 24px;\"><\/div>         <\/div>             <div class=\"kksr-star\" style=\"padding-right: 5px\">               <div class=\"kksr-icon\" style=\"width: 24px; height: 24px;\"><\/div>         <\/div>             <div class=\"kksr-star\" style=\"padding-right: 5px\">               <div class=\"kksr-icon\" style=\"width: 24px; height: 24px;\"><\/div>         <\/div>     <\/div> <\/div>                   <div class=\"kksr-legend\" style=\"font-size: 19.2px;\">             4,8\/5 - (26 Bewertungen)    <\/div>     <\/div>  <p class=\"translation-block\">Die Erdnussr\u00f6stlinie wird haupts\u00e4chlich zum R\u00f6sten von Erdn\u00fcssen und N\u00fcssen verwendet. Dadurch kann die Feuchtigkeit aus den Erdn\u00fcssen effektiv entfernt werden. Au\u00dferdem ist diese Produktionslinie ein integraler Bestandteil der <a href=\"https:\/\/www.peanuts-machine.com\/de\/product\/peanut-butter-production-line\/\">Erdnussbutterproduktionslinie<\/a> und der <a href=\"https:\/\/www.peanuts-machine.com\/de\/product\/coated-peanut-production-line\/\">Erdnussbeschichtungsanlage<\/a>.<\/p>   <div class=\"wp-block-image\"> <figure class=\"aligncenter size-full\"><img loading=\"lazy\" decoding=\"async\" width=\"1024\" height=\"515\" src=\"https:\/\/www.peanuts-machine.com\/wp-content\/uploads\/2022\/08\/tz-peanut-roasting-equipment.webp\" alt=\"tz Erdnussr\u00f6stger\u00e4te\" class=\"wp-image-38\" title=\"\" srcset=\"https:\/\/www.peanuts-machine.com\/wp-content\/uploads\/2022\/08\/tz-peanut-roasting-equipment.webp 1024w, https:\/\/www.peanuts-machine.com\/wp-content\/uploads\/2022\/08\/tz-peanut-roasting-equipment-300x151.webp 300w, https:\/\/www.peanuts-machine.com\/wp-content\/uploads\/2022\/08\/tz-peanut-roasting-equipment-768x386.webp 768w\" sizes=\"auto, (max-width: 1024px) 100vw, 1024px\" \/><figcaption class=\"wp-element-caption\">TZ-Erdnussr\u00f6stausr\u00fcstung<\/figcaption><\/figure> <\/div>   <h2 class=\"wp-block-heading\" id=\"h-what-is-the-complete-peanut-roasting-process\">Wie l\u00e4uft der vollst\u00e4ndige Erdnussr\u00f6stprozess ab?<\/h2>    <p>Die Erdnussr\u00f6stlinie umfasst einen Rohstoffelevator, einen Einf\u00fclltrichter, einen R\u00f6stteil, einen K\u00fchlteil und eine Auslass\u00f6ffnung. Zun\u00e4chst gelangen die Erdn\u00fcsse \u00fcber den Rohmaterialelevator in den Einf\u00fclltrichter. Dann gelangt es in den R\u00f6stbereich, angetrieben durch die Kettenplatte unten. Durch das Kettenplattenf\u00f6rderband k\u00f6nnen die Erdn\u00fcsse im R\u00f6ster vollst\u00e4ndiger ger\u00f6stet werden und besser schmecken. Schlie\u00dflich gelangen die ger\u00f6steten Erdn\u00fcsse in den K\u00fchlbereich, um die Temperatur des Materials zu senken. Die ger\u00f6steten Erdn\u00fcsse k\u00f6nnen zu Erdnussbutter und panierten Erdn\u00fcssen verarbeitet werden.<\/p>   <div class=\"wp-block-image\"> <figure class=\"aligncenter size-full\"><img loading=\"lazy\" decoding=\"async\" width=\"1024\" height=\"515\" src=\"https:\/\/www.peanuts-machine.com\/wp-content\/uploads\/2022\/08\/commercial-peanut-roasting-system-in-factory.webp\" alt=\"Kommerzielles Erdnussr\u00f6stsystem in der Fabrik\" class=\"wp-image-34\" title=\"\" srcset=\"https:\/\/www.peanuts-machine.com\/wp-content\/uploads\/2022\/08\/commercial-peanut-roasting-system-in-factory.webp 1024w, https:\/\/www.peanuts-machine.com\/wp-content\/uploads\/2022\/08\/commercial-peanut-roasting-system-in-factory-300x151.webp 300w, https:\/\/www.peanuts-machine.com\/wp-content\/uploads\/2022\/08\/commercial-peanut-roasting-system-in-factory-768x386.webp 768w\" sizes=\"auto, (max-width: 1024px) 100vw, 1024px\" \/><figcaption class=\"wp-element-caption\">Kommerzielles Erdnussr\u00f6stsystem in der Fabrik<\/figcaption><\/figure> <\/div>   <h2 class=\"wp-block-heading\" id=\"h-structure-diagram-of-peanut-roasting-line\">Strukturdiagramm der Erdnussr\u00f6stlinie<\/h2>   <div class=\"wp-block-image\"> <figure class=\"aligncenter size-full\"><img loading=\"lazy\" decoding=\"async\" width=\"1024\" height=\"515\" src=\"https:\/\/www.peanuts-machine.com\/wp-content\/uploads\/2022\/08\/structure-picture.webp\" alt=\"Strukturbild\" class=\"wp-image-37\" title=\"\" srcset=\"https:\/\/www.peanuts-machine.com\/wp-content\/uploads\/2022\/08\/structure-picture.webp 1024w, https:\/\/www.peanuts-machine.com\/wp-content\/uploads\/2022\/08\/structure-picture-300x151.webp 300w, https:\/\/www.peanuts-machine.com\/wp-content\/uploads\/2022\/08\/structure-picture-768x386.webp 768w\" sizes=\"auto, (max-width: 1024px) 100vw, 1024px\" \/><figcaption class=\"wp-element-caption\">Strukturbild<\/figcaption><\/figure> <\/div>   <h2 class=\"wp-block-heading\" id=\"h-machine-parameters\">Maschinenparameter<\/h2>    <figure class=\"wp-block-table is-style-stripes\"><table><tbody><tr><td>Typ<\/td><td>TZ-200<\/td><td>TZ-300<\/td><td>TZ-500<\/td><td>TZ-1000<\/td><\/tr><tr><td>Leistung<\/td><td>10KW<\/td><td>10KW<\/td><td>15KW<\/td><td>15KW<\/td><\/tr><tr><td>Heizleistung<\/td><td>46KW<\/td><td>70KW<\/td><td>130 kW<\/td><td>230KW<\/td><\/tr><tr><td>Kapazit\u00e4t<\/td><td>200 kg\/h<\/td><td>300\u2013350 kg\/h<\/td><td>500 kg\/h<\/td><td>1000 kg\/h<\/td><\/tr><tr><td>Gr\u00f6\u00dfe<\/td><td>Hebezeug: 1,5 m x 0,8 m x 2,8 m. R\u00f6stofen: 6,9 m x 1,5 m x 2,6 m<\/td><td>Hebezeug: 1,5 m x 0,8 m x 2,8 m. R\u00f6stofen: 7,5 m x 1,5 m x 2,6 m<\/td><td>Hebezeug: 2,5 m x 0,7 m x 2,8 m. R\u00f6stofen: 8,5 m x 1,8 m x 2,6 m<\/td><td>Hebezeug: 2,5 m x 0,7 m x 2,8 m. R\u00f6stofen: 11 m x 2,1 m x 2,6 m<\/td><\/tr><tr><td>Gewicht<\/td><td>&nbsp;<\/td><td>&nbsp;<\/td><td>3000 kg<\/td><td><\/td><\/tr><\/tbody><\/table><\/figure>    <h2 class=\"wp-block-heading\" id=\"h-features-of-peanut-roasting-line\">Merkmale der Erdnussr\u00f6stlinie<\/h2>    <ol class=\"wp-block-list\"> <li>Integrierte Produktion von R\u00f6sten und K\u00fchlen. Unser Erdnussr\u00f6stsystem hat nicht nur die Funktion des R\u00f6stens, sondern auch die Funktion des K\u00fchlens in der zweiten H\u00e4lfte der Anlage.<\/li>    <li>Der hohe Automatisierungsgrad. Der <a href=\"https:\/\/www.peanuts-machine.com\/de\/product\/peanut-roasting-machine\/\">Industrieller Erdnussr\u00f6ster<\/a> verf\u00fcgt \u00fcber beide Funktionen zur automatischen Temperaturanpassung. Daher m\u00fcssen Sie sich keine Sorgen machen, dass die Erdn\u00fcsse und N\u00fcsse beim R\u00f6sten ger\u00f6stet werden.<\/li>    <li>Mehrere Heizmethoden. Sie k\u00f6nnen zwischen Elektroheizung, Gasheizung und anderen Heizmethoden w\u00e4hlen.<\/li>    <li>Energieeinsparung. Ger\u00f6stete Erdn\u00fcsse sind sehr scharf. Daher ist es gef\u00e4hrlich, das Material manuell zu bewegen. Dar\u00fcber hinaus kann die Produktionslinie zum R\u00f6sten von Erdn\u00fcssen die ger\u00f6steten Erdn\u00fcsse direkt an das K\u00fchlsystem weiterleiten. Das ist sowohl bequem als auch sicher.<\/li>    <li>Einfache Bedienung. Denn unsere Erdnussr\u00f6stlinie ist vollautomatisch. Daher ist es leicht zu erlernen und zu bedienen.<\/li> <\/ol>   <div class=\"wp-block-image\"> <figure class=\"aligncenter size-full\"><img loading=\"lazy\" decoding=\"async\" width=\"1024\" height=\"515\" src=\"https:\/\/www.peanuts-machine.com\/wp-content\/uploads\/2022\/08\/roasting-chain-plate.webp\" alt=\"Bratkettenplatte\" class=\"wp-image-36\" title=\"\" srcset=\"https:\/\/www.peanuts-machine.com\/wp-content\/uploads\/2022\/08\/roasting-chain-plate.webp 1024w, https:\/\/www.peanuts-machine.com\/wp-content\/uploads\/2022\/08\/roasting-chain-plate-300x151.webp 300w, https:\/\/www.peanuts-machine.com\/wp-content\/uploads\/2022\/08\/roasting-chain-plate-768x386.webp 768w\" sizes=\"auto, (max-width: 1024px) 100vw, 1024px\" \/><figcaption class=\"wp-element-caption\">Bratkettenplatte<\/figcaption><\/figure> <\/div>   <h2 class=\"wp-block-heading\" id=\"h-application-scope-of-peanuts-roaster-line\">Anwendungsbereich der Erdnussr\u00f6sterlinie<\/h2>    <p class=\"translation-block\">Die Erdnussr\u00f6stanlage eignet sich zum R\u00f6sten von Erdn\u00fcssen sowie von Mandeln, Sesamsamen, Cashewn\u00fcssen, Sonnenblumenkernen, Kakaobohnen, Kichererbsen, japanischen Bohnen, Pistazien und anderen Nuss- und Bohnensorten. Ebenso kann sie zur Verarbeitung von Getreidesorten wie Mais, <a href=\"https:\/\/en.wikipedia.org\/wiki\/Quinoa\" target=\"_blank\" rel=\"noopener\">Quinoa<\/a> und Hafer verwendet werden. Daher hat unser kommerzieller Erdnussr\u00f6ster ein breites Anwendungsspektrum. Wenn Sie diese Maschine ben\u00f6tigen, kontaktieren Sie uns bitte gerne.<\/p>","protected":false},"excerpt":{"rendered":"<p>The peanut roasting line is mainly used to roast peanuts and nuts. So, it can effectively remove the moisture from peanuts. Also, this production line is an integral part of the peanut butter production line and the peanut coating line. What is the complete peanut roasting process? The peanut roasting line includes a raw material [&hellip;]<\/p>\n","protected":false},"author":1,"featured_media":33,"parent":0,"template":"","tags":[56,36],"product-type":[3],"class_list":["post-31","product","type-product","status-publish","has-post-thumbnail","hentry","tag-nut","tag-peanut","product-type-peanut-processing-lines"],"_links":{"self":[{"href":"https:\/\/www.peanuts-machine.com\/de\/wp-json\/wp\/v2\/product\/31","targetHints":{"allow":["GET"]}}],"collection":[{"href":"https:\/\/www.peanuts-machine.com\/de\/wp-json\/wp\/v2\/product"}],"about":[{"href":"https:\/\/www.peanuts-machine.com\/de\/wp-json\/wp\/v2\/types\/product"}],"author":[{"embeddable":true,"href":"https:\/\/www.peanuts-machine.com\/de\/wp-json\/wp\/v2\/users\/1"}],"wp:featuredmedia":[{"embeddable":true,"href":"https:\/\/www.peanuts-machine.com\/de\/wp-json\/wp\/v2\/media\/33"}],"wp:attachment":[{"href":"https:\/\/www.peanuts-machine.com\/de\/wp-json\/wp\/v2\/media?parent=31"}],"wp:term":[{"taxonomy":"post_tag","embeddable":true,"href":"https:\/\/www.peanuts-machine.com\/de\/wp-json\/wp\/v2\/tags?post=31"},{"taxonomy":"product-type","embeddable":true,"href":"https:\/\/www.peanuts-machine.com\/de\/wp-json\/wp\/v2\/product-type?post=31"}],"curies":[{"name":"wp","href":"https:\/\/api.w.org\/{rel}","templated":true}]}}