{"id":310,"date":"2023-01-14T15:51:13","date_gmt":"2023-01-14T07:51:13","guid":{"rendered":"https:\/\/www.peanuts-machine.com\/?post_type=product&#038;p=310"},"modified":"2026-01-15T17:47:54","modified_gmt":"2026-01-15T09:47:54","slug":"wet-groundnut-peeling-machine","status":"publish","type":"product","link":"https:\/\/www.peanuts-machine.com\/de\/product\/wet-groundnut-peeling-machine\/","title":{"rendered":"Nasse Erdnusssch\u00e4lmaschine | Erdnussschalenentferner"},"content":{"rendered":"<div class=\"kk-star-ratings kksr-auto kksr-align-left kksr-valign-top\"     data-payload='{&quot;align&quot;:&quot;left&quot;,&quot;id&quot;:&quot;310&quot;,&quot;slug&quot;:&quot;default&quot;,&quot;valign&quot;:&quot;top&quot;,&quot;ignore&quot;:&quot;&quot;,&quot;reference&quot;:&quot;auto&quot;,&quot;class&quot;:&quot;&quot;,&quot;count&quot;:&quot;10&quot;,&quot;legendonly&quot;:&quot;&quot;,&quot;readonly&quot;:&quot;&quot;,&quot;score&quot;:&quot;4.6&quot;,&quot;starsonly&quot;:&quot;&quot;,&quot;best&quot;:&quot;5&quot;,&quot;gap&quot;:&quot;5&quot;,&quot;greet&quot;:&quot;Rate this product&quot;,&quot;legend&quot;:&quot;4.6\\\/5 - (10 votes)&quot;,&quot;size&quot;:&quot;24&quot;,&quot;title&quot;:&quot;Wet Groundnut Peeling Machine | Peanut Skin Remover&quot;,&quot;width&quot;:&quot;130.9&quot;,&quot;_legend&quot;:&quot;{score}\\\/{best} - ({count} {votes})&quot;,&quot;font_factor&quot;:&quot;1.25&quot;}'>              <div class=\"kksr-stars\">      <div class=\"kksr-stars-inactive\">             <div class=\"kksr-star\" data-star=\"1\" style=\"padding-right: 5px\">               <div class=\"kksr-icon\" style=\"width: 24px; height: 24px;\"><\/div>         <\/div>             <div class=\"kksr-star\" data-star=\"2\" style=\"padding-right: 5px\">               <div class=\"kksr-icon\" style=\"width: 24px; height: 24px;\"><\/div>         <\/div>             <div class=\"kksr-star\" data-star=\"3\" style=\"padding-right: 5px\">               <div class=\"kksr-icon\" style=\"width: 24px; height: 24px;\"><\/div>         <\/div>             <div class=\"kksr-star\" data-star=\"4\" style=\"padding-right: 5px\">               <div class=\"kksr-icon\" style=\"width: 24px; height: 24px;\"><\/div>         <\/div>             <div class=\"kksr-star\" data-star=\"5\" style=\"padding-right: 5px\">               <div class=\"kksr-icon\" style=\"width: 24px; height: 24px;\"><\/div>         <\/div>     <\/div>      <div class=\"kksr-stars-active\" style=\"width: 130.9px;\">             <div class=\"kksr-star\" style=\"padding-right: 5px\">               <div class=\"kksr-icon\" style=\"width: 24px; height: 24px;\"><\/div>         <\/div>             <div class=\"kksr-star\" style=\"padding-right: 5px\">               <div class=\"kksr-icon\" style=\"width: 24px; height: 24px;\"><\/div>         <\/div>             <div class=\"kksr-star\" style=\"padding-right: 5px\">               <div class=\"kksr-icon\" style=\"width: 24px; height: 24px;\"><\/div>         <\/div>             <div class=\"kksr-star\" style=\"padding-right: 5px\">               <div class=\"kksr-icon\" style=\"width: 24px; height: 24px;\"><\/div>         <\/div>             <div class=\"kksr-star\" style=\"padding-right: 5px\">               <div class=\"kksr-icon\" style=\"width: 24px; height: 24px;\"><\/div>         <\/div>     <\/div> <\/div>                   <div class=\"kksr-legend\" style=\"font-size: 19.2px;\">             4,6\/5 - (10 Bewertungen)    <\/div>     <\/div>  <p>Die nasse Erdnuss-Sch\u00e4lmaschine verwendet hochwertige weiche Gummir\u00e4der, um die rote Schale der Erdn\u00fcsse effizient durch physikalische Reibung zu entfernen. Der Sch\u00e4lprozess ist sanft und besch\u00e4digt nicht die N\u00e4hrstoffstruktur und die Farbe der Erdn\u00fcsse selbst. Die fertige Erdnuss nach dem Sch\u00e4len ist wei\u00df, unversehrt und ohne Verf\u00e4rbung, was den Mehrwert des Produkts erheblich steigert. <\/p>    <p>Es ist nicht nur f\u00fcr Erdn\u00fcsse geeignet, sondern kann auch Mandeln, Ackerbohnen, Sojabohnen, Mungobohnen, Kichererbsen, gr\u00fcne Bohnen und Favabohnen sch\u00e4len usw. Es ist die Schl\u00fcsselmaschine in der Tiefenverarbeitungsproduktionslinie f\u00fcr Erdnuss\u00f6l, Erdnussmilch, ger\u00f6stete Erdn\u00fcsse, w\u00fcrzige Erdn\u00fcsse, Mandeldrinks usw. <\/p>    <figure class=\"wp-block-embed aligncenter is-type-video is-provider-youtube wp-block-embed-youtube wp-embed-aspect-16-9 wp-has-aspect-ratio\"><div class=\"wp-block-embed__wrapper\"> <iframe loading=\"lazy\" title=\"Effiziente Erdnuss-Nasssch\u00e4lmaschine \u2013 perfekte Hautentfernung#Erdnuss #Erdnuss #Peeling #Sch\u00e4ler\" width=\"500\" height=\"281\" src=\"https:\/\/www.youtube.com\/embed\/ZWbRkVyX7do?feature=oembed\" frameborder=\"0\" allow=\"accelerometer; autoplay; clipboard-write; encrypted-media; gyroscope; picture-in-picture; web-share\" referrerpolicy=\"strict-origin-when-cross-origin\" allowfullscreen><\/iframe> <\/div><figcaption class=\"wp-element-caption\">Video zur Funktionsweise einer nassen Erdnusssch\u00e4lmaschine<\/figcaption><\/figure>    <p class=\"translation-block\">Im Gegensatz zur traditionellen <a href=\"https:\/\/www.peanuts-machine.com\/de\/product\/peanut-peeling-machine\/\"><strong><em>Trockenmethode-Erdnu\u00dfsch\u00e4lmaschine<\/em><\/strong><\/a> eignet sich diese Maschine f\u00fcr eingeweichte Rohmaterialien und kann als eigenst\u00e4ndige Maschine oder als Teil einer Produktionslinie betrieben werden, um diversifizierte Produktionsanforderungen zu erf\u00fcllen.<\/p>    <h2 class=\"wp-block-heading\">Vorteile der Erdnuss-Nasssch\u00e4lmaschine<\/h2>    <ul class=\"wp-block-list\"> <li>Saubere Sch\u00e4lung: Die Sch\u00e4lrate betr\u00e4gt bis zu 98 %, schnell und sauber, die Erdn\u00fcsse sind ganz und sch\u00f6n.<\/li>    <li>Einfache Bedienung: Einfach die eingeweichten Erdn\u00fcsse hineingie\u00dfen, die Maschine kann die Sch\u00e4lung automatisch durchf\u00fchren.<\/li>    <li>Sicher und hygienisch: Die gesamte Maschine besteht aus Edelstahl, robust und langlebig, leicht zu reinigen, entspricht den Anforderungen an die Lebensmittelsicherheit.<\/li>    <li>Breites Anwendungsspektrum: Nicht nur Erdn\u00fcsse, sondern auch Mandeln, Sojabohnen, dicke Bohnen, Knoblauchreis usw., eine Vielzahl von Zutaten sind anwendbar.<\/li>    <li>Automatische Trennung der Resthaut: Die Haut wird automatisch von den Erdn\u00fcssen getrennt, saubere Erdn\u00fcsse ohne gemischte Haut, einfach f\u00fcr die nachfolgende Verarbeitung.<\/li>    <li>Unterst\u00fctzung von Anpassungen: Sie k\u00f6nnen die Maschine nach Kundenwunsch f\u00fcr Ihren eigenen Gebrauch anpassen.<\/li>    <li>Verschiedene Modelle verf\u00fcgbar: Es gibt Modelle mit unterschiedlichen Ausgaben, geeignet f\u00fcr Familienwerkst\u00e4tten, kleine Fabriken und Gro\u00dfproduktion.<\/li> <\/ul>    <figure class=\"wp-block-gallery has-nested-images columns-default is-cropped wp-block-gallery-2 is-layout-flex wp-block-gallery-is-layout-flex\"> <figure class=\"wp-block-image size-large\"><img loading=\"lazy\" decoding=\"async\" width=\"720\" height=\"540\" data-id=\"315\" src=\"https:\/\/www.peanuts-machine.com\/wp-content\/uploads\/2023\/01\/wet-type-groundnut-peeling-machine.webp\" alt=\"Nass-Erdnusssch\u00e4lmaschine\" class=\"wp-image-315\" title=\"\" srcset=\"https:\/\/www.peanuts-machine.com\/wp-content\/uploads\/2023\/01\/wet-type-groundnut-peeling-machine.webp 720w, https:\/\/www.peanuts-machine.com\/wp-content\/uploads\/2023\/01\/wet-type-groundnut-peeling-machine-300x225.webp 300w\" sizes=\"auto, (max-width: 720px) 100vw, 720px\" \/><figcaption class=\"wp-element-caption\">Nass-Erdnusssch\u00e4lmaschine<\/figcaption><\/figure>    <figure class=\"wp-block-image size-large\"><img loading=\"lazy\" decoding=\"async\" width=\"720\" height=\"540\" data-id=\"316\" src=\"https:\/\/www.peanuts-machine.com\/wp-content\/uploads\/2023\/01\/widely-application.webp\" alt=\"breite Anwendung\" class=\"wp-image-316\" title=\"\" srcset=\"https:\/\/www.peanuts-machine.com\/wp-content\/uploads\/2023\/01\/widely-application.webp 720w, https:\/\/www.peanuts-machine.com\/wp-content\/uploads\/2023\/01\/widely-application-300x225.webp 300w\" sizes=\"auto, (max-width: 720px) 100vw, 720px\" \/><figcaption class=\"wp-element-caption\">breite Anwendung<\/figcaption><\/figure> <\/figure>    <h2 class=\"wp-block-heading\">Wie funktioniert eine nasse Erdnuss-Sch\u00e4lmaschine?<\/h2>    <p>Die nasse Erdnuss-Sch\u00e4lmaschine funktioniert nach dem Prinzip des Sch\u00e4lens durch die Reibung von Gummir\u00e4dern, wodurch sie die Haut der Erdn\u00fcsse sanft entfernt, \u00e4hnlich wie es menschliche H\u00e4nde tun w\u00fcrden.<\/p>    <ul class=\"wp-block-list\"> <li>Um die Maschine zu benutzen, weichen Sie die Erdn\u00fcsse einfach f\u00fcr einige Momente ein und gie\u00dfen Sie sie dann in den Trichter. Die Richtungsstangen und Futterr\u00e4der auf beiden Seiten f\u00fchren die Erdn\u00fcsse in die rotierenden Gummir\u00e4der, die von drei starken Dr\u00fcckern gesichert werden. (Nach dem Einweichen in hei\u00dfem Wasser ist es wichtig, warmes Wasser in die Schale zu bringen, um zu verhindern, dass die Erdn\u00fcsse austrocknen oder abk\u00fchlen.) <\/li>    <li>Sobald die Klinge die \u00e4u\u00dfere rote Schale durchschneidet, wird der Erdnusskern abgesch\u00e4lt und das Gummirad schiebt den gesch\u00e4lten Kern in den Trichter und trennt ihn von der roten Schale. <\/li> <\/ul>   <div class=\"wp-block-image\"> <figure class=\"aligncenter size-full\"><img loading=\"lazy\" decoding=\"async\" width=\"720\" height=\"540\" src=\"https:\/\/www.peanuts-machine.com\/wp-content\/uploads\/2023\/01\/structure-details-of-peanut-peeler-machine.webp\" alt=\"Strukturdetails der Erdnusssch\u00e4lmaschine\" class=\"wp-image-314\" title=\"\" srcset=\"https:\/\/www.peanuts-machine.com\/wp-content\/uploads\/2023\/01\/structure-details-of-peanut-peeler-machine.webp 720w, https:\/\/www.peanuts-machine.com\/wp-content\/uploads\/2023\/01\/structure-details-of-peanut-peeler-machine-300x225.webp 300w\" sizes=\"auto, (max-width: 720px) 100vw, 720px\" \/><figcaption class=\"wp-element-caption\">Strukturdetails der Erdnusssch\u00e4lmaschine<\/figcaption><\/figure> <\/div>   <p>Vor dem Sch\u00e4len sollten Reis und Bohnen 3\u20135 Minuten in hei\u00dfem Wasser mit einer Temperatur von 97\u201398 Grad eingeweicht werden. Der Einweichvorgang und die Einweichdauer sind entscheidend f\u00fcr das effektive Sch\u00e4len nasser Erdn\u00fcsse. <\/p>    <p>Die Erfahrung hat gezeigt, dass das Einweichen in kaltem Wasser f\u00fcr die ersten 30 Minuten und anschlie\u00dfend 0,5\u20131 Minute in hei\u00dfem Wasser dazu f\u00fchrt, dass die Erdn\u00fcsse innen kalt und au\u00dfen hei\u00df sind und ausreichend Feuchtigkeit spenden. Dadurch dehnt sich die Au\u00dfenhaut durch das hei\u00dfe Wasser aus, was den Sch\u00e4lvorgang deutlich erleichtert!<\/p>    <figure class=\"wp-block-gallery has-nested-images columns-default is-cropped wp-block-gallery-3 is-layout-flex wp-block-gallery-is-layout-flex\"> <figure class=\"wp-block-image size-large\"><img loading=\"lazy\" decoding=\"async\" width=\"720\" height=\"540\" data-id=\"1036\" src=\"https:\/\/www.peanuts-machine.com\/wp-content\/uploads\/2023\/01\/wet-peanut-peeling-machine-1.webp\" alt=\"Nasse Erdnusssch\u00e4lmaschine\" class=\"wp-image-1036\" title=\"\" srcset=\"https:\/\/www.peanuts-machine.com\/wp-content\/uploads\/2023\/01\/wet-peanut-peeling-machine-1.webp 720w, https:\/\/www.peanuts-machine.com\/wp-content\/uploads\/2023\/01\/wet-peanut-peeling-machine-1-300x225.webp 300w, https:\/\/www.peanuts-machine.com\/wp-content\/uploads\/2023\/01\/wet-peanut-peeling-machine-1-16x12.webp 16w\" sizes=\"auto, (max-width: 720px) 100vw, 720px\" \/><figcaption class=\"wp-element-caption\">Nasse Erdnusssch\u00e4lmaschine<\/figcaption><\/figure>    <figure class=\"wp-block-image size-large\"><img loading=\"lazy\" decoding=\"async\" width=\"720\" height=\"540\" data-id=\"1037\" src=\"https:\/\/www.peanuts-machine.com\/wp-content\/uploads\/2023\/01\/wet-peanut-skin-remover.webp\" alt=\"feuchte Erdnussschalen-Entferner\" class=\"wp-image-1037\" title=\"\" srcset=\"https:\/\/www.peanuts-machine.com\/wp-content\/uploads\/2023\/01\/wet-peanut-skin-remover.webp 720w, https:\/\/www.peanuts-machine.com\/wp-content\/uploads\/2023\/01\/wet-peanut-skin-remover-300x225.webp 300w, https:\/\/www.peanuts-machine.com\/wp-content\/uploads\/2023\/01\/wet-peanut-skin-remover-16x12.webp 16w\" sizes=\"auto, (max-width: 720px) 100vw, 720px\" \/><figcaption class=\"wp-element-caption\">feuchte Erdnussschalen-Entferner<\/figcaption><\/figure> <\/figure>    <h2 class=\"wp-block-heading\">Parameter der Erdnussschalensch\u00e4lmaschine<\/h2>    <figure class=\"wp-block-table is-style-stripes\"><table><tbody><tr><td>Modell<\/td><td>TZ-1<\/td><td>TZ-2<\/td><td>TZ-3<\/td><td>TZ-4<\/td><\/tr><tr><td>Kapazit\u00e4t (kg\/h)<\/td><td>200-300<\/td><td>400-500<\/td><td>600-800<\/td><td>800-1000<\/td><\/tr><tr><td>Motorleistung (kw)<\/td><td>0.55<\/td><td>0.55*2<\/td><td>0.55 *3<\/td><td>0.55 *4<\/td><\/tr><tr><td>L\u00fcfterleistung (kW)<\/td><td>0.37<\/td><td>0.37<\/td><td>0.37<\/td><td>0.37<\/td><\/tr><tr><td>Spannung (v)<\/td><td>380\/220<\/td><td>380\/220<\/td><td>380\/220<\/td><td>380\/220<\/td><\/tr><tr><td>Frequenz\u00a0(Hz)<\/td><td>50<\/td><td>50<\/td><td>50<\/td><td>50<\/td><\/tr><tr><td>Sch\u00e4lrate<\/td><td>\u226598%<\/td><td>\u226598%<\/td><td>\u226598%<\/td><td>\u226598%<\/td><\/tr><tr><td>Gr\u00f6\u00dfe (mm)<\/td><td>1100*400*1100<\/td><td>1100*700*1100<\/td><td>1100*1000*1100<\/td><td>1100*1400*1100<\/td><\/tr><\/tbody><\/table><figcaption class=\"wp-element-caption\">Technische Daten der nassen Erdnusssch\u00e4lmaschine<\/figcaption><\/figure>    <p>Hier sind die spezifischen Parameter f\u00fcr vier verschiedene Nass-Erdnusssch\u00e4lmaschinen. Die Aussto\u00dfkapazit\u00e4ten der Maschinen betragen 200\u2013300 kg\/h, 400\u2013500 kg\/h, 600\u2013800 kg\/h und 800\u20131000 kg\/h. <\/p>    <p>Die Motorleistung dieser Maschinen betr\u00e4gt 0,55 kW, 1,1 kW, 1,65 kW bzw. 2,2 kW. Weitere Einzelheiten finden Sie in unserer Parametertabelle. W\u00e4hlen Sie die Maschine, die Ihren Anforderungen am besten entspricht.<\/p>    <figure class=\"wp-block-gallery has-nested-images columns-default is-cropped wp-block-gallery-4 is-layout-flex wp-block-gallery-is-layout-flex\"> <figure class=\"wp-block-image size-large\"><img loading=\"lazy\" decoding=\"async\" width=\"540\" height=\"720\" data-id=\"1038\" src=\"https:\/\/www.peanuts-machine.com\/wp-content\/uploads\/2023\/01\/peanut-red-skin-peeling-machine-for-sale-1.webp\" alt=\"Erdnussrote Hautsch\u00e4lmaschine zu verkaufen\" class=\"wp-image-1038\" title=\"\" srcset=\"https:\/\/www.peanuts-machine.com\/wp-content\/uploads\/2023\/01\/peanut-red-skin-peeling-machine-for-sale-1.webp 540w, https:\/\/www.peanuts-machine.com\/wp-content\/uploads\/2023\/01\/peanut-red-skin-peeling-machine-for-sale-1-225x300.webp 225w, https:\/\/www.peanuts-machine.com\/wp-content\/uploads\/2023\/01\/peanut-red-skin-peeling-machine-for-sale-1-9x12.webp 9w\" sizes=\"auto, (max-width: 540px) 100vw, 540px\" \/><figcaption class=\"wp-element-caption\">Erdnussrote Hautsch\u00e4lmaschine zu verkaufen<\/figcaption><\/figure>    <figure class=\"wp-block-image size-large\"><img loading=\"lazy\" decoding=\"async\" width=\"540\" height=\"720\" data-id=\"1039\" src=\"https:\/\/www.peanuts-machine.com\/wp-content\/uploads\/2023\/01\/stainless-steel-wet-groundnut-peeling-machine.webp\" alt=\"Edelstahl Nass-Erdnuss-Sch\u00e4lmaschine\" class=\"wp-image-1039\" title=\"\" srcset=\"https:\/\/www.peanuts-machine.com\/wp-content\/uploads\/2023\/01\/stainless-steel-wet-groundnut-peeling-machine.webp 540w, https:\/\/www.peanuts-machine.com\/wp-content\/uploads\/2023\/01\/stainless-steel-wet-groundnut-peeling-machine-225x300.webp 225w, https:\/\/www.peanuts-machine.com\/wp-content\/uploads\/2023\/01\/stainless-steel-wet-groundnut-peeling-machine-9x12.webp 9w\" sizes=\"auto, (max-width: 540px) 100vw, 540px\" \/><figcaption class=\"wp-element-caption\">Edelstahl Nass-Erdnuss-Sch\u00e4lmaschine<\/figcaption><\/figure> <\/figure>    <figure class=\"wp-block-gallery has-nested-images columns-default is-cropped wp-block-gallery-5 is-layout-flex wp-block-gallery-is-layout-flex\"> <figure class=\"wp-block-image size-large\"><img loading=\"lazy\" decoding=\"async\" width=\"720\" height=\"540\" data-id=\"616\" src=\"https:\/\/www.peanuts-machine.com\/wp-content\/uploads\/2023\/01\/peanut-processing-equipment.webp\" alt=\"Erdnussverarbeitungsausr\u00fcstung\" class=\"wp-image-616\" title=\"\" srcset=\"https:\/\/www.peanuts-machine.com\/wp-content\/uploads\/2023\/01\/peanut-processing-equipment.webp 720w, https:\/\/www.peanuts-machine.com\/wp-content\/uploads\/2023\/01\/peanut-processing-equipment-300x225.webp 300w, https:\/\/www.peanuts-machine.com\/wp-content\/uploads\/2023\/01\/peanut-processing-equipment-16x12.webp 16w\" sizes=\"auto, (max-width: 720px) 100vw, 720px\" \/><figcaption class=\"wp-element-caption\">Erdnussverarbeitungsausr\u00fcstung<\/figcaption><\/figure>    <figure class=\"wp-block-image size-large\"><img loading=\"lazy\" decoding=\"async\" width=\"720\" height=\"540\" data-id=\"617\" src=\"https:\/\/www.peanuts-machine.com\/wp-content\/uploads\/2023\/01\/peanut-skin-remover.webp\" alt=\"Erdnusshautentferner\" class=\"wp-image-617\" title=\"\" srcset=\"https:\/\/www.peanuts-machine.com\/wp-content\/uploads\/2023\/01\/peanut-skin-remover.webp 720w, https:\/\/www.peanuts-machine.com\/wp-content\/uploads\/2023\/01\/peanut-skin-remover-300x225.webp 300w, https:\/\/www.peanuts-machine.com\/wp-content\/uploads\/2023\/01\/peanut-skin-remover-16x12.webp 16w\" sizes=\"auto, (max-width: 720px) 100vw, 720px\" \/><figcaption class=\"wp-element-caption\">Erdnusshautentferner<\/figcaption><\/figure> <\/figure>    <h2 class=\"wp-block-heading\">Preis f\u00fcr Nass-Erdnussschalen-Entfernungsmaschine<\/h2>    <p>Der Preis einer Erdnusssch\u00e4lmaschine kann aufgrund mehrerer Faktoren erheblich variieren. <\/p>    <ul class=\"wp-block-list\"> <li>Erstens sind Maschinen mit h\u00f6herer Leistung in der Regel teurer als Maschinen mit geringerer Leistung. <\/li>    <li>Dar\u00fcber hinaus spielt die Qualit\u00e4t der Maschine eine entscheidende Rolle; Hochwertige Maschinen sind im Allgemeinen teurer als ihre minderwertigen Gegenst\u00fccke. <\/li>    <li>Einige Hersteller entscheiden sich m\u00f6glicherweise f\u00fcr Materialien, die nicht f\u00fcr Lebensmittel geeignet sind, in ihren Erdnussschalen-Sch\u00e4lmaschinen, um die Kosten zu senken. <\/li>    <li>Schlie\u00dflich sind die Versandkosten ein weiterer wichtiger Aspekt. <\/li> <\/ul>    <p>Wenn Sie an dem Preis einer Erdnuss-Sch\u00e4lmaschine vom nassen Typ interessiert sind, kontaktieren Sie uns bitte mit Ihren Anforderungen und Ihrem Standort, und wir werden uns umgehend bei Ihnen melden.<\/p>   <div class=\"wp-block-image\"> <figure class=\"aligncenter size-full\"><img loading=\"lazy\" decoding=\"async\" width=\"720\" height=\"540\" src=\"https:\/\/www.peanuts-machine.com\/wp-content\/uploads\/2023\/01\/peanut-peeling-machine-shipped-to-kenya.webp\" alt=\"Erdnusssch\u00e4lmaschine nach Kenia geliefert\" class=\"wp-image-311\" title=\"\" srcset=\"https:\/\/www.peanuts-machine.com\/wp-content\/uploads\/2023\/01\/peanut-peeling-machine-shipped-to-kenya.webp 720w, https:\/\/www.peanuts-machine.com\/wp-content\/uploads\/2023\/01\/peanut-peeling-machine-shipped-to-kenya-300x225.webp 300w\" sizes=\"auto, (max-width: 720px) 100vw, 720px\" \/><figcaption class=\"wp-element-caption\">Erdnusssch\u00e4lmaschine nach Kenia geliefert<\/figcaption><\/figure> <\/div>   <h2 class=\"wp-block-heading\">Wo kann man eine Erdnusssch\u00e4lmaschine kaufen?<\/h2>    <ul class=\"wp-block-list\"> <li>Sie k\u00f6nnen vor Ort eine Erdnusssch\u00e4lmaschine finden, die dabei hilft, die Versandkosten zu senken und die Wartung zu erleichtern.<\/li>    <li>Wenn Sie Freunde kennen, die Erfahrung mit dieser Art des Kaufs haben, sollten Sie dar\u00fcber nachdenken, die Maschine \u00fcber sie zu kaufen.<\/li>    <li>Beim Online-Einkauf k\u00f6nnen Sie dank der Fortschritte in der globalen Logistik eine hochwertige Nass-Erdnusssch\u00e4lmaschine aus anderen L\u00e4ndern bestellen, was Ihnen mehr Optionen bietet. Als professioneller Hersteller von nassen Erdnusssch\u00e4lmaschinen bieten wir unseren Kunden eine Vielzahl von Modellen zur Auswahl, um eine garantierte Qualit\u00e4t zu gew\u00e4hrleisten.<\/li> <\/ul>   <div class=\"wp-block-image\"> <figure class=\"aligncenter size-full\"><img loading=\"lazy\" decoding=\"async\" width=\"720\" height=\"540\" src=\"https:\/\/www.peanuts-machine.com\/wp-content\/uploads\/2023\/01\/machine-certifications.webp\" alt=\"Maschinenzertifizierungen\" class=\"wp-image-618\" title=\"\" srcset=\"https:\/\/www.peanuts-machine.com\/wp-content\/uploads\/2023\/01\/machine-certifications.webp 720w, https:\/\/www.peanuts-machine.com\/wp-content\/uploads\/2023\/01\/machine-certifications-300x225.webp 300w, https:\/\/www.peanuts-machine.com\/wp-content\/uploads\/2023\/01\/machine-certifications-16x12.webp 16w\" sizes=\"auto, (max-width: 720px) 100vw, 720px\" \/><figcaption class=\"wp-element-caption\">Maschinenzertifizierungen<\/figcaption><\/figure> <\/div>   <p>Vielen Dank f\u00fcr Ihren Besuch auf unserer Website! Wenn Sie sich f\u00fcr die Erdnussverarbeitungsindustrie interessieren und Fragen haben, senden Sie bitte das Formular rechts ab. Wir werden Ihre Nachricht innerhalb von 24 Stunden beantworten.<\/p>","protected":false},"excerpt":{"rendered":"<p>Die Nasssch\u00e4lmaschine f\u00fcr Erdn\u00fcsse verwendet weiche Gummir\u00e4der, um die rote Haut effektiv von Erdn\u00fcssen zu entfernen. Es ist die perfekte Ausr\u00fcstung f\u00fcr frittierte Erdn\u00fcsse, Erdnussmilch, Pfefferk\u00f6rner, Erdnusskuchen und Erdnuss\u00f6l. <\/p>","protected":false},"author":1,"featured_media":313,"parent":0,"template":"","tags":[37,36],"product-type":[49,46],"class_list":["post-310","product","type-product","status-publish","has-post-thumbnail","hentry","tag-groundnut","tag-peanut","product-type-peanut-peeling-machine","product-type-products"],"_links":{"self":[{"href":"https:\/\/www.peanuts-machine.com\/de\/wp-json\/wp\/v2\/product\/310","targetHints":{"allow":["GET"]}}],"collection":[{"href":"https:\/\/www.peanuts-machine.com\/de\/wp-json\/wp\/v2\/product"}],"about":[{"href":"https:\/\/www.peanuts-machine.com\/de\/wp-json\/wp\/v2\/types\/product"}],"author":[{"embeddable":true,"href":"https:\/\/www.peanuts-machine.com\/de\/wp-json\/wp\/v2\/users\/1"}],"wp:featuredmedia":[{"embeddable":true,"href":"https:\/\/www.peanuts-machine.com\/de\/wp-json\/wp\/v2\/media\/313"}],"wp:attachment":[{"href":"https:\/\/www.peanuts-machine.com\/de\/wp-json\/wp\/v2\/media?parent=310"}],"wp:term":[{"taxonomy":"post_tag","embeddable":true,"href":"https:\/\/www.peanuts-machine.com\/de\/wp-json\/wp\/v2\/tags?post=310"},{"taxonomy":"product-type","embeddable":true,"href":"https:\/\/www.peanuts-machine.com\/de\/wp-json\/wp\/v2\/product-type?post=310"}],"curies":[{"name":"wp","href":"https:\/\/api.w.org\/{rel}","templated":true}]}}