{"id":330,"date":"2023-02-15T18:07:40","date_gmt":"2023-02-15T10:07:40","guid":{"rendered":"https:\/\/www.peanuts-machine.com\/?post_type=product&#038;p=330"},"modified":"2026-01-14T16:04:17","modified_gmt":"2026-01-14T08:04:17","slug":"swing-oven-roaster-for-coated-peanut","status":"publish","type":"product","link":"https:\/\/www.peanuts-machine.com\/de\/product\/swing-oven-roaster-for-coated-peanut\/","title":{"rendered":"Gewerblicher Schwenkofen | R\u00f6stmaschine f\u00fcr beschichtete Erdn\u00fcsse"},"content":{"rendered":"<div class=\"kk-star-ratings kksr-auto kksr-align-left kksr-valign-top\"     data-payload='{&quot;align&quot;:&quot;left&quot;,&quot;id&quot;:&quot;330&quot;,&quot;slug&quot;:&quot;default&quot;,&quot;valign&quot;:&quot;top&quot;,&quot;ignore&quot;:&quot;&quot;,&quot;reference&quot;:&quot;auto&quot;,&quot;class&quot;:&quot;&quot;,&quot;count&quot;:&quot;6&quot;,&quot;legendonly&quot;:&quot;&quot;,&quot;readonly&quot;:&quot;&quot;,&quot;score&quot;:&quot;4.7&quot;,&quot;starsonly&quot;:&quot;&quot;,&quot;best&quot;:&quot;5&quot;,&quot;gap&quot;:&quot;5&quot;,&quot;greet&quot;:&quot;Rate this product&quot;,&quot;legend&quot;:&quot;4.7\\\/5 - (6 votes)&quot;,&quot;size&quot;:&quot;24&quot;,&quot;title&quot;:&quot;Commercial Swing Oven | Roaster for Coated Peanut Nuts&quot;,&quot;width&quot;:&quot;133.8&quot;,&quot;_legend&quot;:&quot;{score}\\\/{best} - ({count} {votes})&quot;,&quot;font_factor&quot;:&quot;1.25&quot;}'>              <div class=\"kksr-stars\">      <div class=\"kksr-stars-inactive\">             <div class=\"kksr-star\" data-star=\"1\" style=\"padding-right: 5px\">               <div class=\"kksr-icon\" style=\"width: 24px; height: 24px;\"><\/div>         <\/div>             <div class=\"kksr-star\" data-star=\"2\" style=\"padding-right: 5px\">               <div class=\"kksr-icon\" style=\"width: 24px; height: 24px;\"><\/div>         <\/div>             <div class=\"kksr-star\" data-star=\"3\" style=\"padding-right: 5px\">               <div class=\"kksr-icon\" style=\"width: 24px; height: 24px;\"><\/div>         <\/div>             <div class=\"kksr-star\" data-star=\"4\" style=\"padding-right: 5px\">               <div class=\"kksr-icon\" style=\"width: 24px; height: 24px;\"><\/div>         <\/div>             <div class=\"kksr-star\" data-star=\"5\" style=\"padding-right: 5px\">               <div class=\"kksr-icon\" style=\"width: 24px; height: 24px;\"><\/div>         <\/div>     <\/div>      <div class=\"kksr-stars-active\" style=\"width: 133.8px;\">             <div class=\"kksr-star\" style=\"padding-right: 5px\">               <div class=\"kksr-icon\" style=\"width: 24px; height: 24px;\"><\/div>         <\/div>             <div class=\"kksr-star\" style=\"padding-right: 5px\">               <div class=\"kksr-icon\" style=\"width: 24px; height: 24px;\"><\/div>         <\/div>             <div class=\"kksr-star\" style=\"padding-right: 5px\">               <div class=\"kksr-icon\" style=\"width: 24px; height: 24px;\"><\/div>         <\/div>             <div class=\"kksr-star\" style=\"padding-right: 5px\">               <div class=\"kksr-icon\" style=\"width: 24px; height: 24px;\"><\/div>         <\/div>             <div class=\"kksr-star\" style=\"padding-right: 5px\">               <div class=\"kksr-icon\" style=\"width: 24px; height: 24px;\"><\/div>         <\/div>     <\/div> <\/div>                   <div class=\"kksr-legend\" style=\"font-size: 19.2px;\">             4,7\/5 - (6 Bewertungen)    <\/div>     <\/div>  <p>Der Erdnuss-Swing-Ofen kann panierte Erdn\u00fcsse, Cashewn\u00fcsse, Mandeln, Bohnen und verschiedene N\u00fcsse r\u00f6sten. Daher ist dies ein idealer kommerzieller Nussr\u00f6ster.<\/p>    <p class=\"translation-block\">Dar\u00fcber hinaus ist es auch eine notwendige Maschine in der <a href=\"https:\/\/www.peanuts-machine.com\/de\/product\/coated-peanut-production-line\/\">Produktionslinie f\u00fcr beschichtete Erdn\u00fcsse<\/a>. Die Maschine verwendet Elektroheizung, Kohleheizung oder Gasheizung. Kunden k\u00f6nnen je nach eigenem Bedarf w\u00e4hlen.<\/p>   <div class=\"wp-block-image\"> <figure class=\"aligncenter size-full\"><img loading=\"lazy\" decoding=\"async\" width=\"720\" height=\"540\" src=\"https:\/\/www.peanuts-machine.com\/wp-content\/uploads\/2023\/02\/automatic-coated-peanut-roasting-machine_\u7ed3\u679c.webp\" alt=\"Automatische R\u00f6stmaschine f\u00fcr beschichtete Erdn\u00fcsse\" class=\"wp-image-331\" title=\"\" srcset=\"https:\/\/www.peanuts-machine.com\/wp-content\/uploads\/2023\/02\/automatic-coated-peanut-roasting-machine_\u7ed3\u679c.webp 720w, https:\/\/www.peanuts-machine.com\/wp-content\/uploads\/2023\/02\/automatic-coated-peanut-roasting-machine_\u7ed3\u679c-300x225.webp 300w\" sizes=\"auto, (max-width: 720px) 100vw, 720px\" \/><figcaption class=\"wp-element-caption\">Automatische R\u00f6stmaschine f\u00fcr beschichtete Erdn\u00fcsse<\/figcaption><\/figure> <\/div>   <h2 class=\"wp-block-heading\">Wie funktioniert der Erdnuss-Schwingofen?<\/h2>    <p class=\"translation-block\">Der Erdnuss-Schwenkofen verwendet Elektroheizung, Gasheizung, Kohleheizung oder Gasheizung. Dann wird die Temperatur des Trockenraums durch das Leitungsprinzip der <a href=\"https:\/\/en.wikipedia.org\/wiki\/Thermal_radiation\" target=\"_blank\" rel=\"noopener\">W\u00e4rmestrahlung<\/a> erh\u00f6ht. Dann wird die W\u00e4rmeenergie mittels Hei\u00dfluft als Trockenmedium auf die beschichteten Erdn\u00fcsse \u00fcbertragen.<br>W\u00e4hrend die <a href=\"https:\/\/www.peanuts-machine.com\/de\/product\/peanut-roasting-machine\/\">Erdnuss-R\u00f6stmaschine<\/a> arbeitet, schwingt die mit Materialien gef\u00fcllte Edelstahlwanne unter der Wirkung der verstellbaren Exzenter-Nockenwelle. Mehrere konische Mischvorrichtungen, die in der Wanne installiert sind, r\u00fchren und rollen das Material kontinuierlich, sodass das Material gleichm\u00e4\u00dfig erhitzt wird. Dies gew\u00e4hrleistet effektiv die R\u00f6stqualit\u00e4t der Materialien.<\/p>   <div class=\"wp-block-image\"> <figure class=\"aligncenter size-full\"><img loading=\"lazy\" decoding=\"async\" width=\"720\" height=\"540\" src=\"https:\/\/www.peanuts-machine.com\/wp-content\/uploads\/2023\/02\/machine-details.webp\" alt=\"Maschinendetails\" class=\"wp-image-335\" title=\"\" srcset=\"https:\/\/www.peanuts-machine.com\/wp-content\/uploads\/2023\/02\/machine-details.webp 720w, https:\/\/www.peanuts-machine.com\/wp-content\/uploads\/2023\/02\/machine-details-300x225.webp 300w\" sizes=\"auto, (max-width: 720px) 100vw, 720px\" \/><figcaption class=\"wp-element-caption\">Maschinendetails<\/figcaption><\/figure> <\/div>   <h2 class=\"wp-block-heading\">Arbeitsvideo einer kommerziellen Erdnussr\u00f6stmaschine<\/h2>    <figure class=\"wp-block-embed is-type-video is-provider-youtube wp-block-embed-youtube wp-embed-aspect-16-9 wp-has-aspect-ratio\"><div class=\"wp-block-embed__wrapper\"> <iframe loading=\"lazy\" title=\"R\u00f6stmaschine f\u00fcr beschichtete Erdn\u00fcsse | Erdnuss-Swing-Ofen | R\u00f6stvorgang f\u00fcr N\u00fcsse\/Erdn\u00fcsse\" width=\"500\" height=\"281\" src=\"https:\/\/www.youtube.com\/embed\/sc-RtbC7bJ8?feature=oembed\" frameborder=\"0\" allow=\"accelerometer; autoplay; clipboard-write; encrypted-media; gyroscope; picture-in-picture; web-share\" referrerpolicy=\"strict-origin-when-cross-origin\" allowfullscreen><\/iframe> <\/div><\/figure>    <h2 class=\"wp-block-heading\">Maschinenparameter<\/h2>    <figure class=\"wp-block-table\"><table><tbody><tr><td>Modell<\/td><td>TZ-100<\/td><td>TZ-300<\/td><\/tr><tr><td>Kapazit\u00e4t<\/td><td>80-100kg\/h<\/td><td>200-300kg\/h<\/td><\/tr><tr><td>Temperatur<\/td><td>180-220\u2103<\/td><td>180-220\u2103<\/td><\/tr><tr><td>Stromspannung<\/td><td>380 V\u00a050 Hz<\/td><td>380 V\u00a050 Hz<\/td><\/tr><tr><td>Leistung<\/td><td>25 kW<\/td><td>70 kW<\/td><\/tr><tr><td>Gr\u00f6\u00dfe<\/td><td>2,2 * 2 * 1,4 m<\/td><td>3,2 * 2,7 * 1,9 m<\/td><\/tr><\/tbody><\/table><\/figure>    <p>Das Obige sind die technischen Parameter eines kleinen Erdnussr\u00f6sters und eines gro\u00dfen kommerziellen Erdnussofens. Ihre Leistung betr\u00e4gt 80\u2013100 kg bzw. 200\u2013300 kg\/h. Kunden k\u00f6nnen je nach Bedarf die richtige Erdnussr\u00f6stausr\u00fcstung ausw\u00e4hlen.<\/p>   <div class=\"wp-block-image\"> <figure class=\"aligncenter size-full\"><img loading=\"lazy\" decoding=\"async\" width=\"720\" height=\"540\" src=\"https:\/\/www.peanuts-machine.com\/wp-content\/uploads\/2023\/02\/coated-peanut-swing-oven.webp\" alt=\"beschichteter Erdnuss-Schwingofen\" class=\"wp-image-333\" title=\"\" srcset=\"https:\/\/www.peanuts-machine.com\/wp-content\/uploads\/2023\/02\/coated-peanut-swing-oven.webp 720w, https:\/\/www.peanuts-machine.com\/wp-content\/uploads\/2023\/02\/coated-peanut-swing-oven-300x225.webp 300w\" sizes=\"auto, (max-width: 720px) 100vw, 720px\" \/><figcaption class=\"wp-element-caption\">beschichteter Erdnuss-Schwingofen<\/figcaption><\/figure> <\/div>   <h2 class=\"wp-block-heading\">Highlights der automatischen R\u00f6stmaschine f\u00fcr beschichtete Erdn\u00fcsse<\/h2>    <ol class=\"wp-block-list\"> <li>Verschiedene Heizmethoden stehen den Kunden zur Auswahl. Elektroheizung, Kohleheizung, Gasheizung usw.<\/li>    <li>Der hohe Automatisierungsgrad. Hierbei handelt es sich um eine automatische Erdnussr\u00f6stmaschine, die von nur einer Person bedient werden kann.<\/li>    <li>Die Schadensquote ist gering. Im Vergleich zu anderen Maschinentypen weist der Schwenkofen einen geringen Materialumschlag und eine geringe Schadensrate auf.<\/li>    <li>Ger\u00e4uscharm. Die Maschine wird mit fortschrittlicher Technologie hergestellt und mehrfach verbessert. Es hat den Vorteil, dass es ger\u00e4uscharm ist.<\/li>    <li>Die Aufheizgeschwindigkeit ist schnell. Hochwertige W\u00e4rmed\u00e4mmstoffe k\u00f6nnen die Aufheizzeit erheblich verk\u00fcrzen.<\/li> <\/ol>   <div class=\"wp-block-image\"> <figure class=\"aligncenter size-full\"><img loading=\"lazy\" decoding=\"async\" width=\"720\" height=\"540\" src=\"https:\/\/www.peanuts-machine.com\/wp-content\/uploads\/2023\/02\/peanut-swing-oven.webp\" alt=\"Erdnuss-Schwingofen\" class=\"wp-image-337\" title=\"\" srcset=\"https:\/\/www.peanuts-machine.com\/wp-content\/uploads\/2023\/02\/peanut-swing-oven.webp 720w, https:\/\/www.peanuts-machine.com\/wp-content\/uploads\/2023\/02\/peanut-swing-oven-300x225.webp 300w\" sizes=\"auto, (max-width: 720px) 100vw, 720px\" \/><figcaption class=\"wp-element-caption\">Erdnuss-Schwingofen<\/figcaption><\/figure> <\/div>   <h2 class=\"wp-block-heading\">Anwendungsbereich des Schwenkofens<\/h2>    <p>Der Erdnuss-Schwenkofen wird haupts\u00e4chlich zum Backen von beschichteten Erdn\u00fcssen, Erdnusskernen, Kakaobohnen, Fischhaut-Erdn\u00fcssen, N\u00fcssen, Bohnen und anderen k\u00f6rnigen Materialien verwendet. Daher. Diese Maschine kann in vielen Restaurants, Superm\u00e4rkten, B\u00e4ckereien und Nussverarbeitungsbetrieben eingesetzt werden.<\/p>   <div class=\"wp-block-image\"> <figure class=\"aligncenter size-full\"><img loading=\"lazy\" decoding=\"async\" width=\"720\" height=\"540\" src=\"https:\/\/www.peanuts-machine.com\/wp-content\/uploads\/2023\/02\/finished-products.webp\" alt=\"fertige Produkte\" class=\"wp-image-334\" title=\"\" srcset=\"https:\/\/www.peanuts-machine.com\/wp-content\/uploads\/2023\/02\/finished-products.webp 720w, https:\/\/www.peanuts-machine.com\/wp-content\/uploads\/2023\/02\/finished-products-300x225.webp 300w\" sizes=\"auto, (max-width: 720px) 100vw, 720px\" \/><figcaption class=\"wp-element-caption\">fertige Produkte<\/figcaption><\/figure> <\/div>","protected":false},"excerpt":{"rendered":"<p>Der Erdnuss-Swing-Ofen kann panierte Erdn\u00fcsse, Cashewn\u00fcsse, Mandeln, Bohnen und verschiedene N\u00fcsse r\u00f6sten. Dies ist also ein idealer kommerzieller Nussr\u00f6ster.<\/p>","protected":false},"author":1,"featured_media":332,"parent":0,"template":"","tags":[56,36],"product-type":[50,46],"class_list":["post-330","product","type-product","status-publish","has-post-thumbnail","hentry","tag-nut","tag-peanut","product-type-peanut-roasting-machine","product-type-products"],"_links":{"self":[{"href":"https:\/\/www.peanuts-machine.com\/de\/wp-json\/wp\/v2\/product\/330","targetHints":{"allow":["GET"]}}],"collection":[{"href":"https:\/\/www.peanuts-machine.com\/de\/wp-json\/wp\/v2\/product"}],"about":[{"href":"https:\/\/www.peanuts-machine.com\/de\/wp-json\/wp\/v2\/types\/product"}],"author":[{"embeddable":true,"href":"https:\/\/www.peanuts-machine.com\/de\/wp-json\/wp\/v2\/users\/1"}],"wp:featuredmedia":[{"embeddable":true,"href":"https:\/\/www.peanuts-machine.com\/de\/wp-json\/wp\/v2\/media\/332"}],"wp:attachment":[{"href":"https:\/\/www.peanuts-machine.com\/de\/wp-json\/wp\/v2\/media?parent=330"}],"wp:term":[{"taxonomy":"post_tag","embeddable":true,"href":"https:\/\/www.peanuts-machine.com\/de\/wp-json\/wp\/v2\/tags?post=330"},{"taxonomy":"product-type","embeddable":true,"href":"https:\/\/www.peanuts-machine.com\/de\/wp-json\/wp\/v2\/product-type?post=330"}],"curies":[{"name":"wp","href":"https:\/\/api.w.org\/{rel}","templated":true}]}}