{"id":344,"date":"2023-03-15T15:14:48","date_gmt":"2023-03-15T07:14:48","guid":{"rendered":"https:\/\/www.peanuts-machine.com\/?post_type=product&#038;p=344"},"modified":"2026-01-14T16:10:25","modified_gmt":"2026-01-14T08:10:25","slug":"groundnut-frying-machine","status":"publish","type":"product","link":"https:\/\/www.peanuts-machine.com\/de\/product\/groundnut-frying-machine\/","title":{"rendered":"Gewerbliche Erdnuss-Frittiermaschine | Edelstahl-Frittierger\u00e4t f\u00fcr Lebensmittel"},"content":{"rendered":"<div class=\"kk-star-ratings kksr-auto kksr-align-left kksr-valign-top\"     data-payload='{&quot;align&quot;:&quot;left&quot;,&quot;id&quot;:&quot;344&quot;,&quot;slug&quot;:&quot;default&quot;,&quot;valign&quot;:&quot;top&quot;,&quot;ignore&quot;:&quot;&quot;,&quot;reference&quot;:&quot;auto&quot;,&quot;class&quot;:&quot;&quot;,&quot;count&quot;:&quot;23&quot;,&quot;legendonly&quot;:&quot;&quot;,&quot;readonly&quot;:&quot;&quot;,&quot;score&quot;:&quot;4.7&quot;,&quot;starsonly&quot;:&quot;&quot;,&quot;best&quot;:&quot;5&quot;,&quot;gap&quot;:&quot;5&quot;,&quot;greet&quot;:&quot;Rate this product&quot;,&quot;legend&quot;:&quot;4.7\\\/5 - (23 votes)&quot;,&quot;size&quot;:&quot;24&quot;,&quot;title&quot;:&quot;Commercial Groundnut Frying Machine | Stainless Steel Food Fryer&quot;,&quot;width&quot;:&quot;133.8&quot;,&quot;_legend&quot;:&quot;{score}\\\/{best} - ({count} {votes})&quot;,&quot;font_factor&quot;:&quot;1.25&quot;}'>              <div class=\"kksr-stars\">      <div class=\"kksr-stars-inactive\">             <div class=\"kksr-star\" data-star=\"1\" style=\"padding-right: 5px\">               <div class=\"kksr-icon\" style=\"width: 24px; height: 24px;\"><\/div>         <\/div>             <div class=\"kksr-star\" data-star=\"2\" style=\"padding-right: 5px\">               <div class=\"kksr-icon\" style=\"width: 24px; height: 24px;\"><\/div>         <\/div>             <div class=\"kksr-star\" data-star=\"3\" style=\"padding-right: 5px\">               <div class=\"kksr-icon\" style=\"width: 24px; height: 24px;\"><\/div>         <\/div>             <div class=\"kksr-star\" data-star=\"4\" style=\"padding-right: 5px\">               <div class=\"kksr-icon\" style=\"width: 24px; height: 24px;\"><\/div>         <\/div>             <div class=\"kksr-star\" data-star=\"5\" style=\"padding-right: 5px\">               <div class=\"kksr-icon\" style=\"width: 24px; height: 24px;\"><\/div>         <\/div>     <\/div>      <div class=\"kksr-stars-active\" style=\"width: 133.8px;\">             <div class=\"kksr-star\" style=\"padding-right: 5px\">               <div class=\"kksr-icon\" style=\"width: 24px; height: 24px;\"><\/div>         <\/div>             <div class=\"kksr-star\" style=\"padding-right: 5px\">               <div class=\"kksr-icon\" style=\"width: 24px; height: 24px;\"><\/div>         <\/div>             <div class=\"kksr-star\" style=\"padding-right: 5px\">               <div class=\"kksr-icon\" style=\"width: 24px; height: 24px;\"><\/div>         <\/div>             <div class=\"kksr-star\" style=\"padding-right: 5px\">               <div class=\"kksr-icon\" style=\"width: 24px; height: 24px;\"><\/div>         <\/div>             <div class=\"kksr-star\" style=\"padding-right: 5px\">               <div class=\"kksr-icon\" style=\"width: 24px; height: 24px;\"><\/div>         <\/div>     <\/div> <\/div>                   <div class=\"kksr-legend\" style=\"font-size: 19.2px;\">             4,7\/5 - (23 Stimmen)    <\/div>     <\/div>  <p>Die Erdnussfritteuse ist eine kommerzielle Frittiermaschine, die h\u00e4ufig f\u00fcr eine Vielzahl von Lebensmitteln wie N\u00fcsse, gepuffte Lebensmittel, Teigwaren, Fleisch, Meeresfr\u00fcchte und Sojaprodukte verwendet wird.<\/p>    <p>Es verwendet eine fortschrittliche \u00d6l-Wasser-Mischtechnologie, die die R\u00fcckst\u00e4nde automatisch filtern kann. Dies verl\u00e4ngert nicht nur effektiv den Nutzungszyklus von Speise\u00f6l, sondern spart auch bis zu 50 % des Speise\u00f6ls und 40 % des Stromverbrauchs, was die Produktionskosten erheblich senkt.<\/p>    <p>Die Ausr\u00fcstung ist mit einem automatischen Temperaturkontrollsystem ausgestattet, um gleichm\u00e4\u00dfiges Frittieren und eine stabile Qualit\u00e4t der Zutaten zu gew\u00e4hrleisten. Sie unterst\u00fctzt sowohl elektrische Heizung als auch kohlebetriebene Heizung, um den Anforderungen unterschiedlicher Produktionsumgebungen gerecht zu werden.<\/p>    <p>Ob es sich um eine Erdnussverarbeitungsanlage oder eine Lebensmittelproduktionsanlage handelt, diese Fritteuse ist die ideale Wahl, um Ihnen zu helfen, die Produktionseffizienz und die Lebensmittelqualit\u00e4t einfach zu verbessern.<\/p>   <div class=\"wp-block-image\"> <figure class=\"aligncenter size-full\"><img loading=\"lazy\" decoding=\"async\" width=\"720\" height=\"540\" src=\"https:\/\/www.peanuts-machine.com\/wp-content\/uploads\/2023\/03\/machine-for-frying-groundnut.webp\" alt=\"Maschine zum Braten von Erdn\u00fcssen\" class=\"wp-image-350\" title=\"\" srcset=\"https:\/\/www.peanuts-machine.com\/wp-content\/uploads\/2023\/03\/machine-for-frying-groundnut.webp 720w, https:\/\/www.peanuts-machine.com\/wp-content\/uploads\/2023\/03\/machine-for-frying-groundnut-300x225.webp 300w\" sizes=\"auto, (max-width: 720px) 100vw, 720px\" \/><figcaption class=\"wp-element-caption\">Maschine zum Braten von Erdn\u00fcssen<\/figcaption><\/figure> <\/div>   <h2 class=\"wp-block-heading\">Anwendungen f\u00fcr Lebensmittelfrittiermaschinen<\/h2>    <p>Die Lebensmittelfritteuse ist ideal f\u00fcr die Lebensmittelindustrie, Fast-Food-Restaurants, Brath\u00e4hnchenl\u00e4den, Konditoreien und mehr. Hier ist eine kurze Liste verschiedener Arten von Lebensmitteln, die zubereitet werden k\u00f6nnen: <\/p>    <ul class=\"wp-block-list\"> <li>N\u00fcsse: Saubohnen, Erbsen, Erdn\u00fcsse, Pinienkerne.<\/li>    <li>Puffsnacks: Potpourri, Kartoffelchips.<\/li>    <li>Nudelgerichte: Katzenohren, Muschelkuchen, Donuts, Sachima, Potpourri.<\/li>    <li>Fleischgerichte: Hackbraten, H\u00e4hnchenschenkel.<\/li>    <li>Meeresfr\u00fcchte: Gelber Lachs, Jakobsmuscheln.<\/li>    <li>Sojaprodukte: getrockneter Tofu, Tofu-Puffs und andere.<\/li> <\/ul>   <div class=\"wp-block-image\"> <figure class=\"aligncenter size-full\"><img loading=\"lazy\" decoding=\"async\" width=\"720\" height=\"540\" src=\"https:\/\/www.peanuts-machine.com\/wp-content\/uploads\/2023\/03\/application-scope.webp\" alt=\"Anwendungsbereich\" class=\"wp-image-345\" title=\"\" srcset=\"https:\/\/www.peanuts-machine.com\/wp-content\/uploads\/2023\/03\/application-scope.webp 720w, https:\/\/www.peanuts-machine.com\/wp-content\/uploads\/2023\/03\/application-scope-300x225.webp 300w\" sizes=\"auto, (max-width: 720px) 100vw, 720px\" \/><figcaption class=\"wp-element-caption\">Anwendungsbereich<\/figcaption><\/figure> <\/div>   <h2 class=\"wp-block-heading\">Funktionsprinzip der Erdnuss-Bratmaschine<\/h2>    <ul class=\"wp-block-list\"> <li>Heizmethode: Die Ausr\u00fcstung verwendet Strom oder Gas als W\u00e4rmequelle, um den \u00d6ltank zu erhitzen, sodass die \u00d6ltemperatur allm\u00e4hlich ansteigt, um die f\u00fcr das Frittieren von Zutaten erforderliche Temperatur zu erreichen.<\/li>    <li>Automatisches R\u00fchren: Das interne \u00dcbertragungssystem treibt das R\u00fchrger\u00e4t an, um sich auf und ab zu bewegen. Die Zutaten werden gleichm\u00e4\u00dfig im \u00d6l erhitzt, wodurch lokales Anbrennen oder ungleichm\u00e4\u00dfiges Erhitzen vermieden wird.<\/li>    <li>Einheitliches Frittieren: Wenn die \u00d6ltemperatur den festgelegten Wert erreicht, die Zutaten hinzuf\u00fcgen. Die R\u00fchrfunktion sorgt daf\u00fcr, dass alle Zutaten gleichm\u00e4\u00dfig frittiert werden, was den Geschmack und die Qualit\u00e4t der frittierten Produkte verbessert.<\/li>    <li>R\u00fcckstandsseparation: R\u00fcckst\u00e4nde, die beim Frittieren entstehen, sinken automatisch auf den Boden. Dies verhindert effektiv, dass die \u00d6lqualit\u00e4t sich verschlechtert, und verl\u00e4ngert die Lebensdauer von Speise\u00f6l.<\/li>    <li>\u00d6l-Wasser-Trennstruktur: Verwendung fortschrittlicher \u00d6l-Wasser-Trenntechnologie, das frittierte Essen schwimmt an der Oberfl\u00e4che des \u00d6ls, w\u00e4hrend Wasser und Verunreinigungen auf den Boden sinken und das \u00d6l sauber halten.<\/li>    <li>Automatische Entladung: Nach Abschluss des Frittierens kann die Ausr\u00fcstung die Zutaten automatisch vom \u00d6l trennen. Dies erleichtert die Sammlung der Fertigprodukte und verbessert die Produktionseffizienz.<\/li> <\/ul>    <figure class=\"wp-block-embed aligncenter is-type-video is-provider-youtube wp-block-embed-youtube wp-embed-aspect-16-9 wp-has-aspect-ratio\"><div class=\"wp-block-embed__wrapper\"> <iframe loading=\"lazy\" title=\"Erdnuss-Bratmaschine zum Braten von Erdn\u00fcssen, N\u00fcssen, Fleisch und Puffspeisen\" width=\"500\" height=\"281\" src=\"https:\/\/www.youtube.com\/embed\/Sb2JiGceo_A?feature=oembed\" frameborder=\"0\" allow=\"accelerometer; autoplay; clipboard-write; encrypted-media; gyroscope; picture-in-picture; web-share\" referrerpolicy=\"strict-origin-when-cross-origin\" allowfullscreen><\/iframe> <\/div><figcaption class=\"wp-element-caption\">Video zur Funktionsweise der Erdnussfrittiermaschine zur Lebensmittelverarbeitung<\/figcaption><\/figure>    <h2 class=\"wp-block-heading\">Technische Parameter der Fritteusenmaschine<\/h2>    <p>Wir bieten elektrische und gasbetriebene Heizarten von Erdnussfrittiermaschinen an. Dar\u00fcber hinaus bieten wir Optionen basierend auf der Form an, sowohl runde als auch quadratische Maschinen sind erh\u00e4ltlich. Die Wahl h\u00e4ngt letztendlich vom Standort des Kunden und seinen pers\u00f6nlichen Vorlieben ab.<\/p>    <h3 class=\"wp-block-heading\">Runde, gasbeheizte Fritteuse<\/h3>    <figure class=\"wp-block-table is-style-stripes\"><table><tbody><tr><td>Modell<\/td><td>TZ-RG1000<\/td><td>TZ-RG1200<\/td><td>TZ-RG1500<\/td><\/tr><tr><td>Gr\u00f6\u00dfe (mm)<\/td><td>1450x1200x1700<\/td><td>1650x1400x1700<\/td><td>1950x1600x1700<\/td><\/tr><tr><td>Entladeleistung (kW)<\/td><td>0.75<\/td><td>0.75<\/td><td>1.1<\/td><\/tr><tr><td>R\u00fchrleistung (kW)<\/td><td>0.75<\/td><td>0.75<\/td><td>1.5<\/td><\/tr><tr><td>Heizleistung<\/td><td>100.000 Kilokalorien<\/td><td>200.000 Kilokalorien<\/td><td>200.000 Kilokalorien<\/td><\/tr><tr><td>Bratzonengr\u00f6\u00dfe (mm)<\/td><td>1000&#215;350<\/td><td>1200&#215;350<\/td><td>1500&#215;350<\/td><\/tr><\/tbody><\/table><\/figure>    <h3 class=\"wp-block-heading\">Runde, elektrisch beheizte, gewerbliche Lebensmittelfritteuse<\/h3>    <figure class=\"wp-block-table is-style-stripes\"><table><tbody><tr><td>Modell<\/td><td>TZ-RE1000<\/td><td>TZ-RE1200<\/td><td>TZ-RE1500<\/td><\/tr><tr><td>Gr\u00f6\u00dfe (mm)<\/td><td>1250x1200x1700<\/td><td>1450x1400x1700<\/td><td>1750x1700x1700<\/td><\/tr><tr><td>Entladeleistung (kW)<\/td><td>0.75<\/td><td>0.75<\/td><td>1.5<\/td><\/tr><tr><td>R\u00fchrleistung (kW)<\/td><td>0.75<\/td><td>1.1<\/td><td>1.5<\/td><\/tr><tr><td>Bratzonengr\u00f6\u00dfe (mm)<\/td><td>1000&#215;350<\/td><td>1200&#215;350<\/td><td>1500&#215;350<\/td><\/tr><\/tbody><\/table><\/figure>   <div class=\"wp-block-image\"> <figure class=\"aligncenter size-full\"><img loading=\"lazy\" decoding=\"async\" width=\"720\" height=\"540\" src=\"https:\/\/www.peanuts-machine.com\/wp-content\/uploads\/2023\/03\/stirrer-device-of-the-machine.webp\" alt=\"R\u00fchrwerk der Maschine\" class=\"wp-image-353\" title=\"\" srcset=\"https:\/\/www.peanuts-machine.com\/wp-content\/uploads\/2023\/03\/stirrer-device-of-the-machine.webp 720w, https:\/\/www.peanuts-machine.com\/wp-content\/uploads\/2023\/03\/stirrer-device-of-the-machine-300x225.webp 300w\" sizes=\"auto, (max-width: 720px) 100vw, 720px\" \/><figcaption class=\"wp-element-caption\">R\u00fchrwerk der Maschine<\/figcaption><\/figure> <\/div>   <h3 class=\"wp-block-heading\">Quadratische Fritteusenmaschine mit elektrischer Heizung<\/h3>    <figure class=\"wp-block-table is-style-stripes\"><table><tbody><tr><td>Modell<\/td><td>TZ-SE1000<\/td><td>TZ-SE1500<\/td><td>TZ-SE2000<\/td><\/tr><tr><td>Gr\u00f6\u00dfe (mm)<\/td><td>1400x1100x1700<\/td><td>1900x1100x1700<\/td><td>2400x1100x1700<\/td><\/tr><tr><td>Entladeleistung (kW)<\/td><td>0.75<\/td><td>0.75<\/td><td>1.5<\/td><\/tr><tr><td>Heizleistung (kW)<\/td><td>40<\/td><td>60<\/td><td>90<\/td><\/tr><tr><td>Bratzonengr\u00f6\u00dfe (mm)<\/td><td>1200&#215;800<\/td><td>1500&#215;800<\/td><td>2000&#215;800<\/td><\/tr><\/tbody><\/table><\/figure>    <h3 class=\"wp-block-heading\">Quadratische Fritteuse mit Gasheizung<\/h3>    <figure class=\"wp-block-table is-style-stripes\"><table><tbody><tr><td>Modell<\/td><td>TZ-SG1000<\/td><td>TZ-SG1500<\/td><td>TZ-SG2000<\/td><\/tr><tr><td>Gr\u00f6\u00dfe (mm)<\/td><td>1400x1500x1700<\/td><td>1900x1500x1700<\/td><td>2400x1500x1700<\/td><\/tr><tr><td>Entladeleistung (kW)<\/td><td>0.75<\/td><td>0.75<\/td><td>1.5<\/td><\/tr><tr><td>Heizleistung<\/td><td>100.000 Kilokalorien<\/td><td>200.000 Kilokalorien<\/td><td>200.000 Kilokalorien<\/td><\/tr><tr><td>Bratzonengr\u00f6\u00dfe (mm)<\/td><td>1200&#215;800<\/td><td>1500&#215;800<\/td><td>2000&#215;800<\/td><\/tr><\/tbody><\/table><\/figure>    <p>Oben sind die technischen Parameter von 4 Frittiermaschinen aufgef\u00fchrt. Wenn Sie eine hochwertige Erdnussfrittiermaschine ben\u00f6tigen, kontaktieren Sie uns jederzeit gerne.<\/p>    <h2 class=\"wp-block-heading\">H\u00f6hepunkte der Erdnussfritteuse<\/h2>    <ul class=\"wp-block-list\"> <li>Der eingebaute R\u00fchrmechanismus kann die Zutaten kontinuierlich drehen, sodass die Erdn\u00fcsse und anderen Materialien gleichm\u00e4\u00dfig erhitzt werden, wodurch das Ph\u00e4nomen des Anbrennens und des Klebens am Boden effektiv verhindert wird.<\/li>    <li>Die Erdnussfritteuse ist mit einer intelligenten Temperaturregelungsfunktion ausgestattet. Wenn die \u00d6ltemperatur die festgelegte Obergrenze erreicht, stoppt der elektrische Heizk\u00f6rper oder Brenner automatisch die Erw\u00e4rmung, um die beste Frittiertemperatur zu halten.<\/li>    <li>Ausgestattet mit einem elektrischen Hebe- und Entladeger\u00e4t wird das Material automatisch entladen, nachdem das Frittieren abgeschlossen ist, was die Arbeitsintensit\u00e4t erheblich reduziert und die Arbeitseffizienz verbessert.<\/li>    <li>Das Geh\u00e4use besteht aus 304 Edelstahl, mit hoher Festigkeit, Korrosionsbest\u00e4ndigkeit, leicht zu reinigen und entspricht den Gesundheitsstandards der Lebensmittelverarbeitung.<\/li>    <li>Die Verwendung von Aluminiumsilikat-W\u00e4rmed\u00e4mmung, gute W\u00e4rmed\u00e4mmeigenschaften, kann effektiv die W\u00e4rme speichern, den W\u00e4rmeverlust reduzieren und Strom- sowie Brennstoffkosten sparen.<\/li> <\/ul>   <div class=\"wp-block-image\"> <figure class=\"aligncenter size-full\"><img loading=\"lazy\" decoding=\"async\" width=\"720\" height=\"540\" src=\"https:\/\/www.peanuts-machine.com\/wp-content\/uploads\/2023\/03\/small-peanut-frying-machine.webp\" alt=\"kleine Erdnussbratmaschine\" class=\"wp-image-352\" title=\"\" srcset=\"https:\/\/www.peanuts-machine.com\/wp-content\/uploads\/2023\/03\/small-peanut-frying-machine.webp 720w, https:\/\/www.peanuts-machine.com\/wp-content\/uploads\/2023\/03\/small-peanut-frying-machine-300x225.webp 300w\" sizes=\"auto, (max-width: 720px) 100vw, 720px\" \/><figcaption class=\"wp-element-caption\">kleine Erdnussbratmaschine<\/figcaption><\/figure> <\/div>   <h2 class=\"wp-block-heading\">Wie bereitet man Erdn\u00fcsse vor dem Braten zu?<\/h2>    <ol class=\"wp-block-list\"> <li>W\u00e4hlen Sie frische rohe Erdn\u00fcsse. <\/li>    <li>Entfernen Sie die Schalen und H\u00e4ute von den Erdn\u00fcssen. Eine Erdnusssch\u00e4lmaschine und eine Nass-Erdnusssch\u00e4lmaschine k\u00f6nnen f\u00fcr diese Aufgabe hilfreich sein. <\/li>    <li>Sp\u00fclen und trocknen Sie die Erdn\u00fcsse nach der Verarbeitung. <\/li>    <li>Heizen Sie die Fritteuse auf etwa 175 \u00b0C vor. Sie k\u00f6nnen ein Thermometer verwenden, um sicherzustellen, dass das \u00d6l die richtige Temperatur hat. <\/li>    <li>Die Erdn\u00fcsse in das hei\u00dfe \u00d6l geben. <\/li>    <li>Frittieren Sie sie, bis sie je nach Wunsch eine goldbraune oder dunkelbraune Farbe haben. Dies dauert normalerweise etwa 10 bis 15 Minuten. <\/li>    <li>Sobald sie fertig sind, die frittierten Erdn\u00fcsse zum Abk\u00fchlen herausgeben. Au\u00dferdem ist es wichtig, regelm\u00e4\u00dfig <a href=\"https:\/\/www.peanuts-machine.com\/de\/Info\/maintenance-points-of-automatic-groundnut-frying-machine\/\">Warten Sie Ihre Erdnussbratmaschine<\/a> um seine Langlebigkeit zu gew\u00e4hrleisten.<\/li> <\/ol>   <div class=\"wp-block-image\"> <figure class=\"aligncenter size-full\"><img loading=\"lazy\" decoding=\"async\" width=\"720\" height=\"540\" src=\"https:\/\/www.peanuts-machine.com\/wp-content\/uploads\/2023\/03\/groundnut-frying-machine.webp\" alt=\"Erdnuss-Bratmaschine\" class=\"wp-image-349\" title=\"\" srcset=\"https:\/\/www.peanuts-machine.com\/wp-content\/uploads\/2023\/03\/groundnut-frying-machine.webp 720w, https:\/\/www.peanuts-machine.com\/wp-content\/uploads\/2023\/03\/groundnut-frying-machine-300x225.webp 300w\" sizes=\"auto, (max-width: 720px) 100vw, 720px\" \/><figcaption class=\"wp-element-caption\">Erdnuss-Bratmaschine<\/figcaption><\/figure> <\/div>   <h2 class=\"wp-block-heading\">Wo kann man eine automatische Fritteuse kaufen?<\/h2>    <p class=\"translation-block\">Mit \u00fcber 20 Jahren Erfahrung in der Maschinenherstellung bieten wir nicht nur hochwertige Maschinen zum Frittieren von Erdn\u00fcssen, sondern auch <a href=\"https:\/\/www.peanuts-machine.com\/de\/product\/groundnut-sheller\/\">Erdnusssch\u00e4lmaschinen<\/a>, <a href=\"https:\/\/www.peanuts-machine.com\/de\/product\/peanut-roasting-machine\/\">ger\u00f6stete Erdnussmaschinen<\/a> und <a href=\"https:\/\/www.peanuts-machine.com\/de\/product\/commercial-peanut-butter-machine\/\">Ger\u00e4te zur Herstellung von Erdnussbutter<\/a>, unter anderem. Wenn Sie Erdnussmaschinen ben\u00f6tigen, z\u00f6gern Sie bitte nicht, uns zu kontaktieren.<\/p>","protected":false},"excerpt":{"rendered":"<p>Die Edelstahl-Erdnussfritteuse ist mit automatischem R\u00fchren, Temperaturkontrolle und Entladefunktionen ausgestattet. Sie eignet sich f\u00fcr die Frittierverarbeitung vieler Arten von Lebensmitteln.<\/p>","protected":false},"author":1,"featured_media":351,"parent":0,"template":"","tags":[36],"product-type":[54,46],"class_list":["post-344","product","type-product","status-publish","has-post-thumbnail","hentry","tag-peanut","product-type-other-peanut-related-machine","product-type-products"],"_links":{"self":[{"href":"https:\/\/www.peanuts-machine.com\/de\/wp-json\/wp\/v2\/product\/344","targetHints":{"allow":["GET"]}}],"collection":[{"href":"https:\/\/www.peanuts-machine.com\/de\/wp-json\/wp\/v2\/product"}],"about":[{"href":"https:\/\/www.peanuts-machine.com\/de\/wp-json\/wp\/v2\/types\/product"}],"author":[{"embeddable":true,"href":"https:\/\/www.peanuts-machine.com\/de\/wp-json\/wp\/v2\/users\/1"}],"wp:featuredmedia":[{"embeddable":true,"href":"https:\/\/www.peanuts-machine.com\/de\/wp-json\/wp\/v2\/media\/351"}],"wp:attachment":[{"href":"https:\/\/www.peanuts-machine.com\/de\/wp-json\/wp\/v2\/media?parent=344"}],"wp:term":[{"taxonomy":"post_tag","embeddable":true,"href":"https:\/\/www.peanuts-machine.com\/de\/wp-json\/wp\/v2\/tags?post=344"},{"taxonomy":"product-type","embeddable":true,"href":"https:\/\/www.peanuts-machine.com\/de\/wp-json\/wp\/v2\/product-type?post=344"}],"curies":[{"name":"wp","href":"https:\/\/api.w.org\/{rel}","templated":true}]}}