{"id":47,"date":"2022-08-09T07:33:37","date_gmt":"2022-08-09T07:33:37","guid":{"rendered":"https:\/\/www.peanuts-machine.com\/?post_type=product&#038;p=47"},"modified":"2026-03-23T16:06:37","modified_gmt":"2026-03-23T08:06:37","slug":"peanut-butter-production-line","status":"publish","type":"product","link":"https:\/\/www.peanuts-machine.com\/de\/product\/peanut-butter-production-line\/","title":{"rendered":"500-2000 Kg\/h Erdnussbutter-Produktionslinie | Industrielle Nussbutter-Linie"},"content":{"rendered":"<div class=\"kk-star-ratings kksr-auto kksr-align-left kksr-valign-top\"     data-payload='{&quot;align&quot;:&quot;left&quot;,&quot;id&quot;:&quot;47&quot;,&quot;slug&quot;:&quot;default&quot;,&quot;valign&quot;:&quot;top&quot;,&quot;ignore&quot;:&quot;&quot;,&quot;reference&quot;:&quot;auto&quot;,&quot;class&quot;:&quot;&quot;,&quot;count&quot;:&quot;21&quot;,&quot;legendonly&quot;:&quot;&quot;,&quot;readonly&quot;:&quot;&quot;,&quot;score&quot;:&quot;4.7&quot;,&quot;starsonly&quot;:&quot;&quot;,&quot;best&quot;:&quot;5&quot;,&quot;gap&quot;:&quot;5&quot;,&quot;greet&quot;:&quot;Rate this product&quot;,&quot;legend&quot;:&quot;4.7\\\/5 - (21 votes)&quot;,&quot;size&quot;:&quot;24&quot;,&quot;title&quot;:&quot;500-2000Kg\\\/h Peanut Butter Production Line | Industrial Nut Butter Line&quot;,&quot;width&quot;:&quot;133.8&quot;,&quot;_legend&quot;:&quot;{score}\\\/{best} - ({count} {votes})&quot;,&quot;font_factor&quot;:&quot;1.25&quot;}'>              <div class=\"kksr-stars\">      <div class=\"kksr-stars-inactive\">             <div class=\"kksr-star\" data-star=\"1\" style=\"padding-right: 5px\">               <div class=\"kksr-icon\" style=\"width: 24px; height: 24px;\"><\/div>         <\/div>             <div class=\"kksr-star\" data-star=\"2\" style=\"padding-right: 5px\">               <div class=\"kksr-icon\" style=\"width: 24px; height: 24px;\"><\/div>         <\/div>             <div class=\"kksr-star\" data-star=\"3\" style=\"padding-right: 5px\">               <div class=\"kksr-icon\" style=\"width: 24px; height: 24px;\"><\/div>         <\/div>             <div class=\"kksr-star\" data-star=\"4\" style=\"padding-right: 5px\">               <div class=\"kksr-icon\" style=\"width: 24px; height: 24px;\"><\/div>         <\/div>             <div class=\"kksr-star\" data-star=\"5\" style=\"padding-right: 5px\">               <div class=\"kksr-icon\" style=\"width: 24px; height: 24px;\"><\/div>         <\/div>     <\/div>      <div class=\"kksr-stars-active\" style=\"width: 133.8px;\">             <div class=\"kksr-star\" style=\"padding-right: 5px\">               <div class=\"kksr-icon\" style=\"width: 24px; height: 24px;\"><\/div>         <\/div>             <div class=\"kksr-star\" style=\"padding-right: 5px\">               <div class=\"kksr-icon\" style=\"width: 24px; height: 24px;\"><\/div>         <\/div>             <div class=\"kksr-star\" style=\"padding-right: 5px\">               <div class=\"kksr-icon\" style=\"width: 24px; height: 24px;\"><\/div>         <\/div>             <div class=\"kksr-star\" style=\"padding-right: 5px\">               <div class=\"kksr-icon\" style=\"width: 24px; height: 24px;\"><\/div>         <\/div>             <div class=\"kksr-star\" style=\"padding-right: 5px\">               <div class=\"kksr-icon\" style=\"width: 24px; height: 24px;\"><\/div>         <\/div>     <\/div> <\/div>                   <div class=\"kksr-legend\" style=\"font-size: 19.2px;\">             4,7\/5 - (21 Bewertungen)    <\/div>     <\/div>  <p>The peanut butter production line is a specialized, fully automated processing system designed for the efficient production of various types of peanut butter. Taizy&#8217;s nut butter processing line offers multiple capacity options tailored to customer needs, ranging from 500 kg\/h to 2,000 kg\/h, accommodating production scales from small workshops to large-scale factories.<\/p>    <p>W\u00e4hrend der Produktion durchlaufen sorgf\u00e4ltig ausgew\u00e4hlte Erdn\u00fcsse Prozesse wie Hochtemperatur-R\u00f6stung, Hullentfernung und Mahlen, um hochwertige Erdnussbutter herzustellen. Ob traditionelle glatte Erdnussbutter oder Erdnussbutter mit gehackten Nussst\u00fccken, das System kann eine hochwertige Verarbeitung m\u00fchelos erreichen.<\/p>    <figure class=\"wp-block-embed aligncenter is-type-video is-provider-youtube wp-block-embed-youtube wp-embed-aspect-16-9 wp-has-aspect-ratio\"><div class=\"wp-block-embed__wrapper\"> <iframe loading=\"lazy\" title=\"Von Erdn\u00fcssen zur Perfektion | Erdnussbutter-Produktionslinie in Aktion \ud83e\udd5c\u2728#erdnussbutter\" width=\"500\" height=\"281\" src=\"https:\/\/www.youtube.com\/embed\/hpgksLfMthQ?feature=oembed\" frameborder=\"0\" allow=\"accelerometer; autoplay; clipboard-write; encrypted-media; gyroscope; picture-in-picture; web-share\" referrerpolicy=\"strict-origin-when-cross-origin\" allowfullscreen><\/iframe> <\/div><figcaption class=\"wp-element-caption\">Video der Erdnussbutter-Produktionslinie in der Fabrik<\/figcaption><\/figure>    <p>Die gesamte Produktionslinie ist stark mechanisiert und arbeitet in einem voll geschlossenen System, das sich durch einfache Bedienung, reibungslosen Lauf, geringe Ger\u00e4uschentwicklung, Korrosionsbest\u00e4ndigkeit und einfache Wartung auszeichnet. Dies gew\u00e4hrleistet eine gleichbleibende Produktqualit\u00e4t und hat sie sowohl auf dem heimischen als auch auf dem internationalen Markt sehr beliebt gemacht.<\/p>   <div class=\"wp-block-image\"> <figure class=\"aligncenter size-full\"><img loading=\"lazy\" decoding=\"async\" width=\"1024\" height=\"576\" src=\"https:\/\/www.peanuts-machine.com\/wp-content\/uploads\/2022\/08\/automatic-peanut-butter-processing-line.webp\" alt=\"Automatische Verarbeitungslinie f\u00fcr Erdnussbutter\" class=\"wp-image-51\" title=\"\" srcset=\"https:\/\/www.peanuts-machine.com\/wp-content\/uploads\/2022\/08\/automatic-peanut-butter-processing-line.webp 1024w, https:\/\/www.peanuts-machine.com\/wp-content\/uploads\/2022\/08\/automatic-peanut-butter-processing-line-300x169.webp 300w, https:\/\/www.peanuts-machine.com\/wp-content\/uploads\/2022\/08\/automatic-peanut-butter-processing-line-768x432.webp 768w\" sizes=\"auto, (max-width: 1024px) 100vw, 1024px\" \/><figcaption class=\"wp-element-caption\">Automatische Verarbeitungslinie f\u00fcr Erdnussbutter<\/figcaption><\/figure> <\/div>   <h2 class=\"wp-block-heading\">Welche Anwendungsm\u00f6glichkeiten gibt es f\u00fcr Erdnussbutter?<\/h2>    <p>Erdnussbutter ist ein weltweit beliebtes Gew\u00fcrz, das sowohl in s\u00fc\u00dfen als auch in herzhaften Gerichten verwendet werden kann und in einer Vielzahl von Lebensmitteln weit verbreitet ist:<\/p>    <ul class=\"wp-block-list\"> <li>Westliche Speisen: verwendet in Pfannkuchen, Sandwiches, Erdnusskeksen, gebackenen Teigwaren, S\u00fc\u00dfigkeiten, Fr\u00fchst\u00fcckscerealien und Eiscreme usw.<\/li>    <li>Chinesische Speisen: verwendet in gebratenen Nudeln, Hot-Dry-Nudeln, gebratenen Nudeln, Hot-Pot-Dipsaucen, ged\u00e4mpften Br\u00f6tchen und als Gew\u00fcrz f\u00fcr gebratene Gerichte.<\/li>    <li>Andere Verwendungen: kann als F\u00fcllung oder Aufstrich f\u00fcr Kuchen, Brot, Br\u00f6tchen, Desserts und mehr verwendet werden.<\/li> <\/ul>   <div class=\"wp-block-image\"> <figure class=\"aligncenter size-full\"><img loading=\"lazy\" decoding=\"async\" width=\"720\" height=\"540\" src=\"https:\/\/www.peanuts-machine.com\/wp-content\/uploads\/2022\/08\/peanut-butter.webp\" alt=\"Erdnussbutter\" class=\"wp-image-54\" title=\"\" srcset=\"https:\/\/www.peanuts-machine.com\/wp-content\/uploads\/2022\/08\/peanut-butter.webp 720w, https:\/\/www.peanuts-machine.com\/wp-content\/uploads\/2022\/08\/peanut-butter-300x225.webp 300w\" sizes=\"auto, (max-width: 720px) 100vw, 720px\" \/><figcaption class=\"wp-element-caption\">Erdnussbutter<\/figcaption><\/figure> <\/div>   <h2 class=\"wp-block-heading\">Merkmale der automatischen Erdnussbutter-Produktionslinie<\/h2>    <ul class=\"wp-block-list\"> <li>Abdeckung des gesamten Prozesses von der R\u00f6stung, dem Sch\u00e4len, dem Zerkleinern, dem Mahlen bis zur Verpackung, was die Arbeitskosten erheblich reduziert.<\/li>    <li>Komplett aus korrosionsbest\u00e4ndigem Edelstahl gefertigt, sorgt f\u00fcr einen reibungslosen Betrieb, eine lange Lebensdauer und ein vollst\u00e4ndig geschlossenes Design zur Verhinderung von Kontamination.<\/li>    <li>Optimierte Grob- und Feinmahlwerke sorgen f\u00fcr eine glatte und cremige Erdnussbuttertextur.<\/li>    <li>Verf\u00fcgt \u00fcber eine Touchscreen-Oberfl\u00e4che f\u00fcr den automatisierten Betrieb, was die Bedienung und Verwaltung erleichtert.<\/li>    <li>Kann glatte, st\u00fcckige, s\u00fc\u00dfe oder salzige Erdnussbutter herstellen und eignet sich auch f\u00fcr Tahini, Mandelpaste und andere Produkte.<\/li>    <li>Kann angepasst werden, um die Anforderungen der Kunden an Produktionskapazit\u00e4t und Konfiguration zu erf\u00fcllen, geeignet f\u00fcr Fabriken verschiedener Gr\u00f6\u00dfen.<\/li>    <li>CE-zertifiziert, entspricht internationalen Sicherheits- und Qualit\u00e4tsstandards, gew\u00e4hrleistet Produktzuverl\u00e4ssigkeit.<\/li> <\/ul>   <div class=\"wp-block-image\"> <figure class=\"aligncenter size-full\"><img loading=\"lazy\" decoding=\"async\" width=\"720\" height=\"540\" src=\"https:\/\/www.peanuts-machine.com\/wp-content\/uploads\/2022\/08\/peanut-butter-production-line-1.webp\" alt=\"Produktionslinie f\u00fcr Erdnussbutter\" class=\"wp-image-794\" title=\"\" srcset=\"https:\/\/www.peanuts-machine.com\/wp-content\/uploads\/2022\/08\/peanut-butter-production-line-1.webp 720w, https:\/\/www.peanuts-machine.com\/wp-content\/uploads\/2022\/08\/peanut-butter-production-line-1-300x225.webp 300w, https:\/\/www.peanuts-machine.com\/wp-content\/uploads\/2022\/08\/peanut-butter-production-line-1-16x12.webp 16w\" sizes=\"auto, (max-width: 720px) 100vw, 720px\" \/><figcaption class=\"wp-element-caption\">Produktionslinie f\u00fcr Erdnussbutter<\/figcaption><\/figure> <\/div>  <div class=\"wp-block-image\"> <figure class=\"aligncenter size-full\"><img loading=\"lazy\" decoding=\"async\" width=\"720\" height=\"540\" src=\"https:\/\/www.peanuts-machine.com\/wp-content\/uploads\/2022\/08\/automatic-nut-butter-production-line.webp\" alt=\"automatische Nussbutter-Produktionslinie\" class=\"wp-image-1120\" title=\"\" srcset=\"https:\/\/www.peanuts-machine.com\/wp-content\/uploads\/2022\/08\/automatic-nut-butter-production-line.webp 720w, https:\/\/www.peanuts-machine.com\/wp-content\/uploads\/2022\/08\/automatic-nut-butter-production-line-300x225.webp 300w, https:\/\/www.peanuts-machine.com\/wp-content\/uploads\/2022\/08\/automatic-nut-butter-production-line-16x12.webp 16w\" sizes=\"auto, (max-width: 720px) 100vw, 720px\" \/><figcaption class=\"wp-element-caption\">automatische Nussbutter-Produktionslinie<\/figcaption><\/figure> <\/div>   <h2 class=\"wp-block-heading\" id=\"h-how-peanut-butter-is-made-in-factories\">Wie wird Erdnussbutter in Fabriken hergestellt?<\/h2>    <p>Die Erdnussbutter-Produktionslinie verwendet vollautomatische Prozesse, um eine effiziente Verarbeitung von Rohstoffen zu Fertigprodukten zu erreichen. Die Hauptprozesse umfassen:<\/p>    <ol class=\"wp-block-list\"> <li>R\u00f6sten und K\u00fchlen: Hochtemperaturr\u00f6stung verbessert das Aroma der Erdn\u00fcsse, gefolgt von schneller K\u00fchlung \u00fcber ein K\u00fchlband, um sie f\u00fcr das Sch\u00e4len vorzubereiten.<\/li>    <li>Sch\u00e4len und Mahlen: Nach effizientem Sch\u00e4len werden die Erdn\u00fcsse zu einer glatten Paste gemahlen.<\/li>    <li>W\u00fcrzen und Entgasen: Gew\u00fcrze werden gem\u00e4\u00df der Formel hinzugef\u00fcgt, um einen gleichm\u00e4\u00dfigen Geschmack zu gew\u00e4hrleisten, w\u00e4hrend das Entgasen die Haltbarkeit verl\u00e4ngert.<\/li>    <li>Verpackung: Die fertige Erdnussbutter wird mit automatischer Abf\u00fcllausr\u00fcstung automatisch in Flaschen oder Dosen abgef\u00fcllt, was den Verkauf erleichtert.<\/li> <\/ol>    <figure class=\"wp-block-embed aligncenter is-type-video is-provider-youtube wp-block-embed-youtube wp-embed-aspect-16-9 wp-has-aspect-ratio\"><div class=\"wp-block-embed__wrapper\"> <iframe loading=\"lazy\" title=\"Gro\u00df angelegte Erdnussbutter-Produktionslinie | Maschine zur Herstellung von Erdnussbutter\" width=\"500\" height=\"281\" src=\"https:\/\/www.youtube.com\/embed\/6hxYN-_xMGQ?feature=oembed\" frameborder=\"0\" allow=\"accelerometer; autoplay; clipboard-write; encrypted-media; gyroscope; picture-in-picture; web-share\" referrerpolicy=\"strict-origin-when-cross-origin\" allowfullscreen><\/iframe> <\/div><figcaption class=\"wp-element-caption\">Video des Arbeitsablaufs der Erdnussbutter-Produktionslinie<\/figcaption><\/figure>    <h2 class=\"wp-block-heading\" id=\"h-peanut-butter-processing-machine-introduction\">Einf\u00fchrung in die Erdnussbutter-Verarbeitungsmaschine<\/h2>    <ol class=\"wp-block-list\"> <li><strong><em><a href=\"https:\/\/www.peanuts-machine.com\/de\/product\/continuous-peanut-roasting-oven\/\">Erdnussr\u00f6stmaschine<\/a><\/em><\/strong>: automatische Temperaturregelung sorgt f\u00fcr gleichm\u00e4\u00dfiges Aroma.<\/li>    <li>K\u00fchlband: Schnelles Abk\u00fchlen verbessert die nachfolgende Sch\u00e4l-Effizienz.<\/li>    <li><strong><em><a href=\"https:\/\/www.peanuts-machine.com\/de\/product\/peanut-peeling-and-splitting-machine\/\">Erdnusssch\u00e4lmaschine<\/a><\/em><\/strong>: Sch\u00e4lrate bis zu 96%, verbessert die Mahlqualit\u00e4t.<\/li>    <li>Nussbutter-Mahlmaschine: Kernst\u00fcck, das in der Lage ist, hochfeine Erdnussbutter herzustellen.<\/li>    <li>Mischbeh\u00e4lter: Unterst\u00fctzt das Mischen verschiedener Gew\u00fcrze mit anpassbaren Geschmacksrichtungen.<\/li>    <li>Entgasungsbeh\u00e4lter: Entfernt Luft, um die Haltbarkeit des Produkts zu verl\u00e4ngern.<\/li>    <li><strong><em><a href=\"https:\/\/www.peanuts-machine.com\/de\/product\/peanut-butter-filling-machine\/\">Nussbutter-Abf\u00fcllmaschine<\/a><\/em><\/strong>: vollautomatische Abf\u00fcllung und Versiegelung, verbessert die Produktionseffizienz.<\/li> <\/ol>   <div class=\"wp-block-image\"> <figure class=\"aligncenter size-full\"><img loading=\"lazy\" decoding=\"async\" width=\"720\" height=\"540\" src=\"https:\/\/www.peanuts-machine.com\/wp-content\/uploads\/2022\/08\/continuous-peanut-roasting-machine.webp\" alt=\"Kontinuierliche Erdnussr\u00f6stanlage\" class=\"wp-image-1122\" title=\"\" srcset=\"https:\/\/www.peanuts-machine.com\/wp-content\/uploads\/2022\/08\/continuous-peanut-roasting-machine.webp 720w, https:\/\/www.peanuts-machine.com\/wp-content\/uploads\/2022\/08\/continuous-peanut-roasting-machine-300x225.webp 300w, https:\/\/www.peanuts-machine.com\/wp-content\/uploads\/2022\/08\/continuous-peanut-roasting-machine-16x12.webp 16w\" sizes=\"auto, (max-width: 720px) 100vw, 720px\" \/><figcaption class=\"wp-element-caption\">Kontinuierliche Erdnussr\u00f6stanlage<\/figcaption><\/figure> <\/div>  <div class=\"wp-block-image\"> <figure class=\"aligncenter size-full\"><img loading=\"lazy\" decoding=\"async\" width=\"720\" height=\"540\" src=\"https:\/\/www.peanuts-machine.com\/wp-content\/uploads\/2022\/08\/peanut-peeling-and-separating-machine.webp\" alt=\"Erdnuss-Sch\u00e4l- und Trennmaschine\" class=\"wp-image-1123\" title=\"\" srcset=\"https:\/\/www.peanuts-machine.com\/wp-content\/uploads\/2022\/08\/peanut-peeling-and-separating-machine.webp 720w, https:\/\/www.peanuts-machine.com\/wp-content\/uploads\/2022\/08\/peanut-peeling-and-separating-machine-300x225.webp 300w, https:\/\/www.peanuts-machine.com\/wp-content\/uploads\/2022\/08\/peanut-peeling-and-separating-machine-16x12.webp 16w\" sizes=\"auto, (max-width: 720px) 100vw, 720px\" \/><figcaption class=\"wp-element-caption\">Erdnuss-Sch\u00e4l- und Trennmaschine<\/figcaption><\/figure> <\/div>  <div class=\"wp-block-image\"> <figure class=\"aligncenter size-full\"><img loading=\"lazy\" decoding=\"async\" width=\"720\" height=\"540\" src=\"https:\/\/www.peanuts-machine.com\/wp-content\/uploads\/2022\/08\/peanut-butter-grinding-machine-1.webp\" alt=\"Erdnussbutter-Mahlmaschine\" class=\"wp-image-1119\" title=\"\" srcset=\"https:\/\/www.peanuts-machine.com\/wp-content\/uploads\/2022\/08\/peanut-butter-grinding-machine-1.webp 720w, https:\/\/www.peanuts-machine.com\/wp-content\/uploads\/2022\/08\/peanut-butter-grinding-machine-1-300x225.webp 300w, https:\/\/www.peanuts-machine.com\/wp-content\/uploads\/2022\/08\/peanut-butter-grinding-machine-1-16x12.webp 16w\" sizes=\"auto, (max-width: 720px) 100vw, 720px\" \/><figcaption class=\"wp-element-caption\">Erdnussbutter-Mahlmaschine<\/figcaption><\/figure> <\/div>   <h2 class=\"wp-block-heading\" id=\"h-200-kg-h-peanut-butter-production-line-parameters\">Parameter der 200kg\/h Erdnussbutter-Produktionslinie<\/h2>    <figure class=\"wp-block-table is-style-stripes\"><table><tbody><tr><td>Name<\/td><td>Leistung<\/td><td>Gr\u00f6\u00dfe<\/td><td>Gewicht<\/td><\/tr><tr><td>Erdnussr\u00f6stmaschine<\/td><td>130 kW<\/td><td>8500*1800*2600mm<\/td><td>3000kg<\/td><\/tr><tr><td>F\u00f6rderer<\/td><td>0,75 kW<\/td><td>900*750*3000mm<\/td><td>260kg<\/td><\/tr><tr><td>K\u00fchlg\u00fcrtel<\/td><td>5,6 kW<\/td><td>6000*1200*1600mm<\/td><td>600kg<\/td><\/tr><tr><td>Halberdnuss-Sch\u00e4lmaschine<\/td><td>3 kW<\/td><td>1900*800*1350mm<\/td><td>500kg&nbsp;<\/td><\/tr><tr><td>Lagersilo<\/td><td>0,04kw<\/td><td>1200*1100*3300mm<\/td><td>200kg<\/td><\/tr><tr><td>Colliod-M\u00fchle<\/td><td>30*2kw<\/td><td>1400*1250*2000mm<\/td><td>1300kg<\/td><\/tr><tr><td>Mischbeh\u00e4lter<\/td><td>3 kW<\/td><td>1000*1000*1900mm(500L)<\/td><td>200kg<\/td><\/tr><tr><td>Vakuumtank<\/td><td>3 1,5kw<\/td><td>900*900*2500mm(500L)<\/td><td>300kg<\/td><\/tr><tr><td>Lagertank<\/td><td>1,5 kW<\/td><td>900*900*1200mm(500L)<\/td><td>150kg<\/td><\/tr><\/tbody><\/table><figcaption class=\"wp-element-caption\">Technische Daten der kleinen Erdnussbutter-Produktionslinie<\/figcaption><\/figure>   <div class=\"wp-block-image\"> <figure class=\"aligncenter size-full\"><img loading=\"lazy\" decoding=\"async\" width=\"720\" height=\"540\" src=\"https:\/\/www.peanuts-machine.com\/wp-content\/uploads\/2022\/08\/peanut-butter-processing-plant-1.webp\" alt=\"Erdnussbutterverarbeitungsanlage\" class=\"wp-image-1118\" title=\"\" srcset=\"https:\/\/www.peanuts-machine.com\/wp-content\/uploads\/2022\/08\/peanut-butter-processing-plant-1.webp 720w, https:\/\/www.peanuts-machine.com\/wp-content\/uploads\/2022\/08\/peanut-butter-processing-plant-1-300x225.webp 300w, https:\/\/www.peanuts-machine.com\/wp-content\/uploads\/2022\/08\/peanut-butter-processing-plant-1-16x12.webp 16w\" sizes=\"auto, (max-width: 720px) 100vw, 720px\" \/><figcaption class=\"wp-element-caption\">Erdnussbutterverarbeitungsanlage<\/figcaption><\/figure> <\/div>   <h2 class=\"wp-block-heading\" id=\"h-how-to-make-your-own-peanut-butter-in-store\">Wie kann man Erdnussbutter im Laden selbst herstellen?<\/h2>    <p class=\"translation-block\">Wenn Sie ein Gesch\u00e4ft er\u00f6ffnen und Erdnussbutter verkaufen m\u00f6chten, ist keine gro\u00dfe Produktionslinie erforderlich. Alles, was Sie brauchen, ist eine <strong><em><a href=\"https:\/\/www.peanuts-machine.com\/de\/product\/small-peanut-butter-processing-line\/\">kleine Erdnussbutter-Verarbeitungsanlage<\/a><\/em><\/strong>.<\/p>    <ul class=\"wp-block-list\"> <li>Kosteng\u00fcnstig, kompakte Gr\u00f6\u00dfe: Die Ausr\u00fcstung ist erschwinglich, kompakt und platzsparend, was sie ideal f\u00fcr kleine und mittlere Gesch\u00e4fte macht.<\/li>    <li>Einfach zu bedienen, gleichbleibende Qualit\u00e4t: Die Maschine kann leicht glatte, geschmackvolle Erdnussbutter herstellen, die den Anforderungen des Gesch\u00e4ftsverkaufs entspricht.<\/li>    <li>Flexible Abl\u00e4ufe: Sie erf\u00fcllt nicht nur die Produktversorgungsbed\u00fcrfnisse Ihres eigenen Gesch\u00e4fts, sondern erm\u00f6glicht es Ihnen auch, Gewinnkan\u00e4le durch Kleinserienverarbeitung zu erweitern.<\/li> <\/ul>   <div class=\"wp-block-image\"> <figure class=\"aligncenter size-full\"><img loading=\"lazy\" decoding=\"async\" width=\"720\" height=\"540\" src=\"https:\/\/www.peanuts-machine.com\/wp-content\/uploads\/2022\/08\/nut-butter-processing-plant.webp\" alt=\"Nussbutter-Verarbeitungsanlage\" class=\"wp-image-795\" title=\"\" srcset=\"https:\/\/www.peanuts-machine.com\/wp-content\/uploads\/2022\/08\/nut-butter-processing-plant.webp 720w, https:\/\/www.peanuts-machine.com\/wp-content\/uploads\/2022\/08\/nut-butter-processing-plant-300x225.webp 300w, https:\/\/www.peanuts-machine.com\/wp-content\/uploads\/2022\/08\/nut-butter-processing-plant-16x12.webp 16w\" sizes=\"auto, (max-width: 720px) 100vw, 720px\" \/><figcaption class=\"wp-element-caption\">Nussbutter-Verarbeitungsanlage<\/figcaption><\/figure> <\/div>   <h2 class=\"wp-block-heading\" id=\"h-factors-affecting-the-cost-of-a-peanut-butter-processing-plant\">Faktoren, die die Kosten von Erdnussbutter-Verarbeitungsanlagen beeinflussen<\/h2>    <ul class=\"wp-block-list\"> <li>Standort der Fabrik: Fabrikmieten und Grundst\u00fcckspreise sind in der N\u00e4he des Stadtzentrums h\u00f6her, daher ist die Wahl eines Standorts au\u00dferhalb der Stadt wirtschaftlicher.<\/li>    <li>Konfiguration der Produktionslinie: vollautomatische Erdnussbutter-Produktionslinien sind hocheffizient, aber teurer. Wenn die Mittel begrenzt sind, k\u00f6nnen halbautomatische Produktionslinien gew\u00e4hlt werden, die eine geringere Investition erfordern.<\/li>    <li>Lohnkosten: Mit der Verbesserung der Wirtschaft steigen auch die Lohnkosten, daher sind die Arbeitskosten einer der wichtigen Faktoren, die die Gesamtkosten beeinflussen.<\/li> <\/ul>   <div class=\"wp-block-image\"> <figure class=\"aligncenter size-full\"><img loading=\"lazy\" decoding=\"async\" width=\"720\" height=\"540\" src=\"https:\/\/www.peanuts-machine.com\/wp-content\/uploads\/2022\/08\/commercial-peanut-butter-line.webp\" alt=\"kommerzielle Erdnussbutterlinie\" class=\"wp-image-796\" title=\"\" srcset=\"https:\/\/www.peanuts-machine.com\/wp-content\/uploads\/2022\/08\/commercial-peanut-butter-line.webp 720w, https:\/\/www.peanuts-machine.com\/wp-content\/uploads\/2022\/08\/commercial-peanut-butter-line-300x225.webp 300w, https:\/\/www.peanuts-machine.com\/wp-content\/uploads\/2022\/08\/commercial-peanut-butter-line-16x12.webp 16w\" sizes=\"auto, (max-width: 720px) 100vw, 720px\" \/><figcaption class=\"wp-element-caption\">kommerzielle Erdnussbutterlinie<\/figcaption><\/figure> <\/div>   <p class=\"translation-block\">Basierend auf Ihrer finanziellen St\u00e4rke und Ihren Produktionsanforderungen ist die Wahl der richtigen L\u00f6sung der Schl\u00fcssel zur Erzielung des optimalen Gleichgewichts zwischen Investition und Rendite. Taizy bietet Kunden eine Vielzahl von Optionen, von kleinen halbautomatischen bis hin zu gro\u00dfen vollautomatischen Produktionslinien, die Ihnen helfen, Ihr <a href=\"https:\/\/en.wikipedia.org\/wiki\/Peanut_butter\" target=\"_blank\" rel=\"noopener\">Erdnussbutter<\/a>-Verarbeitungsgesch\u00e4ft einfach zu starten.<\/p>","protected":false},"excerpt":{"rendered":"<p>Die Erdnussbutter Produktionslinie ist anpassbar und kann verschiedene Arten von Nussbutter produzieren. Mit einer Produktionskapazit\u00e4t von 200-1000 kg\/h ist sie f\u00fcr die Produktion in Fabriken unterschiedlicher Gr\u00f6\u00dfen geeignet.<\/p>","protected":false},"author":1,"featured_media":50,"parent":0,"template":"","tags":[35],"product-type":[3],"class_list":["post-47","product","type-product","status-publish","has-post-thumbnail","hentry","tag-peanut-butter","product-type-peanut-processing-lines"],"_links":{"self":[{"href":"https:\/\/www.peanuts-machine.com\/de\/wp-json\/wp\/v2\/product\/47","targetHints":{"allow":["GET"]}}],"collection":[{"href":"https:\/\/www.peanuts-machine.com\/de\/wp-json\/wp\/v2\/product"}],"about":[{"href":"https:\/\/www.peanuts-machine.com\/de\/wp-json\/wp\/v2\/types\/product"}],"author":[{"embeddable":true,"href":"https:\/\/www.peanuts-machine.com\/de\/wp-json\/wp\/v2\/users\/1"}],"wp:featuredmedia":[{"embeddable":true,"href":"https:\/\/www.peanuts-machine.com\/de\/wp-json\/wp\/v2\/media\/50"}],"wp:attachment":[{"href":"https:\/\/www.peanuts-machine.com\/de\/wp-json\/wp\/v2\/media?parent=47"}],"wp:term":[{"taxonomy":"post_tag","embeddable":true,"href":"https:\/\/www.peanuts-machine.com\/de\/wp-json\/wp\/v2\/tags?post=47"},{"taxonomy":"product-type","embeddable":true,"href":"https:\/\/www.peanuts-machine.com\/de\/wp-json\/wp\/v2\/product-type?post=47"}],"curies":[{"name":"wp","href":"https:\/\/api.w.org\/{rel}","templated":true}]}}