{"id":55,"date":"2022-08-09T08:50:11","date_gmt":"2022-08-09T08:50:11","guid":{"rendered":"https:\/\/www.peanuts-machine.com\/?post_type=product&#038;p=55"},"modified":"2025-08-22T18:02:51","modified_gmt":"2025-08-22T10:02:51","slug":"coated-peanut-production-line","status":"publish","type":"product","link":"https:\/\/www.peanuts-machine.com\/de\/product\/coated-peanut-production-line\/","title":{"rendered":"Mehlbeschichtete Erdnuss-Produktionslinie | Erdnuss-Beschichtungs-Verarbeitungsanlage"},"content":{"rendered":"<div class=\"kk-star-ratings kksr-auto kksr-align-left kksr-valign-top\"     data-payload='{&quot;align&quot;:&quot;left&quot;,&quot;id&quot;:&quot;55&quot;,&quot;slug&quot;:&quot;default&quot;,&quot;valign&quot;:&quot;top&quot;,&quot;ignore&quot;:&quot;&quot;,&quot;reference&quot;:&quot;auto&quot;,&quot;class&quot;:&quot;&quot;,&quot;count&quot;:&quot;21&quot;,&quot;legendonly&quot;:&quot;&quot;,&quot;readonly&quot;:&quot;&quot;,&quot;score&quot;:&quot;4.6&quot;,&quot;starsonly&quot;:&quot;&quot;,&quot;best&quot;:&quot;5&quot;,&quot;gap&quot;:&quot;5&quot;,&quot;greet&quot;:&quot;Rate this product&quot;,&quot;legend&quot;:&quot;4.6\\\/5 - (21 votes)&quot;,&quot;size&quot;:&quot;24&quot;,&quot;title&quot;:&quot;Flour Coated Peanut Production Line | Peanut Coating Processing Line&quot;,&quot;width&quot;:&quot;130.9&quot;,&quot;_legend&quot;:&quot;{score}\\\/{best} - ({count} {votes})&quot;,&quot;font_factor&quot;:&quot;1.25&quot;}'>              <div class=\"kksr-stars\">      <div class=\"kksr-stars-inactive\">             <div class=\"kksr-star\" data-star=\"1\" style=\"padding-right: 5px\">               <div class=\"kksr-icon\" style=\"width: 24px; height: 24px;\"><\/div>         <\/div>             <div class=\"kksr-star\" data-star=\"2\" style=\"padding-right: 5px\">               <div class=\"kksr-icon\" style=\"width: 24px; height: 24px;\"><\/div>         <\/div>             <div class=\"kksr-star\" data-star=\"3\" style=\"padding-right: 5px\">               <div class=\"kksr-icon\" style=\"width: 24px; height: 24px;\"><\/div>         <\/div>             <div class=\"kksr-star\" data-star=\"4\" style=\"padding-right: 5px\">               <div class=\"kksr-icon\" style=\"width: 24px; height: 24px;\"><\/div>         <\/div>             <div class=\"kksr-star\" data-star=\"5\" style=\"padding-right: 5px\">               <div class=\"kksr-icon\" style=\"width: 24px; height: 24px;\"><\/div>         <\/div>     <\/div>      <div class=\"kksr-stars-active\" style=\"width: 130.9px;\">             <div class=\"kksr-star\" style=\"padding-right: 5px\">               <div class=\"kksr-icon\" style=\"width: 24px; height: 24px;\"><\/div>         <\/div>             <div class=\"kksr-star\" style=\"padding-right: 5px\">               <div class=\"kksr-icon\" style=\"width: 24px; height: 24px;\"><\/div>         <\/div>             <div class=\"kksr-star\" style=\"padding-right: 5px\">               <div class=\"kksr-icon\" style=\"width: 24px; height: 24px;\"><\/div>         <\/div>             <div class=\"kksr-star\" style=\"padding-right: 5px\">               <div class=\"kksr-icon\" style=\"width: 24px; height: 24px;\"><\/div>         <\/div>             <div class=\"kksr-star\" style=\"padding-right: 5px\">               <div class=\"kksr-icon\" style=\"width: 24px; height: 24px;\"><\/div>         <\/div>     <\/div> <\/div>                   <div class=\"kksr-legend\" style=\"font-size: 19.2px;\">             4,6\/5 - (21 Bewertungen)    <\/div>     <\/div>  <p>Die Produktionslinie f\u00fcr beschichtete Erdn\u00fcsse ist speziell f\u00fcr die gro\u00dftechnische, vollst\u00e4ndig automatisierte Verarbeitung von beschichteten Erdn\u00fcssen und anderen beschichteten H\u00fclsenfr\u00fcchte-Snacks konzipiert. Sie verwendet Erdn\u00fcsse, Ackerbohnen, Cashewn\u00fcsse, Macadamian\u00fcsse und andere Zutaten als Hauptrohstoffe und durchl\u00e4uft Prozesse wie R\u00f6sten, Schalen, Beschichten, Backen, W\u00fcrzen, Abk\u00fchlen und Verpacken.<\/p>    <p>Das Endprodukt weist eine gleichm\u00e4\u00dfige Beschichtung, ein ansprechendes Aussehen und eine knusprige Textur auf, was es auf dem Markt sehr beliebt macht. Es ist ideal f\u00fcr Investitionen und den Einsatz durch mittelgro\u00dfe bis gro\u00dfe Lebensmittelverarbeitungsbetriebe und Snackfood-Unternehmen.<\/p>    <p>Diese Produktionslinie f\u00fcr beschichtete Erdn\u00fcsse bietet einen hohen Automatisierungsgrad, sodass in der Regel nur 4 Arbeiter ben\u00f6tigt werden, um die gesamte Linie zu bedienen. Dies senkt nicht nur effektiv die Arbeitskosten und verringert die Produktionsausgaben, sondern steigert auch erheblich die Produktionseffizienz und Produktqualit\u00e4t.<\/p>    <figure class=\"wp-block-embed aligncenter is-type-video is-provider-youtube wp-block-embed-youtube wp-embed-aspect-16-9 wp-has-aspect-ratio\"><div class=\"wp-block-embed__wrapper\"> <iframe loading=\"lazy\" title=\"Erdnussbeschichtungsmaschine | Automatische Produktionslinie f\u00fcr bemehlte Erdn\u00fcsse\" width=\"500\" height=\"281\" src=\"https:\/\/www.youtube.com\/embed\/lmT3N2ml4vQ?feature=oembed\" frameborder=\"0\" allow=\"accelerometer; autoplay; clipboard-write; encrypted-media; gyroscope; picture-in-picture; web-share\" referrerpolicy=\"strict-origin-when-cross-origin\" allowfullscreen><\/iframe> <\/div><figcaption class=\"wp-element-caption\">Arbeitsvideo der Produktionslinie f\u00fcr beschichtete Erdn\u00fcsse<\/figcaption><\/figure>    <h2 class=\"wp-block-heading\">Anwendung der Produktionslinie f\u00fcr Erdnussbeschichtungen<\/h2>    <ul class=\"wp-block-list\"> <li>Erdnussprodukte: zuckerbeschichtete Erdn\u00fcsse, pulverbeschichtete Erdn\u00fcsse, Honigerdn\u00fcsse, w\u00fcrzige Erdn\u00fcsse, Senferdn\u00fcsse, Schokoladenerdn\u00fcsse, Erdnussburger usw.<\/li>    <li>Bohnenprodukte: beschichtete Ackerbohnen, beschichtete gr\u00fcne Bohnen, beschichtete Erbsen, beschichtete Edamame usw.<\/li>    <li>Nussprodukte: beschichtete Cashewn\u00fcsse, Macadamian\u00fcsse, Sonnenblumenkerne usw.<\/li>    <li>Vielf\u00e4ltige Snacks: k\u00f6nnen erweitert werden um w\u00fcrzige knusprige Chips, gepuffte Lebensmittel, Schokoladenbohnen, mit Meeresfr\u00fcchten beschichtete Snacks und andere Spezialsnacks.<\/li> <\/ul>   <div class=\"wp-block-image\"> <figure class=\"aligncenter size-full\"><img loading=\"lazy\" decoding=\"async\" width=\"750\" height=\"457\" src=\"https:\/\/www.peanuts-machine.com\/wp-content\/uploads\/2022\/08\/finished-products.webp\" alt=\"Fertige Produkte der Produktionslinie f\u00fcr beschichtete Erdn\u00fcsse\" class=\"wp-image-64\" title=\"\" srcset=\"https:\/\/www.peanuts-machine.com\/wp-content\/uploads\/2022\/08\/finished-products.webp 750w, https:\/\/www.peanuts-machine.com\/wp-content\/uploads\/2022\/08\/finished-products-300x183.webp 300w\" sizes=\"auto, (max-width: 750px) 100vw, 750px\" \/><figcaption class=\"wp-element-caption\">Fertige Produkte der Produktionslinie f\u00fcr beschichtete Erdn\u00fcsse<\/figcaption><\/figure> <\/div>   <h2 class=\"wp-block-heading\">Vorteile der Erdnussbeschichtungsproduktionslinie<\/h2>    <ul class=\"wp-block-list\"> <li>Die Prozessparameter der gesamten Produktionslinie f\u00fcr beschichtete Erdn\u00fcsse (Temperatur, Geschwindigkeit, Winkel usw.) k\u00f6nnen frei angepasst werden, um eine kontinuierliche Produktion mit minimaler manueller Aufsicht zu erreichen.<\/li>    <li>Die Beschichtung ist gleichm\u00e4\u00dfig und konsistent in der Dicke, was zu einer glatten und ansprechenden Oberfl\u00e4chenbeschaffenheit, einer knusprigen Textur und hohen Wiederkaufquoten f\u00fchrt.<\/li>    <li>Angepasste Produktionskapazit\u00e4ten k\u00f6nnen auf die Bed\u00fcrfnisse sowohl von kleinen als auch von gro\u00dfen Verarbeitungsbetrieben zugeschnitten werden.<\/li>    <li>Alle Teile, die mit Lebensmitteln in Kontakt kommen, bestehen aus Edelstahl in Lebensmittelqualit\u00e4t, der langlebig, leicht zu reinigen und konform mit den Lebensmittelsicherheitsstandards ist.<\/li>    <li>Einstellbare Parameter umfassen Neigungswinkel, Heizmethoden und Geschwindigkeit, mit optionalen Zubeh\u00f6rteilen wie Spr\u00fchgunsystemen und Staubabsaugsystemen.<\/li>    <li>Geeignet nicht nur f\u00fcr Erdn\u00fcsse, sondern auch f\u00fcr die Verarbeitung verschiedener H\u00fclsenfr\u00fcchte und N\u00fcsse, um den vielf\u00e4ltigen Marktanforderungen gerecht zu werden.<\/li> <\/ul>   <div class=\"wp-block-image\"> <figure class=\"aligncenter size-full\"><img loading=\"lazy\" decoding=\"async\" width=\"750\" height=\"290\" src=\"https:\/\/www.peanuts-machine.com\/wp-content\/uploads\/2022\/08\/different-kinds-of-coated-peanut.webp\" alt=\"verschiedene Sorten panierte Erdn\u00fcsse\" class=\"wp-image-61\" title=\"\" srcset=\"https:\/\/www.peanuts-machine.com\/wp-content\/uploads\/2022\/08\/different-kinds-of-coated-peanut.webp 750w, https:\/\/www.peanuts-machine.com\/wp-content\/uploads\/2022\/08\/different-kinds-of-coated-peanut-300x116.webp 300w\" sizes=\"auto, (max-width: 750px) 100vw, 750px\" \/><figcaption class=\"wp-element-caption\">verschiedene Sorten panierte Erdn\u00fcsse<\/figcaption><\/figure> <\/div>   <h2 class=\"wp-block-heading\" id=\"h-the-main-equipment-of-coated-peanut-production-line\">Hauptger\u00e4te der beschichteten Erdnussproduktionslinie<\/h2>    <h3 class=\"wp-block-heading\" id=\"h-peanut-roasting-machine\">Erdnussr\u00f6stmaschine<\/h3>    <p>Die Erdnussr\u00f6stmaschine wird verwendet, um Erdnusskerne zu r\u00f6sten. Das Rollendesign sorgt daf\u00fcr, dass die Erdn\u00fcsse gleichm\u00e4\u00dfig erhitzt werden und nicht leicht anbrennen. Au\u00dferdem kann die Bruchrate der Erdn\u00fcsse verringert werden. <\/p>    <p>Gleichzeitig wird die Feuchtigkeit der Erdn\u00fcsse auf weniger als 5 % reduziert. Sie k\u00f6nnen verschiedene Heizmethoden wie elektrische Heizung, Gasheizung und Kohlenheizung w\u00e4hlen.<\/p>    <figure class=\"wp-block-table\"><table><tbody><tr><td>Modell<\/td><td>Abmessung (mm)<\/td><td>Kapazit\u00e4t (kg\/h)<\/td><td>Leistung (kw)<\/td><td>Strom Heizung (kW)<\/td><td>Gasheizung (kg)<\/td><\/tr><tr><td>TZ-1<\/td><td>3000*1200*1700<\/td><td>80-120<\/td><td>1.1<\/td><td>18<\/td><td>2-3<\/td><\/tr><tr><td>TZ-2<\/td><td>3000*2200*1700<\/td><td>180-250<\/td><td>2.2<\/td><td>35<\/td><td>4-6<\/td><\/tr><tr><td>TZ-3<\/td><td>3000*3300*1700<\/td><td>280-350<\/td><td>3.3<\/td><td>45<\/td><td>6-8<\/td><\/tr><tr><td>TZ-4<\/td><td>3000*4400*1700<\/td><td>380-450<\/td><td>4.4<\/td><td>60<\/td><td>8-10<\/td><\/tr><tr><td>TZ-5<\/td><td>3000*5500*1700<\/td><td>500-650<\/td><td>5.5<\/td><td>75<\/td><td>10-12<\/td><\/tr><\/tbody><\/table><figcaption class=\"wp-element-caption\">Trommel-Erdnussr\u00f6stmaschine<\/figcaption><\/figure>   <div class=\"wp-block-image\"> <figure class=\"aligncenter size-full\"><img loading=\"lazy\" decoding=\"async\" width=\"720\" height=\"540\" src=\"https:\/\/www.peanuts-machine.com\/wp-content\/uploads\/2022\/08\/peanut-roaster-machine.webp\" alt=\"Erdnussr\u00f6stermaschine\" class=\"wp-image-66\" title=\"\" srcset=\"https:\/\/www.peanuts-machine.com\/wp-content\/uploads\/2022\/08\/peanut-roaster-machine.webp 720w, https:\/\/www.peanuts-machine.com\/wp-content\/uploads\/2022\/08\/peanut-roaster-machine-300x225.webp 300w\" sizes=\"auto, (max-width: 720px) 100vw, 720px\" \/><figcaption class=\"wp-element-caption\">Erdnussr\u00f6stermaschine<\/figcaption><\/figure> <\/div>   <h3 class=\"wp-block-heading\" id=\"h-peanut-peeling-machine\">Erdnusssch\u00e4lmaschine<\/h3>    <p class=\"translation-block\">Die trockene <a href=\"https:\/\/www.peanuts-machine.com\/de\/product\/peanut-peeling-machine\/\">Erdnuss-Sch\u00e4lmaschine<\/a> kann die Erdnussschale vom Erdnusskern trennen. Die Sch\u00e4lrate der Maschine liegt \u00fcber 96 %.<\/p>    <figure class=\"wp-block-table\"><table><tbody><tr><td>Komplettpreis<\/td><td>\u226596%<\/td><\/tr><tr><td>Dimension<\/td><td>1100*400*1000mm<\/td><\/tr><tr><td>Kapazit\u00e4t<\/td><td>200-250kg\/h<\/td><\/tr><\/tbody><\/table><figcaption class=\"wp-element-caption\">Trockene Erdnuss-Sch\u00e4lmaschine<\/figcaption><\/figure>   <div class=\"wp-block-image\"> <figure class=\"aligncenter size-full\"><img loading=\"lazy\" decoding=\"async\" width=\"720\" height=\"540\" src=\"https:\/\/www.peanuts-machine.com\/wp-content\/uploads\/2022\/08\/dry-type-peanut-peeling-machine.webp\" alt=\"Trocken-Erdnusssch\u00e4lmaschine\" class=\"wp-image-62\" title=\"\" srcset=\"https:\/\/www.peanuts-machine.com\/wp-content\/uploads\/2022\/08\/dry-type-peanut-peeling-machine.webp 720w, https:\/\/www.peanuts-machine.com\/wp-content\/uploads\/2022\/08\/dry-type-peanut-peeling-machine-300x225.webp 300w\" sizes=\"auto, (max-width: 720px) 100vw, 720px\" \/><figcaption class=\"wp-element-caption\">Trocken-Erdnusssch\u00e4lmaschine<\/figcaption><\/figure> <\/div>   <h3 class=\"wp-block-heading\" id=\"h-coated-peanut-making-machine\">Maschine zur Herstellung beschichteter Erdn\u00fcsse<\/h3>    <p class=\"translation-block\">Die <a href=\"https:\/\/www.peanuts-machine.com\/de\/product\/coated-peanut-making-machine\/\">Erdnussbeschichtungsmaschine<\/a> ist die Hauptmaschine in der Erdn\u00fcsse in Mehl beschichteten Produktionslinie. Die Beschichtungsmaschine sorgt daf\u00fcr, dass das Material unter dem Einfluss der Zentrifugalkraft im Inneren der Maschine rollt und reibt.<\/p>    <p>Dann wird der Erdnusskern gleichm\u00e4\u00dfig mit Puderzucker vermischt, und die Oberfl\u00e4che der mit unserer Maschine hergestellten beschichteten Erdn\u00fcsse ist glatt.<\/p>    <figure class=\"wp-block-table\"><table><tbody><tr><td>Leistung<\/td><td>1,1 kW\/380 V, 220 V<\/td><\/tr><tr><td>Gewicht<\/td><td>180kg<\/td><\/tr><tr><td>Dimension<\/td><td>1200*1000*1300<\/td><\/tr><tr><td>Durchmesser<\/td><td>1000 mm<\/td><\/tr><\/tbody><\/table><figcaption class=\"wp-element-caption\">automatische Erdnussbeschichtungsmaschine<\/figcaption><\/figure>   <div class=\"wp-block-image\"> <figure class=\"aligncenter size-full\"><img loading=\"lazy\" decoding=\"async\" width=\"720\" height=\"540\" src=\"https:\/\/www.peanuts-machine.com\/wp-content\/uploads\/2022\/08\/flour-coated-peanut-making-machine.webp\" alt=\"Maschine zur Herstellung von mit Mehl \u00fcberzogenen Erdn\u00fcssen\" class=\"wp-image-65\" title=\"\" srcset=\"https:\/\/www.peanuts-machine.com\/wp-content\/uploads\/2022\/08\/flour-coated-peanut-making-machine.webp 720w, https:\/\/www.peanuts-machine.com\/wp-content\/uploads\/2022\/08\/flour-coated-peanut-making-machine-300x225.webp 300w\" sizes=\"auto, (max-width: 720px) 100vw, 720px\" \/><figcaption class=\"wp-element-caption\">Maschine zur Herstellung von mit Mehl \u00fcberzogenen Erdn\u00fcssen<\/figcaption><\/figure> <\/div>   <h3 class=\"wp-block-heading\" id=\"h-peanut-swing-oven\">Erdnuss-Schwingofen<\/h3>    <p class=\"translation-block\">Der <a href=\"https:\/\/www.peanuts-machine.com\/de\/product\/peanut-roasting-machine\/\">Erdnuss-Schwenk-R\u00f6ster<\/a> ist eine Maschine, die die umh\u00fcllten Erdn\u00fcsse mittels elektrischer und Gasheizung r\u00f6stet. Diese Maschine ist einfach zu bedienen. Arbeiter m\u00fcssen nur die Erdn\u00fcsse in den Erdnussr\u00f6ster geben. Dann 15 Minuten warten, um sie aus dem Ofen zu nehmen.<\/p>    <figure class=\"wp-block-table\"><table><tbody><tr><td>Leistung<\/td><td>25,75 kW<\/td><\/tr><tr><td>Stromspannung<\/td><td>380 V\/50 Hz<\/td><\/tr><tr><td>Gr\u00f6\u00dfe<\/td><td>2200*2000*1500mm<\/td><\/tr><tr><td>Heizleistung<\/td><td>25 kW<\/td><\/tr><tr><td>Schwungkraft<\/td><td>0,75 kW<\/td><\/tr><tr><td>Gewicht<\/td><td>500kg<\/td><\/tr><tr><td>Geschwindigkeit<\/td><td>40\u201360 Mal\/Minute<\/td><\/tr><\/tbody><\/table><figcaption class=\"wp-element-caption\">Erdnuss-Snack-R\u00f6stofen<\/figcaption><\/figure>   <div class=\"wp-block-image\"> <figure class=\"aligncenter size-full\"><img loading=\"lazy\" decoding=\"async\" width=\"720\" height=\"540\" src=\"https:\/\/www.peanuts-machine.com\/wp-content\/uploads\/2022\/08\/swing-oven.webp\" alt=\"Nussschwenkofen\" class=\"wp-image-69\" title=\"\" srcset=\"https:\/\/www.peanuts-machine.com\/wp-content\/uploads\/2022\/08\/swing-oven.webp 720w, https:\/\/www.peanuts-machine.com\/wp-content\/uploads\/2022\/08\/swing-oven-300x225.webp 300w\" sizes=\"auto, (max-width: 720px) 100vw, 720px\" \/><figcaption class=\"wp-element-caption\">Nussschwenkofen<\/figcaption><\/figure> <\/div>   <h3 class=\"wp-block-heading\" id=\"h-peanut-seasoning-machine\">Erdnuss-W\u00fcrzmaschine<\/h3>    <p>Die Erdnuss-Gew\u00fcrzmaschine kann Erdn\u00fcsse und Gew\u00fcrze gut mischen. Unsere Maschine kann mit einem externen Spr\u00fchger\u00e4t oder manuellem Materialgie\u00dfen verbunden werden. Benutzer k\u00f6nnen je nach Bedarf die erforderlichen Gew\u00fcrze in die Maschine geben.<\/p>    <figure class=\"wp-block-table\"><table><tbody><tr><td>Leistung<\/td><td>1,1 kW\/380 V<\/td><\/tr><tr><td>Gewicht<\/td><td>150kg<\/td><\/tr><tr><td>Dimension<\/td><td>1000*800*1300mm<\/td><\/tr><tr><td>Laufdurchmesser<\/td><td>1000 mm<\/td><\/tr><tr><td>Kapazit\u00e4t<\/td><td>300kg\/h<\/td><\/tr><\/tbody><\/table><figcaption class=\"wp-element-caption\">Snack-W\u00fcrzmaschine<\/figcaption><\/figure>   <div class=\"wp-block-image\"> <figure class=\"aligncenter size-full\"><img loading=\"lazy\" decoding=\"async\" width=\"750\" height=\"540\" src=\"https:\/\/www.peanuts-machine.com\/wp-content\/uploads\/2022\/08\/coated-peanuts-seasoning-machine.webp\" alt=\"W\u00fcrzmaschine f\u00fcr beschichtete Erdn\u00fcsse\" class=\"wp-image-60\" title=\"\" srcset=\"https:\/\/www.peanuts-machine.com\/wp-content\/uploads\/2022\/08\/coated-peanuts-seasoning-machine.webp 750w, https:\/\/www.peanuts-machine.com\/wp-content\/uploads\/2022\/08\/coated-peanuts-seasoning-machine-300x216.webp 300w\" sizes=\"auto, (max-width: 750px) 100vw, 750px\" \/><figcaption class=\"wp-element-caption\">W\u00fcrzmaschine f\u00fcr beschichtete Erdn\u00fcsse<\/figcaption><\/figure> <\/div>   <h3 class=\"wp-block-heading\" id=\"h-peanut-cooling-machine\">Erdnussk\u00fchlmaschine<\/h3>    <p>Der Erdnussk\u00fchler ist eine Maschine, mit der die Temperatur der verpackten Erdn\u00fcsse gesenkt wird. Dies dient der Vorbereitung f\u00fcr das anschlie\u00dfende Verpacken. Die Maschine besteht haupts\u00e4chlich aus dem K\u00fchlteil und dem Speicherteil.<\/p>    <figure class=\"wp-block-table\"><table><tbody><tr><td>Modell<\/td><td>Kapazit\u00e4t (kg\/h)<\/td><td>L\u00fcfterleistung (kW)<\/td><td>Spannung\/Frequenz<\/td><td>Abmessung (mm)<\/td><\/tr><tr><td>TP-1<\/td><td>200-300<\/td><td>1.1<\/td><td>380 V\/220 V, 50 Hz<\/td><td>1300*600*600<\/td><\/tr><\/tbody><\/table><figcaption class=\"wp-element-caption\">K\u00fchlmaschine<\/figcaption><\/figure>    <h3 class=\"wp-block-heading\" id=\"h-peanut-granule-packing-machine\">Verpackungsmaschine f\u00fcr Erdnussgranulat<\/h3>    <p>Die Verpackungsmaschine f\u00fcr Erdnussgranulate eignet sich zum Verpacken von Erdnussgranulaten, Popcorn, verschiedenen N\u00fcssen und anderen granularen Materialien. Sie ist auch die letzte Maschine in der Produktionslinie f\u00fcr beschichtete Erdn\u00fcsse.<\/p>    <figure class=\"wp-block-table\"><table><tbody><tr><td>Taschenstil<\/td><td>R\u00fcckensiegel (anpassbar)<\/td><\/tr><tr><td>Verpackungsgeschwindigkeit<\/td><td>37\u201372 Beutel\/Minute oder 50\u2013100 Beutel\/Minute<\/td><\/tr><tr><td>Taschenl\u00e4nge<\/td><td>30-180mm<\/td><\/tr><tr><td>F\u00fcllbereich<\/td><td>22-220 ml<\/td><\/tr><tr><td>Stromverbrauch<\/td><td>1,8 kW<\/td><\/tr><tr><td>Gewicht<\/td><td>250kg<\/td><\/tr><tr><td>Abmessungen<\/td><td>650*1050*1950mm<\/td><\/tr><tr><td>Kartongr\u00f6\u00dfe<\/td><td>1100*750*1820mm<\/td><\/tr><\/tbody><\/table><figcaption class=\"wp-element-caption\">Verpackungsmaschine f\u00fcr beschichtete Erdn\u00fcsse<\/figcaption><\/figure>   <div class=\"wp-block-image\"> <figure class=\"aligncenter size-full\"><img loading=\"lazy\" decoding=\"async\" width=\"720\" height=\"540\" src=\"https:\/\/www.peanuts-machine.com\/wp-content\/uploads\/2022\/08\/peanuts-packing-machine.webp\" alt=\"Erdnussverpackungsmaschine\" class=\"wp-image-67\" title=\"\" srcset=\"https:\/\/www.peanuts-machine.com\/wp-content\/uploads\/2022\/08\/peanuts-packing-machine.webp 720w, https:\/\/www.peanuts-machine.com\/wp-content\/uploads\/2022\/08\/peanuts-packing-machine-300x225.webp 300w\" sizes=\"auto, (max-width: 720px) 100vw, 720px\" \/><figcaption class=\"wp-element-caption\">Erdnussverpackungsmaschine<\/figcaption><\/figure> <\/div>   <h2 class=\"wp-block-heading\" id=\"h-summary\">Zusammenfassung<\/h2>    <p>Die zuckerbeschichtete Erdnussproduktionslinie muss gem\u00e4\u00df den spezifischen Anforderungen des Kunden hinsichtlich der Produktionsmenge und der Gr\u00f6\u00dfe des Produktionswerks angepasst werden. Als vertrauensw\u00fcrdiger Lieferant von Erdnussverarbeitungsmaschinen bietet unser Unternehmen eine Reihe von ma\u00dfgeschneiderten Dienstleistungen an, wie z.B. einen perfekten Prozessfluss und die Anpassung der Ausr\u00fcstung. <\/p>   <div class=\"wp-block-image\"> <figure class=\"aligncenter size-full\"><img loading=\"lazy\" decoding=\"async\" width=\"750\" height=\"363\" src=\"https:\/\/www.peanuts-machine.com\/wp-content\/uploads\/2022\/08\/coated-peanuts-making-machine.webp\" alt=\"Maschine zur Herstellung von mit Zucker \u00fcberzogenen Erdn\u00fcssen\" class=\"wp-image-59\" title=\"\" srcset=\"https:\/\/www.peanuts-machine.com\/wp-content\/uploads\/2022\/08\/coated-peanuts-making-machine.webp 750w, https:\/\/www.peanuts-machine.com\/wp-content\/uploads\/2022\/08\/coated-peanuts-making-machine-300x145.webp 300w\" sizes=\"auto, (max-width: 750px) 100vw, 750px\" \/><figcaption class=\"wp-element-caption\">Maschine zur Herstellung von mit Zucker \u00fcberzogenen Erdn\u00fcssen<\/figcaption><\/figure> <\/div>   <p>Wenn Sie effiziente, sichere und anpassbare Ger\u00e4te f\u00fcr die Produktionslinie von beschichteten Erdn\u00fcssen suchen, z\u00f6gern Sie bitte nicht, uns f\u00fcr detaillierte Spezifikationen und ma\u00dfgeschneiderte L\u00f6sungen zu kontaktieren.<\/p>","protected":false},"excerpt":{"rendered":"<p>Die Produktionslinie f\u00fcr beschichtete Erdn\u00fcsse eignet sich zum Beschichten von Erdn\u00fcssen, Ackerbohnen, N\u00fcssen und anderen Snack-Lebensmitteln. Sie bietet Vorteile wie einfache Bedienung, ansprechende Endprodukte, ausgezeichneten Geschmack und Anpassungsoptionen.<\/p>","protected":false},"author":1,"featured_media":58,"parent":0,"template":"","tags":[43,36],"product-type":[3],"class_list":["post-55","product","type-product","status-publish","has-post-thumbnail","hentry","tag-coated-peanut","tag-peanut","product-type-peanut-processing-lines"],"_links":{"self":[{"href":"https:\/\/www.peanuts-machine.com\/de\/wp-json\/wp\/v2\/product\/55","targetHints":{"allow":["GET"]}}],"collection":[{"href":"https:\/\/www.peanuts-machine.com\/de\/wp-json\/wp\/v2\/product"}],"about":[{"href":"https:\/\/www.peanuts-machine.com\/de\/wp-json\/wp\/v2\/types\/product"}],"author":[{"embeddable":true,"href":"https:\/\/www.peanuts-machine.com\/de\/wp-json\/wp\/v2\/users\/1"}],"wp:featuredmedia":[{"embeddable":true,"href":"https:\/\/www.peanuts-machine.com\/de\/wp-json\/wp\/v2\/media\/58"}],"wp:attachment":[{"href":"https:\/\/www.peanuts-machine.com\/de\/wp-json\/wp\/v2\/media?parent=55"}],"wp:term":[{"taxonomy":"post_tag","embeddable":true,"href":"https:\/\/www.peanuts-machine.com\/de\/wp-json\/wp\/v2\/tags?post=55"},{"taxonomy":"product-type","embeddable":true,"href":"https:\/\/www.peanuts-machine.com\/de\/wp-json\/wp\/v2\/product-type?post=55"}],"curies":[{"name":"wp","href":"https:\/\/api.w.org\/{rel}","templated":true}]}}