{"id":70,"date":"2022-08-09T09:35:58","date_gmt":"2022-08-09T09:35:58","guid":{"rendered":"https:\/\/www.peanuts-machine.com\/?post_type=product&#038;p=70"},"modified":"2026-01-16T11:45:35","modified_gmt":"2026-01-16T03:45:35","slug":"groundnut-sheller","status":"publish","type":"product","link":"https:\/\/www.peanuts-machine.com\/de\/product\/groundnut-sheller\/","title":{"rendered":"Erdnusssch\u00e4ler | Erdnusssch\u00e4lmaschine"},"content":{"rendered":"<div class=\"kk-star-ratings kksr-auto kksr-align-left kksr-valign-top\"     data-payload='{&quot;align&quot;:&quot;left&quot;,&quot;id&quot;:&quot;70&quot;,&quot;slug&quot;:&quot;default&quot;,&quot;valign&quot;:&quot;top&quot;,&quot;ignore&quot;:&quot;&quot;,&quot;reference&quot;:&quot;auto&quot;,&quot;class&quot;:&quot;&quot;,&quot;count&quot;:&quot;25&quot;,&quot;legendonly&quot;:&quot;&quot;,&quot;readonly&quot;:&quot;&quot;,&quot;score&quot;:&quot;4.8&quot;,&quot;starsonly&quot;:&quot;&quot;,&quot;best&quot;:&quot;5&quot;,&quot;gap&quot;:&quot;5&quot;,&quot;greet&quot;:&quot;Rate this product&quot;,&quot;legend&quot;:&quot;4.8\\\/5 - (25 votes)&quot;,&quot;size&quot;:&quot;24&quot;,&quot;title&quot;:&quot;Groundnut Sheller | Peanut Shelling Machine&quot;,&quot;width&quot;:&quot;136.7&quot;,&quot;_legend&quot;:&quot;{score}\\\/{best} - ({count} {votes})&quot;,&quot;font_factor&quot;:&quot;1.25&quot;}'>              <div class=\"kksr-stars\">      <div class=\"kksr-stars-inactive\">             <div class=\"kksr-star\" data-star=\"1\" style=\"padding-right: 5px\">               <div class=\"kksr-icon\" style=\"width: 24px; height: 24px;\"><\/div>         <\/div>             <div class=\"kksr-star\" data-star=\"2\" style=\"padding-right: 5px\">               <div class=\"kksr-icon\" style=\"width: 24px; height: 24px;\"><\/div>         <\/div>             <div class=\"kksr-star\" data-star=\"3\" style=\"padding-right: 5px\">               <div class=\"kksr-icon\" style=\"width: 24px; height: 24px;\"><\/div>         <\/div>             <div class=\"kksr-star\" data-star=\"4\" style=\"padding-right: 5px\">               <div class=\"kksr-icon\" style=\"width: 24px; height: 24px;\"><\/div>         <\/div>             <div class=\"kksr-star\" data-star=\"5\" style=\"padding-right: 5px\">               <div class=\"kksr-icon\" style=\"width: 24px; height: 24px;\"><\/div>         <\/div>     <\/div>      <div class=\"kksr-stars-active\" style=\"width: 136.7px;\">             <div class=\"kksr-star\" style=\"padding-right: 5px\">               <div class=\"kksr-icon\" style=\"width: 24px; height: 24px;\"><\/div>         <\/div>             <div class=\"kksr-star\" style=\"padding-right: 5px\">               <div class=\"kksr-icon\" style=\"width: 24px; height: 24px;\"><\/div>         <\/div>             <div class=\"kksr-star\" style=\"padding-right: 5px\">               <div class=\"kksr-icon\" style=\"width: 24px; height: 24px;\"><\/div>         <\/div>             <div class=\"kksr-star\" style=\"padding-right: 5px\">               <div class=\"kksr-icon\" style=\"width: 24px; height: 24px;\"><\/div>         <\/div>             <div class=\"kksr-star\" style=\"padding-right: 5px\">               <div class=\"kksr-icon\" style=\"width: 24px; height: 24px;\"><\/div>         <\/div>     <\/div> <\/div>                   <div class=\"kksr-legend\" style=\"font-size: 19.2px;\">             4,8\/5 - (25 Bewertungen)    <\/div>     <\/div>  <p>Die Erdnusssch\u00e4lmaschine wurde entwickelt, um die harten Schalen von Erdn\u00fcssen effizient zu entfernen und so roth\u00e4utige Erdnusskerne zu erhalten. Es eignet sich f\u00fcr verschiedene Gr\u00f6\u00dfen und Arten von Erdn\u00fcssen und erreicht eine Sch\u00e4lrate von \u00fcber 981 TP3T und eine niedrige Bruchrate von weniger als 21 TP3T. Viele Modelle sind kompakt und verf\u00fcgen \u00fcber R\u00e4der, was den Transport zu verschiedenen Einsatzorten erleichtert. <\/p>    <figure class=\"wp-block-embed aligncenter is-type-video is-provider-youtube wp-block-embed-youtube wp-embed-aspect-16-9 wp-has-aspect-ratio\"><div class=\"wp-block-embed__wrapper\"> <iframe loading=\"lazy\" title=\"Effizient und bequem! Erdnusssch\u00e4lmaschine f\u00fcr den Heimgebrauch Schockierend online!\" width=\"500\" height=\"281\" src=\"https:\/\/www.youtube.com\/embed\/_BhNMHRh6mY?start=5&#038;feature=oembed\" frameborder=\"0\" allow=\"accelerometer; autoplay; clipboard-write; encrypted-media; gyroscope; picture-in-picture; web-share\" referrerpolicy=\"strict-origin-when-cross-origin\" allowfullscreen><\/iframe> <\/div><figcaption class=\"wp-element-caption\">Video zur Funktionsweise einer kleinen Erdnuss-Erdnuss-Sch\u00e4lmaschine<\/figcaption><\/figure>    <p class=\"translation-block\">Die gesch\u00e4lten Erdnusskerne k\u00f6nnen zur Herstellung von Erdnussbutter, Erdnuss\u00f6l und Erdnussbonbons verwendet werden. Daher sind Erdnusssch\u00e4lmaschinen in <a href=\"https:\/\/www.peanuts-machine.com\/de\/product\/peanut-butter-production-line\/\">Erdnussbutterproduktionsanlagen<\/a>, \u00d6lextraktionsanlagen und Lebensmittelverarbeitungsbetrieben wertvoll.<\/p>   <div class=\"wp-block-image\"> <figure class=\"aligncenter size-full\"><img loading=\"lazy\" decoding=\"async\" width=\"750\" height=\"500\" src=\"https:\/\/www.peanuts-machine.com\/wp-content\/uploads\/2022\/08\/peanut-shelling-machine.webp\" alt=\"Erdnusssch\u00e4lmaschine\" class=\"wp-image-76\" title=\"\" srcset=\"https:\/\/www.peanuts-machine.com\/wp-content\/uploads\/2022\/08\/peanut-shelling-machine.webp 750w, https:\/\/www.peanuts-machine.com\/wp-content\/uploads\/2022\/08\/peanut-shelling-machine-300x200.webp 300w\" sizes=\"auto, (max-width: 750px) 100vw, 750px\" \/><figcaption class=\"wp-element-caption\">Erdnusssch\u00e4lmaschine<\/figcaption><\/figure> <\/div>   <h2 class=\"wp-block-heading\" id=\"h-working-principle-of-groundnut-sheller\">Funktionsprinzip des Erdnusssch\u00e4lers<\/h2>    <ol class=\"wp-block-list\"> <li>Erdn\u00fcsse werden manuell in den Einf\u00fclltrichter gegeben und dann zur Walze gerollt, wo die wiederholte Reibung und der Druck der Doppelwalzen die Erdnussschalen von den Kernen trennen. <\/li>    <li>Nach dem Sch\u00e4lvorgang fallen sowohl die Erdnussschalen als auch die Erdnusskerne durch das Gitter. Im Luftkanal werden die meisten Erdnussschalen aus der Maschine geblasen, w\u00e4hrend die Erdnusskerne und einige zerbrochene Schalen auf das Schwerkrafttrennsieb gelangen und sich zu beiden Seiten des Vibrationssiebs bewegen. <\/li>    <li>Die Erdnusskerne treten durch die Auslass\u00f6ffnung aus und die zerbrochenen Schalen werden vom Plattenventilator am gegen\u00fcberliegenden Ende ausgeblasen. Gleichzeitig werden ungesch\u00e4lte Erdn\u00fcsse in die zweite F\u00f6rdereinrichtung geleitet und \u00fcber den F\u00f6rdertrichter zur Einf\u00fcll\u00f6ffnung f\u00fcr eine zweite Sch\u00e4lung transportiert.<\/li> <\/ol>   <div class=\"wp-block-image\"> <figure class=\"aligncenter size-full\"><img loading=\"lazy\" decoding=\"async\" width=\"575\" height=\"540\" src=\"https:\/\/www.peanuts-machine.com\/wp-content\/uploads\/2022\/08\/working-process-of-the-sheller.webp\" alt=\"Arbeitsprozess des Sch\u00e4lers\" class=\"wp-image-77\" title=\"\" srcset=\"https:\/\/www.peanuts-machine.com\/wp-content\/uploads\/2022\/08\/working-process-of-the-sheller.webp 575w, https:\/\/www.peanuts-machine.com\/wp-content\/uploads\/2022\/08\/working-process-of-the-sheller-300x282.webp 300w\" sizes=\"auto, (max-width: 575px) 100vw, 575px\" \/><figcaption class=\"wp-element-caption\">Arbeitsprozess des Sch\u00e4lers<\/figcaption><\/figure> <\/div>   <h2 class=\"wp-block-heading\" id=\"h-automatic-peanut-sheller-machine-design\">Automatische Erdnusssch\u00e4lmaschine<\/h2>    <p>Verschiedene Arten von Erdnusssch\u00e4lmaschinen haben einen einfachen und kompakten Aufbau. Ihre Prinzipien sind im Allgemeinen \u00e4hnlich und umfassen manuelle Zuf\u00fchrung, Doppeltrommel-Zweitsch\u00e4lung, Wind-Prim\u00e4rselektion, Schwerkraft-Sortiersieb-Sortierung, Zweitdreschen von Erdnussfr\u00fcchten und Komponenten wie Ventilatoren und Schwerkraft-Sortiersiebe.<\/p>    <h2 class=\"wp-block-heading\" id=\"h-machine-parameters\">Erdnussschalen-Nachines-Parameter<\/h2>    <p>Wir bieten eine Vielzahl von Erdnusssch\u00e4lmaschinen an, beispielsweise die Modelle TBH-200, TBH-400 und TBH-800. Die kleinere Erdnusssch\u00e4lmaschine hat eine Leistung von 200 kg\/h, wohingegen das gr\u00f6\u00dfere Modell eine Leistung von 5000-8000 kg\/h erreichen kann. Nachfolgend finden Sie die Parameterinformationen f\u00fcr die beiden Modelle.<\/p>    <div class=\"wp-block-columns is-layout-flex wp-container-core-columns-is-layout-9d6595d7 wp-block-columns-is-layout-flex\"> <div class=\"wp-block-column is-layout-flow wp-block-column-is-layout-flow\"> <figure class=\"wp-block-table\"><table><tbody><tr><td>Modell<\/td><td>TBH-800<\/td><\/tr><tr><td>Gesamtabmessung (mm)<\/td><td>1330*750*1570<\/td><\/tr><tr><td>Nettogewicht (kg)<\/td><td>160<\/td><\/tr><tr><td>Produktivit\u00e4t (kg\/h)<\/td><td>600-800<\/td><\/tr><tr><td>Bruchrate<\/td><td>\u22642,0%<\/td><\/tr><tr><td>Schadensrate<\/td><td>\u22643,0%<\/td><\/tr><tr><td>Beschussrate<\/td><td>\u226598%<\/td><\/tr><tr><td>Leistung<\/td><td>3 kW, 220 V, 50 Hz, Kupfermotor<\/td><\/tr><tr><td>Funktion<\/td><td>Erdn\u00fcsse sch\u00e4len\/sch\u00e4len<\/td><\/tr><\/tbody><\/table><figcaption class=\"wp-element-caption\">kleine Erdnusssch\u00e4lmaschine<\/figcaption><\/figure> <\/div>    <div class=\"wp-block-column is-layout-flow wp-block-column-is-layout-flow\"> <figure class=\"wp-block-table\"><table><tbody><tr><td>Modell<\/td><td>TZ-5000<\/td><\/tr><tr><td>Gesamtabmessung (mm)<\/td><td>2750*1800*3360<\/td><\/tr><tr><td>Nettogewicht (kg)<\/td><td>2850<\/td><\/tr><tr><td>Produktivit\u00e4t (kg\/h)<\/td><td>5000-8000<\/td><\/tr><tr><td>Bruchrate<\/td><td>\u22645,0%<\/td><\/tr><tr><td>Schadensrate<\/td><td>\u22640,5%<\/td><\/tr><tr><td>Beschussrate<\/td><td>\u226599%<\/td><\/tr><tr><td>Leistung (kW)<\/td><td>42.5<\/td><\/tr><tr><td>Betriebsfeuchtigkeit<\/td><td>6,3 \u2264 12<\/td><\/tr><\/tbody><\/table><figcaption class=\"wp-element-caption\">Gro\u00dfformatige Erdnusssch\u00e4lmaschine<\/figcaption><\/figure> <\/div> <\/div>    <p>F\u00fcr den Heimgebrauch k\u00f6nnen Sie sich f\u00fcr das kleinere Modell entscheiden und beide Modelle bieten eine hervorragende Leistung bei der Arbeit. Dar\u00fcber hinaus verf\u00fcgen wir \u00fcber weitere Maschinenmodelle. Wenn Sie es ben\u00f6tigen, k\u00f6nnen Sie sich gerne an uns wenden.<\/p>    <figure class=\"wp-block-embed aligncenter is-type-video is-provider-youtube wp-block-embed-youtube wp-embed-aspect-16-9 wp-has-aspect-ratio\"><div class=\"wp-block-embed__wrapper\"> <iframe loading=\"lazy\" title=\"Erdnusssch\u00e4ler | Wie funktioniert die Erdnusssch\u00e4lmaschine?\" width=\"500\" height=\"281\" src=\"https:\/\/www.youtube.com\/embed\/rDRyQVDmK_8?feature=oembed\" frameborder=\"0\" allow=\"accelerometer; autoplay; clipboard-write; encrypted-media; gyroscope; picture-in-picture; web-share\" referrerpolicy=\"strict-origin-when-cross-origin\" allowfullscreen><\/iframe> <\/div><figcaption class=\"wp-element-caption\">Video zur Erdnusssch\u00e4lmaschine<\/figcaption><\/figure>    <h2 class=\"wp-block-heading\" id=\"h-advantages-of-taizy-groundnut-sheller\">Vorteile der Taizy Erdnusssch\u00e4lmaschine<\/h2>    <ul class=\"wp-block-list\"> <li>Die Maschine zeichnet sich durch eine lange Lebensdauer aus und ist aus hochwertigem Stahl gefertigt, wodurch sie sowohl robust als auch langlebig ist. <\/li>    <li>Es verf\u00fcgt \u00fcber eine hohe Beschussrate von \u00fcber 98%. Dies verschafft ihm einen erheblichen Vorteil gegen\u00fcber \u00e4hnlichen Maschinen. <\/li>    <li>Die hohe Reinigungsrate ist auf ein einzigartiges Ventilatordesign zur\u00fcckzuf\u00fchren, das Erdnussschalen effektiv von den Kernen trennt, was zu saubereren Erdnusskernen f\u00fchrt. <\/li>    <li>Diese Erdnusssch\u00e4lmaschine ist vielseitig und wird h\u00e4ufig in Erdnussbutterproduktionsanlagen, \u00d6lpressen und Lebensmittelverarbeitungsbetrieben eingesetzt.<\/li>    <li>Wir k\u00f6nnen die Maschine mit einem Elektromotor, einem Benzinmotor oder einem Dieselmotor basierend auf Ihren Anforderungen ausstatten.<\/li> <\/ul>   <div class=\"wp-block-image\"> <figure class=\"aligncenter size-full\"><img loading=\"lazy\" decoding=\"async\" width=\"720\" height=\"540\" src=\"https:\/\/www.peanuts-machine.com\/wp-content\/uploads\/2022\/08\/peanut-shelling-machine-for-sale.webp\" alt=\"Erdnusssch\u00e4lmaschine zu verkaufen\" class=\"wp-image-75\" title=\"\" srcset=\"https:\/\/www.peanuts-machine.com\/wp-content\/uploads\/2022\/08\/peanut-shelling-machine-for-sale.webp 720w, https:\/\/www.peanuts-machine.com\/wp-content\/uploads\/2022\/08\/peanut-shelling-machine-for-sale-300x225.webp 300w\" sizes=\"auto, (max-width: 720px) 100vw, 720px\" \/><figcaption class=\"wp-element-caption\">Erdnusssch\u00e4lmaschine zu verkaufen<\/figcaption><\/figure> <\/div>   <h2 class=\"wp-block-heading\" id=\"h-types-of-groundnut-sheller-machine\">Achten Sie auf den Wassergehalt von Erdn\u00fcssen<\/h2>    <p>Der Feuchtigkeitsgehalt der Erdn\u00fcsse sollte genau richtig sein; Wenn sie zu trocken sind, wird die Zerkleinerungsrate hoch sein, und wenn sie zu nass sind, beeintr\u00e4chtigt dies die Arbeitseffizienz. Um den richtigen Feuchtigkeitsgehalt zu erreichen, k\u00f6nnen Sie die folgenden Methoden anwenden: <\/p>    <ol class=\"wp-block-list\"> <li>Spr\u00fchen Sie im Winter vor dem Sch\u00e4len etwa 10 kg warmes Wasser gleichm\u00e4\u00dfig auf alle 50 kg Erdn\u00fcsse und decken Sie sie dann etwa 10 Stunden lang mit Plastikfolie ab. Anschlie\u00dfend legen Sie sie etwa eine Stunde lang in die Sonne, um sie f\u00fcr das Sch\u00e4len vorzubereiten. In anderen Jahreszeiten sollte die Abdeckzeit etwa 6 Stunden betragen, w\u00e4hrend die \u00fcbrigen Schritte gleich bleiben. <\/li>    <li>Eine andere Methode besteht darin, trockenere Erdn\u00fcsse in ein Becken zu tauchen, sie schnell herauszufischen, sie etwa einen Tag lang mit Plastikfolie abzudecken und sie dann in der Sonne zu trocknen. Sobald der Feuchtigkeitsgehalt geeignet ist, k\u00f6nnen sie gesch\u00e4lt werden. <\/li> <\/ol>    <p>Zum Sch\u00e4len der rohen, sonnengetrockneten Erdn\u00fcsse wird eine Erdnusssch\u00e4lmaschine verwendet, die Vorteile wie hohe Effizienz, einfache Bedienung, niedrige Spaltrate und niedrige Wartungskosten bietet.<\/p>   <div class=\"wp-block-image\"> <figure class=\"aligncenter size-full\"><img loading=\"lazy\" decoding=\"async\" width=\"720\" height=\"540\" src=\"https:\/\/www.peanuts-machine.com\/wp-content\/uploads\/2022\/08\/large-scale-peanut-shelling-machine.webp\" alt=\"Gro\u00dfformatige Erdnusssch\u00e4lmaschine\" class=\"wp-image-359\" title=\"\" srcset=\"https:\/\/www.peanuts-machine.com\/wp-content\/uploads\/2022\/08\/large-scale-peanut-shelling-machine.webp 720w, https:\/\/www.peanuts-machine.com\/wp-content\/uploads\/2022\/08\/large-scale-peanut-shelling-machine-300x225.webp 300w\" sizes=\"auto, (max-width: 720px) 100vw, 720px\" \/><figcaption class=\"wp-element-caption\">Gro\u00dfformatige Erdnusssch\u00e4lmaschine<\/figcaption><\/figure> <\/div>   <h2 class=\"wp-block-heading\" id=\"h-where-to-buy-peanut-sheller\">Wo kann man Maschinen zum Entfernen von Erdnussschalen kaufen?<\/h2>    <p class=\"translation-block\">Als professioneller Hersteller von Erdnusssch\u00e4lmaschinen bieten wir nicht nur Erdnusssch\u00e4lmaschinen, sondern auch eine Reihe verwandter Ger\u00e4te an, darunter <strong><em><a href=\"https:\/\/www.peanuts-machine.com\/de\/product\/peanut-butter-production-line\/\">Erdnussbutterproduktionslinien<\/a><\/em><\/strong>, <a href=\"https:\/\/www.peanuts-machine.com\/de\/product\/peanut-peeling-machine\/\"><strong><em>Erdnuss-Sch\u00e4lmaschinen<\/em><\/strong><\/a>, Erdnussbuttermaschinen und Erdnusskrokantmaschinen.<\/p>    <p>Wenn Sie nach einem zuverl\u00e4ssigen Anbieter f\u00fcr Erdnussschalenmaschinen suchen, k\u00f6nnen wir ma\u00dfgeschneiderte Dienstleistungen anbieten, um Ihre spezifischen Bed\u00fcrfnisse zu erf\u00fcllen. Wir bieten auch kombinierte Erdnusssch\u00e4lmaschinen an, die sowohl Sch\u00e4l- als auch Reinigungsfunktionen enthalten (wie im Video unten gezeigt), aus denen Sie ausw\u00e4hlen k\u00f6nnen.<\/p>    <figure class=\"wp-block-embed aligncenter is-type-video is-provider-youtube wp-block-embed-youtube wp-embed-aspect-16-9 wp-has-aspect-ratio\"><div class=\"wp-block-embed__wrapper\"> <iframe loading=\"lazy\" title=\"Revolutionierung der Erdnussverarbeitung: Innovative Erdnusssch\u00e4leinheit (Reinigen und Sch\u00e4len)!#Erdnuss\" width=\"500\" height=\"281\" src=\"https:\/\/www.youtube.com\/embed\/egCUZvfcnFI?feature=oembed\" frameborder=\"0\" allow=\"accelerometer; autoplay; clipboard-write; encrypted-media; gyroscope; picture-in-picture; web-share\" referrerpolicy=\"strict-origin-when-cross-origin\" allowfullscreen><\/iframe> <\/div><figcaption class=\"wp-element-caption\">Kombiniertes Arbeitsvideo zum Erdnusssch\u00e4ler und -reiniger<\/figcaption><\/figure>    <p class=\"translation-block\">Bis heute wurden unsere Erdnusssch\u00e4lmaschinen in L\u00e4nder wie Nigeria, die T\u00fcrkei, Sambia, Belgien, Afghanistan, <a href=\"https:\/\/en.wikipedia.org\/wiki\/Saint_Kitts\" target=\"_blank\" rel=\"noopener\">St. Kitts<\/a> und Nevis, Griechenland und viele andere exportiert. Wenn Sie an unseren Maschinen interessiert sind, z\u00f6gern Sie bitte nicht, uns zu kontaktieren.<\/p>    <h2 class=\"wp-block-heading\">FAQ<\/h2>   <div id=\"rank-math-faq\" class=\"rank-math-block\"> <div class=\"rank-math-list\"> <div id=\"faq-question-1745315245563\" class=\"rank-math-list-item\"> <h3 class=\"rank-math-question\">Was ist die Verarbeitungskapazit\u00e4t dieser Erdnussschrottmaschine?<\/h3> <div class=\"rank-math-answer\">  <p>Die Verarbeitungskapazit\u00e4t unserer Erdnussschrottmaschine variiert je nach Modell, was typischerweise zwischen 500 kg und 2000 kg pro Stunde liegt und f\u00fcr verschiedene Produktionsskalen geeignet ist. Genaue Zahlen k\u00f6nnen je nach Erdnussvielfalt und Feuchtigkeitsgehalt angepasst werden, die Sie bereitstellen.<\/p>  <\/div> <\/div> <div id=\"faq-question-1745315262249\" class=\"rank-math-list-item\"> <h3 class=\"rank-math-question\">Wie hoch ist die Bruchrate von Erdn\u00fcssen beim Beschuss?<\/h3> <div class=\"rank-math-answer\">  <p>Unsere Maschine h\u00e4lt eine Bruchrate unter 2% bei und minimiert die Sch\u00e4den an Erdnussk\u00f6rnern. Die Maschinenstruktur ist optimiert, um Erdn\u00fcsse mit unterschiedlicher Schalenh\u00e4rte zu behandeln.<\/p>  <\/div> <\/div> <div id=\"faq-question-1745315320117\" class=\"rank-math-list-item\"> <h3 class=\"rank-math-question\">Was sind die Wartungsfrequenz- und Pflegeanforderungen f\u00fcr die Maschine?<\/h3> <div class=\"rank-math-answer\">  <p>Wir empfehlen die grundlegende Reinigung und Inspektion vor dem t\u00e4glichen Betrieb, wobei wir uns auf das Beschussabschnitt und das \u00dcbertragungssystem konzentrieren. Eine vollst\u00e4ndige Wartung alle 400 Arbeitsstunden, einschlie\u00dflich Schmierung und Versch\u00e4rfung von Komponenten, sorgt f\u00fcr den langfristigen effizienten Betrieb.<\/p>  <\/div> <\/div> <div id=\"faq-question-1745315483094\" class=\"rank-math-list-item\"> <h3 class=\"rank-math-question\">F\u00fcr welche Erdnusssorten oder Spezifikationen sind die Maschine geeignet?<\/h3> <div class=\"rank-math-answer\">  <p>Unsere Erdnuss-Schalzmaschine ist mit verschiedenen Erdnusssorten kompatibel, einschlie\u00dflich Hartschalen- und Soft-Shell-Typen, und unterst\u00fctzt den Beschuss verschiedener Erdnussgr\u00f6\u00dfen. Benutzer k\u00f6nnen die Maschinenparameter anhand des spezifischen Typs f\u00fcr eine optimale Schussleistung einstellen.<\/p>  <\/div> <\/div> <\/div> <\/div>","protected":false},"excerpt":{"rendered":"<p>Der Erdnusssch\u00e4ler wurde entwickelt, um die harten Schalen von Erdn\u00fcssen zu entfernen und so roth\u00e4utige Erdnusskerne zu erhalten. Es erreicht eine Beschussrate von \u00fcber 98% und eine geringe Bruchrate von weniger als 2%.<\/p>","protected":false},"author":1,"featured_media":72,"parent":0,"template":"","tags":[37,36],"product-type":[47,46],"class_list":["post-70","product","type-product","status-publish","has-post-thumbnail","hentry","tag-groundnut","tag-peanut","product-type-peanut-harvesting-machine","product-type-products"],"_links":{"self":[{"href":"https:\/\/www.peanuts-machine.com\/de\/wp-json\/wp\/v2\/product\/70","targetHints":{"allow":["GET"]}}],"collection":[{"href":"https:\/\/www.peanuts-machine.com\/de\/wp-json\/wp\/v2\/product"}],"about":[{"href":"https:\/\/www.peanuts-machine.com\/de\/wp-json\/wp\/v2\/types\/product"}],"author":[{"embeddable":true,"href":"https:\/\/www.peanuts-machine.com\/de\/wp-json\/wp\/v2\/users\/1"}],"wp:featuredmedia":[{"embeddable":true,"href":"https:\/\/www.peanuts-machine.com\/de\/wp-json\/wp\/v2\/media\/72"}],"wp:attachment":[{"href":"https:\/\/www.peanuts-machine.com\/de\/wp-json\/wp\/v2\/media?parent=70"}],"wp:term":[{"taxonomy":"post_tag","embeddable":true,"href":"https:\/\/www.peanuts-machine.com\/de\/wp-json\/wp\/v2\/tags?post=70"},{"taxonomy":"product-type","embeddable":true,"href":"https:\/\/www.peanuts-machine.com\/de\/wp-json\/wp\/v2\/product-type?post=70"}],"curies":[{"name":"wp","href":"https:\/\/api.w.org\/{rel}","templated":true}]}}