{"id":87,"date":"2022-08-10T01:16:26","date_gmt":"2022-08-10T01:16:26","guid":{"rendered":"https:\/\/www.peanuts-machine.com\/?post_type=product&#038;p=87"},"modified":"2026-01-13T15:25:41","modified_gmt":"2026-01-13T07:25:41","slug":"commercial-peanut-butter-machine","status":"publish","type":"product","link":"https:\/\/www.peanuts-machine.com\/de\/product\/commercial-peanut-butter-machine\/","title":{"rendered":"Kommerzielle Erdnussbuttermaschine | Nussbutter-Kolloidm\u00fchle"},"content":{"rendered":"<div class=\"kk-star-ratings kksr-auto kksr-align-left kksr-valign-top\"     data-payload='{&quot;align&quot;:&quot;left&quot;,&quot;id&quot;:&quot;87&quot;,&quot;slug&quot;:&quot;default&quot;,&quot;valign&quot;:&quot;top&quot;,&quot;ignore&quot;:&quot;&quot;,&quot;reference&quot;:&quot;auto&quot;,&quot;class&quot;:&quot;&quot;,&quot;count&quot;:&quot;21&quot;,&quot;legendonly&quot;:&quot;&quot;,&quot;readonly&quot;:&quot;&quot;,&quot;score&quot;:&quot;4.8&quot;,&quot;starsonly&quot;:&quot;&quot;,&quot;best&quot;:&quot;5&quot;,&quot;gap&quot;:&quot;5&quot;,&quot;greet&quot;:&quot;Rate this product&quot;,&quot;legend&quot;:&quot;4.8\\\/5 - (21 votes)&quot;,&quot;size&quot;:&quot;24&quot;,&quot;title&quot;:&quot;Commercial Peanut Butter Machine | Nut Butter Colloid Mill&quot;,&quot;width&quot;:&quot;136.7&quot;,&quot;_legend&quot;:&quot;{score}\\\/{best} - ({count} {votes})&quot;,&quot;font_factor&quot;:&quot;1.25&quot;}'>              <div class=\"kksr-stars\">      <div class=\"kksr-stars-inactive\">             <div class=\"kksr-star\" data-star=\"1\" style=\"padding-right: 5px\">               <div class=\"kksr-icon\" style=\"width: 24px; height: 24px;\"><\/div>         <\/div>             <div class=\"kksr-star\" data-star=\"2\" style=\"padding-right: 5px\">               <div class=\"kksr-icon\" style=\"width: 24px; height: 24px;\"><\/div>         <\/div>             <div class=\"kksr-star\" data-star=\"3\" style=\"padding-right: 5px\">               <div class=\"kksr-icon\" style=\"width: 24px; height: 24px;\"><\/div>         <\/div>             <div class=\"kksr-star\" data-star=\"4\" style=\"padding-right: 5px\">               <div class=\"kksr-icon\" style=\"width: 24px; height: 24px;\"><\/div>         <\/div>             <div class=\"kksr-star\" data-star=\"5\" style=\"padding-right: 5px\">               <div class=\"kksr-icon\" style=\"width: 24px; height: 24px;\"><\/div>         <\/div>     <\/div>      <div class=\"kksr-stars-active\" style=\"width: 136.7px;\">             <div class=\"kksr-star\" style=\"padding-right: 5px\">               <div class=\"kksr-icon\" style=\"width: 24px; height: 24px;\"><\/div>         <\/div>             <div class=\"kksr-star\" style=\"padding-right: 5px\">               <div class=\"kksr-icon\" style=\"width: 24px; height: 24px;\"><\/div>         <\/div>             <div class=\"kksr-star\" style=\"padding-right: 5px\">               <div class=\"kksr-icon\" style=\"width: 24px; height: 24px;\"><\/div>         <\/div>             <div class=\"kksr-star\" style=\"padding-right: 5px\">               <div class=\"kksr-icon\" style=\"width: 24px; height: 24px;\"><\/div>         <\/div>             <div class=\"kksr-star\" style=\"padding-right: 5px\">               <div class=\"kksr-icon\" style=\"width: 24px; height: 24px;\"><\/div>         <\/div>     <\/div> <\/div>                   <div class=\"kksr-legend\" style=\"font-size: 19.2px;\">             4,8\/5 - (21 Stimmen)    <\/div>     <\/div>  <p>Die kommerzielle Erdnussbuttermaschine ist eine feuchte Ultra-Mikro-Verarbeitungsanlage, die f\u00fcr eine Vielzahl von Materialien geeignet ist und die Funktionen Zerkleinern, Dispergieren, Emulgieren und Homogenisieren integriert. <\/p>    <p>Diese Ausr\u00fcstung verwendet einen verstellbaren Geschwindigkeitsmotor, der die Drehgeschwindigkeit flexibel an die unterschiedlichen Materialeigenschaften anpassen kann. Der Verfeinerungsgrad kann 125-150 Mesh erreichen, und die Homogenisierungsrate betr\u00e4gt bis zu 95 %. <\/p>    <p>Mit seiner hervorragenden Leistung und den vielf\u00e4ltigen Anwendungsm\u00f6glichkeiten wird es in der Lebensmittel-, Pharma-, Haushaltschemikalien-, Chemie- und anderen Industrien weit verbreitet eingesetzt und ist die ideale Wahl f\u00fcr Feinbearbeitungsger\u00e4te.<\/p>    <figure class=\"wp-block-embed aligncenter is-type-video is-provider-youtube wp-block-embed-youtube wp-embed-aspect-16-9 wp-has-aspect-ratio\"><div class=\"wp-block-embed__wrapper\"> <iframe loading=\"lazy\" title=\"Herstellung von cremiger Pistazienbutter mit einer Colloidm\u00fchle | Demo der Maschine zur Verarbeitung von Nussbutter#colloidmill\" width=\"500\" height=\"281\" src=\"https:\/\/www.youtube.com\/embed\/tSl1mDsV-qU?feature=oembed\" frameborder=\"0\" allow=\"accelerometer; autoplay; clipboard-write; encrypted-media; gyroscope; picture-in-picture; web-share\" referrerpolicy=\"strict-origin-when-cross-origin\" allowfullscreen><\/iframe> <\/div><figcaption class=\"wp-element-caption\">Multifunktionale Colloidm\u00fchle aus Edelstahl f\u00fcr verschiedene Nussbuttern.<\/figcaption><\/figure>    <h2 class=\"wp-block-heading\">Anwendung der Erdnussbutter-Kolloidm\u00fchle<\/h2>    <ul class=\"wp-block-list\"> <li>Lebensmittelindustrie: Verarbeitung von Erdnussbutter, Sesampaste, Mandelpaste, Chilisauce, Ketchup, Saucen, Sojamilch, Milchprodukten, Getr\u00e4nken und so weiter.<\/li>    <li>Pharmaindustrie: geeignet zur Herstellung von Sirupen, N\u00e4hrl\u00f6sungen, Kr\u00e4utercremes und Pflanzenextrakten.<\/li>    <li>T\u00e4gliche Chemieindustrie: kann in der Produktion von Zahnpasta, Kosmetika, Reinigungsmitteln und anderen t\u00e4glichen Notwendigkeiten verwendet werden.<\/li>    <li>Chemische Industrie: weit verbreitet in der Emulgierung und Homogenisierung von industriellen Materialien wie Pigmenten, Farbstoffen, Farben, Schmierstoffen, Erd\u00f6lkatalysatoren usw.<\/li>    <li>Nussbutterbereich: nicht nur auf die Produktion von Erdnussbutter beschr\u00e4nkt, sondern kann auch effizient andere Nussbutterprodukte wie Mandelbutter, Kakaobutter usw. verarbeiten.<\/li> <\/ul>   <div class=\"wp-block-image\"> <figure class=\"aligncenter size-full\"><img loading=\"lazy\" decoding=\"async\" width=\"720\" height=\"540\" src=\"https:\/\/www.peanuts-machine.com\/wp-content\/uploads\/2022\/08\/peanut-butter-machine-application.webp\" alt=\"kommerzielle Erdnussbuttermaschinenanwendung\" class=\"wp-image-96\" title=\"\" srcset=\"https:\/\/www.peanuts-machine.com\/wp-content\/uploads\/2022\/08\/peanut-butter-machine-application.webp 720w, https:\/\/www.peanuts-machine.com\/wp-content\/uploads\/2022\/08\/peanut-butter-machine-application-300x225.webp 300w\" sizes=\"auto, (max-width: 720px) 100vw, 720px\" \/><figcaption class=\"wp-element-caption\">kommerzielle Erdnussbuttermaschinenanwendung<\/figcaption><\/figure> <\/div>   <h2 class=\"wp-block-heading\">Highlights der kommerziellen Erdnussbuttermaschine<\/h2>    <ul class=\"wp-block-list\"> <li>Fortschrittliche Technologie: Verwendung der neuesten Technologie zur Verarbeitung von Nassgranulaten, das Endprodukt ist fein und gleichm\u00e4\u00dfig mit ausgezeichneter Qualit\u00e4t.<\/li>    <li>Kompakte Struktur: vern\u00fcnftiges Geh\u00e4usedesign, kleiner Platzbedarf, das kleinste Modell misst nur 650 \u00d7 320 \u00d7 650 mm, geeignet f\u00fcr eine Vielzahl von Produktionsumgebungen.<\/li>    <li>Sicher und hygienisch: Die gesamte kommerzielle Erdnussbuttermaschine besteht aus 304 Edelstahl, der den Lebensmittelsicherheitsstandards entspricht und leicht zu reinigen ist, was die Produktionshygiene gew\u00e4hrleistet.<\/li>    <li>Effiziente Produktion: hohe Ausbeute, kann 200 bis 6000 Kilogramm Erdnussbutter pro Stunde produzieren, um den Bed\u00fcrfnissen unterschiedlicher Produktionsgr\u00f6\u00dfen gerecht zu werden.<\/li>    <li>Vollst\u00e4ndige Modelle: bieten eine Vielzahl von Optionen zur Auswahl, von kleinen Werkst\u00e4tten bis hin zu gro\u00dfen Erdnussbutter-Produktionslinien, die individuell angepasst werden k\u00f6nnen.<\/li> <\/ul>    <figure class=\"wp-block-gallery has-nested-images columns-default is-cropped wp-block-gallery-2 is-layout-flex wp-block-gallery-is-layout-flex\"> <figure class=\"wp-block-image size-large\"><img loading=\"lazy\" decoding=\"async\" width=\"540\" height=\"720\" data-id=\"908\" src=\"https:\/\/www.peanuts-machine.com\/wp-content\/uploads\/2022\/08\/nut-butter-processing-machine.webp\" alt=\"Maschine zur Verarbeitung von Nussbutter\" class=\"wp-image-908\" title=\"\" srcset=\"https:\/\/www.peanuts-machine.com\/wp-content\/uploads\/2022\/08\/nut-butter-processing-machine.webp 540w, https:\/\/www.peanuts-machine.com\/wp-content\/uploads\/2022\/08\/nut-butter-processing-machine-225x300.webp 225w, https:\/\/www.peanuts-machine.com\/wp-content\/uploads\/2022\/08\/nut-butter-processing-machine-9x12.webp 9w\" sizes=\"auto, (max-width: 540px) 100vw, 540px\" \/><figcaption class=\"wp-element-caption\">Maschine zur Verarbeitung von Nussbutter<\/figcaption><\/figure>    <figure class=\"wp-block-image size-large\"><img loading=\"lazy\" decoding=\"async\" width=\"540\" height=\"720\" data-id=\"907\" src=\"https:\/\/www.peanuts-machine.com\/wp-content\/uploads\/2022\/08\/nut-butter-grinder.webp\" alt=\"Nussbutter-Schleifmaschine\" class=\"wp-image-907\" title=\"\" srcset=\"https:\/\/www.peanuts-machine.com\/wp-content\/uploads\/2022\/08\/nut-butter-grinder.webp 540w, https:\/\/www.peanuts-machine.com\/wp-content\/uploads\/2022\/08\/nut-butter-grinder-225x300.webp 225w, https:\/\/www.peanuts-machine.com\/wp-content\/uploads\/2022\/08\/nut-butter-grinder-9x12.webp 9w\" sizes=\"auto, (max-width: 540px) 100vw, 540px\" \/><figcaption class=\"wp-element-caption\">Nussbutter-Schleifmaschine<\/figcaption><\/figure> <\/figure>    <h2 class=\"wp-block-heading\" id=\"h-structure-of-commercial-peanut-butter-machine\">Struktur einer industriellen Nussbuttermaschine<\/h2>    <p>Die kommerzielle Erdnussbuttermaschine besteht aus einem Sockel, einem Trichter, Anschl\u00fcssen f\u00fcr K\u00fchlwasser, einer Regelplatte und einem Auslass. Der Einlass, der Auslass und die K\u00fchlwasseranschl\u00fcsse sind alle aus hochwertigem Edelstahl gefertigt, was die Maschine robust und verschlei\u00dffest macht.<\/p>    <p>Um eine glattere Konsistenz der Erdnussbutter zu erreichen, kann zus\u00e4tzlich eine M\u00fchle hinzugef\u00fcgt werden. Durch doppeltes Mahlen erh\u00e4lt die Erdnussbutter eine noch feinere Textur.<\/p>    <h2 class=\"wp-block-heading\" id=\"h-machine-parameters\">Parameter der Nussbutterm\u00fchle<\/h2>    <figure class=\"wp-block-table is-style-stripes\"><table><tbody><tr><td>Modell<\/td><td>Kapazit\u00e4t (kg\/h)<\/td><td>Leistung (KW)<\/td><td>Maschinengr\u00f6\u00dfe (MM)<\/td><td>Gewicht (kg)<\/td><\/tr><tr><td>TZ-70<\/td><td>50-80<\/td><td>2.2<\/td><td>650*320*650<\/td><td>70<\/td><\/tr><tr><td>TZ-85<\/td><td>100-150<\/td><td>5.5<\/td><td>900*350*900<\/td><td>170<\/td><\/tr><tr><td>TZ-130<\/td><td>200-300<\/td><td>11<\/td><td>1000*350*1000<\/td><td>270<\/td><\/tr><tr><td>TZ-185<\/td><td>500-800<\/td><td>30<\/td><td>1200*450*1200<\/td><td>470<\/td><\/tr><tr><td>TZ-200<\/td><td>600-1000<\/td><td>37<\/td><td>1200*500*1200<\/td><td>500<\/td><\/tr><\/tbody><\/table><figcaption class=\"wp-element-caption\">Technische Daten der Erdnussbutterm\u00fchle<\/figcaption><\/figure>    <h2 class=\"wp-block-heading\">Wie macht man schnell Erdnussbutter?<\/h2>    <ol class=\"wp-block-list\"> <li>Die kommerzielle Erdnussbuttermaschine verf\u00fcgt \u00fcber zwei Mahlplatten: eine ist station\u00e4r, w\u00e4hrend die andere mit hoher Geschwindigkeit rotiert, und der Abstand zwischen ihnen kann angepasst werden.<\/li>    <li>Sobald das Rohmaterial der Maschine zugef\u00fchrt wird, beginnt sich das feststehende Rad zu drehen und mahlt und pulverisiert die Zutaten, um die gew\u00fcnschte Konsistenz zu erreichen. <\/li>    <li>Im weiteren Verlauf werden die Rohstoffe hin- und herbewegt und durch hochfrequente Vibrationen und Wirbelstr\u00f6me mit hoher Geschwindigkeit in eine geschmeidige So\u00dfe verwandelt. <\/li> <\/ol>    <figure class=\"wp-block-embed aligncenter is-type-video is-provider-youtube wp-block-embed-youtube wp-embed-aspect-16-9 wp-has-aspect-ratio\"><div class=\"wp-block-embed__wrapper\"> <iframe loading=\"lazy\" title=\"Kommerzielle Maschine zur Herstellung von Erdnussbutter | Wie macht man schnell Erdnussbutter?\" width=\"500\" height=\"281\" src=\"https:\/\/www.youtube.com\/embed\/a74hVzquH4U?feature=oembed\" frameborder=\"0\" allow=\"accelerometer; autoplay; clipboard-write; encrypted-media; gyroscope; picture-in-picture; web-share\" referrerpolicy=\"strict-origin-when-cross-origin\" allowfullscreen><\/iframe> <\/div><figcaption class=\"wp-element-caption\">Arbeitsvideo einer kommerziellen Erdnussbuttermaschine<\/figcaption><\/figure>    <p>W\u00e4hrend des Betriebs kann die Temperatur der Rohmaterialien zwischen 80 und 85 Grad steigen. Um diese W\u00e4rme zu bew\u00e4ltigen, ist es ratsam, ein K\u00fchlrohr zu installieren. Dar\u00fcber hinaus kann der Abstand zwischen Stator und Rotor angepasst werden, um eine Paste mit der gew\u00fcnschten Textur zu erzeugen.<\/p>    <h2 class=\"wp-block-heading\">Produktionslinie f\u00fcr Erdnussbutter<\/h2>    <p>Erdnussbutter ist heute ein beliebtes Produkt. Mit seinem reichen Geschmack und seinen beeindruckenden N\u00e4hrwerten ist es ein hervorragendes Gew\u00fcrz. Vollgepackt mit Proteinen und verschiedenen Vitaminen f\u00f6rdert es die Gesundheit und n\u00e4hrt die Haut, was es zur idealen Wahl f\u00fcr Menschen mit einem hektischen Lebensstil macht. <\/p>    <p class=\"translation-block\">Die Erdnussbutter-Verarbeitungslinie umfasst haupts\u00e4chlich eine Erdnusr\u00f6stmaschine, F\u00f6rderanlagen, eine Sch\u00e4lanlage, Sortieranlagen, eine Mahlmaschine, eine Feinmahlmaschine, eine K\u00fchlanlage und eine Abf\u00fcllanlage. (<em>Lesen Sie mehr:<\/em> <strong><em><a href=\"https:\/\/www.peanuts-machine.com\/de\/product\/peanut-butter-production-line\/\">200kg\/h Erdnussbutter-Produktionslinie | Erdnussbutterverarbeitung<\/a><\/em><\/strong><em>&gt;&gt;<\/em>)<\/p>    <figure class=\"wp-block-gallery has-nested-images columns-default is-cropped wp-block-gallery-3 is-layout-flex wp-block-gallery-is-layout-flex\"> <figure class=\"wp-block-image size-large\"><img loading=\"lazy\" decoding=\"async\" width=\"540\" height=\"720\" data-id=\"909\" src=\"https:\/\/www.peanuts-machine.com\/wp-content\/uploads\/2022\/08\/peanut-butter-colloid-mill.webp\" alt=\"Erdnussbutter-Colloidm\u00fchle\" class=\"wp-image-909\" title=\"\" srcset=\"https:\/\/www.peanuts-machine.com\/wp-content\/uploads\/2022\/08\/peanut-butter-colloid-mill.webp 540w, https:\/\/www.peanuts-machine.com\/wp-content\/uploads\/2022\/08\/peanut-butter-colloid-mill-225x300.webp 225w, https:\/\/www.peanuts-machine.com\/wp-content\/uploads\/2022\/08\/peanut-butter-colloid-mill-9x12.webp 9w\" sizes=\"auto, (max-width: 540px) 100vw, 540px\" \/><figcaption class=\"wp-element-caption\">Erdnussbutter-Colloidm\u00fchle<\/figcaption><\/figure>    <figure class=\"wp-block-image size-large\"><img loading=\"lazy\" decoding=\"async\" width=\"540\" height=\"720\" data-id=\"910\" src=\"https:\/\/www.peanuts-machine.com\/wp-content\/uploads\/2022\/08\/peanut-butter-mill.webp\" alt=\"Erdnussbutterm\u00fchle\" class=\"wp-image-910\" title=\"\" srcset=\"https:\/\/www.peanuts-machine.com\/wp-content\/uploads\/2022\/08\/peanut-butter-mill.webp 540w, https:\/\/www.peanuts-machine.com\/wp-content\/uploads\/2022\/08\/peanut-butter-mill-225x300.webp 225w, https:\/\/www.peanuts-machine.com\/wp-content\/uploads\/2022\/08\/peanut-butter-mill-9x12.webp 9w\" sizes=\"auto, (max-width: 540px) 100vw, 540px\" \/><figcaption class=\"wp-element-caption\">Erdnussbutterm\u00fchle<\/figcaption><\/figure> <\/figure>    <p>Dieser Aufbau zeichnet sich durch Flie\u00dfbandbetrieb, ein hohes Ma\u00df an Mechanisierung und au\u00dfergew\u00f6hnliche Zuverl\u00e4ssigkeit aus. Es gew\u00e4hrleistet eine luftdichte Produktion ohne Umweltverschmutzung, sodass die produzierte Erdnussbutter den Exportstandards entspricht. <\/p>    <h2 class=\"wp-block-heading\" id=\"h-how-much-is-a-peanut-butter-grinding-machine\">Wie viel kostet eine Erdnussbutter-Mahlmaschine?<\/h2>    <p>Der Preis einer kommerziellen Erdnussbuttermaschine kann je nach mehreren Faktoren variieren. Erstens spielt der Output der Maschine eine wesentliche Rolle; Maschinen mit niedrigerem Output sind in der Regel g\u00fcnstiger als solche, die f\u00fcr einen h\u00f6heren Output ausgelegt sind. <\/p>    <p>Dar\u00fcber hinaus ist die Qualit\u00e4t der produzierten Erdnussbutter oft mit dem Preis der Maschine verbunden. Wenn Sie einfach nur Erdnussbutter herstellen m\u00f6chten, k\u00f6nnen Sie eine g\u00fcnstigere Option finden. Wenn Sie jedoch eine cremigere, feinere Erdnussbutter w\u00fcnschen, m\u00fcssen Sie mit h\u00f6heren Kosten rechnen, da dies in der Regel einen zus\u00e4tzlichen Mahlprozess erfordert. <\/p>    <figure class=\"wp-block-gallery has-nested-images columns-default is-cropped wp-block-gallery-4 is-layout-flex wp-block-gallery-is-layout-flex\"> <figure class=\"wp-block-image size-large\"><img loading=\"lazy\" decoding=\"async\" width=\"720\" height=\"540\" data-id=\"911\" src=\"https:\/\/www.peanuts-machine.com\/wp-content\/uploads\/2022\/08\/sauce-colloid-mill-for-sale.webp\" alt=\"Sauce-Colloidm\u00fchle zu verkaufen\" class=\"wp-image-911\" title=\"\" srcset=\"https:\/\/www.peanuts-machine.com\/wp-content\/uploads\/2022\/08\/sauce-colloid-mill-for-sale.webp 720w, https:\/\/www.peanuts-machine.com\/wp-content\/uploads\/2022\/08\/sauce-colloid-mill-for-sale-300x225.webp 300w, https:\/\/www.peanuts-machine.com\/wp-content\/uploads\/2022\/08\/sauce-colloid-mill-for-sale-16x12.webp 16w\" sizes=\"auto, (max-width: 720px) 100vw, 720px\" \/><figcaption class=\"wp-element-caption\">Sauce-Colloidm\u00fchle zu verkaufen<\/figcaption><\/figure>    <figure class=\"wp-block-image size-large\"><img loading=\"lazy\" decoding=\"async\" width=\"720\" height=\"540\" data-id=\"94\" src=\"https:\/\/www.peanuts-machine.com\/wp-content\/uploads\/2022\/08\/commercial-peanut-butter-maker-in-factory.webp\" alt=\"kommerzieller Erdnussbutterhersteller in der Fabrik\" class=\"wp-image-94\" title=\"\" srcset=\"https:\/\/www.peanuts-machine.com\/wp-content\/uploads\/2022\/08\/commercial-peanut-butter-maker-in-factory.webp 720w, https:\/\/www.peanuts-machine.com\/wp-content\/uploads\/2022\/08\/commercial-peanut-butter-maker-in-factory-300x225.webp 300w\" sizes=\"auto, (max-width: 720px) 100vw, 720px\" \/><figcaption class=\"wp-element-caption\">kommerzieller Erdnussbutterhersteller in der Fabrik<\/figcaption><\/figure> <\/figure>    <p class=\"translation-block\">Letztendlich kann die Entfernung zum Lieferanten auch die Gesamtkosten der Maschine beeinflussen. Es ist wichtig, sich nach diesen Details zu erkundigen, um sicherzustellen, dass Sie die richtige kommerzielle <a href=\"https:\/\/en.wikipedia.org\/wiki\/Peanut_butter\" target=\"_blank\" rel=\"noopener\">Erdnussbutter<\/a>-Maschine f\u00fcr Ihre Bed\u00fcrfnisse ausw\u00e4hlen. Z\u00f6gern Sie nicht, uns jederzeit zu kontaktieren.<\/p>","protected":false},"excerpt":{"rendered":"<p>Die kommerzielle Erdnussbuttermaschine eignet sich f\u00fcr Lebensmittel, Medizin, t\u00e4gliche Chemikalien und chemische Rohstoffe zur Feinbearbeitung. Sie wird h\u00e4ufig in Erdnussbutter, Sesambutter, Mandelbutter und anderen Saucenprodukten verwendet.<\/p>","protected":false},"author":1,"featured_media":95,"parent":0,"template":"","tags":[36,35],"product-type":[51,46],"class_list":["post-87","product","type-product","status-publish","has-post-thumbnail","hentry","tag-peanut","tag-peanut-butter","product-type-peanut-butter-machine","product-type-products"],"_links":{"self":[{"href":"https:\/\/www.peanuts-machine.com\/de\/wp-json\/wp\/v2\/product\/87","targetHints":{"allow":["GET"]}}],"collection":[{"href":"https:\/\/www.peanuts-machine.com\/de\/wp-json\/wp\/v2\/product"}],"about":[{"href":"https:\/\/www.peanuts-machine.com\/de\/wp-json\/wp\/v2\/types\/product"}],"author":[{"embeddable":true,"href":"https:\/\/www.peanuts-machine.com\/de\/wp-json\/wp\/v2\/users\/1"}],"wp:featuredmedia":[{"embeddable":true,"href":"https:\/\/www.peanuts-machine.com\/de\/wp-json\/wp\/v2\/media\/95"}],"wp:attachment":[{"href":"https:\/\/www.peanuts-machine.com\/de\/wp-json\/wp\/v2\/media?parent=87"}],"wp:term":[{"taxonomy":"post_tag","embeddable":true,"href":"https:\/\/www.peanuts-machine.com\/de\/wp-json\/wp\/v2\/tags?post=87"},{"taxonomy":"product-type","embeddable":true,"href":"https:\/\/www.peanuts-machine.com\/de\/wp-json\/wp\/v2\/product-type?post=87"}],"curies":[{"name":"wp","href":"https:\/\/api.w.org\/{rel}","templated":true}]}}