{"id":39,"date":"2022-08-09T06:15:51","date_gmt":"2022-08-09T06:15:51","guid":{"rendered":"https:\/\/www.peanuts-machine.com\/?page_id=39"},"modified":"2026-04-01T17:39:21","modified_gmt":"2026-04-01T09:39:21","slug":"contact-us","status":"publish","type":"page","link":"https:\/\/www.peanuts-machine.com\/es\/contact-us\/","title":{"rendered":"Cont\u00e1ctenos"},"content":{"rendered":"<div class=\"wp-block-columns is-layout-flex wp-container-core-columns-is-layout-9d6595d7 wp-block-columns-is-layout-flex\"> <div class=\"wp-block-column has-cyan-bluish-gray-background-color has-background is-layout-flow wp-block-column-is-layout-flow\" style=\"flex-basis:100%\"> <p>Ponte en contacto con nosotros para cualquier duda sobre nuestras m\u00e1quinas.<\/p>    <p class=\"translation-block\"><strong>Direcci\u00f3n de la oficina<\/strong><\/p>    <p>Carretera N\u00e1utica Este, Zona de Desarrollo Econ\u00f3mico de Zhengzhou, Henan, China<\/p>    <p class=\"translation-block\"><strong>Correo electr\u00f3nico<\/strong><\/p>    <p>info@peanuts-machine.com<\/p>    <p class=\"translation-block\"><strong>Tel\/WhatsApp<\/strong><\/p>    <p>+86 17320158259<\/p> <\/div> <\/div>    <p><\/p>","protected":false},"excerpt":{"rendered":"<p>P\u00f3ngase en contacto con nosotros para cualquier pregunta sobre nuestras m\u00e1quinas. Direcci\u00f3n de la oficina Nautical Road East, Zona de Desarrollo Econ\u00f3mico de Zhengzhou, Henan, China Correo electr\u00f3nico info@peanuts-machine.com Tel\/WhatsApp  86 17320158259<\/p>","protected":false},"author":1,"featured_media":0,"parent":0,"menu_order":0,"comment_status":"closed","ping_status":"closed","template":"","meta":{"footnotes":""},"class_list":["post-39","page","type-page","status-publish","hentry"],"_links":{"self":[{"href":"https:\/\/www.peanuts-machine.com\/es\/wp-json\/wp\/v2\/pages\/39","targetHints":{"allow":["GET"]}}],"collection":[{"href":"https:\/\/www.peanuts-machine.com\/es\/wp-json\/wp\/v2\/pages"}],"about":[{"href":"https:\/\/www.peanuts-machine.com\/es\/wp-json\/wp\/v2\/types\/page"}],"author":[{"embeddable":true,"href":"https:\/\/www.peanuts-machine.com\/es\/wp-json\/wp\/v2\/users\/1"}],"replies":[{"embeddable":true,"href":"https:\/\/www.peanuts-machine.com\/es\/wp-json\/wp\/v2\/comments?post=39"}],"version-history":[{"count":4,"href":"https:\/\/www.peanuts-machine.com\/es\/wp-json\/wp\/v2\/pages\/39\/revisions"}],"predecessor-version":[{"id":1278,"href":"https:\/\/www.peanuts-machine.com\/es\/wp-json\/wp\/v2\/pages\/39\/revisions\/1278"}],"wp:attachment":[{"href":"https:\/\/www.peanuts-machine.com\/es\/wp-json\/wp\/v2\/media?parent=39"}],"curies":[{"name":"wp","href":"https:\/\/api.w.org\/{rel}","templated":true}]}}