{"id":1022,"date":"2026-01-15T15:15:39","date_gmt":"2026-01-15T07:15:39","guid":{"rendered":"https:\/\/www.peanuts-machine.com\/?post_type=product&#038;p=1022"},"modified":"2026-01-15T15:17:05","modified_gmt":"2026-01-15T07:17:05","slug":"cashew-nut-grading-machine","status":"publish","type":"product","link":"https:\/\/www.peanuts-machine.com\/es\/product\/cashew-nut-grading-machine\/","title":{"rendered":"M\u00e1quina de Clasificaci\u00f3n de Anacardos | Clasificador Autom\u00e1tico de Anacardos"},"content":{"rendered":"<div class=\"kk-star-ratings kksr-auto kksr-align-left kksr-valign-top\"     data-payload='{&quot;align&quot;:&quot;left&quot;,&quot;id&quot;:&quot;1022&quot;,&quot;slug&quot;:&quot;default&quot;,&quot;valign&quot;:&quot;top&quot;,&quot;ignore&quot;:&quot;&quot;,&quot;reference&quot;:&quot;auto&quot;,&quot;class&quot;:&quot;&quot;,&quot;count&quot;:&quot;29&quot;,&quot;legendonly&quot;:&quot;&quot;,&quot;readonly&quot;:&quot;&quot;,&quot;score&quot;:&quot;4.6&quot;,&quot;starsonly&quot;:&quot;&quot;,&quot;best&quot;:&quot;5&quot;,&quot;gap&quot;:&quot;5&quot;,&quot;greet&quot;:&quot;Rate this product&quot;,&quot;legend&quot;:&quot;4.6\\\/5 - (29 votos)&quot;,&quot;size&quot;:&quot;24&quot;,&quot;title&quot;:&quot;Cashew Nut Grading Machine | Automatic Cashew Grader&quot;,&quot;width&quot;:&quot;130.9&quot;,&quot;_legend&quot;:&quot;{score}\\\/{best} - ({count} {votes})&quot;,&quot;font_factor&quot;:&quot;1.25&quot;}'>              <div class=\"kksr-stars\">      <div class=\"kksr-stars-inactive\">             <div class=\"kksr-star\" data-star=\"1\" style=\"padding-right: 5px\">               <div class=\"kksr-icon\" style=\"width: 24px; height: 24px;\"><\/div>         <\/div>             <div class=\"kksr-star\" data-star=\"2\" style=\"padding-right: 5px\">               <div class=\"kksr-icon\" style=\"width: 24px; height: 24px;\"><\/div>         <\/div>             <div class=\"kksr-star\" data-star=\"3\" style=\"padding-right: 5px\">               <div class=\"kksr-icon\" style=\"width: 24px; height: 24px;\"><\/div>         <\/div>             <div class=\"kksr-star\" data-star=\"4\" style=\"padding-right: 5px\">               <div class=\"kksr-icon\" style=\"width: 24px; height: 24px;\"><\/div>         <\/div>             <div class=\"kksr-star\" data-star=\"5\" style=\"padding-right: 5px\">               <div class=\"kksr-icon\" style=\"width: 24px; height: 24px;\"><\/div>         <\/div>     <\/div>      <div class=\"kksr-stars-active\" style=\"width: 130.9px;\">             <div class=\"kksr-star\" style=\"padding-right: 5px\">               <div class=\"kksr-icon\" style=\"width: 24px; height: 24px;\"><\/div>         <\/div>             <div class=\"kksr-star\" style=\"padding-right: 5px\">               <div class=\"kksr-icon\" style=\"width: 24px; height: 24px;\"><\/div>         <\/div>             <div class=\"kksr-star\" style=\"padding-right: 5px\">               <div class=\"kksr-icon\" style=\"width: 24px; height: 24px;\"><\/div>         <\/div>             <div class=\"kksr-star\" style=\"padding-right: 5px\">               <div class=\"kksr-icon\" style=\"width: 24px; height: 24px;\"><\/div>         <\/div>             <div class=\"kksr-star\" style=\"padding-right: 5px\">               <div class=\"kksr-icon\" style=\"width: 24px; height: 24px;\"><\/div>         <\/div>     <\/div> <\/div>                   <div class=\"kksr-legend\" style=\"font-size: 19.2px;\">             4,6\/5 - (29 votos)    <\/div>     <\/div>  <p>Las nueces de anacardo exhiben variaciones significativas de tama\u00f1o durante su crecimiento natural. Sin una clasificaci\u00f3n cient\u00edfica, esto afecta la apariencia del producto y la eficiencia de ventas. Nuestras m\u00e1quinas de clasificaci\u00f3n de nueces de anacardo pueden clasificar las nueces en 3\u20134 grados seg\u00fan su ancho o tama\u00f1o en una sola pasada, logrando una clasificaci\u00f3n estandarizada y precisa.<\/p>    <p>Actualmente ofrecemos dos modelos probados: la m\u00e1quina de clasificaci\u00f3n de anacardo de m\u00faltiples rodillos y la m\u00e1quina de clasificaci\u00f3n de anacardo de tipo tambor. Ambos son adecuados para la clasificaci\u00f3n por tama\u00f1o de n\u00facleos de anacardo, con construcci\u00f3n estable, clasificaci\u00f3n precisa y operaci\u00f3n sencilla, con capacidades de procesamiento de 300\u2013500 kg\/h.<\/p>    <p>Los usuarios pueden seleccionar de manera flexible el modelo apropiado seg\u00fan sus requisitos de volumen de producci\u00f3n, necesidades de precisi\u00f3n de clasificaci\u00f3n y condiciones en sitio, satisfaciendo las demandas operativas de empresas de procesamiento de anacardo de diferentes escalas.<\/p>    <figure class=\"wp-block-embed aligncenter is-type-video is-provider-youtube wp-block-embed-youtube wp-embed-aspect-9-16 wp-has-aspect-ratio\"><div class=\"wp-block-embed__wrapper\"> <iframe loading=\"lazy\" title=\"Cashew Kernel Grading Machine (Drum Type &amp; Multi-Roller) | Accurate &amp; Efficient Sorting#cashew\" width=\"422\" height=\"750\" src=\"https:\/\/www.youtube.com\/embed\/C7zvJ8bjQBs?feature=oembed\" frameborder=\"0\" allow=\"accelerometer; autoplay; clipboard-write; encrypted-media; gyroscope; picture-in-picture; web-share\" referrerpolicy=\"strict-origin-when-cross-origin\" allowfullscreen><\/iframe> <\/div><figcaption class=\"wp-element-caption\">Video de trabajo de la m\u00e1quina de clasificaci\u00f3n de anacardo<\/figcaption><\/figure>    <h2 class=\"wp-block-heading\">M\u00e1quina de clasificaci\u00f3n de anacardo de m\u00faltiples rodillos<\/h2>    <p>La m\u00e1quina de clasificaci\u00f3n de anacardo de m\u00faltiples rodillos emplea una estructura de ajuste de brecha de m\u00faltiples rodillos. Consta de rodillos de clasificaci\u00f3n en capas superior, media e inferior, que respectivamente producen granos grandes, medianos y peque\u00f1os. Al ajustar la brecha entre cada capa de rodillos, se logra una clasificaci\u00f3n precisa del ancho del n\u00facleo de anacardo, ofreciendo est\u00e1ndares de clasificaci\u00f3n claros y ajuste flexible.<\/p>    <p>Las configuraciones comunes de clasificaci\u00f3n incluyen 3\u20134 categor\u00edas de tama\u00f1o, como:<\/p>    <ul class=\"wp-block-list\"> <li>Menos de 8 mm<\/li>    <li>8\u201310 mm<\/li>    <li>10\u201312 mm<\/li>    <li>M\u00e1s de 12 mm (opcional)<\/li> <\/ul>    <p>El equipo funciona de manera estable con da\u00f1o m\u00ednimo en el n\u00facleo durante la clasificaci\u00f3n, lo que lo hace ideal para usuarios que exigen alta precisi\u00f3n en la clasificaci\u00f3n y calidad de producto consistente.<\/p>    <p>Especificaciones clave:<\/p>    <ul class=\"wp-block-list\"> <li>Potencia del motor: 1.1 kW<\/li>    <li>Voltaje \/ Frecuencia: 380V \/ 50Hz<\/li>    <li>Capacidad de procesamiento: 300\u2013400 kg\/h<\/li>    <li>Dimensiones: 2.3 \u00d7 0.8 \u00d7 1.6 m<\/li>    <li>Peso Total: Aproximadamente 180 kg<\/li> <\/ul>    <figure class=\"wp-block-gallery has-nested-images columns-default is-cropped wp-block-gallery-2 is-layout-flex wp-block-gallery-is-layout-flex\"> <figure class=\"wp-block-image size-large\"><img loading=\"lazy\" decoding=\"async\" width=\"720\" height=\"540\" data-id=\"1030\" src=\"https:\/\/www.peanuts-machine.com\/wp-content\/uploads\/2026\/01\/multi-roll-cashew-nut-grading-machine.webp\" alt=\"m\u00e1quina de clasificaci\u00f3n de anacardo de m\u00faltiples rodillos\" class=\"wp-image-1030\" title=\"\" srcset=\"https:\/\/www.peanuts-machine.com\/wp-content\/uploads\/2026\/01\/multi-roll-cashew-nut-grading-machine.webp 720w, https:\/\/www.peanuts-machine.com\/wp-content\/uploads\/2026\/01\/multi-roll-cashew-nut-grading-machine-300x225.webp 300w, https:\/\/www.peanuts-machine.com\/wp-content\/uploads\/2026\/01\/multi-roll-cashew-nut-grading-machine-16x12.webp 16w\" sizes=\"auto, (max-width: 720px) 100vw, 720px\" \/><figcaption class=\"wp-element-caption\">m\u00e1quina de clasificaci\u00f3n de anacardo de m\u00faltiples rodillos<\/figcaption><\/figure>    <figure class=\"wp-block-image size-large\"><img loading=\"lazy\" decoding=\"async\" width=\"720\" height=\"540\" data-id=\"1029\" src=\"https:\/\/www.peanuts-machine.com\/wp-content\/uploads\/2026\/01\/kernel-sorting-machine.webp\" alt=\"m\u00e1quina de clasificaci\u00f3n de n\u00facleos\" class=\"wp-image-1029\" title=\"\" srcset=\"https:\/\/www.peanuts-machine.com\/wp-content\/uploads\/2026\/01\/kernel-sorting-machine.webp 720w, https:\/\/www.peanuts-machine.com\/wp-content\/uploads\/2026\/01\/kernel-sorting-machine-300x225.webp 300w, https:\/\/www.peanuts-machine.com\/wp-content\/uploads\/2026\/01\/kernel-sorting-machine-16x12.webp 16w\" sizes=\"auto, (max-width: 720px) 100vw, 720px\" \/><figcaption class=\"wp-element-caption\">m\u00e1quina de clasificaci\u00f3n de n\u00facleos<\/figcaption><\/figure> <\/figure>    <h2 class=\"wp-block-heading\">M\u00e1quina de clasificaci\u00f3n de anacardo de tipo tambor<\/h2>    <p>La m\u00e1quina de clasificaci\u00f3n de anacardo de tipo tambor presenta un tambor segmentado con estructura de clasificaci\u00f3n de brecha fija, que incluye un sistema de accionamiento, ensamblaje del tambor y marco. A medida que el material avanza dentro del tambor, pasa por una clasificaci\u00f3n secuencial basada en diferentes tama\u00f1os de brecha, asegurando una secuencia de clasificaci\u00f3n clara y un alto rendimiento.<\/p>    <p>Por lo general, la m\u00e1quina primero separa los n\u00facleos rotos, luego realiza tamizado secuencial:<\/p>    <ul class=\"wp-block-list\"> <li>Menos de 8 mm<\/li>    <li>8\u201310 mm<\/li>    <li>10\u201312 mm<\/li>    <li>M\u00e1s de 12 mm (personalizable a petici\u00f3n)<\/li> <\/ul>    <p>La estructura de tambor es adecuada para operaci\u00f3n continua con alta producci\u00f3n y mantenimiento sencillo, lo que la hace especialmente adecuada para plantas de procesamiento de anacardo de tama\u00f1o mediano a grande.<\/p>    <p>Especificaciones clave:<\/p>    <ul class=\"wp-block-list\"> <li>Potencia del Motor: 0.75 kW<\/li>    <li>Voltaje \/ Frecuencia: 380V \/ 50Hz<\/li>    <li>Capacidad de procesamiento: 400\u2013500 kg\/h<\/li>    <li>Dimensiones: 2.0 \u00d7 0.8 \u00d7 1.4 m<\/li>    <li>Peso Total: Aproximadamente 300 kg<\/li> <\/ul>    <figure class=\"wp-block-gallery has-nested-images columns-default is-cropped wp-block-gallery-3 is-layout-flex wp-block-gallery-is-layout-flex\"> <figure class=\"wp-block-image size-large\"><img loading=\"lazy\" decoding=\"async\" width=\"720\" height=\"540\" data-id=\"1032\" src=\"https:\/\/www.peanuts-machine.com\/wp-content\/uploads\/2026\/01\/drum-type-cashew-kernel-grader.webp\" alt=\"clasificador de n\u00facleo de anacardo de tipo tambor\" class=\"wp-image-1032\" title=\"\" srcset=\"https:\/\/www.peanuts-machine.com\/wp-content\/uploads\/2026\/01\/drum-type-cashew-kernel-grader.webp 720w, https:\/\/www.peanuts-machine.com\/wp-content\/uploads\/2026\/01\/drum-type-cashew-kernel-grader-300x225.webp 300w, https:\/\/www.peanuts-machine.com\/wp-content\/uploads\/2026\/01\/drum-type-cashew-kernel-grader-16x12.webp 16w\" sizes=\"auto, (max-width: 720px) 100vw, 720px\" \/><figcaption class=\"wp-element-caption\">clasificador de n\u00facleo de anacardo de tipo tambor<\/figcaption><\/figure>    <figure class=\"wp-block-image size-large\"><img loading=\"lazy\" decoding=\"async\" width=\"720\" height=\"540\" data-id=\"1031\" src=\"https:\/\/www.peanuts-machine.com\/wp-content\/uploads\/2026\/01\/cashew-nut-size-separator.webp\" alt=\"Separador de tama\u00f1o de anacardo\" class=\"wp-image-1031\" title=\"\" srcset=\"https:\/\/www.peanuts-machine.com\/wp-content\/uploads\/2026\/01\/cashew-nut-size-separator.webp 720w, https:\/\/www.peanuts-machine.com\/wp-content\/uploads\/2026\/01\/cashew-nut-size-separator-300x225.webp 300w, https:\/\/www.peanuts-machine.com\/wp-content\/uploads\/2026\/01\/cashew-nut-size-separator-16x12.webp 16w\" sizes=\"auto, (max-width: 720px) 100vw, 720px\" \/><figcaption class=\"wp-element-caption\">Separador de tama\u00f1o de anacardo<\/figcaption><\/figure> <\/figure>    <h2 class=\"wp-block-heading\">Clasificador de anacardo de m\u00faltiples rodillos vs Tipo tambor<\/h2>    <figure class=\"wp-block-table is-style-stripes\"><table class=\"has-fixed-layout\"><tbody><tr><td><strong>Art\u00edculo<\/strong><\/td><td><strong>M\u00e1quina de Clasificaci\u00f3n de Anacardo de M\u00faltiples Rodillos<\/strong><\/td><td><strong>M\u00e1quina de Clasificaci\u00f3n de Anacardo de Tipo Tambor<\/strong><\/td><\/tr><tr><td>Estructura de clasificaci\u00f3n<\/td><td>Dise\u00f1o de brecha ajustable de m\u00faltiples rodillos<\/td><td>Tambor segmentado con brecha fija <br>dise\u00f1o<\/td><\/tr><tr><td>M\u00e9todo de Clasificaci\u00f3n<\/td><td>Los n\u00facleos de anacardo se clasifican por <br>ajustando la brecha entre los rodillos<\/td><td>Los n\u00facleos de anacardo se clasifican mediante <br>diferentes brechas fijas a lo largo del tambor<\/td><\/tr><tr><td>N\u00famero de Grados<\/td><td>3\u20134 grados (ajustables)<\/td><td>3\u20134 grados (personalizables)<\/td><\/tr><tr><td>Base de Clasificaci\u00f3n<\/td><td>Clasificaci\u00f3n por ancho del n\u00facleo<\/td><td>Clasificaci\u00f3n secuencial por tama\u00f1o de n\u00facleo<\/td><\/tr><tr><td>Flexibilidad de ajuste<\/td><td>Alto \u2013 cada brecha de grado puede ser <br>ajustado de forma independiente<\/td><td>Medio \u2013 requiere cambiar o <br>personalizaci\u00f3n de brechas en el tambor<\/td><\/tr><tr><td>Precisi\u00f3n de clasificaci\u00f3n<\/td><td>Alto, con excelente consistencia de tama\u00f1o<\/td><td>Estable y adecuado para la estandarizaci\u00f3n <br>clasificaci\u00f3n<\/td><\/tr><tr><td>Capacidad de procesamiento<\/td><td>300\u2013400 kg\/h<\/td><td>400\u2013500 kg\/h<\/td><\/tr><tr><td>Escala de producci\u00f3n adecuada<\/td><td>Procesamiento de tama\u00f1o peque\u00f1o a mediano <br>plantas<\/td><td>Procesamiento de tama\u00f1o mediano a grande <br>plantas<\/td><\/tr><tr><td>Tasa de Rotura del N\u00facleo<\/td><td>Proceso de clasificaci\u00f3n bajo, suave<\/td><td>Bajo, dise\u00f1ado para alto volumen <br>procesamiento<\/td><\/tr><tr><td>Operaci\u00f3n y Mantenimiento<\/td><td>Estructura sencilla, ajuste f\u00e1cil <br>y mantenimiento<\/td><td>Estructura robusta, f\u00e1cil y de bajo-<br>operaci\u00f3n de mantenimiento<\/td><\/tr><tr><td>Usuarios Recomendados<\/td><td>Clientes enfocados en la clasificaci\u00f3n <br>Precisi\u00f3n y flexibilidad<\/td><td>Los clientes se centran en alta producci\u00f3n y <br>eficiencia<\/td><\/tr><\/tbody><\/table><figcaption class=\"wp-element-caption\">Una comparaci\u00f3n de dos tipos de m\u00e1quinas de clasificaci\u00f3n de anacardo<\/figcaption><\/figure>    <h2 class=\"wp-block-heading\">Recomendaciones para seleccionar clasificadores de anacardo<\/h2>    <ul class=\"wp-block-list\"> <li>Si priorizas la precisi\u00f3n en la clasificaci\u00f3n y la ajuste flexible del tama\u00f1o, los clasificadores de anacardo de m\u00faltiples rodillos son m\u00e1s adecuados, especialmente para escenarios de clasificaci\u00f3n fina con especificaciones estrictas del producto terminado.<\/li>    <li>Si priorizas el rendimiento, operaci\u00f3n continua y eficiencia general, la m\u00e1quina de clasificaci\u00f3n de anacardo de tipo tambor es m\u00e1s adecuada para plantas de procesamiento de anacardo de tama\u00f1o mediano a grande.<\/li> <\/ul>    <p>Ambos modelos pueden ser personalizados seg\u00fan sus especificaciones y est\u00e1ndares de clasificaci\u00f3n. Recomendamos definir claramente sus dimensiones de clasificaci\u00f3n objetivo y producci\u00f3n diaria antes de la selecci\u00f3n para lograr resultados \u00f3ptimos.<\/p>    <p class=\"translation-block\">In addition to these two types of cashew nut grading machines, we also offer screening equipment suitable for other nuts, such as <strong><em><a href=\"https:\/\/www.peanuts-machine.com\/es\/product\/peanut-grading-machine\/\">peanut grading and screening machines<\/a><\/em><\/strong>. If you&#8217;re interested, please feel free to contact us.<\/p>","protected":false},"excerpt":{"rendered":"<p>anacardo<\/p>","protected":false},"author":1,"featured_media":1033,"parent":0,"template":"","tags":[57],"product-type":[48,46],"class_list":["post-1022","product","type-product","status-publish","has-post-thumbnail","hentry","tag-cashew","product-type-peanut-grading-machine","product-type-products"],"_links":{"self":[{"href":"https:\/\/www.peanuts-machine.com\/es\/wp-json\/wp\/v2\/product\/1022","targetHints":{"allow":["GET"]}}],"collection":[{"href":"https:\/\/www.peanuts-machine.com\/es\/wp-json\/wp\/v2\/product"}],"about":[{"href":"https:\/\/www.peanuts-machine.com\/es\/wp-json\/wp\/v2\/types\/product"}],"author":[{"embeddable":true,"href":"https:\/\/www.peanuts-machine.com\/es\/wp-json\/wp\/v2\/users\/1"}],"wp:featuredmedia":[{"embeddable":true,"href":"https:\/\/www.peanuts-machine.com\/es\/wp-json\/wp\/v2\/media\/1033"}],"wp:attachment":[{"href":"https:\/\/www.peanuts-machine.com\/es\/wp-json\/wp\/v2\/media?parent=1022"}],"wp:term":[{"taxonomy":"post_tag","embeddable":true,"href":"https:\/\/www.peanuts-machine.com\/es\/wp-json\/wp\/v2\/tags?post=1022"},{"taxonomy":"product-type","embeddable":true,"href":"https:\/\/www.peanuts-machine.com\/es\/wp-json\/wp\/v2\/product-type?post=1022"}],"curies":[{"name":"wp","href":"https:\/\/api.w.org\/{rel}","templated":true}]}}