{"id":1056,"date":"2026-01-19T13:55:42","date_gmt":"2026-01-19T05:55:42","guid":{"rendered":"https:\/\/www.peanuts-machine.com\/?post_type=product&#038;p=1056"},"modified":"2026-01-19T13:55:43","modified_gmt":"2026-01-19T05:55:43","slug":"peanut-strip-cutting-machine","status":"publish","type":"product","link":"https:\/\/www.peanuts-machine.com\/es\/product\/peanut-strip-cutting-machine\/","title":{"rendered":"Tiras de almendra autom\u00e1ticas | M\u00e1quina cortadora de tiras de cacahuete"},"content":{"rendered":"<div class=\"kk-star-ratings kksr-auto kksr-align-left kksr-valign-top\"     data-payload='{&quot;align&quot;:&quot;left&quot;,&quot;id&quot;:&quot;1056&quot;,&quot;slug&quot;:&quot;default&quot;,&quot;valign&quot;:&quot;top&quot;,&quot;ignore&quot;:&quot;&quot;,&quot;reference&quot;:&quot;auto&quot;,&quot;class&quot;:&quot;&quot;,&quot;count&quot;:&quot;5&quot;,&quot;legendonly&quot;:&quot;&quot;,&quot;readonly&quot;:&quot;&quot;,&quot;score&quot;:&quot;4.7&quot;,&quot;starsonly&quot;:&quot;&quot;,&quot;best&quot;:&quot;5&quot;,&quot;gap&quot;:&quot;5&quot;,&quot;greet&quot;:&quot;Rate this product&quot;,&quot;legend&quot;:&quot;4.7\\\/5 - (5 votos)&quot;,&quot;size&quot;:&quot;24&quot;,&quot;title&quot;:&quot;Automatic Almond Strips | Peanut Strip Cutting Machine&quot;,&quot;width&quot;:&quot;133.8&quot;,&quot;_legend&quot;:&quot;{score}\\\/{best} - ({count} {votes})&quot;,&quot;font_factor&quot;:&quot;1.25&quot;}'>              <div class=\"kksr-stars\">      <div class=\"kksr-stars-inactive\">             <div class=\"kksr-star\" data-star=\"1\" style=\"padding-right: 5px\">               <div class=\"kksr-icon\" style=\"width: 24px; height: 24px;\"><\/div>         <\/div>             <div class=\"kksr-star\" data-star=\"2\" style=\"padding-right: 5px\">               <div class=\"kksr-icon\" style=\"width: 24px; height: 24px;\"><\/div>         <\/div>             <div class=\"kksr-star\" data-star=\"3\" style=\"padding-right: 5px\">               <div class=\"kksr-icon\" style=\"width: 24px; height: 24px;\"><\/div>         <\/div>             <div class=\"kksr-star\" data-star=\"4\" style=\"padding-right: 5px\">               <div class=\"kksr-icon\" style=\"width: 24px; height: 24px;\"><\/div>         <\/div>             <div class=\"kksr-star\" data-star=\"5\" style=\"padding-right: 5px\">               <div class=\"kksr-icon\" style=\"width: 24px; height: 24px;\"><\/div>         <\/div>     <\/div>      <div class=\"kksr-stars-active\" style=\"width: 133.8px;\">             <div class=\"kksr-star\" style=\"padding-right: 5px\">               <div class=\"kksr-icon\" style=\"width: 24px; height: 24px;\"><\/div>         <\/div>             <div class=\"kksr-star\" style=\"padding-right: 5px\">               <div class=\"kksr-icon\" style=\"width: 24px; height: 24px;\"><\/div>         <\/div>             <div class=\"kksr-star\" style=\"padding-right: 5px\">               <div class=\"kksr-icon\" style=\"width: 24px; height: 24px;\"><\/div>         <\/div>             <div class=\"kksr-star\" style=\"padding-right: 5px\">               <div class=\"kksr-icon\" style=\"width: 24px; height: 24px;\"><\/div>         <\/div>             <div class=\"kksr-star\" style=\"padding-right: 5px\">               <div class=\"kksr-icon\" style=\"width: 24px; height: 24px;\"><\/div>         <\/div>     <\/div> <\/div>                   <div class=\"kksr-legend\" style=\"font-size: 19.2px;\">             4,7\/5 - (5 votos)    <\/div>     <\/div>  <p>La m\u00e1quina de corte de tiras de cacahuete est\u00e1 dise\u00f1ada espec\u00edficamente para cortar cacahuetes partidos y diversos frutos secos. La m\u00e1quina corta los frutos secos partidos en tiras uniformes con bordes suaves, minimizando roturas y desperdicios, y aumentando significativamente la eficiencia de producci\u00f3n. Construida completamente en acero inoxidable, es duradera, resistente a la oxidaci\u00f3n y cumple con las normas de higiene alimentaria, asegurando productos cortados limpios y saludables.<\/p>    <p>Su dise\u00f1o completamente autom\u00e1tico no solo simplifica la operaci\u00f3n manual, sino que tambi\u00e9n ahorra tiempo y mano de obra significativos. Es adecuado para diversas aplicaciones, incluyendo f\u00e1bricas de snacks, plantas de panader\u00eda, pasteler\u00edas, helader\u00edas y instalaciones de producci\u00f3n de condimentos.<\/p>    <figure class=\"wp-block-embed aligncenter is-type-video is-provider-youtube wp-block-embed-youtube wp-embed-aspect-16-9 wp-has-aspect-ratio\"><div class=\"wp-block-embed__wrapper\"> <iframe loading=\"lazy\" title=\"Peanut &amp; Nut Strip Cutting Machine | Clean and Precise Cutting Demo#peanut #nutmachine\" width=\"500\" height=\"281\" src=\"https:\/\/www.youtube.com\/embed\/6tw9p5HmVnk?feature=oembed\" frameborder=\"0\" allow=\"accelerometer; autoplay; clipboard-write; encrypted-media; gyroscope; picture-in-picture; web-share\" referrerpolicy=\"strict-origin-when-cross-origin\" allowfullscreen><\/iframe> <\/div><figcaption class=\"wp-element-caption\">Video de trabajo de la m\u00e1quina autom\u00e1tica de corte de tiras de cacahuete<\/figcaption><\/figure>    <h2 class=\"wp-block-heading\">Datos t\u00e9cnicos de la m\u00e1quina de corte de tiras de cacahuete<\/h2>    <figure class=\"wp-block-table is-style-stripes\"><table class=\"has-fixed-layout\"><tbody><tr><td><strong>Par\u00e1metro<\/strong><\/td><td><strong>M\u00e1quina de corte de tiras de cacahuete<\/strong><\/td><\/tr><tr><td>Dimensiones<\/td><td>1300 \u00d7 750 \u00d7 1400 mm<\/td><\/tr><tr><td>Peso<\/td><td>200 kg<\/td><\/tr><tr><td>Fuerza<\/td><td>1 KW<\/td><\/tr><tr><td>Capacidad<\/td><td>100 kg\/h<\/td><\/tr><tr><td>Grosor de la tira<\/td><td>3\u20135 mm<\/td><\/tr><tr><td>Materiales adecuados<\/td><td>Mitades de cacahuetes, almendras, pistachos, nueces y otros frutos secos<\/td><\/tr><tr><td>Material<\/td><td>Acero inoxidable completo<\/td><\/tr><\/tbody><\/table><figcaption class=\"wp-element-caption\">Par\u00e1metros de la m\u00e1quina autom\u00e1tica de corte de tiras de cacahuete<\/figcaption><\/figure>    <h2 class=\"wp-block-heading\">Aplicaciones de la m\u00e1quina comercial de tiras de frutos secos<\/h2>    <ul class=\"wp-block-list\"> <li>F\u00e1brica de snacks: utilizada para cortar cacahuetes, almendras y otros frutos secos para producir caramelos, snacks y mezclas de frutos secos.<\/li>    <li>F\u00e1brica de panader\u00eda y pasteler\u00eda: los frutos secos en rodajas se pueden usar para decorar y rellenar pasteles, galletas, panes y otros productos horneados.<\/li>    <li>Tiendas de helados y postres: las tiras de frutos secos sirven como toppings para helados y postres, mejorando el atractivo visual y la textura.<\/li>    <li>Plantillas de condimentos y salsas: los frutos secos en rodajas se incorporan en salsas sazonadas, aderezos y mantequillas de frutos secos.<\/li>    <li>Cadenas de restaurantes y locales de comida r\u00e1pida: las tiras de frutos secos se usan como ingredientes o toppings para elevar el valor del plato.<\/li>    <li>Empresas de regalos y embalaje de frutos secos: los frutos secos en rodajas se envasan en cajas de regalo, paquetes de snacks saludables o surtidos de frutos secos.<\/li> <\/ul>    <figure class=\"wp-block-gallery has-nested-images columns-default is-cropped wp-block-gallery-2 is-layout-flex wp-block-gallery-is-layout-flex\"> <figure class=\"wp-block-image size-large\"><img loading=\"lazy\" decoding=\"async\" width=\"720\" height=\"540\" data-id=\"1062\" src=\"https:\/\/www.peanuts-machine.com\/wp-content\/uploads\/2026\/01\/peanut-strips-finished-product.webp\" alt=\"producto terminado de tiras de cacahuete\" class=\"wp-image-1062\" title=\"\" srcset=\"https:\/\/www.peanuts-machine.com\/wp-content\/uploads\/2026\/01\/peanut-strips-finished-product.webp 720w, https:\/\/www.peanuts-machine.com\/wp-content\/uploads\/2026\/01\/peanut-strips-finished-product-300x225.webp 300w, https:\/\/www.peanuts-machine.com\/wp-content\/uploads\/2026\/01\/peanut-strips-finished-product-16x12.webp 16w\" sizes=\"auto, (max-width: 720px) 100vw, 720px\" \/><figcaption class=\"wp-element-caption\">producto terminado de tiras de cacahuete<\/figcaption><\/figure>    <figure class=\"wp-block-image size-large\"><img loading=\"lazy\" decoding=\"async\" width=\"720\" height=\"540\" data-id=\"1061\" src=\"https:\/\/www.peanuts-machine.com\/wp-content\/uploads\/2026\/01\/almond-strips-finished-product.webp\" alt=\"producto terminado de tiras de almendra\" class=\"wp-image-1061\" title=\"\" srcset=\"https:\/\/www.peanuts-machine.com\/wp-content\/uploads\/2026\/01\/almond-strips-finished-product.webp 720w, https:\/\/www.peanuts-machine.com\/wp-content\/uploads\/2026\/01\/almond-strips-finished-product-300x225.webp 300w, https:\/\/www.peanuts-machine.com\/wp-content\/uploads\/2026\/01\/almond-strips-finished-product-16x12.webp 16w\" sizes=\"auto, (max-width: 720px) 100vw, 720px\" \/><figcaption class=\"wp-element-caption\">producto terminado de tiras de almendra<\/figcaption><\/figure> <\/figure>    <h2 class=\"wp-block-heading\">Estructura de la cortadora autom\u00e1tica de tiras de cacahuete<\/h2>    <p>La m\u00e1quina de corte de cacahuetes consta principalmente de los siguientes componentes:<\/p>    <ul class=\"wp-block-list\"> <li>Tolva: contiene materias primas de frutos secos con c\u00e1scara para garantizar un suministro continuo.<\/li>    <li>Alimentador vibratorio: transporta de manera uniforme las materias primas a las cuchillas de corte, mejorando la eficiencia de corte.<\/li>    <li>Cuchillas y rodillos de corte: las cuchillas cortan los frutos secos en tiras uniformes.<\/li>    <li>Secci\u00f3n de transporte y descarga: los frutos secos en rodajas se recogen mediante una cinta transportadora o una pantalla. Los bordes son suaves y se eliminan autom\u00e1ticamente peque\u00f1os residuos o impurezas.<\/li> <\/ul>    <h2 class=\"wp-block-heading\">Principio de funcionamiento de la cortadora de tiras de cacahuete<\/h2>    <ol class=\"wp-block-list\"> <li>La mitad de un cacahuete u otro fruto seco entra por la tolva, pasa por el alimentador vibratorio para alinearse de manera uniforme y contin\u00faa hacia la zona de corte.<\/li>    <li>Impulsadas por los rodillos de corte, las cuchillas cortan los frutos secos en tiras a lo largo.<\/li>    <li>Las tiras de frutos secos cortados se descargan autom\u00e1ticamente por la salida y se filtran a trav\u00e9s de una pantalla para eliminar part\u00edculas rotas e impurezas.<\/li> <\/ol>    <figure class=\"wp-block-gallery has-nested-images columns-default is-cropped wp-block-gallery-3 is-layout-flex wp-block-gallery-is-layout-flex\"> <figure class=\"wp-block-image size-large\"><img loading=\"lazy\" decoding=\"async\" width=\"720\" height=\"540\" data-id=\"1063\" src=\"https:\/\/www.peanuts-machine.com\/wp-content\/uploads\/2026\/01\/automatic-peanut-strip-cutter.webp\" alt=\"cortadora autom\u00e1tica de tiras de cacahuete\" class=\"wp-image-1063\" title=\"\" srcset=\"https:\/\/www.peanuts-machine.com\/wp-content\/uploads\/2026\/01\/automatic-peanut-strip-cutter.webp 720w, https:\/\/www.peanuts-machine.com\/wp-content\/uploads\/2026\/01\/automatic-peanut-strip-cutter-300x225.webp 300w, https:\/\/www.peanuts-machine.com\/wp-content\/uploads\/2026\/01\/automatic-peanut-strip-cutter-16x12.webp 16w\" sizes=\"auto, (max-width: 720px) 100vw, 720px\" \/><figcaption class=\"wp-element-caption\">cortadora autom\u00e1tica de tiras de cacahuete<\/figcaption><\/figure>    <figure class=\"wp-block-image size-large\"><img loading=\"lazy\" decoding=\"async\" width=\"720\" height=\"540\" data-id=\"1064\" src=\"https:\/\/www.peanuts-machine.com\/wp-content\/uploads\/2026\/01\/peanut-strip-cutting-machine.webp\" alt=\"m\u00e1quina de corte de tiras de cacahuete\" class=\"wp-image-1064\" title=\"\" srcset=\"https:\/\/www.peanuts-machine.com\/wp-content\/uploads\/2026\/01\/peanut-strip-cutting-machine.webp 720w, https:\/\/www.peanuts-machine.com\/wp-content\/uploads\/2026\/01\/peanut-strip-cutting-machine-300x225.webp 300w, https:\/\/www.peanuts-machine.com\/wp-content\/uploads\/2026\/01\/peanut-strip-cutting-machine-16x12.webp 16w\" sizes=\"auto, (max-width: 720px) 100vw, 720px\" \/><figcaption class=\"wp-element-caption\">m\u00e1quina de corte de tiras de cacahuete<\/figcaption><\/figure> <\/figure>    <p>La velocidad de alimentaci\u00f3n y la velocidad de rotaci\u00f3n de las cuchillas se controlan mediante un motor de velocidad variable para garantizar un corte uniforme y completo de las tiras.<\/p>    <h2 class=\"wp-block-heading\">Ventajas de la m\u00e1quina de corte de tiras de almendra<\/h2>    <ul class=\"wp-block-list\"> <li>Construcci\u00f3n de acero inoxidable completo: duradera, resistente a la oxidaci\u00f3n y cumple con las normas de higiene alimentaria.<\/li>    <li>Producci\u00f3n de alta eficiencia: mecanismo de alimentaci\u00f3n vibratoria combinado con cuchillas de alta velocidad ofrece cortes r\u00e1pidos, alto rendimiento y ahorro de mano de obra.<\/li>    <li>Corte consistente: el grosor ajustable garantiza un tama\u00f1o uniforme de las tiras, minimizando desperdicios.<\/li>    <li>Aplicaci\u00f3n vers\u00e1til: m\u00e1s all\u00e1 de los cacahuetes, corta f\u00e1cilmente almendras, pistachos, anacardos, nueces y otros frutos secos con un simple cambio de cuchilla.<\/li>    <li>Operaci\u00f3n sencilla: carga manual de ingredientes en la tolva; la m\u00e1quina completa el corte y la recolecci\u00f3n autom\u00e1ticamente.<\/li>    <li>F\u00e1cil limpieza y mantenimiento: cuchillas y secciones de la cinta transportadora desmontables facilitan la limpieza y el mantenimiento diarios.<\/li> <\/ul>    <figure class=\"wp-block-gallery has-nested-images columns-default is-cropped wp-block-gallery-4 is-layout-flex wp-block-gallery-is-layout-flex\"> <figure class=\"wp-block-image size-large\"><img loading=\"lazy\" decoding=\"async\" width=\"720\" height=\"540\" data-id=\"1065\" src=\"https:\/\/www.peanuts-machine.com\/wp-content\/uploads\/2026\/01\/almond-strip-cutting-machine.webp\" alt=\"m\u00e1quina de corte de tiras de almendra\" class=\"wp-image-1065\" title=\"\" srcset=\"https:\/\/www.peanuts-machine.com\/wp-content\/uploads\/2026\/01\/almond-strip-cutting-machine.webp 720w, https:\/\/www.peanuts-machine.com\/wp-content\/uploads\/2026\/01\/almond-strip-cutting-machine-300x225.webp 300w, https:\/\/www.peanuts-machine.com\/wp-content\/uploads\/2026\/01\/almond-strip-cutting-machine-16x12.webp 16w\" sizes=\"auto, (max-width: 720px) 100vw, 720px\" \/><figcaption class=\"wp-element-caption\">m\u00e1quina de corte de tiras de almendra<\/figcaption><\/figure>    <figure class=\"wp-block-image size-large\"><img loading=\"lazy\" decoding=\"async\" width=\"720\" height=\"540\" data-id=\"1066\" src=\"https:\/\/www.peanuts-machine.com\/wp-content\/uploads\/2026\/01\/high-efficiency-pistachio-cutter.webp\" alt=\"cortadora de pistachos de alta eficiencia\" class=\"wp-image-1066\" title=\"\" srcset=\"https:\/\/www.peanuts-machine.com\/wp-content\/uploads\/2026\/01\/high-efficiency-pistachio-cutter.webp 720w, https:\/\/www.peanuts-machine.com\/wp-content\/uploads\/2026\/01\/high-efficiency-pistachio-cutter-300x225.webp 300w, https:\/\/www.peanuts-machine.com\/wp-content\/uploads\/2026\/01\/high-efficiency-pistachio-cutter-16x12.webp 16w\" sizes=\"auto, (max-width: 720px) 100vw, 720px\" \/><figcaption class=\"wp-element-caption\">cortadora de pistachos de alta eficiencia<\/figcaption><\/figure> <\/figure>    <p>La m\u00e1quina de corte de tiras de cacahuete ofrece alta eficiencia, estabilidad y f\u00e1cil operaci\u00f3n con un dise\u00f1o higi\u00e9nico de acero inoxidable completo, lo que la convierte en la soluci\u00f3n ideal para la industria de procesamiento de frutos secos, panader\u00eda, snacks y postres. Ya sea para producci\u00f3n a gran escala o peque\u00f1os talleres, mejora significativamente la eficiencia de corte y garantiza una calidad constante del producto.<\/p>    <p class=\"translation-block\">Adem\u00e1s, ofrecemos otros equipos de procesamiento de frutos secos, como <strong><em><a href=\"https:\/\/www.peanuts-machine.com\/es\/product\/peanut-crushing-machine\/\">m\u00e1quinas de triturar cacahuetes<\/a><\/em><\/strong> y <strong><em><a href=\"https:\/\/www.peanuts-machine.com\/es\/product\/almond-slicer\/\">cortadoras de almendra<\/a><\/em><\/strong>. \u00a1Elija nuestras m\u00e1quinas para hacer su procesamiento de frutos secos m\u00e1s r\u00e1pido, preciso y eficiente!<\/p>","protected":false},"excerpt":{"rendered":"<p>La m\u00e1quina cortadora de tiras de cacahuete es adecuada para cacahuetes con media c\u00e1scara, almendras, pistachos y frutos secos similares. Se utiliza ampliamente en el procesamiento de aperitivos, productos horneados, postres y condimentos.<\/p>","protected":false},"author":1,"featured_media":1067,"parent":0,"template":"","tags":[56,36],"product-type":[55,46],"class_list":["post-1056","product","type-product","status-publish","has-post-thumbnail","hentry","tag-nut","tag-peanut","product-type-peanut-cutting-machine","product-type-products"],"_links":{"self":[{"href":"https:\/\/www.peanuts-machine.com\/es\/wp-json\/wp\/v2\/product\/1056","targetHints":{"allow":["GET"]}}],"collection":[{"href":"https:\/\/www.peanuts-machine.com\/es\/wp-json\/wp\/v2\/product"}],"about":[{"href":"https:\/\/www.peanuts-machine.com\/es\/wp-json\/wp\/v2\/types\/product"}],"author":[{"embeddable":true,"href":"https:\/\/www.peanuts-machine.com\/es\/wp-json\/wp\/v2\/users\/1"}],"wp:featuredmedia":[{"embeddable":true,"href":"https:\/\/www.peanuts-machine.com\/es\/wp-json\/wp\/v2\/media\/1067"}],"wp:attachment":[{"href":"https:\/\/www.peanuts-machine.com\/es\/wp-json\/wp\/v2\/media?parent=1056"}],"wp:term":[{"taxonomy":"post_tag","embeddable":true,"href":"https:\/\/www.peanuts-machine.com\/es\/wp-json\/wp\/v2\/tags?post=1056"},{"taxonomy":"product-type","embeddable":true,"href":"https:\/\/www.peanuts-machine.com\/es\/wp-json\/wp\/v2\/product-type?post=1056"}],"curies":[{"name":"wp","href":"https:\/\/api.w.org\/{rel}","templated":true}]}}