{"id":1069,"date":"2026-01-19T14:59:01","date_gmt":"2026-01-19T06:59:01","guid":{"rendered":"https:\/\/www.peanuts-machine.com\/?post_type=product&#038;p=1069"},"modified":"2026-01-19T14:59:01","modified_gmt":"2026-01-19T06:59:01","slug":"peanut-powder-milling-machine","status":"publish","type":"product","link":"https:\/\/www.peanuts-machine.com\/es\/product\/peanut-powder-milling-machine\/","title":{"rendered":"Molino de polvo de cacahuete | M\u00e1quina de moler harina de nueces"},"content":{"rendered":"<div class=\"kk-star-ratings kksr-auto kksr-align-left kksr-valign-top\"     data-payload='{&quot;align&quot;:&quot;left&quot;,&quot;id&quot;:&quot;1069&quot;,&quot;slug&quot;:&quot;default&quot;,&quot;valign&quot;:&quot;top&quot;,&quot;ignore&quot;:&quot;&quot;,&quot;reference&quot;:&quot;auto&quot;,&quot;class&quot;:&quot;&quot;,&quot;count&quot;:&quot;19&quot;,&quot;legendonly&quot;:&quot;&quot;,&quot;readonly&quot;:&quot;&quot;,&quot;score&quot;:&quot;4.7&quot;,&quot;starsonly&quot;:&quot;&quot;,&quot;best&quot;:&quot;5&quot;,&quot;gap&quot;:&quot;5&quot;,&quot;greet&quot;:&quot;Rate this product&quot;,&quot;legend&quot;:&quot;4.7\\\/5 - (19 votos)&quot;,&quot;size&quot;:&quot;24&quot;,&quot;title&quot;:&quot;Peanut Powder Milling Machine | Nut Flour Grinder Machine&quot;,&quot;width&quot;:&quot;133.8&quot;,&quot;_legend&quot;:&quot;{score}\\\/{best} - ({count} {votes})&quot;,&quot;font_factor&quot;:&quot;1.25&quot;}'>              <div class=\"kksr-stars\">      <div class=\"kksr-stars-inactive\">             <div class=\"kksr-star\" data-star=\"1\" style=\"padding-right: 5px\">               <div class=\"kksr-icon\" style=\"width: 24px; height: 24px;\"><\/div>         <\/div>             <div class=\"kksr-star\" data-star=\"2\" style=\"padding-right: 5px\">               <div class=\"kksr-icon\" style=\"width: 24px; height: 24px;\"><\/div>         <\/div>             <div class=\"kksr-star\" data-star=\"3\" style=\"padding-right: 5px\">               <div class=\"kksr-icon\" style=\"width: 24px; height: 24px;\"><\/div>         <\/div>             <div class=\"kksr-star\" data-star=\"4\" style=\"padding-right: 5px\">               <div class=\"kksr-icon\" style=\"width: 24px; height: 24px;\"><\/div>         <\/div>             <div class=\"kksr-star\" data-star=\"5\" style=\"padding-right: 5px\">               <div class=\"kksr-icon\" style=\"width: 24px; height: 24px;\"><\/div>         <\/div>     <\/div>      <div class=\"kksr-stars-active\" style=\"width: 133.8px;\">             <div class=\"kksr-star\" style=\"padding-right: 5px\">               <div class=\"kksr-icon\" style=\"width: 24px; height: 24px;\"><\/div>         <\/div>             <div class=\"kksr-star\" style=\"padding-right: 5px\">               <div class=\"kksr-icon\" style=\"width: 24px; height: 24px;\"><\/div>         <\/div>             <div class=\"kksr-star\" style=\"padding-right: 5px\">               <div class=\"kksr-icon\" style=\"width: 24px; height: 24px;\"><\/div>         <\/div>             <div class=\"kksr-star\" style=\"padding-right: 5px\">               <div class=\"kksr-icon\" style=\"width: 24px; height: 24px;\"><\/div>         <\/div>             <div class=\"kksr-star\" style=\"padding-right: 5px\">               <div class=\"kksr-icon\" style=\"width: 24px; height: 24px;\"><\/div>         <\/div>     <\/div> <\/div>                   <div class=\"kksr-legend\" style=\"font-size: 19.2px;\">             4,7\/5 - (19 votos)    <\/div>     <\/div>  <p>La m\u00e1quina de molienda de polvo de cacahuete es un dispositivo de alta eficiencia dise\u00f1ado espec\u00edficamente para moler y procesar cacahuetes y otras semillas oleaginosas. Es f\u00e1cil de operar y realiza la trituraci\u00f3n en una sola pasada sin producir residuos grasos. Con una capacidad de producci\u00f3n de 200-600kg\/h, es adecuada para producci\u00f3n comercial e industrial.<\/p>    <p>El equipo presenta resistencia a la corrosi\u00f3n y durabilidad, garantizando higiene y seguridad. Admite diversas materias primas, incluyendo cacahuetes, semillas de s\u00e9samo, almendras, nueces, granos de caf\u00e9 y cacao. A trav\u00e9s de un dise\u00f1o de corte y molienda en m\u00faltiples etapas, puede procesar materiales en polvo fino o part\u00edculas gruesas, cumpliendo con diversos requisitos de producci\u00f3n.<\/p>    <figure class=\"wp-block-embed aligncenter is-type-video is-provider-youtube wp-block-embed-youtube wp-embed-aspect-16-9 wp-has-aspect-ratio\"><div class=\"wp-block-embed__wrapper\"> <iframe loading=\"lazy\" title=\"Peanut &amp; Nut Milling Machine | Fast and Uniform Nut Powder Processing#nutmachine #peanut\" width=\"500\" height=\"281\" src=\"https:\/\/www.youtube.com\/embed\/vIoXX090j0M?feature=oembed\" frameborder=\"0\" allow=\"accelerometer; autoplay; clipboard-write; encrypted-media; gyroscope; picture-in-picture; web-share\" referrerpolicy=\"strict-origin-when-cross-origin\" allowfullscreen><\/iframe> <\/div><figcaption class=\"wp-element-caption\">Video de trabajo de la m\u00e1quina de molienda de polvo de cacahuete<\/figcaption><\/figure>    <h2 class=\"wp-block-heading\">Especificaciones del molino de polvo de cacahuete<\/h2>    <figure class=\"wp-block-table is-style-stripes\"><table class=\"has-fixed-layout\"><tbody><tr><td><strong>Par\u00e1metro<\/strong><\/td><td><strong>Molino de molienda de cacahuete<\/strong><\/td><\/tr><tr><td>Fuerza<\/td><td>3 KW<\/td><\/tr><tr><td>Capacidad<\/td><td>200-600 kg\/h<\/td><\/tr><tr><td>Dimensiones<\/td><td>1200 x 1050 x 1400 (1700) mm<\/td><\/tr><tr><td>Voltaje<\/td><td>380 V<\/td><\/tr><tr><td>Frecuencia<\/td><td>50 Hz<\/td><\/tr><tr><td>Material<\/td><td>Acero inoxidable 304<\/td><\/tr><tr><td>Ajuste de finura<\/td><td>Malla de 10-80 (polvo), 3-6 mm (gr\u00e1nulos)<\/td><\/tr><tr><td>Materiales aplicables<\/td><td>Cacahuete, s\u00e9samo, almendra, nuez, soja, caf\u00e9, cacao<\/td><\/tr><\/tbody><\/table><figcaption class=\"wp-element-caption\">par\u00e1metros t\u00e9cnicos de la m\u00e1quina de molienda de polvo de cacahuete<\/figcaption><\/figure>    <figure class=\"wp-block-gallery has-nested-images columns-default is-cropped wp-block-gallery-2 is-layout-flex wp-block-gallery-is-layout-flex\"> <figure class=\"wp-block-image size-large\"><img loading=\"lazy\" decoding=\"async\" width=\"720\" height=\"540\" data-id=\"1073\" src=\"https:\/\/www.peanuts-machine.com\/wp-content\/uploads\/2026\/01\/high-output-peanut-grinder.webp\" alt=\"molino de cacahuete de alta producci\u00f3n\" class=\"wp-image-1073\" title=\"\" srcset=\"https:\/\/www.peanuts-machine.com\/wp-content\/uploads\/2026\/01\/high-output-peanut-grinder.webp 720w, https:\/\/www.peanuts-machine.com\/wp-content\/uploads\/2026\/01\/high-output-peanut-grinder-300x225.webp 300w, https:\/\/www.peanuts-machine.com\/wp-content\/uploads\/2026\/01\/high-output-peanut-grinder-16x12.webp 16w\" sizes=\"auto, (max-width: 720px) 100vw, 720px\" \/><figcaption class=\"wp-element-caption\">molino de cacahuete de alta producci\u00f3n<\/figcaption><\/figure>    <figure class=\"wp-block-image size-large\"><img loading=\"lazy\" decoding=\"async\" width=\"720\" height=\"540\" data-id=\"1074\" src=\"https:\/\/www.peanuts-machine.com\/wp-content\/uploads\/2026\/01\/peanut-powder-grinder.webp\" alt=\"molino de polvo de cacahuete\" class=\"wp-image-1074\" title=\"\" srcset=\"https:\/\/www.peanuts-machine.com\/wp-content\/uploads\/2026\/01\/peanut-powder-grinder.webp 720w, https:\/\/www.peanuts-machine.com\/wp-content\/uploads\/2026\/01\/peanut-powder-grinder-300x225.webp 300w, https:\/\/www.peanuts-machine.com\/wp-content\/uploads\/2026\/01\/peanut-powder-grinder-16x12.webp 16w\" sizes=\"auto, (max-width: 720px) 100vw, 720px\" \/><figcaption class=\"wp-element-caption\">molino de polvo de cacahuete<\/figcaption><\/figure> <\/figure>    <h2 class=\"wp-block-heading\">Aplicaciones de la m\u00e1quina de molienda de polvo de cacahuete<\/h2>    <p>La molino de harina de cacahuete es adecuada para moler diversas semillas oleaginosas y cereales, y puede usarse para:<\/p>    <ul class=\"wp-block-list\"> <li>Moler cacahuetes, semillas de s\u00e9samo, almendras, nueces, soja y otros frutos secos y cultivos oleaginosos en polvo o gr\u00e1nulos.<\/li>    <li>Producci\u00f3n de harina de cacahuete, harina de s\u00e9samo, harina de frutos secos y otros ingredientes para la industria alimentaria.<\/li>    <li>Procesamiento continuo en f\u00e1bricas comerciales y de peque\u00f1a escala.<\/li>    <li>Escenarios de procesamiento de alimentos de alto rendimiento y en grandes lotes para prevenir la oxidaci\u00f3n por almacenamiento prolongado.<\/li> <\/ul>    <p>Este molino de polvo de cacahuete ofrece gran versatilidad y flexibilidad para su uso en industrias de alimentos, panader\u00eda, condimentos y snacks.<\/p>    <figure class=\"wp-block-gallery has-nested-images columns-default is-cropped wp-block-gallery-3 is-layout-flex wp-block-gallery-is-layout-flex\"> <figure class=\"wp-block-image size-large\"><img loading=\"lazy\" decoding=\"async\" width=\"720\" height=\"540\" data-id=\"1076\" src=\"https:\/\/www.peanuts-machine.com\/wp-content\/uploads\/2026\/01\/peanut-sesame-powder-mill.webp\" alt=\"molino de polvo de cacahuete y s\u00e9samo\" class=\"wp-image-1076\" title=\"\" srcset=\"https:\/\/www.peanuts-machine.com\/wp-content\/uploads\/2026\/01\/peanut-sesame-powder-mill.webp 720w, https:\/\/www.peanuts-machine.com\/wp-content\/uploads\/2026\/01\/peanut-sesame-powder-mill-300x225.webp 300w, https:\/\/www.peanuts-machine.com\/wp-content\/uploads\/2026\/01\/peanut-sesame-powder-mill-16x12.webp 16w\" sizes=\"auto, (max-width: 720px) 100vw, 720px\" \/><figcaption class=\"wp-element-caption\">molino de polvo de cacahuete y s\u00e9samo<\/figcaption><\/figure>    <figure class=\"wp-block-image size-large\"><img loading=\"lazy\" decoding=\"async\" width=\"720\" height=\"540\" data-id=\"1075\" src=\"https:\/\/www.peanuts-machine.com\/wp-content\/uploads\/2026\/01\/peanut-powder-milling-machine.webp\" alt=\"m\u00e1quina de molienda de polvo de cacahuete\" class=\"wp-image-1075\" title=\"\" srcset=\"https:\/\/www.peanuts-machine.com\/wp-content\/uploads\/2026\/01\/peanut-powder-milling-machine.webp 720w, https:\/\/www.peanuts-machine.com\/wp-content\/uploads\/2026\/01\/peanut-powder-milling-machine-300x225.webp 300w, https:\/\/www.peanuts-machine.com\/wp-content\/uploads\/2026\/01\/peanut-powder-milling-machine-16x12.webp 16w\" sizes=\"auto, (max-width: 720px) 100vw, 720px\" \/><figcaption class=\"wp-element-caption\">m\u00e1quina de molienda de polvo de cacahuete<\/figcaption><\/figure> <\/figure>    <figure class=\"wp-block-gallery has-nested-images columns-default is-cropped wp-block-gallery-4 is-layout-flex wp-block-gallery-is-layout-flex\"> <figure class=\"wp-block-image size-large\"><img loading=\"lazy\" decoding=\"async\" width=\"720\" height=\"540\" data-id=\"1077\" src=\"https:\/\/www.peanuts-machine.com\/wp-content\/uploads\/2026\/01\/nut-flour.webp\" alt=\"harina de frutos secos\" class=\"wp-image-1077\" title=\"\" srcset=\"https:\/\/www.peanuts-machine.com\/wp-content\/uploads\/2026\/01\/nut-flour.webp 720w, https:\/\/www.peanuts-machine.com\/wp-content\/uploads\/2026\/01\/nut-flour-300x225.webp 300w, https:\/\/www.peanuts-machine.com\/wp-content\/uploads\/2026\/01\/nut-flour-16x12.webp 16w\" sizes=\"auto, (max-width: 720px) 100vw, 720px\" \/><figcaption class=\"wp-element-caption\">harina de frutos secos<\/figcaption><\/figure>    <figure class=\"wp-block-image size-large\"><img loading=\"lazy\" decoding=\"async\" width=\"720\" height=\"540\" data-id=\"1078\" src=\"https:\/\/www.peanuts-machine.com\/wp-content\/uploads\/2026\/01\/nut-powder.webp\" alt=\"polvo de frutos secos\" class=\"wp-image-1078\" title=\"\" srcset=\"https:\/\/www.peanuts-machine.com\/wp-content\/uploads\/2026\/01\/nut-powder.webp 720w, https:\/\/www.peanuts-machine.com\/wp-content\/uploads\/2026\/01\/nut-powder-300x225.webp 300w, https:\/\/www.peanuts-machine.com\/wp-content\/uploads\/2026\/01\/nut-powder-16x12.webp 16w\" sizes=\"auto, (max-width: 720px) 100vw, 720px\" \/><figcaption class=\"wp-element-caption\">polvo de frutos secos<\/figcaption><\/figure> <\/figure>    <h2 class=\"wp-block-heading\">Principio de funcionamiento del molino de harina de frutos secos<\/h2>    <p>El molino de polvo de cacahuete consiste en un cortador de engranajes secundario y un rodillo de molienda primario:<\/p>    <ol class=\"wp-block-list\"> <li>Las materias primas primero se pelan y se tuestan antes de ingresar al cuerpo de la m\u00e1quina.<\/li>    <li>El corte preliminar se realiza mediante la rotaci\u00f3n a alta velocidad del cortador de engranajes.<\/li>    <li>Luego, el rodillo de molienda completa el procesamiento de polvo fino mediante compresi\u00f3n por rodadura.<\/li>    <li>El espacio entre el rodillo de molienda y el cortador de engranajes es ajustable para lograr diferentes tama\u00f1os de part\u00edculas: desde gr\u00e1nulos gruesos (3-6mm) hasta polvo fino (malla 40-60).<\/li>    <li>El uso exclusivo del cortador de engranajes sin el rodillo de molienda produce productos en gr\u00e1nulos.<\/li> <\/ol>    <p>La m\u00e1quina completa funciona de manera suave con bajo nivel de ruido. El procesamiento no genera grasa y evita que las materias primas se peguen a la m\u00e1quina.<\/p>    <figure class=\"wp-block-gallery has-nested-images columns-default is-cropped wp-block-gallery-5 is-layout-flex wp-block-gallery-is-layout-flex\"> <figure class=\"wp-block-image size-large\"><img loading=\"lazy\" decoding=\"async\" width=\"720\" height=\"540\" data-id=\"1079\" src=\"https:\/\/www.peanuts-machine.com\/wp-content\/uploads\/2026\/01\/nut-powder-milling-machine.webp\" alt=\"m\u00e1quina de molienda de polvo de frutos secos\" class=\"wp-image-1079\" title=\"\" srcset=\"https:\/\/www.peanuts-machine.com\/wp-content\/uploads\/2026\/01\/nut-powder-milling-machine.webp 720w, https:\/\/www.peanuts-machine.com\/wp-content\/uploads\/2026\/01\/nut-powder-milling-machine-300x225.webp 300w, https:\/\/www.peanuts-machine.com\/wp-content\/uploads\/2026\/01\/nut-powder-milling-machine-16x12.webp 16w\" sizes=\"auto, (max-width: 720px) 100vw, 720px\" \/><figcaption class=\"wp-element-caption\">m\u00e1quina de molienda de polvo de frutos secos<\/figcaption><\/figure>    <figure class=\"wp-block-image size-large\"><img loading=\"lazy\" decoding=\"async\" width=\"720\" height=\"540\" data-id=\"1080\" src=\"https:\/\/www.peanuts-machine.com\/wp-content\/uploads\/2026\/01\/stainless-steel-peanut-mill.webp\" alt=\"molino de cacahuete de acero inoxidable\" class=\"wp-image-1080\" title=\"\" srcset=\"https:\/\/www.peanuts-machine.com\/wp-content\/uploads\/2026\/01\/stainless-steel-peanut-mill.webp 720w, https:\/\/www.peanuts-machine.com\/wp-content\/uploads\/2026\/01\/stainless-steel-peanut-mill-300x225.webp 300w, https:\/\/www.peanuts-machine.com\/wp-content\/uploads\/2026\/01\/stainless-steel-peanut-mill-16x12.webp 16w\" sizes=\"auto, (max-width: 720px) 100vw, 720px\" \/><figcaption class=\"wp-element-caption\">molino de cacahuete de acero inoxidable<\/figcaption><\/figure> <\/figure>    <p class=\"translation-block\"><strong>Nota:<\/strong> Si es necesario, tambi\u00e9n ofrecemos <strong><em><a href=\"https:\/\/www.peanuts-machine.com\/es\/product\/peanut-peeling-machine\/\">m\u00e1quinas de pelado de piel de cacahuete<\/a><\/em><\/strong> y <strong><em><a href=\"https:\/\/www.peanuts-machine.com\/es\/product\/multifunctional-nut-roaster\/\">m\u00e1quinas multifunci\u00f3n de tostado de frutos secos<\/a><\/em><\/strong>.<\/p>    <h2 class=\"wp-block-heading\">Aspectos destacados de la m\u00e1quina de molienda de polvo de frutos secos<\/h2>    <ul class=\"wp-block-list\"> <li>Alta producci\u00f3n: capacidad de procesamiento de 200-600kg por hora que cumple con las demandas de producci\u00f3n a gran escala.<\/li>    <li>Funcionalidad vers\u00e1til: capaz de producir tanto polvo como gr\u00e1nulos de cacahuete para satisfacer diversas necesidades de procesamiento.<\/li>    <li>Operaci\u00f3n sencilla: f\u00e1cil de instalar, operar y mantener, requiere solo un operador.<\/li>    <li>Higi\u00e9nico y duradero: toda la unidad construida en acero inoxidable resistente a la corrosi\u00f3n 304 para facilitar la limpieza.<\/li>    <li>Molienda ajustable: ajustable libremente desde gr\u00e1nulos gruesos hasta polvo fino para adaptarse a diversas aplicaciones.<\/li>    <li>Baja grasa, sin obstrucciones: sin fugas de aceite ni adherencia de la m\u00e1quina durante el procesamiento, ideal para producci\u00f3n continua de alto volumen.<\/li> <\/ul>    <p>Ya sea procesando polvo o gr\u00e1nulos de cacahuete, nuestro equipo lo maneja con facilidad, ayudando a que su negocio de procesamiento de alimentos crezca de manera constante. \u00a1Cont\u00e1ctenos hoy para hacer su producci\u00f3n m\u00e1s eficiente, higi\u00e9nica y estable!<\/p>","protected":false},"excerpt":{"rendered":"<p>El molino de polvo de cacahuete puede procesar cacahuetes y otros frutos secos y semillas oleaginosas en polvo o gr\u00e1nulos, ofreciendo alta producci\u00f3n, seguridad higi\u00e9nica y soporte para producci\u00f3n a gran escala continua.<\/p>","protected":false},"author":1,"featured_media":1081,"parent":0,"template":"","tags":[56,36],"product-type":[55,46],"class_list":["post-1069","product","type-product","status-publish","has-post-thumbnail","hentry","tag-nut","tag-peanut","product-type-peanut-cutting-machine","product-type-products"],"_links":{"self":[{"href":"https:\/\/www.peanuts-machine.com\/es\/wp-json\/wp\/v2\/product\/1069","targetHints":{"allow":["GET"]}}],"collection":[{"href":"https:\/\/www.peanuts-machine.com\/es\/wp-json\/wp\/v2\/product"}],"about":[{"href":"https:\/\/www.peanuts-machine.com\/es\/wp-json\/wp\/v2\/types\/product"}],"author":[{"embeddable":true,"href":"https:\/\/www.peanuts-machine.com\/es\/wp-json\/wp\/v2\/users\/1"}],"wp:featuredmedia":[{"embeddable":true,"href":"https:\/\/www.peanuts-machine.com\/es\/wp-json\/wp\/v2\/media\/1081"}],"wp:attachment":[{"href":"https:\/\/www.peanuts-machine.com\/es\/wp-json\/wp\/v2\/media?parent=1069"}],"wp:term":[{"taxonomy":"post_tag","embeddable":true,"href":"https:\/\/www.peanuts-machine.com\/es\/wp-json\/wp\/v2\/tags?post=1069"},{"taxonomy":"product-type","embeddable":true,"href":"https:\/\/www.peanuts-machine.com\/es\/wp-json\/wp\/v2\/product-type?post=1069"}],"curies":[{"name":"wp","href":"https:\/\/api.w.org\/{rel}","templated":true}]}}