{"id":1091,"date":"2026-01-22T16:29:34","date_gmt":"2026-01-22T08:29:34","guid":{"rendered":"https:\/\/www.peanuts-machine.com\/?post_type=product&#038;p=1091"},"modified":"2026-01-26T17:37:43","modified_gmt":"2026-01-26T09:37:43","slug":"peanut-peeling-and-splitting-machine","status":"publish","type":"product","link":"https:\/\/www.peanuts-machine.com\/es\/product\/peanut-peeling-and-splitting-machine\/","title":{"rendered":"M\u00e1quina de pelado y divisi\u00f3n de cacahuetes | M\u00e1quina de corte de mitades de cacahuete"},"content":{"rendered":"<div class=\"kk-star-ratings kksr-auto kksr-align-left kksr-valign-top\"     data-payload='{&quot;align&quot;:&quot;left&quot;,&quot;id&quot;:&quot;1091&quot;,&quot;slug&quot;:&quot;default&quot;,&quot;valign&quot;:&quot;top&quot;,&quot;ignore&quot;:&quot;&quot;,&quot;reference&quot;:&quot;auto&quot;,&quot;class&quot;:&quot;&quot;,&quot;count&quot;:&quot;30&quot;,&quot;legendonly&quot;:&quot;&quot;,&quot;readonly&quot;:&quot;&quot;,&quot;score&quot;:&quot;4.8&quot;,&quot;starsonly&quot;:&quot;&quot;,&quot;best&quot;:&quot;5&quot;,&quot;gap&quot;:&quot;5&quot;,&quot;greet&quot;:&quot;Rate this product&quot;,&quot;legend&quot;:&quot;4.8\\\/5 - (30 votos)&quot;,&quot;size&quot;:&quot;24&quot;,&quot;title&quot;:&quot;Peanut Peeling and Splitting Machine | Peanut Half Cutting Machine&quot;,&quot;width&quot;:&quot;136.7&quot;,&quot;_legend&quot;:&quot;{score}\\\/{best} - ({count} {votes})&quot;,&quot;font_factor&quot;:&quot;1.25&quot;}'>              <div class=\"kksr-stars\">      <div class=\"kksr-stars-inactive\">             <div class=\"kksr-star\" data-star=\"1\" style=\"padding-right: 5px\">               <div class=\"kksr-icon\" style=\"width: 24px; height: 24px;\"><\/div>         <\/div>             <div class=\"kksr-star\" data-star=\"2\" style=\"padding-right: 5px\">               <div class=\"kksr-icon\" style=\"width: 24px; height: 24px;\"><\/div>         <\/div>             <div class=\"kksr-star\" data-star=\"3\" style=\"padding-right: 5px\">               <div class=\"kksr-icon\" style=\"width: 24px; height: 24px;\"><\/div>         <\/div>             <div class=\"kksr-star\" data-star=\"4\" style=\"padding-right: 5px\">               <div class=\"kksr-icon\" style=\"width: 24px; height: 24px;\"><\/div>         <\/div>             <div class=\"kksr-star\" data-star=\"5\" style=\"padding-right: 5px\">               <div class=\"kksr-icon\" style=\"width: 24px; height: 24px;\"><\/div>         <\/div>     <\/div>      <div class=\"kksr-stars-active\" style=\"width: 136.7px;\">             <div class=\"kksr-star\" style=\"padding-right: 5px\">               <div class=\"kksr-icon\" style=\"width: 24px; height: 24px;\"><\/div>         <\/div>             <div class=\"kksr-star\" style=\"padding-right: 5px\">               <div class=\"kksr-icon\" style=\"width: 24px; height: 24px;\"><\/div>         <\/div>             <div class=\"kksr-star\" style=\"padding-right: 5px\">               <div class=\"kksr-icon\" style=\"width: 24px; height: 24px;\"><\/div>         <\/div>             <div class=\"kksr-star\" style=\"padding-right: 5px\">               <div class=\"kksr-icon\" style=\"width: 24px; height: 24px;\"><\/div>         <\/div>             <div class=\"kksr-star\" style=\"padding-right: 5px\">               <div class=\"kksr-icon\" style=\"width: 24px; height: 24px;\"><\/div>         <\/div>     <\/div> <\/div>                   <div class=\"kksr-legend\" style=\"font-size: 19.2px;\">             4,8\/5 - (30 votos)    <\/div>     <\/div>  <p>La m\u00e1quina de pelado y divisi\u00f3n de cacahuetes combina la eliminaci\u00f3n de piel roja con la separaci\u00f3n del n\u00facleo, dise\u00f1ada espec\u00edficamente para producir mitades de cacahuete partidas. Logra un descascarado eficiente y una divisi\u00f3n uniforme, asegurando la integridad del n\u00facleo, con altas tasas de divisi\u00f3n y m\u00ednimo quiebre, tasa de mitades superior al 96%.<\/p>    <p>Toda la m\u00e1quina est\u00e1 equipada con un sistema de recolecci\u00f3n de polvo y una estructura de cribado vibratorio, separando autom\u00e1ticamente c\u00e1scaras e impurezas. Las mitades de cacahuete terminadas son limpias, blancas y visualmente atractivas, con m\u00ednima p\u00e9rdida de material. Sirve como un equipo de preprocesamiento ideal para el procesamiento profundo de cacahuetes y la industria alimentaria.<\/p>    <figure class=\"wp-block-embed aligncenter is-type-video is-provider-youtube wp-block-embed-youtube wp-embed-aspect-16-9 wp-has-aspect-ratio\"><div class=\"wp-block-embed__wrapper\"> <iframe loading=\"lazy\" title=\"High-Efficiency Peanut Peeling &amp; Splitting Machine in Action \ud83e\udd5c\u2699\ufe0f#peanut #peanutprocessing\" width=\"500\" height=\"281\" src=\"https:\/\/www.youtube.com\/embed\/SSeXkgpVFN8?feature=oembed\" frameborder=\"0\" allow=\"accelerometer; autoplay; clipboard-write; encrypted-media; gyroscope; picture-in-picture; web-share\" referrerpolicy=\"strict-origin-when-cross-origin\" allowfullscreen><\/iframe> <\/div><figcaption class=\"wp-element-caption\">Video de trabajo de la m\u00e1quina de corte de mitades de cacahuete<\/figcaption><\/figure>    <h2 class=\"wp-block-heading\">Especificaciones de la m\u00e1quina de divisi\u00f3n de cacahuetes <\/h2>    <figure class=\"wp-block-table is-style-stripes\"><table class=\"has-fixed-layout\"><tbody><tr><td><strong>Par\u00e1metro<\/strong><\/td><td><strong>Modelo grande<\/strong><\/td><td><strong>Modelo peque\u00f1o<\/strong><\/td><\/tr><tr><td>Capacidad<\/td><td>1000 kg\/h<\/td><td>400\u2013500 kg\/h<\/td><\/tr><tr><td>Potencia principal<\/td><td>2.2 KW<\/td><td>1,5 KW<\/td><\/tr><tr><td>Potencia del ventilador<\/td><td>2.2 KW<\/td><td>0,75 KW<\/td><\/tr><tr><td>Dimensiones<\/td><td>1900 \u00d7 1150 \u00d7 1350 mm<\/td><td>1900 \u00d7 850 \u00d7 1350 mm<\/td><\/tr><tr><td>Voltaje<\/td><td>380 V<\/td><td>380 V<\/td><\/tr><tr><td>Frecuencia<\/td><td>50 Hz<\/td><td>50 Hz<\/td><\/tr><\/tbody><\/table><figcaption class=\"wp-element-caption\">Par\u00e1metros t\u00e9cnicos de la m\u00e1quina de pelado y divisi\u00f3n de cacahuetes<\/figcaption><\/figure>    <figure class=\"wp-block-gallery has-nested-images columns-default is-cropped wp-block-gallery-2 is-layout-flex wp-block-gallery-is-layout-flex\"> <figure class=\"wp-block-image size-large\"><img loading=\"lazy\" decoding=\"async\" width=\"720\" height=\"540\" data-id=\"1094\" src=\"https:\/\/www.peanuts-machine.com\/wp-content\/uploads\/2026\/01\/peanut-peeling-and-splitting-machine.webp\" alt=\"m\u00e1quina de pelado y divisi\u00f3n de cacahuetes\" class=\"wp-image-1094\" title=\"\" srcset=\"https:\/\/www.peanuts-machine.com\/wp-content\/uploads\/2026\/01\/peanut-peeling-and-splitting-machine.webp 720w, https:\/\/www.peanuts-machine.com\/wp-content\/uploads\/2026\/01\/peanut-peeling-and-splitting-machine-300x225.webp 300w, https:\/\/www.peanuts-machine.com\/wp-content\/uploads\/2026\/01\/peanut-peeling-and-splitting-machine-16x12.webp 16w\" sizes=\"auto, (max-width: 720px) 100vw, 720px\" \/><figcaption class=\"wp-element-caption\">m\u00e1quina de pelado y divisi\u00f3n de cacahuetes<\/figcaption><\/figure>    <figure class=\"wp-block-image size-large\"><img loading=\"lazy\" decoding=\"async\" width=\"720\" height=\"540\" data-id=\"1093\" src=\"https:\/\/www.peanuts-machine.com\/wp-content\/uploads\/2026\/01\/peanut-half-cutting-machine.webp\" alt=\"m\u00e1quina de corte de mitades de cacahuete\" class=\"wp-image-1093\" title=\"\" srcset=\"https:\/\/www.peanuts-machine.com\/wp-content\/uploads\/2026\/01\/peanut-half-cutting-machine.webp 720w, https:\/\/www.peanuts-machine.com\/wp-content\/uploads\/2026\/01\/peanut-half-cutting-machine-300x225.webp 300w, https:\/\/www.peanuts-machine.com\/wp-content\/uploads\/2026\/01\/peanut-half-cutting-machine-16x12.webp 16w\" sizes=\"auto, (max-width: 720px) 100vw, 720px\" \/><figcaption class=\"wp-element-caption\">m\u00e1quina de corte de mitades de cacahuete<\/figcaption><\/figure> <\/figure>    <h2 class=\"wp-block-heading\">Aplicaciones de la m\u00e1quina de corte de mitades de cacahuete<\/h2>    <p>La m\u00e1quina de pelado y divisi\u00f3n de cacahuetes se usa principalmente en el procesamiento profundo de alimentos y productos agr\u00edcolas, apta para:<\/p>    <ul class=\"wp-block-list\"> <li>Procesamiento industrial de cacahuetes partidos.<\/li>    <li>Preparaci\u00f3n de materias primas para productos horneados como caramelos, galletas, pasteles y pan.<\/li>    <li>Preprocesamiento de materias primas para mantequilla de cacahuete, cacahuetes enlatados y alimentos para snacks.<\/li>    <li>Clasificaci\u00f3n y procesamiento profundo de cacahuetes para molinos de aceite y empresas de procesamiento de alimentos.<\/li> <\/ul>    <p>Adem\u00e1s de los cacahuetes, este equipo tambi\u00e9n puede usarse para dividir ciertas legumbres y cocos, ofreciendo una amplia aplicabilidad. Es adecuado para empresas de procesamiento peque\u00f1as, medianas y grandes.<\/p>    <figure class=\"wp-block-gallery has-nested-images columns-default is-cropped wp-block-gallery-3 is-layout-flex wp-block-gallery-is-layout-flex\"> <figure class=\"wp-block-image size-large\"><img loading=\"lazy\" decoding=\"async\" width=\"720\" height=\"540\" data-id=\"1095\" src=\"https:\/\/www.peanuts-machine.com\/wp-content\/uploads\/2026\/01\/peanut-half-parting-machine.webp\" alt=\"m\u00e1quina de separaci\u00f3n de mitades de cacahuete\" class=\"wp-image-1095\" title=\"\" srcset=\"https:\/\/www.peanuts-machine.com\/wp-content\/uploads\/2026\/01\/peanut-half-parting-machine.webp 720w, https:\/\/www.peanuts-machine.com\/wp-content\/uploads\/2026\/01\/peanut-half-parting-machine-300x225.webp 300w, https:\/\/www.peanuts-machine.com\/wp-content\/uploads\/2026\/01\/peanut-half-parting-machine-16x12.webp 16w\" sizes=\"auto, (max-width: 720px) 100vw, 720px\" \/><figcaption class=\"wp-element-caption\">m\u00e1quina de separaci\u00f3n de mitades de cacahuete<\/figcaption><\/figure>    <figure class=\"wp-block-image size-large\"><img loading=\"lazy\" decoding=\"async\" width=\"720\" height=\"540\" data-id=\"1096\" src=\"https:\/\/www.peanuts-machine.com\/wp-content\/uploads\/2026\/01\/peanut-peeling-and-half-separating-machine.webp\" alt=\"m\u00e1quina de pelado y separaci\u00f3n de mitades de cacahuete\" class=\"wp-image-1096\" title=\"\" srcset=\"https:\/\/www.peanuts-machine.com\/wp-content\/uploads\/2026\/01\/peanut-peeling-and-half-separating-machine.webp 720w, https:\/\/www.peanuts-machine.com\/wp-content\/uploads\/2026\/01\/peanut-peeling-and-half-separating-machine-300x225.webp 300w, https:\/\/www.peanuts-machine.com\/wp-content\/uploads\/2026\/01\/peanut-peeling-and-half-separating-machine-16x12.webp 16w\" sizes=\"auto, (max-width: 720px) 100vw, 720px\" \/><figcaption class=\"wp-element-caption\">m\u00e1quina de pelado y separaci\u00f3n de mitades de cacahuete<\/figcaption><\/figure> <\/figure>    <h2 class=\"wp-block-heading\">Caracter\u00edsticas de la m\u00e1quina de pelado y separaci\u00f3n de mitades de cacahuete<\/h2>    <ul class=\"wp-block-list\"> <li>Pelado y corte integrados: una m\u00e1quina realiza dos procesos simult\u00e1neamente, reduciendo los costos de producci\u00f3n.<\/li>    <li>Alta eficiencia de descascarado: tasa de descascarado de cacahuete \u226596% con m\u00ednimo quiebre.<\/li>    <li>Desbarbado y eliminaci\u00f3n de impurezas autom\u00e1ticos: sistema de vac\u00edo y pantalla vibratoria que separan eficazmente las c\u00e1scaras rojas y el germen.<\/li>    <li>Bajo nivel de ruido, bajo consumo de energ\u00eda: operaci\u00f3n suave, eficiente en energ\u00eda, apta para operaci\u00f3n continua prolongada.<\/li>    <li>Calidad superior del producto: las mitades de cacahuete son uniformemente blancas y est\u00e9ticamente agradables.<\/li>    <li>Operaci\u00f3n y mantenimiento sencillos: un dise\u00f1o racional garantiza una f\u00e1cil operaci\u00f3n, limpieza y mantenimiento.<\/li>    <li>Ecol\u00f3gico y libre de contaminaci\u00f3n: las c\u00e1scaras rojas se recolectan de manera centralizada, eliminando la contaminaci\u00f3n por polvo.<\/li> <\/ul>    <figure class=\"wp-block-gallery has-nested-images columns-default is-cropped wp-block-gallery-4 is-layout-flex wp-block-gallery-is-layout-flex\"> <figure class=\"wp-block-image size-large\"><img loading=\"lazy\" decoding=\"async\" width=\"720\" height=\"540\" data-id=\"1098\" src=\"https:\/\/www.peanuts-machine.com\/wp-content\/uploads\/2026\/01\/peanut-splitter-machine.webp\" alt=\"m\u00e1quina de separaci\u00f3n de cacahuetes\" class=\"wp-image-1098\" title=\"\" srcset=\"https:\/\/www.peanuts-machine.com\/wp-content\/uploads\/2026\/01\/peanut-splitter-machine.webp 720w, https:\/\/www.peanuts-machine.com\/wp-content\/uploads\/2026\/01\/peanut-splitter-machine-300x225.webp 300w, https:\/\/www.peanuts-machine.com\/wp-content\/uploads\/2026\/01\/peanut-splitter-machine-16x12.webp 16w\" sizes=\"auto, (max-width: 720px) 100vw, 720px\" \/><figcaption class=\"wp-element-caption\">m\u00e1quina de separaci\u00f3n de cacahuetes<\/figcaption><\/figure>    <figure class=\"wp-block-image size-large\"><img loading=\"lazy\" decoding=\"async\" width=\"720\" height=\"540\" data-id=\"1097\" src=\"https:\/\/www.peanuts-machine.com\/wp-content\/uploads\/2026\/01\/peanut-peeler-and-half-separator.webp\" alt=\"m\u00e1quina de pelado y separaci\u00f3n de mitades de cacahuete\" class=\"wp-image-1097\" title=\"\" srcset=\"https:\/\/www.peanuts-machine.com\/wp-content\/uploads\/2026\/01\/peanut-peeler-and-half-separator.webp 720w, https:\/\/www.peanuts-machine.com\/wp-content\/uploads\/2026\/01\/peanut-peeler-and-half-separator-300x225.webp 300w, https:\/\/www.peanuts-machine.com\/wp-content\/uploads\/2026\/01\/peanut-peeler-and-half-separator-16x12.webp 16w\" sizes=\"auto, (max-width: 720px) 100vw, 720px\" \/><figcaption class=\"wp-element-caption\">m\u00e1quina de pelado y separaci\u00f3n de mitades de cacahuete<\/figcaption><\/figure> <\/figure>    <h2 class=\"wp-block-heading\">\u00bfC\u00f3mo funciona la m\u00e1quina de pelado y divisi\u00f3n de cacahuetes?<\/h2>    <p>La m\u00e1quina de pelado y divisi\u00f3n de cacahuetes logra descascarar y dividir mediante la operaci\u00f3n coordinada de varias estructuras:<\/p>    <ol class=\"wp-block-list\"> <li>Los cacahuetes tostados y enfriados con sus c\u00e1scaras rojas entran en un tambor de descascarado de alta velocidad que gira.<\/li>    <li>Dentro del tambor, la fricci\u00f3n elimina las c\u00e1scaras mientras divide los cacahuetes en mitades.<\/li>    <li>Los cacahuetes separados son transportados por un alimentador espiral a una pantalla vibratoria.<\/li>    <li>Under the vibrating screen&#8217;s action, peanut skins and germ are effectively separated.<\/li>    <li>Un ventilador de extracci\u00f3n de polvo concentra y elimina las c\u00e1scaras, logrando una separaci\u00f3n autom\u00e1tica limpia y sin contaminaci\u00f3n.<\/li> <\/ol>    <p>Todo el proceso funciona de manera continua y estable con alta automatizaci\u00f3n, asegurando una apariencia ordenada y limpia de las mitades de cacahuete.<\/p>    <p class=\"translation-block\">Tambi\u00e9n ofrecemos <strong><em><a href=\"https:\/\/www.peanuts-machine.com\/es\/product\/peanut-peeling-machine\/\">m\u00e1quinas de pelado de cacahuete en seco<\/a><\/em><\/strong> y <strong><em><a href=\"https:\/\/www.peanuts-machine.com\/es\/product\/wet-groundnut-peeling-machine\/\">m\u00e1quinas de eliminaci\u00f3n de piel de cacahuete en h\u00famedo<\/a><\/em><\/strong> para cacahuetes, para satisfacer sus diversas necesidades de producci\u00f3n.<\/p>    <p>\u00a1Gracias por visitar nuestro sitio web! Si tiene alguna pregunta o comentario, no dude en enviarlos a trav\u00e9s del formulario a la derecha. Responderemos a su consulta en 24 horas.<\/p>","protected":false},"excerpt":{"rendered":"<p>La m\u00e1quina de pelar y partir cacahuetes combina funciones para eliminar la piel roja y partir en una sola unidad. Produce mitades de cacahuete limpias y uniformes, y es adecuada para la industria de procesamiento profundo de cacahuetes.<\/p>","protected":false},"author":1,"featured_media":1099,"parent":0,"template":"","tags":[36],"product-type":[49,46],"class_list":["post-1091","product","type-product","status-publish","has-post-thumbnail","hentry","tag-peanut","product-type-peanut-peeling-machine","product-type-products"],"_links":{"self":[{"href":"https:\/\/www.peanuts-machine.com\/es\/wp-json\/wp\/v2\/product\/1091","targetHints":{"allow":["GET"]}}],"collection":[{"href":"https:\/\/www.peanuts-machine.com\/es\/wp-json\/wp\/v2\/product"}],"about":[{"href":"https:\/\/www.peanuts-machine.com\/es\/wp-json\/wp\/v2\/types\/product"}],"author":[{"embeddable":true,"href":"https:\/\/www.peanuts-machine.com\/es\/wp-json\/wp\/v2\/users\/1"}],"wp:featuredmedia":[{"embeddable":true,"href":"https:\/\/www.peanuts-machine.com\/es\/wp-json\/wp\/v2\/media\/1099"}],"wp:attachment":[{"href":"https:\/\/www.peanuts-machine.com\/es\/wp-json\/wp\/v2\/media?parent=1091"}],"wp:term":[{"taxonomy":"post_tag","embeddable":true,"href":"https:\/\/www.peanuts-machine.com\/es\/wp-json\/wp\/v2\/tags?post=1091"},{"taxonomy":"product-type","embeddable":true,"href":"https:\/\/www.peanuts-machine.com\/es\/wp-json\/wp\/v2\/product-type?post=1091"}],"curies":[{"name":"wp","href":"https:\/\/api.w.org\/{rel}","templated":true}]}}