{"id":1105,"date":"2026-01-26T15:16:46","date_gmt":"2026-01-26T07:16:46","guid":{"rendered":"https:\/\/www.peanuts-machine.com\/?post_type=product&#038;p=1105"},"modified":"2026-01-30T16:54:46","modified_gmt":"2026-01-30T08:54:46","slug":"small-peanut-butter-processing-line","status":"publish","type":"product","link":"https:\/\/www.peanuts-machine.com\/es\/product\/small-peanut-butter-processing-line\/","title":{"rendered":"L\u00ednea de Procesamiento de Mantequilla de Man\u00ed Semi-Autom\u00e1tica de Peque\u00f1a Escala de 100Kg\/h"},"content":{"rendered":"<div class=\"kk-star-ratings kksr-auto kksr-align-left kksr-valign-top\"     data-payload='{&quot;align&quot;:&quot;left&quot;,&quot;id&quot;:&quot;1105&quot;,&quot;slug&quot;:&quot;default&quot;,&quot;valign&quot;:&quot;top&quot;,&quot;ignore&quot;:&quot;&quot;,&quot;reference&quot;:&quot;auto&quot;,&quot;class&quot;:&quot;&quot;,&quot;count&quot;:&quot;9&quot;,&quot;legendonly&quot;:&quot;&quot;,&quot;readonly&quot;:&quot;&quot;,&quot;score&quot;:&quot;4.8&quot;,&quot;starsonly&quot;:&quot;&quot;,&quot;best&quot;:&quot;5&quot;,&quot;gap&quot;:&quot;5&quot;,&quot;greet&quot;:&quot;Rate this product&quot;,&quot;legend&quot;:&quot;4.8\\\/5 - (9 votos)&quot;,&quot;size&quot;:&quot;24&quot;,&quot;title&quot;:&quot;100Kg\\\/h Small-Scale Semi-Automatic Peanut Butter Processing Line&quot;,&quot;width&quot;:&quot;136.7&quot;,&quot;_legend&quot;:&quot;{score}\\\/{best} - ({count} {votes})&quot;,&quot;font_factor&quot;:&quot;1.25&quot;}'>              <div class=\"kksr-stars\">      <div class=\"kksr-stars-inactive\">             <div class=\"kksr-star\" data-star=\"1\" style=\"padding-right: 5px\">               <div class=\"kksr-icon\" style=\"width: 24px; height: 24px;\"><\/div>         <\/div>             <div class=\"kksr-star\" data-star=\"2\" style=\"padding-right: 5px\">               <div class=\"kksr-icon\" style=\"width: 24px; height: 24px;\"><\/div>         <\/div>             <div class=\"kksr-star\" data-star=\"3\" style=\"padding-right: 5px\">               <div class=\"kksr-icon\" style=\"width: 24px; height: 24px;\"><\/div>         <\/div>             <div class=\"kksr-star\" data-star=\"4\" style=\"padding-right: 5px\">               <div class=\"kksr-icon\" style=\"width: 24px; height: 24px;\"><\/div>         <\/div>             <div class=\"kksr-star\" data-star=\"5\" style=\"padding-right: 5px\">               <div class=\"kksr-icon\" style=\"width: 24px; height: 24px;\"><\/div>         <\/div>     <\/div>      <div class=\"kksr-stars-active\" style=\"width: 136.7px;\">             <div class=\"kksr-star\" style=\"padding-right: 5px\">               <div class=\"kksr-icon\" style=\"width: 24px; height: 24px;\"><\/div>         <\/div>             <div class=\"kksr-star\" style=\"padding-right: 5px\">               <div class=\"kksr-icon\" style=\"width: 24px; height: 24px;\"><\/div>         <\/div>             <div class=\"kksr-star\" style=\"padding-right: 5px\">               <div class=\"kksr-icon\" style=\"width: 24px; height: 24px;\"><\/div>         <\/div>             <div class=\"kksr-star\" style=\"padding-right: 5px\">               <div class=\"kksr-icon\" style=\"width: 24px; height: 24px;\"><\/div>         <\/div>             <div class=\"kksr-star\" style=\"padding-right: 5px\">               <div class=\"kksr-icon\" style=\"width: 24px; height: 24px;\"><\/div>         <\/div>     <\/div> <\/div>                   <div class=\"kksr-legend\" style=\"font-size: 19.2px;\">             4,8\/5 - (9 votos)    <\/div>     <\/div>  <p>Esta l\u00ednea de procesamiento de mantequilla de cacahuete semi-autom\u00e1tica es un sistema completo dise\u00f1ado espec\u00edficamente para peque\u00f1as empresas. Con una capacidad de 100kg\/h, integra tostado, pelado, molienda y llenado en una sola unidad, permitiendo una producci\u00f3n eficiente e higi\u00e9nica de mantequilla de cacahuete.<\/p>    <p>De huella compacta y f\u00e1cil de operar, esta l\u00ednea es adecuada para negocios con capital limitado o startups. La capacidad de producci\u00f3n puede personalizarse para satisfacer los requisitos del cliente. Toda la l\u00ednea de producci\u00f3n garantiza una calidad constante y estable de la mantequilla de cacahuete, siendo una opci\u00f3n ideal para procesamiento de alimentos a peque\u00f1a escala e inversiones emprendedoras.<\/p>    <figure class=\"wp-block-embed aligncenter is-type-video is-provider-youtube wp-block-embed-youtube wp-embed-aspect-16-9 wp-has-aspect-ratio\"><div class=\"wp-block-embed__wrapper\"> <iframe loading=\"lazy\" title=\"Semi-Automatic Peanut Butter Production Line | Efficient &amp; Smooth Operation \ud83e\udd5c#peanutbutter\" width=\"500\" height=\"281\" src=\"https:\/\/www.youtube.com\/embed\/_EzcL1xaoWw?feature=oembed\" frameborder=\"0\" allow=\"accelerometer; autoplay; clipboard-write; encrypted-media; gyroscope; picture-in-picture; web-share\" referrerpolicy=\"strict-origin-when-cross-origin\" allowfullscreen><\/iframe> <\/div><figcaption class=\"wp-element-caption\">Video de trabajo de la l\u00ednea de procesamiento de mantequilla de nueces semi-autom\u00e1tica<\/figcaption><\/figure>    <h2 class=\"wp-block-heading\">Caracter\u00edsticas y ventajas de la l\u00ednea de producci\u00f3n<\/h2>    <ul class=\"wp-block-list\"> <li>Dise\u00f1o compacto: ideal para startups y peque\u00f1as f\u00e1bricas, ofreciendo operaci\u00f3n f\u00e1cil y eficiencia en ahorro de espacio.<\/li>    <li>Proceso integrado: optimiza la producci\u00f3n desde la limpieza de materia prima, tostado, pelado, molienda, hasta llenado y etiquetado.<\/li>    <li>Capacidad ajustable: producci\u00f3n est\u00e1ndar de aproximadamente 100kg\/h, con capacidades mayores disponibles bajo solicitud.<\/li>    <li>Seguridad higi\u00e9nica: toda la unidad est\u00e1 construida con materiales aptos para alimentos, con operaci\u00f3n f\u00e1cil que cumple con los est\u00e1ndares de sanidad en procesamiento de alimentos.<\/li>    <li>Ahorro de mano de obra: la operaci\u00f3n semi-autom\u00e1tica reduce el trabajo manual y aumenta la eficiencia de producci\u00f3n.<\/li> <\/ul>    <figure class=\"wp-block-gallery has-nested-images columns-default is-cropped wp-block-gallery-2 is-layout-flex wp-block-gallery-is-layout-flex\"> <figure class=\"wp-block-image size-large\"><img loading=\"lazy\" decoding=\"async\" width=\"720\" height=\"540\" data-id=\"1109\" src=\"https:\/\/www.peanuts-machine.com\/wp-content\/uploads\/2026\/01\/nut-butter-factory-line.webp\" alt=\"l\u00ednea de f\u00e1brica de mantequilla de nueces\" class=\"wp-image-1109\" title=\"\" srcset=\"https:\/\/www.peanuts-machine.com\/wp-content\/uploads\/2026\/01\/nut-butter-factory-line.webp 720w, https:\/\/www.peanuts-machine.com\/wp-content\/uploads\/2026\/01\/nut-butter-factory-line-300x225.webp 300w, https:\/\/www.peanuts-machine.com\/wp-content\/uploads\/2026\/01\/nut-butter-factory-line-16x12.webp 16w\" sizes=\"auto, (max-width: 720px) 100vw, 720px\" \/><figcaption class=\"wp-element-caption\">l\u00ednea de f\u00e1brica de mantequilla de nueces<\/figcaption><\/figure>    <figure class=\"wp-block-image size-large\"><img loading=\"lazy\" decoding=\"async\" width=\"720\" height=\"540\" data-id=\"1110\" src=\"https:\/\/www.peanuts-machine.com\/wp-content\/uploads\/2026\/01\/small-scale-peanut-butter-plant.webp\" alt=\"peque\u00f1a planta de mantequilla de cacahuete\" class=\"wp-image-1110\" title=\"\" srcset=\"https:\/\/www.peanuts-machine.com\/wp-content\/uploads\/2026\/01\/small-scale-peanut-butter-plant.webp 720w, https:\/\/www.peanuts-machine.com\/wp-content\/uploads\/2026\/01\/small-scale-peanut-butter-plant-300x225.webp 300w, https:\/\/www.peanuts-machine.com\/wp-content\/uploads\/2026\/01\/small-scale-peanut-butter-plant-16x12.webp 16w\" sizes=\"auto, (max-width: 720px) 100vw, 720px\" \/><figcaption class=\"wp-element-caption\">peque\u00f1a planta de mantequilla de cacahuete<\/figcaption><\/figure> <\/figure>    <h2 class=\"wp-block-heading\">L\u00ednea de procesamiento de mantequilla de cacahuete semi-autom\u00e1tica<\/h2>    <p>El proceso completo de la l\u00ednea de procesamiento de mantequilla de cacahuete es el siguiente:<\/p>    <ol class=\"wp-block-list\"> <li>Transporte de materia prima: los cacahuetes se transportan autom\u00e1ticamente mediante elevadores a los equipos de limpieza o tostado, asegurando una transferencia higi\u00e9nica y eficiente de materiales.<\/li>    <li>Tostado de cacahuetes: el <strong><em><a href=\"https:\/\/www.peanuts-machine.com\/es\/product\/peanut-roasting-machine\/\">tostador de man\u00ed<\/a><\/em><\/strong> Calienta de manera uniforme los cacahuetes con temperaturas ajustables autom\u00e1ticamente que van de 0 a 300\u00b0C, mejorando completamente el aroma y facilitando la c\u00e1scara.<\/li>    <li>Pelado de cacahuetes: los cacahuetes tostados ingresan a la m\u00e1quina de pelado, donde la fricci\u00f3n suave y el flujo de aire separan los kernels de las pieles rojas, logrando altas tasas de pelado y preservando part\u00edculas de cacahuete intactas.<\/li>    <li>Clasificaci\u00f3n manual: los operadores inspeccionan visualmente los cacahuetes pelados en las estaciones de clasificaci\u00f3n, eliminando pieles residuales, kernels quemados o descoloridos para garantizar una calidad constante de la materia prima.<\/li>    <li>Molienda de cacahuetes: los cacahuetes clasificados ingresan a la <strong><em><a href=\"https:\/\/www.peanuts-machine.com\/es\/product\/commercial-peanut-butter-machine\/\">m\u00e1quina de mantequilla de cacahuete<\/a><\/em><\/strong>, molido en mantequilla de cacahuete suave con tama\u00f1o de part\u00edcula ajustable (2-100\u03bcm) seg\u00fan sea necesario.<\/li>    <li>Llenado y tapado: la mantequilla de cacahuete molida se llena autom\u00e1ticamente en botellas o frascos mediante una m\u00e1quina llenadora con pesos preestablecidos. Luego, una m\u00e1quina de tapado sella los envases, asegurando hermeticidad e higiene.<\/li>    <li>Etiquetado: las m\u00e1quinas de etiquetado semiautom\u00e1ticas pueden usarse para aplicar etiquetas a las botellas, mejorando la est\u00e9tica del producto y estandarizando la presentaci\u00f3n en el mercado.<\/li> <\/ol>    <figure class=\"wp-block-gallery has-nested-images columns-2 is-cropped wp-block-gallery-3 is-layout-flex wp-block-gallery-is-layout-flex\"> <figure class=\"wp-block-image size-large\"><img loading=\"lazy\" decoding=\"async\" width=\"720\" height=\"540\" data-id=\"1114\" src=\"https:\/\/www.peanuts-machine.com\/wp-content\/uploads\/2026\/01\/peanut-roaster-machine.webp\" alt=\"m\u00e1quina tostadora de man\u00ed\" class=\"wp-image-1114\" title=\"\" srcset=\"https:\/\/www.peanuts-machine.com\/wp-content\/uploads\/2026\/01\/peanut-roaster-machine.webp 720w, https:\/\/www.peanuts-machine.com\/wp-content\/uploads\/2026\/01\/peanut-roaster-machine-300x225.webp 300w, https:\/\/www.peanuts-machine.com\/wp-content\/uploads\/2026\/01\/peanut-roaster-machine-16x12.webp 16w\" sizes=\"auto, (max-width: 720px) 100vw, 720px\" \/><figcaption class=\"wp-element-caption\">m\u00e1quina tostadora de man\u00ed<\/figcaption><\/figure>    <figure class=\"wp-block-image size-large\"><img loading=\"lazy\" decoding=\"async\" width=\"720\" height=\"540\" data-id=\"1113\" src=\"https:\/\/www.peanuts-machine.com\/wp-content\/uploads\/2026\/01\/peanut-peeling-machine.webp\" alt=\"peladora de man\u00ed\" class=\"wp-image-1113\" title=\"\" srcset=\"https:\/\/www.peanuts-machine.com\/wp-content\/uploads\/2026\/01\/peanut-peeling-machine.webp 720w, https:\/\/www.peanuts-machine.com\/wp-content\/uploads\/2026\/01\/peanut-peeling-machine-300x225.webp 300w, https:\/\/www.peanuts-machine.com\/wp-content\/uploads\/2026\/01\/peanut-peeling-machine-16x12.webp 16w\" sizes=\"auto, (max-width: 720px) 100vw, 720px\" \/><figcaption class=\"wp-element-caption\">peladora de man\u00ed<\/figcaption><\/figure>    <figure class=\"wp-block-image size-large\"><img loading=\"lazy\" decoding=\"async\" width=\"540\" height=\"720\" data-id=\"1112\" src=\"https:\/\/www.peanuts-machine.com\/wp-content\/uploads\/2026\/01\/peanut-butter-colloid-mill.webp\" alt=\"molino de coloide de mantequilla de man\u00ed\" class=\"wp-image-1112\" title=\"\" srcset=\"https:\/\/www.peanuts-machine.com\/wp-content\/uploads\/2026\/01\/peanut-butter-colloid-mill.webp 540w, https:\/\/www.peanuts-machine.com\/wp-content\/uploads\/2026\/01\/peanut-butter-colloid-mill-225x300.webp 225w, https:\/\/www.peanuts-machine.com\/wp-content\/uploads\/2026\/01\/peanut-butter-colloid-mill-9x12.webp 9w\" sizes=\"auto, (max-width: 540px) 100vw, 540px\" \/><figcaption class=\"wp-element-caption\">molino de coloide de mantequilla de man\u00ed<\/figcaption><\/figure>    <figure class=\"wp-block-image size-large\"><img loading=\"lazy\" decoding=\"async\" width=\"540\" height=\"720\" data-id=\"1111\" src=\"https:\/\/www.peanuts-machine.com\/wp-content\/uploads\/2026\/01\/double-head-filling-machine.webp\" alt=\"m\u00e1quina llenadora de doble cabeza\" class=\"wp-image-1111\" title=\"\" srcset=\"https:\/\/www.peanuts-machine.com\/wp-content\/uploads\/2026\/01\/double-head-filling-machine.webp 540w, https:\/\/www.peanuts-machine.com\/wp-content\/uploads\/2026\/01\/double-head-filling-machine-225x300.webp 225w, https:\/\/www.peanuts-machine.com\/wp-content\/uploads\/2026\/01\/double-head-filling-machine-9x12.webp 9w\" sizes=\"auto, (max-width: 540px) 100vw, 540px\" \/><figcaption class=\"wp-element-caption\">m\u00e1quina llenadora de doble cabeza<\/figcaption><\/figure> <\/figure>    <h2 class=\"wp-block-heading\">Par\u00e1metros t\u00e9cnicos clave del equipo<\/h2>    <figure class=\"wp-block-table is-style-stripes\"><table class=\"has-fixed-layout\"><tbody><tr><td><strong>Equipo<\/strong><\/td><td><strong>Modelo \/ Especificaci\u00f3n<\/strong><\/td><td><strong>Capacidad<\/strong><\/td><td><strong>Potencia \/ Voltaje<\/strong><\/td><td><strong>Tama\u00f1o (mm)<\/strong><\/td><td><strong>Observaciones<\/strong><\/td><\/tr><tr><td>Tostador de man\u00ed<\/td><td>TZR-100<\/td><td>100 kg\/h<\/td><td>22.5 kW \/ 380V<\/td><td>2900\u00d71400\u00d71650<\/td><td>Acero inoxidable; <br>Calefacci\u00f3n el\u00e9ctrica; <br>Termostato autom\u00e1tico<\/td><\/tr><tr><td>Pelado de cacahuetes <br>M\u00e1quina<\/td><td>&#8211;<\/td><td>100-200 kg\/h<\/td><td>0.75 kW \/ 380V<\/td><td>1100\u00d7450\u00d71100<\/td><td>Fricci\u00f3n suave, <br>Alta tasa de pelado<\/td><\/tr><tr><td>Mantequilla de man\u00ed <br>Molino<\/td><td>TZ-110<\/td><td>80-100 kg\/h<\/td><td>7.5 kW \/ 380V<\/td><td>700\u00d7430\u00d71000<\/td><td>Ajustable <br>grosor 2-100\u03bcm<\/td><\/tr><tr><td>Mantequilla de man\u00ed <br>M\u00e1quina de llenado<\/td><td>&#8211;<\/td><td>400-500 botellas\/h<\/td><td>380V<\/td><td>&#8211;<\/td><td>Rango de llenado <br>100-1000ml, <br>de doble cabeza<\/td><\/tr><tr><td>Tapado <br>M\u00e1quina<\/td><td>&#8211;<\/td><td>20 pcs\/min<\/td><td>0.37 kW \/ 380V<\/td><td>630\u00d7240\u00d7940<\/td><td>Altura de la botella <br>160-300mm<\/td><\/tr><tr><td>Semi-autom\u00e1tico <br>Etiquetado <br>M\u00e1quina<\/td><td>&#8211;<\/td><td>20-40 botellas\/min<\/td><td>100 W \/ 380V<\/td><td>650\u00d7345\u00d7450<\/td><td>Di\u00e1metro de la botella <br>15-120mm<\/td><\/tr><\/tbody><\/table><figcaption class=\"wp-element-caption\">Datos t\u00e9cnicos de las m\u00e1quinas de l\u00ednea de procesamiento de mantequilla de cacahuete semi-autom\u00e1tica<\/figcaption><\/figure>    <figure class=\"wp-block-gallery has-nested-images columns-default is-cropped wp-block-gallery-4 is-layout-flex wp-block-gallery-is-layout-flex\"> <figure class=\"wp-block-image size-large\"><img loading=\"lazy\" decoding=\"async\" width=\"720\" height=\"540\" data-id=\"1107\" src=\"https:\/\/www.peanuts-machine.com\/wp-content\/uploads\/2026\/01\/nut-butter-manufacturing-line.webp\" alt=\"l\u00ednea de fabricaci\u00f3n de mantequilla de nueces\" class=\"wp-image-1107\" title=\"\" srcset=\"https:\/\/www.peanuts-machine.com\/wp-content\/uploads\/2026\/01\/nut-butter-manufacturing-line.webp 720w, https:\/\/www.peanuts-machine.com\/wp-content\/uploads\/2026\/01\/nut-butter-manufacturing-line-300x225.webp 300w, https:\/\/www.peanuts-machine.com\/wp-content\/uploads\/2026\/01\/nut-butter-manufacturing-line-16x12.webp 16w\" sizes=\"auto, (max-width: 720px) 100vw, 720px\" \/><figcaption class=\"wp-element-caption\">l\u00ednea de fabricaci\u00f3n de mantequilla de nueces<\/figcaption><\/figure>    <figure class=\"wp-block-image size-large\"><img loading=\"lazy\" decoding=\"async\" width=\"720\" height=\"540\" data-id=\"1108\" src=\"https:\/\/www.peanuts-machine.com\/wp-content\/uploads\/2026\/01\/semi-automatic-peanut-butter-processing-line.webp\" alt=\"l\u00ednea de procesamiento de mantequilla de cacahuete semi autom\u00e1tica\" class=\"wp-image-1108\" title=\"\" srcset=\"https:\/\/www.peanuts-machine.com\/wp-content\/uploads\/2026\/01\/semi-automatic-peanut-butter-processing-line.webp 720w, https:\/\/www.peanuts-machine.com\/wp-content\/uploads\/2026\/01\/semi-automatic-peanut-butter-processing-line-300x225.webp 300w, https:\/\/www.peanuts-machine.com\/wp-content\/uploads\/2026\/01\/semi-automatic-peanut-butter-processing-line-16x12.webp 16w\" sizes=\"auto, (max-width: 720px) 100vw, 720px\" \/><figcaption class=\"wp-element-caption\">l\u00ednea de procesamiento de mantequilla de cacahuete semi autom\u00e1tica<\/figcaption><\/figure> <\/figure>    <p class=\"translation-block\">Adem\u00e1s de esta l\u00ednea compacta de producci\u00f3n de mantequilla de cacahuete semi-autom\u00e1tica, tambi\u00e9n ofrecemos <strong><em><a href=\"https:\/\/www.peanuts-machine.com\/es\/product\/peanut-butter-production-line\/\">l\u00edneas de procesamiento de mantequilla de cacahuete totalmente autom\u00e1ticas de alta capacidad<\/a><\/em><\/strong>. Dise\u00f1adas para la fabricaci\u00f3n industrial a gran escala, estas soluciones permiten a las empresas lograr una producci\u00f3n eficiente, rentable y consistente en lotes. \u00a1Cont\u00e1ctanos hoy para descubrir la mejor soluci\u00f3n de producci\u00f3n de mantequilla de cacahuete para tus necesidades!<\/p>","protected":false},"excerpt":{"rendered":"<p>La l\u00ednea de procesamiento de mantequilla de man\u00ed semi-autom\u00e1tica integra tostado, pelado, molienda y llenado. Es adecuada para peque\u00f1as empresas o f\u00e1bricas emergentes para lograr una producci\u00f3n estable y estandarizada de mantequilla de nueces.<\/p>","protected":false},"author":1,"featured_media":1127,"parent":0,"template":"","tags":[35],"product-type":[3],"class_list":["post-1105","product","type-product","status-publish","has-post-thumbnail","hentry","tag-peanut-butter","product-type-peanut-processing-lines"],"_links":{"self":[{"href":"https:\/\/www.peanuts-machine.com\/es\/wp-json\/wp\/v2\/product\/1105","targetHints":{"allow":["GET"]}}],"collection":[{"href":"https:\/\/www.peanuts-machine.com\/es\/wp-json\/wp\/v2\/product"}],"about":[{"href":"https:\/\/www.peanuts-machine.com\/es\/wp-json\/wp\/v2\/types\/product"}],"author":[{"embeddable":true,"href":"https:\/\/www.peanuts-machine.com\/es\/wp-json\/wp\/v2\/users\/1"}],"wp:featuredmedia":[{"embeddable":true,"href":"https:\/\/www.peanuts-machine.com\/es\/wp-json\/wp\/v2\/media\/1127"}],"wp:attachment":[{"href":"https:\/\/www.peanuts-machine.com\/es\/wp-json\/wp\/v2\/media?parent=1105"}],"wp:term":[{"taxonomy":"post_tag","embeddable":true,"href":"https:\/\/www.peanuts-machine.com\/es\/wp-json\/wp\/v2\/tags?post=1105"},{"taxonomy":"product-type","embeddable":true,"href":"https:\/\/www.peanuts-machine.com\/es\/wp-json\/wp\/v2\/product-type?post=1105"}],"curies":[{"name":"wp","href":"https:\/\/api.w.org\/{rel}","templated":true}]}}