{"id":1149,"date":"2026-01-28T16:03:52","date_gmt":"2026-01-28T08:03:52","guid":{"rendered":"https:\/\/www.peanuts-machine.com\/?post_type=product&#038;p=1149"},"modified":"2026-01-30T16:55:51","modified_gmt":"2026-01-30T08:55:51","slug":"rice-bar-production-line","status":"publish","type":"product","link":"https:\/\/www.peanuts-machine.com\/es\/product\/rice-bar-production-line\/","title":{"rendered":"L\u00ednea de Producci\u00f3n de Barras de Arroz | M\u00e1quina Autom\u00e1tica de Snack Bar"},"content":{"rendered":"<div class=\"kk-star-ratings kksr-auto kksr-align-left kksr-valign-top\"     data-payload='{&quot;align&quot;:&quot;left&quot;,&quot;id&quot;:&quot;1149&quot;,&quot;slug&quot;:&quot;default&quot;,&quot;valign&quot;:&quot;top&quot;,&quot;ignore&quot;:&quot;&quot;,&quot;reference&quot;:&quot;auto&quot;,&quot;class&quot;:&quot;&quot;,&quot;count&quot;:&quot;29&quot;,&quot;legendonly&quot;:&quot;&quot;,&quot;readonly&quot;:&quot;&quot;,&quot;score&quot;:&quot;4.7&quot;,&quot;starsonly&quot;:&quot;&quot;,&quot;best&quot;:&quot;5&quot;,&quot;gap&quot;:&quot;5&quot;,&quot;greet&quot;:&quot;Rate this product&quot;,&quot;legend&quot;:&quot;4.7\\\/5 - (29 votos)&quot;,&quot;size&quot;:&quot;24&quot;,&quot;title&quot;:&quot;Rice Bar Production Line | Automatic Snack Bar Machine&quot;,&quot;width&quot;:&quot;133.8&quot;,&quot;_legend&quot;:&quot;{score}\\\/{best} - ({count} {votes})&quot;,&quot;font_factor&quot;:&quot;1.25&quot;}'>              <div class=\"kksr-stars\">      <div class=\"kksr-stars-inactive\">             <div class=\"kksr-star\" data-star=\"1\" style=\"padding-right: 5px\">               <div class=\"kksr-icon\" style=\"width: 24px; height: 24px;\"><\/div>         <\/div>             <div class=\"kksr-star\" data-star=\"2\" style=\"padding-right: 5px\">               <div class=\"kksr-icon\" style=\"width: 24px; height: 24px;\"><\/div>         <\/div>             <div class=\"kksr-star\" data-star=\"3\" style=\"padding-right: 5px\">               <div class=\"kksr-icon\" style=\"width: 24px; height: 24px;\"><\/div>         <\/div>             <div class=\"kksr-star\" data-star=\"4\" style=\"padding-right: 5px\">               <div class=\"kksr-icon\" style=\"width: 24px; height: 24px;\"><\/div>         <\/div>             <div class=\"kksr-star\" data-star=\"5\" style=\"padding-right: 5px\">               <div class=\"kksr-icon\" style=\"width: 24px; height: 24px;\"><\/div>         <\/div>     <\/div>      <div class=\"kksr-stars-active\" style=\"width: 133.8px;\">             <div class=\"kksr-star\" style=\"padding-right: 5px\">               <div class=\"kksr-icon\" style=\"width: 24px; height: 24px;\"><\/div>         <\/div>             <div class=\"kksr-star\" style=\"padding-right: 5px\">               <div class=\"kksr-icon\" style=\"width: 24px; height: 24px;\"><\/div>         <\/div>             <div class=\"kksr-star\" style=\"padding-right: 5px\">               <div class=\"kksr-icon\" style=\"width: 24px; height: 24px;\"><\/div>         <\/div>             <div class=\"kksr-star\" style=\"padding-right: 5px\">               <div class=\"kksr-icon\" style=\"width: 24px; height: 24px;\"><\/div>         <\/div>             <div class=\"kksr-star\" style=\"padding-right: 5px\">               <div class=\"kksr-icon\" style=\"width: 24px; height: 24px;\"><\/div>         <\/div>     <\/div> <\/div>                   <div class=\"kksr-legend\" style=\"font-size: 19.2px;\">             4.7\/5 - (29 votos)    <\/div>     <\/div>  <p>La l\u00ednea de producci\u00f3n autom\u00e1tica completa de barras de arroz inflado est\u00e1 dise\u00f1ada espec\u00edficamente para la producci\u00f3n continua y a gran escala de bolas de arroz inflado, bolas de cereal y diversos productos de confiter\u00eda de cereal inflado. Satisface demandas de producci\u00f3n continua de aproximadamente 80\u2013150 kg\/h. <\/p>    <p>This integrated system combines puffing, sugar boiling, mixing, molding, and packaging into one unit. It comprehensively meets food processing enterprises&#8217; requirements for efficiency, quality, and diverse product offerings.<\/p>    <figure class=\"wp-block-embed aligncenter is-type-video is-provider-youtube wp-block-embed-youtube wp-embed-aspect-16-9 wp-has-aspect-ratio\"><div class=\"wp-block-embed__wrapper\"> <iframe loading=\"lazy\" title=\"Puffed Rice Cereal Bar Production Line | Efficient &amp; High-Quality \ud83c\udf7f#riceballs #cerealbar\" width=\"500\" height=\"281\" src=\"https:\/\/www.youtube.com\/embed\/OcXKtBMlMGw?feature=oembed\" frameborder=\"0\" allow=\"accelerometer; autoplay; clipboard-write; encrypted-media; gyroscope; picture-in-picture; web-share\" referrerpolicy=\"strict-origin-when-cross-origin\" allowfullscreen><\/iframe> <\/div><figcaption class=\"wp-element-caption\">Video de funcionamiento de la l\u00ednea autom\u00e1tica de barras de arroz<\/figcaption><\/figure>    <h2 class=\"wp-block-heading\">Aplicaciones de la l\u00ednea de producci\u00f3n de barras de arroz<\/h2>    <p>Esta l\u00ednea de moldeo rotatorio de bolas de arroz inflado es adecuada para procesar diversos alimentos de snack a base de granos y nueces. Los productos t\u00edpicos incluyen, pero no se limitan a:<\/p>    <ul class=\"wp-block-list\"> <li>Bolas de arroz inflado \/ Caramelos de arroz inflado<\/li>    <li>Bolas de grano, bolas de avena, bolas de ma\u00edz<\/li>    <li>Bolas energ\u00e9ticas de nueces, bolas de prote\u00edna<\/li>    <li>Caramelo de arroz inflado, productos de caramelos multigrano<\/li>    <li>Productos con forma redonda, cil\u00edndrica, esf\u00e9rica y otras formas<\/li> <\/ul>    <p>Ampliamente utilizado en f\u00e1bricas de snacks, plantas de procesamiento de caramelos, empresas de alimentos a base de granos y proyectos de procesamiento de alimentos orientados a la exportaci\u00f3n.<\/p>    <figure class=\"wp-block-gallery has-nested-images columns-default is-cropped wp-block-gallery-2 is-layout-flex wp-block-gallery-is-layout-flex\"> <figure class=\"wp-block-image size-large\"><img loading=\"lazy\" decoding=\"async\" width=\"720\" height=\"540\" data-id=\"1154\" src=\"https:\/\/www.peanuts-machine.com\/wp-content\/uploads\/2026\/01\/rice-snack-bar-production.webp\" alt=\"barra de snack de arroz\" class=\"wp-image-1154\" title=\"\" srcset=\"https:\/\/www.peanuts-machine.com\/wp-content\/uploads\/2026\/01\/rice-snack-bar-production.webp 720w, https:\/\/www.peanuts-machine.com\/wp-content\/uploads\/2026\/01\/rice-snack-bar-production-300x225.webp 300w, https:\/\/www.peanuts-machine.com\/wp-content\/uploads\/2026\/01\/rice-snack-bar-production-16x12.webp 16w\" sizes=\"auto, (max-width: 720px) 100vw, 720px\" \/><figcaption class=\"wp-element-caption\">barra de snack de arroz<\/figcaption><\/figure>    <figure class=\"wp-block-image size-large\"><img loading=\"lazy\" decoding=\"async\" width=\"720\" height=\"540\" data-id=\"1153\" src=\"https:\/\/www.peanuts-machine.com\/wp-content\/uploads\/2026\/01\/rice-balls.webp\" alt=\"bolas de arroz\" class=\"wp-image-1153\" title=\"\" srcset=\"https:\/\/www.peanuts-machine.com\/wp-content\/uploads\/2026\/01\/rice-balls.webp 720w, https:\/\/www.peanuts-machine.com\/wp-content\/uploads\/2026\/01\/rice-balls-300x225.webp 300w, https:\/\/www.peanuts-machine.com\/wp-content\/uploads\/2026\/01\/rice-balls-16x12.webp 16w\" sizes=\"auto, (max-width: 720px) 100vw, 720px\" \/><figcaption class=\"wp-element-caption\">bolas de arroz<\/figcaption><\/figure>    <figure class=\"wp-block-image size-large\"><img loading=\"lazy\" decoding=\"async\" width=\"720\" height=\"540\" data-id=\"1152\" src=\"https:\/\/www.peanuts-machine.com\/wp-content\/uploads\/2026\/01\/cereal-bar.webp\" alt=\"barra de cereal\" class=\"wp-image-1152\" title=\"\" srcset=\"https:\/\/www.peanuts-machine.com\/wp-content\/uploads\/2026\/01\/cereal-bar.webp 720w, https:\/\/www.peanuts-machine.com\/wp-content\/uploads\/2026\/01\/cereal-bar-300x225.webp 300w, https:\/\/www.peanuts-machine.com\/wp-content\/uploads\/2026\/01\/cereal-bar-16x12.webp 16w\" sizes=\"auto, (max-width: 720px) 100vw, 720px\" \/><figcaption class=\"wp-element-caption\">barra de cereal<\/figcaption><\/figure> <\/figure>    <h2 class=\"wp-block-heading\">Ventajas de la l\u00ednea de moldeo rotatorio de bolas de arroz<\/h2>    <ul class=\"wp-block-list\"> <li>Alta automatizaci\u00f3n: operaci\u00f3n continua desde la expansi\u00f3n de ingredientes hasta el moldeo y el envasado, reduciendo significativamente los costos laborales.<\/li>    <li>Formaci\u00f3n consistente del producto: el moldeo rotatorio asegura un tama\u00f1o y peso uniformes.<\/li>    <li>Adaptabilidad vers\u00e1til: procesa diversos granos, nueces y combinaciones de ingredientes.<\/li>    <li>Dise\u00f1o estructural de grado alimentario: equipos cr\u00edticos construidos en acero inoxidable, que cumplen con las normas de higiene alimentaria.<\/li>    <li>Salida estable y alta eficiencia: ideal para producci\u00f3n consistente de tama\u00f1o medio a grande.<\/li>    <li>Operaci\u00f3n y mantenimiento f\u00e1ciles: distribuci\u00f3n clara, par\u00e1metros controlables y baja tasa de fallos.<\/li> <\/ul>    <h2 class=\"wp-block-heading\">Flujo del proceso de l\u00ednea de producci\u00f3n de barras de snack<\/h2>    <p>La l\u00ednea de producci\u00f3n completa de barras de arroz incluye los siguientes procesos:<\/p>    <ul class=\"wp-block-list\"> <li><strong>Expansi\u00f3n de granos<\/strong> \u2192 <strong>Cocci\u00f3n del az\u00facar<\/strong> \u2192 <strong>Mezclando<\/strong> \u2192 <strong>Moldeo rotatorio<\/strong> \u2192 <strong>Embalaje<\/strong><\/li> <\/ul>    <figure class=\"wp-block-gallery has-nested-images columns-default is-cropped wp-block-gallery-3 is-layout-flex wp-block-gallery-is-layout-flex\"> <figure class=\"wp-block-image size-large\"><img loading=\"lazy\" decoding=\"async\" width=\"720\" height=\"540\" data-id=\"1155\" src=\"https:\/\/www.peanuts-machine.com\/wp-content\/uploads\/2026\/01\/rice-bar-making-machine.webp\" alt=\"m\u00e1quina para hacer barras de arroz\" class=\"wp-image-1155\" title=\"\" srcset=\"https:\/\/www.peanuts-machine.com\/wp-content\/uploads\/2026\/01\/rice-bar-making-machine.webp 720w, https:\/\/www.peanuts-machine.com\/wp-content\/uploads\/2026\/01\/rice-bar-making-machine-300x225.webp 300w, https:\/\/www.peanuts-machine.com\/wp-content\/uploads\/2026\/01\/rice-bar-making-machine-16x12.webp 16w\" sizes=\"auto, (max-width: 720px) 100vw, 720px\" \/><figcaption class=\"wp-element-caption\">m\u00e1quina para hacer barras de arroz<\/figcaption><\/figure>    <figure class=\"wp-block-image size-large\"><img loading=\"lazy\" decoding=\"async\" width=\"720\" height=\"540\" data-id=\"1156\" src=\"https:\/\/www.peanuts-machine.com\/wp-content\/uploads\/2026\/01\/rice-bar-production-line.webp\" alt=\"l\u00ednea de producci\u00f3n de barras de arroz\" class=\"wp-image-1156\" title=\"\" srcset=\"https:\/\/www.peanuts-machine.com\/wp-content\/uploads\/2026\/01\/rice-bar-production-line.webp 720w, https:\/\/www.peanuts-machine.com\/wp-content\/uploads\/2026\/01\/rice-bar-production-line-300x225.webp 300w, https:\/\/www.peanuts-machine.com\/wp-content\/uploads\/2026\/01\/rice-bar-production-line-16x12.webp 16w\" sizes=\"auto, (max-width: 720px) 100vw, 720px\" \/><figcaption class=\"wp-element-caption\">l\u00ednea de producci\u00f3n de barras de arroz<\/figcaption><\/figure> <\/figure>    <p>A continuaci\u00f3n, se presenta una introducci\u00f3n detallada de cada m\u00e1quina principal en la l\u00ednea de producci\u00f3n:<\/p>    <h3 class=\"wp-block-heading\">M\u00e1quina de expansi\u00f3n por flujo de aire SLP-60<\/h3>    <p>Utilizado para la expansi\u00f3n r\u00e1pida de granos como arroz, ma\u00edz, trigo, avena, soja y mijo. Preserva el sabor y los nutrientes originales, asegurando una expansi\u00f3n uniforme.<\/p>    <figure class=\"wp-block-table is-style-stripes\"><table class=\"has-fixed-layout\"><tbody><tr><td><strong>Art\u00edculo<\/strong><\/td><td><strong>Especificaci\u00f3n<\/strong><\/td><\/tr><tr><td>Voltaje<\/td><td>380V \/ 50Hz<\/td><\/tr><tr><td>Fuerza<\/td><td>0.75 kW<\/td><\/tr><tr><td>Capacidad<\/td><td>90\u2013100 kg\/h<\/td><\/tr><tr><td>Peso<\/td><td>500 kg<\/td><\/tr><tr><td>Tama\u00f1o<\/td><td>1600 \u00d7 820 \u00d7 1370 mm<\/td><\/tr><\/tbody><\/table><figcaption class=\"wp-element-caption\">Par\u00e1metros t\u00e9cnicos de la m\u00e1quina de expansi\u00f3n por flujo de aire<\/figcaption><\/figure>    <h3 class=\"wp-block-heading\">M\u00e1quina de olla con recubrimiento TZ-200<\/h3>    <p>Calefacci\u00f3n, cocci\u00f3n y control de temperatura para jarabes, miel o soluciones azucaradas. Garantiza un calentamiento uniforme con ajustes de temperatura ajustables, adecuado para producci\u00f3n continua.<\/p>    <figure class=\"wp-block-table is-style-stripes\"><table class=\"has-fixed-layout\"><tbody><tr><td><strong>Art\u00edculo<\/strong><\/td><td><strong>Especificaci\u00f3n<\/strong><\/td><\/tr><tr><td>Voltaje<\/td><td>380V \/ 50Hz<\/td><\/tr><tr><td>Fuerza<\/td><td>15 kW<\/td><\/tr><tr><td>Di\u00e1metro<\/td><td>\u00d8840 mm<\/td><\/tr><tr><td>Peso<\/td><td>480 kg<\/td><\/tr><tr><td>Tama\u00f1o<\/td><td>1470 \u00d7 905 \u00d7 990 mm<\/td><\/tr><\/tbody><\/table><figcaption class=\"wp-element-caption\">Datos t\u00e9cnicos de la m\u00e1quina de olla con recubrimiento<\/figcaption><\/figure>    <figure class=\"wp-block-gallery has-nested-images columns-default is-cropped wp-block-gallery-4 is-layout-flex wp-block-gallery-is-layout-flex\"> <figure class=\"wp-block-image size-large\"><img loading=\"lazy\" decoding=\"async\" width=\"720\" height=\"540\" data-id=\"1157\" src=\"https:\/\/www.peanuts-machine.com\/wp-content\/uploads\/2026\/01\/puffing-machine.webp\" alt=\"m\u00e1quina de expansi\u00f3n\" class=\"wp-image-1157\" title=\"\" srcset=\"https:\/\/www.peanuts-machine.com\/wp-content\/uploads\/2026\/01\/puffing-machine.webp 720w, https:\/\/www.peanuts-machine.com\/wp-content\/uploads\/2026\/01\/puffing-machine-300x225.webp 300w, https:\/\/www.peanuts-machine.com\/wp-content\/uploads\/2026\/01\/puffing-machine-16x12.webp 16w\" sizes=\"auto, (max-width: 720px) 100vw, 720px\" \/><figcaption class=\"wp-element-caption\">m\u00e1quina de expansi\u00f3n<\/figcaption><\/figure>    <figure class=\"wp-block-image size-large\"><img loading=\"lazy\" decoding=\"async\" width=\"720\" height=\"540\" data-id=\"1158\" src=\"https:\/\/www.peanuts-machine.com\/wp-content\/uploads\/2026\/01\/sugar-boiling-pot.webp\" alt=\"olla de cocci\u00f3n del az\u00facar\" class=\"wp-image-1158\" title=\"\" srcset=\"https:\/\/www.peanuts-machine.com\/wp-content\/uploads\/2026\/01\/sugar-boiling-pot.webp 720w, https:\/\/www.peanuts-machine.com\/wp-content\/uploads\/2026\/01\/sugar-boiling-pot-300x225.webp 300w, https:\/\/www.peanuts-machine.com\/wp-content\/uploads\/2026\/01\/sugar-boiling-pot-16x12.webp 16w\" sizes=\"auto, (max-width: 720px) 100vw, 720px\" \/><figcaption class=\"wp-element-caption\">olla de cocci\u00f3n del az\u00facar<\/figcaption><\/figure>    <figure class=\"wp-block-image size-large\"><img loading=\"lazy\" decoding=\"async\" width=\"720\" height=\"540\" data-id=\"1159\" src=\"https:\/\/www.peanuts-machine.com\/wp-content\/uploads\/2026\/01\/mixer.webp\" alt=\"mezclador\" class=\"wp-image-1159\" title=\"\" srcset=\"https:\/\/www.peanuts-machine.com\/wp-content\/uploads\/2026\/01\/mixer.webp 720w, https:\/\/www.peanuts-machine.com\/wp-content\/uploads\/2026\/01\/mixer-300x225.webp 300w, https:\/\/www.peanuts-machine.com\/wp-content\/uploads\/2026\/01\/mixer-16x12.webp 16w\" sizes=\"auto, (max-width: 720px) 100vw, 720px\" \/><figcaption class=\"wp-element-caption\">mezclador<\/figcaption><\/figure> <\/figure>    <h3 class=\"wp-block-heading\">Mezcladora TZ-15<\/h3>    <p>Mezcle a fondo el jarabe preparado con los granos inflados, nueces y otros ingredientes. Equipado con un sistema de control de temperatura y estructura aislada para garantizar una mezcla uniforme y prevenir grumos.<\/p>    <figure class=\"wp-block-table is-style-stripes\"><table class=\"has-fixed-layout\"><tbody><tr><td><strong>Art\u00edculo<\/strong><\/td><td><strong>Especificaci\u00f3n<\/strong><\/td><\/tr><tr><td>Voltaje<\/td><td>380V \/ 50Hz<\/td><\/tr><tr><td>Fuerza<\/td><td>1.1 kW<\/td><\/tr><tr><td>Capacidad<\/td><td>10 kg \/ lote<\/td><\/tr><tr><td>Tama\u00f1o<\/td><td>700 \u00d7 800 \u00d7 1200 mm<\/td><\/tr><\/tbody><\/table><figcaption class=\"wp-element-caption\">Par\u00e1metros t\u00e9cnicos del mezclador de la l\u00ednea de producci\u00f3n de barras de arroz<\/figcaption><\/figure>    <h3 class=\"wp-block-heading\">M\u00e1quina de moldeo por plato giratorio HY-MZ100<\/h3>    <p>El equipo de formaci\u00f3n central logra el moldeo automatizado de productos esf\u00e9ricos, circulares, cil\u00edndricos y otros mediante moldes de plato giratorio. Ofrece resultados est\u00e9ticamente agradables con alta eficiencia.<\/p>    <figure class=\"wp-block-table is-style-stripes\"><table class=\"has-fixed-layout\"><tbody><tr><td><strong>Art\u00edculo<\/strong><\/td><td><strong>Especificaci\u00f3n<\/strong><\/td><\/tr><tr><td>Voltaje<\/td><td>380V \/ 50Hz<\/td><\/tr><tr><td>Fuerza<\/td><td>2.2 kW<\/td><\/tr><tr><td>Capacidad<\/td><td>80\u2013150 kg\/h<\/td><\/tr><tr><td>Tama\u00f1o<\/td><td>1160 \u00d7 1160 \u00d7 1380 mm<\/td><\/tr><\/tbody><\/table><figcaption class=\"wp-element-caption\">Par\u00e1metros t\u00e9cnicos de la m\u00e1quina formadora de la l\u00ednea de producci\u00f3n de barras de arroz<\/figcaption><\/figure>    <figure class=\"wp-block-gallery has-nested-images columns-default is-cropped wp-block-gallery-5 is-layout-flex wp-block-gallery-is-layout-flex\"> <figure class=\"wp-block-image size-large\"><img loading=\"lazy\" decoding=\"async\" width=\"720\" height=\"540\" data-id=\"1161\" src=\"https:\/\/www.peanuts-machine.com\/wp-content\/uploads\/2026\/01\/machine-internal-view.webp\" alt=\"Vista interna de la m\u00e1quina\" class=\"wp-image-1161\" title=\"\" srcset=\"https:\/\/www.peanuts-machine.com\/wp-content\/uploads\/2026\/01\/machine-internal-view.webp 720w, https:\/\/www.peanuts-machine.com\/wp-content\/uploads\/2026\/01\/machine-internal-view-300x225.webp 300w, https:\/\/www.peanuts-machine.com\/wp-content\/uploads\/2026\/01\/machine-internal-view-16x12.webp 16w\" sizes=\"auto, (max-width: 720px) 100vw, 720px\" \/><figcaption class=\"wp-element-caption\">Vista interna de la m\u00e1quina<\/figcaption><\/figure>    <figure class=\"wp-block-image size-large\"><img loading=\"lazy\" decoding=\"async\" width=\"720\" height=\"540\" data-id=\"1160\" src=\"https:\/\/www.peanuts-machine.com\/wp-content\/uploads\/2026\/01\/cereal-bar-machine-mold.webp\" alt=\"molde de m\u00e1quina de barras de cereal\" class=\"wp-image-1160\" title=\"\" srcset=\"https:\/\/www.peanuts-machine.com\/wp-content\/uploads\/2026\/01\/cereal-bar-machine-mold.webp 720w, https:\/\/www.peanuts-machine.com\/wp-content\/uploads\/2026\/01\/cereal-bar-machine-mold-300x225.webp 300w, https:\/\/www.peanuts-machine.com\/wp-content\/uploads\/2026\/01\/cereal-bar-machine-mold-16x12.webp 16w\" sizes=\"auto, (max-width: 720px) 100vw, 720px\" \/><figcaption class=\"wp-element-caption\">molde de m\u00e1quina de barras de cereal<\/figcaption><\/figure>    <figure class=\"wp-block-image size-large\"><img loading=\"lazy\" decoding=\"async\" width=\"720\" height=\"540\" data-id=\"1162\" src=\"https:\/\/www.peanuts-machine.com\/wp-content\/uploads\/2026\/01\/rice-ball-forming-machine.webp\" alt=\"M\u00e1quina formadora de bolas de arroz\" class=\"wp-image-1162\" title=\"\" srcset=\"https:\/\/www.peanuts-machine.com\/wp-content\/uploads\/2026\/01\/rice-ball-forming-machine.webp 720w, https:\/\/www.peanuts-machine.com\/wp-content\/uploads\/2026\/01\/rice-ball-forming-machine-300x225.webp 300w, https:\/\/www.peanuts-machine.com\/wp-content\/uploads\/2026\/01\/rice-ball-forming-machine-16x12.webp 16w\" sizes=\"auto, (max-width: 720px) 100vw, 720px\" \/><figcaption class=\"wp-element-caption\">M\u00e1quina formadora de bolas de arroz<\/figcaption><\/figure> <\/figure>    <h3 class=\"wp-block-heading\">M\u00e1quina de embalaje TZ-320<\/h3>    <p>Adecuado para el envasado a alta velocidad de diversos alimentos de forma regular, como bolas de arroz inflado, caramelos de arroz inflado, galletas sacha y barras energ\u00e9ticas. Presenta sellos atractivos y gran adaptabilidad.<\/p>    <figure class=\"wp-block-table is-style-stripes\"><table class=\"has-fixed-layout\"><tbody><tr><td><strong>Art\u00edculo<\/strong><\/td><td><strong>Especificaci\u00f3n<\/strong><\/td><\/tr><tr><td>Voltaje<\/td><td>220V<\/td><\/tr><tr><td>Fuerza<\/td><td>2.5 kW<\/td><\/tr><tr><td>Velocidad de embalaje<\/td><td>50\u2013300 pzas\/min<\/td><\/tr><tr><td>Tama\u00f1o de embalaje<\/td><td>L: 50\u2013300 mm \/ An: 50\u2013310 mm \/ Al: 5\u201360 mm<\/td><\/tr><tr><td>Tama\u00f1o de la m\u00e1quina<\/td><td>3800 \u00d7 780 \u00d7 1500 mm<\/td><\/tr><\/tbody><\/table><figcaption class=\"wp-element-caption\">Datos t\u00e9cnicos de la m\u00e1quina de embalaje de barras de cereal<\/figcaption><\/figure>    <h2 class=\"wp-block-heading\">Conclusi\u00f3n<\/h2>    <p>La l\u00ednea de producci\u00f3n de barras de arroz inflado se ha convertido en una soluci\u00f3n ideal para procesar bolas de cereal y productos de confiter\u00eda inflada, gracias a sus m\u00e9todos de moldeo flexibles y diversos. Esta l\u00ednea de producci\u00f3n es adecuada tanto para producci\u00f3n a gran escala y estandarizada, como para configuraciones flexibles que satisfacen diferentes requisitos de producto y capacidad.<\/p>    <p class=\"translation-block\">Adem\u00e1s, ofrecemos una gama de equipos de procesamiento de snacks de cacahuete y nueces, como <strong><em><a href=\"https:\/\/www.peanuts-machine.com\/es\/product\/peanut-cereal-bar-production-line\/\">l\u00edneas de procesamiento de caramelos de cacahuete<\/a><\/em><\/strong>, para satisfacer diversas formas de productos y requisitos de posicionamiento en el mercado. No dude en contactarnos en cualquier momento para la selecci\u00f3n de equipos y configuraci\u00f3n de soluciones. Ofrecemos servicios profesionales, eficientes y integrales.<\/p>","protected":false},"excerpt":{"rendered":"<p>La l\u00ednea de producci\u00f3n de barras de arroz integra procesos como el inflado, la cocci\u00f3n del az\u00facar, la mezcla, el moldeado y el envasado. Produce eficientemente bolas de arroz inflado, bolas de cereal y diversos productos de confiter\u00eda a base de nueces.<\/p>","protected":false},"author":1,"featured_media":1163,"parent":0,"template":"","tags":[45,59],"product-type":[3],"class_list":["post-1149","product","type-product","status-publish","has-post-thumbnail","hentry","tag-cereal-bar","tag-rice-bar","product-type-peanut-processing-lines"],"_links":{"self":[{"href":"https:\/\/www.peanuts-machine.com\/es\/wp-json\/wp\/v2\/product\/1149","targetHints":{"allow":["GET"]}}],"collection":[{"href":"https:\/\/www.peanuts-machine.com\/es\/wp-json\/wp\/v2\/product"}],"about":[{"href":"https:\/\/www.peanuts-machine.com\/es\/wp-json\/wp\/v2\/types\/product"}],"author":[{"embeddable":true,"href":"https:\/\/www.peanuts-machine.com\/es\/wp-json\/wp\/v2\/users\/1"}],"wp:featuredmedia":[{"embeddable":true,"href":"https:\/\/www.peanuts-machine.com\/es\/wp-json\/wp\/v2\/media\/1163"}],"wp:attachment":[{"href":"https:\/\/www.peanuts-machine.com\/es\/wp-json\/wp\/v2\/media?parent=1149"}],"wp:term":[{"taxonomy":"post_tag","embeddable":true,"href":"https:\/\/www.peanuts-machine.com\/es\/wp-json\/wp\/v2\/tags?post=1149"},{"taxonomy":"product-type","embeddable":true,"href":"https:\/\/www.peanuts-machine.com\/es\/wp-json\/wp\/v2\/product-type?post=1149"}],"curies":[{"name":"wp","href":"https:\/\/api.w.org\/{rel}","templated":true}]}}