{"id":115,"date":"2022-08-10T02:41:04","date_gmt":"2022-08-10T02:41:04","guid":{"rendered":"https:\/\/www.peanuts-machine.com\/?post_type=product&#038;p=115"},"modified":"2026-01-14T16:15:10","modified_gmt":"2026-01-14T08:15:10","slug":"groundnut-oil-extractor","status":"publish","type":"product","link":"https:\/\/www.peanuts-machine.com\/es\/product\/groundnut-oil-extractor\/","title":{"rendered":"Extractor de aceite de cacahuete | Prensa de aceite de cacahuete de tornillo"},"content":{"rendered":"<div class=\"kk-star-ratings kksr-auto kksr-align-left kksr-valign-top\"     data-payload='{&quot;align&quot;:&quot;left&quot;,&quot;id&quot;:&quot;115&quot;,&quot;slug&quot;:&quot;default&quot;,&quot;valign&quot;:&quot;top&quot;,&quot;ignore&quot;:&quot;&quot;,&quot;reference&quot;:&quot;auto&quot;,&quot;class&quot;:&quot;&quot;,&quot;count&quot;:&quot;24&quot;,&quot;legendonly&quot;:&quot;&quot;,&quot;readonly&quot;:&quot;&quot;,&quot;score&quot;:&quot;4.6&quot;,&quot;starsonly&quot;:&quot;&quot;,&quot;best&quot;:&quot;5&quot;,&quot;gap&quot;:&quot;5&quot;,&quot;greet&quot;:&quot;Rate this product&quot;,&quot;legend&quot;:&quot;4.6\\\/5 - (24 votos)&quot;,&quot;size&quot;:&quot;24&quot;,&quot;title&quot;:&quot;Groundnut Oil Extractor | Screw Peanut Oil Expeller&quot;,&quot;width&quot;:&quot;130.9&quot;,&quot;_legend&quot;:&quot;{score}\\\/{best} - ({count} {votes})&quot;,&quot;font_factor&quot;:&quot;1.25&quot;}'>              <div class=\"kksr-stars\">      <div class=\"kksr-stars-inactive\">             <div class=\"kksr-star\" data-star=\"1\" style=\"padding-right: 5px\">               <div class=\"kksr-icon\" style=\"width: 24px; height: 24px;\"><\/div>         <\/div>             <div class=\"kksr-star\" data-star=\"2\" style=\"padding-right: 5px\">               <div class=\"kksr-icon\" style=\"width: 24px; height: 24px;\"><\/div>         <\/div>             <div class=\"kksr-star\" data-star=\"3\" style=\"padding-right: 5px\">               <div class=\"kksr-icon\" style=\"width: 24px; height: 24px;\"><\/div>         <\/div>             <div class=\"kksr-star\" data-star=\"4\" style=\"padding-right: 5px\">               <div class=\"kksr-icon\" style=\"width: 24px; height: 24px;\"><\/div>         <\/div>             <div class=\"kksr-star\" data-star=\"5\" style=\"padding-right: 5px\">               <div class=\"kksr-icon\" style=\"width: 24px; height: 24px;\"><\/div>         <\/div>     <\/div>      <div class=\"kksr-stars-active\" style=\"width: 130.9px;\">             <div class=\"kksr-star\" style=\"padding-right: 5px\">               <div class=\"kksr-icon\" style=\"width: 24px; height: 24px;\"><\/div>         <\/div>             <div class=\"kksr-star\" style=\"padding-right: 5px\">               <div class=\"kksr-icon\" style=\"width: 24px; height: 24px;\"><\/div>         <\/div>             <div class=\"kksr-star\" style=\"padding-right: 5px\">               <div class=\"kksr-icon\" style=\"width: 24px; height: 24px;\"><\/div>         <\/div>             <div class=\"kksr-star\" style=\"padding-right: 5px\">               <div class=\"kksr-icon\" style=\"width: 24px; height: 24px;\"><\/div>         <\/div>             <div class=\"kksr-star\" style=\"padding-right: 5px\">               <div class=\"kksr-icon\" style=\"width: 24px; height: 24px;\"><\/div>         <\/div>     <\/div> <\/div>                   <div class=\"kksr-legend\" style=\"font-size: 19.2px;\">             4,6\/5 - (24 votos)    <\/div>     <\/div>  <p>El extractor autom\u00e1tico de aceite de cacahuete est\u00e1 dise\u00f1ado para cacahuetes, soja, colza, semillas de girasol y otros cultivos oleaginosos con un rendimiento de aceite inferior al 40%. En comparaci\u00f3n con el m\u00e9todo tradicional de extracci\u00f3n de aceite, la m\u00e1quina mejora la eficiencia del rendimiento de aceite en un 35%-50% y reduce el consumo de energ\u00eda en un 60%. <\/p>    <p>Es compatible con m\u00e1s de 20 tipos de semillas oleaginosas al mismo tiempo, y garantiza la pureza del aceite con un proceso de acero inoxidable de grado alimenticio. Con su estructura compacta y f\u00e1cil operaci\u00f3n, se puede utilizar ampliamente en talleres familiares, peque\u00f1os molinos de aceite y proyectos de procesamiento de aceite en la etapa inicial del negocio.<\/p>    <figure class=\"wp-block-embed aligncenter is-type-video is-provider-youtube wp-block-embed-youtube wp-embed-aspect-16-9 wp-has-aspect-ratio\"><div class=\"wp-block-embed__wrapper\"> <iframe loading=\"lazy\" title=\"\u00a1Descubra las maravillas de nuestra prensa autom\u00e1tica de aceite de tornillo!#oil #oilpress\" width=\"500\" height=\"281\" src=\"https:\/\/www.youtube.com\/embed\/W56VMnGhLCI?feature=oembed\" frameborder=\"0\" allow=\"accelerometer; autoplay; clipboard-write; encrypted-media; gyroscope; picture-in-picture; web-share\" referrerpolicy=\"strict-origin-when-cross-origin\" allowfullscreen><\/iframe> <\/div><figcaption class=\"wp-element-caption\">V\u00eddeo de funcionamiento de la m\u00e1quina de prensa de aceite de tornillo<\/figcaption><\/figure>    <h2 class=\"wp-block-heading\">Ventajas de la m\u00e1quina de extracci\u00f3n de aceite de cacahuete<\/h2>    <ul class=\"wp-block-list\"> <li>Peque\u00f1a huella: solo 10-20 metros cuadrados, adecuada para varios sitios.<\/li>    <li>Sistema de prensado de alta eficiencia: el dise\u00f1o optimizado de la c\u00e1mara de prensado aumenta la presi\u00f3n interna y mejora enormemente la eficiencia del prensado de aceite.<\/li>    <li>Amplia gama de materias primas aplicables: se pueden procesar m\u00e1s de 20 tipos de materias primas oleaginosas para satisfacer diversas necesidades de producci\u00f3n.<\/li>    <li>Fuerte capacidad de procesamiento: puede procesar 500 kilogramos de materias primas por hora, y es f\u00e1cil de operar, solo una persona puede completar la producci\u00f3n.<\/li>    <li>Estructura robusta y duradera: todo el extractor de aceite de cacahuete est\u00e1 hecho de acero al carbono de alta calidad, resistente al desgaste y duradero, soportando un funcionamiento continuo a largo plazo.<\/li>    <li>Alto rendimiento de aceite: el rendimiento de aceite puede alcanzar aproximadamente el 50%, la tasa de aceite residual del pastel seco es inferior al 8%, y la tasa de utilizaci\u00f3n del aceite es alta.<\/li> <\/ul>    <figure class=\"wp-block-gallery has-nested-images columns-default is-cropped wp-block-gallery-2 is-layout-flex wp-block-gallery-is-layout-flex\"> <figure class=\"wp-block-image size-large\"><img loading=\"lazy\" decoding=\"async\" width=\"720\" height=\"540\" data-id=\"593\" src=\"https:\/\/www.peanuts-machine.com\/wp-content\/uploads\/2022\/08\/screw-oil-press-machine.webp\" alt=\"m\u00e1quina de prensa de aceite de tornillo\" class=\"wp-image-593\" title=\"\" srcset=\"https:\/\/www.peanuts-machine.com\/wp-content\/uploads\/2022\/08\/screw-oil-press-machine.webp 720w, https:\/\/www.peanuts-machine.com\/wp-content\/uploads\/2022\/08\/screw-oil-press-machine-300x225.webp 300w, https:\/\/www.peanuts-machine.com\/wp-content\/uploads\/2022\/08\/screw-oil-press-machine-16x12.webp 16w\" sizes=\"auto, (max-width: 720px) 100vw, 720px\" \/><figcaption class=\"wp-element-caption\">m\u00e1quina de prensa de aceite de tornillo<\/figcaption><\/figure>    <figure class=\"wp-block-image size-large\"><img loading=\"lazy\" decoding=\"async\" width=\"720\" height=\"540\" data-id=\"592\" src=\"https:\/\/www.peanuts-machine.com\/wp-content\/uploads\/2022\/08\/oil-expeller-machine.webp\" alt=\"m\u00e1quina expulsora de aceite\" class=\"wp-image-592\" title=\"\" srcset=\"https:\/\/www.peanuts-machine.com\/wp-content\/uploads\/2022\/08\/oil-expeller-machine.webp 720w, https:\/\/www.peanuts-machine.com\/wp-content\/uploads\/2022\/08\/oil-expeller-machine-300x225.webp 300w, https:\/\/www.peanuts-machine.com\/wp-content\/uploads\/2022\/08\/oil-expeller-machine-16x12.webp 16w\" sizes=\"auto, (max-width: 720px) 100vw, 720px\" \/><figcaption class=\"wp-element-caption\">m\u00e1quina expulsora de aceite<\/figcaption><\/figure> <\/figure>    <h2 class=\"wp-block-heading\">Rango de aplicaci\u00f3n de la m\u00e1quina de prensa de aceite de tornillo<\/h2>    <p>Esta m\u00e1quina extractora de aceite de cacahuete es adecuada para una amplia gama de semillas oleaginosas y frutos secos de origen vegetal, incluyendo, pero no limitado a: semilla de mostaza, semilla de girasol, semilla de colza, soja, semilla de ricino, nuez de karit\u00e9, coco o copra, semilla de neem, semilla de algod\u00f3n, semilla de jatrofa, germen de ma\u00edz, semilla de lino, n\u00facleo de palma, cacahuete, semilla de s\u00e9samo, y as\u00ed sucesivamente.<\/p>    <p>Si no est\u00e1 seguro de si sus materias primas son adecuadas, no dude en ponerse en contacto con nosotros. Podemos ofrecerle un servicio de prueba de materias primas gratuito para ayudarle a evaluar el efecto de producci\u00f3n de aceite.<\/p>    <figure class=\"wp-block-gallery has-nested-images columns-default is-cropped wp-block-gallery-3 is-layout-flex wp-block-gallery-is-layout-flex\"> <figure class=\"wp-block-image size-large\"><img loading=\"lazy\" decoding=\"async\" width=\"720\" height=\"540\" data-id=\"117\" src=\"https:\/\/www.peanuts-machine.com\/wp-content\/uploads\/2022\/08\/application-range-of-peanut-oil-press.webp\" alt=\"rango de aplicaci\u00f3n de la prensa de aceite de man\u00ed\" class=\"wp-image-117\" title=\"\" srcset=\"https:\/\/www.peanuts-machine.com\/wp-content\/uploads\/2022\/08\/application-range-of-peanut-oil-press.webp 720w, https:\/\/www.peanuts-machine.com\/wp-content\/uploads\/2022\/08\/application-range-of-peanut-oil-press-300x225.webp 300w\" sizes=\"auto, (max-width: 720px) 100vw, 720px\" \/><figcaption class=\"wp-element-caption\">rango de aplicaci\u00f3n de la prensa de aceite de man\u00ed<\/figcaption><\/figure>    <figure class=\"wp-block-image size-large\"><img loading=\"lazy\" decoding=\"async\" width=\"720\" height=\"540\" data-id=\"590\" src=\"https:\/\/www.peanuts-machine.com\/wp-content\/uploads\/2022\/08\/oil-press-applications.webp\" alt=\"aplicaciones de prensa de aceite\" class=\"wp-image-590\" title=\"\" srcset=\"https:\/\/www.peanuts-machine.com\/wp-content\/uploads\/2022\/08\/oil-press-applications.webp 720w, https:\/\/www.peanuts-machine.com\/wp-content\/uploads\/2022\/08\/oil-press-applications-300x225.webp 300w, https:\/\/www.peanuts-machine.com\/wp-content\/uploads\/2022\/08\/oil-press-applications-16x12.webp 16w\" sizes=\"auto, (max-width: 720px) 100vw, 720px\" \/><figcaption class=\"wp-element-caption\">aplicaciones de prensa de aceite<\/figcaption><\/figure> <\/figure>    <h2 class=\"wp-block-heading\" id=\"h-how-to-extract-oil-from-groundnut-seed\">Estructura y principio de funcionamiento del extractor de aceite de tornillo<\/h2>    <p>El extractor de aceite de cacahuete consiste principalmente en una caja de control autom\u00e1tico, una parte de calentamiento y prensado, un dispositivo de ajuste, una parte rotativa y un sistema de filtraci\u00f3n al vac\u00edo. Todas las partes trabajan juntas para realizar el proceso de prensado de aceite totalmente autom\u00e1tico y eficiente, desde la alimentaci\u00f3n de materia prima, el calentamiento y prensado hasta la filtraci\u00f3n de grasa.<\/p>    <figure class=\"wp-block-gallery has-nested-images columns-default is-cropped wp-block-gallery-4 is-layout-flex wp-block-gallery-is-layout-flex\"> <figure class=\"wp-block-image size-large\"><img loading=\"lazy\" decoding=\"async\" width=\"720\" height=\"540\" data-id=\"119\" src=\"https:\/\/www.peanuts-machine.com\/wp-content\/uploads\/2022\/08\/groundnut-oil-extractor.webp\" alt=\"extractor de aceite de man\u00ed\" class=\"wp-image-119\" title=\"\" srcset=\"https:\/\/www.peanuts-machine.com\/wp-content\/uploads\/2022\/08\/groundnut-oil-extractor.webp 720w, https:\/\/www.peanuts-machine.com\/wp-content\/uploads\/2022\/08\/groundnut-oil-extractor-300x225.webp 300w\" sizes=\"auto, (max-width: 720px) 100vw, 720px\" \/><figcaption class=\"wp-element-caption\">extractor de aceite de man\u00ed<\/figcaption><\/figure>    <figure class=\"wp-block-image size-large\"><img loading=\"lazy\" decoding=\"async\" width=\"720\" height=\"540\" data-id=\"120\" src=\"https:\/\/www.peanuts-machine.com\/wp-content\/uploads\/2022\/08\/internal-screw.webp\" alt=\"tornillo interno\" class=\"wp-image-120\" title=\"\" srcset=\"https:\/\/www.peanuts-machine.com\/wp-content\/uploads\/2022\/08\/internal-screw.webp 720w, https:\/\/www.peanuts-machine.com\/wp-content\/uploads\/2022\/08\/internal-screw-300x225.webp 300w\" sizes=\"auto, (max-width: 720px) 100vw, 720px\" \/><figcaption class=\"wp-element-caption\">tornillo interno<\/figcaption><\/figure> <\/figure>   <div class=\"wp-block-image\"> <figure class=\"aligncenter size-full\"><img loading=\"lazy\" decoding=\"async\" width=\"710\" height=\"512\" src=\"https:\/\/www.peanuts-machine.com\/wp-content\/uploads\/2022\/08\/automatic-oil-expeller-machine-structure.webp\" alt=\"Estructura autom\u00e1tica de la m\u00e1quina expulsora de aceite.\" class=\"wp-image-118\" title=\"\" srcset=\"https:\/\/www.peanuts-machine.com\/wp-content\/uploads\/2022\/08\/automatic-oil-expeller-machine-structure.webp 710w, https:\/\/www.peanuts-machine.com\/wp-content\/uploads\/2022\/08\/automatic-oil-expeller-machine-structure-300x216.webp 300w\" sizes=\"auto, (max-width: 710px) 100vw, 710px\" \/><figcaption class=\"wp-element-caption\">Estructura autom\u00e1tica de la m\u00e1quina expulsora de aceite.<\/figcaption><\/figure> <\/div>   <ol class=\"wp-block-list\"> <li>Pretratamiento de materia prima: seg\u00fan el contenido de aceite y las propiedades f\u00edsicas de las semillas oleaginosas, generalmente es necesario pasar por pasos de pretratamiento como limpieza, secado, trituraci\u00f3n, laminado de embri\u00f3n, vapor y acondicionamiento.<\/li>    <li>Alimentaci\u00f3n: el n\u00facleo de cacahuete y otras materias primas pretratadas se vierten en la tolva.<\/li>    <li>Propulsi\u00f3n y presurizaci\u00f3n por tornillo: impulsado por el eje del tornillo, el material avanza; a medida que el espacio en la c\u00e1mara de prensado se reduce gradualmente, la densidad del material aumenta y la presi\u00f3n interna se eleva.<\/li>    <li>Precipitaci\u00f3n de aceite y grasa: bajo el efecto de alta temperatura y presi\u00f3n, y el calor por fricci\u00f3n, se destruye la estructura celular del material aceitoso y se liberan el aceite y la grasa.<\/li>    <li>Filtraci\u00f3n al vac\u00edo: el aceite extra\u00eddo pasa a trav\u00e9s del sistema de filtraci\u00f3n al vac\u00edo para eliminar los residuos y las impurezas y obtener el aceite comestible puro.<\/li>    <li>Recolecci\u00f3n del producto terminado: el aceite comestible filtrado se puede recolectar y utilizar.<\/li> <\/ol>    <figure class=\"wp-block-embed aligncenter is-type-video is-provider-youtube wp-block-embed-youtube wp-embed-aspect-16-9 wp-has-aspect-ratio\"><div class=\"wp-block-embed__wrapper\"> <iframe loading=\"lazy\" title=\"\u00a1Hacer aceite de man\u00ed con nuestra m\u00e1quina prensadora de aceite de alta calidad! 1TP5M\u00e1quina prensadora de aceite\" width=\"500\" height=\"281\" src=\"https:\/\/www.youtube.com\/embed\/AAq6nmmhjEE?feature=oembed\" frameborder=\"0\" allow=\"accelerometer; autoplay; clipboard-write; encrypted-media; gyroscope; picture-in-picture; web-share\" referrerpolicy=\"strict-origin-when-cross-origin\" allowfullscreen><\/iframe> <\/div><figcaption class=\"wp-element-caption\">Video de trabajo de la m\u00e1quina extractora de aceite de man\u00ed.<\/figcaption><\/figure>    <h2 class=\"wp-block-heading\" id=\"h-parameters-of-the-groundnut-oil-extractor\">Par\u00e1metros de la m\u00e1quina extractora de aceite de cacahuete<\/h2>    <figure class=\"wp-block-table is-style-stripes\"><table><tbody><tr><td>Modelo<\/td><td>TZ-60<\/td><td>TZ-70<\/td><td>TZ-80<\/td><td>TZ-180<\/td><td>TZ-125<\/td><\/tr><tr><td>Di\u00e1metro de prensa<\/td><td>55mm<\/td><td>65mm<\/td><td>80mm<\/td><td>100mm<\/td><td>125mm<\/td><\/tr><tr><td>Velocidad de prensa<\/td><td>64 rpm<\/td><td>38 rpm<\/td><td>35 rpm<\/td><td>37 rpm<\/td><td>34 rpm<\/td><\/tr><tr><td>Motor<\/td><td>202kw<\/td><td>3kW<\/td><td>4kW<\/td><td>7,5 kw<\/td><td>15kW<\/td><\/tr><tr><td>Bomba aspiradora<\/td><td>0,75 kw<\/td><td>0,75 kw<\/td><td>0,55 kw<\/td><td>0,75 kw<\/td><td>0,75 kw<\/td><\/tr><tr><td>Poder de calefacci\u00f3n<\/td><td>0,5 kw<\/td><td>1,1 kw<\/td><td>2,2 kw<\/td><td>3kW<\/td><td>3,75 kw<\/td><\/tr><tr><td>Capacidad<\/td><td>40-60kg\/hora<\/td><td>50-70kg\/hora<\/td><td>80-120kg\/hora<\/td><td>150-230kg\/hora<\/td><td>300-350kg\/hora<\/td><\/tr><tr><td>Peso<\/td><td>240 kilos<\/td><td>280 kilos<\/td><td>850 kilos<\/td><td>1100kg<\/td><td>1400 kilos<\/td><\/tr><tr><td>Tama\u00f1o<\/td><td>1,2*0,48*1,1 m<\/td><td>1,4*0,5*1,2 m<\/td><td>1,7*0,11*1,6 m<\/td><td>1,9*1,2*1,3 m<\/td><td>2,6*1,3*2,3 m<\/td><\/tr><\/tbody><\/table><figcaption class=\"wp-element-caption\">Datos t\u00e9cnicos de la m\u00e1quina extractora de aceite de man\u00ed.<\/figcaption><\/figure>    <h2 class=\"wp-block-heading\" id=\"h-which-groundnut-is-best-for-oil-extraction\">\u00bfQu\u00e9 man\u00ed es mejor para la extracci\u00f3n de aceite?<\/h2>    <ol class=\"wp-block-list\"> <li>Considere el tama\u00f1o del grano de cacahuete. Si el grano de cacahuete es demasiado grande, no cabr\u00e1 por la abertura de alimentaci\u00f3n de las m\u00e1quinas de prensado de aceite m\u00e1s peque\u00f1as. Por el contrario, si el grano es demasiado peque\u00f1o, la velocidad de salida ser\u00e1 demasiado alta, lo que puede obstaculizar el rendimiento del aceite.<\/li>    <li>Verifica si el grano de cacahuete est\u00e1 fresco. Es esencial que los cacahuetes utilizados para la extracci\u00f3n de aceite no est\u00e9n mohosos, ya que los granos mohosos contienen aflatoxina, un potente carcin\u00f3geno. <\/li>    <li>Examina la variedad de granos de man\u00ed. Hay varios tipos de man\u00ed, incluidos el man\u00ed com\u00fan, el man\u00ed perla, el man\u00ed multigrano y el man\u00ed drag\u00f3n. El tipo ordinario es el m\u00e1s adecuado para la extracci\u00f3n de petr\u00f3leo y cuenta con un contenido de aceite de 52-54%.<\/li> <\/ol>    <figure class=\"wp-block-gallery has-nested-images columns-default is-cropped wp-block-gallery-5 is-layout-flex wp-block-gallery-is-layout-flex\"> <figure class=\"wp-block-image size-large\"><img loading=\"lazy\" decoding=\"async\" width=\"720\" height=\"540\" data-id=\"595\" src=\"https:\/\/www.peanuts-machine.com\/wp-content\/uploads\/2022\/08\/seed-oil-extraction-machines.webp\" alt=\"m\u00e1quinas de extracci\u00f3n de aceite de semillas\" class=\"wp-image-595\" title=\"\" srcset=\"https:\/\/www.peanuts-machine.com\/wp-content\/uploads\/2022\/08\/seed-oil-extraction-machines.webp 720w, https:\/\/www.peanuts-machine.com\/wp-content\/uploads\/2022\/08\/seed-oil-extraction-machines-300x225.webp 300w, https:\/\/www.peanuts-machine.com\/wp-content\/uploads\/2022\/08\/seed-oil-extraction-machines-16x12.webp 16w\" sizes=\"auto, (max-width: 720px) 100vw, 720px\" \/><figcaption class=\"wp-element-caption\">m\u00e1quinas de extracci\u00f3n de aceite de semillas<\/figcaption><\/figure>    <figure class=\"wp-block-image size-large\"><img loading=\"lazy\" decoding=\"async\" width=\"720\" height=\"540\" data-id=\"594\" src=\"https:\/\/www.peanuts-machine.com\/wp-content\/uploads\/2022\/08\/oil-mill-machinery.webp\" alt=\"maquinaria de molino de aceite\" class=\"wp-image-594\" title=\"\" srcset=\"https:\/\/www.peanuts-machine.com\/wp-content\/uploads\/2022\/08\/oil-mill-machinery.webp 720w, https:\/\/www.peanuts-machine.com\/wp-content\/uploads\/2022\/08\/oil-mill-machinery-300x225.webp 300w, https:\/\/www.peanuts-machine.com\/wp-content\/uploads\/2022\/08\/oil-mill-machinery-16x12.webp 16w\" sizes=\"auto, (max-width: 720px) 100vw, 720px\" \/><figcaption class=\"wp-element-caption\">maquinaria de molino de aceite<\/figcaption><\/figure> <\/figure>    <h2 class=\"wp-block-heading\" id=\"h-how-to-start-groundnut-oil-extraction-business\">\u00bfC\u00f3mo iniciar un negocio de extracci\u00f3n de aceite de man\u00ed?<\/h2>    <ol class=\"wp-block-list\"> <li>Realiza un an\u00e1lisis de mercado exhaustivo. Es esencial determinar si se cultivan cacahuetes en la zona, evaluar la calidad de los cacahuetes, entender la demanda local de aceite de cacahuete y evaluar los niveles de ingresos de la poblaci\u00f3n.<\/li>    <li>Seleccione una ubicaci\u00f3n adecuada para establecer un <a href=\"https:\/\/en.wikipedia.org\/wiki\/Peanut_oil\" target=\"_blank\" rel=\"noopener\">aceite de cacahuete<\/a> negocio de extracci\u00f3n. Despu\u00e9s de eso, obtenga la licencia comercial necesaria del departamento gubernamental correspondiente.<\/li>    <li>Compre equipos para m\u00e1quinas procesadoras de aceite de man\u00ed. Si desea iniciar una f\u00e1brica de prensa de aceite de man\u00ed, entonces una prensa de aceite de man\u00ed no es suficiente. Tu necesitas un <a href=\"https:\/\/www.peanuts-machine.com\/es\/product\/groundnut-sheller\/\">m\u00e1quina descascaradora de man\u00ed<\/a>, <a href=\"https:\/\/www.peanuts-machine.com\/es\/product\/peanut-peeling-machine\/\">peladora de man\u00ed<\/a>, extractor de aceite de man\u00ed, <a href=\"https:\/\/www.peanuts-machine.com\/es\/product\/peanut-butter-filling-machine\/\">m\u00e1quina llenadora de man\u00ed<\/a>y otros equipos relacionados<\/li>    <li>Comercialice su aceite de man\u00ed. Finalmente, necesita encontrar canales de venta para vender su aceite de man\u00ed.<\/li> <\/ol>    <figure class=\"wp-block-gallery has-nested-images columns-default is-cropped wp-block-gallery-6 is-layout-flex wp-block-gallery-is-layout-flex\"> <figure class=\"wp-block-image size-large\"><img loading=\"lazy\" decoding=\"async\" width=\"720\" height=\"540\" data-id=\"596\" src=\"https:\/\/www.peanuts-machine.com\/wp-content\/uploads\/2022\/08\/oil-pressing-equipment.webp\" alt=\"equipo de prensado de aceite\" class=\"wp-image-596\" title=\"\" srcset=\"https:\/\/www.peanuts-machine.com\/wp-content\/uploads\/2022\/08\/oil-pressing-equipment.webp 720w, https:\/\/www.peanuts-machine.com\/wp-content\/uploads\/2022\/08\/oil-pressing-equipment-300x225.webp 300w, https:\/\/www.peanuts-machine.com\/wp-content\/uploads\/2022\/08\/oil-pressing-equipment-16x12.webp 16w\" sizes=\"auto, (max-width: 720px) 100vw, 720px\" \/><figcaption class=\"wp-element-caption\">equipo de prensado de aceite<\/figcaption><\/figure>    <figure class=\"wp-block-image size-large\"><img loading=\"lazy\" decoding=\"async\" width=\"720\" height=\"540\" data-id=\"122\" src=\"https:\/\/www.peanuts-machine.com\/wp-content\/uploads\/2022\/08\/pictures-of-the-production-of-peanut-oil-press.webp\" alt=\"producci\u00f3n de prensa de aceite de man\u00ed\" class=\"wp-image-122\" title=\"\" srcset=\"https:\/\/www.peanuts-machine.com\/wp-content\/uploads\/2022\/08\/pictures-of-the-production-of-peanut-oil-press.webp 720w, https:\/\/www.peanuts-machine.com\/wp-content\/uploads\/2022\/08\/pictures-of-the-production-of-peanut-oil-press-300x225.webp 300w\" sizes=\"auto, (max-width: 720px) 100vw, 720px\" \/><figcaption class=\"wp-element-caption\">producci\u00f3n de prensa de aceite de man\u00ed<\/figcaption><\/figure> <\/figure>    <p>Damos la bienvenida a consultas en ingl\u00e9s, franc\u00e9s, \u00e1rabe, espa\u00f1ol, ruso y muchos otros idiomas. Nuestro equipo profesional le responder\u00e1 dentro de un d\u00eda h\u00e1bil. Si est\u00e1 interesado en nuestra m\u00e1quina extractora de aceite de cacahuete, \u00a1no dude en ponerse en contacto con nosotros!<\/p>","protected":false},"excerpt":{"rendered":"<p>El extractor de aceite de cacahuete de tornillo tiene las ventajas de un peque\u00f1o espacio, alto rendimiento de aceite y es adecuado para procesar una variedad de aceites. Se utiliza ampliamente en talleres familiares y peque\u00f1os sitios de procesamiento de aceite.<\/p>","protected":false},"author":1,"featured_media":121,"parent":0,"template":"","tags":[37,42,36,40],"product-type":[54,46],"class_list":["post-115","product","type-product","status-publish","has-post-thumbnail","hentry","tag-groundnut","tag-groundnut-oil","tag-peanut","tag-peanut-oil","product-type-other-peanut-related-machine","product-type-products"],"_links":{"self":[{"href":"https:\/\/www.peanuts-machine.com\/es\/wp-json\/wp\/v2\/product\/115","targetHints":{"allow":["GET"]}}],"collection":[{"href":"https:\/\/www.peanuts-machine.com\/es\/wp-json\/wp\/v2\/product"}],"about":[{"href":"https:\/\/www.peanuts-machine.com\/es\/wp-json\/wp\/v2\/types\/product"}],"author":[{"embeddable":true,"href":"https:\/\/www.peanuts-machine.com\/es\/wp-json\/wp\/v2\/users\/1"}],"wp:featuredmedia":[{"embeddable":true,"href":"https:\/\/www.peanuts-machine.com\/es\/wp-json\/wp\/v2\/media\/121"}],"wp:attachment":[{"href":"https:\/\/www.peanuts-machine.com\/es\/wp-json\/wp\/v2\/media?parent=115"}],"wp:term":[{"taxonomy":"post_tag","embeddable":true,"href":"https:\/\/www.peanuts-machine.com\/es\/wp-json\/wp\/v2\/tags?post=115"},{"taxonomy":"product-type","embeddable":true,"href":"https:\/\/www.peanuts-machine.com\/es\/wp-json\/wp\/v2\/product-type?post=115"}],"curies":[{"name":"wp","href":"https:\/\/api.w.org\/{rel}","templated":true}]}}