{"id":1196,"date":"2026-02-05T17:18:13","date_gmt":"2026-02-05T09:18:13","guid":{"rendered":"https:\/\/www.peanuts-machine.com\/?post_type=product&#038;p=1196"},"modified":"2026-02-05T17:32:39","modified_gmt":"2026-02-05T09:32:39","slug":"weighing-packaging-machine","status":"publish","type":"product","link":"https:\/\/www.peanuts-machine.com\/es\/product\/weighing-packaging-machine\/","title":{"rendered":"M\u00e1quina de envasado con pesaje de 10 cabezales | M\u00e1quina de embalaje con pesador"},"content":{"rendered":"<div class=\"kk-star-ratings kksr-auto kksr-align-left kksr-valign-top\"     data-payload='{&quot;align&quot;:&quot;left&quot;,&quot;id&quot;:&quot;1196&quot;,&quot;slug&quot;:&quot;default&quot;,&quot;valign&quot;:&quot;top&quot;,&quot;ignore&quot;:&quot;&quot;,&quot;reference&quot;:&quot;auto&quot;,&quot;class&quot;:&quot;&quot;,&quot;count&quot;:&quot;6&quot;,&quot;legendonly&quot;:&quot;&quot;,&quot;readonly&quot;:&quot;&quot;,&quot;score&quot;:&quot;4.5&quot;,&quot;starsonly&quot;:&quot;&quot;,&quot;best&quot;:&quot;5&quot;,&quot;gap&quot;:&quot;5&quot;,&quot;greet&quot;:&quot;Rate this product&quot;,&quot;legend&quot;:&quot;4.5\\\/5 - (6 votos)&quot;,&quot;size&quot;:&quot;24&quot;,&quot;title&quot;:&quot;10 Heads Weighing Packaging Machine | Weigher Packing Machine&quot;,&quot;width&quot;:&quot;128&quot;,&quot;_legend&quot;:&quot;{score}\\\/{best} - ({count} {votes})&quot;,&quot;font_factor&quot;:&quot;1.25&quot;}'>              <div class=\"kksr-stars\">      <div class=\"kksr-stars-inactive\">             <div class=\"kksr-star\" data-star=\"1\" style=\"padding-right: 5px\">               <div class=\"kksr-icon\" style=\"width: 24px; height: 24px;\"><\/div>         <\/div>             <div class=\"kksr-star\" data-star=\"2\" style=\"padding-right: 5px\">               <div class=\"kksr-icon\" style=\"width: 24px; height: 24px;\"><\/div>         <\/div>             <div class=\"kksr-star\" data-star=\"3\" style=\"padding-right: 5px\">               <div class=\"kksr-icon\" style=\"width: 24px; height: 24px;\"><\/div>         <\/div>             <div class=\"kksr-star\" data-star=\"4\" style=\"padding-right: 5px\">               <div class=\"kksr-icon\" style=\"width: 24px; height: 24px;\"><\/div>         <\/div>             <div class=\"kksr-star\" data-star=\"5\" style=\"padding-right: 5px\">               <div class=\"kksr-icon\" style=\"width: 24px; height: 24px;\"><\/div>         <\/div>     <\/div>      <div class=\"kksr-stars-active\" style=\"width: 128px;\">             <div class=\"kksr-star\" style=\"padding-right: 5px\">               <div class=\"kksr-icon\" style=\"width: 24px; height: 24px;\"><\/div>         <\/div>             <div class=\"kksr-star\" style=\"padding-right: 5px\">               <div class=\"kksr-icon\" style=\"width: 24px; height: 24px;\"><\/div>         <\/div>             <div class=\"kksr-star\" style=\"padding-right: 5px\">               <div class=\"kksr-icon\" style=\"width: 24px; height: 24px;\"><\/div>         <\/div>             <div class=\"kksr-star\" style=\"padding-right: 5px\">               <div class=\"kksr-icon\" style=\"width: 24px; height: 24px;\"><\/div>         <\/div>             <div class=\"kksr-star\" style=\"padding-right: 5px\">               <div class=\"kksr-icon\" style=\"width: 24px; height: 24px;\"><\/div>         <\/div>     <\/div> <\/div>                   <div class=\"kksr-legend\" style=\"font-size: 19.2px;\">             4.5\/5 - (6 votos)    <\/div>     <\/div>  <p>La m\u00e1quina de envasado con pesadora de 10 cabezales est\u00e1 dise\u00f1ada espec\u00edficamente para materiales granulares, en polvo y de bloques grandes. Esta m\u00e1quina integra una balanza electr\u00f3nica de combinaci\u00f3n de diez cabezales con una m\u00e1quina de envasado vertical, logrando operaciones completamente automatizadas desde la pesaje, llenado, formaci\u00f3n de bolsas, sellado y corte, hasta la transferencia del producto.<\/p>    <p>Equipada con un sistema de control programable PLC y una interfaz de pantalla t\u00e1ctil grande, la m\u00e1quina alcanza velocidades de envasado de hasta 50 bolsas por minuto. Utilizando control servo y balanzas electr\u00f3nicas de alta precisi\u00f3n, ofrece una exactitud dentro de \u00b11%. Esto garantiza un embalaje est\u00e9ticamente agradable y dimensionalmente preciso, adapt\u00e1ndose a diversos materiales y formatos de embalaje.<\/p>    <figure class=\"wp-block-embed aligncenter is-type-video is-provider-youtube wp-block-embed-youtube wp-embed-aspect-16-9 wp-has-aspect-ratio\"><div class=\"wp-block-embed__wrapper\"> <iframe loading=\"lazy\" title=\"M\u00e1quina de envasado con pesadora de 10 cabezales | Envasado autom\u00e1tico de alta velocidad y precisi\u00f3n#envasado #m\u00e1quina de envasado\" width=\"500\" height=\"281\" src=\"https:\/\/www.youtube.com\/embed\/ZyrYHaxCDSs?feature=oembed\" frameborder=\"0\" allow=\"accelerometer; autoplay; clipboard-write; encrypted-media; gyroscope; picture-in-picture; web-share\" referrerpolicy=\"strict-origin-when-cross-origin\" allowfullscreen><\/iframe> <\/div><figcaption class=\"wp-element-caption\">Video de funcionamiento de la m\u00e1quina de envasado con pesadora autom\u00e1tica<\/figcaption><\/figure>    <h2 class=\"wp-block-heading\">Aplicaciones de la m\u00e1quina de envasado con pesadora<\/h2>    <ul class=\"wp-block-list\"> <li><strong>Industria alimentaria:<\/strong> Pesaje y envasado autom\u00e1ticos de snacks como aperitivos inflados (por ejemplo, patatas fritas, galletas de arroz, palitos de camar\u00f3n), frutos secos con c\u00e1scara grande (nueces, pistachos), caramelos, semillas de mel\u00f3n, galletas peque\u00f1as, chips de fruta\/verdura, chocolate, ciruelas en conserva, frutos secos tostados y gelatinas.<\/li>    <li><strong>Industria no alimentaria:<\/strong> Envasado cuantitativo de materiales granulares, en bloques y en tiras para alimentos para mascotas y peque\u00f1os componentes de ferreter\u00eda.<\/li>    <li><strong>Materiales en polvo y l\u00edquidos:<\/strong> Adecuado para materiales en polvo y pasta l\u00edquida (por ejemplo, leche en polvo, polvo de soja).<\/li> <\/ul>    <figure class=\"wp-block-gallery has-nested-images columns-default is-cropped wp-block-gallery-2 is-layout-flex wp-block-gallery-is-layout-flex\"> <figure class=\"wp-block-image size-large\"><img loading=\"lazy\" decoding=\"async\" width=\"720\" height=\"540\" data-id=\"1202\" src=\"https:\/\/www.peanuts-machine.com\/wp-content\/uploads\/2026\/02\/machine-applicable-materials.webp\" alt=\"Materiales aplicables a la m\u00e1quina\" class=\"wp-image-1202\" title=\"\" srcset=\"https:\/\/www.peanuts-machine.com\/wp-content\/uploads\/2026\/02\/machine-applicable-materials.webp 720w, https:\/\/www.peanuts-machine.com\/wp-content\/uploads\/2026\/02\/machine-applicable-materials-300x225.webp 300w, https:\/\/www.peanuts-machine.com\/wp-content\/uploads\/2026\/02\/machine-applicable-materials-16x12.webp 16w\" sizes=\"auto, (max-width: 720px) 100vw, 720px\" \/><figcaption class=\"wp-element-caption\">Materiales aplicables a la m\u00e1quina<\/figcaption><\/figure>    <figure class=\"wp-block-image size-large\"><img loading=\"lazy\" decoding=\"async\" width=\"720\" height=\"540\" data-id=\"1203\" src=\"https:\/\/www.peanuts-machine.com\/wp-content\/uploads\/2026\/02\/packing-machine-applications.webp\" alt=\"Aplicaciones de la m\u00e1quina de envasado\" class=\"wp-image-1203\" title=\"\" srcset=\"https:\/\/www.peanuts-machine.com\/wp-content\/uploads\/2026\/02\/packing-machine-applications.webp 720w, https:\/\/www.peanuts-machine.com\/wp-content\/uploads\/2026\/02\/packing-machine-applications-300x225.webp 300w, https:\/\/www.peanuts-machine.com\/wp-content\/uploads\/2026\/02\/packing-machine-applications-16x12.webp 16w\" sizes=\"auto, (max-width: 720px) 100vw, 720px\" \/><figcaption class=\"wp-element-caption\">Aplicaciones de la m\u00e1quina de envasado<\/figcaption><\/figure> <\/figure>    <h2 class=\"wp-block-heading\">Caracter\u00edsticas de la m\u00e1quina de llenado con pesadora multicaudal<\/h2>    <ul class=\"wp-block-list\"> <li>Alta precisi\u00f3n y eficiencia: cada uno de los diez cabezales en la balanza de combinaci\u00f3n electr\u00f3nica detecta los materiales de forma independiente, combin\u00e1ndolos autom\u00e1ticamente para lograr la proporci\u00f3n m\u00e1s cercana posible al peso objetivo. La precisi\u00f3n alcanza \u00b11%, con velocidades de envasado de 5 a 50 bolsas por minuto.<\/li>    <li>Integraci\u00f3n totalmente automatizada: realiza autom\u00e1ticamente operaciones de elevaci\u00f3n del tolva, pesaje, formaci\u00f3n de bolsas, llenado, sellado\/corte y codificaci\u00f3n, reduciendo la intervenci\u00f3n manual y los errores.<\/li>    <li>Operaci\u00f3n sencilla: cuenta con una pantalla t\u00e1ctil a color de gran tama\u00f1o con interfaces en tres idiomas para una configuraci\u00f3n r\u00e1pida de la longitud del envasado, velocidad y m\u00e9todos de corte. Los ajustes de desviaci\u00f3n no requieren herramientas.<\/li>    <li>Alta estabilidad e higiene: construida completamente en acero inoxidable para limpieza e higiene. Los mecanismos cerrados previenen eficazmente la entrada de polvo. Los circuitos neum\u00e1ticos y el\u00e9ctricos independientes aseguran bajo ruido y rendimiento el\u00e9ctrico estable.<\/li>    <li>Alta flexibilidad: configurable con elevadores en Z, corte de bolsas simple\/continuo y dispositivos de perforaci\u00f3n para materiales fr\u00e1giles y no fr\u00e1giles.<\/li> <\/ul>    <figure class=\"wp-block-gallery has-nested-images columns-default is-cropped wp-block-gallery-3 is-layout-flex wp-block-gallery-is-layout-flex\"> <figure class=\"wp-block-image size-large\"><img loading=\"lazy\" decoding=\"async\" width=\"540\" height=\"720\" data-id=\"1206\" src=\"https:\/\/www.peanuts-machine.com\/wp-content\/uploads\/2026\/02\/packing-machine-for-food.webp\" alt=\"m\u00e1quina de envasado para alimentos\" class=\"wp-image-1206\" title=\"\" srcset=\"https:\/\/www.peanuts-machine.com\/wp-content\/uploads\/2026\/02\/packing-machine-for-food.webp 540w, https:\/\/www.peanuts-machine.com\/wp-content\/uploads\/2026\/02\/packing-machine-for-food-225x300.webp 225w, https:\/\/www.peanuts-machine.com\/wp-content\/uploads\/2026\/02\/packing-machine-for-food-9x12.webp 9w\" sizes=\"auto, (max-width: 540px) 100vw, 540px\" \/><figcaption class=\"wp-element-caption\">m\u00e1quina de envasado para alimentos<\/figcaption><\/figure>    <figure class=\"wp-block-image size-large\"><img loading=\"lazy\" decoding=\"async\" width=\"540\" height=\"720\" data-id=\"1204\" src=\"https:\/\/www.peanuts-machine.com\/wp-content\/uploads\/2026\/02\/10-head-weighing-packaging-machine.webp\" alt=\"M\u00e1quina de envasado con pesadora de 10 cabezales\" class=\"wp-image-1204\" title=\"\" srcset=\"https:\/\/www.peanuts-machine.com\/wp-content\/uploads\/2026\/02\/10-head-weighing-packaging-machine.webp 540w, https:\/\/www.peanuts-machine.com\/wp-content\/uploads\/2026\/02\/10-head-weighing-packaging-machine-225x300.webp 225w, https:\/\/www.peanuts-machine.com\/wp-content\/uploads\/2026\/02\/10-head-weighing-packaging-machine-9x12.webp 9w\" sizes=\"auto, (max-width: 540px) 100vw, 540px\" \/><figcaption class=\"wp-element-caption\">M\u00e1quina de envasado con pesadora de 10 cabezales<\/figcaption><\/figure>    <figure class=\"wp-block-image size-large\"><img loading=\"lazy\" decoding=\"async\" width=\"540\" height=\"720\" data-id=\"1205\" src=\"https:\/\/www.peanuts-machine.com\/wp-content\/uploads\/2026\/02\/multihead-weigher-packing-machine.webp\" alt=\"m\u00e1quina de envasado con pesadora multicaudal\" class=\"wp-image-1205\" title=\"\" srcset=\"https:\/\/www.peanuts-machine.com\/wp-content\/uploads\/2026\/02\/multihead-weigher-packing-machine.webp 540w, https:\/\/www.peanuts-machine.com\/wp-content\/uploads\/2026\/02\/multihead-weigher-packing-machine-225x300.webp 225w, https:\/\/www.peanuts-machine.com\/wp-content\/uploads\/2026\/02\/multihead-weigher-packing-machine-9x12.webp 9w\" sizes=\"auto, (max-width: 540px) 100vw, 540px\" \/><figcaption class=\"wp-element-caption\">m\u00e1quina de envasado con pesadora multicaudal<\/figcaption><\/figure> <\/figure>    <h2 class=\"wp-block-heading\">Especificaciones de la m\u00e1quina de envasado autom\u00e1tica de 10 cabezales<\/h2>    <figure class=\"wp-block-table is-style-stripes\"><table class=\"has-fixed-layout\"><tbody><tr><td><strong>Modelo<\/strong><\/td><td><strong>TH-720<\/strong><\/td><\/tr><tr><td>Longitud de la bolsa<\/td><td>100-500mm (L)<\/td><\/tr><tr><td>Ancho de la bolsa<\/td><td>180-350mm (An)<\/td><\/tr><tr><td>Ancho m\u00e1ximo de la pel\u00edcula enrollada<\/td><td>720mm<\/td><\/tr><tr><td>Velocidad de envasado<\/td><td>5-50 bolsas\/min<\/td><\/tr><tr><td>Rango de medici\u00f3n<\/td><td>6000ml (m\u00e1ximo)<\/td><\/tr><tr><td>Presi\u00f3n de aire<\/td><td>0.65 Mpa<\/td><\/tr><tr><td>Consumo de gas<\/td><td>0.4 m\u00b3\/min<\/td><\/tr><tr><td>Voltaje de alimentaci\u00f3n<\/td><td>220VAC\/50Hz<\/td><\/tr><tr><td>Fuerza<\/td><td>5Kw<\/td><\/tr><tr><td>Dimensiones (L\u00d7An\u00d7Al)<\/td><td>1780\u00d71350\u00d71950mm<\/td><\/tr><\/tbody><\/table><figcaption class=\"wp-element-caption\">Par\u00e1metros t\u00e9cnicos de la m\u00e1quina de envasado con pesadora autom\u00e1tica<\/figcaption><\/figure>    <h2 class=\"wp-block-heading\">Estructura y principio de funcionamiento de la m\u00e1quina<\/h2>    <h3 class=\"wp-block-heading\">Elevador de material en Z<\/h3>    <ul class=\"wp-block-list\"> <li>Cuenta con cubos de acero inoxidable 304 para una descarga uniforme del material, con bordes revestidos de goma para evitar atascos de part\u00edculas finas.<\/li>    <li>Equipada con un mecanismo de vibraci\u00f3n ajustable para garantizar un flujo suave del material hacia la caja de transferencia.<\/li>    <li>El armario el\u00e9ctrico independiente y el dise\u00f1o de enganche facilitan el mantenimiento y el ajuste de tensi\u00f3n de la cadena.<\/li> <\/ul>    <h3 class=\"wp-block-heading\">Pesadora electr\u00f3nica de 10 cabezales<\/h3>    <ul class=\"wp-block-list\"> <li>Cada cabezal cuenta con pesaje electr\u00f3nico independiente con sensores de precisi\u00f3n para monitoreo del material.<\/li>    <li>Capacidad m\u00e1xima: 6 kg. El vibrador ayuda a la descarga del material.<\/li>    <li>Equipada con una pantalla t\u00e1ctil PLC de 9.7 pulgadas que soporta interfaces de operaci\u00f3n en m\u00faltiples idiomas.<\/li> <\/ul>    <h3 class=\"wp-block-heading\">Rellenador vertical de bolsas<\/h3>    <ul class=\"wp-block-list\"> <li>Controlada por servo para una formaci\u00f3n y corte de bolsas de alta precisi\u00f3n<\/li>    <li>Velocidad de envasado ajustable, longitud de bolsa y temperatura del cortador; admite corte de bolsa simple o continua.<\/li>    <li>El diagn\u00f3stico de alarmas autom\u00e1ticas mejora la seguridad de la producci\u00f3n.<\/li> <\/ul>    <h3 class=\"wp-block-heading\">Plataforma de trabajo de la balanza electr\u00f3nica<\/h3>    <ul class=\"wp-block-list\"> <li>Barandillas antideslizantes en cuatro lados con cuatro patas removibles para mayor seguridad.<\/li>    <li>Proporciona soporte estable para facilitar la operaci\u00f3n y el mantenimiento.<\/li> <\/ul>    <h3 class=\"wp-block-heading\">Cinta transportadora de descarga<\/h3>    <ul class=\"wp-block-list\"> <li>Caracter\u00edsticas de velocidad de transmisi\u00f3n ajustable.<\/li>    <li>Construida en PVC con ruedas para facilitar la movilidad.<\/li> <\/ul>    <figure class=\"wp-block-gallery has-nested-images columns-default is-cropped wp-block-gallery-4 is-layout-flex wp-block-gallery-is-layout-flex\"> <figure class=\"wp-block-image size-large\"><img loading=\"lazy\" decoding=\"async\" width=\"720\" height=\"540\" data-id=\"1207\" src=\"https:\/\/www.peanuts-machine.com\/wp-content\/uploads\/2026\/02\/automatic-bagging-machine.webp\" alt=\"M\u00e1quina de envasado autom\u00e1tica\" class=\"wp-image-1207\" title=\"\" srcset=\"https:\/\/www.peanuts-machine.com\/wp-content\/uploads\/2026\/02\/automatic-bagging-machine.webp 720w, https:\/\/www.peanuts-machine.com\/wp-content\/uploads\/2026\/02\/automatic-bagging-machine-300x225.webp 300w, https:\/\/www.peanuts-machine.com\/wp-content\/uploads\/2026\/02\/automatic-bagging-machine-16x12.webp 16w\" sizes=\"auto, (max-width: 720px) 100vw, 720px\" \/><figcaption class=\"wp-element-caption\">M\u00e1quina de envasado autom\u00e1tica<\/figcaption><\/figure>    <figure class=\"wp-block-image size-large\"><img loading=\"lazy\" decoding=\"async\" width=\"720\" height=\"540\" data-id=\"1208\" src=\"https:\/\/www.peanuts-machine.com\/wp-content\/uploads\/2026\/02\/automatic-packing-equipment.webp\" alt=\"Equipo de envasado autom\u00e1tico\" class=\"wp-image-1208\" title=\"\" srcset=\"https:\/\/www.peanuts-machine.com\/wp-content\/uploads\/2026\/02\/automatic-packing-equipment.webp 720w, https:\/\/www.peanuts-machine.com\/wp-content\/uploads\/2026\/02\/automatic-packing-equipment-300x225.webp 300w, https:\/\/www.peanuts-machine.com\/wp-content\/uploads\/2026\/02\/automatic-packing-equipment-16x12.webp 16w\" sizes=\"auto, (max-width: 720px) 100vw, 720px\" \/><figcaption class=\"wp-element-caption\">M\u00e1quina de envasado con pesadora autom\u00e1tica<\/figcaption><\/figure> <\/figure>    <h3 class=\"wp-block-heading\">Flujo de trabajo<\/h3>    <ol class=\"wp-block-list\"> <li>Los materiales se transportan mediante un elevador en Z hasta la balanza electr\u00f3nica de diez cabezales. <\/li>    <li>Cada cabezal de pesaje funciona de forma independiente, combinando autom\u00e1ticamente la proporci\u00f3n m\u00e1s cercana al peso objetivo. <\/li>    <li>Luego, los materiales se liberan de los tolvas de pesaje en la m\u00e1quina de envasado vertical, donde se completa la formaci\u00f3n de la bolsa, llenado, sellado y descarga, logrando un envasado completamente automatizado.<\/li> <\/ol>    <h2 class=\"wp-block-heading\">Conclusi\u00f3n<\/h2>    <p class=\"translation-block\">Si las especificaciones de tu producto, los requisitos de capacidad de producci\u00f3n o el presupuesto difieren, tambi\u00e9n podemos ofrecer soluciones m\u00e1s adecuadas. Por ejemplo, <strong><em><a href=\"https:\/\/www.peanuts-machine.com\/es\/product\/4-heads-weigh-filling-machine\/\">m\u00e1quinas de envasado con pesadora de 4 cabezales<\/a><\/em><\/strong>, <strong><em><a href=\"https:\/\/www.peanuts-machine.com\/es\/product\/rotary-pouch-packing-machine\/\">m\u00e1quinas de envasado de granulados tipo plato giratorio<\/a><\/em><\/strong>, y otros equipos personalizados que pueden satisfacer diversas necesidades de material y formato de embalaje. <\/p>    <p>No dudes en contactarnos en cualquier momento para asesoramiento profesional y soluciones detalladas. Adaptaremos una l\u00ednea de producci\u00f3n de envasado eficiente y confiable espec\u00edficamente para ti.<\/p>","protected":false},"excerpt":{"rendered":"<p>La m\u00e1quina de envasado con pesadora de 10 cabezales combina pesaje de alta precisi\u00f3n y envasado de alta eficiencia. Es adecuada para la producci\u00f3n automatizada de diversos materiales granulares, en polvo y de bloques grandes.<\/p>","protected":false},"author":1,"featured_media":1209,"parent":0,"template":"","tags":[56,36],"product-type":[60,46],"class_list":["post-1196","product","type-product","status-publish","has-post-thumbnail","hentry","tag-nut","tag-peanut","product-type-packaging-machine","product-type-products"],"_links":{"self":[{"href":"https:\/\/www.peanuts-machine.com\/es\/wp-json\/wp\/v2\/product\/1196","targetHints":{"allow":["GET"]}}],"collection":[{"href":"https:\/\/www.peanuts-machine.com\/es\/wp-json\/wp\/v2\/product"}],"about":[{"href":"https:\/\/www.peanuts-machine.com\/es\/wp-json\/wp\/v2\/types\/product"}],"author":[{"embeddable":true,"href":"https:\/\/www.peanuts-machine.com\/es\/wp-json\/wp\/v2\/users\/1"}],"wp:featuredmedia":[{"embeddable":true,"href":"https:\/\/www.peanuts-machine.com\/es\/wp-json\/wp\/v2\/media\/1209"}],"wp:attachment":[{"href":"https:\/\/www.peanuts-machine.com\/es\/wp-json\/wp\/v2\/media?parent=1196"}],"wp:term":[{"taxonomy":"post_tag","embeddable":true,"href":"https:\/\/www.peanuts-machine.com\/es\/wp-json\/wp\/v2\/tags?post=1196"},{"taxonomy":"product-type","embeddable":true,"href":"https:\/\/www.peanuts-machine.com\/es\/wp-json\/wp\/v2\/product-type?post=1196"}],"curies":[{"name":"wp","href":"https:\/\/api.w.org\/{rel}","templated":true}]}}