{"id":1201,"date":"2026-02-05T17:32:01","date_gmt":"2026-02-05T09:32:01","guid":{"rendered":"https:\/\/www.peanuts-machine.com\/?post_type=product&#038;p=1201"},"modified":"2026-02-05T17:52:54","modified_gmt":"2026-02-05T09:52:54","slug":"4-heads-weigh-filling-machine","status":"publish","type":"product","link":"https:\/\/www.peanuts-machine.com\/es\/product\/4-heads-weigh-filling-machine\/","title":{"rendered":"M\u00e1quina de llenado con pesadora de 4 cabezales | M\u00e1quina de envasado autom\u00e1tica"},"content":{"rendered":"<div class=\"kk-star-ratings kksr-auto kksr-align-left kksr-valign-top\"     data-payload='{&quot;align&quot;:&quot;left&quot;,&quot;id&quot;:&quot;1201&quot;,&quot;slug&quot;:&quot;default&quot;,&quot;valign&quot;:&quot;top&quot;,&quot;ignore&quot;:&quot;&quot;,&quot;reference&quot;:&quot;auto&quot;,&quot;class&quot;:&quot;&quot;,&quot;count&quot;:&quot;11&quot;,&quot;legendonly&quot;:&quot;&quot;,&quot;readonly&quot;:&quot;&quot;,&quot;score&quot;:&quot;4.8&quot;,&quot;starsonly&quot;:&quot;&quot;,&quot;best&quot;:&quot;5&quot;,&quot;gap&quot;:&quot;5&quot;,&quot;greet&quot;:&quot;Rate this product&quot;,&quot;legend&quot;:&quot;4.8\\\/5 - (11 votos)&quot;,&quot;size&quot;:&quot;24&quot;,&quot;title&quot;:&quot;4 Heads Weigh Filling Machine | Automatic Packaging Machine&quot;,&quot;width&quot;:&quot;136.7&quot;,&quot;_legend&quot;:&quot;{score}\\\/{best} - ({count} {votes})&quot;,&quot;font_factor&quot;:&quot;1.25&quot;}'>              <div class=\"kksr-stars\">      <div class=\"kksr-stars-inactive\">             <div class=\"kksr-star\" data-star=\"1\" style=\"padding-right: 5px\">               <div class=\"kksr-icon\" style=\"width: 24px; height: 24px;\"><\/div>         <\/div>             <div class=\"kksr-star\" data-star=\"2\" style=\"padding-right: 5px\">               <div class=\"kksr-icon\" style=\"width: 24px; height: 24px;\"><\/div>         <\/div>             <div class=\"kksr-star\" data-star=\"3\" style=\"padding-right: 5px\">               <div class=\"kksr-icon\" style=\"width: 24px; height: 24px;\"><\/div>         <\/div>             <div class=\"kksr-star\" data-star=\"4\" style=\"padding-right: 5px\">               <div class=\"kksr-icon\" style=\"width: 24px; height: 24px;\"><\/div>         <\/div>             <div class=\"kksr-star\" data-star=\"5\" style=\"padding-right: 5px\">               <div class=\"kksr-icon\" style=\"width: 24px; height: 24px;\"><\/div>         <\/div>     <\/div>      <div class=\"kksr-stars-active\" style=\"width: 136.7px;\">             <div class=\"kksr-star\" style=\"padding-right: 5px\">               <div class=\"kksr-icon\" style=\"width: 24px; height: 24px;\"><\/div>         <\/div>             <div class=\"kksr-star\" style=\"padding-right: 5px\">               <div class=\"kksr-icon\" style=\"width: 24px; height: 24px;\"><\/div>         <\/div>             <div class=\"kksr-star\" style=\"padding-right: 5px\">               <div class=\"kksr-icon\" style=\"width: 24px; height: 24px;\"><\/div>         <\/div>             <div class=\"kksr-star\" style=\"padding-right: 5px\">               <div class=\"kksr-icon\" style=\"width: 24px; height: 24px;\"><\/div>         <\/div>             <div class=\"kksr-star\" style=\"padding-right: 5px\">               <div class=\"kksr-icon\" style=\"width: 24px; height: 24px;\"><\/div>         <\/div>     <\/div> <\/div>                   <div class=\"kksr-legend\" style=\"font-size: 19.2px;\">             4.8\/5 - (11 votos)    <\/div>     <\/div>  <p>La m\u00e1quina autom\u00e1tica de llenado con pesaje de 4 cabezales est\u00e1 dise\u00f1ada principalmente para envasar materiales granulares con una peque\u00f1a a mediana capacidad de producci\u00f3n. Es especialmente adecuada para escenarios de producci\u00f3n que involucran pesos en bolsas individuales de 50 g a 2000 g, cambios frecuentes en las especificaciones del embalaje y demandas de producci\u00f3n moderadas.<\/p>    <p>Este equipo realiza pesaje, llenado, formaci\u00f3n de bolsas, sellado\/corte, codificaci\u00f3n y salida del producto terminado. Mientras garantiza precisi\u00f3n en el pesaje y est\u00e9tica en el embalaje, la m\u00e1quina de envasado con escala de 4 cabezales ofrece ventajas significativas en costo del equipo, huella y facilidad de mantenimiento. Es una alternativa m\u00e1s rentable que las m\u00e1quinas de envasado con escala de 10 cabezales.<\/p>    <figure class=\"wp-block-embed aligncenter is-type-video is-provider-youtube wp-block-embed-youtube wp-embed-aspect-16-9 wp-has-aspect-ratio\"><div class=\"wp-block-embed__wrapper\"> <iframe loading=\"lazy\" title=\"\u2696\ufe0f 4-Head Weighing Packing Machine | Fast &amp; Accurate Packaging Solution#packing #packagingmachine\" width=\"500\" height=\"281\" src=\"https:\/\/www.youtube.com\/embed\/J2tXcDUVwpE?feature=oembed\" frameborder=\"0\" allow=\"accelerometer; autoplay; clipboard-write; encrypted-media; gyroscope; picture-in-picture; web-share\" referrerpolicy=\"strict-origin-when-cross-origin\" allowfullscreen><\/iframe> <\/div><figcaption class=\"wp-element-caption\">Video de trabajo de la m\u00e1quina autom\u00e1tica de llenado con pesaje de 4 cabezales<\/figcaption><\/figure>    <h2 class=\"wp-block-heading\">Aplicaciones de la m\u00e1quina autom\u00e1tica de llenado con pesaje<\/h2>    <p>La m\u00e1quina de llenado con pesaje de cuatro cabezales es adecuada para materiales granulares con buena fluidez y se usa ampliamente en los siguientes campos:<\/p>    <ul class=\"wp-block-list\"> <li><strong>Industria alimentaria:<\/strong> Envasado autom\u00e1tico de alimentos granulares como snacks inflados, papas fritas, patatas chips, cacahuetes, semillas de mel\u00f3n, caramelos, frutas secas, semillas, galletas, az\u00facar granulada, glutamato monos\u00f3dico, hojas de t\u00e9, etc.<\/li>    <li><strong>Bienes de consumo diarios:<\/strong> Adecuado para productos peque\u00f1os a medianos con ciertos requisitos de precisi\u00f3n y apariencia en el embalaje.<\/li> <\/ul>    <figure class=\"wp-block-gallery has-nested-images columns-default is-cropped wp-block-gallery-2 is-layout-flex wp-block-gallery-is-layout-flex\"> <figure class=\"wp-block-image size-large\"><img loading=\"lazy\" decoding=\"async\" width=\"720\" height=\"540\" data-id=\"1212\" src=\"https:\/\/www.peanuts-machine.com\/wp-content\/uploads\/2026\/02\/weigh-filling-sealing-machine-applications.webp\" alt=\"Aplicaciones de m\u00e1quinas de sellado y llenado con pesaje\" class=\"wp-image-1212\" title=\"\" srcset=\"https:\/\/www.peanuts-machine.com\/wp-content\/uploads\/2026\/02\/weigh-filling-sealing-machine-applications.webp 720w, https:\/\/www.peanuts-machine.com\/wp-content\/uploads\/2026\/02\/weigh-filling-sealing-machine-applications-300x225.webp 300w, https:\/\/www.peanuts-machine.com\/wp-content\/uploads\/2026\/02\/weigh-filling-sealing-machine-applications-16x12.webp 16w\" sizes=\"auto, (max-width: 720px) 100vw, 720px\" \/><figcaption class=\"wp-element-caption\">Aplicaciones de m\u00e1quinas de sellado y llenado con pesaje<\/figcaption><\/figure>    <figure class=\"wp-block-image size-large\"><img loading=\"lazy\" decoding=\"async\" width=\"720\" height=\"540\" data-id=\"1211\" src=\"https:\/\/www.peanuts-machine.com\/wp-content\/uploads\/2026\/02\/weigh-filling-machine-finished-production.webp\" alt=\"Producci\u00f3n terminada de la m\u00e1quina de llenado con pesaje\" class=\"wp-image-1211\" title=\"\" srcset=\"https:\/\/www.peanuts-machine.com\/wp-content\/uploads\/2026\/02\/weigh-filling-machine-finished-production.webp 720w, https:\/\/www.peanuts-machine.com\/wp-content\/uploads\/2026\/02\/weigh-filling-machine-finished-production-300x225.webp 300w, https:\/\/www.peanuts-machine.com\/wp-content\/uploads\/2026\/02\/weigh-filling-machine-finished-production-16x12.webp 16w\" sizes=\"auto, (max-width: 720px) 100vw, 720px\" \/><figcaption class=\"wp-element-caption\">Producci\u00f3n terminada de la m\u00e1quina de llenado con pesaje<\/figcaption><\/figure> <\/figure>    <h2 class=\"wp-block-heading\">Rendimiento de la m\u00e1quina de llenado con pesaje<\/h2>    <ul class=\"wp-block-list\"> <li>Estructura compacta, operaci\u00f3n estable: distribuci\u00f3n racional con huella m\u00ednima que garantiza un funcionamiento suave, ideal para f\u00e1bricas peque\u00f1as o medianas o entornos de producci\u00f3n con espacio limitado.<\/li>    <li>Control inteligente, operaci\u00f3n sencilla: equipada con un sistema de control PLC y pantalla t\u00e1ctil a color para configurar r\u00e1pidamente el peso del embalaje, la longitud de la bolsa, la velocidad y otros par\u00e1metros.<\/li>    <li>Alimentaci\u00f3n de pel\u00edcula servo para un embalaje est\u00e9tico: posicionamiento preciso del sistema que entrega dimensiones de bolsa consistentes, resultando en paquetes terminados ordenados y visualmente atractivos.<\/li>    <li>Reducci\u00f3n de costos laborales: operaci\u00f3n simplificada desde la alimentaci\u00f3n del material, pesaje, llenado, formaci\u00f3n de bolsas, sellado, impresi\u00f3n de fecha hasta el transporte del producto terminado, todo en una sola pasada.<\/li>    <li>Formatos de embalaje m\u00faltiples disponibles: soporta funciones de corte en bolsa simple y m\u00faltiple, con configuraciones opcionales para perforaci\u00f3n, enjuague con nitr\u00f3geno y otras funciones especializadas.<\/li> <\/ul>    <figure class=\"wp-block-gallery has-nested-images columns-default is-cropped wp-block-gallery-3 is-layout-flex wp-block-gallery-is-layout-flex\"> <figure class=\"wp-block-image size-large\"><img loading=\"lazy\" decoding=\"async\" width=\"540\" height=\"720\" data-id=\"1214\" src=\"https:\/\/www.peanuts-machine.com\/wp-content\/uploads\/2026\/02\/weigh-filling-machine.webp\" alt=\"m\u00e1quina de llenado con pesaje\" class=\"wp-image-1214\" title=\"\" srcset=\"https:\/\/www.peanuts-machine.com\/wp-content\/uploads\/2026\/02\/weigh-filling-machine.webp 540w, https:\/\/www.peanuts-machine.com\/wp-content\/uploads\/2026\/02\/weigh-filling-machine-225x300.webp 225w, https:\/\/www.peanuts-machine.com\/wp-content\/uploads\/2026\/02\/weigh-filling-machine-9x12.webp 9w\" sizes=\"auto, (max-width: 540px) 100vw, 540px\" \/><figcaption class=\"wp-element-caption\">m\u00e1quina de llenado con pesaje<\/figcaption><\/figure>    <figure class=\"wp-block-image size-large\"><img loading=\"lazy\" decoding=\"async\" width=\"540\" height=\"720\" data-id=\"1213\" src=\"https:\/\/www.peanuts-machine.com\/wp-content\/uploads\/2026\/02\/weigh-filler-packaging-machine.webp\" alt=\"m\u00e1quina de llenado y envasado con pesaje\" class=\"wp-image-1213\" title=\"\" srcset=\"https:\/\/www.peanuts-machine.com\/wp-content\/uploads\/2026\/02\/weigh-filler-packaging-machine.webp 540w, https:\/\/www.peanuts-machine.com\/wp-content\/uploads\/2026\/02\/weigh-filler-packaging-machine-225x300.webp 225w, https:\/\/www.peanuts-machine.com\/wp-content\/uploads\/2026\/02\/weigh-filler-packaging-machine-9x12.webp 9w\" sizes=\"auto, (max-width: 540px) 100vw, 540px\" \/><figcaption class=\"wp-element-caption\">m\u00e1quina de llenado y envasado con pesaje<\/figcaption><\/figure> <\/figure>    <h2 class=\"wp-block-heading\">Estructura y principio de funcionamiento de la m\u00e1quina<\/h2>    <ol class=\"wp-block-list\"> <li>Alimentador elevador: transporta materiales de forma continua y uniforme a la tolva de alimentaci\u00f3n.<\/li>    <li>Sistema de distribuci\u00f3n de material: la entrada distribuye materiales a peque\u00f1as tolvas individuales, asegurando un suministro estable a las cuatro cabezas de pesaje.<\/li>    <li>Pesador electr\u00f3nico de 4 cabezales: realiza pesaje independiente y descarga secuencial para medici\u00f3n estable y envasado continuo.<\/li>    <li>M\u00e1quina de embalaje vertical: completa operaciones de formaci\u00f3n de bolsa, llenado, sellado, codificaci\u00f3n y corte.<\/li>    <li>Transportador de producto terminado: entrega autom\u00e1ticamente los productos envasados para facilitar el embalaje en cajas y procesos posteriores.<\/li> <\/ol>    <p>Todo el sistema funciona de manera fluida con l\u00f3gica clara, asegurando eficiencia en el embalaje y priorizando la conveniencia operativa y de mantenimiento.<\/p>    <figure class=\"wp-block-gallery has-nested-images columns-default is-cropped wp-block-gallery-4 is-layout-flex wp-block-gallery-is-layout-flex\"> <figure class=\"wp-block-image size-large\"><img loading=\"lazy\" decoding=\"async\" width=\"720\" height=\"540\" data-id=\"1215\" src=\"https:\/\/www.peanuts-machine.com\/wp-content\/uploads\/2026\/02\/multihead-weigher-packing-machine-1.webp\" alt=\"m\u00e1quina de envasado con pesadora multicaudal\" class=\"wp-image-1215\" title=\"\" srcset=\"https:\/\/www.peanuts-machine.com\/wp-content\/uploads\/2026\/02\/multihead-weigher-packing-machine-1.webp 720w, https:\/\/www.peanuts-machine.com\/wp-content\/uploads\/2026\/02\/multihead-weigher-packing-machine-1-300x225.webp 300w, https:\/\/www.peanuts-machine.com\/wp-content\/uploads\/2026\/02\/multihead-weigher-packing-machine-1-16x12.webp 16w\" sizes=\"auto, (max-width: 720px) 100vw, 720px\" \/><figcaption class=\"wp-element-caption\">m\u00e1quina de envasado con pesadora multicaudal<\/figcaption><\/figure>    <figure class=\"wp-block-image size-large\"><img loading=\"lazy\" decoding=\"async\" width=\"720\" height=\"540\" data-id=\"1216\" src=\"https:\/\/www.peanuts-machine.com\/wp-content\/uploads\/2026\/02\/weigh-filler-detail.webp\" alt=\"Detalle del llenador con pesaje\" class=\"wp-image-1216\" title=\"\" srcset=\"https:\/\/www.peanuts-machine.com\/wp-content\/uploads\/2026\/02\/weigh-filler-detail.webp 720w, https:\/\/www.peanuts-machine.com\/wp-content\/uploads\/2026\/02\/weigh-filler-detail-300x225.webp 300w, https:\/\/www.peanuts-machine.com\/wp-content\/uploads\/2026\/02\/weigh-filler-detail-16x12.webp 16w\" sizes=\"auto, (max-width: 720px) 100vw, 720px\" \/><figcaption class=\"wp-element-caption\">Detalle del llenador con pesaje<\/figcaption><\/figure> <\/figure>    <h2 class=\"wp-block-heading\">Comparaci\u00f3n entre llenadora de 4 y 10 cabezales<\/h2>    <p>En comparaci\u00f3n con las m\u00e1quinas de envasado de 10 cabezales, que son m\u00e1s adecuadas para l\u00edneas de producci\u00f3n automatizadas de alta capacidad y velocidad, las m\u00e1quinas de llenado con pesaje de 4 cabezales son m\u00e1s apropiadas para los siguientes requisitos:<\/p>    <ul class=\"wp-block-list\"> <li>Demandas moderadas de producci\u00f3n con mayor sensibilidad a presupuestos de inversi\u00f3n en equipos.<\/li>    <li>Materiales de embalaje relativamente uniformes y rangos de peso m\u00e1s estrechos.<\/li>    <li>Un deseo de mantener niveles de automatizaci\u00f3n mientras se controla el costo total del equipo.<\/li> <\/ul>    <p>Ambos tipos comparten sistemas de control altamente consistentes, principios de embalaje y procesos de automatizaci\u00f3n, permitiendo a los clientes elegir de manera flexible seg\u00fan la capacidad de producci\u00f3n real y los planes de desarrollo.<\/p>    <figure class=\"wp-block-table is-style-stripes\"><table class=\"has-fixed-layout\"><tbody><tr><td><strong>Art\u00edculo<\/strong><\/td><td><strong>4 Cabezas (TH-520)<\/strong><\/td><td><strong>M\u00e1quina de llenado con pesaje de 10 cabezales (TH-720)<\/strong><\/td><\/tr><tr><td>Cabezas de pesaje<\/td><td>4<\/td><td>10<\/td><\/tr><tr><td>Escala de producci\u00f3n adecuada<\/td><td>Producci\u00f3n peque\u00f1a a mediana<\/td><td>Producci\u00f3n de mediana a gran escala<\/td><\/tr><tr><td>Velocidad de envasado<\/td><td>5\u201350 bolsas\/min<\/td><td>5\u201350 bolsas\/min (mayor eficiencia en pesos grandes)<\/td><\/tr><tr><td>Precisi\u00f3n en el pesaje<\/td><td>\u00b11%<\/td><td>\u00b11%<\/td><\/tr><tr><td>Rango de peso de embalaje<\/td><td>50\u20132000 g<\/td><td>Hasta 6000 ml (M\u00e1ximo)<\/td><\/tr><tr><td>Ancho m\u00e1ximo de la bolsa<\/td><td>250 mm<\/td><td>350 mm<\/td><\/tr><tr><td>Ancho m\u00e1ximo de la pel\u00edcula<\/td><td>520 mm<\/td><td>720 mm<\/td><\/tr><tr><td>Longitud de la bolsa<\/td><td>80\u2013400 mm<\/td><td>100\u2013500 mm<\/td><\/tr><tr><td>Sistema de control<\/td><td>PLC   Pantalla t\u00e1ctil<\/td><td>PLC   Pantalla t\u00e1ctil<\/td><\/tr><tr><td>Sistema de extracci\u00f3n de pel\u00edcula<\/td><td>Motor servo<\/td><td>Motor servo<\/td><\/tr><tr><td>Tama\u00f1o de la m\u00e1quina (L\u00d7W\u00d7H)<\/td><td>1200 \u00d7 600 \u00d7 1900 mm<\/td><td>1780 \u00d7 1350 \u00d7 1950 mm<\/td><\/tr><tr><td>Peso de la m\u00e1quina<\/td><td>180 kilos<\/td><td>M\u00e1s pesado, de grado industrial<\/td><\/tr><tr><td>Consumo de energ\u00eda<\/td><td>500 W<\/td><td>5 kW<\/td><\/tr><tr><td>Materiales adecuados<\/td><td>Gr\u00e1nulos, snacks, az\u00facar, t\u00e9, semillas<\/td><td>Gr\u00e1nulos, bloques, snacks, nueces, comida para mascotas<\/td><\/tr><tr><td>Costo de inversi\u00f3n<\/td><td>M\u00e1s bajo<\/td><td>Mayor<\/td><\/tr><tr><td>Aplicaciones t\u00edpicas<\/td><td>F\u00e1bricas en inicio, espacio limitado<\/td><td>Grandes f\u00e1bricas, producci\u00f3n continua<\/td><\/tr><\/tbody><\/table><figcaption class=\"wp-element-caption\">Comparaci\u00f3n de par\u00e1metros de dos m\u00e1quinas de llenado con pesaje<\/figcaption><\/figure>    <figure class=\"wp-block-gallery has-nested-images columns-default is-cropped wp-block-gallery-5 is-layout-flex wp-block-gallery-is-layout-flex\"> <figure class=\"wp-block-image size-large\"><img loading=\"lazy\" decoding=\"async\" width=\"540\" height=\"720\" data-id=\"1218\" src=\"https:\/\/www.peanuts-machine.com\/wp-content\/uploads\/2026\/02\/food-weigh-filling-packing-machines.webp\" alt=\"m\u00e1quinas de llenado y envasado de alimentos\" class=\"wp-image-1218\" title=\"\" srcset=\"https:\/\/www.peanuts-machine.com\/wp-content\/uploads\/2026\/02\/food-weigh-filling-packing-machines.webp 540w, https:\/\/www.peanuts-machine.com\/wp-content\/uploads\/2026\/02\/food-weigh-filling-packing-machines-225x300.webp 225w, https:\/\/www.peanuts-machine.com\/wp-content\/uploads\/2026\/02\/food-weigh-filling-packing-machines-9x12.webp 9w\" sizes=\"auto, (max-width: 540px) 100vw, 540px\" \/><figcaption class=\"wp-element-caption\">m\u00e1quinas de llenado y envasado de alimentos<\/figcaption><\/figure>    <figure class=\"wp-block-image size-large\"><img loading=\"lazy\" decoding=\"async\" width=\"540\" height=\"720\" data-id=\"1217\" src=\"https:\/\/www.peanuts-machine.com\/wp-content\/uploads\/2026\/02\/automatic-weighing-packing-machine.webp\" alt=\"M\u00e1quina autom\u00e1tica de pesaje y envasado\" class=\"wp-image-1217\" title=\"\" srcset=\"https:\/\/www.peanuts-machine.com\/wp-content\/uploads\/2026\/02\/automatic-weighing-packing-machine.webp 540w, https:\/\/www.peanuts-machine.com\/wp-content\/uploads\/2026\/02\/automatic-weighing-packing-machine-225x300.webp 225w, https:\/\/www.peanuts-machine.com\/wp-content\/uploads\/2026\/02\/automatic-weighing-packing-machine-9x12.webp 9w\" sizes=\"auto, (max-width: 540px) 100vw, 540px\" \/><figcaption class=\"wp-element-caption\">M\u00e1quina autom\u00e1tica de pesaje y envasado<\/figcaption><\/figure> <\/figure>    <p class=\"translation-block\">Para m\u00e1s detalles sobre la m\u00e1quina de pesaje y envasado de 10 cabezales, por favor haga clic: <a href=\"https:\/\/www.peanuts-machine.com\/es\/product\/weighing-packaging-machine\/\"><strong><em>M\u00e1quina de pesaje y envasado de 10 cabezales | M\u00e1quina de pesaje y envasado<\/em><\/strong><\/a>.<\/p>    <p>No dudes en contactarnos en cualquier momento para asesoramiento profesional y cotizaciones detalladas. Te proporcionaremos soluciones de embalaje eficientes, estables y confiables.<\/p>","protected":false},"excerpt":{"rendered":"<p>La m\u00e1quina de llenado con pesaje de 4 cabezas combina precisi\u00f3n en el pesaje con eficiencia en costos. Es adecuada para la producci\u00f3n automatizada de embalaje de escala peque\u00f1a a mediana de diversos materiales granulares.<\/p>","protected":false},"author":1,"featured_media":1220,"parent":0,"template":"","tags":[56,36],"product-type":[60,46],"class_list":["post-1201","product","type-product","status-publish","has-post-thumbnail","hentry","tag-nut","tag-peanut","product-type-packaging-machine","product-type-products"],"_links":{"self":[{"href":"https:\/\/www.peanuts-machine.com\/es\/wp-json\/wp\/v2\/product\/1201","targetHints":{"allow":["GET"]}}],"collection":[{"href":"https:\/\/www.peanuts-machine.com\/es\/wp-json\/wp\/v2\/product"}],"about":[{"href":"https:\/\/www.peanuts-machine.com\/es\/wp-json\/wp\/v2\/types\/product"}],"author":[{"embeddable":true,"href":"https:\/\/www.peanuts-machine.com\/es\/wp-json\/wp\/v2\/users\/1"}],"wp:featuredmedia":[{"embeddable":true,"href":"https:\/\/www.peanuts-machine.com\/es\/wp-json\/wp\/v2\/media\/1220"}],"wp:attachment":[{"href":"https:\/\/www.peanuts-machine.com\/es\/wp-json\/wp\/v2\/media?parent=1201"}],"wp:term":[{"taxonomy":"post_tag","embeddable":true,"href":"https:\/\/www.peanuts-machine.com\/es\/wp-json\/wp\/v2\/tags?post=1201"},{"taxonomy":"product-type","embeddable":true,"href":"https:\/\/www.peanuts-machine.com\/es\/wp-json\/wp\/v2\/product-type?post=1201"}],"curies":[{"name":"wp","href":"https:\/\/api.w.org\/{rel}","templated":true}]}}