{"id":124,"date":"2022-08-10T03:19:23","date_gmt":"2022-08-10T03:19:23","guid":{"rendered":"https:\/\/www.peanuts-machine.com\/?post_type=product&#038;p=124"},"modified":"2026-01-14T15:57:42","modified_gmt":"2026-01-14T07:57:42","slug":"coated-peanut-making-machine","status":"publish","type":"product","link":"https:\/\/www.peanuts-machine.com\/es\/product\/coated-peanut-making-machine\/","title":{"rendered":"M\u00e1quina para fabricar man\u00ed recubierto | M\u00e1quina de recubrimiento de man\u00ed"},"content":{"rendered":"<div class=\"kk-star-ratings kksr-auto kksr-align-left kksr-valign-top\"     data-payload='{&quot;align&quot;:&quot;left&quot;,&quot;id&quot;:&quot;124&quot;,&quot;slug&quot;:&quot;default&quot;,&quot;valign&quot;:&quot;top&quot;,&quot;ignore&quot;:&quot;&quot;,&quot;reference&quot;:&quot;auto&quot;,&quot;class&quot;:&quot;&quot;,&quot;count&quot;:&quot;9&quot;,&quot;legendonly&quot;:&quot;&quot;,&quot;readonly&quot;:&quot;&quot;,&quot;score&quot;:&quot;4.8&quot;,&quot;starsonly&quot;:&quot;&quot;,&quot;best&quot;:&quot;5&quot;,&quot;gap&quot;:&quot;5&quot;,&quot;greet&quot;:&quot;Rate this product&quot;,&quot;legend&quot;:&quot;4.8\\\/5 - (9 votos)&quot;,&quot;size&quot;:&quot;24&quot;,&quot;title&quot;:&quot;Coated Peanut Making Machine | Peanut Coating Machine&quot;,&quot;width&quot;:&quot;136.7&quot;,&quot;_legend&quot;:&quot;{score}\\\/{best} - ({count} {votes})&quot;,&quot;font_factor&quot;:&quot;1.25&quot;}'>              <div class=\"kksr-stars\">      <div class=\"kksr-stars-inactive\">             <div class=\"kksr-star\" data-star=\"1\" style=\"padding-right: 5px\">               <div class=\"kksr-icon\" style=\"width: 24px; height: 24px;\"><\/div>         <\/div>             <div class=\"kksr-star\" data-star=\"2\" style=\"padding-right: 5px\">               <div class=\"kksr-icon\" style=\"width: 24px; height: 24px;\"><\/div>         <\/div>             <div class=\"kksr-star\" data-star=\"3\" style=\"padding-right: 5px\">               <div class=\"kksr-icon\" style=\"width: 24px; height: 24px;\"><\/div>         <\/div>             <div class=\"kksr-star\" data-star=\"4\" style=\"padding-right: 5px\">               <div class=\"kksr-icon\" style=\"width: 24px; height: 24px;\"><\/div>         <\/div>             <div class=\"kksr-star\" data-star=\"5\" style=\"padding-right: 5px\">               <div class=\"kksr-icon\" style=\"width: 24px; height: 24px;\"><\/div>         <\/div>     <\/div>      <div class=\"kksr-stars-active\" style=\"width: 136.7px;\">             <div class=\"kksr-star\" style=\"padding-right: 5px\">               <div class=\"kksr-icon\" style=\"width: 24px; height: 24px;\"><\/div>         <\/div>             <div class=\"kksr-star\" style=\"padding-right: 5px\">               <div class=\"kksr-icon\" style=\"width: 24px; height: 24px;\"><\/div>         <\/div>             <div class=\"kksr-star\" style=\"padding-right: 5px\">               <div class=\"kksr-icon\" style=\"width: 24px; height: 24px;\"><\/div>         <\/div>             <div class=\"kksr-star\" style=\"padding-right: 5px\">               <div class=\"kksr-icon\" style=\"width: 24px; height: 24px;\"><\/div>         <\/div>             <div class=\"kksr-star\" style=\"padding-right: 5px\">               <div class=\"kksr-icon\" style=\"width: 24px; height: 24px;\"><\/div>         <\/div>     <\/div> <\/div>                   <div class=\"kksr-legend\" style=\"font-size: 19.2px;\">             4,8\/5 - (9 votos)    <\/div>     <\/div>  <p>Ideal para la industria alimentaria, farmac\u00e9utica, qu\u00edmica y otras, esta m\u00e1quina para hacer cacahuetes recubierta de acero inoxidable est\u00e1 hecha de una c\u00e1mara de acero inoxidable de grado alimentario + recubrimiento nano de tefl\u00f3n, lo que permite un rendimiento t\u00e9rmico eficiente y un dise\u00f1o f\u00e1cil de limpiar. <\/p>    <p>No solo puede producir en masa nueces recubiertas de cinco especias, chocolate, cacao, vainilla y otros sabores, sino que tambi\u00e9n puede adaptarse a diferentes formas de necesidades de recubrimiento, como pastillas y frijoles. <\/p>    <p>La m\u00e1quina admite varias funciones personalizadas, como control de velocidad sin escalas, pulverizaci\u00f3n de l\u00edquidos, circulaci\u00f3n de aire caliente y eliminaci\u00f3n de polvo, etc., lo que realmente permite la operaci\u00f3n integrada desde el envolvimiento hasta el secado, y aumenta la tasa de aprobaci\u00f3n del envolvimiento al 99%.<\/p>    <figure class=\"wp-block-embed aligncenter is-type-video is-provider-youtube wp-block-embed-youtube wp-embed-aspect-16-9 wp-has-aspect-ratio\"><div class=\"wp-block-embed__wrapper\"> <iframe loading=\"lazy\" title=\"High-Efficiency Peanut &amp; Nut Coating Machine | Smooth and Even Coating#nutmachine #peanut\" width=\"500\" height=\"281\" src=\"https:\/\/www.youtube.com\/embed\/SLyS-0WMuGM?feature=oembed\" frameborder=\"0\" allow=\"accelerometer; autoplay; clipboard-write; encrypted-media; gyroscope; picture-in-picture; web-share\" referrerpolicy=\"strict-origin-when-cross-origin\" allowfullscreen><\/iframe> <\/div><figcaption class=\"wp-element-caption\">Video en funcionamiento de la m\u00e1quina de recubrimiento de cacahuetes<\/figcaption><\/figure>    <h2 class=\"wp-block-heading\">\u00bfCu\u00e1l es el recubrimiento de los man\u00ed?<\/h2>    <p>Al recubrir cacahuetes (u otras legumbres y p\u00edldoras), la receta de recubrimiento com\u00fan se elabora con ingredientes naturales como leche de coco, az\u00facar, polvo de s\u00e9samo blanco, harina de arroz glutinoso y harina, que no solo forma una pel\u00edcula uniforme con buena adhesi\u00f3n, sino que tambi\u00e9n tiene ingredientes seguros y comestibles.<\/p>   <div class=\"wp-block-image\"> <figure class=\"aligncenter size-full\"><img loading=\"lazy\" decoding=\"async\" width=\"720\" height=\"540\" src=\"https:\/\/www.peanuts-machine.com\/wp-content\/uploads\/2022\/08\/final-products.webp\" alt=\"productos terminados\" class=\"wp-image-127\" title=\"\" srcset=\"https:\/\/www.peanuts-machine.com\/wp-content\/uploads\/2022\/08\/final-products.webp 720w, https:\/\/www.peanuts-machine.com\/wp-content\/uploads\/2022\/08\/final-products-300x225.webp 300w\" sizes=\"auto, (max-width: 720px) 100vw, 720px\" \/><figcaption class=\"wp-element-caption\">productos terminados<\/figcaption><\/figure> <\/div>   <h2 class=\"wp-block-heading\">Caracter\u00edsticas de la m\u00e1quina para fabricar man\u00ed recubierto<\/h2>    <ul class=\"wp-block-list\"> <li>Corriente suave, bajo ruido, f\u00e1cil operaci\u00f3n y alta eficiencia.<\/li>    <li>Toda la m\u00e1quina est\u00e1 hecha de acero inoxidable, que es higi\u00e9nico, hermoso y duradero.<\/li>    <li>Se puede equipar con dispositivo de alimentaci\u00f3n autom\u00e1tica, dispositivo de extracci\u00f3n de polvo y sistema de soplado de aire fr\u00edo.<\/li>    <li>La forma de la olla de recubrimiento se puede personalizar de acuerdo con las necesidades, y tambi\u00e9n se puede convertir en un tipo completamente cerrado.<\/li>    <li>Amplia gama de aplicaciones. Adecuado para recubrir cacahuetes, anacardos, frijoles japoneses, espino de soja, frijoles anchos y otros materiales.<\/li> <\/ul>   <div class=\"wp-block-image\"> <figure class=\"aligncenter size-full\"><img loading=\"lazy\" decoding=\"async\" width=\"720\" height=\"540\" src=\"https:\/\/www.peanuts-machine.com\/wp-content\/uploads\/2022\/08\/coated-peanut-making-machine-for-sale.webp\" alt=\"M\u00e1quina para hacer man\u00ed recubierto a la venta\" class=\"wp-image-126\" title=\"\" srcset=\"https:\/\/www.peanuts-machine.com\/wp-content\/uploads\/2022\/08\/coated-peanut-making-machine-for-sale.webp 720w, https:\/\/www.peanuts-machine.com\/wp-content\/uploads\/2022\/08\/coated-peanut-making-machine-for-sale-300x225.webp 300w\" sizes=\"auto, (max-width: 720px) 100vw, 720px\" \/><figcaption class=\"wp-element-caption\">M\u00e1quina para hacer man\u00ed recubierto a la venta<\/figcaption><\/figure> <\/div>   <h2 class=\"wp-block-heading\" id=\"h-what-is-the-peanut-coating-process\">Estructura principal de la m\u00e1quina de recubrimiento de man\u00ed<\/h2>    <p>La m\u00e1quina para hacer hamburguesas de cacahuate consta de varios componentes: un marco, una caja de cambios, un dispositivo de calefacci\u00f3n, una olla para recubrimiento de az\u00facar, una pistola rociadora, un sistema de rociado y una consola PLC.<\/p>    <ul class=\"wp-block-list\"> <li>La m\u00e1quina de fabricaci\u00f3n de man\u00ed recubierta autom\u00e1tica es operada por un sistema de control que facilita el giro y el rodamiento continuo del material. <\/li>    <li>La pistola de pulverizaci\u00f3n aplica el recubrimiento en funci\u00f3n de los par\u00e1metros especificados. <\/li>    <li>Mientras tanto, el gabinete de aire caliente libera aire caliente para secar el recubrimiento del material, lo que resulta en un acabado suave en el producto final.<\/li> <\/ul>   <div class=\"wp-block-image\"> <figure class=\"aligncenter size-full\"><img loading=\"lazy\" decoding=\"async\" width=\"720\" height=\"944\" src=\"https:\/\/www.peanuts-machine.com\/wp-content\/uploads\/2022\/08\/nut-coating-machine-structure.webp\" alt=\"estructura de la m\u00e1quina de recubrimiento de nueces\" class=\"wp-image-129\" title=\"\" srcset=\"https:\/\/www.peanuts-machine.com\/wp-content\/uploads\/2022\/08\/nut-coating-machine-structure.webp 720w, https:\/\/www.peanuts-machine.com\/wp-content\/uploads\/2022\/08\/nut-coating-machine-structure-229x300.webp 229w\" sizes=\"auto, (max-width: 720px) 100vw, 720px\" \/><figcaption class=\"wp-element-caption\">estructura de la m\u00e1quina de recubrimiento de nueces<\/figcaption><\/figure> <\/div>   <h2 class=\"wp-block-heading\" id=\"h-features-of-coated-peanut-making-machine\">Flujo de trabajo de la m\u00e1quina de producci\u00f3n de bocadillos de man\u00ed recubierto<\/h2>   <div id=\"rank-math-howto\" class=\"rank-math-block\" > <div class=\"rank-math-howto-description\">  <\/div>  <div class=\"rank-math-steps\"> <div id=\"howto-step-1736326338787\" class=\"rank-math-step\"> <h3 class=\"rank-math-step-title\">Preparando los man\u00ed<\/h3> <div class=\"rank-math-step-content\"><p>Aseg\u00farese de que el man\u00ed est\u00e9 completamente limpio, completamente seco y libre de cualquier objeto o escombro extra\u00f1o. Dependiendo del tipo de recubrimiento que elija y las capacidades de su m\u00e1quina de fabricaci\u00f3n de man\u00ed recubierta, es posible que deba bombardear los man\u00ed de antemano.<\/p> <\/div> <\/div> <div id=\"howto-step-1736326357379\" class=\"rank-math-step\"> <h3 class=\"rank-math-step-title\">Configuraci\u00f3n de coater de man\u00ed ajustado<\/h3> <div class=\"rank-math-step-content\"><p>Para lograr los resultados de recubrimiento deseados, puede ajustar los par\u00e1metros como la temperatura, la velocidad de giro y el volumen de recubrimiento para satisfacer sus necesidades espec\u00edficas. Obtener esta configuraci\u00f3n correcta es esencial para la consistencia y para producir cacahuetes recubiertos de alta calidad.<\/p> <\/div> <\/div> <div id=\"howto-step-1736326368771\" class=\"rank-math-step\"> <h3 class=\"rank-math-step-title\">Cargando man\u00ed en el coater de man\u00ed<\/h3> <div class=\"rank-math-step-content\"><p>Abra la tolva o la rampa de carga de la m\u00e1quina de hacer cacahuetes recubiertos y vierta los cacahuetes preparados. Tenga cuidado de no sobrecargar, ya que esto puede provocar obstrucciones o una distribuci\u00f3n desigual del recubrimiento. Una carga equilibrada garantiza una mezcla deliciosa de sabores y texturas.<\/p> <\/div> <\/div> <div id=\"howto-step-1736326379307\" class=\"rank-math-step\"> <h3 class=\"rank-math-step-title\">Comenzando el proceso de recubrimiento<\/h3> <div class=\"rank-math-step-content\"><p>La duraci\u00f3n y la velocidad de rotaci\u00f3n pueden variar seg\u00fan el grosor del recubrimiento que desee. Dentro del tambor giratorio, el sistema de recubrimiento aplicar\u00e1 el recubrimiento elegido, transformando los cacahuetes en un delicioso manjar.<\/p> <\/div> <\/div> <\/div> <\/div>       <figure class=\"wp-block-embed aligncenter is-type-video is-provider-youtube wp-block-embed-youtube wp-embed-aspect-16-9 wp-has-aspect-ratio\"><div class=\"wp-block-embed__wrapper\"> <iframe loading=\"lazy\" title=\"M\u00e1quina de recubrimiento de cacahuetes para procesamiento de nueces y bocadillos | Alta eficiencia y precisi\u00f3n #cacahuete\" width=\"422\" height=\"750\" src=\"https:\/\/www.youtube.com\/embed\/p6jiNRUXJOs?feature=oembed\" frameborder=\"0\" allow=\"accelerometer; autoplay; clipboard-write; encrypted-media; gyroscope; picture-in-picture; web-share\" referrerpolicy=\"strict-origin-when-cross-origin\" allowfullscreen><\/iframe> <\/div><figcaption class=\"wp-element-caption\">video de funcionamiento de la m\u00e1quina de recubrimiento de nueces<\/figcaption><\/figure>   <div class=\"wp-block-image\"> <figure class=\"aligncenter size-full\"><img loading=\"lazy\" decoding=\"async\" width=\"720\" height=\"540\" src=\"https:\/\/www.peanuts-machine.com\/wp-content\/uploads\/2022\/08\/peanut-snack-production-machine.webp\" alt=\"m\u00e1quina de producci\u00f3n de bocadillos de man\u00ed\" class=\"wp-image-651\" title=\"\" srcset=\"https:\/\/www.peanuts-machine.com\/wp-content\/uploads\/2022\/08\/peanut-snack-production-machine.webp 720w, https:\/\/www.peanuts-machine.com\/wp-content\/uploads\/2022\/08\/peanut-snack-production-machine-300x225.webp 300w, https:\/\/www.peanuts-machine.com\/wp-content\/uploads\/2022\/08\/peanut-snack-production-machine-16x12.webp 16w\" sizes=\"auto, (max-width: 720px) 100vw, 720px\" \/><figcaption class=\"wp-element-caption\">m\u00e1quina de producci\u00f3n de bocadillos de man\u00ed<\/figcaption><\/figure> <\/div>   <h2 class=\"wp-block-heading\" id=\"h-coated-peanut-making-machine-parameters\">Par\u00e1metros de la m\u00e1quina de recubrimiento de harina de man\u00ed<\/h2>    <figure class=\"wp-block-table is-style-stripes\"><table><tbody><tr><td>Modelo<\/td><td>TZ-400<\/td><td>TZ-600<\/td><td>TZ-800<\/td><td>TZ-1000<\/td><\/tr><tr><td>Capacidad<\/td><td>30kg\/hora<\/td><td>60kg\/hora<\/td><td>100kg\/h<\/td><td>150kg\/hora<\/td><\/tr><tr><td>Fuerza<\/td><td>0,75 kw<\/td><td>0,75 kw<\/td><td>1,1 kw<\/td><td>1,1 kw<\/td><\/tr><tr><td>Di\u00e1metro<\/td><td>400 mm<\/td><td>600 mm<\/td><td>800 mm<\/td><td>1000 mm<\/td><\/tr><tr><td>Tama\u00f1o<\/td><td>550*400*800mm<\/td><td>800*600*900mm<\/td><td>1000*800*1430mm<\/td><td>1100*1000*1560mm<\/td><\/tr><tr><td>Peso<\/td><td>38kg<\/td><td>85kg<\/td><td>205 kilos<\/td><td>220 kilos<\/td><\/tr><\/tbody><\/table><figcaption class=\"wp-element-caption\">Datos t\u00e9cnicos de equipos de recubrimiento de man\u00ed<\/figcaption><\/figure>   <div class=\"wp-block-image\"> <figure class=\"aligncenter size-full\"><img loading=\"lazy\" decoding=\"async\" width=\"720\" height=\"540\" src=\"https:\/\/www.peanuts-machine.com\/wp-content\/uploads\/2022\/08\/peanut-candy-coating-machine.webp\" alt=\"m\u00e1quina de recubrimiento de caramelo de man\u00ed\" class=\"wp-image-652\" title=\"\" srcset=\"https:\/\/www.peanuts-machine.com\/wp-content\/uploads\/2022\/08\/peanut-candy-coating-machine.webp 720w, https:\/\/www.peanuts-machine.com\/wp-content\/uploads\/2022\/08\/peanut-candy-coating-machine-300x225.webp 300w, https:\/\/www.peanuts-machine.com\/wp-content\/uploads\/2022\/08\/peanut-candy-coating-machine-16x12.webp 16w\" sizes=\"auto, (max-width: 720px) 100vw, 720px\" \/><figcaption class=\"wp-element-caption\">m\u00e1quina de recubrimiento de caramelo de man\u00ed<\/figcaption><\/figure> <\/div>   <h2 class=\"wp-block-heading\">\u00bfPor qu\u00e9 hacer cacahuetes recubiertos?<\/h2>    <ul class=\"wp-block-list\"> <li>El recubrimiento de az\u00facar, especias y polvo de semillas de s\u00e9samo hace que los cacahuetes sean m\u00e1s crujientes y deliciosos.<\/li>    <li>Ingredientes como az\u00facar, harina de arroz glutinoso y leche de coco en el recubrimiento ayudan a reponer energ\u00eda y aumentar la saciedad.<\/li>    <li>El consumo moderado de cacahuetes recubiertos puede ayudar a estabilizar el az\u00facar en sangre al liberar az\u00facar lentamente.<\/li>    <li>Las prote\u00ednas de alta calidad y las grasas saludables en los cacahuetes, combinadas con la saciedad proporcionada por el recubrimiento, pueden tener beneficios potenciales para la salud cardiovascular y el control del peso.<\/li>    <li>Aunque son nutritivos, el recubrimiento a\u00f1ade calor\u00edas y az\u00facar, por lo que se recomienda que se utilicen como un bocadillo y que se controle la ingesta.<\/li> <\/ul>   <div class=\"wp-block-image\"> <figure class=\"aligncenter size-full\"><img loading=\"lazy\" decoding=\"async\" width=\"720\" height=\"540\" src=\"https:\/\/www.peanuts-machine.com\/wp-content\/uploads\/2022\/08\/nut-coating-machine.webp\" alt=\"m\u00e1quina de recubrimiento de nueces\" class=\"wp-image-656\" title=\"\" srcset=\"https:\/\/www.peanuts-machine.com\/wp-content\/uploads\/2022\/08\/nut-coating-machine.webp 720w, https:\/\/www.peanuts-machine.com\/wp-content\/uploads\/2022\/08\/nut-coating-machine-300x225.webp 300w, https:\/\/www.peanuts-machine.com\/wp-content\/uploads\/2022\/08\/nut-coating-machine-16x12.webp 16w\" sizes=\"auto, (max-width: 720px) 100vw, 720px\" \/><figcaption class=\"wp-element-caption\">m\u00e1quina de recubrimiento de nueces<\/figcaption><\/figure> <\/div>  <div class=\"wp-block-image\"> <figure class=\"aligncenter size-full\"><img loading=\"lazy\" decoding=\"async\" width=\"720\" height=\"540\" src=\"https:\/\/www.peanuts-machine.com\/wp-content\/uploads\/2022\/08\/sugar-coating-machine-in-stock.webp\" alt=\"m\u00e1quina de recubrimiento de az\u00facar en stock\" class=\"wp-image-130\" title=\"\" srcset=\"https:\/\/www.peanuts-machine.com\/wp-content\/uploads\/2022\/08\/sugar-coating-machine-in-stock.webp 720w, https:\/\/www.peanuts-machine.com\/wp-content\/uploads\/2022\/08\/sugar-coating-machine-in-stock-300x225.webp 300w\" sizes=\"auto, (max-width: 720px) 100vw, 720px\" \/><figcaption class=\"wp-element-caption\">m\u00e1quina de recubrimiento de az\u00facar en stock<\/figcaption><\/figure> <\/div>   <h2 class=\"wp-block-heading\" id=\"h-peanut-coating-machine-for-sale\">M\u00e1quinas de recubrimiento de nueces en venta<\/h2>    <p class=\"translation-block\">Tambi\u00e9n es la m\u00e1quina m\u00e1s importante de la <a href=\"https:\/\/www.peanuts-machine.com\/es\/product\/coated-peanut-production-line\/\">l\u00ednea de producci\u00f3n de cacahuete recubierto de harina<\/a>. Ofrecemos una gama de modelos para m\u00e1quinas de hacer cacahuetes recubiertos, lo que significa que el precio puede variar seg\u00fan la m\u00e1quina espec\u00edfica. Adem\u00e1s, podemos adaptar la m\u00e1quina para satisfacer los requisitos \u00fanicos de nuestros clientes. Si est\u00e1s interesado en esta m\u00e1quina, no dudes en ponerte en contacto con nosotros.<\/p>    <figure class=\"wp-block-embed aligncenter is-type-video is-provider-youtube wp-block-embed-youtube wp-embed-aspect-16-9 wp-has-aspect-ratio\"><div class=\"wp-block-embed__wrapper\"> <iframe loading=\"lazy\" title=\"M\u00e1quina de recubrimiento de man\u00ed | El v\u00eddeo de c\u00f3mo hacer man\u00ed recubierto\" width=\"500\" height=\"281\" src=\"https:\/\/www.youtube.com\/embed\/b38_jr7zqyU?feature=oembed\" frameborder=\"0\" allow=\"accelerometer; autoplay; clipboard-write; encrypted-media; gyroscope; picture-in-picture; web-share\" referrerpolicy=\"strict-origin-when-cross-origin\" allowfullscreen><\/iframe> <\/div><figcaption class=\"wp-element-caption\">Video con m\u00e1quina de fabricaci\u00f3n de man\u00ed recubierto<\/figcaption><\/figure>","protected":false},"excerpt":{"rendered":"<p>La m\u00e1quina para fabricar man\u00ed recubierto es adecuada para procesar todo tipo de man\u00ed y otros productos recubiertos. Es ideal para las industrias farmac\u00e9utica, alimentaria y qu\u00edmica.<\/p>","protected":false},"author":1,"featured_media":128,"parent":0,"template":"","tags":[43],"product-type":[53,46],"class_list":["post-124","product","type-product","status-publish","has-post-thumbnail","hentry","tag-coated-peanut","product-type-peanut-coating-machine","product-type-products"],"_links":{"self":[{"href":"https:\/\/www.peanuts-machine.com\/es\/wp-json\/wp\/v2\/product\/124","targetHints":{"allow":["GET"]}}],"collection":[{"href":"https:\/\/www.peanuts-machine.com\/es\/wp-json\/wp\/v2\/product"}],"about":[{"href":"https:\/\/www.peanuts-machine.com\/es\/wp-json\/wp\/v2\/types\/product"}],"author":[{"embeddable":true,"href":"https:\/\/www.peanuts-machine.com\/es\/wp-json\/wp\/v2\/users\/1"}],"wp:featuredmedia":[{"embeddable":true,"href":"https:\/\/www.peanuts-machine.com\/es\/wp-json\/wp\/v2\/media\/128"}],"wp:attachment":[{"href":"https:\/\/www.peanuts-machine.com\/es\/wp-json\/wp\/v2\/media?parent=124"}],"wp:term":[{"taxonomy":"post_tag","embeddable":true,"href":"https:\/\/www.peanuts-machine.com\/es\/wp-json\/wp\/v2\/tags?post=124"},{"taxonomy":"product-type","embeddable":true,"href":"https:\/\/www.peanuts-machine.com\/es\/wp-json\/wp\/v2\/product-type?post=124"}],"curies":[{"name":"wp","href":"https:\/\/api.w.org\/{rel}","templated":true}]}}