{"id":287,"date":"2022-12-26T14:46:04","date_gmt":"2022-12-26T06:46:04","guid":{"rendered":"https:\/\/www.peanuts-machine.com\/?post_type=product&#038;p=287"},"modified":"2026-01-12T17:22:25","modified_gmt":"2026-01-12T09:22:25","slug":"peanut-grading-machine","status":"publish","type":"product","link":"https:\/\/www.peanuts-machine.com\/es\/product\/peanut-grading-machine\/","title":{"rendered":"M\u00e1quina de clasificaci\u00f3n de cacahuetes | M\u00e1quina de clasificaci\u00f3n y clasificaci\u00f3n de frutos secos"},"content":{"rendered":"<div class=\"kk-star-ratings kksr-auto kksr-align-left kksr-valign-top\"     data-payload='{&quot;align&quot;:&quot;left&quot;,&quot;id&quot;:&quot;287&quot;,&quot;slug&quot;:&quot;default&quot;,&quot;valign&quot;:&quot;top&quot;,&quot;ignore&quot;:&quot;&quot;,&quot;reference&quot;:&quot;auto&quot;,&quot;class&quot;:&quot;&quot;,&quot;count&quot;:&quot;18&quot;,&quot;legendonly&quot;:&quot;&quot;,&quot;readonly&quot;:&quot;&quot;,&quot;score&quot;:&quot;4.5&quot;,&quot;starsonly&quot;:&quot;&quot;,&quot;best&quot;:&quot;5&quot;,&quot;gap&quot;:&quot;5&quot;,&quot;greet&quot;:&quot;Rate this product&quot;,&quot;legend&quot;:&quot;4.5\\\/5 - (18 votos)&quot;,&quot;size&quot;:&quot;24&quot;,&quot;title&quot;:&quot;Peanut Grading Machine | Nut Grading Sorting Machine&quot;,&quot;width&quot;:&quot;128&quot;,&quot;_legend&quot;:&quot;{score}\\\/{best} - ({count} {votes})&quot;,&quot;font_factor&quot;:&quot;1.25&quot;}'>              <div class=\"kksr-stars\">      <div class=\"kksr-stars-inactive\">             <div class=\"kksr-star\" data-star=\"1\" style=\"padding-right: 5px\">               <div class=\"kksr-icon\" style=\"width: 24px; height: 24px;\"><\/div>         <\/div>             <div class=\"kksr-star\" data-star=\"2\" style=\"padding-right: 5px\">               <div class=\"kksr-icon\" style=\"width: 24px; height: 24px;\"><\/div>         <\/div>             <div class=\"kksr-star\" data-star=\"3\" style=\"padding-right: 5px\">               <div class=\"kksr-icon\" style=\"width: 24px; height: 24px;\"><\/div>         <\/div>             <div class=\"kksr-star\" data-star=\"4\" style=\"padding-right: 5px\">               <div class=\"kksr-icon\" style=\"width: 24px; height: 24px;\"><\/div>         <\/div>             <div class=\"kksr-star\" data-star=\"5\" style=\"padding-right: 5px\">               <div class=\"kksr-icon\" style=\"width: 24px; height: 24px;\"><\/div>         <\/div>     <\/div>      <div class=\"kksr-stars-active\" style=\"width: 128px;\">             <div class=\"kksr-star\" style=\"padding-right: 5px\">               <div class=\"kksr-icon\" style=\"width: 24px; height: 24px;\"><\/div>         <\/div>             <div class=\"kksr-star\" style=\"padding-right: 5px\">               <div class=\"kksr-icon\" style=\"width: 24px; height: 24px;\"><\/div>         <\/div>             <div class=\"kksr-star\" style=\"padding-right: 5px\">               <div class=\"kksr-icon\" style=\"width: 24px; height: 24px;\"><\/div>         <\/div>             <div class=\"kksr-star\" style=\"padding-right: 5px\">               <div class=\"kksr-icon\" style=\"width: 24px; height: 24px;\"><\/div>         <\/div>             <div class=\"kksr-star\" style=\"padding-right: 5px\">               <div class=\"kksr-icon\" style=\"width: 24px; height: 24px;\"><\/div>         <\/div>     <\/div> <\/div>                   <div class=\"kksr-legend\" style=\"font-size: 19.2px;\">             4,5\/5 - (18 votos)    <\/div>     <\/div>  <p>La m\u00e1quina de clasificaci\u00f3n de cacahuetes se utiliza principalmente para la clasificaci\u00f3n precisa de materiales como semillas de albaricoque, kernels de cacahuete, almendras, avellanas, nueces de macadamia y soja en diferentes especificaciones. Pueden clasificar materiales en 3\u20135 categor\u00edas a la vez seg\u00fan el tama\u00f1o, facilitando el almacenamiento, el envasado y las ventas por grados.<\/p>    <p>Toda la m\u00e1quina consiste en un cuerpo de criba vibrante de m\u00faltiples capas, com\u00fanmente configurado con tres o cuatro capas de cribado. Los tama\u00f1os de la abertura de la criba suelen oscilar entre 6\u201310 mm, permitiendo reemplazar flexiblemente las placas de cribado para adaptar materiales diferentes, asegurando una fuerte adaptabilidad.<\/p>    <figure class=\"wp-block-embed aligncenter is-type-video is-provider-youtube wp-block-embed-youtube wp-embed-aspect-16-9 wp-has-aspect-ratio\"><div class=\"wp-block-embed__wrapper\"> <iframe loading=\"lazy\" title=\"Nut Grading &amp; Screening Machine in Action | Fast and Accurate Sorting\ud83c\udf30#nutmachine #grader\" width=\"500\" height=\"281\" src=\"https:\/\/www.youtube.com\/embed\/iaqTVIZFy7U?feature=oembed\" frameborder=\"0\" allow=\"accelerometer; autoplay; clipboard-write; encrypted-media; gyroscope; picture-in-picture; web-share\" referrerpolicy=\"strict-origin-when-cross-origin\" allowfullscreen><\/iframe> <\/div><figcaption class=\"wp-element-caption\">Video de funcionamiento de la m\u00e1quina autom\u00e1tica de clasificaci\u00f3n de frutos secos<\/figcaption><\/figure>    <p>Construida completamente de acero al carbono, esta m\u00e1quina de clasificaci\u00f3n de cacahuetes mantiene bajas tasas de rotura y alta precisi\u00f3n de clasificaci\u00f3n durante la operaci\u00f3n continua. Un \u00e1ngulo de inclinaci\u00f3n de la criba racional y una estructura de retorno de material aseguran un cribado exhaustivo en cada capa antes de avanzar a la siguiente, evitando eficazmente la confusi\u00f3n de clasificaci\u00f3n.<\/p>    <h2 class=\"wp-block-heading\">\u00bfQu\u00e9 materiales puede procesar la m\u00e1quina?<\/h2>    <ul class=\"wp-block-list\"> <li>Industria de procesamiento de nueces: clasificaci\u00f3n de semillas de cacahuete, almendras, avellanas, anacardos, pistachos, nueces de macadamia, etc.<\/li>    <li>Clasificaci\u00f3n de legumbres: clasificaci\u00f3n por tama\u00f1o de productos agr\u00edcolas como soja, porotos mung y porotos rojos.<\/li>    <li>Procesamiento primario agr\u00edcola: utilizado para el pretratamiento de materias primas para mejorar la estandarizaci\u00f3n del producto.<\/li>    <li>Empresas de comercio y envasado de frutos secos: ofrece soporte s\u00f3lido de cribado en la etapa inicial para precios clasificados y envasado por especificaci\u00f3n.<\/li> <\/ul>    <figure class=\"wp-block-gallery has-nested-images columns-default is-cropped wp-block-gallery-2 is-layout-flex wp-block-gallery-is-layout-flex\"> <figure class=\"wp-block-image size-large\"><img loading=\"lazy\" decoding=\"async\" width=\"720\" height=\"540\" data-id=\"950\" src=\"https:\/\/www.peanuts-machine.com\/wp-content\/uploads\/2022\/12\/nut-separator-machine.webp\" alt=\"m\u00e1quina separadora de nueces\" class=\"wp-image-950\" title=\"\" srcset=\"https:\/\/www.peanuts-machine.com\/wp-content\/uploads\/2022\/12\/nut-separator-machine.webp 720w, https:\/\/www.peanuts-machine.com\/wp-content\/uploads\/2022\/12\/nut-separator-machine-300x225.webp 300w, https:\/\/www.peanuts-machine.com\/wp-content\/uploads\/2022\/12\/nut-separator-machine-16x12.webp 16w\" sizes=\"auto, (max-width: 720px) 100vw, 720px\" \/><figcaption class=\"wp-element-caption\">m\u00e1quina separadora de nueces<\/figcaption><\/figure>    <figure class=\"wp-block-image size-large\"><img loading=\"lazy\" decoding=\"async\" width=\"720\" height=\"540\" data-id=\"951\" src=\"https:\/\/www.peanuts-machine.com\/wp-content\/uploads\/2022\/12\/peanut-grader-and-sorter.webp\" alt=\"clasificador y clasificaci\u00f3n de cacahuetes\" class=\"wp-image-951\" title=\"\" srcset=\"https:\/\/www.peanuts-machine.com\/wp-content\/uploads\/2022\/12\/peanut-grader-and-sorter.webp 720w, https:\/\/www.peanuts-machine.com\/wp-content\/uploads\/2022\/12\/peanut-grader-and-sorter-300x225.webp 300w, https:\/\/www.peanuts-machine.com\/wp-content\/uploads\/2022\/12\/peanut-grader-and-sorter-16x12.webp 16w\" sizes=\"auto, (max-width: 720px) 100vw, 720px\" \/><figcaption class=\"wp-element-caption\">clasificador y clasificaci\u00f3n de cacahuetes<\/figcaption><\/figure> <\/figure>    <h2 class=\"wp-block-heading\">Ventajas de la m\u00e1quina de clasificaci\u00f3n de cacahuetes<\/h2>    <ul class=\"wp-block-list\"> <li>Fuerte capacidad de clasificaci\u00f3n multinivel: logra 3\u20135 niveles de cribado, con recuentos de capas personalizables seg\u00fan los requisitos del cliente.<\/li>    <li>Alta precisi\u00f3n de clasificaci\u00f3n: el dise\u00f1o de la placa de retorno evita que el material no clasificado caiga directamente a las capas inferiores.<\/li>    <li>Operaci\u00f3n estable y fiable: mecanismo de empuje accionado por pi\u00f1\u00f3n y cadena garantiza un movimiento rec\u00edproco suave y consistente del cuerpo de cribado.<\/li>    <li>Resistente a obstrucciones: frecuencia de vibraci\u00f3n \u00f3ptima y dise\u00f1o de abertura de cribado para mantener un flujo sin obstrucciones incluso a alto rendimiento.<\/li>    <li>Operaci\u00f3n simple: alto grado de automatizaci\u00f3n requiere solo la alimentaci\u00f3n de material para la clasificaci\u00f3n continua.<\/li>    <li>Amplia aplicabilidad: una sola unidad procesa m\u00faltiples nueces y legumbres, maximizando la utilizaci\u00f3n del equipo.<\/li> <\/ul>    <figure class=\"wp-block-gallery has-nested-images columns-default is-cropped wp-block-gallery-3 is-layout-flex wp-block-gallery-is-layout-flex\"> <figure class=\"wp-block-image size-large\"><img loading=\"lazy\" decoding=\"async\" width=\"720\" height=\"540\" data-id=\"953\" src=\"https:\/\/www.peanuts-machine.com\/wp-content\/uploads\/2022\/12\/nut-sorting-machine.webp\" alt=\"m\u00e1quina clasificadora de frutos secos\" class=\"wp-image-953\" title=\"\" srcset=\"https:\/\/www.peanuts-machine.com\/wp-content\/uploads\/2022\/12\/nut-sorting-machine.webp 720w, https:\/\/www.peanuts-machine.com\/wp-content\/uploads\/2022\/12\/nut-sorting-machine-300x225.webp 300w, https:\/\/www.peanuts-machine.com\/wp-content\/uploads\/2022\/12\/nut-sorting-machine-16x12.webp 16w\" sizes=\"auto, (max-width: 720px) 100vw, 720px\" \/><figcaption class=\"wp-element-caption\">m\u00e1quina clasificadora de frutos secos<\/figcaption><\/figure>    <figure class=\"wp-block-image size-large\"><img loading=\"lazy\" decoding=\"async\" width=\"720\" height=\"540\" data-id=\"952\" src=\"https:\/\/www.peanuts-machine.com\/wp-content\/uploads\/2022\/12\/nut-screening-machine.webp\" alt=\"m\u00e1quina de cribado de nueces\" class=\"wp-image-952\" title=\"\" srcset=\"https:\/\/www.peanuts-machine.com\/wp-content\/uploads\/2022\/12\/nut-screening-machine.webp 720w, https:\/\/www.peanuts-machine.com\/wp-content\/uploads\/2022\/12\/nut-screening-machine-300x225.webp 300w, https:\/\/www.peanuts-machine.com\/wp-content\/uploads\/2022\/12\/nut-screening-machine-16x12.webp 16w\" sizes=\"auto, (max-width: 720px) 100vw, 720px\" \/><figcaption class=\"wp-element-caption\">m\u00e1quina de cribado de nueces<\/figcaption><\/figure> <\/figure>    <h2 class=\"wp-block-heading\">Principio de funcionamiento de la clasificador de nueces<\/h2>    <ol class=\"wp-block-list\"> <li>La criba de clasificaci\u00f3n de cacahuetes utiliza un mecanismo de varilla de empuje accionado por un pi\u00f1\u00f3n y una cadena para inducir una vibraci\u00f3n rec\u00edproca r\u00edtmica a trav\u00e9s de varias capas de cribado.<\/li>    <li>Despu\u00e9s de entrar en el sistema de cribado a trav\u00e9s de la entrada de alimentaci\u00f3n, los materiales avanzan a trav\u00e9s de la superficie de la criba bajo vibraci\u00f3n.<\/li>    <li>Los materiales de diferentes tama\u00f1os pasan secuencialmente a trav\u00e9s de las capas de cribado correspondientes seg\u00fan el tama\u00f1o de la abertura. Cada capa incorpora una placa de retorno debajo de ella, asegurando una cribado completo en la superficie antes de avanzar a las etapas siguientes.<\/li>    <li>Finalmente, las nueces o frijoles de especificaciones distintas se descargan por separado a trav\u00e9s de las salidas correspondientes, logrando operaciones de clasificaci\u00f3n precisas y eficientes.<\/li> <\/ol>    <figure class=\"wp-block-gallery has-nested-images columns-default is-cropped wp-block-gallery-4 is-layout-flex wp-block-gallery-is-layout-flex\"> <figure class=\"wp-block-image size-large\"><img loading=\"lazy\" decoding=\"async\" width=\"720\" height=\"540\" data-id=\"954\" src=\"https:\/\/www.peanuts-machine.com\/wp-content\/uploads\/2022\/12\/nut-grader-for-sale.webp\" alt=\"clasificador de nueces en venta\" class=\"wp-image-954\" title=\"\" srcset=\"https:\/\/www.peanuts-machine.com\/wp-content\/uploads\/2022\/12\/nut-grader-for-sale.webp 720w, https:\/\/www.peanuts-machine.com\/wp-content\/uploads\/2022\/12\/nut-grader-for-sale-300x225.webp 300w, https:\/\/www.peanuts-machine.com\/wp-content\/uploads\/2022\/12\/nut-grader-for-sale-16x12.webp 16w\" sizes=\"auto, (max-width: 720px) 100vw, 720px\" \/><figcaption class=\"wp-element-caption\">clasificador de nueces en venta<\/figcaption><\/figure>    <figure class=\"wp-block-image size-large\"><img loading=\"lazy\" decoding=\"async\" width=\"720\" height=\"540\" data-id=\"955\" src=\"https:\/\/www.peanuts-machine.com\/wp-content\/uploads\/2022\/12\/peanut-grading-machine-1.webp\" alt=\"clasificadora de man\u00ed\" class=\"wp-image-955\" title=\"\" srcset=\"https:\/\/www.peanuts-machine.com\/wp-content\/uploads\/2022\/12\/peanut-grading-machine-1.webp 720w, https:\/\/www.peanuts-machine.com\/wp-content\/uploads\/2022\/12\/peanut-grading-machine-1-300x225.webp 300w, https:\/\/www.peanuts-machine.com\/wp-content\/uploads\/2022\/12\/peanut-grading-machine-1-16x12.webp 16w\" sizes=\"auto, (max-width: 720px) 100vw, 720px\" \/><figcaption class=\"wp-element-caption\">clasificadora de man\u00ed<\/figcaption><\/figure> <\/figure>    <h2 class=\"wp-block-heading\">Datos t\u00e9cnicos de la m\u00e1quina clasificador de nueces<\/h2>    <figure class=\"wp-block-table is-style-stripes\"><table class=\"has-fixed-layout\"><tbody><tr><td class=\"has-text-align-center\" data-align=\"center\"><strong>Nivel de cribado<\/strong><\/td><td class=\"has-text-align-center\" data-align=\"center\"><strong>Dimensiones<br>(LxAnxAl)<\/strong><\/td><td class=\"has-text-align-center\" data-align=\"center\"><strong>Capacidad<\/strong><\/td><td class=\"has-text-align-center\" data-align=\"center\"><strong>Peso<\/strong><\/td><td class=\"has-text-align-center\" data-align=\"center\"><strong>Fuerza<\/strong><\/td><td class=\"has-text-align-center\" data-align=\"center\"><strong>Voltaje<\/strong><\/td><td class=\"has-text-align-center\" data-align=\"center\"><strong>Frecuencia<\/strong><\/td><\/tr><tr><td class=\"has-text-align-center\" data-align=\"center\"><strong>Criba de un solo nivel<\/strong><\/td><td class=\"has-text-align-center\" data-align=\"center\">1.6 \u00d7 0.8 \u00d7 0.6 m<\/td><td class=\"has-text-align-center\" data-align=\"center\">150 kg\/h<\/td><td class=\"has-text-align-center\" data-align=\"center\">260 kg<\/td><td class=\"has-text-align-center\" data-align=\"center\">0.18 kW<\/td><td class=\"has-text-align-center\" data-align=\"center\">380 V<\/td><td class=\"has-text-align-center\" data-align=\"center\">50 Hz<\/td><\/tr><tr><td class=\"has-text-align-center\" data-align=\"center\"><strong>Criba de dos niveles<\/strong><\/td><td class=\"has-text-align-center\" data-align=\"center\">2.4 \u00d7 0.8 \u00d7 1.4 m<\/td><td class=\"has-text-align-center\" data-align=\"center\">200 kg\/h<\/td><td class=\"has-text-align-center\" data-align=\"center\">260 kg<\/td><td class=\"has-text-align-center\" data-align=\"center\">1.1 kW<\/td><td class=\"has-text-align-center\" data-align=\"center\">380 V<\/td><td class=\"has-text-align-center\" data-align=\"center\">50 Hz<\/td><\/tr><tr><td class=\"has-text-align-center\" data-align=\"center\"><strong>Criba de tres niveles<\/strong><\/td><td class=\"has-text-align-center\" data-align=\"center\">2.4 \u00d7 0.8 \u00d7 1.6 m<\/td><td class=\"has-text-align-center\" data-align=\"center\">600\u2013800 kg\/h<\/td><td class=\"has-text-align-center\" data-align=\"center\">300 kg<\/td><td class=\"has-text-align-center\" data-align=\"center\">1.1 kW<\/td><td class=\"has-text-align-center\" data-align=\"center\">380 V<\/td><td class=\"has-text-align-center\" data-align=\"center\">50 Hz<\/td><\/tr><tr><td class=\"has-text-align-center\" data-align=\"center\"><strong>Criba de cuatro niveles<\/strong><\/td><td class=\"has-text-align-center\" data-align=\"center\">2.4 \u00d7 0.8 \u00d7 1.9 m<\/td><td class=\"has-text-align-center\" data-align=\"center\">600\u2013800 kg\/h<\/td><td class=\"has-text-align-center\" data-align=\"center\">300 kg<\/td><td class=\"has-text-align-center\" data-align=\"center\">1.5 kW<\/td><td class=\"has-text-align-center\" data-align=\"center\">380 V<\/td><td class=\"has-text-align-center\" data-align=\"center\">50 Hz<\/td><\/tr><tr><td class=\"has-text-align-center\" data-align=\"center\"><strong>Criba de cinco niveles<\/strong><\/td><td class=\"has-text-align-center\" data-align=\"center\">2.4 \u00d7 0.8 \u00d7 2.2 m<\/td><td class=\"has-text-align-center\" data-align=\"center\">500 kg\/h<\/td><td class=\"has-text-align-center\" data-align=\"center\">500 kg<\/td><td class=\"has-text-align-center\" data-align=\"center\">1.5 kW<\/td><td class=\"has-text-align-center\" data-align=\"center\">380 V<\/td><td class=\"has-text-align-center\" data-align=\"center\">50 Hz<\/td><\/tr><\/tbody><\/table><figcaption class=\"wp-element-caption\">M\u00e1quina de Clasificaci\u00f3n y Cribado de Nueces \u2013 Par\u00e1metros T\u00e9cnicos<\/figcaption><\/figure>    <h2 class=\"wp-block-heading\">Preguntas frecuentes<\/h2>   <div id=\"rank-math-faq\" class=\"rank-math-block\"> <div class=\"rank-math-list\"> <div id=\"faq-question-1768207753884\" class=\"rank-math-list-item\"> <h3 class=\"rank-math-question\">\u00bfCu\u00e1ntas categor\u00edas puede clasificar como m\u00e1ximo la m\u00e1quina de clasificaci\u00f3n de cacahuetes?<\/h3> <div class=\"rank-math-answer\">  <p>Puede configurarse para 1\u20135 grados de cribado seg\u00fan los requisitos, siendo 3 o 4 grados los m\u00e1s com\u00fanmente usados.<\/p>  <\/div> <\/div> <div id=\"faq-question-1768207792132\" class=\"rank-math-list-item\"> <h3 class=\"rank-math-question\">\u00bfLa abertura de la criba puede cambiarse o personalizarse?<\/h3> <div class=\"rank-math-answer\">  <p>S\u00ed. Las aberturas de las placas de cribado pueden personalizarse para diferentes variedades de nueces y est\u00e1ndares de clasificaci\u00f3n, y son f\u00e1ciles de reemplazar.<\/p>  <\/div> <\/div> <div id=\"faq-question-1768207804264\" class=\"rank-math-list-item\"> <h3 class=\"rank-math-question\">\u00bfSe triturar\u00e1n las nueces durante el cribado?<\/h3> <div class=\"rank-math-answer\">  <p>No. La m\u00e1quina de clasificaci\u00f3n de cacahuetes utiliza un m\u00e9todo de vibraci\u00f3n racional y un dise\u00f1o estructural, resultando en bajas tasas de rotura.<\/p>  <\/div> <\/div> <div id=\"faq-question-1768207818576\" class=\"rank-math-list-item\"> <h3 class=\"rank-math-question\">\u00bfLa maquinaria obstruye las aberturas de la criba durante su operaci\u00f3n?<\/h3> <div class=\"rank-math-answer\">  <p>La obstrucci\u00f3n es improbable. El cuerpo de la criba vibra de forma estable y presenta una estructura de placa de retorno para asegurar una clasificaci\u00f3n exhaustiva.<\/p>  <\/div> <\/div> <div id=\"faq-question-1768207834761\" class=\"rank-math-list-item\"> <h3 class=\"rank-math-question\">\u00bfQu\u00e9 configuraci\u00f3n de potencia requiere el equipo?<\/h3> <div class=\"rank-math-answer\">  <p>La configuraci\u00f3n est\u00e1ndar es 380V, 50Hz, y puede ajustarse seg\u00fan los requisitos del cliente.<\/p>  <\/div> <\/div> <\/div> <\/div>   <p class=\"translation-block\">Como proveedor de maquinaria de procesamiento de cacahuete con amplia experiencia de producci\u00f3n, tambi\u00e9n contamos con la  m\u00e1quina de cacahuetes tostados ,  m\u00e1quina comercial de mantequilla de cacahuete , y otras m\u00e1quinas.<\/p>    <p>Si\u00e9ntase libre de contactarnos en cualquier momento para obtener especificaciones detalladas, opciones de configuraci\u00f3n y informaci\u00f3n de precios para obtener una soluci\u00f3n profesional adaptada a sus necesidades de producci\u00f3n.<\/p>","protected":false},"excerpt":{"rendered":"<p>La m\u00e1quina clasificadora de cacahuetes puede clasificar con precisi\u00f3n cacahuetes, almendras, avellanas y otros frutos secos en m\u00faltiples especificaciones en una sola pasada, con una alta eficiencia de cribado y bajas tasas de rotura.<\/p>","protected":false},"author":1,"featured_media":958,"parent":0,"template":"","tags":[56,36],"product-type":[48,46],"class_list":["post-287","product","type-product","status-publish","has-post-thumbnail","hentry","tag-nut","tag-peanut","product-type-peanut-grading-machine","product-type-products"],"_links":{"self":[{"href":"https:\/\/www.peanuts-machine.com\/es\/wp-json\/wp\/v2\/product\/287","targetHints":{"allow":["GET"]}}],"collection":[{"href":"https:\/\/www.peanuts-machine.com\/es\/wp-json\/wp\/v2\/product"}],"about":[{"href":"https:\/\/www.peanuts-machine.com\/es\/wp-json\/wp\/v2\/types\/product"}],"author":[{"embeddable":true,"href":"https:\/\/www.peanuts-machine.com\/es\/wp-json\/wp\/v2\/users\/1"}],"wp:featuredmedia":[{"embeddable":true,"href":"https:\/\/www.peanuts-machine.com\/es\/wp-json\/wp\/v2\/media\/958"}],"wp:attachment":[{"href":"https:\/\/www.peanuts-machine.com\/es\/wp-json\/wp\/v2\/media?parent=287"}],"wp:term":[{"taxonomy":"post_tag","embeddable":true,"href":"https:\/\/www.peanuts-machine.com\/es\/wp-json\/wp\/v2\/tags?post=287"},{"taxonomy":"product-type","embeddable":true,"href":"https:\/\/www.peanuts-machine.com\/es\/wp-json\/wp\/v2\/product-type?post=287"}],"curies":[{"name":"wp","href":"https:\/\/api.w.org\/{rel}","templated":true}]}}