{"id":294,"date":"2022-12-30T15:22:40","date_gmt":"2022-12-30T07:22:40","guid":{"rendered":"https:\/\/www.peanuts-machine.com\/?post_type=product&#038;p=294"},"modified":"2026-01-13T15:49:31","modified_gmt":"2026-01-13T07:49:31","slug":"small-scale-peanut-butter-making-machine","status":"publish","type":"product","link":"https:\/\/www.peanuts-machine.com\/es\/product\/small-scale-peanut-butter-making-machine\/","title":{"rendered":"M\u00e1quina para fabricar mantequilla de man\u00ed a peque\u00f1a escala para la venta"},"content":{"rendered":"<div class=\"kk-star-ratings kksr-auto kksr-align-left kksr-valign-top\"     data-payload='{&quot;align&quot;:&quot;left&quot;,&quot;id&quot;:&quot;294&quot;,&quot;slug&quot;:&quot;default&quot;,&quot;valign&quot;:&quot;top&quot;,&quot;ignore&quot;:&quot;&quot;,&quot;reference&quot;:&quot;auto&quot;,&quot;class&quot;:&quot;&quot;,&quot;count&quot;:&quot;30&quot;,&quot;legendonly&quot;:&quot;&quot;,&quot;readonly&quot;:&quot;&quot;,&quot;score&quot;:&quot;4.8&quot;,&quot;starsonly&quot;:&quot;&quot;,&quot;best&quot;:&quot;5&quot;,&quot;gap&quot;:&quot;5&quot;,&quot;greet&quot;:&quot;Rate this product&quot;,&quot;legend&quot;:&quot;4.8\\\/5 - (30 votos)&quot;,&quot;size&quot;:&quot;24&quot;,&quot;title&quot;:&quot;Small Scale Peanut Butter Making Machine for Sale&quot;,&quot;width&quot;:&quot;136.7&quot;,&quot;_legend&quot;:&quot;{score}\\\/{best} - ({count} {votes})&quot;,&quot;font_factor&quot;:&quot;1.25&quot;}'>              <div class=\"kksr-stars\">      <div class=\"kksr-stars-inactive\">             <div class=\"kksr-star\" data-star=\"1\" style=\"padding-right: 5px\">               <div class=\"kksr-icon\" style=\"width: 24px; height: 24px;\"><\/div>         <\/div>             <div class=\"kksr-star\" data-star=\"2\" style=\"padding-right: 5px\">               <div class=\"kksr-icon\" style=\"width: 24px; height: 24px;\"><\/div>         <\/div>             <div class=\"kksr-star\" data-star=\"3\" style=\"padding-right: 5px\">               <div class=\"kksr-icon\" style=\"width: 24px; height: 24px;\"><\/div>         <\/div>             <div class=\"kksr-star\" data-star=\"4\" style=\"padding-right: 5px\">               <div class=\"kksr-icon\" style=\"width: 24px; height: 24px;\"><\/div>         <\/div>             <div class=\"kksr-star\" data-star=\"5\" style=\"padding-right: 5px\">               <div class=\"kksr-icon\" style=\"width: 24px; height: 24px;\"><\/div>         <\/div>     <\/div>      <div class=\"kksr-stars-active\" style=\"width: 136.7px;\">             <div class=\"kksr-star\" style=\"padding-right: 5px\">               <div class=\"kksr-icon\" style=\"width: 24px; height: 24px;\"><\/div>         <\/div>             <div class=\"kksr-star\" style=\"padding-right: 5px\">               <div class=\"kksr-icon\" style=\"width: 24px; height: 24px;\"><\/div>         <\/div>             <div class=\"kksr-star\" style=\"padding-right: 5px\">               <div class=\"kksr-icon\" style=\"width: 24px; height: 24px;\"><\/div>         <\/div>             <div class=\"kksr-star\" style=\"padding-right: 5px\">               <div class=\"kksr-icon\" style=\"width: 24px; height: 24px;\"><\/div>         <\/div>             <div class=\"kksr-star\" style=\"padding-right: 5px\">               <div class=\"kksr-icon\" style=\"width: 24px; height: 24px;\"><\/div>         <\/div>     <\/div> <\/div>                   <div class=\"kksr-legend\" style=\"font-size: 19.2px;\">             4,8\/5 - (30 votos)    <\/div>     <\/div>  <p>La m\u00e1quina para hacer mantequilla de man\u00ed a peque\u00f1a escala es un aparato vers\u00e1til dise\u00f1ado para crear una variedad de productos para untar sabrosos, nutritivos y frescos, que incluyen mantequilla de man\u00ed y pasta de semillas de s\u00e9samo. Adem\u00e1s, puede moler varios ingredientes para preparar leche de man\u00ed, leche proteica, leche de soja, mermelada, mantequilla de pastel de luna, mantequilla de almendras y mantequilla de anacardo. <\/p>    <p>Esta m\u00e1quina est\u00e1 fabricada con acero inoxidable duradero y f\u00e1cil de limpiar y promete una larga vida \u00fatil. Con una notable capacidad para manejar tama\u00f1os de part\u00edculas controlados que van desde 100 a 150 micras y logrando una uniformidad superior al 90%, este molino se destaca como una opci\u00f3n superior en el procesamiento de polvo fino.<\/p>   <div class=\"wp-block-image\"> <figure class=\"aligncenter size-full\"><img loading=\"lazy\" decoding=\"async\" width=\"720\" height=\"540\" src=\"https:\/\/www.peanuts-machine.com\/wp-content\/uploads\/2022\/12\/small-scale-peanut-butter-making-machine.webp\" alt=\"M\u00e1quina para hacer mantequilla de man\u00ed a peque\u00f1a escala\" class=\"wp-image-297\" title=\"\" srcset=\"https:\/\/www.peanuts-machine.com\/wp-content\/uploads\/2022\/12\/small-scale-peanut-butter-making-machine.webp 720w, https:\/\/www.peanuts-machine.com\/wp-content\/uploads\/2022\/12\/small-scale-peanut-butter-making-machine-300x225.webp 300w\" sizes=\"auto, (max-width: 720px) 100vw, 720px\" \/><figcaption class=\"wp-element-caption\">M\u00e1quina para hacer mantequilla de man\u00ed a peque\u00f1a escala<\/figcaption><\/figure> <\/div>   <h2 class=\"wp-block-heading\">Aplicaci\u00f3n de la m\u00e1quina para hacer mantequilla de nueces.<\/h2>    <p>Esta m\u00e1quina para fabricar mantequilla de man\u00ed a peque\u00f1a escala es capaz de moler una variedad de ingredientes, incluidos man\u00ed, almendras, semillas de s\u00e9samo, tomates, anacardos, frijoles, guisantes, chiles, ajo y jengibre. Es ideal para usar en restaurantes, supermercados, peque\u00f1as plantas de procesamiento, grandes f\u00e1bricas y otros entornos industriales, lo que lo convierte en un activo valioso para cualquier negocio.<\/p>    <figure class=\"wp-block-embed aligncenter is-type-video is-provider-youtube wp-block-embed-youtube wp-embed-aspect-16-9 wp-has-aspect-ratio\"><div class=\"wp-block-embed__wrapper\"> <iframe loading=\"lazy\" title=\"\ud83e\udd5c High-Efficiency Peanut Butter Colloid Mill | Smooth &amp; Creamy Every Time#peanutbutter #colloidmill\" width=\"500\" height=\"281\" src=\"https:\/\/www.youtube.com\/embed\/tJwzcOk7gCE?feature=oembed\" frameborder=\"0\" allow=\"accelerometer; autoplay; clipboard-write; encrypted-media; gyroscope; picture-in-picture; web-share\" referrerpolicy=\"strict-origin-when-cross-origin\" allowfullscreen><\/iframe> <\/div><figcaption class=\"wp-element-caption\">Video de trabajo de la m\u00e1quina de molienda de mantequilla de man\u00ed<\/figcaption><\/figure>    <h2 class=\"wp-block-heading\">Caracter\u00edsticas del molino coloide de mantequilla de man\u00ed peque\u00f1o<\/h2>    <ul class=\"wp-block-list\"> <li>Los componentes principales de la m\u00e1quina est\u00e1n fabricados en acero inoxidable, lo que la hace f\u00e1cil de limpiar y muy duradera.<\/li>    <li>Las hojas abrasivas est\u00e1n fabricadas con material abrasivo de alta calidad con un fuerte agente adhesivo, lo que garantiza un rendimiento duradero.<\/li>    <li>El espacio entre las hojas abrasivas se puede ajustar para adaptarse a varios niveles de molienda.<\/li>    <li>Los cacahuetes se pueden procesar directamente para obtener mantequilla de man\u00ed sin necesidad de triturarlos previamente.<\/li>    <li>Su tama\u00f1o peque\u00f1o y dise\u00f1o compacto dan como resultado un espacio m\u00ednimo, lo que lo hace f\u00e1cil de usar y de mantener.<\/li>    <li>El alto rendimiento y la eficiencia lo convierten en una opci\u00f3n popular para aplicaciones dom\u00e9sticas y comerciales.<\/li>    <li>Esta m\u00e1quina para fabricar mantequilla de man\u00ed a peque\u00f1a escala tiene una amplia gama de usos, adecuada para industrias como la alimentaria, qu\u00edmica, qu\u00edmica diaria, farmac\u00e9utica, construcci\u00f3n y m\u00e1s.<\/li> <\/ul>   <div class=\"wp-block-image\"> <figure class=\"aligncenter size-full\"><img loading=\"lazy\" decoding=\"async\" width=\"720\" height=\"540\" src=\"https:\/\/www.peanuts-machine.com\/wp-content\/uploads\/2022\/08\/peanut-butter-maker-shipment.webp\" alt=\"mini m\u00e1quina de mantequilla de man\u00ed\" class=\"wp-image-142\" title=\"\" srcset=\"https:\/\/www.peanuts-machine.com\/wp-content\/uploads\/2022\/08\/peanut-butter-maker-shipment.webp 720w, https:\/\/www.peanuts-machine.com\/wp-content\/uploads\/2022\/08\/peanut-butter-maker-shipment-300x225.webp 300w\" sizes=\"auto, (max-width: 720px) 100vw, 720px\" \/><figcaption class=\"wp-element-caption\">mini m\u00e1quina de mantequilla de man\u00ed<\/figcaption><\/figure> <\/div>   <h2 class=\"wp-block-heading\">Par\u00e1metros del molino de mantequilla de man\u00ed <\/h2>    <p>Esta m\u00e1quina para fabricar mantequilla de man\u00ed a peque\u00f1a escala es la opci\u00f3n preferida de numerosos productores comerciales de mantequilla de man\u00ed. Muele sin esfuerzo man\u00ed, almendras, semillas de s\u00e9samo y otros ingredientes hasta obtener una salsa fina, suave y cremosa, perfectamente adecuada para las necesidades de producci\u00f3n de las peque\u00f1as y medianas empresas. <\/p>    <p>Adem\u00e1s, su dise\u00f1o compacto, bajos niveles de ruido y sencillos procedimientos de limpieza y mantenimiento lo convierten en el favorito entre las empresas nacionales e internacionales.<\/p>    <figure class=\"wp-block-table is-style-stripes\"><table><tbody><tr><td>Modelo<\/td><td>Capacidad (kg\/h)<\/td><td>Tama\u00f1o de la m\u00e1quina (mm)<\/td><td>Potencia (kilovatios)<\/td><td>Peso (kg)<\/td><\/tr><tr><td>TZ-70<\/td><td>50-80<\/td><td>650*320*650<\/td><td>2.2<\/td><td>70<\/td><\/tr><tr><td>TZ-85<\/td><td>100-150<\/td><td>900*350*900<\/td><td>5.5<\/td><td>170<\/td><\/tr><tr><td>TZ-130<\/td><td>200-300<\/td><td>1000*350*1000<\/td><td>11<\/td><td>270<\/td><\/tr><\/tbody><\/table><figcaption class=\"wp-element-caption\">Datos t\u00e9cnicos de la m\u00e1quina para fabricar mantequilla de man\u00ed a peque\u00f1a escala.<\/figcaption><\/figure>    <p>Besides these three models, we offer additional options for customers to select from. If you&#8217;re interested in this machine, please don&#8217;t hesitate to contact us.<\/p>   <div class=\"wp-block-image\"> <figure class=\"aligncenter size-full\"><img loading=\"lazy\" decoding=\"async\" width=\"720\" height=\"540\" src=\"https:\/\/www.peanuts-machine.com\/wp-content\/uploads\/2022\/12\/small-scale-peanut-butter-making-machines.webp\" alt=\"m\u00e1quinas de fabricaci\u00f3n de mantequilla de man\u00ed a peque\u00f1a escala\" class=\"wp-image-985\" title=\"\" srcset=\"https:\/\/www.peanuts-machine.com\/wp-content\/uploads\/2022\/12\/small-scale-peanut-butter-making-machines.webp 720w, https:\/\/www.peanuts-machine.com\/wp-content\/uploads\/2022\/12\/small-scale-peanut-butter-making-machines-300x225.webp 300w, https:\/\/www.peanuts-machine.com\/wp-content\/uploads\/2022\/12\/small-scale-peanut-butter-making-machines-16x12.webp 16w\" sizes=\"auto, (max-width: 720px) 100vw, 720px\" \/><figcaption class=\"wp-element-caption\">m\u00e1quinas de fabricaci\u00f3n de mantequilla de man\u00ed a peque\u00f1a escala<\/figcaption><\/figure> <\/div>   <h2 class=\"wp-block-heading\">Principio de funcionamiento de la peque\u00f1a m\u00e1quina de mantequilla de man\u00ed<\/h2>    <p>La m\u00e1quina de mantequilla de man\u00ed, tambi\u00e9n conocida como molino coloide de mantequilla de man\u00ed, presenta un peque\u00f1o espacio ajustable entre sus dos componentes de molienda.<\/p>    <ul class=\"wp-block-list\"> <li>A medida que el material se mueve a trav\u00e9s de esta abertura, la alta velocidad de rotaci\u00f3n del rotor acelera el material que se adhiere a su superficie, mientras que el material en el estator permanece estacionario.<\/li>    <li>Esto crea una diferencia de velocidad significativa, sometiendo el material a intensas fuerzas f\u00edsicas como cizallamiento, fricci\u00f3n, vibraciones de alta frecuencia y v\u00f3rtices r\u00e1pidos.<\/li>    <li>Como resultado, el material se emulsiona, dispersa, homogeneiza y tritura de manera efectiva, produciendo finalmente mantequilla de man\u00ed.<\/li> <\/ul>   <div class=\"wp-block-image\"> <figure class=\"aligncenter size-full\"><img loading=\"lazy\" decoding=\"async\" width=\"750\" height=\"577\" src=\"https:\/\/www.peanuts-machine.com\/wp-content\/uploads\/2022\/12\/groundnut-grinder-machine.webp\" alt=\"m\u00e1quina trituradora de man\u00ed\" class=\"wp-image-295\" title=\"\" srcset=\"https:\/\/www.peanuts-machine.com\/wp-content\/uploads\/2022\/12\/groundnut-grinder-machine.webp 750w, https:\/\/www.peanuts-machine.com\/wp-content\/uploads\/2022\/12\/groundnut-grinder-machine-300x231.webp 300w\" sizes=\"auto, (max-width: 750px) 100vw, 750px\" \/><figcaption class=\"wp-element-caption\">m\u00e1quina trituradora de man\u00ed<\/figcaption><\/figure> <\/div>   <h2 class=\"wp-block-heading\">Dise\u00f1o de m\u00e1quina para fabricar mantequilla de man\u00ed a peque\u00f1a escala<\/h2>    <p>Esta m\u00e1quina compacta para fabricar mantequilla de man\u00ed a peque\u00f1a escala cuenta con una tolva de acero inoxidable, accesorios de tuber\u00eda de agua de refrigeraci\u00f3n de acero inoxidable, un disco ajustable y un puerto de descarga de acero inoxidable, todo ello sostenido por una base resistente para mayor estabilidad.<\/p>    <p>La m\u00e1quina incluye una c\u00e1mara de trituraci\u00f3n con tres zonas de trituraci\u00f3n distintas: la primera para trituraci\u00f3n gruesa, la segunda para trituraci\u00f3n fina y la tercera para trituraci\u00f3n ultrafina.<\/p>    <p>Al ajustar el espacio entre el estator y el rotor, puede lograr un efecto de trituraci\u00f3n superfino \u00f3ptimo. Para aquellos que busquen una mantequilla de cacahuete a\u00fan m\u00e1s fina, tambi\u00e9n podemos incorporar un molinillo adicional para realizar un doble triturado.<\/p>   <div class=\"wp-block-image\"> <figure class=\"aligncenter size-full\"><img loading=\"lazy\" decoding=\"async\" width=\"750\" height=\"805\" src=\"https:\/\/www.peanuts-machine.com\/wp-content\/uploads\/2022\/08\/structure-of-small-peanut-butter-colloid-mill.webp\" alt=\"Estructura del peque\u00f1o molino coloide de mantequilla de man\u00ed.\" class=\"wp-image-98\" title=\"\" srcset=\"https:\/\/www.peanuts-machine.com\/wp-content\/uploads\/2022\/08\/structure-of-small-peanut-butter-colloid-mill.webp 750w, https:\/\/www.peanuts-machine.com\/wp-content\/uploads\/2022\/08\/structure-of-small-peanut-butter-colloid-mill-280x300.webp 280w\" sizes=\"auto, (max-width: 750px) 100vw, 750px\" \/><figcaption class=\"wp-element-caption\">Estructura del peque\u00f1o molino coloide de mantequilla de man\u00ed.<\/figcaption><\/figure> <\/div>   <h2 class=\"wp-block-heading\">Vendo fabricante industrial de mantequilla de man\u00ed<\/h2>    <p class=\"translation-block\">Nuestra f\u00e1brica ofrece una amplia gama de m\u00e1quinas peque\u00f1as para hacer mantequilla de cacahuete. Adem\u00e1s de nuestras opciones a peque\u00f1a escala, tambi\u00e9n disponemos de <a href=\"https:\/\/www.peanuts-machine.com\/es\/product\/commercial-peanut-butter-machine\/\">m\u00e1quinas comerciales para hacer mantequilla de cacahuete<\/a>. La m\u00e1quina de molienda de mantequilla de cacahuete a gran escala puede producir hasta 1000 kg\/h. <\/p>    <p>Esto permite a los clientes seleccionar las m\u00e1quinas que mejor se adaptan a sus necesidades, con muchas opciones para elegir. Adem\u00e1s, si tiene requisitos espec\u00edficos, estaremos encantados de ofrecerle servicios personalizados para satisfacer esas necesidades.<\/p>   <div class=\"wp-block-image\"> <figure class=\"aligncenter size-full\"><img loading=\"lazy\" decoding=\"async\" width=\"720\" height=\"540\" src=\"https:\/\/www.peanuts-machine.com\/wp-content\/uploads\/2022\/12\/stainless-steel-peanut-butter-machines.webp\" alt=\"m\u00e1quinas de mantequilla de man\u00ed de acero inoxidable\" class=\"wp-image-986\" title=\"\" srcset=\"https:\/\/www.peanuts-machine.com\/wp-content\/uploads\/2022\/12\/stainless-steel-peanut-butter-machines.webp 720w, https:\/\/www.peanuts-machine.com\/wp-content\/uploads\/2022\/12\/stainless-steel-peanut-butter-machines-300x225.webp 300w, https:\/\/www.peanuts-machine.com\/wp-content\/uploads\/2022\/12\/stainless-steel-peanut-butter-machines-16x12.webp 16w\" sizes=\"auto, (max-width: 720px) 100vw, 720px\" \/><figcaption class=\"wp-element-caption\">m\u00e1quinas de mantequilla de man\u00ed de acero inoxidable<\/figcaption><\/figure> <\/div>   <h2 class=\"wp-block-heading\">\u00bfCu\u00e1les son los beneficios de la mantequilla de man\u00ed?<\/h2>    <p>La mantequilla de man\u00ed es una gran fuente de fibra diet\u00e9tica, que puede ayudar a controlar los niveles de az\u00facar y colesterol en la sangre y al mismo tiempo reducir el riesgo de c\u00e1ncer de colon. <\/p>    <p>Adem\u00e1s, est\u00e1 repleto de nutrientes esenciales, como prote\u00ednas, vitamina E, B3 y minerales importantes como cobre, hierro, calcio y potasio. Comer mantequilla de man\u00ed cruda puede mejorar a\u00fan m\u00e1s estos beneficios. <\/p>   <div class=\"wp-block-image\"> <figure class=\"aligncenter size-full\"><img loading=\"lazy\" decoding=\"async\" width=\"720\" height=\"540\" src=\"https:\/\/www.peanuts-machine.com\/wp-content\/uploads\/2022\/12\/nut-nutter-grinding-mills.webp\" alt=\"molino de molienda de mantequilla de man\u00ed Nut Nutter\" class=\"wp-image-987\" title=\"\" srcset=\"https:\/\/www.peanuts-machine.com\/wp-content\/uploads\/2022\/12\/nut-nutter-grinding-mills.webp 720w, https:\/\/www.peanuts-machine.com\/wp-content\/uploads\/2022\/12\/nut-nutter-grinding-mills-300x225.webp 300w, https:\/\/www.peanuts-machine.com\/wp-content\/uploads\/2022\/12\/nut-nutter-grinding-mills-16x12.webp 16w\" sizes=\"auto, (max-width: 720px) 100vw, 720px\" \/><figcaption class=\"wp-element-caption\">molino de molienda de mantequilla de man\u00ed Nut Nutter<\/figcaption><\/figure> <\/div>   <p class=\"translation-block\">Muchas personas temen que consumir mantequilla de cacahuete pueda provocar un aumento de peso, pero en realidad, puede ayudarte a sentirte saciado. Una peque\u00f1a porci\u00f3n de mantequilla de cacahuete puede saciar el hambre de forma m\u00e1s eficaz que los alimentos t\u00edpicos como el arroz o la pasta. Si te ci\u00f1es al tama\u00f1o de porci\u00f3n adecuado, puedes disfrutar de la <a href=\"https:\/\/en.wikipedia.org\/wiki\/Peanut_butter\" target=\"_blank\" rel=\"noopener\">mantequilla de cacahuete<\/a> mientras mantienes un peso saludable.<\/p>","protected":false},"excerpt":{"rendered":"<p>La m\u00e1quina para fabricar mantequilla de man\u00ed a peque\u00f1a escala es vers\u00e1til para preparar una variedad de productos para untar sabrosos, nutritivos y frescos. Capaz de controlar el tama\u00f1o de part\u00edculas de 100 a 150 micrones con una uniformidad superior a 90%.<\/p>","protected":false},"author":1,"featured_media":298,"parent":0,"template":"","tags":[35],"product-type":[51,46],"class_list":["post-294","product","type-product","status-publish","has-post-thumbnail","hentry","tag-peanut-butter","product-type-peanut-butter-machine","product-type-products"],"_links":{"self":[{"href":"https:\/\/www.peanuts-machine.com\/es\/wp-json\/wp\/v2\/product\/294","targetHints":{"allow":["GET"]}}],"collection":[{"href":"https:\/\/www.peanuts-machine.com\/es\/wp-json\/wp\/v2\/product"}],"about":[{"href":"https:\/\/www.peanuts-machine.com\/es\/wp-json\/wp\/v2\/types\/product"}],"author":[{"embeddable":true,"href":"https:\/\/www.peanuts-machine.com\/es\/wp-json\/wp\/v2\/users\/1"}],"wp:featuredmedia":[{"embeddable":true,"href":"https:\/\/www.peanuts-machine.com\/es\/wp-json\/wp\/v2\/media\/298"}],"wp:attachment":[{"href":"https:\/\/www.peanuts-machine.com\/es\/wp-json\/wp\/v2\/media?parent=294"}],"wp:term":[{"taxonomy":"post_tag","embeddable":true,"href":"https:\/\/www.peanuts-machine.com\/es\/wp-json\/wp\/v2\/tags?post=294"},{"taxonomy":"product-type","embeddable":true,"href":"https:\/\/www.peanuts-machine.com\/es\/wp-json\/wp\/v2\/product-type?post=294"}],"curies":[{"name":"wp","href":"https:\/\/api.w.org\/{rel}","templated":true}]}}