{"id":31,"date":"2022-08-09T06:11:21","date_gmt":"2022-08-09T06:11:21","guid":{"rendered":"https:\/\/www.peanuts-machine.com\/?post_type=product&#038;p=31"},"modified":"2026-02-06T15:53:37","modified_gmt":"2026-02-06T07:53:37","slug":"peanut-roasting-line","status":"publish","type":"product","link":"https:\/\/www.peanuts-machine.com\/es\/product\/peanut-roasting-line\/","title":{"rendered":"L\u00ednea de tostado de man\u00ed | Proceso de tostado de man\u00ed"},"content":{"rendered":"<div class=\"kk-star-ratings kksr-auto kksr-align-left kksr-valign-top\"     data-payload='{&quot;align&quot;:&quot;left&quot;,&quot;id&quot;:&quot;31&quot;,&quot;slug&quot;:&quot;default&quot;,&quot;valign&quot;:&quot;top&quot;,&quot;ignore&quot;:&quot;&quot;,&quot;reference&quot;:&quot;auto&quot;,&quot;class&quot;:&quot;&quot;,&quot;count&quot;:&quot;26&quot;,&quot;legendonly&quot;:&quot;&quot;,&quot;readonly&quot;:&quot;&quot;,&quot;score&quot;:&quot;4.8&quot;,&quot;starsonly&quot;:&quot;&quot;,&quot;best&quot;:&quot;5&quot;,&quot;gap&quot;:&quot;5&quot;,&quot;greet&quot;:&quot;Rate this product&quot;,&quot;legend&quot;:&quot;4.8\\\/5 - (26 votos)&quot;,&quot;size&quot;:&quot;24&quot;,&quot;title&quot;:&quot;Peanut Roasting Line | Peanut Roasting Process&quot;,&quot;width&quot;:&quot;136.7&quot;,&quot;_legend&quot;:&quot;{score}\\\/{best} - ({count} {votes})&quot;,&quot;font_factor&quot;:&quot;1.25&quot;}'>              <div class=\"kksr-stars\">      <div class=\"kksr-stars-inactive\">             <div class=\"kksr-star\" data-star=\"1\" style=\"padding-right: 5px\">               <div class=\"kksr-icon\" style=\"width: 24px; height: 24px;\"><\/div>         <\/div>             <div class=\"kksr-star\" data-star=\"2\" style=\"padding-right: 5px\">               <div class=\"kksr-icon\" style=\"width: 24px; height: 24px;\"><\/div>         <\/div>             <div class=\"kksr-star\" data-star=\"3\" style=\"padding-right: 5px\">               <div class=\"kksr-icon\" style=\"width: 24px; height: 24px;\"><\/div>         <\/div>             <div class=\"kksr-star\" data-star=\"4\" style=\"padding-right: 5px\">               <div class=\"kksr-icon\" style=\"width: 24px; height: 24px;\"><\/div>         <\/div>             <div class=\"kksr-star\" data-star=\"5\" style=\"padding-right: 5px\">               <div class=\"kksr-icon\" style=\"width: 24px; height: 24px;\"><\/div>         <\/div>     <\/div>      <div class=\"kksr-stars-active\" style=\"width: 136.7px;\">             <div class=\"kksr-star\" style=\"padding-right: 5px\">               <div class=\"kksr-icon\" style=\"width: 24px; height: 24px;\"><\/div>         <\/div>             <div class=\"kksr-star\" style=\"padding-right: 5px\">               <div class=\"kksr-icon\" style=\"width: 24px; height: 24px;\"><\/div>         <\/div>             <div class=\"kksr-star\" style=\"padding-right: 5px\">               <div class=\"kksr-icon\" style=\"width: 24px; height: 24px;\"><\/div>         <\/div>             <div class=\"kksr-star\" style=\"padding-right: 5px\">               <div class=\"kksr-icon\" style=\"width: 24px; height: 24px;\"><\/div>         <\/div>             <div class=\"kksr-star\" style=\"padding-right: 5px\">               <div class=\"kksr-icon\" style=\"width: 24px; height: 24px;\"><\/div>         <\/div>     <\/div> <\/div>                   <div class=\"kksr-legend\" style=\"font-size: 19.2px;\">             4.8\/5 - (26 votos)    <\/div>     <\/div>  <p class=\"translation-block\">La l\u00ednea de tostado de cacahuetes se utiliza principalmente para tostar cacahuetes y frutos secos. Por lo tanto, puede eliminar eficazmente la humedad de los cacahuetes. Adem\u00e1s, esta l\u00ednea de producci\u00f3n es una parte integral de la <a href=\"https:\/\/www.peanuts-machine.com\/es\/product\/peanut-butter-production-line\/\">l\u00ednea de producci\u00f3n de mantequilla de cacahuete<\/a> y la <a href=\"https:\/\/www.peanuts-machine.com\/es\/product\/coated-peanut-production-line\/\">l\u00ednea de recubrimiento de cacahuete<\/a>.<\/p>   <div class=\"wp-block-image\"> <figure class=\"aligncenter size-full\"><img loading=\"lazy\" decoding=\"async\" width=\"1024\" height=\"515\" src=\"https:\/\/www.peanuts-machine.com\/wp-content\/uploads\/2022\/08\/tz-peanut-roasting-equipment.webp\" alt=\"equipo para tostar man\u00ed tz\" class=\"wp-image-38\" title=\"\" srcset=\"https:\/\/www.peanuts-machine.com\/wp-content\/uploads\/2022\/08\/tz-peanut-roasting-equipment.webp 1024w, https:\/\/www.peanuts-machine.com\/wp-content\/uploads\/2022\/08\/tz-peanut-roasting-equipment-300x151.webp 300w, https:\/\/www.peanuts-machine.com\/wp-content\/uploads\/2022\/08\/tz-peanut-roasting-equipment-768x386.webp 768w\" sizes=\"auto, (max-width: 1024px) 100vw, 1024px\" \/><figcaption class=\"wp-element-caption\">Equipo para tostar man\u00ed TZ<\/figcaption><\/figure> <\/div>   <h2 class=\"wp-block-heading\" id=\"h-what-is-the-complete-peanut-roasting-process\">\u00bfCu\u00e1l es el proceso completo de tostado del man\u00ed?<\/h2>    <p>La l\u00ednea de tostado de man\u00ed incluye un elevador de materia prima, una tolva de alimentaci\u00f3n, una parte de tostado, una parte de enfriamiento y un puerto de descarga. En primer lugar, el man\u00ed ingresa a la tolva de alimentaci\u00f3n a trav\u00e9s del elevador de materia prima. Luego ingresa a la secci\u00f3n de asado impulsado por la placa de cadena en la parte inferior. La cinta transportadora de placas de cadena puede hacer que los cacahuetes se tuesten m\u00e1s completamente en el tostador y tengan mejor sabor. Finalmente, el man\u00ed tostado ingresa a la secci\u00f3n de enfriamiento para reducir la temperatura del material. Los man\u00edes tostados se pueden convertir en mantequilla de man\u00ed y man\u00ed rebozado.<\/p>   <div class=\"wp-block-image\"> <figure class=\"aligncenter size-full\"><img loading=\"lazy\" decoding=\"async\" width=\"1024\" height=\"515\" src=\"https:\/\/www.peanuts-machine.com\/wp-content\/uploads\/2022\/08\/commercial-peanut-roasting-system-in-factory.webp\" alt=\"Sistema comercial de tostado de man\u00ed en f\u00e1brica.\" class=\"wp-image-34\" title=\"\" srcset=\"https:\/\/www.peanuts-machine.com\/wp-content\/uploads\/2022\/08\/commercial-peanut-roasting-system-in-factory.webp 1024w, https:\/\/www.peanuts-machine.com\/wp-content\/uploads\/2022\/08\/commercial-peanut-roasting-system-in-factory-300x151.webp 300w, https:\/\/www.peanuts-machine.com\/wp-content\/uploads\/2022\/08\/commercial-peanut-roasting-system-in-factory-768x386.webp 768w\" sizes=\"auto, (max-width: 1024px) 100vw, 1024px\" \/><figcaption class=\"wp-element-caption\">Sistema comercial de tostado de man\u00ed en f\u00e1brica.<\/figcaption><\/figure> <\/div>   <h2 class=\"wp-block-heading\" id=\"h-structure-diagram-of-peanut-roasting-line\">Diagrama de estructura de la l\u00ednea de tostado de man\u00ed.<\/h2>   <div class=\"wp-block-image\"> <figure class=\"aligncenter size-full\"><img loading=\"lazy\" decoding=\"async\" width=\"1024\" height=\"515\" src=\"https:\/\/www.peanuts-machine.com\/wp-content\/uploads\/2022\/08\/structure-picture.webp\" alt=\"imagen de estructura\" class=\"wp-image-37\" title=\"\" srcset=\"https:\/\/www.peanuts-machine.com\/wp-content\/uploads\/2022\/08\/structure-picture.webp 1024w, https:\/\/www.peanuts-machine.com\/wp-content\/uploads\/2022\/08\/structure-picture-300x151.webp 300w, https:\/\/www.peanuts-machine.com\/wp-content\/uploads\/2022\/08\/structure-picture-768x386.webp 768w\" sizes=\"auto, (max-width: 1024px) 100vw, 1024px\" \/><figcaption class=\"wp-element-caption\">imagen de estructura<\/figcaption><\/figure> <\/div>   <h2 class=\"wp-block-heading\" id=\"h-machine-parameters\">Par\u00e1metros de la m\u00e1quina<\/h2>    <figure class=\"wp-block-table is-style-stripes\"><table><tbody><tr><td>Tipo<\/td><td>TZ-200<\/td><td>TZ-300<\/td><td>TZ-500<\/td><td>TZ-1000<\/td><\/tr><tr><td>Fuerza<\/td><td>10kW<\/td><td>10kW<\/td><td>15kW<\/td><td>15kW<\/td><\/tr><tr><td>Poder de calefacci\u00f3n<\/td><td>46kW<\/td><td>70kW<\/td><td>130kW<\/td><td>230kW<\/td><\/tr><tr><td>Capacidad<\/td><td>200 kg\/h<\/td><td>300-350 kg\/h<\/td><td>500 kg\/h<\/td><td>1000 kg\/h<\/td><\/tr><tr><td>Tama\u00f1o<\/td><td>Polipasto: 1,5 m*0,8 m*2,8 m Horno de asado: 6,9 m*1,5 m*2,6 m<\/td><td>Polipasto: 1,5 m*0,8 m*2,8 m Horno de asado: 7,5 m*1,5 m*2,6 m<\/td><td>Polipasto: 2,5 m*0,7 m*2,8 m Horno de asado: 8,5 m*1,8 m*2,6 m<\/td><td>Polipasto: 2,5 m*0,7 m*2,8 m Horno de asado: 11 m*2,1 m*2,6 m<\/td><\/tr><tr><td>Peso<\/td><td>&nbsp;<\/td><td>&nbsp;<\/td><td>3000KG<\/td><td><\/td><\/tr><\/tbody><\/table><\/figure>    <h2 class=\"wp-block-heading\" id=\"h-features-of-peanut-roasting-line\">Caracter\u00edsticas de la l\u00ednea de tostado de man\u00ed.<\/h2>    <ol class=\"wp-block-list\"> <li>Producci\u00f3n integrada de tostado y enfriamiento. Nuestro sistema de tostado de man\u00ed no solo tiene la funci\u00f3n de tostar sino que tambi\u00e9n tiene la funci\u00f3n de enfriar la segunda mitad del equipo.<\/li>    <li>El alto grado de automatizaci\u00f3n. El <a href=\"https:\/\/www.peanuts-machine.com\/es\/product\/peanut-roasting-machine\/\">tostador de man\u00ed industrial<\/a> Tiene ambas funciones de ajuste autom\u00e1tico de temperatura. Por lo tanto, no tiene que preocuparse de que los cacahuetes y las nueces se tuesten durante el proceso de tostado.<\/li>    <li>M\u00faltiples m\u00e9todos de calentamiento. Puede elegir calefacci\u00f3n el\u00e9ctrica, calefacci\u00f3n a gas y otros m\u00e9todos de calefacci\u00f3n.<\/li>    <li>El ahorro de energ\u00eda. Los cacahuetes tostados est\u00e1n muy picantes. Por eso es peligroso mover el material manualmente. Adem\u00e1s, la l\u00ednea de producci\u00f3n de tostado de man\u00ed puede enviar el man\u00ed tostado directamente al sistema de enfriamiento. Esto es conveniente y seguro.<\/li>    <li>Operaci\u00f3n simple. Porque nuestra l\u00ednea de tostado de man\u00ed es completamente autom\u00e1tica. Por lo tanto, es f\u00e1cil de aprender y operar.<\/li> <\/ol>   <div class=\"wp-block-image\"> <figure class=\"aligncenter size-full\"><img loading=\"lazy\" decoding=\"async\" width=\"1024\" height=\"515\" src=\"https:\/\/www.peanuts-machine.com\/wp-content\/uploads\/2022\/08\/roasting-chain-plate.webp\" alt=\"plato de cadena para asar\" class=\"wp-image-36\" title=\"\" srcset=\"https:\/\/www.peanuts-machine.com\/wp-content\/uploads\/2022\/08\/roasting-chain-plate.webp 1024w, https:\/\/www.peanuts-machine.com\/wp-content\/uploads\/2022\/08\/roasting-chain-plate-300x151.webp 300w, https:\/\/www.peanuts-machine.com\/wp-content\/uploads\/2022\/08\/roasting-chain-plate-768x386.webp 768w\" sizes=\"auto, (max-width: 1024px) 100vw, 1024px\" \/><figcaption class=\"wp-element-caption\">plato de cadena para asar<\/figcaption><\/figure> <\/div>   <h2 class=\"wp-block-heading\" id=\"h-application-scope-of-peanuts-roaster-line\">\u00c1mbito de aplicaci\u00f3n de la l\u00ednea tostadora de man\u00ed<\/h2>    <p class=\"translation-block\">La l\u00ednea de tostado de cacahuetes es adecuada para tostar cacahuetes y para tostar almendras, semillas de s\u00e9samo, anacardos, semillas de girasol, granos de cacao, garbanzos, jud\u00edas japonesas, pistachos y otros tipos de frutos secos y legumbres. Tambi\u00e9n se puede utilizar para procesar granos como ma\u00edz, <a href=\"https:\/\/en.wikipedia.org\/wiki\/Quinoa\" target=\"_blank\" rel=\"noopener\">quinoa<\/a> y avena. Por lo tanto, nuestro tostador comercial de cacahuetes tiene una amplia gama de aplicaciones. As\u00ed que, si necesita esta m\u00e1quina, no dude en ponerse en contacto con nosotros.<\/p>","protected":false},"excerpt":{"rendered":"<p>The peanut roasting line is mainly used to roast peanuts and nuts. So, it can effectively remove the moisture from peanuts. Also, this production line is an integral part of the peanut butter production line and the peanut coating line. What is the complete peanut roasting process? The peanut roasting line includes a raw material [&hellip;]<\/p>\n","protected":false},"author":1,"featured_media":33,"parent":0,"template":"","tags":[56,36],"product-type":[3],"class_list":["post-31","product","type-product","status-publish","has-post-thumbnail","hentry","tag-nut","tag-peanut","product-type-peanut-processing-lines"],"_links":{"self":[{"href":"https:\/\/www.peanuts-machine.com\/es\/wp-json\/wp\/v2\/product\/31","targetHints":{"allow":["GET"]}}],"collection":[{"href":"https:\/\/www.peanuts-machine.com\/es\/wp-json\/wp\/v2\/product"}],"about":[{"href":"https:\/\/www.peanuts-machine.com\/es\/wp-json\/wp\/v2\/types\/product"}],"author":[{"embeddable":true,"href":"https:\/\/www.peanuts-machine.com\/es\/wp-json\/wp\/v2\/users\/1"}],"wp:featuredmedia":[{"embeddable":true,"href":"https:\/\/www.peanuts-machine.com\/es\/wp-json\/wp\/v2\/media\/33"}],"wp:attachment":[{"href":"https:\/\/www.peanuts-machine.com\/es\/wp-json\/wp\/v2\/media?parent=31"}],"wp:term":[{"taxonomy":"post_tag","embeddable":true,"href":"https:\/\/www.peanuts-machine.com\/es\/wp-json\/wp\/v2\/tags?post=31"},{"taxonomy":"product-type","embeddable":true,"href":"https:\/\/www.peanuts-machine.com\/es\/wp-json\/wp\/v2\/product-type?post=31"}],"curies":[{"name":"wp","href":"https:\/\/api.w.org\/{rel}","templated":true}]}}