{"id":310,"date":"2023-01-14T15:51:13","date_gmt":"2023-01-14T07:51:13","guid":{"rendered":"https:\/\/www.peanuts-machine.com\/?post_type=product&#038;p=310"},"modified":"2026-01-15T17:47:54","modified_gmt":"2026-01-15T09:47:54","slug":"wet-groundnut-peeling-machine","status":"publish","type":"product","link":"https:\/\/www.peanuts-machine.com\/es\/product\/wet-groundnut-peeling-machine\/","title":{"rendered":"M\u00e1quina peladora de man\u00ed en h\u00famedo | Removedor de piel de man\u00ed"},"content":{"rendered":"<div class=\"kk-star-ratings kksr-auto kksr-align-left kksr-valign-top\"     data-payload='{&quot;align&quot;:&quot;left&quot;,&quot;id&quot;:&quot;310&quot;,&quot;slug&quot;:&quot;default&quot;,&quot;valign&quot;:&quot;top&quot;,&quot;ignore&quot;:&quot;&quot;,&quot;reference&quot;:&quot;auto&quot;,&quot;class&quot;:&quot;&quot;,&quot;count&quot;:&quot;10&quot;,&quot;legendonly&quot;:&quot;&quot;,&quot;readonly&quot;:&quot;&quot;,&quot;score&quot;:&quot;4.6&quot;,&quot;starsonly&quot;:&quot;&quot;,&quot;best&quot;:&quot;5&quot;,&quot;gap&quot;:&quot;5&quot;,&quot;greet&quot;:&quot;Rate this product&quot;,&quot;legend&quot;:&quot;4.6\\\/5 - (10 votos)&quot;,&quot;size&quot;:&quot;24&quot;,&quot;title&quot;:&quot;Wet Groundnut Peeling Machine | Peanut Skin Remover&quot;,&quot;width&quot;:&quot;130.9&quot;,&quot;_legend&quot;:&quot;{score}\\\/{best} - ({count} {votes})&quot;,&quot;font_factor&quot;:&quot;1.25&quot;}'>              <div class=\"kksr-stars\">      <div class=\"kksr-stars-inactive\">             <div class=\"kksr-star\" data-star=\"1\" style=\"padding-right: 5px\">               <div class=\"kksr-icon\" style=\"width: 24px; height: 24px;\"><\/div>         <\/div>             <div class=\"kksr-star\" data-star=\"2\" style=\"padding-right: 5px\">               <div class=\"kksr-icon\" style=\"width: 24px; height: 24px;\"><\/div>         <\/div>             <div class=\"kksr-star\" data-star=\"3\" style=\"padding-right: 5px\">               <div class=\"kksr-icon\" style=\"width: 24px; height: 24px;\"><\/div>         <\/div>             <div class=\"kksr-star\" data-star=\"4\" style=\"padding-right: 5px\">               <div class=\"kksr-icon\" style=\"width: 24px; height: 24px;\"><\/div>         <\/div>             <div class=\"kksr-star\" data-star=\"5\" style=\"padding-right: 5px\">               <div class=\"kksr-icon\" style=\"width: 24px; height: 24px;\"><\/div>         <\/div>     <\/div>      <div class=\"kksr-stars-active\" style=\"width: 130.9px;\">             <div class=\"kksr-star\" style=\"padding-right: 5px\">               <div class=\"kksr-icon\" style=\"width: 24px; height: 24px;\"><\/div>         <\/div>             <div class=\"kksr-star\" style=\"padding-right: 5px\">               <div class=\"kksr-icon\" style=\"width: 24px; height: 24px;\"><\/div>         <\/div>             <div class=\"kksr-star\" style=\"padding-right: 5px\">               <div class=\"kksr-icon\" style=\"width: 24px; height: 24px;\"><\/div>         <\/div>             <div class=\"kksr-star\" style=\"padding-right: 5px\">               <div class=\"kksr-icon\" style=\"width: 24px; height: 24px;\"><\/div>         <\/div>             <div class=\"kksr-star\" style=\"padding-right: 5px\">               <div class=\"kksr-icon\" style=\"width: 24px; height: 24px;\"><\/div>         <\/div>     <\/div> <\/div>                   <div class=\"kksr-legend\" style=\"font-size: 19.2px;\">             4,6\/5 - (10 votos)    <\/div>     <\/div>  <p>La m\u00e1quina peladora de cacahuetes h\u00famedos utiliza ruedas de goma suave de alta calidad para eliminar eficientemente la c\u00e1scara roja del cacahuete mediante fricci\u00f3n f\u00edsica. Su proceso de pelado es suave y no da\u00f1a la estructura nutricional ni el color de los cacahuetes en s\u00ed. El cacahuete terminado despu\u00e9s del pelado es blanco, intacto y sin decoloraci\u00f3n, lo que aumenta significativamente el valor a\u00f1adido del producto. <\/p>    <p>No solo es adecuado para cacahuetes, sino que tambi\u00e9n puede pelar almendras, habas, sojas, frijoles mungo, garbanzos, jud\u00edas verdes y habas, etc. Es el equipo clave en la l\u00ednea de producci\u00f3n de procesamiento profundo de aceite de cacahuete, leche de cacahuete, cacahuetes fritos, cacahuetes picantes, bebidas de almendra, etc. <\/p>    <figure class=\"wp-block-embed aligncenter is-type-video is-provider-youtube wp-block-embed-youtube wp-embed-aspect-16-9 wp-has-aspect-ratio\"><div class=\"wp-block-embed__wrapper\"> <iframe loading=\"lazy\" title=\"M\u00e1quina peladora h\u00fameda eficiente de man\u00ed: eliminaci\u00f3n perfecta de la piel#peanut #groundnut #peeling #peeler\" width=\"500\" height=\"281\" src=\"https:\/\/www.youtube.com\/embed\/ZWbRkVyX7do?feature=oembed\" frameborder=\"0\" allow=\"accelerometer; autoplay; clipboard-write; encrypted-media; gyroscope; picture-in-picture; web-share\" referrerpolicy=\"strict-origin-when-cross-origin\" allowfullscreen><\/iframe> <\/div><figcaption class=\"wp-element-caption\">Video de trabajo de la m\u00e1quina peladora de man\u00ed tipo h\u00famedo<\/figcaption><\/figure>    <p class=\"translation-block\">A diferencia del m\u00e9todo tradicional <a href=\"https:\/\/www.peanuts-machine.com\/es\/product\/peanut-peeling-machine\/\"><strong><em>m\u00e1quina peladora de cacahuetes en seco<\/em><\/strong><\/a>, esta m\u00e1quina es adecuada para materias primas remojadas, puede usarse como m\u00e1quina independiente o como operaci\u00f3n de l\u00ednea de producci\u00f3n de apoyo, para satisfacer las necesidades de producci\u00f3n diversificadas.<\/p>    <h2 class=\"wp-block-heading\">Ventajas de la peladora h\u00fameda de man\u00ed<\/h2>    <ul class=\"wp-block-list\"> <li>Pelado limpio: la tasa de pelado es de hasta el 98%, r\u00e1pido y limpio, los cacahuetes son completos y bonitos.<\/li>    <li>Operaci\u00f3n simple: solo hay que verter los cacahuetes remojados, la m\u00e1quina puede completar autom\u00e1ticamente el pelado.<\/li>    <li>Seguro e higi\u00e9nico: toda la m\u00e1quina est\u00e1 hecha de acero inoxidable, robusta y duradera, f\u00e1cil de limpiar, cumpliendo con los requisitos de seguridad alimentaria.<\/li>    <li>Amplia gama de usos: no solo cacahuetes, sino tambi\u00e9n almendras, sojas, habas, arroz de ajo, etc., una variedad de ingredientes son aplicables.<\/li>    <li>Separaci\u00f3n autom\u00e1tica de la piel residual: la piel se separar\u00e1 autom\u00e1ticamente de los cacahuetes, cacahuetes limpios sin piel mezclada, f\u00e1cil para el procesamiento posterior.<\/li>    <li>Soporte para personalizaci\u00f3n: puedes personalizar la m\u00e1quina para tu propio uso seg\u00fan la demanda del cliente.<\/li>    <li>Varios modelos disponibles: hay modelos con diferentes salidas, adecuados para talleres familiares, peque\u00f1as f\u00e1bricas y producci\u00f3n a gran escala.<\/li> <\/ul>    <figure class=\"wp-block-gallery has-nested-images columns-default is-cropped wp-block-gallery-2 is-layout-flex wp-block-gallery-is-layout-flex\"> <figure class=\"wp-block-image size-large\"><img loading=\"lazy\" decoding=\"async\" width=\"720\" height=\"540\" data-id=\"315\" src=\"https:\/\/www.peanuts-machine.com\/wp-content\/uploads\/2023\/01\/wet-type-groundnut-peeling-machine.webp\" alt=\"peladora de man\u00ed tipo h\u00famedo\" class=\"wp-image-315\" title=\"\" srcset=\"https:\/\/www.peanuts-machine.com\/wp-content\/uploads\/2023\/01\/wet-type-groundnut-peeling-machine.webp 720w, https:\/\/www.peanuts-machine.com\/wp-content\/uploads\/2023\/01\/wet-type-groundnut-peeling-machine-300x225.webp 300w\" sizes=\"auto, (max-width: 720px) 100vw, 720px\" \/><figcaption class=\"wp-element-caption\">peladora de man\u00ed tipo h\u00famedo<\/figcaption><\/figure>    <figure class=\"wp-block-image size-large\"><img loading=\"lazy\" decoding=\"async\" width=\"720\" height=\"540\" data-id=\"316\" src=\"https:\/\/www.peanuts-machine.com\/wp-content\/uploads\/2023\/01\/widely-application.webp\" alt=\"Amplia aplicaci\u00f3n\" class=\"wp-image-316\" title=\"\" srcset=\"https:\/\/www.peanuts-machine.com\/wp-content\/uploads\/2023\/01\/widely-application.webp 720w, https:\/\/www.peanuts-machine.com\/wp-content\/uploads\/2023\/01\/widely-application-300x225.webp 300w\" sizes=\"auto, (max-width: 720px) 100vw, 720px\" \/><figcaption class=\"wp-element-caption\">Amplia aplicaci\u00f3n<\/figcaption><\/figure> <\/figure>    <h2 class=\"wp-block-heading\">\u00bfC\u00f3mo funciona la m\u00e1quina de pelar cacahuetes h\u00famedos?<\/h2>    <p>La m\u00e1quina peladora de cacahuetes h\u00famedos funciona sobre el principio de pelar a trav\u00e9s de la fricci\u00f3n de ruedas de goma, lo que le permite quitar suavemente la piel de los cacahuetes, de manera similar a como lo har\u00edan las manos humanas.<\/p>    <ul class=\"wp-block-list\"> <li>Para usar la m\u00e1quina, simplemente remoje los cacahuetes durante unos momentos, luego vi\u00e9rtalos en la tolva. Las barras direccionales y las ruedas de alimentaci\u00f3n a cada lado gu\u00edan los cacahuetes hacia las ruedas de goma rotativas, que est\u00e1n aseguradas por tres empujadores fuertes. (Despu\u00e9s de remojar en agua caliente, es importante llevar agua tibia al descascarador para evitar que los cacahuetes se sequen o se enfr\u00eden.) <\/li>    <li>Una vez que la cuchilla corta la piel roja exterior, se pela el grano de man\u00ed y la rueda de goma empuja el grano pelado hacia la tolva, separ\u00e1ndolo de la piel roja. <\/li> <\/ul>   <div class=\"wp-block-image\"> <figure class=\"aligncenter size-full\"><img loading=\"lazy\" decoding=\"async\" width=\"720\" height=\"540\" src=\"https:\/\/www.peanuts-machine.com\/wp-content\/uploads\/2023\/01\/structure-details-of-peanut-peeler-machine.webp\" alt=\"Detalles de la estructura de la m\u00e1quina peladora de man\u00ed.\" class=\"wp-image-314\" title=\"\" srcset=\"https:\/\/www.peanuts-machine.com\/wp-content\/uploads\/2023\/01\/structure-details-of-peanut-peeler-machine.webp 720w, https:\/\/www.peanuts-machine.com\/wp-content\/uploads\/2023\/01\/structure-details-of-peanut-peeler-machine-300x225.webp 300w\" sizes=\"auto, (max-width: 720px) 100vw, 720px\" \/><figcaption class=\"wp-element-caption\">Detalles de la estructura de la m\u00e1quina peladora de man\u00ed.<\/figcaption><\/figure> <\/div>   <p>Antes de pelarlos, el arroz y los frijoles se deben remojar en agua caliente durante 3 a 5 minutos a una temperatura de 97 a 98 grados. El proceso de remojo y la duraci\u00f3n son cruciales para pelar eficazmente el man\u00ed h\u00famedo. <\/p>    <p>La experiencia ha demostrado que sumergirlos en agua fr\u00eda durante los primeros 30 minutos, seguidos de 0,5 a 1 minuto en agua caliente, da como resultado cacahuetes fr\u00edos por dentro y calientes por fuera, lo que proporciona suficiente humedad. Esto hace que la piel exterior se expanda debido al agua caliente, \u00a1lo que facilita mucho el proceso de descascarado!<\/p>    <figure class=\"wp-block-gallery has-nested-images columns-default is-cropped wp-block-gallery-3 is-layout-flex wp-block-gallery-is-layout-flex\"> <figure class=\"wp-block-image size-large\"><img loading=\"lazy\" decoding=\"async\" width=\"720\" height=\"540\" data-id=\"1036\" src=\"https:\/\/www.peanuts-machine.com\/wp-content\/uploads\/2023\/01\/wet-peanut-peeling-machine-1.webp\" alt=\"peladora de man\u00ed h\u00famedo\" class=\"wp-image-1036\" title=\"\" srcset=\"https:\/\/www.peanuts-machine.com\/wp-content\/uploads\/2023\/01\/wet-peanut-peeling-machine-1.webp 720w, https:\/\/www.peanuts-machine.com\/wp-content\/uploads\/2023\/01\/wet-peanut-peeling-machine-1-300x225.webp 300w, https:\/\/www.peanuts-machine.com\/wp-content\/uploads\/2023\/01\/wet-peanut-peeling-machine-1-16x12.webp 16w\" sizes=\"auto, (max-width: 720px) 100vw, 720px\" \/><figcaption class=\"wp-element-caption\">peladora de man\u00ed h\u00famedo<\/figcaption><\/figure>    <figure class=\"wp-block-image size-large\"><img loading=\"lazy\" decoding=\"async\" width=\"720\" height=\"540\" data-id=\"1037\" src=\"https:\/\/www.peanuts-machine.com\/wp-content\/uploads\/2023\/01\/wet-peanut-skin-remover.webp\" alt=\"removedor de piel de cacahuete h\u00famedo\" class=\"wp-image-1037\" title=\"\" srcset=\"https:\/\/www.peanuts-machine.com\/wp-content\/uploads\/2023\/01\/wet-peanut-skin-remover.webp 720w, https:\/\/www.peanuts-machine.com\/wp-content\/uploads\/2023\/01\/wet-peanut-skin-remover-300x225.webp 300w, https:\/\/www.peanuts-machine.com\/wp-content\/uploads\/2023\/01\/wet-peanut-skin-remover-16x12.webp 16w\" sizes=\"auto, (max-width: 720px) 100vw, 720px\" \/><figcaption class=\"wp-element-caption\">removedor de piel de cacahuete h\u00famedo<\/figcaption><\/figure> <\/figure>    <h2 class=\"wp-block-heading\">Par\u00e1metros de la m\u00e1quina peladora de piel de man\u00ed<\/h2>    <figure class=\"wp-block-table is-style-stripes\"><table><tbody><tr><td>Modelo<\/td><td>TZ-1<\/td><td>TZ-2<\/td><td>TZ-3<\/td><td>TZ-4<\/td><\/tr><tr><td>Capacidad (kg\/h)<\/td><td>200-300<\/td><td>400-500<\/td><td>600-800<\/td><td>800-1000<\/td><\/tr><tr><td>Potencia del motor (kw)<\/td><td>0.55<\/td><td>0.55*2<\/td><td>0.55 *3<\/td><td>0.55 *4<\/td><\/tr><tr><td>Potencia del ventilador (kw)<\/td><td>0.37<\/td><td>0.37<\/td><td>0.37<\/td><td>0.37<\/td><\/tr><tr><td>Voltaje (v)<\/td><td>380\/220<\/td><td>380\/220<\/td><td>380\/220<\/td><td>380\/220<\/td><\/tr><tr><td>Frecuencia\u00a0(hz)<\/td><td>50<\/td><td>50<\/td><td>50<\/td><td>50<\/td><\/tr><tr><td>Tasa de pelado<\/td><td>\u226598%<\/td><td>\u226598%<\/td><td>\u226598%<\/td><td>\u226598%<\/td><\/tr><tr><td>Tama\u00f1o (mm)<\/td><td>1100*400*1100<\/td><td>1100*700*1100<\/td><td>1100*1000*1100<\/td><td>1100*1400*1100<\/td><\/tr><\/tbody><\/table><figcaption class=\"wp-element-caption\">Datos t\u00e9cnicos de la m\u00e1quina peladora de cacahuetes de tipo h\u00famedo.<\/figcaption><\/figure>    <p>Estos son los par\u00e1metros espec\u00edficos para cuatro m\u00e1quinas peladoras de man\u00ed de tipo h\u00famedo diferentes. Las capacidades de producci\u00f3n de las m\u00e1quinas son 200-300 kg\/h, 400-500 kg\/h, 600-800 kg\/h y 800-1000 kg\/h. <\/p>    <p>La potencia del motor de estas m\u00e1quinas es de 0,55 kW, 1,1 kW, 1,65 kW y 2,2 kW, respectivamente. Puede consultar nuestra tabla de par\u00e1metros para obtener m\u00e1s detalles. Elija la m\u00e1quina que mejor se adapte a sus necesidades.<\/p>    <figure class=\"wp-block-gallery has-nested-images columns-default is-cropped wp-block-gallery-4 is-layout-flex wp-block-gallery-is-layout-flex\"> <figure class=\"wp-block-image size-large\"><img loading=\"lazy\" decoding=\"async\" width=\"540\" height=\"720\" data-id=\"1038\" src=\"https:\/\/www.peanuts-machine.com\/wp-content\/uploads\/2023\/01\/peanut-red-skin-peeling-machine-for-sale-1.webp\" alt=\"M\u00e1quina peladora de piel roja de man\u00ed a la venta\" class=\"wp-image-1038\" title=\"\" srcset=\"https:\/\/www.peanuts-machine.com\/wp-content\/uploads\/2023\/01\/peanut-red-skin-peeling-machine-for-sale-1.webp 540w, https:\/\/www.peanuts-machine.com\/wp-content\/uploads\/2023\/01\/peanut-red-skin-peeling-machine-for-sale-1-225x300.webp 225w, https:\/\/www.peanuts-machine.com\/wp-content\/uploads\/2023\/01\/peanut-red-skin-peeling-machine-for-sale-1-9x12.webp 9w\" sizes=\"auto, (max-width: 540px) 100vw, 540px\" \/><figcaption class=\"wp-element-caption\">M\u00e1quina peladora de piel roja de man\u00ed a la venta<\/figcaption><\/figure>    <figure class=\"wp-block-image size-large\"><img loading=\"lazy\" decoding=\"async\" width=\"540\" height=\"720\" data-id=\"1039\" src=\"https:\/\/www.peanuts-machine.com\/wp-content\/uploads\/2023\/01\/stainless-steel-wet-groundnut-peeling-machine.webp\" alt=\"m\u00e1quina de pelado de cacahuetes h\u00famedos de acero inoxidable\" class=\"wp-image-1039\" title=\"\" srcset=\"https:\/\/www.peanuts-machine.com\/wp-content\/uploads\/2023\/01\/stainless-steel-wet-groundnut-peeling-machine.webp 540w, https:\/\/www.peanuts-machine.com\/wp-content\/uploads\/2023\/01\/stainless-steel-wet-groundnut-peeling-machine-225x300.webp 225w, https:\/\/www.peanuts-machine.com\/wp-content\/uploads\/2023\/01\/stainless-steel-wet-groundnut-peeling-machine-9x12.webp 9w\" sizes=\"auto, (max-width: 540px) 100vw, 540px\" \/><figcaption class=\"wp-element-caption\">m\u00e1quina de pelado de cacahuetes h\u00famedos de acero inoxidable<\/figcaption><\/figure> <\/figure>    <figure class=\"wp-block-gallery has-nested-images columns-default is-cropped wp-block-gallery-5 is-layout-flex wp-block-gallery-is-layout-flex\"> <figure class=\"wp-block-image size-large\"><img loading=\"lazy\" decoding=\"async\" width=\"720\" height=\"540\" data-id=\"616\" src=\"https:\/\/www.peanuts-machine.com\/wp-content\/uploads\/2023\/01\/peanut-processing-equipment.webp\" alt=\"equipo de procesamiento de man\u00ed\" class=\"wp-image-616\" title=\"\" srcset=\"https:\/\/www.peanuts-machine.com\/wp-content\/uploads\/2023\/01\/peanut-processing-equipment.webp 720w, https:\/\/www.peanuts-machine.com\/wp-content\/uploads\/2023\/01\/peanut-processing-equipment-300x225.webp 300w, https:\/\/www.peanuts-machine.com\/wp-content\/uploads\/2023\/01\/peanut-processing-equipment-16x12.webp 16w\" sizes=\"auto, (max-width: 720px) 100vw, 720px\" \/><figcaption class=\"wp-element-caption\">equipo de procesamiento de man\u00ed<\/figcaption><\/figure>    <figure class=\"wp-block-image size-large\"><img loading=\"lazy\" decoding=\"async\" width=\"720\" height=\"540\" data-id=\"617\" src=\"https:\/\/www.peanuts-machine.com\/wp-content\/uploads\/2023\/01\/peanut-skin-remover.webp\" alt=\"removedor de piel de man\u00ed\" class=\"wp-image-617\" title=\"\" srcset=\"https:\/\/www.peanuts-machine.com\/wp-content\/uploads\/2023\/01\/peanut-skin-remover.webp 720w, https:\/\/www.peanuts-machine.com\/wp-content\/uploads\/2023\/01\/peanut-skin-remover-300x225.webp 300w, https:\/\/www.peanuts-machine.com\/wp-content\/uploads\/2023\/01\/peanut-skin-remover-16x12.webp 16w\" sizes=\"auto, (max-width: 720px) 100vw, 720px\" \/><figcaption class=\"wp-element-caption\">removedor de piel de man\u00ed<\/figcaption><\/figure> <\/figure>    <h2 class=\"wp-block-heading\">Precio de la m\u00e1quina para quitar la piel de man\u00ed tipo h\u00famedo<\/h2>    <p>El precio de una peladora de man\u00ed puede variar significativamente debido a varios factores. <\/p>    <ul class=\"wp-block-list\"> <li>En primer lugar, las m\u00e1quinas con mayor producci\u00f3n suelen tener un precio m\u00e1s alto en comparaci\u00f3n con aquellas con menor producci\u00f3n. <\/li>    <li>Adem\u00e1s, la calidad de la m\u00e1quina juega un papel crucial; Las m\u00e1quinas de alta calidad son generalmente m\u00e1s caras que sus hom\u00f3logas de menor calidad. <\/li>    <li>Algunos fabricantes pueden optar por materiales no aptos para alimentos en sus m\u00e1quinas peladoras de piel de man\u00ed para reducir costos. <\/li>    <li>Por \u00faltimo, los costos de env\u00edo son otra consideraci\u00f3n importante. <\/li> <\/ul>    <p>Si est\u00e1 interesado en el precio de una m\u00e1quina peladora de cacahuetes de tipo h\u00famedo, por favor cont\u00e1ctenos con sus requisitos y ubicaci\u00f3n, y le responderemos r\u00e1pidamente.<\/p>   <div class=\"wp-block-image\"> <figure class=\"aligncenter size-full\"><img loading=\"lazy\" decoding=\"async\" width=\"720\" height=\"540\" src=\"https:\/\/www.peanuts-machine.com\/wp-content\/uploads\/2023\/01\/peanut-peeling-machine-shipped-to-kenya.webp\" alt=\"M\u00e1quina peladora de man\u00ed enviada a Kenia\" class=\"wp-image-311\" title=\"\" srcset=\"https:\/\/www.peanuts-machine.com\/wp-content\/uploads\/2023\/01\/peanut-peeling-machine-shipped-to-kenya.webp 720w, https:\/\/www.peanuts-machine.com\/wp-content\/uploads\/2023\/01\/peanut-peeling-machine-shipped-to-kenya-300x225.webp 300w\" sizes=\"auto, (max-width: 720px) 100vw, 720px\" \/><figcaption class=\"wp-element-caption\">M\u00e1quina peladora de man\u00ed enviada a Kenia<\/figcaption><\/figure> <\/div>   <h2 class=\"wp-block-heading\">\u00bfD\u00f3nde comprar una peladora de man\u00ed?<\/h2>    <ul class=\"wp-block-list\"> <li>Puede encontrar una m\u00e1quina peladora de man\u00ed a nivel local, lo que ayudar\u00e1 a reducir los costos de env\u00edo y facilitar\u00e1 el mantenimiento.<\/li>    <li>Si conoces amigos que tengan experiencia con este tipo de compras, considera comprar la m\u00e1quina a trav\u00e9s de ellos.<\/li>    <li>Para compras en l\u00ednea, gracias a los avances en la log\u00edstica global, puede solicitar una m\u00e1quina peladora de man\u00ed de tipo h\u00famedo de alta calidad de otros pa\u00edses, lo que le brinda m\u00e1s opciones. Como fabricante profesional de m\u00e1quinas peladoras de man\u00ed en h\u00famedo, ofrecemos una variedad de modelos para que los clientes elijan, lo que garantiza la calidad.<\/li> <\/ul>   <div class=\"wp-block-image\"> <figure class=\"aligncenter size-full\"><img loading=\"lazy\" decoding=\"async\" width=\"720\" height=\"540\" src=\"https:\/\/www.peanuts-machine.com\/wp-content\/uploads\/2023\/01\/machine-certifications.webp\" alt=\"certificaciones de maquinas\" class=\"wp-image-618\" title=\"\" srcset=\"https:\/\/www.peanuts-machine.com\/wp-content\/uploads\/2023\/01\/machine-certifications.webp 720w, https:\/\/www.peanuts-machine.com\/wp-content\/uploads\/2023\/01\/machine-certifications-300x225.webp 300w, https:\/\/www.peanuts-machine.com\/wp-content\/uploads\/2023\/01\/machine-certifications-16x12.webp 16w\" sizes=\"auto, (max-width: 720px) 100vw, 720px\" \/><figcaption class=\"wp-element-caption\">certificaciones de maquinas<\/figcaption><\/figure> <\/div>   <p>\u00a1Gracias por visitar nuestro sitio web! Si est\u00e1 interesado en la industria procesadora de man\u00ed y tiene alguna pregunta, no dude en enviar el formulario a la derecha. Responderemos a su mensaje dentro de las 24 horas.<\/p>","protected":false},"excerpt":{"rendered":"<p>La m\u00e1quina peladora de man\u00ed en h\u00famedo utiliza ruedas de goma blanda para eliminar eficazmente la piel roja del man\u00ed. Es el equipo perfecto para man\u00ed frito, leche de man\u00ed, granos de pimienta, pastel de man\u00ed y aceite de man\u00ed. <\/p>","protected":false},"author":1,"featured_media":313,"parent":0,"template":"","tags":[37,36],"product-type":[49,46],"class_list":["post-310","product","type-product","status-publish","has-post-thumbnail","hentry","tag-groundnut","tag-peanut","product-type-peanut-peeling-machine","product-type-products"],"_links":{"self":[{"href":"https:\/\/www.peanuts-machine.com\/es\/wp-json\/wp\/v2\/product\/310","targetHints":{"allow":["GET"]}}],"collection":[{"href":"https:\/\/www.peanuts-machine.com\/es\/wp-json\/wp\/v2\/product"}],"about":[{"href":"https:\/\/www.peanuts-machine.com\/es\/wp-json\/wp\/v2\/types\/product"}],"author":[{"embeddable":true,"href":"https:\/\/www.peanuts-machine.com\/es\/wp-json\/wp\/v2\/users\/1"}],"wp:featuredmedia":[{"embeddable":true,"href":"https:\/\/www.peanuts-machine.com\/es\/wp-json\/wp\/v2\/media\/313"}],"wp:attachment":[{"href":"https:\/\/www.peanuts-machine.com\/es\/wp-json\/wp\/v2\/media?parent=310"}],"wp:term":[{"taxonomy":"post_tag","embeddable":true,"href":"https:\/\/www.peanuts-machine.com\/es\/wp-json\/wp\/v2\/tags?post=310"},{"taxonomy":"product-type","embeddable":true,"href":"https:\/\/www.peanuts-machine.com\/es\/wp-json\/wp\/v2\/product-type?post=310"}],"curies":[{"name":"wp","href":"https:\/\/api.w.org\/{rel}","templated":true}]}}