{"id":330,"date":"2023-02-15T18:07:40","date_gmt":"2023-02-15T10:07:40","guid":{"rendered":"https:\/\/www.peanuts-machine.com\/?post_type=product&#038;p=330"},"modified":"2026-01-14T16:04:17","modified_gmt":"2026-01-14T08:04:17","slug":"swing-oven-roaster-for-coated-peanut","status":"publish","type":"product","link":"https:\/\/www.peanuts-machine.com\/es\/product\/swing-oven-roaster-for-coated-peanut\/","title":{"rendered":"Horno de Swing Comercial | Tostador para Cacahuetes Recubiertos"},"content":{"rendered":"<div class=\"kk-star-ratings kksr-auto kksr-align-left kksr-valign-top\"     data-payload='{&quot;align&quot;:&quot;left&quot;,&quot;id&quot;:&quot;330&quot;,&quot;slug&quot;:&quot;default&quot;,&quot;valign&quot;:&quot;top&quot;,&quot;ignore&quot;:&quot;&quot;,&quot;reference&quot;:&quot;auto&quot;,&quot;class&quot;:&quot;&quot;,&quot;count&quot;:&quot;6&quot;,&quot;legendonly&quot;:&quot;&quot;,&quot;readonly&quot;:&quot;&quot;,&quot;score&quot;:&quot;4.7&quot;,&quot;starsonly&quot;:&quot;&quot;,&quot;best&quot;:&quot;5&quot;,&quot;gap&quot;:&quot;5&quot;,&quot;greet&quot;:&quot;Rate this product&quot;,&quot;legend&quot;:&quot;4.7\\\/5 - (6 votos)&quot;,&quot;size&quot;:&quot;24&quot;,&quot;title&quot;:&quot;Commercial Swing Oven | Roaster for Coated Peanut Nuts&quot;,&quot;width&quot;:&quot;133.8&quot;,&quot;_legend&quot;:&quot;{score}\\\/{best} - ({count} {votes})&quot;,&quot;font_factor&quot;:&quot;1.25&quot;}'>              <div class=\"kksr-stars\">      <div class=\"kksr-stars-inactive\">             <div class=\"kksr-star\" data-star=\"1\" style=\"padding-right: 5px\">               <div class=\"kksr-icon\" style=\"width: 24px; height: 24px;\"><\/div>         <\/div>             <div class=\"kksr-star\" data-star=\"2\" style=\"padding-right: 5px\">               <div class=\"kksr-icon\" style=\"width: 24px; height: 24px;\"><\/div>         <\/div>             <div class=\"kksr-star\" data-star=\"3\" style=\"padding-right: 5px\">               <div class=\"kksr-icon\" style=\"width: 24px; height: 24px;\"><\/div>         <\/div>             <div class=\"kksr-star\" data-star=\"4\" style=\"padding-right: 5px\">               <div class=\"kksr-icon\" style=\"width: 24px; height: 24px;\"><\/div>         <\/div>             <div class=\"kksr-star\" data-star=\"5\" style=\"padding-right: 5px\">               <div class=\"kksr-icon\" style=\"width: 24px; height: 24px;\"><\/div>         <\/div>     <\/div>      <div class=\"kksr-stars-active\" style=\"width: 133.8px;\">             <div class=\"kksr-star\" style=\"padding-right: 5px\">               <div class=\"kksr-icon\" style=\"width: 24px; height: 24px;\"><\/div>         <\/div>             <div class=\"kksr-star\" style=\"padding-right: 5px\">               <div class=\"kksr-icon\" style=\"width: 24px; height: 24px;\"><\/div>         <\/div>             <div class=\"kksr-star\" style=\"padding-right: 5px\">               <div class=\"kksr-icon\" style=\"width: 24px; height: 24px;\"><\/div>         <\/div>             <div class=\"kksr-star\" style=\"padding-right: 5px\">               <div class=\"kksr-icon\" style=\"width: 24px; height: 24px;\"><\/div>         <\/div>             <div class=\"kksr-star\" style=\"padding-right: 5px\">               <div class=\"kksr-icon\" style=\"width: 24px; height: 24px;\"><\/div>         <\/div>     <\/div> <\/div>                   <div class=\"kksr-legend\" style=\"font-size: 19.2px;\">             4,7\/5 - (6 votos)    <\/div>     <\/div>  <p>El horno oscilante para man\u00ed puede tostar man\u00ed rebozado, anacardos, almendras, frijoles y varias nueces. Por lo tanto, este es un tostador de nueces comercial ideal.<\/p>    <p class=\"translation-block\">Adem\u00e1s, es tambi\u00e9n una m\u00e1quina necesaria en la <a href=\"https:\/\/www.peanuts-machine.com\/es\/product\/coated-peanut-production-line\/\">l\u00ednea de producci\u00f3n de cacahuetes recubiertos<\/a>. La m\u00e1quina adopta calefacci\u00f3n el\u00e9ctrica, calefacci\u00f3n por carb\u00f3n o calefacci\u00f3n por gas. Los clientes pueden elegir seg\u00fan sus propias necesidades.<\/p>   <div class=\"wp-block-image\"> <figure class=\"aligncenter size-full\"><img loading=\"lazy\" decoding=\"async\" width=\"720\" height=\"540\" src=\"https:\/\/www.peanuts-machine.com\/wp-content\/uploads\/2023\/02\/automatic-coated-peanut-roasting-machine_\u7ed3\u679c.webp\" alt=\"Tostadora de man\u00ed recubierta autom\u00e1tica\" class=\"wp-image-331\" title=\"\" srcset=\"https:\/\/www.peanuts-machine.com\/wp-content\/uploads\/2023\/02\/automatic-coated-peanut-roasting-machine_\u7ed3\u679c.webp 720w, https:\/\/www.peanuts-machine.com\/wp-content\/uploads\/2023\/02\/automatic-coated-peanut-roasting-machine_\u7ed3\u679c-300x225.webp 300w\" sizes=\"auto, (max-width: 720px) 100vw, 720px\" \/><figcaption class=\"wp-element-caption\">Tostadora de man\u00ed recubierta autom\u00e1tica<\/figcaption><\/figure> <\/div>   <h2 class=\"wp-block-heading\">\u00bfC\u00f3mo funciona el horno oscilante para man\u00ed?<\/h2>    <p class=\"translation-block\">El horno giratorio para cacahuetes adopta calefacci\u00f3n el\u00e9ctrica, calefacci\u00f3n por gas, calefacci\u00f3n por carb\u00f3n o calefacci\u00f3n por gas. Luego, la temperatura de la sala de secado se eleva utilizando el principio de conducci\u00f3n de la <a href=\"https:\/\/en.wikipedia.org\/wiki\/Thermal_radiation\" target=\"_blank\" rel=\"noopener\">radiaci\u00f3n t\u00e9rmica<\/a>. Luego, la energ\u00eda t\u00e9rmica se transfiere a los cacahuetes recubiertos utilizando aire caliente como medio de secado.<br>Mientras la <a href=\"https:\/\/www.peanuts-machine.com\/es\/product\/peanut-roasting-machine\/\">m\u00e1quina tostadora de cacahuetes<\/a> est\u00e1 funcionando, la bandeja de acero inoxidable llena de materiales girar\u00e1 bajo la acci\u00f3n de la leva exc\u00e9ntrica ajustable. M\u00faltiples dispositivos de mezcla c\u00f3nicos instalados en la bandeja har\u00e1n que el material se agite y ruede continuamente, de modo que el material pueda calentarse uniformemente. Esto asegura efectivamente la calidad del horneado de los materiales.<\/p>   <div class=\"wp-block-image\"> <figure class=\"aligncenter size-full\"><img loading=\"lazy\" decoding=\"async\" width=\"720\" height=\"540\" src=\"https:\/\/www.peanuts-machine.com\/wp-content\/uploads\/2023\/02\/machine-details.webp\" alt=\"detalles de la m\u00e1quina\" class=\"wp-image-335\" title=\"\" srcset=\"https:\/\/www.peanuts-machine.com\/wp-content\/uploads\/2023\/02\/machine-details.webp 720w, https:\/\/www.peanuts-machine.com\/wp-content\/uploads\/2023\/02\/machine-details-300x225.webp 300w\" sizes=\"auto, (max-width: 720px) 100vw, 720px\" \/><figcaption class=\"wp-element-caption\">detalles de la m\u00e1quina<\/figcaption><\/figure> <\/div>   <h2 class=\"wp-block-heading\">Video de trabajo de la m\u00e1quina tostadora de man\u00ed comercial.<\/h2>    <figure class=\"wp-block-embed is-type-video is-provider-youtube wp-block-embed-youtube wp-embed-aspect-16-9 wp-has-aspect-ratio\"><div class=\"wp-block-embed__wrapper\"> <iframe loading=\"lazy\" title=\"M\u00e1quina tostadora de man\u00ed recubierta | Horno oscilante de man\u00ed | Proceso de tostado de nueces\/man\u00ed\" width=\"500\" height=\"281\" src=\"https:\/\/www.youtube.com\/embed\/sc-RtbC7bJ8?feature=oembed\" frameborder=\"0\" allow=\"accelerometer; autoplay; clipboard-write; encrypted-media; gyroscope; picture-in-picture; web-share\" referrerpolicy=\"strict-origin-when-cross-origin\" allowfullscreen><\/iframe> <\/div><\/figure>    <h2 class=\"wp-block-heading\">Par\u00e1metros de la m\u00e1quina<\/h2>    <figure class=\"wp-block-table\"><table><tbody><tr><td>Modelo<\/td><td>TZ-100<\/td><td>TZ-300<\/td><\/tr><tr><td>Capacidad<\/td><td>80-100kg\/hora<\/td><td>200-300kg\/hora<\/td><\/tr><tr><td>Temperatura<\/td><td>180-220\u2103<\/td><td>180-220\u2103<\/td><\/tr><tr><td>Voltaje<\/td><td>380v 50hz<\/td><td>380v 50hz<\/td><\/tr><tr><td>Fuerza<\/td><td>25kw<\/td><td>70kw<\/td><\/tr><tr><td>Tama\u00f1o<\/td><td>2,2*2*1,4 m<\/td><td>3,2*2,7*1,9 m<\/td><\/tr><\/tbody><\/table><\/figure>    <p>Los anteriores son los par\u00e1metros t\u00e9cnicos del tostador de man\u00ed peque\u00f1o y del horno de man\u00ed comercial grande. Su rendimiento es de 80-100 kg y 200-300 kg\/h. Los clientes pueden elegir el equipo para tostar man\u00ed adecuado seg\u00fan sus necesidades.<\/p>   <div class=\"wp-block-image\"> <figure class=\"aligncenter size-full\"><img loading=\"lazy\" decoding=\"async\" width=\"720\" height=\"540\" src=\"https:\/\/www.peanuts-machine.com\/wp-content\/uploads\/2023\/02\/coated-peanut-swing-oven.webp\" alt=\"horno oscilante de man\u00ed recubierto\" class=\"wp-image-333\" title=\"\" srcset=\"https:\/\/www.peanuts-machine.com\/wp-content\/uploads\/2023\/02\/coated-peanut-swing-oven.webp 720w, https:\/\/www.peanuts-machine.com\/wp-content\/uploads\/2023\/02\/coated-peanut-swing-oven-300x225.webp 300w\" sizes=\"auto, (max-width: 720px) 100vw, 720px\" \/><figcaption class=\"wp-element-caption\">horno oscilante de man\u00ed recubierto<\/figcaption><\/figure> <\/div>   <h2 class=\"wp-block-heading\">Aspectos destacados de la tostadora autom\u00e1tica de man\u00ed revestido<\/h2>    <ol class=\"wp-block-list\"> <li>Varios m\u00e9todos de calefacci\u00f3n para que los clientes elijan. Calefacci\u00f3n el\u00e9ctrica, calefacci\u00f3n de carb\u00f3n, calefacci\u00f3n de gas, etc.<\/li>    <li>El alto grado de automatizaci\u00f3n. Esta es una m\u00e1quina tostadora de man\u00ed autom\u00e1tica que puede ser operada por una sola persona.<\/li>    <li>La tasa de da\u00f1o es baja. En comparaci\u00f3n con otros tipos de m\u00e1quinas, el horno oscilante tiene una peque\u00f1a rotaci\u00f3n de materiales y una baja tasa de da\u00f1os.<\/li>    <li>Ruido bajo. La m\u00e1quina est\u00e1 fabricada con tecnolog\u00eda avanzada y ha sido mejorada muchas veces. Tiene la ventaja de un bajo nivel de ruido.<\/li>    <li>La velocidad de calentamiento es r\u00e1pida. Los materiales de aislamiento t\u00e9rmico de alta calidad pueden reducir considerablemente el tiempo de calentamiento.<\/li> <\/ol>   <div class=\"wp-block-image\"> <figure class=\"aligncenter size-full\"><img loading=\"lazy\" decoding=\"async\" width=\"720\" height=\"540\" src=\"https:\/\/www.peanuts-machine.com\/wp-content\/uploads\/2023\/02\/peanut-swing-oven.webp\" alt=\"horno oscilante de man\u00ed\" class=\"wp-image-337\" title=\"\" srcset=\"https:\/\/www.peanuts-machine.com\/wp-content\/uploads\/2023\/02\/peanut-swing-oven.webp 720w, https:\/\/www.peanuts-machine.com\/wp-content\/uploads\/2023\/02\/peanut-swing-oven-300x225.webp 300w\" sizes=\"auto, (max-width: 720px) 100vw, 720px\" \/><figcaption class=\"wp-element-caption\">horno oscilante de man\u00ed<\/figcaption><\/figure> <\/div>   <h2 class=\"wp-block-heading\">Rango de aplicaci\u00f3n del horno oscilante<\/h2>    <p>El horno oscilante para man\u00ed se utiliza principalmente para hornear man\u00ed recubierto, granos de man\u00ed, granos de cacao, man\u00ed con piel de pescado, nueces, frijoles y otros materiales granulares. Por lo tanto. Esta m\u00e1quina se puede utilizar en muchos restaurantes, supermercados, panader\u00edas y plantas procesadoras de frutos secos.<\/p>   <div class=\"wp-block-image\"> <figure class=\"aligncenter size-full\"><img loading=\"lazy\" decoding=\"async\" width=\"720\" height=\"540\" src=\"https:\/\/www.peanuts-machine.com\/wp-content\/uploads\/2023\/02\/finished-products.webp\" alt=\"productos terminados\" class=\"wp-image-334\" title=\"\" srcset=\"https:\/\/www.peanuts-machine.com\/wp-content\/uploads\/2023\/02\/finished-products.webp 720w, https:\/\/www.peanuts-machine.com\/wp-content\/uploads\/2023\/02\/finished-products-300x225.webp 300w\" sizes=\"auto, (max-width: 720px) 100vw, 720px\" \/><figcaption class=\"wp-element-caption\">productos terminados<\/figcaption><\/figure> <\/div>","protected":false},"excerpt":{"rendered":"<p>El horno oscilante para man\u00ed puede tostar man\u00ed rebozado, anacardos, almendras, frijoles y varias nueces. Por lo tanto, este es tambi\u00e9n un tostador de nueces comercial ideal.<\/p>","protected":false},"author":1,"featured_media":332,"parent":0,"template":"","tags":[56,36],"product-type":[50,46],"class_list":["post-330","product","type-product","status-publish","has-post-thumbnail","hentry","tag-nut","tag-peanut","product-type-peanut-roasting-machine","product-type-products"],"_links":{"self":[{"href":"https:\/\/www.peanuts-machine.com\/es\/wp-json\/wp\/v2\/product\/330","targetHints":{"allow":["GET"]}}],"collection":[{"href":"https:\/\/www.peanuts-machine.com\/es\/wp-json\/wp\/v2\/product"}],"about":[{"href":"https:\/\/www.peanuts-machine.com\/es\/wp-json\/wp\/v2\/types\/product"}],"author":[{"embeddable":true,"href":"https:\/\/www.peanuts-machine.com\/es\/wp-json\/wp\/v2\/users\/1"}],"wp:featuredmedia":[{"embeddable":true,"href":"https:\/\/www.peanuts-machine.com\/es\/wp-json\/wp\/v2\/media\/332"}],"wp:attachment":[{"href":"https:\/\/www.peanuts-machine.com\/es\/wp-json\/wp\/v2\/media?parent=330"}],"wp:term":[{"taxonomy":"post_tag","embeddable":true,"href":"https:\/\/www.peanuts-machine.com\/es\/wp-json\/wp\/v2\/tags?post=330"},{"taxonomy":"product-type","embeddable":true,"href":"https:\/\/www.peanuts-machine.com\/es\/wp-json\/wp\/v2\/product-type?post=330"}],"curies":[{"name":"wp","href":"https:\/\/api.w.org\/{rel}","templated":true}]}}