{"id":344,"date":"2023-03-15T15:14:48","date_gmt":"2023-03-15T07:14:48","guid":{"rendered":"https:\/\/www.peanuts-machine.com\/?post_type=product&#038;p=344"},"modified":"2026-01-14T16:10:25","modified_gmt":"2026-01-14T08:10:25","slug":"groundnut-frying-machine","status":"publish","type":"product","link":"https:\/\/www.peanuts-machine.com\/es\/product\/groundnut-frying-machine\/","title":{"rendered":"Freidora Comercial de Cacahuetes | Freidora de Acero Inoxidable para Alimentos"},"content":{"rendered":"<div class=\"kk-star-ratings kksr-auto kksr-align-left kksr-valign-top\"     data-payload='{&quot;align&quot;:&quot;left&quot;,&quot;id&quot;:&quot;344&quot;,&quot;slug&quot;:&quot;default&quot;,&quot;valign&quot;:&quot;top&quot;,&quot;ignore&quot;:&quot;&quot;,&quot;reference&quot;:&quot;auto&quot;,&quot;class&quot;:&quot;&quot;,&quot;count&quot;:&quot;23&quot;,&quot;legendonly&quot;:&quot;&quot;,&quot;readonly&quot;:&quot;&quot;,&quot;score&quot;:&quot;4.7&quot;,&quot;starsonly&quot;:&quot;&quot;,&quot;best&quot;:&quot;5&quot;,&quot;gap&quot;:&quot;5&quot;,&quot;greet&quot;:&quot;Rate this product&quot;,&quot;legend&quot;:&quot;4.7\\\/5 - (23 votos)&quot;,&quot;size&quot;:&quot;24&quot;,&quot;title&quot;:&quot;Commercial Groundnut Frying Machine | Stainless Steel Food Fryer&quot;,&quot;width&quot;:&quot;133.8&quot;,&quot;_legend&quot;:&quot;{score}\\\/{best} - ({count} {votes})&quot;,&quot;font_factor&quot;:&quot;1.25&quot;}'>              <div class=\"kksr-stars\">      <div class=\"kksr-stars-inactive\">             <div class=\"kksr-star\" data-star=\"1\" style=\"padding-right: 5px\">               <div class=\"kksr-icon\" style=\"width: 24px; height: 24px;\"><\/div>         <\/div>             <div class=\"kksr-star\" data-star=\"2\" style=\"padding-right: 5px\">               <div class=\"kksr-icon\" style=\"width: 24px; height: 24px;\"><\/div>         <\/div>             <div class=\"kksr-star\" data-star=\"3\" style=\"padding-right: 5px\">               <div class=\"kksr-icon\" style=\"width: 24px; height: 24px;\"><\/div>         <\/div>             <div class=\"kksr-star\" data-star=\"4\" style=\"padding-right: 5px\">               <div class=\"kksr-icon\" style=\"width: 24px; height: 24px;\"><\/div>         <\/div>             <div class=\"kksr-star\" data-star=\"5\" style=\"padding-right: 5px\">               <div class=\"kksr-icon\" style=\"width: 24px; height: 24px;\"><\/div>         <\/div>     <\/div>      <div class=\"kksr-stars-active\" style=\"width: 133.8px;\">             <div class=\"kksr-star\" style=\"padding-right: 5px\">               <div class=\"kksr-icon\" style=\"width: 24px; height: 24px;\"><\/div>         <\/div>             <div class=\"kksr-star\" style=\"padding-right: 5px\">               <div class=\"kksr-icon\" style=\"width: 24px; height: 24px;\"><\/div>         <\/div>             <div class=\"kksr-star\" style=\"padding-right: 5px\">               <div class=\"kksr-icon\" style=\"width: 24px; height: 24px;\"><\/div>         <\/div>             <div class=\"kksr-star\" style=\"padding-right: 5px\">               <div class=\"kksr-icon\" style=\"width: 24px; height: 24px;\"><\/div>         <\/div>             <div class=\"kksr-star\" style=\"padding-right: 5px\">               <div class=\"kksr-icon\" style=\"width: 24px; height: 24px;\"><\/div>         <\/div>     <\/div> <\/div>                   <div class=\"kksr-legend\" style=\"font-size: 19.2px;\">             4,7\/5 - (23 votos)    <\/div>     <\/div>  <p>La m\u00e1quina de fre\u00edr cacahuetes es un equipo de fritura comercial ampliamente utilizado para una amplia gama de productos alimenticios como nueces, alimentos inflados, productos de pasta, carne, mariscos y productos de soja.<\/p>    <p>Adopta una avanzada tecnolog\u00eda de mezcla de aceite y agua, que puede filtrar los residuos autom\u00e1ticamente. Esto no solo extiende de manera efectiva el ciclo de uso del aceite de cocina, sino que tambi\u00e9n ahorra hasta un 50% de aceite de cocina y un 40% de consumo de electricidad, reduciendo significativamente los costos de producci\u00f3n.<\/p>    <p>El equipo est\u00e1 equipado con un sistema autom\u00e1tico de control de temperatura para garantizar una fritura uniforme y una calidad estable de los ingredientes. Soporta tanto calefacci\u00f3n el\u00e9ctrica como calefacci\u00f3n a carb\u00f3n para satisfacer las necesidades de diferentes entornos de producci\u00f3n.<\/p>    <p>Ya sea una planta de procesamiento de cacahuetes o una planta de producci\u00f3n de alimentos, esta freidora es la opci\u00f3n ideal para ayudarle a mejorar f\u00e1cilmente la eficiencia de producci\u00f3n y la calidad de los alimentos.<\/p>   <div class=\"wp-block-image\"> <figure class=\"aligncenter size-full\"><img loading=\"lazy\" decoding=\"async\" width=\"720\" height=\"540\" src=\"https:\/\/www.peanuts-machine.com\/wp-content\/uploads\/2023\/03\/machine-for-frying-groundnut.webp\" alt=\"m\u00e1quina para fre\u00edr man\u00ed\" class=\"wp-image-350\" title=\"\" srcset=\"https:\/\/www.peanuts-machine.com\/wp-content\/uploads\/2023\/03\/machine-for-frying-groundnut.webp 720w, https:\/\/www.peanuts-machine.com\/wp-content\/uploads\/2023\/03\/machine-for-frying-groundnut-300x225.webp 300w\" sizes=\"auto, (max-width: 720px) 100vw, 720px\" \/><figcaption class=\"wp-element-caption\">m\u00e1quina para fre\u00edr man\u00ed<\/figcaption><\/figure> <\/div>   <h2 class=\"wp-block-heading\">Aplicaciones de m\u00e1quinas para fre\u00edr alimentos.<\/h2>    <p>La freidora de alimentos es ideal para la industria procesadora de alimentos, restaurantes de comida r\u00e1pida, tiendas de pollo frito, pasteler\u00edas y m\u00e1s. Aqu\u00ed hay una breve lista de varios tipos de alimentos que se pueden preparar: <\/p>    <ul class=\"wp-block-list\"> <li>Frutos secos: habas, guisantes, cacahuetes, pi\u00f1ones.<\/li>    <li>Snacks inflados: popurr\u00ed, patatas chips.<\/li>    <li>Art\u00edculos de pasta: orejas de gato, pasteles de concha, rosquillas, sachima, popurr\u00ed.<\/li>    <li>Platos de carne: pastel de carne, muslos de pollo.<\/li>    <li>Mariscos: corvina amarilla, vieiras.<\/li>    <li>Productos de soya: tofu seco, hojaldres de tofu y otros.<\/li> <\/ul>   <div class=\"wp-block-image\"> <figure class=\"aligncenter size-full\"><img loading=\"lazy\" decoding=\"async\" width=\"720\" height=\"540\" src=\"https:\/\/www.peanuts-machine.com\/wp-content\/uploads\/2023\/03\/application-scope.webp\" alt=\"alcance de la aplicaci\u00f3n\" class=\"wp-image-345\" title=\"\" srcset=\"https:\/\/www.peanuts-machine.com\/wp-content\/uploads\/2023\/03\/application-scope.webp 720w, https:\/\/www.peanuts-machine.com\/wp-content\/uploads\/2023\/03\/application-scope-300x225.webp 300w\" sizes=\"auto, (max-width: 720px) 100vw, 720px\" \/><figcaption class=\"wp-element-caption\">alcance de la aplicaci\u00f3n<\/figcaption><\/figure> <\/div>   <h2 class=\"wp-block-heading\">Principio de funcionamiento de la freidora de man\u00ed.<\/h2>    <ul class=\"wp-block-list\"> <li>M\u00e9todo de calefacci\u00f3n: el equipo utiliza electricidad o gas como fuente de calor para calentar el tanque de aceite, de modo que la temperatura del aceite aumente gradualmente hasta alcanzar la temperatura necesaria para fre\u00edr los ingredientes.<\/li>    <li>Mezcla autom\u00e1tica: el sistema de transmisi\u00f3n interno impulsa el dispositivo de mezcla para girar hacia arriba y hacia abajo. Los ingredientes se calientan de manera uniforme en el aceite, evitando la fritura localizada o el calentamiento desigual.<\/li>    <li>Fre\u00edr uniformemente: cuando la temperatura del aceite alcanza el valor establecido, a\u00f1ade los ingredientes. La funci\u00f3n de agitaci\u00f3n asegura que todos los ingredientes se fr\u00edan de manera uniforme, mejorando el sabor y la calidad de los productos fritos.<\/li>    <li>Separaci\u00f3n de residuos: los residuos generados durante la fritura se hunden autom\u00e1ticamente al fondo. Esto previene de manera efectiva la degradaci\u00f3n de la calidad del aceite y prolonga la vida \u00fatil del aceite de cocina.<\/li>    <li>Estructura de separaci\u00f3n de aceite y agua: adoptando tecnolog\u00eda avanzada de separaci\u00f3n de aceite y agua, los alimentos fritos flotan en la superficie del aceite, mientras que el agua y las impurezas se hunden al fondo, manteniendo el aceite limpio.<\/li>    <li>Descarga autom\u00e1tica: despu\u00e9s de que se completa la fritura, el equipo puede separar autom\u00e1ticamente los ingredientes del aceite. Esto facilita la recolecci\u00f3n de los productos terminados y mejora la eficiencia de producci\u00f3n.<\/li> <\/ul>    <figure class=\"wp-block-embed aligncenter is-type-video is-provider-youtube wp-block-embed-youtube wp-embed-aspect-16-9 wp-has-aspect-ratio\"><div class=\"wp-block-embed__wrapper\"> <iframe loading=\"lazy\" title=\"M\u00e1quina para fre\u00edr man\u00ed para fre\u00edr man\u00ed, barbilla, nueces, carne y alimentos inflados\" width=\"500\" height=\"281\" src=\"https:\/\/www.youtube.com\/embed\/Sb2JiGceo_A?feature=oembed\" frameborder=\"0\" allow=\"accelerometer; autoplay; clipboard-write; encrypted-media; gyroscope; picture-in-picture; web-share\" referrerpolicy=\"strict-origin-when-cross-origin\" allowfullscreen><\/iframe> <\/div><figcaption class=\"wp-element-caption\">video de trabajo de la m\u00e1quina de fritura de cacahuetes para procesamiento de alimentos<\/figcaption><\/figure>    <h2 class=\"wp-block-heading\">Par\u00e1metros t\u00e9cnicos de la m\u00e1quina freidora de alimentos<\/h2>    <p>Ofrecemos m\u00e1quinas de fre\u00edr cacahuetes con calefacci\u00f3n el\u00e9ctrica y de gas. Adem\u00e1s, proporcionamos opciones basadas en la forma, con m\u00e1quinas redondas y cuadradas disponibles. La elecci\u00f3n depende en \u00faltima instancia del sitio del cliente y de sus preferencias personales.<\/p>    <h3 class=\"wp-block-heading\">Freidora redonda calentada por gas<\/h3>    <figure class=\"wp-block-table is-style-stripes\"><table><tbody><tr><td>Modelo<\/td><td>TZ-RG1000<\/td><td>TZ-RG1200<\/td><td>TZ-RG1500<\/td><\/tr><tr><td>Tama\u00f1o (mm)<\/td><td>1450x1200x1700<\/td><td>1650x1400x1700<\/td><td>1950x1600x1700<\/td><\/tr><tr><td>Potencia de descarga (kw)<\/td><td>0.75<\/td><td>0.75<\/td><td>1.1<\/td><\/tr><tr><td>Poder de agitaci\u00f3n (kw)<\/td><td>0.75<\/td><td>0.75<\/td><td>1.5<\/td><\/tr><tr><td>Poder de calefacci\u00f3n<\/td><td>100000kilocalor\u00eda<\/td><td>200000kilocalor\u00eda<\/td><td>200000kilocalor\u00eda<\/td><\/tr><tr><td>Tama\u00f1o de la zona de fritura (mm)<\/td><td>1000&#215;350<\/td><td>1200&#215;350<\/td><td>1500&#215;350<\/td><\/tr><\/tbody><\/table><\/figure>    <h3 class=\"wp-block-heading\">Freidora de alimentos comercial calentada el\u00e9ctricamente redonda<\/h3>    <figure class=\"wp-block-table is-style-stripes\"><table><tbody><tr><td>Modelo<\/td><td>TZ-RE1000<\/td><td>TZ-RE1200<\/td><td>TZ-RE1500<\/td><\/tr><tr><td>Tama\u00f1o (mm)<\/td><td>1250x1200x1700<\/td><td>1450x1400x1700<\/td><td>1750x1700x1700<\/td><\/tr><tr><td>Potencia de descarga (kw)<\/td><td>0.75<\/td><td>0.75<\/td><td>1.5<\/td><\/tr><tr><td>Poder de agitaci\u00f3n (kw)<\/td><td>0.75<\/td><td>1.1<\/td><td>1.5<\/td><\/tr><tr><td>Tama\u00f1o de la zona de fritura (mm)<\/td><td>1000&#215;350<\/td><td>1200&#215;350<\/td><td>1500&#215;350<\/td><\/tr><\/tbody><\/table><\/figure>   <div class=\"wp-block-image\"> <figure class=\"aligncenter size-full\"><img loading=\"lazy\" decoding=\"async\" width=\"720\" height=\"540\" src=\"https:\/\/www.peanuts-machine.com\/wp-content\/uploads\/2023\/03\/stirrer-device-of-the-machine.webp\" alt=\"dispositivo agitador de la m\u00e1quina\" class=\"wp-image-353\" title=\"\" srcset=\"https:\/\/www.peanuts-machine.com\/wp-content\/uploads\/2023\/03\/stirrer-device-of-the-machine.webp 720w, https:\/\/www.peanuts-machine.com\/wp-content\/uploads\/2023\/03\/stirrer-device-of-the-machine-300x225.webp 300w\" sizes=\"auto, (max-width: 720px) 100vw, 720px\" \/><figcaption class=\"wp-element-caption\">dispositivo agitador de la m\u00e1quina<\/figcaption><\/figure> <\/div>   <h3 class=\"wp-block-heading\">Freidora el\u00e9ctrica cuadrada<\/h3>    <figure class=\"wp-block-table is-style-stripes\"><table><tbody><tr><td>Modelo<\/td><td>TZ-SE1000<\/td><td>TZ-SE1500<\/td><td>TZ-SE2000<\/td><\/tr><tr><td>Tama\u00f1o (mm)<\/td><td>1400x1100x1700<\/td><td>1900x1100x1700<\/td><td>2400x1100x1700<\/td><\/tr><tr><td>Potencia de descarga (kw)<\/td><td>0.75<\/td><td>0.75<\/td><td>1.5<\/td><\/tr><tr><td>Potencia de calefacci\u00f3n (kilovatios)<\/td><td>40<\/td><td>60<\/td><td>90<\/td><\/tr><tr><td>Tama\u00f1o de la zona de fritura (mm)<\/td><td>1200&#215;800<\/td><td>1500&#215;800<\/td><td>2000&#215;800<\/td><\/tr><\/tbody><\/table><\/figure>    <h3 class=\"wp-block-heading\">Freidora cuadrada con calefacci\u00f3n a gas<\/h3>    <figure class=\"wp-block-table is-style-stripes\"><table><tbody><tr><td>Modelo<\/td><td>TZ-SG1000<\/td><td>TZ-SG1500<\/td><td>TZ-SG2000<\/td><\/tr><tr><td>Tama\u00f1o (mm)<\/td><td>1400x1500x1700<\/td><td>1900x1500x1700<\/td><td>2400x1500x1700<\/td><\/tr><tr><td>Potencia de descarga (kw)<\/td><td>0.75<\/td><td>0.75<\/td><td>1.5<\/td><\/tr><tr><td>Poder de calefacci\u00f3n<\/td><td>100000kilocalor\u00eda<\/td><td>200000kilocalor\u00eda<\/td><td>200000kilocalor\u00eda<\/td><\/tr><tr><td>Tama\u00f1o de la zona de fritura (mm)<\/td><td>1200&#215;800<\/td><td>1500&#215;800<\/td><td>2000&#215;800<\/td><\/tr><\/tbody><\/table><\/figure>    <p>Arriba est\u00e1n los par\u00e1metros t\u00e9cnicos de 4 m\u00e1quinas de fritura. Si necesitas una m\u00e1quina de fritura de cacahuetes de alta calidad, no dudes en contactarnos en cualquier momento.<\/p>    <h2 class=\"wp-block-heading\">Aspectos destacados de la m\u00e1quina de fre\u00edr cacahuetes<\/h2>    <ul class=\"wp-block-list\"> <li>El mecanismo de agitaci\u00f3n incorporado puede girar continuamente los ingredientes, de modo que los cacahuetes y otros materiales se calienten de manera uniforme, evitando eficazmente el fen\u00f3meno de la pasta en la olla y el fondo pegajoso.<\/li>    <li>La m\u00e1quina de fre\u00edr cacahuetes est\u00e1 equipada con una funci\u00f3n de control de temperatura inteligente. Cuando la temperatura del aceite alcanza el l\u00edmite superior establecido, el calentador el\u00e9ctrico o el quemador dejar\u00e1n de calentar autom\u00e1ticamente para mantener la mejor temperatura de fritura.<\/li>    <li>Equipado con un dispositivo el\u00e9ctrico de elevaci\u00f3n y descarga, el material se descarga autom\u00e1ticamente despu\u00e9s de que se completa la fritura, lo que reduce en gran medida la intensidad laboral y mejora la eficiencia del trabajo.<\/li>    <li>El cuerpo est\u00e1 hecho de acero inoxidable 304, con alta resistencia, resistencia a la corrosi\u00f3n, f\u00e1cil de limpiar, cumpliendo con los est\u00e1ndares de salud para el procesamiento de alimentos.<\/li>    <li>Adoptando algod\u00f3n de preservaci\u00f3n de calor de silicato de aluminio, con un buen rendimiento de preservaci\u00f3n de calor, puede bloquear efectivamente el calor, reducir la p\u00e9rdida de calor, ahorrar electricidad y costos de combustible.<\/li> <\/ul>   <div class=\"wp-block-image\"> <figure class=\"aligncenter size-full\"><img loading=\"lazy\" decoding=\"async\" width=\"720\" height=\"540\" src=\"https:\/\/www.peanuts-machine.com\/wp-content\/uploads\/2023\/03\/small-peanut-frying-machine.webp\" alt=\"peque\u00f1a freidora de man\u00ed\" class=\"wp-image-352\" title=\"\" srcset=\"https:\/\/www.peanuts-machine.com\/wp-content\/uploads\/2023\/03\/small-peanut-frying-machine.webp 720w, https:\/\/www.peanuts-machine.com\/wp-content\/uploads\/2023\/03\/small-peanut-frying-machine-300x225.webp 300w\" sizes=\"auto, (max-width: 720px) 100vw, 720px\" \/><figcaption class=\"wp-element-caption\">peque\u00f1a freidora de man\u00ed<\/figcaption><\/figure> <\/div>   <h2 class=\"wp-block-heading\">\u00bfC\u00f3mo preparar man\u00ed antes de fre\u00edrlo?<\/h2>    <ol class=\"wp-block-list\"> <li>Seleccione man\u00ed crudo y fresco. <\/li>    <li>Retire las c\u00e1scaras y la piel de los cacahuetes. Para esta tarea pueden resultar \u00fatiles una m\u00e1quina peladora de man\u00ed y una m\u00e1quina peladora de man\u00ed de tipo h\u00famedo. <\/li>    <li>Enjuague y seque los cacahuetes despu\u00e9s del procesamiento. <\/li>    <li>Precalienta la freidora a unos 175\u00b0C. Puedes utilizar un term\u00f3metro para asegurarte de que el aceite est\u00e9 a la temperatura adecuada. <\/li>    <li>Agrega los man\u00ed al aceite caliente. <\/li>    <li>Fr\u00edelos hasta que adquieran un color dorado o marr\u00f3n oscuro, seg\u00fan tu preferencia. Esto suele tardar entre 10 y 15 minutos. <\/li>    <li>Una vez hecho, vierte los cacahuetes fritos para que se enfr\u00eden. Adem\u00e1s, es importante revisar regularmente. <a href=\"https:\/\/www.peanuts-machine.com\/es\/Info\/maintenance-points-of-automatic-groundnut-frying-machine\/\">mantenga su freidora de man\u00ed<\/a> para asegurar su longevidad.<\/li> <\/ol>   <div class=\"wp-block-image\"> <figure class=\"aligncenter size-full\"><img loading=\"lazy\" decoding=\"async\" width=\"720\" height=\"540\" src=\"https:\/\/www.peanuts-machine.com\/wp-content\/uploads\/2023\/03\/groundnut-frying-machine.webp\" alt=\"freidora de man\u00ed\" class=\"wp-image-349\" title=\"\" srcset=\"https:\/\/www.peanuts-machine.com\/wp-content\/uploads\/2023\/03\/groundnut-frying-machine.webp 720w, https:\/\/www.peanuts-machine.com\/wp-content\/uploads\/2023\/03\/groundnut-frying-machine-300x225.webp 300w\" sizes=\"auto, (max-width: 720px) 100vw, 720px\" \/><figcaption class=\"wp-element-caption\">freidora de man\u00ed<\/figcaption><\/figure> <\/div>   <h2 class=\"wp-block-heading\">\u00bfD\u00f3nde comprar freidora autom\u00e1tica?<\/h2>    <p class=\"translation-block\">Con m\u00e1s de 20 a\u00f1os de experiencia en la fabricaci\u00f3n de maquinaria, ofrecemos no solo m\u00e1quinas de alta calidad para fre\u00edr cacahuetes, sino tambi\u00e9n <a href=\"https:\/\/www.peanuts-machine.com\/es\/product\/groundnut-sheller\/\">m\u00e1quinas peladoras de cacahuetes<\/a>, <a href=\"https:\/\/www.peanuts-machine.com\/es\/product\/peanut-roasting-machine\/\">m\u00e1quinas para tostar cacahuetes<\/a> y <a href=\"https:\/\/www.peanuts-machine.com\/es\/product\/commercial-peanut-butter-machine\/\">equipos para hacer mantequilla de cacahuete<\/a>, entre otras opciones. Si necesitas alguna maquinaria de <a href=\"https:\/\/en.wikipedia.org\/wiki\/Peanut\" target=\"_blank\" rel=\"noopener\">cacahuete<\/a>, no dudes en ponerte en contacto con nosotros.<\/p>","protected":false},"excerpt":{"rendered":"<p>La m\u00e1quina de fre\u00edr cacahuetes de acero inoxidable est\u00e1 equipada con funciones autom\u00e1ticas de agitaci\u00f3n, control de temperatura y descarga. Es adecuada para el procesamiento de fritura de muchos tipos de alimentos.<\/p>","protected":false},"author":1,"featured_media":351,"parent":0,"template":"","tags":[36],"product-type":[54,46],"class_list":["post-344","product","type-product","status-publish","has-post-thumbnail","hentry","tag-peanut","product-type-other-peanut-related-machine","product-type-products"],"_links":{"self":[{"href":"https:\/\/www.peanuts-machine.com\/es\/wp-json\/wp\/v2\/product\/344","targetHints":{"allow":["GET"]}}],"collection":[{"href":"https:\/\/www.peanuts-machine.com\/es\/wp-json\/wp\/v2\/product"}],"about":[{"href":"https:\/\/www.peanuts-machine.com\/es\/wp-json\/wp\/v2\/types\/product"}],"author":[{"embeddable":true,"href":"https:\/\/www.peanuts-machine.com\/es\/wp-json\/wp\/v2\/users\/1"}],"wp:featuredmedia":[{"embeddable":true,"href":"https:\/\/www.peanuts-machine.com\/es\/wp-json\/wp\/v2\/media\/351"}],"wp:attachment":[{"href":"https:\/\/www.peanuts-machine.com\/es\/wp-json\/wp\/v2\/media?parent=344"}],"wp:term":[{"taxonomy":"post_tag","embeddable":true,"href":"https:\/\/www.peanuts-machine.com\/es\/wp-json\/wp\/v2\/tags?post=344"},{"taxonomy":"product-type","embeddable":true,"href":"https:\/\/www.peanuts-machine.com\/es\/wp-json\/wp\/v2\/product-type?post=344"}],"curies":[{"name":"wp","href":"https:\/\/api.w.org\/{rel}","templated":true}]}}