{"id":365,"date":"2023-05-05T10:10:04","date_gmt":"2023-05-05T02:10:04","guid":{"rendered":"https:\/\/www.peanuts-machine.com\/?post_type=product&#038;p=365"},"modified":"2026-02-24T13:52:35","modified_gmt":"2026-02-24T05:52:35","slug":"peanut-brittle-forming-and-cutting-machine","status":"publish","type":"product","link":"https:\/\/www.peanuts-machine.com\/es\/product\/peanut-brittle-forming-and-cutting-machine\/","title":{"rendered":"M\u00e1quina Semi-Autom\u00e1tica de Formado y Corte de Turr\u00f3n de Man\u00ed"},"content":{"rendered":"<div class=\"kk-star-ratings kksr-auto kksr-align-left kksr-valign-top\"     data-payload='{&quot;align&quot;:&quot;left&quot;,&quot;id&quot;:&quot;365&quot;,&quot;slug&quot;:&quot;default&quot;,&quot;valign&quot;:&quot;top&quot;,&quot;ignore&quot;:&quot;&quot;,&quot;reference&quot;:&quot;auto&quot;,&quot;class&quot;:&quot;&quot;,&quot;count&quot;:&quot;26&quot;,&quot;legendonly&quot;:&quot;&quot;,&quot;readonly&quot;:&quot;&quot;,&quot;score&quot;:&quot;4.8&quot;,&quot;starsonly&quot;:&quot;&quot;,&quot;best&quot;:&quot;5&quot;,&quot;gap&quot;:&quot;5&quot;,&quot;greet&quot;:&quot;Rate this product&quot;,&quot;legend&quot;:&quot;4.8\\\/5 - (26 votos)&quot;,&quot;size&quot;:&quot;24&quot;,&quot;title&quot;:&quot;Semi-Automatic Peanut Brittle Forming and Cutting Machine&quot;,&quot;width&quot;:&quot;136.7&quot;,&quot;_legend&quot;:&quot;{score}\\\/{best} - ({count} {votes})&quot;,&quot;font_factor&quot;:&quot;1.25&quot;}'>              <div class=\"kksr-stars\">      <div class=\"kksr-stars-inactive\">             <div class=\"kksr-star\" data-star=\"1\" style=\"padding-right: 5px\">               <div class=\"kksr-icon\" style=\"width: 24px; height: 24px;\"><\/div>         <\/div>             <div class=\"kksr-star\" data-star=\"2\" style=\"padding-right: 5px\">               <div class=\"kksr-icon\" style=\"width: 24px; height: 24px;\"><\/div>         <\/div>             <div class=\"kksr-star\" data-star=\"3\" style=\"padding-right: 5px\">               <div class=\"kksr-icon\" style=\"width: 24px; height: 24px;\"><\/div>         <\/div>             <div class=\"kksr-star\" data-star=\"4\" style=\"padding-right: 5px\">               <div class=\"kksr-icon\" style=\"width: 24px; height: 24px;\"><\/div>         <\/div>             <div class=\"kksr-star\" data-star=\"5\" style=\"padding-right: 5px\">               <div class=\"kksr-icon\" style=\"width: 24px; height: 24px;\"><\/div>         <\/div>     <\/div>      <div class=\"kksr-stars-active\" style=\"width: 136.7px;\">             <div class=\"kksr-star\" style=\"padding-right: 5px\">               <div class=\"kksr-icon\" style=\"width: 24px; height: 24px;\"><\/div>         <\/div>             <div class=\"kksr-star\" style=\"padding-right: 5px\">               <div class=\"kksr-icon\" style=\"width: 24px; height: 24px;\"><\/div>         <\/div>             <div class=\"kksr-star\" style=\"padding-right: 5px\">               <div class=\"kksr-icon\" style=\"width: 24px; height: 24px;\"><\/div>         <\/div>             <div class=\"kksr-star\" style=\"padding-right: 5px\">               <div class=\"kksr-icon\" style=\"width: 24px; height: 24px;\"><\/div>         <\/div>             <div class=\"kksr-star\" style=\"padding-right: 5px\">               <div class=\"kksr-icon\" style=\"width: 24px; height: 24px;\"><\/div>         <\/div>     <\/div> <\/div>                   <div class=\"kksr-legend\" style=\"font-size: 19.2px;\">             4.8\/5 - (26 votos)    <\/div>     <\/div>  <p>La m\u00e1quina de formaci\u00f3n y corte de turr\u00f3n de cacahuete es el equipo principal para fabricar caramelos de cacahuete, turr\u00f3n de cacahuete, caramelos de s\u00e9samo y varias barras de cereales. Integrando funciones de formaci\u00f3n y corte de bloques, es adecuada para peque\u00f1as y medianas plantas de procesamiento de alimentos y talleres artesanales.<\/p>    <p>Featuring a semi-automatic design, this line ensures uniform product appearance and consistent dimensions while significantly reducing manual labor intensity. Its compact structure and flexible operation deliver an output of 150\u2013300 kg\/h, meeting customers&#8217; practical production needsacross different scales.<\/p>    <figure class=\"wp-block-embed aligncenter is-type-video is-provider-youtube wp-block-embed-youtube wp-embed-aspect-16-9 wp-has-aspect-ratio\"><div class=\"wp-block-embed__wrapper\"> <iframe loading=\"lazy\" title=\"Semi-Automatic Peanut Candy Production Line | Efficient &amp; Reliable Sweet Making#peanutbrittle\" width=\"500\" height=\"281\" src=\"https:\/\/www.youtube.com\/embed\/5cDzhiBWwJk?feature=oembed\" frameborder=\"0\" allow=\"accelerometer; autoplay; clipboard-write; encrypted-media; gyroscope; picture-in-picture; web-share\" referrerpolicy=\"strict-origin-when-cross-origin\" allowfullscreen><\/iframe> <\/div><figcaption class=\"wp-element-caption\">Video de funcionamiento de la l\u00ednea de procesamiento de barras de cereal de cacahuete semiautom\u00e1tica<\/figcaption><\/figure>    <h2 class=\"wp-block-heading\">Composici\u00f3n del equipo y alcance de la aplicaci\u00f3n<\/h2>    <p>Esta m\u00e1quina de formaci\u00f3n y corte de turr\u00f3n de cacahuete semiautom\u00e1tica consta principalmente de los siguientes dos componentes:<\/p>    <ul class=\"wp-block-list\"> <li>M\u00e1quina de formaci\u00f3n de bloques de caramelos de cacahuete (Prensa de un solo cilindro reciprocante)<\/li>    <li>M\u00e1quina de corte cruzado con descarga autom\u00e1tica<\/li> <\/ul>    <p class=\"translation-block\"><strong>El equipo completo es ampliamente aplicable para:<\/strong><\/p>    <p>Formaci\u00f3n y corte de diversos alimentos, incluyendo caramelos de cacahuete, turr\u00f3n de cacahuete, caramelos de s\u00e9samo, galletas sacha, caramelos de arroz inflado, barras energ\u00e9ticas de grano, caramelos de semillas de girasol, caramelos de grano inflado, etc.<\/p>   <div class=\"wp-block-image\"> <figure class=\"aligncenter size-full\"><img loading=\"lazy\" decoding=\"async\" width=\"720\" height=\"540\" src=\"https:\/\/www.peanuts-machine.com\/wp-content\/uploads\/2023\/05\/cereal-bar-production.webp\" alt=\"producci\u00f3n de barras de cereal\" class=\"wp-image-1138\" title=\"\" srcset=\"https:\/\/www.peanuts-machine.com\/wp-content\/uploads\/2023\/05\/cereal-bar-production.webp 720w, https:\/\/www.peanuts-machine.com\/wp-content\/uploads\/2023\/05\/cereal-bar-production-300x225.webp 300w, https:\/\/www.peanuts-machine.com\/wp-content\/uploads\/2023\/05\/cereal-bar-production-16x12.webp 16w\" sizes=\"auto, (max-width: 720px) 100vw, 720px\" \/><figcaption class=\"wp-element-caption\">producci\u00f3n de barras de cereal<\/figcaption><\/figure> <\/div>   <h2 class=\"wp-block-heading\">Caracter\u00edsticas de la m\u00e1quina de formaci\u00f3n y corte de turr\u00f3n de cacahuete<\/h2>    <ul class=\"wp-block-list\"> <li>Control efectivo de los costos de inversi\u00f3n en equipos, adecuado para producci\u00f3n a peque\u00f1a y mediana escala.<\/li>    <li>Los componentes clave de contacto utilizan acero inoxidable SUS304\/201 de grado alimentario, ofreciendo resistencia a la corrosi\u00f3n y f\u00e1cil limpieza.<\/li>    <li>El grosor del bloque, el ancho y las dimensiones de corte son ajustables para cumplir con diversas especificaciones de productos seg\u00fan los requisitos del cliente.<\/li>    <li>Las cuchillas de aleaci\u00f3n de alta calidad y los rodillos de presi\u00f3n antiadherentes minimizan la adherencia y prolongan la vida \u00fatil.<\/li>    <li>El control manual con asistencia mec\u00e1nica garantiza bajas tasas de fallo. La huella compacta facilita una disposici\u00f3n flexible en el taller.<\/li> <\/ul>    <figure class=\"wp-block-gallery has-nested-images columns-default is-cropped wp-block-gallery-2 is-layout-flex wp-block-gallery-is-layout-flex\"> <figure class=\"wp-block-image size-large\"><img loading=\"lazy\" decoding=\"async\" width=\"720\" height=\"540\" data-id=\"1139\" src=\"https:\/\/www.peanuts-machine.com\/wp-content\/uploads\/2023\/05\/peanut-brittle-forming-and-cutting-machine-2.webp\" alt=\"M\u00e1quina formadora y cortadora de man\u00ed quebradizo\" class=\"wp-image-1139\" title=\"\" srcset=\"https:\/\/www.peanuts-machine.com\/wp-content\/uploads\/2023\/05\/peanut-brittle-forming-and-cutting-machine-2.webp 720w, https:\/\/www.peanuts-machine.com\/wp-content\/uploads\/2023\/05\/peanut-brittle-forming-and-cutting-machine-2-300x225.webp 300w, https:\/\/www.peanuts-machine.com\/wp-content\/uploads\/2023\/05\/peanut-brittle-forming-and-cutting-machine-2-16x12.webp 16w\" sizes=\"auto, (max-width: 720px) 100vw, 720px\" \/><figcaption class=\"wp-element-caption\">M\u00e1quina formadora y cortadora de man\u00ed quebradizo<\/figcaption><\/figure>    <figure class=\"wp-block-image size-large\"><img loading=\"lazy\" decoding=\"async\" width=\"720\" height=\"540\" data-id=\"1140\" src=\"https:\/\/www.peanuts-machine.com\/wp-content\/uploads\/2023\/05\/semi-automatic-peanut-candy-production-line.webp\" alt=\"l\u00ednea de producci\u00f3n de caramelos de cacahuete semiautom\u00e1tica\" class=\"wp-image-1140\" title=\"\" srcset=\"https:\/\/www.peanuts-machine.com\/wp-content\/uploads\/2023\/05\/semi-automatic-peanut-candy-production-line.webp 720w, https:\/\/www.peanuts-machine.com\/wp-content\/uploads\/2023\/05\/semi-automatic-peanut-candy-production-line-300x225.webp 300w, https:\/\/www.peanuts-machine.com\/wp-content\/uploads\/2023\/05\/semi-automatic-peanut-candy-production-line-16x12.webp 16w\" sizes=\"auto, (max-width: 720px) 100vw, 720px\" \/><figcaption class=\"wp-element-caption\">l\u00ednea de producci\u00f3n de caramelos de cacahuete semiautom\u00e1tica<\/figcaption><\/figure> <\/figure>    <h2 class=\"wp-block-heading\">Principio de funcionamiento de la m\u00e1quina de formaci\u00f3n de barras de cereal de cacahuete<\/h2>    <p>La m\u00e1quina de formaci\u00f3n y corte de turr\u00f3n de cacahuete semiautom\u00e1tica consta principalmente de un sistema de compactaci\u00f3n, sistema de enfriamiento y sistema de corte, con un proceso general claro y eficiente.<\/p>    <ol class=\"wp-block-list\"> <li>Primero, el jarabe premezclado y los cacahuetes (u otros ingredientes) se alimentan manualmente en la m\u00e1quina de formaci\u00f3n de bloques. El equipo compacta y da forma al material usando rodillos reciprocantes, formando bloques de caramelos de grosor uniforme.<\/li>    <li>Posteriormente, los bloques de az\u00facar se solidifican gradualmente durante el transporte y el enfriamiento natural antes de entrar en la zona de corte. La cortadora emplea alimentaci\u00f3n intermitente, utilizando cuchillas simples o cruzadas para cortar r\u00e1pidamente los bloques en productos terminados de dimensiones espec\u00edficas.<\/li> <\/ol>    <p>Mediante el ajuste de los par\u00e1metros del molde y la cuchilla, se puede lograr de manera flexible la producci\u00f3n de caramelos de cacahuete en diferentes tama\u00f1os y formas.<\/p>    <figure class=\"wp-block-gallery has-nested-images columns-default is-cropped wp-block-gallery-3 is-layout-flex wp-block-gallery-is-layout-flex\"> <figure class=\"wp-block-image size-large\"><img loading=\"lazy\" decoding=\"async\" width=\"720\" height=\"540\" data-id=\"1141\" src=\"https:\/\/www.peanuts-machine.com\/wp-content\/uploads\/2023\/05\/peanut-bar-molding-die.webp\" alt=\"Matriz de moldeado de barras de cacahuete\" class=\"wp-image-1141\" title=\"\" srcset=\"https:\/\/www.peanuts-machine.com\/wp-content\/uploads\/2023\/05\/peanut-bar-molding-die.webp 720w, https:\/\/www.peanuts-machine.com\/wp-content\/uploads\/2023\/05\/peanut-bar-molding-die-300x225.webp 300w, https:\/\/www.peanuts-machine.com\/wp-content\/uploads\/2023\/05\/peanut-bar-molding-die-16x12.webp 16w\" sizes=\"auto, (max-width: 720px) 100vw, 720px\" \/><figcaption class=\"wp-element-caption\">Matriz de moldeado de barras de cacahuete<\/figcaption><\/figure>    <figure class=\"wp-block-image size-large\"><img loading=\"lazy\" decoding=\"async\" width=\"720\" height=\"540\" data-id=\"1142\" src=\"https:\/\/www.peanuts-machine.com\/wp-content\/uploads\/2023\/05\/peanut-candy-cutting-tools.webp\" alt=\"herramientas de corte de caramelos de cacahuete\" class=\"wp-image-1142\" title=\"\" srcset=\"https:\/\/www.peanuts-machine.com\/wp-content\/uploads\/2023\/05\/peanut-candy-cutting-tools.webp 720w, https:\/\/www.peanuts-machine.com\/wp-content\/uploads\/2023\/05\/peanut-candy-cutting-tools-300x225.webp 300w, https:\/\/www.peanuts-machine.com\/wp-content\/uploads\/2023\/05\/peanut-candy-cutting-tools-16x12.webp 16w\" sizes=\"auto, (max-width: 720px) 100vw, 720px\" \/><figcaption class=\"wp-element-caption\">herramientas de corte de caramelos de cacahuete<\/figcaption><\/figure> <\/figure>    <h2 class=\"wp-block-heading\">Par\u00e1metros de las m\u00e1quinas de fabricaci\u00f3n de caramelos de cacahuete<\/h2>    <h3 class=\"wp-block-heading\">M\u00e1quina de aplanado y formaci\u00f3n de turr\u00f3n de cacahuete<\/h3>    <figure class=\"wp-block-table is-style-stripes\"><table class=\"has-fixed-layout\"><tbody><tr><td><strong>Art\u00edculo<\/strong><\/td><td><strong>Especificaci\u00f3n<\/strong><\/td><\/tr><tr><td>Voltaje<\/td><td>380V<\/td><\/tr><tr><td>Fuerza<\/td><td>1,5 KW<\/td><\/tr><tr><td>Capacidad<\/td><td>150\u2013300 KG\/H<\/td><\/tr><tr><td>Dimensiones<\/td><td>1600 \u00d7 800 \u00d7 1300 mm<\/td><\/tr><tr><td>Solicitud<\/td><td>Formaci\u00f3n de turr\u00f3n \/ caramelos<\/td><\/tr><tr><td>Tipo de descarga<\/td><td>Descarga autom\u00e1tica<\/td><\/tr><tr><td>Personalizaci\u00f3n<\/td><td>No<\/td><\/tr><\/tbody><\/table><figcaption class=\"wp-element-caption\">Datos t\u00e9cnicos de la m\u00e1quina de formaci\u00f3n de caramelos de cacahuete<\/figcaption><\/figure>    <figure class=\"wp-block-gallery has-nested-images columns-default is-cropped wp-block-gallery-4 is-layout-flex wp-block-gallery-is-layout-flex\"> <figure class=\"wp-block-image size-large\"><img loading=\"lazy\" decoding=\"async\" width=\"720\" height=\"540\" data-id=\"1143\" src=\"https:\/\/www.peanuts-machine.com\/wp-content\/uploads\/2023\/05\/peanut-brittle-forming-machine.webp\" alt=\"m\u00e1quina de formaci\u00f3n de turr\u00f3n de cacahuete\" class=\"wp-image-1143\" title=\"\" srcset=\"https:\/\/www.peanuts-machine.com\/wp-content\/uploads\/2023\/05\/peanut-brittle-forming-machine.webp 720w, https:\/\/www.peanuts-machine.com\/wp-content\/uploads\/2023\/05\/peanut-brittle-forming-machine-300x225.webp 300w, https:\/\/www.peanuts-machine.com\/wp-content\/uploads\/2023\/05\/peanut-brittle-forming-machine-16x12.webp 16w\" sizes=\"auto, (max-width: 720px) 100vw, 720px\" \/><figcaption class=\"wp-element-caption\">m\u00e1quina de formaci\u00f3n de turr\u00f3n de cacahuete<\/figcaption><\/figure>    <figure class=\"wp-block-image size-large\"><img loading=\"lazy\" decoding=\"async\" width=\"720\" height=\"540\" data-id=\"1144\" src=\"https:\/\/www.peanuts-machine.com\/wp-content\/uploads\/2023\/05\/peanut-candy-pressing-machine.webp\" alt=\"m\u00e1quina de prensado de caramelos de cacahuete\" class=\"wp-image-1144\" title=\"\" srcset=\"https:\/\/www.peanuts-machine.com\/wp-content\/uploads\/2023\/05\/peanut-candy-pressing-machine.webp 720w, https:\/\/www.peanuts-machine.com\/wp-content\/uploads\/2023\/05\/peanut-candy-pressing-machine-300x225.webp 300w, https:\/\/www.peanuts-machine.com\/wp-content\/uploads\/2023\/05\/peanut-candy-pressing-machine-16x12.webp 16w\" sizes=\"auto, (max-width: 720px) 100vw, 720px\" \/><figcaption class=\"wp-element-caption\">m\u00e1quina de prensado de caramelos de cacahuete<\/figcaption><\/figure> <\/figure>    <h3 class=\"wp-block-heading\">M\u00e1quina de corte de turr\u00f3n de cacahuete<\/h3>    <figure class=\"wp-block-table is-style-stripes\"><table class=\"has-fixed-layout\"><tbody><tr><td><strong>Art\u00edculo<\/strong><\/td><td><strong>Especificaci\u00f3n<\/strong><\/td><\/tr><tr><td>Modelo<\/td><td>QY-QKJ<\/td><\/tr><tr><td>Voltaje<\/td><td>380V \/ 220V<\/td><\/tr><tr><td>Fuerza<\/td><td>2 \u00d7 1.5 KW<\/td><\/tr><tr><td>Capacidad<\/td><td>50\u2013100 KG\/H<\/td><\/tr><tr><td>Dimensiones<\/td><td>1810 \u00d7 1680 \u00d7 1120 mm<\/td><\/tr><tr><td>Peso Neto<\/td><td>380 KG<\/td><\/tr><tr><td>Solicitud<\/td><td>Corte de alimentos<\/td><\/tr><tr><td>Tipo de descarga<\/td><td>Descarga superior por cinta transportadora<\/td><\/tr><tr><td>Personalizaci\u00f3n<\/td><td>S\u00ed<\/td><\/tr><\/tbody><\/table><figcaption class=\"wp-element-caption\">Par\u00e1metros t\u00e9cnicos de la m\u00e1quina de corte de turr\u00f3n de cacahuete<\/figcaption><\/figure>    <figure class=\"wp-block-gallery has-nested-images columns-default is-cropped wp-block-gallery-5 is-layout-flex wp-block-gallery-is-layout-flex\"> <figure class=\"wp-block-image size-large\"><img loading=\"lazy\" decoding=\"async\" width=\"720\" height=\"540\" data-id=\"1145\" src=\"https:\/\/www.peanuts-machine.com\/wp-content\/uploads\/2023\/05\/cereal-bar-cutting-machine.webp\" alt=\"cortadora de barras de cereal\" class=\"wp-image-1145\" title=\"\" srcset=\"https:\/\/www.peanuts-machine.com\/wp-content\/uploads\/2023\/05\/cereal-bar-cutting-machine.webp 720w, https:\/\/www.peanuts-machine.com\/wp-content\/uploads\/2023\/05\/cereal-bar-cutting-machine-300x225.webp 300w, https:\/\/www.peanuts-machine.com\/wp-content\/uploads\/2023\/05\/cereal-bar-cutting-machine-16x12.webp 16w\" sizes=\"auto, (max-width: 720px) 100vw, 720px\" \/><figcaption class=\"wp-element-caption\">cortadora de barras de cereal<\/figcaption><\/figure>    <figure class=\"wp-block-image size-large\"><img loading=\"lazy\" decoding=\"async\" width=\"720\" height=\"540\" data-id=\"1146\" src=\"https:\/\/www.peanuts-machine.com\/wp-content\/uploads\/2023\/05\/peanut-brittle-cutting-machine.webp\" alt=\"m\u00e1quina de corte de turr\u00f3n de cacahuete\" class=\"wp-image-1146\" title=\"\" srcset=\"https:\/\/www.peanuts-machine.com\/wp-content\/uploads\/2023\/05\/peanut-brittle-cutting-machine.webp 720w, https:\/\/www.peanuts-machine.com\/wp-content\/uploads\/2023\/05\/peanut-brittle-cutting-machine-300x225.webp 300w, https:\/\/www.peanuts-machine.com\/wp-content\/uploads\/2023\/05\/peanut-brittle-cutting-machine-16x12.webp 16w\" sizes=\"auto, (max-width: 720px) 100vw, 720px\" \/><figcaption class=\"wp-element-caption\">m\u00e1quina de corte de turr\u00f3n de cacahuete<\/figcaption><\/figure> <\/figure>    <h2 class=\"wp-block-heading\">\u00bfC\u00f3mo se hace el man\u00ed quebradizo?<\/h2>    <p>El turr\u00f3n de cacahuete se produce mediante una l\u00ednea de procesamiento completa en lugar de una sola m\u00e1quina. Adem\u00e1s de la m\u00e1quina de formaci\u00f3n y corte de turr\u00f3n de cacahuete, el proceso de producci\u00f3n tambi\u00e9n incluye una m\u00e1quina de asado de cacahuetes, m\u00e1quina de pelado de cacahuetes, olla con recubrimiento, mezcladora de caramelos de cacahuete y m\u00e1quina de envasado.<\/p>    <ol class=\"wp-block-list\"> <li>Primero, los cacahuetes crudos se tuestan y pelan, mientras que el jarabe se hierve en la olla con recubrimiento.<\/li>    <li>Luego, los cacahuetes pelados se vierten en el jarabe y se mezclan completamente.<\/li>    <li>Luego, la mezcla de cacahuete y jarabe se transfiere a la m\u00e1quina de formaci\u00f3n y corte de caramelos de cacahuete para aplanar, dar forma y cortar.<\/li>    <li>Despu\u00e9s del enfriamiento, el turr\u00f3n de cacahuete terminado puede ser envasado y preparado para la venta.<\/li> <\/ol>    <p class=\"translation-block\">Para clientes con mayores requisitos de capacidad y menor necesidad de mano de obra, tambi\u00e9n est\u00e1 disponible una <strong><em><a href=\"https:\/\/www.peanuts-machine.com\/es\/product\/peanut-cereal-bar-production-line\/\">l\u00ednea de producci\u00f3n de turr\u00f3n de cacahuete totalmente autom\u00e1tica<\/a><\/em><\/strong>, que ofrece producci\u00f3n continua y mayor eficiencia.<\/p>   <div class=\"wp-block-image\"> <figure class=\"aligncenter size-full\"><img loading=\"lazy\" decoding=\"async\" width=\"720\" height=\"540\" src=\"https:\/\/www.peanuts-machine.com\/wp-content\/uploads\/2023\/05\/peanut-candy-production-line-1.webp\" alt=\"l\u00ednea de producci\u00f3n de dulces de man\u00ed\" class=\"wp-image-372\" title=\"\" srcset=\"https:\/\/www.peanuts-machine.com\/wp-content\/uploads\/2023\/05\/peanut-candy-production-line-1.webp 720w, https:\/\/www.peanuts-machine.com\/wp-content\/uploads\/2023\/05\/peanut-candy-production-line-1-300x225.webp 300w\" sizes=\"auto, (max-width: 720px) 100vw, 720px\" \/><figcaption class=\"wp-element-caption\">L\u00ednea de producci\u00f3n autom\u00e1tica de caramelos de cacahuete<\/figcaption><\/figure> <\/div>   <h2 class=\"wp-block-heading\">Cont\u00e1ctenos<\/h2>    <p>\u00bfNecesita una m\u00e1quina de formaci\u00f3n y corte de turr\u00f3n de cacahuete, una m\u00e1quina de formaci\u00f3n de barras de cereal o una l\u00ednea de barras de cereal? Si est\u00e1 interesado, no dude en contactarnos y le responderemos lo antes posible.<\/p>","protected":false},"excerpt":{"rendered":"<p>La m\u00e1quina semi-autom\u00e1tica de formado y corte de turr\u00f3n de man\u00ed integra funciones de prensado, moldeo y corte, permitiendo la producci\u00f3n de dulces de man\u00ed, dulces de s\u00e9samo y diversos productos de confiter\u00eda a base de granos.<\/p>","protected":false},"author":1,"featured_media":366,"parent":0,"template":"","tags":[44],"product-type":[3],"class_list":["post-365","product","type-product","status-publish","has-post-thumbnail","hentry","tag-peanut-brittle","product-type-peanut-processing-lines"],"_links":{"self":[{"href":"https:\/\/www.peanuts-machine.com\/es\/wp-json\/wp\/v2\/product\/365","targetHints":{"allow":["GET"]}}],"collection":[{"href":"https:\/\/www.peanuts-machine.com\/es\/wp-json\/wp\/v2\/product"}],"about":[{"href":"https:\/\/www.peanuts-machine.com\/es\/wp-json\/wp\/v2\/types\/product"}],"author":[{"embeddable":true,"href":"https:\/\/www.peanuts-machine.com\/es\/wp-json\/wp\/v2\/users\/1"}],"wp:featuredmedia":[{"embeddable":true,"href":"https:\/\/www.peanuts-machine.com\/es\/wp-json\/wp\/v2\/media\/366"}],"wp:attachment":[{"href":"https:\/\/www.peanuts-machine.com\/es\/wp-json\/wp\/v2\/media?parent=365"}],"wp:term":[{"taxonomy":"post_tag","embeddable":true,"href":"https:\/\/www.peanuts-machine.com\/es\/wp-json\/wp\/v2\/tags?post=365"},{"taxonomy":"product-type","embeddable":true,"href":"https:\/\/www.peanuts-machine.com\/es\/wp-json\/wp\/v2\/product-type?post=365"}],"curies":[{"name":"wp","href":"https:\/\/api.w.org\/{rel}","templated":true}]}}