{"id":47,"date":"2022-08-09T07:33:37","date_gmt":"2022-08-09T07:33:37","guid":{"rendered":"https:\/\/www.peanuts-machine.com\/?post_type=product&#038;p=47"},"modified":"2026-03-23T16:06:37","modified_gmt":"2026-03-23T08:06:37","slug":"peanut-butter-production-line","status":"publish","type":"product","link":"https:\/\/www.peanuts-machine.com\/es\/product\/peanut-butter-production-line\/","title":{"rendered":"L\u00ednea de Producci\u00f3n de Mantequilla de Man\u00ed de 500-2000Kg\/h | L\u00ednea Industrial de Mantequilla de Nueces"},"content":{"rendered":"<div class=\"kk-star-ratings kksr-auto kksr-align-left kksr-valign-top\"     data-payload='{&quot;align&quot;:&quot;left&quot;,&quot;id&quot;:&quot;47&quot;,&quot;slug&quot;:&quot;default&quot;,&quot;valign&quot;:&quot;top&quot;,&quot;ignore&quot;:&quot;&quot;,&quot;reference&quot;:&quot;auto&quot;,&quot;class&quot;:&quot;&quot;,&quot;count&quot;:&quot;21&quot;,&quot;legendonly&quot;:&quot;&quot;,&quot;readonly&quot;:&quot;&quot;,&quot;score&quot;:&quot;4.7&quot;,&quot;starsonly&quot;:&quot;&quot;,&quot;best&quot;:&quot;5&quot;,&quot;gap&quot;:&quot;5&quot;,&quot;greet&quot;:&quot;Rate this product&quot;,&quot;legend&quot;:&quot;4.7\\\/5 - (21 votos)&quot;,&quot;size&quot;:&quot;24&quot;,&quot;title&quot;:&quot;500-2000Kg\\\/h Peanut Butter Production Line | Industrial Nut Butter Line&quot;,&quot;width&quot;:&quot;133.8&quot;,&quot;_legend&quot;:&quot;{score}\\\/{best} - ({count} {votes})&quot;,&quot;font_factor&quot;:&quot;1.25&quot;}'>              <div class=\"kksr-stars\">      <div class=\"kksr-stars-inactive\">             <div class=\"kksr-star\" data-star=\"1\" style=\"padding-right: 5px\">               <div class=\"kksr-icon\" style=\"width: 24px; height: 24px;\"><\/div>         <\/div>             <div class=\"kksr-star\" data-star=\"2\" style=\"padding-right: 5px\">               <div class=\"kksr-icon\" style=\"width: 24px; height: 24px;\"><\/div>         <\/div>             <div class=\"kksr-star\" data-star=\"3\" style=\"padding-right: 5px\">               <div class=\"kksr-icon\" style=\"width: 24px; height: 24px;\"><\/div>         <\/div>             <div class=\"kksr-star\" data-star=\"4\" style=\"padding-right: 5px\">               <div class=\"kksr-icon\" style=\"width: 24px; height: 24px;\"><\/div>         <\/div>             <div class=\"kksr-star\" data-star=\"5\" style=\"padding-right: 5px\">               <div class=\"kksr-icon\" style=\"width: 24px; height: 24px;\"><\/div>         <\/div>     <\/div>      <div class=\"kksr-stars-active\" style=\"width: 133.8px;\">             <div class=\"kksr-star\" style=\"padding-right: 5px\">               <div class=\"kksr-icon\" style=\"width: 24px; height: 24px;\"><\/div>         <\/div>             <div class=\"kksr-star\" style=\"padding-right: 5px\">               <div class=\"kksr-icon\" style=\"width: 24px; height: 24px;\"><\/div>         <\/div>             <div class=\"kksr-star\" style=\"padding-right: 5px\">               <div class=\"kksr-icon\" style=\"width: 24px; height: 24px;\"><\/div>         <\/div>             <div class=\"kksr-star\" style=\"padding-right: 5px\">               <div class=\"kksr-icon\" style=\"width: 24px; height: 24px;\"><\/div>         <\/div>             <div class=\"kksr-star\" style=\"padding-right: 5px\">               <div class=\"kksr-icon\" style=\"width: 24px; height: 24px;\"><\/div>         <\/div>     <\/div> <\/div>                   <div class=\"kksr-legend\" style=\"font-size: 19.2px;\">             4,7\/5 - (21 votos)    <\/div>     <\/div>  <p>The peanut butter production line is a specialized, fully automated processing system designed for the efficient production of various types of peanut butter. Taizy&#8217;s nut butter processing line offers multiple capacity options tailored to customer needs, ranging from 500 kg\/h to 2,000 kg\/h, accommodating production scales from small workshops to large-scale factories.<\/p>    <p>Durante la producci\u00f3n, los cacahuetes cuidadosamente seleccionados pasan por procesos como tostado a alta temperatura, eliminaci\u00f3n de c\u00e1scara y molienda para producir mantequilla de cacahuete de alta calidad. Ya sea la mantequilla de cacahuete tradicional suave o la mantequilla de cacahuete con trozos de fruto seco y part\u00edculas de nuez a\u00f1adidas, el sistema puede lograr un procesamiento de alta calidad con facilidad.<\/p>    <figure class=\"wp-block-embed aligncenter is-type-video is-provider-youtube wp-block-embed-youtube wp-embed-aspect-16-9 wp-has-aspect-ratio\"><div class=\"wp-block-embed__wrapper\"> <iframe loading=\"lazy\" title=\"De cacahuetes a la perfecci\u00f3n | L\u00ednea de producci\u00f3n de mantequilla de cacahuete en acci\u00f3n \ud83e\udd5c\u2728#mantequilladecacahuete\" width=\"500\" height=\"281\" src=\"https:\/\/www.youtube.com\/embed\/hpgksLfMthQ?feature=oembed\" frameborder=\"0\" allow=\"accelerometer; autoplay; clipboard-write; encrypted-media; gyroscope; picture-in-picture; web-share\" referrerpolicy=\"strict-origin-when-cross-origin\" allowfullscreen><\/iframe> <\/div><figcaption class=\"wp-element-caption\">V\u00eddeo de la l\u00ednea de producci\u00f3n de mantequilla de man\u00ed en la f\u00e1brica<\/figcaption><\/figure>    <p>Toda la l\u00ednea de producci\u00f3n est\u00e1 altamente mecanizada y opera en un sistema totalmente cerrado, con operaci\u00f3n simple, funcionamiento suave, bajos niveles de ruido, resistencia a la corrosi\u00f3n y facilidad de mantenimiento. Esto garantiza una calidad de producto constante y la ha hecho muy popular tanto en el mercado nacional como en el internacional.<\/p>   <div class=\"wp-block-image\"> <figure class=\"aligncenter size-full\"><img loading=\"lazy\" decoding=\"async\" width=\"1024\" height=\"576\" src=\"https:\/\/www.peanuts-machine.com\/wp-content\/uploads\/2022\/08\/automatic-peanut-butter-processing-line.webp\" alt=\"L\u00ednea autom\u00e1tica de procesamiento de mantequilla de man\u00ed\" class=\"wp-image-51\" title=\"\" srcset=\"https:\/\/www.peanuts-machine.com\/wp-content\/uploads\/2022\/08\/automatic-peanut-butter-processing-line.webp 1024w, https:\/\/www.peanuts-machine.com\/wp-content\/uploads\/2022\/08\/automatic-peanut-butter-processing-line-300x169.webp 300w, https:\/\/www.peanuts-machine.com\/wp-content\/uploads\/2022\/08\/automatic-peanut-butter-processing-line-768x432.webp 768w\" sizes=\"auto, (max-width: 1024px) 100vw, 1024px\" \/><figcaption class=\"wp-element-caption\">L\u00ednea autom\u00e1tica de procesamiento de mantequilla de man\u00ed<\/figcaption><\/figure> <\/div>   <h2 class=\"wp-block-heading\">\u00bfCu\u00e1les son las aplicaciones de la mantequilla de man\u00ed?<\/h2>    <p>La mantequilla de man\u00ed es un condimento amado en todo el mundo que se puede usar tanto en platos dulces como salados, y se usa ampliamente en una variedad de alimentos:<\/p>    <ul class=\"wp-block-list\"> <li>Comidas de estilo occidental: se usa en panqueques, s\u00e1ndwiches, galletas con sabor a man\u00ed, pasteles horneados, dulces, cereales para el desayuno y helados, etc.<\/li>    <li>Comidas de estilo chino: se usa en fideos salteados, fideos secos calientes, fideos salteados, salsas para mojar en olla caliente, bollos al vapor y como condimento para platos salteados.<\/li>    <li>Otros usos: se puede usar como relleno o untable para pasteles, pan, bollos, postres y m\u00e1s.<\/li> <\/ul>   <div class=\"wp-block-image\"> <figure class=\"aligncenter size-full\"><img loading=\"lazy\" decoding=\"async\" width=\"720\" height=\"540\" src=\"https:\/\/www.peanuts-machine.com\/wp-content\/uploads\/2022\/08\/peanut-butter.webp\" alt=\"mantequilla de man\u00ed\" class=\"wp-image-54\" title=\"\" srcset=\"https:\/\/www.peanuts-machine.com\/wp-content\/uploads\/2022\/08\/peanut-butter.webp 720w, https:\/\/www.peanuts-machine.com\/wp-content\/uploads\/2022\/08\/peanut-butter-300x225.webp 300w\" sizes=\"auto, (max-width: 720px) 100vw, 720px\" \/><figcaption class=\"wp-element-caption\">mantequilla de man\u00ed<\/figcaption><\/figure> <\/div>   <h2 class=\"wp-block-heading\">Caracter\u00edsticas de la l\u00ednea de producci\u00f3n autom\u00e1tica de mantequilla de man\u00ed<\/h2>    <ul class=\"wp-block-list\"> <li>Cubriendo todo el proceso desde el tostado, pelado, triturado, molienda hasta el envasado, reduciendo significativamente los costos de mano de obra.<\/li>    <li>Construida completamente de acero inoxidable resistente a la corrosi\u00f3n, lo que garantiza un funcionamiento suave, una larga vida \u00fatil y un dise\u00f1o totalmente cerrado para evitar la contaminaci\u00f3n.<\/li>    <li>Los molinos gruesos y finos optimizados garantizan una textura de mantequilla de man\u00ed suave y cremosa.<\/li>    <li>Cuenta con una interfaz de pantalla t\u00e1ctil para operaciones automatizadas, lo que facilita su uso y gesti\u00f3n.<\/li>    <li>Puede producir mantequilla de man\u00ed suave, granulada, dulce o salada, y tambi\u00e9n es adecuada para pasta de s\u00e9samo, pasta de almendras y otros productos.<\/li>    <li>Se puede personalizar para cumplir con los requisitos del cliente en cuanto a capacidad de producci\u00f3n y configuraci\u00f3n, adecuado para f\u00e1bricas de diversas escalas.<\/li>    <li>Certificado CE, cumple con los est\u00e1ndares internacionales de seguridad y calidad, garantizando la fiabilidad del producto.<\/li> <\/ul>   <div class=\"wp-block-image\"> <figure class=\"aligncenter size-full\"><img loading=\"lazy\" decoding=\"async\" width=\"720\" height=\"540\" src=\"https:\/\/www.peanuts-machine.com\/wp-content\/uploads\/2022\/08\/peanut-butter-production-line-1.webp\" alt=\"l\u00ednea de producci\u00f3n de mantequilla de man\u00ed\" class=\"wp-image-794\" title=\"\" srcset=\"https:\/\/www.peanuts-machine.com\/wp-content\/uploads\/2022\/08\/peanut-butter-production-line-1.webp 720w, https:\/\/www.peanuts-machine.com\/wp-content\/uploads\/2022\/08\/peanut-butter-production-line-1-300x225.webp 300w, https:\/\/www.peanuts-machine.com\/wp-content\/uploads\/2022\/08\/peanut-butter-production-line-1-16x12.webp 16w\" sizes=\"auto, (max-width: 720px) 100vw, 720px\" \/><figcaption class=\"wp-element-caption\">l\u00ednea de producci\u00f3n de mantequilla de man\u00ed<\/figcaption><\/figure> <\/div>  <div class=\"wp-block-image\"> <figure class=\"aligncenter size-full\"><img loading=\"lazy\" decoding=\"async\" width=\"720\" height=\"540\" src=\"https:\/\/www.peanuts-machine.com\/wp-content\/uploads\/2022\/08\/automatic-nut-butter-production-line.webp\" alt=\"l\u00ednea de producci\u00f3n autom\u00e1tica de mantequilla de frutos secos\" class=\"wp-image-1120\" title=\"\" srcset=\"https:\/\/www.peanuts-machine.com\/wp-content\/uploads\/2022\/08\/automatic-nut-butter-production-line.webp 720w, https:\/\/www.peanuts-machine.com\/wp-content\/uploads\/2022\/08\/automatic-nut-butter-production-line-300x225.webp 300w, https:\/\/www.peanuts-machine.com\/wp-content\/uploads\/2022\/08\/automatic-nut-butter-production-line-16x12.webp 16w\" sizes=\"auto, (max-width: 720px) 100vw, 720px\" \/><figcaption class=\"wp-element-caption\">l\u00ednea de producci\u00f3n autom\u00e1tica de mantequilla de frutos secos<\/figcaption><\/figure> <\/div>   <h2 class=\"wp-block-heading\" id=\"h-how-peanut-butter-is-made-in-factories\">\u00bfC\u00f3mo se elabora la mantequilla de man\u00ed en las f\u00e1bricas?<\/h2>    <p>La l\u00ednea de producci\u00f3n de mantequilla de man\u00ed emplea procesos totalmente automatizados para lograr un procesamiento eficiente desde las materias primas hasta los productos terminados. Los procesos principales incluyen:<\/p>    <ol class=\"wp-block-list\"> <li>Tostado y enfriamiento: el tostado a alta temperatura realza el aroma de los cacahuetes, seguido de un enfriamiento r\u00e1pido a trav\u00e9s de una cinta transportadora de enfriamiento para prepararlos para el pelado.<\/li>    <li>Pelado y molienda: despu\u00e9s de un pelado eficiente, los cacahuetes se muelen hasta obtener una pasta suave.<\/li>    <li>Adici\u00f3n de condimentos y desgasificaci\u00f3n: se agregan condimentos seg\u00fan la f\u00f3rmula para garantizar un sabor uniforme, mientras que la desgasificaci\u00f3n extiende la vida \u00fatil.<\/li>    <li>Envasado: la mantequilla de man\u00ed terminada se llena autom\u00e1ticamente en botellas o latas utilizando equipos de llenado automatizados, lo que la hace conveniente para la venta.<\/li> <\/ol>    <figure class=\"wp-block-embed aligncenter is-type-video is-provider-youtube wp-block-embed-youtube wp-embed-aspect-16-9 wp-has-aspect-ratio\"><div class=\"wp-block-embed__wrapper\"> <iframe loading=\"lazy\" title=\"L\u00ednea de producci\u00f3n de mantequilla de man\u00ed a gran escala | M\u00e1quina para hacer mantequilla de man\u00ed\" width=\"500\" height=\"281\" src=\"https:\/\/www.youtube.com\/embed\/6hxYN-_xMGQ?feature=oembed\" frameborder=\"0\" allow=\"accelerometer; autoplay; clipboard-write; encrypted-media; gyroscope; picture-in-picture; web-share\" referrerpolicy=\"strict-origin-when-cross-origin\" allowfullscreen><\/iframe> <\/div><figcaption class=\"wp-element-caption\">V\u00eddeo del flujo de trabajo de la l\u00ednea de producci\u00f3n de mantequilla de man\u00ed<\/figcaption><\/figure>    <h2 class=\"wp-block-heading\" id=\"h-peanut-butter-processing-machine-introduction\">Introducci\u00f3n a la m\u00e1quina procesadora de mantequilla de man\u00ed<\/h2>    <ol class=\"wp-block-list\"> <li><strong><em><a href=\"https:\/\/www.peanuts-machine.com\/es\/product\/continuous-peanut-roasting-oven\/\">Tostadora de man\u00ed<\/a><\/em><\/strong>: el control autom\u00e1tico de la temperatura garantiza un aroma uniforme.<\/li>    <li>Cinta transportadora de enfriamiento: el enfriamiento r\u00e1pido mejora la eficiencia del pelado posterior.<\/li>    <li><strong><em><a href=\"https:\/\/www.peanuts-machine.com\/es\/product\/peanut-peeling-and-splitting-machine\/\">Peladora de man\u00ed<\/a><\/em><\/strong>: tasa de pelado de hasta el 96%, lo que mejora la calidad de la molienda.<\/li>    <li>M\u00e1quina de molienda de mantequilla de frutos secos: equipo principal capaz de producir mantequilla de cacahuete de alta finura.<\/li>    <li>Tanque mezclador: admite la mezcla de varios condimentos, con sabores personalizables.<\/li>    <li>Tanque de desgasificaci\u00f3n: elimina el aire para extender la vida \u00fatil del producto.<\/li>    <li><strong><em><a href=\"https:\/\/www.peanuts-machine.com\/es\/product\/peanut-butter-filling-machine\/\">M\u00e1quina llenadora de mantequilla de frutos secos<\/a><\/em><\/strong>: llenado y sellado totalmente autom\u00e1ticos, lo que mejora la eficiencia de la producci\u00f3n.<\/li> <\/ol>   <div class=\"wp-block-image\"> <figure class=\"aligncenter size-full\"><img loading=\"lazy\" decoding=\"async\" width=\"720\" height=\"540\" src=\"https:\/\/www.peanuts-machine.com\/wp-content\/uploads\/2022\/08\/continuous-peanut-roasting-machine.webp\" alt=\"m\u00e1quina de tueste continuo de cacahuetes\" class=\"wp-image-1122\" title=\"\" srcset=\"https:\/\/www.peanuts-machine.com\/wp-content\/uploads\/2022\/08\/continuous-peanut-roasting-machine.webp 720w, https:\/\/www.peanuts-machine.com\/wp-content\/uploads\/2022\/08\/continuous-peanut-roasting-machine-300x225.webp 300w, https:\/\/www.peanuts-machine.com\/wp-content\/uploads\/2022\/08\/continuous-peanut-roasting-machine-16x12.webp 16w\" sizes=\"auto, (max-width: 720px) 100vw, 720px\" \/><figcaption class=\"wp-element-caption\">m\u00e1quina de tueste continuo de cacahuetes<\/figcaption><\/figure> <\/div>  <div class=\"wp-block-image\"> <figure class=\"aligncenter size-full\"><img loading=\"lazy\" decoding=\"async\" width=\"720\" height=\"540\" src=\"https:\/\/www.peanuts-machine.com\/wp-content\/uploads\/2022\/08\/peanut-peeling-and-separating-machine.webp\" alt=\"m\u00e1quina peladora y separadora de cacahuetes\" class=\"wp-image-1123\" title=\"\" srcset=\"https:\/\/www.peanuts-machine.com\/wp-content\/uploads\/2022\/08\/peanut-peeling-and-separating-machine.webp 720w, https:\/\/www.peanuts-machine.com\/wp-content\/uploads\/2022\/08\/peanut-peeling-and-separating-machine-300x225.webp 300w, https:\/\/www.peanuts-machine.com\/wp-content\/uploads\/2022\/08\/peanut-peeling-and-separating-machine-16x12.webp 16w\" sizes=\"auto, (max-width: 720px) 100vw, 720px\" \/><figcaption class=\"wp-element-caption\">m\u00e1quina peladora y separadora de cacahuetes<\/figcaption><\/figure> <\/div>  <div class=\"wp-block-image\"> <figure class=\"aligncenter size-full\"><img loading=\"lazy\" decoding=\"async\" width=\"720\" height=\"540\" src=\"https:\/\/www.peanuts-machine.com\/wp-content\/uploads\/2022\/08\/peanut-butter-grinding-machine-1.webp\" alt=\"maquina para moler mantequilla de man\u00ed\" class=\"wp-image-1119\" title=\"\" srcset=\"https:\/\/www.peanuts-machine.com\/wp-content\/uploads\/2022\/08\/peanut-butter-grinding-machine-1.webp 720w, https:\/\/www.peanuts-machine.com\/wp-content\/uploads\/2022\/08\/peanut-butter-grinding-machine-1-300x225.webp 300w, https:\/\/www.peanuts-machine.com\/wp-content\/uploads\/2022\/08\/peanut-butter-grinding-machine-1-16x12.webp 16w\" sizes=\"auto, (max-width: 720px) 100vw, 720px\" \/><figcaption class=\"wp-element-caption\">maquina para moler mantequilla de man\u00ed<\/figcaption><\/figure> <\/div>   <h2 class=\"wp-block-heading\" id=\"h-200-kg-h-peanut-butter-production-line-parameters\">Par\u00e1metros de la l\u00ednea de producci\u00f3n de mantequilla de man\u00ed de 200 kg\/h<\/h2>    <figure class=\"wp-block-table is-style-stripes\"><table><tbody><tr><td>Nombre<\/td><td>Fuerza<\/td><td>Tama\u00f1o<\/td><td>Peso<\/td><\/tr><tr><td>Tostadora de man\u00ed<\/td><td>130kw<\/td><td>8500*1800*2600mm<\/td><td>3000kg<\/td><\/tr><tr><td>Transportador<\/td><td>0,75 kw<\/td><td>900*750*3000mm<\/td><td>260 kilos<\/td><\/tr><tr><td>cintur\u00f3n de enfriamiento<\/td><td>5,6 kw<\/td><td>6000*1200*1600mm<\/td><td>600 kilos<\/td><\/tr><tr><td>M\u00e1quina semi peladora de cacahuetes<\/td><td>3kW<\/td><td>1900*800*1350mm<\/td><td>500 kilos&nbsp;<\/td><\/tr><tr><td>silo de almacenamiento<\/td><td>0,04kw<\/td><td>1200*1100*3300mm<\/td><td>200kg<\/td><\/tr><tr><td>molino de colisi\u00f3n<\/td><td>30*2kw<\/td><td>1400*1250*2000mm<\/td><td>1300kg<\/td><\/tr><tr><td>Tanque de mezclado<\/td><td>3kW<\/td><td>1000*1000*1900mm(500L)<\/td><td>200kg<\/td><\/tr><tr><td>Tanque de vac\u00edo<\/td><td>3 1,5kw<\/td><td>900*900*2500mm(500L)<\/td><td>300 kilos<\/td><\/tr><tr><td>Tanque de almacenamiento<\/td><td>1,5 kw<\/td><td>900*900*1200mm(500L)<\/td><td>150 kilos<\/td><\/tr><\/tbody><\/table><figcaption class=\"wp-element-caption\">Datos t\u00e9cnicos de la l\u00ednea de producci\u00f3n de mantequilla de man\u00ed a peque\u00f1a escala<\/figcaption><\/figure>   <div class=\"wp-block-image\"> <figure class=\"aligncenter size-full\"><img loading=\"lazy\" decoding=\"async\" width=\"720\" height=\"540\" src=\"https:\/\/www.peanuts-machine.com\/wp-content\/uploads\/2022\/08\/peanut-butter-processing-plant-1.webp\" alt=\"planta procesadora de mantequilla de man\u00ed\" class=\"wp-image-1118\" title=\"\" srcset=\"https:\/\/www.peanuts-machine.com\/wp-content\/uploads\/2022\/08\/peanut-butter-processing-plant-1.webp 720w, https:\/\/www.peanuts-machine.com\/wp-content\/uploads\/2022\/08\/peanut-butter-processing-plant-1-300x225.webp 300w, https:\/\/www.peanuts-machine.com\/wp-content\/uploads\/2022\/08\/peanut-butter-processing-plant-1-16x12.webp 16w\" sizes=\"auto, (max-width: 720px) 100vw, 720px\" \/><figcaption class=\"wp-element-caption\">planta procesadora de mantequilla de man\u00ed<\/figcaption><\/figure> <\/div>   <h2 class=\"wp-block-heading\" id=\"h-how-to-make-your-own-peanut-butter-in-store\">\u00bfC\u00f3mo hacer tu propia mantequilla de man\u00ed en la tienda?<\/h2>    <p class=\"translation-block\">Si est\u00e1s abriendo una tienda y quieres vender mantequilla de cacahuete con ganancia, no es necesario invertir en una l\u00ednea de producci\u00f3n grande. Todo lo que necesitas es una <strong><em><a href=\"https:\/\/www.peanuts-machine.com\/es\/product\/small-peanut-butter-processing-line\/\">peque\u00f1a planta de procesamiento de mantequilla de cacahuete<\/a><\/em><\/strong>.<\/p>    <ul class=\"wp-block-list\"> <li>Bajo costo, tama\u00f1o compacto: El equipo es asequible, compacto y ahorra espacio, lo que lo hace ideal para tiendas peque\u00f1as y medianas.<\/li>    <li>F\u00e1cil de operar, calidad constante: La m\u00e1quina puede producir f\u00e1cilmente mantequilla de man\u00ed suave y sabrosa que satisface las necesidades de las ventas en tiendas.<\/li>    <li>Operaciones flexibles: No solo satisface las necesidades de suministro de productos de su propia tienda, sino que tambi\u00e9n le permite expandir los canales de ganancias a trav\u00e9s del procesamiento en peque\u00f1os lotes.<\/li> <\/ul>   <div class=\"wp-block-image\"> <figure class=\"aligncenter size-full\"><img loading=\"lazy\" decoding=\"async\" width=\"720\" height=\"540\" src=\"https:\/\/www.peanuts-machine.com\/wp-content\/uploads\/2022\/08\/nut-butter-processing-plant.webp\" alt=\"Planta de procesamiento de mantequilla de frutos secos\" class=\"wp-image-795\" title=\"\" srcset=\"https:\/\/www.peanuts-machine.com\/wp-content\/uploads\/2022\/08\/nut-butter-processing-plant.webp 720w, https:\/\/www.peanuts-machine.com\/wp-content\/uploads\/2022\/08\/nut-butter-processing-plant-300x225.webp 300w, https:\/\/www.peanuts-machine.com\/wp-content\/uploads\/2022\/08\/nut-butter-processing-plant-16x12.webp 16w\" sizes=\"auto, (max-width: 720px) 100vw, 720px\" \/><figcaption class=\"wp-element-caption\">Planta de procesamiento de mantequilla de frutos secos<\/figcaption><\/figure> <\/div>   <h2 class=\"wp-block-heading\" id=\"h-factors-affecting-the-cost-of-a-peanut-butter-processing-plant\">Factores que afectan el costo de las plantas de procesamiento de mantequilla de man\u00ed<\/h2>    <ul class=\"wp-block-list\"> <li>Ubicaci\u00f3n de la f\u00e1brica: los alquileres de f\u00e1bricas y los precios del suelo son m\u00e1s altos cerca del centro de la ciudad, por lo que elegir una ubicaci\u00f3n alejada de la ciudad es m\u00e1s econ\u00f3mico.<\/li>    <li>Configuraci\u00f3n de la l\u00ednea de producci\u00f3n: las l\u00edneas de producci\u00f3n de mantequilla de man\u00ed totalmente automatizadas son altamente eficientes pero m\u00e1s caras. Cuando los fondos son limitados, se pueden elegir l\u00edneas de producci\u00f3n semiautom\u00e1ticas, que requieren una menor inversi\u00f3n.<\/li>    <li>Costos de mano de obra: a medida que la econom\u00eda mejora, los costos de mano de obra tambi\u00e9n est\u00e1n aumentando, por lo que los gastos de mano de obra son uno de los factores importantes que afectan los costos generales.<\/li> <\/ul>   <div class=\"wp-block-image\"> <figure class=\"aligncenter size-full\"><img loading=\"lazy\" decoding=\"async\" width=\"720\" height=\"540\" src=\"https:\/\/www.peanuts-machine.com\/wp-content\/uploads\/2022\/08\/commercial-peanut-butter-line.webp\" alt=\"L\u00ednea comercial de mantequilla de man\u00ed\" class=\"wp-image-796\" title=\"\" srcset=\"https:\/\/www.peanuts-machine.com\/wp-content\/uploads\/2022\/08\/commercial-peanut-butter-line.webp 720w, https:\/\/www.peanuts-machine.com\/wp-content\/uploads\/2022\/08\/commercial-peanut-butter-line-300x225.webp 300w, https:\/\/www.peanuts-machine.com\/wp-content\/uploads\/2022\/08\/commercial-peanut-butter-line-16x12.webp 16w\" sizes=\"auto, (max-width: 720px) 100vw, 720px\" \/><figcaption class=\"wp-element-caption\">L\u00ednea comercial de mantequilla de man\u00ed<\/figcaption><\/figure> <\/div>   <p class=\"translation-block\">Basado en tu fortaleza financiera y necesidades de producci\u00f3n, elegir la soluci\u00f3n correcta es clave para lograr el equilibrio \u00f3ptimo entre inversi\u00f3n y retornos. Taizy ofrece a los clientes una variedad de opciones, desde peque\u00f1as l\u00edneas de producci\u00f3n semi-autom\u00e1ticas hasta grandes l\u00edneas de producci\u00f3n totalmente autom\u00e1ticas, ayud\u00e1ndote a lanzar f\u00e1cilmente tu negocio de procesamiento de <a href=\"https:\/\/en.wikipedia.org\/wiki\/Peanut_butter\" target=\"_blank\" rel=\"noopener\">mantequilla de cacahuete<\/a>.<\/p>","protected":false},"excerpt":{"rendered":"<p>La l\u00ednea de producci\u00f3n de mantequilla de cacahuete es personalizable y puede producir varios tipos de mantequillas de frutos secos. Con una capacidad de producci\u00f3n de 200-1000 kg\/h, es adecuada para su producci\u00f3n en f\u00e1bricas de diferentes escalas.<\/p>","protected":false},"author":1,"featured_media":50,"parent":0,"template":"","tags":[35],"product-type":[3],"class_list":["post-47","product","type-product","status-publish","has-post-thumbnail","hentry","tag-peanut-butter","product-type-peanut-processing-lines"],"_links":{"self":[{"href":"https:\/\/www.peanuts-machine.com\/es\/wp-json\/wp\/v2\/product\/47","targetHints":{"allow":["GET"]}}],"collection":[{"href":"https:\/\/www.peanuts-machine.com\/es\/wp-json\/wp\/v2\/product"}],"about":[{"href":"https:\/\/www.peanuts-machine.com\/es\/wp-json\/wp\/v2\/types\/product"}],"author":[{"embeddable":true,"href":"https:\/\/www.peanuts-machine.com\/es\/wp-json\/wp\/v2\/users\/1"}],"wp:featuredmedia":[{"embeddable":true,"href":"https:\/\/www.peanuts-machine.com\/es\/wp-json\/wp\/v2\/media\/50"}],"wp:attachment":[{"href":"https:\/\/www.peanuts-machine.com\/es\/wp-json\/wp\/v2\/media?parent=47"}],"wp:term":[{"taxonomy":"post_tag","embeddable":true,"href":"https:\/\/www.peanuts-machine.com\/es\/wp-json\/wp\/v2\/tags?post=47"},{"taxonomy":"product-type","embeddable":true,"href":"https:\/\/www.peanuts-machine.com\/es\/wp-json\/wp\/v2\/product-type?post=47"}],"curies":[{"name":"wp","href":"https:\/\/api.w.org\/{rel}","templated":true}]}}