{"id":70,"date":"2022-08-09T09:35:58","date_gmt":"2022-08-09T09:35:58","guid":{"rendered":"https:\/\/www.peanuts-machine.com\/?post_type=product&#038;p=70"},"modified":"2026-01-16T11:45:35","modified_gmt":"2026-01-16T03:45:35","slug":"groundnut-sheller","status":"publish","type":"product","link":"https:\/\/www.peanuts-machine.com\/es\/product\/groundnut-sheller\/","title":{"rendered":"Desgranadora de man\u00ed | M\u00e1quina descascaradora de man\u00ed"},"content":{"rendered":"<div class=\"kk-star-ratings kksr-auto kksr-align-left kksr-valign-top\"     data-payload='{&quot;align&quot;:&quot;left&quot;,&quot;id&quot;:&quot;70&quot;,&quot;slug&quot;:&quot;default&quot;,&quot;valign&quot;:&quot;top&quot;,&quot;ignore&quot;:&quot;&quot;,&quot;reference&quot;:&quot;auto&quot;,&quot;class&quot;:&quot;&quot;,&quot;count&quot;:&quot;25&quot;,&quot;legendonly&quot;:&quot;&quot;,&quot;readonly&quot;:&quot;&quot;,&quot;score&quot;:&quot;4.8&quot;,&quot;starsonly&quot;:&quot;&quot;,&quot;best&quot;:&quot;5&quot;,&quot;gap&quot;:&quot;5&quot;,&quot;greet&quot;:&quot;Rate this product&quot;,&quot;legend&quot;:&quot;4.8\\\/5 - (25 votos)&quot;,&quot;size&quot;:&quot;24&quot;,&quot;title&quot;:&quot;Groundnut Sheller | Peanut Shelling Machine&quot;,&quot;width&quot;:&quot;136.7&quot;,&quot;_legend&quot;:&quot;{score}\\\/{best} - ({count} {votes})&quot;,&quot;font_factor&quot;:&quot;1.25&quot;}'>              <div class=\"kksr-stars\">      <div class=\"kksr-stars-inactive\">             <div class=\"kksr-star\" data-star=\"1\" style=\"padding-right: 5px\">               <div class=\"kksr-icon\" style=\"width: 24px; height: 24px;\"><\/div>         <\/div>             <div class=\"kksr-star\" data-star=\"2\" style=\"padding-right: 5px\">               <div class=\"kksr-icon\" style=\"width: 24px; height: 24px;\"><\/div>         <\/div>             <div class=\"kksr-star\" data-star=\"3\" style=\"padding-right: 5px\">               <div class=\"kksr-icon\" style=\"width: 24px; height: 24px;\"><\/div>         <\/div>             <div class=\"kksr-star\" data-star=\"4\" style=\"padding-right: 5px\">               <div class=\"kksr-icon\" style=\"width: 24px; height: 24px;\"><\/div>         <\/div>             <div class=\"kksr-star\" data-star=\"5\" style=\"padding-right: 5px\">               <div class=\"kksr-icon\" style=\"width: 24px; height: 24px;\"><\/div>         <\/div>     <\/div>      <div class=\"kksr-stars-active\" style=\"width: 136.7px;\">             <div class=\"kksr-star\" style=\"padding-right: 5px\">               <div class=\"kksr-icon\" style=\"width: 24px; height: 24px;\"><\/div>         <\/div>             <div class=\"kksr-star\" style=\"padding-right: 5px\">               <div class=\"kksr-icon\" style=\"width: 24px; height: 24px;\"><\/div>         <\/div>             <div class=\"kksr-star\" style=\"padding-right: 5px\">               <div class=\"kksr-icon\" style=\"width: 24px; height: 24px;\"><\/div>         <\/div>             <div class=\"kksr-star\" style=\"padding-right: 5px\">               <div class=\"kksr-icon\" style=\"width: 24px; height: 24px;\"><\/div>         <\/div>             <div class=\"kksr-star\" style=\"padding-right: 5px\">               <div class=\"kksr-icon\" style=\"width: 24px; height: 24px;\"><\/div>         <\/div>     <\/div> <\/div>                   <div class=\"kksr-legend\" style=\"font-size: 19.2px;\">             4,8\/5 - (25 votos)    <\/div>     <\/div>  <p>La m\u00e1quina desgranadora de man\u00ed est\u00e1 dise\u00f1ada para eliminar eficientemente las c\u00e1scaras duras del man\u00ed, produciendo granos de man\u00ed de piel roja. Se adapta a varios tama\u00f1os y tipos de man\u00ed, logrando una tasa de desgranado superior a 98% y una tasa de rotura baja de menos de 2%. Muchos modelos son compactos y vienen con ruedas, lo que facilita su transporte a diferentes lugares de trabajo. <\/p>    <figure class=\"wp-block-embed aligncenter is-type-video is-provider-youtube wp-block-embed-youtube wp-embed-aspect-16-9 wp-has-aspect-ratio\"><div class=\"wp-block-embed__wrapper\"> <iframe loading=\"lazy\" title=\"\u00a1Eficiente y conveniente! M\u00e1quina descascaradora de man\u00ed para uso dom\u00e9stico \u00a1Impactante en l\u00ednea!\" width=\"500\" height=\"281\" src=\"https:\/\/www.youtube.com\/embed\/_BhNMHRh6mY?start=5&#038;feature=oembed\" frameborder=\"0\" allow=\"accelerometer; autoplay; clipboard-write; encrypted-media; gyroscope; picture-in-picture; web-share\" referrerpolicy=\"strict-origin-when-cross-origin\" allowfullscreen><\/iframe> <\/div><figcaption class=\"wp-element-caption\">video de trabajo de la m\u00e1quina desgranadora de man\u00ed peque\u00f1a<\/figcaption><\/figure>    <p class=\"translation-block\">Los cacahuetes pelados pueden utilizarse en la producci\u00f3n de mantequilla de man\u00ed, aceite de cacahuete y caramelos de cacahuete. En consecuencia, las m\u00e1quinas de descascarar cacahuetes son valiosas en <a href=\"https:\/\/www.peanuts-machine.com\/es\/product\/peanut-butter-production-line\/\">plantas de producci\u00f3n de mantequilla de cacahuete<\/a>, plantas de extracci\u00f3n de aceite y operaciones de procesamiento de alimentos.<\/p>   <div class=\"wp-block-image\"> <figure class=\"aligncenter size-full\"><img loading=\"lazy\" decoding=\"async\" width=\"750\" height=\"500\" src=\"https:\/\/www.peanuts-machine.com\/wp-content\/uploads\/2022\/08\/peanut-shelling-machine.webp\" alt=\"m\u00e1quina descascaradora de man\u00ed\" class=\"wp-image-76\" title=\"\" srcset=\"https:\/\/www.peanuts-machine.com\/wp-content\/uploads\/2022\/08\/peanut-shelling-machine.webp 750w, https:\/\/www.peanuts-machine.com\/wp-content\/uploads\/2022\/08\/peanut-shelling-machine-300x200.webp 300w\" sizes=\"auto, (max-width: 750px) 100vw, 750px\" \/><figcaption class=\"wp-element-caption\">m\u00e1quina descascaradora de man\u00ed<\/figcaption><\/figure> <\/div>   <h2 class=\"wp-block-heading\" id=\"h-working-principle-of-groundnut-sheller\">Principio de funcionamiento de la desgranadora de man\u00ed.<\/h2>    <ol class=\"wp-block-list\"> <li>Los cacahuetes se introducen manualmente en la tolva de alimentaci\u00f3n y luego se enrollan hasta el rodillo, donde la fricci\u00f3n y presi\u00f3n repetidas de los rodillos dobles separan las c\u00e1scaras de los cacahuetes de los granos. <\/li>    <li>Despu\u00e9s del proceso de descascarado, tanto las c\u00e1scaras como los granos de man\u00ed caen a trav\u00e9s de la rejilla. En el conducto de aire, la mayor\u00eda de las c\u00e1scaras de man\u00ed salen de la m\u00e1quina, mientras que los granos de man\u00ed y algunas c\u00e1scaras rotas se mueven hacia la criba de separaci\u00f3n por gravedad, desplaz\u00e1ndose a ambos lados de la criba vibratoria. <\/li>    <li>Los granos de man\u00ed salen a trav\u00e9s del puerto de descarga y el ventilador de placa expulsa las c\u00e1scaras rotas por el extremo opuesto. Al mismo tiempo, los posibles cacahuetes sin c\u00e1scara se conducen al segundo dispositivo de transporte y se transportan a trav\u00e9s de la tolva de transporte hasta la abertura de alimentaci\u00f3n para un segundo descascarado.<\/li> <\/ol>   <div class=\"wp-block-image\"> <figure class=\"aligncenter size-full\"><img loading=\"lazy\" decoding=\"async\" width=\"575\" height=\"540\" src=\"https:\/\/www.peanuts-machine.com\/wp-content\/uploads\/2022\/08\/working-process-of-the-sheller.webp\" alt=\"proceso de trabajo del desgranador\" class=\"wp-image-77\" title=\"\" srcset=\"https:\/\/www.peanuts-machine.com\/wp-content\/uploads\/2022\/08\/working-process-of-the-sheller.webp 575w, https:\/\/www.peanuts-machine.com\/wp-content\/uploads\/2022\/08\/working-process-of-the-sheller-300x282.webp 300w\" sizes=\"auto, (max-width: 575px) 100vw, 575px\" \/><figcaption class=\"wp-element-caption\">proceso de trabajo del desgranador<\/figcaption><\/figure> <\/div>   <h2 class=\"wp-block-heading\" id=\"h-automatic-peanut-sheller-machine-design\">Dise\u00f1o de m\u00e1quina desgranadora autom\u00e1tica de man\u00ed.<\/h2>    <p>Varios tipos de m\u00e1quinas desgranadoras de man\u00ed tienen una estructura simple y compacta. Sus principios son generalmente similares e incluyen alimentaci\u00f3n manual, segundo descascarado de doble tambor, selecci\u00f3n primaria por viento, clasificaci\u00f3n por tamiz por gravedad, segunda trilla de frutos de man\u00ed y componentes como ventiladores y tamices de clasificaci\u00f3n por gravedad.<\/p>    <h2 class=\"wp-block-heading\" id=\"h-machine-parameters\">Par\u00e1metros de nachines descascarados de man\u00ed<\/h2>    <p>Ofrecemos una variedad de m\u00e1quinas desgranadoras de man\u00ed, como los modelos TBH-200, TBH-400 y TBH-800. La m\u00e1quina descascaradora de man\u00ed m\u00e1s peque\u00f1a tiene una producci\u00f3n de 200 kg\/h, mientras que el modelo m\u00e1s grande puede alcanzar una producci\u00f3n de 5000-8000 kg\/h. A continuaci\u00f3n se muestra la informaci\u00f3n de los par\u00e1metros para los dos modelos.<\/p>    <div class=\"wp-block-columns is-layout-flex wp-container-core-columns-is-layout-9d6595d7 wp-block-columns-is-layout-flex\"> <div class=\"wp-block-column is-layout-flow wp-block-column-is-layout-flow\"> <figure class=\"wp-block-table\"><table><tbody><tr><td>Modelo<\/td><td>TBH-800<\/td><\/tr><tr><td>Dimensi\u00f3n total (mm)<\/td><td>1330*750*1570<\/td><\/tr><tr><td>Peso neto \/ kg)<\/td><td>160<\/td><\/tr><tr><td>Productividad (kg\/h)<\/td><td>600-800<\/td><\/tr><tr><td>Tasa de rotura<\/td><td>\u22642.0%<\/td><\/tr><tr><td>Tasa de da\u00f1o<\/td><td>\u22643.0%<\/td><\/tr><tr><td>Tasa de bombardeo<\/td><td>\u226598%<\/td><\/tr><tr><td>Fuerza<\/td><td>3kw, 220v, 50hz, motor de cobre<\/td><\/tr><tr><td>Funci\u00f3n<\/td><td>Desgranado\/descascarado de man\u00ed<\/td><\/tr><\/tbody><\/table><figcaption class=\"wp-element-caption\">M\u00e1quina descascaradora de man\u00ed a peque\u00f1a escala<\/figcaption><\/figure> <\/div>    <div class=\"wp-block-column is-layout-flow wp-block-column-is-layout-flow\"> <figure class=\"wp-block-table\"><table><tbody><tr><td>Modelo<\/td><td>TZ-5000<\/td><\/tr><tr><td>Dimensi\u00f3n total (mm)<\/td><td>2750*1800*3360<\/td><\/tr><tr><td>Peso neto \/ kg)<\/td><td>2850<\/td><\/tr><tr><td>Productividad (kg\/h)<\/td><td>5000-8000<\/td><\/tr><tr><td>Tasa de rotura<\/td><td>\u22645.0%<\/td><\/tr><tr><td>Tasa de da\u00f1o<\/td><td>\u22640,5%<\/td><\/tr><tr><td>Tasa de bombardeo<\/td><td>\u226599%<\/td><\/tr><tr><td>Potencia (kilovatios)<\/td><td>42.5<\/td><\/tr><tr><td>Humedad de funcionamiento<\/td><td>6.3\u226412<\/td><\/tr><\/tbody><\/table><figcaption class=\"wp-element-caption\">M\u00e1quina desgranadora de man\u00ed a gran escala<\/figcaption><\/figure> <\/div> <\/div>    <p>Puede elegir el modelo m\u00e1s peque\u00f1o para uso dom\u00e9stico y ambos modelos ofrecen un rendimiento excelente mientras trabaja. Adem\u00e1s, disponemos de otros modelos de m\u00e1quinas. Si lo necesita, no dude en contactarnos.<\/p>    <figure class=\"wp-block-embed aligncenter is-type-video is-provider-youtube wp-block-embed-youtube wp-embed-aspect-16-9 wp-has-aspect-ratio\"><div class=\"wp-block-embed__wrapper\"> <iframe loading=\"lazy\" title=\"Desgranadora de man\u00ed | \u00bfC\u00f3mo funciona la m\u00e1quina peladora de man\u00ed?\" width=\"500\" height=\"281\" src=\"https:\/\/www.youtube.com\/embed\/rDRyQVDmK_8?feature=oembed\" frameborder=\"0\" allow=\"accelerometer; autoplay; clipboard-write; encrypted-media; gyroscope; picture-in-picture; web-share\" referrerpolicy=\"strict-origin-when-cross-origin\" allowfullscreen><\/iframe> <\/div><figcaption class=\"wp-element-caption\">v\u00eddeo de la m\u00e1quina peladora de man\u00ed<\/figcaption><\/figure>    <h2 class=\"wp-block-heading\" id=\"h-advantages-of-taizy-groundnut-sheller\">Ventajas de la m\u00e1quina peladora de man\u00ed Taizy<\/h2>    <ul class=\"wp-block-list\"> <li>La m\u00e1quina cuenta con una larga vida \u00fatil y est\u00e1 fabricada con acero de alta calidad, lo que garantiza que sea resistente y duradera. <\/li>    <li>Presenta una alta tasa de bombardeo alcanzando m\u00e1s de 98%. Esto le da una ventaja significativa sobre m\u00e1quinas similares. <\/li>    <li>La alta tasa de limpieza se debe a un dise\u00f1o de ventilador exclusivo que separa eficazmente las c\u00e1scaras de man\u00ed de los granos, lo que resulta en granos de man\u00ed m\u00e1s limpios. <\/li>    <li>Esta m\u00e1quina desgranadora de man\u00ed es vers\u00e1til y ampliamente utilizada en instalaciones de producci\u00f3n de mantequilla de man\u00ed, prensas de aceite y plantas de procesamiento de alimentos.<\/li>    <li>Podemos equipar la m\u00e1quina con un motor el\u00e9ctrico, un motor de gasolina o un motor diesel en funci\u00f3n de sus requisitos.<\/li> <\/ul>   <div class=\"wp-block-image\"> <figure class=\"aligncenter size-full\"><img loading=\"lazy\" decoding=\"async\" width=\"720\" height=\"540\" src=\"https:\/\/www.peanuts-machine.com\/wp-content\/uploads\/2022\/08\/peanut-shelling-machine-for-sale.webp\" alt=\"M\u00e1quina peladora de man\u00ed a la venta\" class=\"wp-image-75\" title=\"\" srcset=\"https:\/\/www.peanuts-machine.com\/wp-content\/uploads\/2022\/08\/peanut-shelling-machine-for-sale.webp 720w, https:\/\/www.peanuts-machine.com\/wp-content\/uploads\/2022\/08\/peanut-shelling-machine-for-sale-300x225.webp 300w\" sizes=\"auto, (max-width: 720px) 100vw, 720px\" \/><figcaption class=\"wp-element-caption\">M\u00e1quina peladora de man\u00ed a la venta<\/figcaption><\/figure> <\/div>   <h2 class=\"wp-block-heading\" id=\"h-types-of-groundnut-sheller-machine\">Presta atenci\u00f3n al contenido de agua del man\u00ed.<\/h2>    <p>El nivel de humedad del man\u00ed debe ser el adecuado; si est\u00e1n demasiado secos, tendr\u00e1n una alta tasa de trituraci\u00f3n y si est\u00e1n demasiado h\u00famedos, afectar\u00e1 la eficiencia del trabajo. Para lograr el contenido de humedad adecuado, puede utilizar los siguientes m\u00e9todos: <\/p>    <ol class=\"wp-block-list\"> <li>En invierno, antes de pelar, roc\u00ede unos 10 kg de agua tibia uniformemente sobre cada 50 kg de man\u00ed y luego c\u00fabralos con una pel\u00edcula pl\u00e1stica durante unas 10 horas. Despu\u00e9s de eso, col\u00f3quelos al sol durante aproximadamente 1 hora para prepararlos para el descascarado. En otras temporadas, el tiempo de cobertura debe ser de unas 6 horas, mientras que el resto de pasos siguen siendo los mismos. <\/li>    <li>Otro m\u00e9todo consiste en sumergir los cacahuetes m\u00e1s secos en una piscina, sacarlos r\u00e1pidamente, cubrirlos con una pel\u00edcula pl\u00e1stica durante aproximadamente 1 d\u00eda y luego secarlos al sol. Una vez que el contenido de humedad sea el adecuado, se pueden descascarar. <\/li> <\/ol>    <p>Se utiliza una m\u00e1quina desgranadora de man\u00ed para descascarar el man\u00ed crudo secado al sol, lo que ofrece ventajas como alta eficiencia, f\u00e1cil operaci\u00f3n, baja tasa de divisi\u00f3n y bajos costos de mantenimiento.<\/p>   <div class=\"wp-block-image\"> <figure class=\"aligncenter size-full\"><img loading=\"lazy\" decoding=\"async\" width=\"720\" height=\"540\" src=\"https:\/\/www.peanuts-machine.com\/wp-content\/uploads\/2022\/08\/large-scale-peanut-shelling-machine.webp\" alt=\"m\u00e1quina descascaradora de man\u00ed a gran escala\" class=\"wp-image-359\" title=\"\" srcset=\"https:\/\/www.peanuts-machine.com\/wp-content\/uploads\/2022\/08\/large-scale-peanut-shelling-machine.webp 720w, https:\/\/www.peanuts-machine.com\/wp-content\/uploads\/2022\/08\/large-scale-peanut-shelling-machine-300x225.webp 300w\" sizes=\"auto, (max-width: 720px) 100vw, 720px\" \/><figcaption class=\"wp-element-caption\">m\u00e1quina descascaradora de man\u00ed a gran escala<\/figcaption><\/figure> <\/div>   <h2 class=\"wp-block-heading\" id=\"h-where-to-buy-peanut-sheller\">\u00bfD\u00f3nde comprar m\u00e1quinas quita-c\u00e1scaras de man\u00ed?<\/h2>    <p class=\"translation-block\">Como fabricante profesional de descascaradoras de cacahuete, no solo ofrecemos m\u00e1quinas para pelar cacahuetes, sino tambi\u00e9n una gama de equipos relacionados, que incluyen <strong><em><a href=\"https:\/\/www.peanuts-machine.com\/es\/product\/peanut-butter-production-line\/\">l\u00edneas de producci\u00f3n de mantequilla de cacahuete<\/a><\/em><\/strong>, <a href=\"https:\/\/www.peanuts-machine.com\/es\/product\/peanut-peeling-machine\/\"><strong><em>m\u00e1quinas para pelar cacahuetes<\/em><\/strong><\/a>, m\u00e1quinas de mantequilla de man\u00ed y m\u00e1quinas de toffee de cacahuete.<\/p>    <p>Si est\u00e1 buscando un proveedor confiable de m\u00e1quinas descascaradoras de cacahuetes, podemos ofrecer servicios personalizados para satisfacer sus necesidades espec\u00edficas. Tambi\u00e9n ofrecemos unidades combinadas de descascarado de cacahuetes que vienen con funciones de descascarado y limpieza (como se muestra en el video a continuaci\u00f3n) para que pueda elegir.<\/p>    <figure class=\"wp-block-embed aligncenter is-type-video is-provider-youtube wp-block-embed-youtube wp-embed-aspect-16-9 wp-has-aspect-ratio\"><div class=\"wp-block-embed__wrapper\"> <iframe loading=\"lazy\" title=\"Revolucionando el procesamiento de man\u00ed: \u00a1Innovadora unidad desgranadora de man\u00ed (limpieza y desgranado)!#peanut\" width=\"500\" height=\"281\" src=\"https:\/\/www.youtube.com\/embed\/egCUZvfcnFI?feature=oembed\" frameborder=\"0\" allow=\"accelerometer; autoplay; clipboard-write; encrypted-media; gyroscope; picture-in-picture; web-share\" referrerpolicy=\"strict-origin-when-cross-origin\" allowfullscreen><\/iframe> <\/div><figcaption class=\"wp-element-caption\">V\u00eddeo de trabajo combinado de desgranadora de man\u00ed y limpiador<\/figcaption><\/figure>    <p class=\"translation-block\">Hasta la fecha, nuestros peladores de cacahuete se han exportado a pa\u00edses como Nigeria, Turqu\u00eda, Zambia, B\u00e9lgica, Afganist\u00e1n, <a href=\"https:\/\/en.wikipedia.org\/wiki\/Saint_Kitts\" target=\"_blank\" rel=\"noopener\">St. Kitts<\/a> y Nevis, Grecia, y muchos otros. Si est\u00e1s interesado en nuestras m\u00e1quinas, por favor no dudes en contactarnos.<\/p>    <h2 class=\"wp-block-heading\">Preguntas frecuentes<\/h2>   <div id=\"rank-math-faq\" class=\"rank-math-block\"> <div class=\"rank-math-list\"> <div id=\"faq-question-1745315245563\" class=\"rank-math-list-item\"> <h3 class=\"rank-math-question\">\u00bfCu\u00e1l es la capacidad de procesamiento de esta m\u00e1quina de bombardeo de man\u00ed?<\/h3> <div class=\"rank-math-answer\">  <p>La capacidad de procesamiento de nuestra m\u00e1quina de bombardeo de man\u00ed var\u00eda seg\u00fan el modelo, que generalmente var\u00eda de 500 kg a 2000 kg por hora, adecuado para diferentes escalas de producci\u00f3n. Las cifras exactas se pueden ajustar dependiendo de la variedad de man\u00ed y el contenido de humedad que proporcione.<\/p>  <\/div> <\/div> <div id=\"faq-question-1745315262249\" class=\"rank-math-list-item\"> <h3 class=\"rank-math-question\">\u00bfCu\u00e1l es la tasa de rotura de los man\u00ed durante el bombardeo?<\/h3> <div class=\"rank-math-answer\">  <p>Nuestra m\u00e1quina mantiene una tasa de rotura por debajo de 2%, minimizando el da\u00f1o a los n\u00facleos de man\u00ed. La estructura de la m\u00e1quina est\u00e1 optimizada para manejar man\u00ed con dureza de carcasa variable.<\/p>  <\/div> <\/div> <div id=\"faq-question-1745315320117\" class=\"rank-math-list-item\"> <h3 class=\"rank-math-question\">\u00bfCu\u00e1les son los requisitos de frecuencia y atenci\u00f3n de mantenimiento para la m\u00e1quina?<\/h3> <div class=\"rank-math-answer\">  <p>Recomendamos la limpieza e inspecci\u00f3n b\u00e1sica antes de la operaci\u00f3n diaria, centr\u00e1ndose en la secci\u00f3n de bombardeo y el sistema de transmisi\u00f3n. Un mantenimiento completo cada 400 horas de trabajo, incluida la lubricaci\u00f3n y el ajuste de los componentes, garantiza la operaci\u00f3n eficiente a largo plazo.<\/p>  <\/div> <\/div> <div id=\"faq-question-1745315483094\" class=\"rank-math-list-item\"> <h3 class=\"rank-math-question\">\u00bfPara qu\u00e9 variedades o especificaciones de man\u00ed es la m\u00e1quina adecuada?<\/h3> <div class=\"rank-math-answer\">  <p>Nuestra m\u00e1quina de c\u00e1scara de cable de manejo es compatible con varias variedades de man\u00ed, incluidos los tipos de caparaz\u00f3n duro y con caparaz\u00f3n blando, y admite el bombardeo de diferentes tama\u00f1os de man\u00ed. Los usuarios pueden ajustar los par\u00e1metros de la m\u00e1quina de acuerdo con el tipo espec\u00edfico para un rendimiento de bombardeo \u00f3ptimo.<\/p>  <\/div> <\/div> <\/div> <\/div>","protected":false},"excerpt":{"rendered":"<p>La desgranadora de man\u00ed est\u00e1 dise\u00f1ada para quitar las c\u00e1scaras duras del man\u00ed, produciendo granos de man\u00ed de piel roja. Logra una tasa de bombardeo de m\u00e1s de 98% y una tasa de rotura baja de menos de 2%.<\/p>","protected":false},"author":1,"featured_media":72,"parent":0,"template":"","tags":[37,36],"product-type":[47,46],"class_list":["post-70","product","type-product","status-publish","has-post-thumbnail","hentry","tag-groundnut","tag-peanut","product-type-peanut-harvesting-machine","product-type-products"],"_links":{"self":[{"href":"https:\/\/www.peanuts-machine.com\/es\/wp-json\/wp\/v2\/product\/70","targetHints":{"allow":["GET"]}}],"collection":[{"href":"https:\/\/www.peanuts-machine.com\/es\/wp-json\/wp\/v2\/product"}],"about":[{"href":"https:\/\/www.peanuts-machine.com\/es\/wp-json\/wp\/v2\/types\/product"}],"author":[{"embeddable":true,"href":"https:\/\/www.peanuts-machine.com\/es\/wp-json\/wp\/v2\/users\/1"}],"wp:featuredmedia":[{"embeddable":true,"href":"https:\/\/www.peanuts-machine.com\/es\/wp-json\/wp\/v2\/media\/72"}],"wp:attachment":[{"href":"https:\/\/www.peanuts-machine.com\/es\/wp-json\/wp\/v2\/media?parent=70"}],"wp:term":[{"taxonomy":"post_tag","embeddable":true,"href":"https:\/\/www.peanuts-machine.com\/es\/wp-json\/wp\/v2\/tags?post=70"},{"taxonomy":"product-type","embeddable":true,"href":"https:\/\/www.peanuts-machine.com\/es\/wp-json\/wp\/v2\/product-type?post=70"}],"curies":[{"name":"wp","href":"https:\/\/api.w.org\/{rel}","templated":true}]}}