{"id":930,"date":"2026-01-12T14:59:20","date_gmt":"2026-01-12T06:59:20","guid":{"rendered":"https:\/\/www.peanuts-machine.com\/?post_type=product&#038;p=930"},"modified":"2026-01-12T15:04:14","modified_gmt":"2026-01-12T07:04:14","slug":"multifunctional-nut-roaster","status":"publish","type":"product","link":"https:\/\/www.peanuts-machine.com\/es\/product\/multifunctional-nut-roaster\/","title":{"rendered":"Tostadora Multifuncional de Frutos Secos | M\u00e1quina de Tostado Comercial"},"content":{"rendered":"<div class=\"kk-star-ratings kksr-auto kksr-align-left kksr-valign-top\"     data-payload='{&quot;align&quot;:&quot;left&quot;,&quot;id&quot;:&quot;930&quot;,&quot;slug&quot;:&quot;default&quot;,&quot;valign&quot;:&quot;top&quot;,&quot;ignore&quot;:&quot;&quot;,&quot;reference&quot;:&quot;auto&quot;,&quot;class&quot;:&quot;&quot;,&quot;count&quot;:&quot;27&quot;,&quot;legendonly&quot;:&quot;&quot;,&quot;readonly&quot;:&quot;&quot;,&quot;score&quot;:&quot;4.7&quot;,&quot;starsonly&quot;:&quot;&quot;,&quot;best&quot;:&quot;5&quot;,&quot;gap&quot;:&quot;5&quot;,&quot;greet&quot;:&quot;Rate this product&quot;,&quot;legend&quot;:&quot;4.7\\\/5 - (27 votos)&quot;,&quot;size&quot;:&quot;24&quot;,&quot;title&quot;:&quot;Multifunctional Nut Roaster | Commercial Roasting Machine&quot;,&quot;width&quot;:&quot;133.8&quot;,&quot;_legend&quot;:&quot;{score}\\\/{best} - ({count} {votes})&quot;,&quot;font_factor&quot;:&quot;1.25&quot;}'>              <div class=\"kksr-stars\">      <div class=\"kksr-stars-inactive\">             <div class=\"kksr-star\" data-star=\"1\" style=\"padding-right: 5px\">               <div class=\"kksr-icon\" style=\"width: 24px; height: 24px;\"><\/div>         <\/div>             <div class=\"kksr-star\" data-star=\"2\" style=\"padding-right: 5px\">               <div class=\"kksr-icon\" style=\"width: 24px; height: 24px;\"><\/div>         <\/div>             <div class=\"kksr-star\" data-star=\"3\" style=\"padding-right: 5px\">               <div class=\"kksr-icon\" style=\"width: 24px; height: 24px;\"><\/div>         <\/div>             <div class=\"kksr-star\" data-star=\"4\" style=\"padding-right: 5px\">               <div class=\"kksr-icon\" style=\"width: 24px; height: 24px;\"><\/div>         <\/div>             <div class=\"kksr-star\" data-star=\"5\" style=\"padding-right: 5px\">               <div class=\"kksr-icon\" style=\"width: 24px; height: 24px;\"><\/div>         <\/div>     <\/div>      <div class=\"kksr-stars-active\" style=\"width: 133.8px;\">             <div class=\"kksr-star\" style=\"padding-right: 5px\">               <div class=\"kksr-icon\" style=\"width: 24px; height: 24px;\"><\/div>         <\/div>             <div class=\"kksr-star\" style=\"padding-right: 5px\">               <div class=\"kksr-icon\" style=\"width: 24px; height: 24px;\"><\/div>         <\/div>             <div class=\"kksr-star\" style=\"padding-right: 5px\">               <div class=\"kksr-icon\" style=\"width: 24px; height: 24px;\"><\/div>         <\/div>             <div class=\"kksr-star\" style=\"padding-right: 5px\">               <div class=\"kksr-icon\" style=\"width: 24px; height: 24px;\"><\/div>         <\/div>             <div class=\"kksr-star\" style=\"padding-right: 5px\">               <div class=\"kksr-icon\" style=\"width: 24px; height: 24px;\"><\/div>         <\/div>     <\/div> <\/div>                   <div class=\"kksr-legend\" style=\"font-size: 19.2px;\">             4,7\/5 - (27 votos)    <\/div>     <\/div>  <p>La m\u00e1quina de tostado multifuncional para frutos secos se usa ampliamente en el procesamiento de frutos secos, granos, legumbres y snacks. Con una estructura de tostado en tambor \u00fanica, el equipo remueve continuamente los ingredientes durante el proceso, asegurando un calentamiento uniforme sin quemar ni carbonizar. <\/p>    <p>The drum&#8217;s outer layer is equipped with high-efficiency thermal insulation material, effectively reducing heat loss, improving overall thermal efficiency, and lowering energy consumption. The machine operates with high automation\u2014simply activate the switch to complete roasting, automatic material turning, and automatic discharge, significantly reducing manual labor intensity. <\/p>    <p>Con excelentes propiedades de sellado, es adecuada para operaciones continuas prolongadas. Esta tostadora de frutos secos es ideal para tiendas de tostado, plantas de procesamiento de alimentos y usuarios emprendedores que buscan mejorar la eficiencia y estabilizar la calidad del producto.<\/p>    <figure class=\"wp-block-embed aligncenter is-type-video is-provider-youtube wp-block-embed-youtube wp-embed-aspect-16-9 wp-has-aspect-ratio\"><div class=\"wp-block-embed__wrapper\"> <iframe loading=\"lazy\" title=\"Multifunction Electric Roasting Machine | Nuts, Seeds &amp; Grains in One Machine\ud83d\udd25\u26a1#nutmachine #roaster\" width=\"500\" height=\"281\" src=\"https:\/\/www.youtube.com\/embed\/WFUGPFzt76s?feature=oembed\" frameborder=\"0\" allow=\"accelerometer; autoplay; clipboard-write; encrypted-media; gyroscope; picture-in-picture; web-share\" referrerpolicy=\"strict-origin-when-cross-origin\" allowfullscreen><\/iframe> <\/div><figcaption class=\"wp-element-caption\">Video de funcionamiento de la m\u00e1quina de tostado autom\u00e1tica multifuncional<\/figcaption><\/figure>    <h2 class=\"wp-block-heading\">\u00c1reas de aplicaci\u00f3n de la m\u00e1quina de tostado<\/h2>    <ul class=\"wp-block-list\"> <li>Industria de tostado de frutos secos: cacahuetes, semillas de mel\u00f3n, almendras, anacardos, nueces, casta\u00f1as, etc.<\/li>    <li>Procesamiento de legumbres y cereales: soja, mungo, frijoles rojos, ma\u00edz, trigo, avena, etc.<\/li>    <li>Procesamiento de snacks: arroz tostado, granos de palomitas, snacks tostados sazonados, alimentos tostados con sabores especiales.<\/li>    <li>Procesamiento de alimentos y entornos emprendedores: tiendas de tostado, talleres de alimentos, plantas de procesamiento de alimentos peque\u00f1as y medianas, proyectos de procesamiento profundo de productos agr\u00edcolas.<\/li> <\/ul>    <figure class=\"wp-block-gallery has-nested-images columns-default is-cropped wp-block-gallery-2 is-layout-flex wp-block-gallery-is-layout-flex\"> <figure class=\"wp-block-image size-large\"><img loading=\"lazy\" decoding=\"async\" width=\"720\" height=\"540\" data-id=\"933\" src=\"https:\/\/www.peanuts-machine.com\/wp-content\/uploads\/2026\/01\/multifunctional-nut-roaster.webp\" alt=\"tostadora multifuncional de frutos secos\" class=\"wp-image-933\" title=\"\" srcset=\"https:\/\/www.peanuts-machine.com\/wp-content\/uploads\/2026\/01\/multifunctional-nut-roaster.webp 720w, https:\/\/www.peanuts-machine.com\/wp-content\/uploads\/2026\/01\/multifunctional-nut-roaster-300x225.webp 300w, https:\/\/www.peanuts-machine.com\/wp-content\/uploads\/2026\/01\/multifunctional-nut-roaster-16x12.webp 16w\" sizes=\"auto, (max-width: 720px) 100vw, 720px\" \/><figcaption class=\"wp-element-caption\">tostadora multifuncional de frutos secos<\/figcaption><\/figure>    <figure class=\"wp-block-image size-large\"><img loading=\"lazy\" decoding=\"async\" width=\"720\" height=\"540\" data-id=\"934\" src=\"https:\/\/www.peanuts-machine.com\/wp-content\/uploads\/2026\/01\/seed-roasting-machine.webp\" alt=\"m\u00e1quina de tostado de semillas\" class=\"wp-image-934\" title=\"\" srcset=\"https:\/\/www.peanuts-machine.com\/wp-content\/uploads\/2026\/01\/seed-roasting-machine.webp 720w, https:\/\/www.peanuts-machine.com\/wp-content\/uploads\/2026\/01\/seed-roasting-machine-300x225.webp 300w, https:\/\/www.peanuts-machine.com\/wp-content\/uploads\/2026\/01\/seed-roasting-machine-16x12.webp 16w\" sizes=\"auto, (max-width: 720px) 100vw, 720px\" \/><figcaption class=\"wp-element-caption\">m\u00e1quina de tostado de semillas<\/figcaption><\/figure> <\/figure>    <h2 class=\"wp-block-heading\">Ventajas y caracter\u00edsticas de la tostadora multifuncional de frutos secos<\/h2>    <ul class=\"wp-block-list\"> <li>Calor uniforme, resultados consistentes: el mecanismo de tostado giratorio combinado con fuentes de calor estables evita sobrecalentamientos localizados, asegurando un color uniforme del producto.<\/li>    <li>Opciones de calefacci\u00f3n dual: soporta gas licuado de petr\u00f3leo (GLP) y calefacci\u00f3n el\u00e9ctrica para adaptarse a las condiciones energ\u00e9ticas regionales.<\/li>    <li>Alta automatizaci\u00f3n: agitaci\u00f3n y descarga autom\u00e1ticas eliminan manejo manual, ahorrando tiempo y mano de obra.<\/li>    <li>Dise\u00f1o eficiente en energ\u00eda: el exterior aislado del tambor maximiza la eficiencia t\u00e9rmica, mejorando la utilizaci\u00f3n de gas o electricidad.<\/li>    <li>Operaci\u00f3n y mantenimiento sencillos: interruptores de control claros; lubricaci\u00f3n regular de rodamientos para garantizar un funcionamiento estable a largo plazo.<\/li>    <li>Alta seguridad: los modelos el\u00e9ctricos soportan 220V\/380V y pueden conectarse a dispositivos de protecci\u00f3n contra fugas; los modelos de gas cuentan con sellado confiable.<\/li> <\/ul>    <figure class=\"wp-block-gallery has-nested-images columns-default is-cropped wp-block-gallery-3 is-layout-flex wp-block-gallery-is-layout-flex\"> <figure class=\"wp-block-image size-large\"><img loading=\"lazy\" decoding=\"async\" width=\"720\" height=\"540\" data-id=\"935\" src=\"https:\/\/www.peanuts-machine.com\/wp-content\/uploads\/2026\/01\/automatic-nut-roaster.webp\" alt=\"asador de nueces autom\u00e1tico\" class=\"wp-image-935\" title=\"\" srcset=\"https:\/\/www.peanuts-machine.com\/wp-content\/uploads\/2026\/01\/automatic-nut-roaster.webp 720w, https:\/\/www.peanuts-machine.com\/wp-content\/uploads\/2026\/01\/automatic-nut-roaster-300x225.webp 300w, https:\/\/www.peanuts-machine.com\/wp-content\/uploads\/2026\/01\/automatic-nut-roaster-16x12.webp 16w\" sizes=\"auto, (max-width: 720px) 100vw, 720px\" \/><figcaption class=\"wp-element-caption\">asador de nueces autom\u00e1tico<\/figcaption><\/figure>    <figure class=\"wp-block-image size-large\"><img loading=\"lazy\" decoding=\"async\" width=\"720\" height=\"540\" data-id=\"936\" src=\"https:\/\/www.peanuts-machine.com\/wp-content\/uploads\/2026\/01\/peanut-roasting-machine.webp\" alt=\"m\u00e1quina tostadora de man\u00ed\" class=\"wp-image-936\" title=\"\" srcset=\"https:\/\/www.peanuts-machine.com\/wp-content\/uploads\/2026\/01\/peanut-roasting-machine.webp 720w, https:\/\/www.peanuts-machine.com\/wp-content\/uploads\/2026\/01\/peanut-roasting-machine-300x225.webp 300w, https:\/\/www.peanuts-machine.com\/wp-content\/uploads\/2026\/01\/peanut-roasting-machine-16x12.webp 16w\" sizes=\"auto, (max-width: 720px) 100vw, 720px\" \/><figcaption class=\"wp-element-caption\">m\u00e1quina tostadora de man\u00ed<\/figcaption><\/figure> <\/figure>    <h2 class=\"wp-block-heading\">Principio de funcionamiento de la m\u00e1quina de tostado de cacahuetes<\/h2>    <p>La tostadora calienta el interior del tambor mediante calefacci\u00f3n el\u00e9ctrica o de gas licuado de petr\u00f3leo. Una vez alcanzada la temperatura establecida, se cargan las materias primas en el tambor sellado. El tambor gira continuamente mediante un motor, haciendo que el contenido se agite para un tostado y cocci\u00f3n uniformes en 360\u00b0.<\/p>    <p>Al finalizar, el mecanismo de inclinaci\u00f3n se activa, descargando autom\u00e1ticamente los productos terminados de manera r\u00e1pida y limpia. Esto elimina la necesidad de volteo o vertido manual, aumentando significativamente la eficiencia de producci\u00f3n y asegurando resultados de tostado consistentes.<\/p>    <figure class=\"wp-block-gallery has-nested-images columns-default is-cropped wp-block-gallery-4 is-layout-flex wp-block-gallery-is-layout-flex\"> <figure class=\"wp-block-image size-large\"><img loading=\"lazy\" decoding=\"async\" width=\"720\" height=\"540\" data-id=\"938\" src=\"https:\/\/www.peanuts-machine.com\/wp-content\/uploads\/2026\/01\/snack-roasting-machine.webp\" alt=\"m\u00e1quina de tostado de snacks\" class=\"wp-image-938\" title=\"\" srcset=\"https:\/\/www.peanuts-machine.com\/wp-content\/uploads\/2026\/01\/snack-roasting-machine.webp 720w, https:\/\/www.peanuts-machine.com\/wp-content\/uploads\/2026\/01\/snack-roasting-machine-300x225.webp 300w, https:\/\/www.peanuts-machine.com\/wp-content\/uploads\/2026\/01\/snack-roasting-machine-16x12.webp 16w\" sizes=\"auto, (max-width: 720px) 100vw, 720px\" \/><figcaption class=\"wp-element-caption\">m\u00e1quina de tostado de snacks<\/figcaption><\/figure>    <figure class=\"wp-block-image size-large\"><img loading=\"lazy\" decoding=\"async\" width=\"720\" height=\"540\" data-id=\"937\" src=\"https:\/\/www.peanuts-machine.com\/wp-content\/uploads\/2026\/01\/food-roasting-machine.webp\" alt=\"m\u00e1quina de tostado de alimentos\" class=\"wp-image-937\" title=\"\" srcset=\"https:\/\/www.peanuts-machine.com\/wp-content\/uploads\/2026\/01\/food-roasting-machine.webp 720w, https:\/\/www.peanuts-machine.com\/wp-content\/uploads\/2026\/01\/food-roasting-machine-300x225.webp 300w, https:\/\/www.peanuts-machine.com\/wp-content\/uploads\/2026\/01\/food-roasting-machine-16x12.webp 16w\" sizes=\"auto, (max-width: 720px) 100vw, 720px\" \/><figcaption class=\"wp-element-caption\">m\u00e1quina de tostado de alimentos<\/figcaption><\/figure> <\/figure>    <h2 class=\"wp-block-heading\">Par\u00e1metros t\u00e9cnicos de la m\u00e1quina de tostado de frutos secos<\/h2>    <figure class=\"wp-block-table is-style-stripes\"><table class=\"has-fixed-layout\"><tbody><tr><td>Modelo<\/td><td>M\u00e9todo de calefacci\u00f3n<\/td><td>M\u00e1quina <br>Tama\u00f1o <br>(L\u00d7W\u00d7H)<\/td><td>Peso<\/td><td>Material del cuerpo<\/td><td>Material del tambor<\/td><td>Fuerza de motor<\/td><td>Temperatura <br>Rango<\/td><\/tr><tr><td>Modelo 25<\/td><td>Carb\u00f3n \/ <br>Gas LPG<\/td><td>990x470x<br>880 mm<\/td><td>60 kg<\/td><td>430 <br>Magn\u00e9tico <br>Acero inoxidable<\/td><td>Hierro fundido<\/td><td>90 W<\/td><td>Llama <br>Ajustable<\/td><\/tr><tr><td>Modelo 25<\/td><td>El\u00e9ctrico <br>Calefacci\u00f3n<br>(4500 W)<\/td><td>990x470x<br>880 mm<\/td><td>65 kg<\/td><td>430 <br>Magn\u00e9tico <br>Acero inoxidable<\/td><td>Hierro fundido<\/td><td>90 W<\/td><td>De 50 a 300 \u00b0C <br>Ajustable<\/td><\/tr><tr><td>Modelo 50<\/td><td>Carb\u00f3n \/ <br>Gas LPG<\/td><td>1200x570x<br>950 mm<\/td><td>75 kg<\/td><td>430 <br>Magn\u00e9tico <br>Acero inoxidable<\/td><td>Hierro fundido<\/td><td>120 W<\/td><td>Llama <br>Ajustable<\/td><\/tr><tr><td>Modelo 50<\/td><td>El\u00e9ctrico <br>Calefacci\u00f3n <br>(7200 W)<\/td><td>1200x570x<br>950 mm<\/td><td>85 kg<\/td><td>430 <br>Magn\u00e9tico <br>Acero inoxidable<\/td><td>Hierro fundido<\/td><td>120 W<\/td><td>De 50 a 300 \u00b0C <br>Ajustable<\/td><\/tr><tr><td>Modelo 100<\/td><td>Carb\u00f3n \/ <br>Gas LPG<\/td><td>1450x720x<br>1200 mm<\/td><td>160 kg<\/td><td>430 <br>Magn\u00e9tico <br>Acero inoxidable<\/td><td>Hierro fundido<\/td><td>400 W<\/td><td>Llama <br>Ajustable<\/td><\/tr><tr><td>Modelo 100<\/td><td>El\u00e9ctrico <br>Calefacci\u00f3n <br>(7200 W)<\/td><td>1450x720x<br>1200 mm<\/td><td>170 kg<\/td><td>430 <br>Magn\u00e9tico <br>Acero inoxidable<\/td><td>Hierro fundido<\/td><td>400 W<\/td><td>Temperatura <br>Control y temporizador<\/td><\/tr><\/tbody><\/table><figcaption class=\"wp-element-caption\">Datos t\u00e9cnicos de la m\u00e1quina de tostado de frutos secos comercial<\/figcaption><\/figure>    <h2 class=\"wp-block-heading\">Cont\u00e1ctenos<\/h2>    <p>\u00bfBusca mejorar la eficiencia de su tostado y mantener una calidad de producto constante? Nuestra vers\u00e1til m\u00e1quina de tostado de frutos secos ofrece operaci\u00f3n sencilla, calor uniforme y salida estable\u2014haciendo de ella la opci\u00f3n ideal para procesar frutos secos, granos y snacks. <\/p>    <p class=\"translation-block\">Adem\u00e1s de este equipo, tambi\u00e9n ofrecemos otros tipos de m\u00e1quinas, como una <strong><em><a href=\"https:\/\/www.peanuts-machine.com\/es\/product\/continuous-peanut-roasting-oven\/\">m\u00e1quina de tostado de frutos secos continua<\/a><\/em><\/strong>. Cont\u00e1ctenos hoy para obtener especificaciones detalladas, cotizaciones y soluciones personalizadas\u2014\u00a1haciendo que sus operaciones de tostado sean m\u00e1s eficientes y f\u00e1ciles!<\/p>","protected":false},"excerpt":{"rendered":"<p>La tostadora multifuncional de frutos secos cuenta con una estructura de tambor giratorio para un calentamiento uniforme. Es adecuada para el tostado automatizado de frutos secos, legumbres y snacks.<\/p>","protected":false},"author":1,"featured_media":939,"parent":0,"template":"","tags":[56,36],"product-type":[50,46],"class_list":["post-930","product","type-product","status-publish","has-post-thumbnail","hentry","tag-nut","tag-peanut","product-type-peanut-roasting-machine","product-type-products"],"_links":{"self":[{"href":"https:\/\/www.peanuts-machine.com\/es\/wp-json\/wp\/v2\/product\/930","targetHints":{"allow":["GET"]}}],"collection":[{"href":"https:\/\/www.peanuts-machine.com\/es\/wp-json\/wp\/v2\/product"}],"about":[{"href":"https:\/\/www.peanuts-machine.com\/es\/wp-json\/wp\/v2\/types\/product"}],"author":[{"embeddable":true,"href":"https:\/\/www.peanuts-machine.com\/es\/wp-json\/wp\/v2\/users\/1"}],"wp:featuredmedia":[{"embeddable":true,"href":"https:\/\/www.peanuts-machine.com\/es\/wp-json\/wp\/v2\/media\/939"}],"wp:attachment":[{"href":"https:\/\/www.peanuts-machine.com\/es\/wp-json\/wp\/v2\/media?parent=930"}],"wp:term":[{"taxonomy":"post_tag","embeddable":true,"href":"https:\/\/www.peanuts-machine.com\/es\/wp-json\/wp\/v2\/tags?post=930"},{"taxonomy":"product-type","embeddable":true,"href":"https:\/\/www.peanuts-machine.com\/es\/wp-json\/wp\/v2\/product-type?post=930"}],"curies":[{"name":"wp","href":"https:\/\/api.w.org\/{rel}","templated":true}]}}