{"id":99,"date":"2022-08-10T01:54:28","date_gmt":"2022-08-10T01:54:28","guid":{"rendered":"https:\/\/www.peanuts-machine.com\/?post_type=product&#038;p=99"},"modified":"2026-01-13T15:32:18","modified_gmt":"2026-01-13T07:32:18","slug":"peanut-butter-filling-machine","status":"publish","type":"product","link":"https:\/\/www.peanuts-machine.com\/es\/product\/peanut-butter-filling-machine\/","title":{"rendered":"M\u00e1quina de Relleno de Mantequilla de Man\u00ed | M\u00e1quina de Envasado de Pasta Alimentaria"},"content":{"rendered":"<div class=\"kk-star-ratings kksr-auto kksr-align-left kksr-valign-top\"     data-payload='{&quot;align&quot;:&quot;left&quot;,&quot;id&quot;:&quot;99&quot;,&quot;slug&quot;:&quot;default&quot;,&quot;valign&quot;:&quot;top&quot;,&quot;ignore&quot;:&quot;&quot;,&quot;reference&quot;:&quot;auto&quot;,&quot;class&quot;:&quot;&quot;,&quot;count&quot;:&quot;15&quot;,&quot;legendonly&quot;:&quot;&quot;,&quot;readonly&quot;:&quot;&quot;,&quot;score&quot;:&quot;4.9&quot;,&quot;starsonly&quot;:&quot;&quot;,&quot;best&quot;:&quot;5&quot;,&quot;gap&quot;:&quot;5&quot;,&quot;greet&quot;:&quot;Rate this product&quot;,&quot;legend&quot;:&quot;4.9\\\/5 - (15 votos)&quot;,&quot;size&quot;:&quot;24&quot;,&quot;title&quot;:&quot;Peanut Butter Filling Machine | Food Paste Packaging Machine&quot;,&quot;width&quot;:&quot;139.6&quot;,&quot;_legend&quot;:&quot;{score}\\\/{best} - ({count} {votes})&quot;,&quot;font_factor&quot;:&quot;1.25&quot;}'>              <div class=\"kksr-stars\">      <div class=\"kksr-stars-inactive\">             <div class=\"kksr-star\" data-star=\"1\" style=\"padding-right: 5px\">               <div class=\"kksr-icon\" style=\"width: 24px; height: 24px;\"><\/div>         <\/div>             <div class=\"kksr-star\" data-star=\"2\" style=\"padding-right: 5px\">               <div class=\"kksr-icon\" style=\"width: 24px; height: 24px;\"><\/div>         <\/div>             <div class=\"kksr-star\" data-star=\"3\" style=\"padding-right: 5px\">               <div class=\"kksr-icon\" style=\"width: 24px; height: 24px;\"><\/div>         <\/div>             <div class=\"kksr-star\" data-star=\"4\" style=\"padding-right: 5px\">               <div class=\"kksr-icon\" style=\"width: 24px; height: 24px;\"><\/div>         <\/div>             <div class=\"kksr-star\" data-star=\"5\" style=\"padding-right: 5px\">               <div class=\"kksr-icon\" style=\"width: 24px; height: 24px;\"><\/div>         <\/div>     <\/div>      <div class=\"kksr-stars-active\" style=\"width: 139.6px;\">             <div class=\"kksr-star\" style=\"padding-right: 5px\">               <div class=\"kksr-icon\" style=\"width: 24px; height: 24px;\"><\/div>         <\/div>             <div class=\"kksr-star\" style=\"padding-right: 5px\">               <div class=\"kksr-icon\" style=\"width: 24px; height: 24px;\"><\/div>         <\/div>             <div class=\"kksr-star\" style=\"padding-right: 5px\">               <div class=\"kksr-icon\" style=\"width: 24px; height: 24px;\"><\/div>         <\/div>             <div class=\"kksr-star\" style=\"padding-right: 5px\">               <div class=\"kksr-icon\" style=\"width: 24px; height: 24px;\"><\/div>         <\/div>             <div class=\"kksr-star\" style=\"padding-right: 5px\">               <div class=\"kksr-icon\" style=\"width: 24px; height: 24px;\"><\/div>         <\/div>     <\/div> <\/div>                   <div class=\"kksr-legend\" style=\"font-size: 19.2px;\">             4,9\/5 - (15 votos)    <\/div>     <\/div>  <p>La m\u00e1quina de llenado de mantequilla de man\u00ed est\u00e1 especialmente dise\u00f1ada para salsas l\u00edquidas y viscosas, que se utilizan ampliamente en el envasado autom\u00e1tico de mantequilla de man\u00ed, pasta de s\u00e9samo, mermelada y otros productos alimenticios. <\/p>    <p>Este equipo es un eslab\u00f3n clave en la l\u00ednea de producci\u00f3n de mantequilla de cacahuete, que no solo mejora la eficiencia de llenado, sino que tambi\u00e9n garantiza la limpieza y estabilidad del proceso de envasado. <\/p>    <p>Ya sea un peque\u00f1o taller que est\u00e1 comenzando o una f\u00e1brica con producci\u00f3n por lotes, podemos ofrecer tanto modelos totalmente autom\u00e1ticos como semiautom\u00e1ticos para satisfacer las necesidades reales de diferentes clientes.<\/p>    <figure class=\"wp-block-embed aligncenter is-type-video is-provider-youtube wp-block-embed-youtube wp-embed-aspect-16-9 wp-has-aspect-ratio\"><div class=\"wp-block-embed__wrapper\"> <iframe loading=\"lazy\" title=\"M\u00e1quina autom\u00e1tica de llenado de tarros de mantequilla de cacahuete | Precisi\u00f3n y Eficiencia #mantequilladecacahuete #m\u00e1quinadellenado\" width=\"500\" height=\"281\" src=\"https:\/\/www.youtube.com\/embed\/EkCZhYds2dw?feature=oembed\" frameborder=\"0\" allow=\"accelerometer; autoplay; clipboard-write; encrypted-media; gyroscope; picture-in-picture; web-share\" referrerpolicy=\"strict-origin-when-cross-origin\" allowfullscreen><\/iframe> <\/div><figcaption class=\"wp-element-caption\">Video de trabajo de la m\u00e1quina de llenado de mantequilla de man\u00ed<\/figcaption><\/figure>    <h2 class=\"wp-block-heading\">\u00c1mbito de aplicaci\u00f3n de la m\u00e1quina de envasado de mantequilla de man\u00ed<\/h2>    <ul class=\"wp-block-list\"> <li>Alimentos pegajosos como mantequilla de man\u00ed, mantequilla de s\u00e9samo, salsa picante, mermelada, etc.<\/li>    <li>Condimentos l\u00edquidos como miel, leche condensada, aderezos para ensaladas, ketchup, etc.<\/li>    <li>Cosm\u00e9ticos como lociones, cremas y otros productos semil\u00edquidos.<\/li>    <li>Cremas y medicamentos l\u00edquidos en la industria farmac\u00e9utica.<\/li>    <li>Aceites de la industria qu\u00edmica, lubricantes, detergentes, etc.<\/li> <\/ul>   <div class=\"wp-block-image\"> <figure class=\"aligncenter size-full\"><img loading=\"lazy\" decoding=\"async\" width=\"720\" height=\"540\" src=\"https:\/\/www.peanuts-machine.com\/wp-content\/uploads\/2022\/08\/application-of-peanut-butter-2.webp\" alt=\"aplicaci\u00f3n de mantequilla de man\u00ed\" class=\"wp-image-325\" title=\"\" srcset=\"https:\/\/www.peanuts-machine.com\/wp-content\/uploads\/2022\/08\/application-of-peanut-butter-2.webp 720w, https:\/\/www.peanuts-machine.com\/wp-content\/uploads\/2022\/08\/application-of-peanut-butter-2-300x225.webp 300w\" sizes=\"auto, (max-width: 720px) 100vw, 720px\" \/><figcaption class=\"wp-element-caption\">aplicaci\u00f3n de mantequilla de man\u00ed<\/figcaption><\/figure> <\/div>  <div class=\"wp-block-image\"> <figure class=\"aligncenter size-full\"><img loading=\"lazy\" decoding=\"async\" width=\"720\" height=\"540\" src=\"https:\/\/www.peanuts-machine.com\/wp-content\/uploads\/2022\/08\/finished-products-1.webp\" alt=\"productos terminados\" class=\"wp-image-104\" title=\"\" srcset=\"https:\/\/www.peanuts-machine.com\/wp-content\/uploads\/2022\/08\/finished-products-1.webp 720w, https:\/\/www.peanuts-machine.com\/wp-content\/uploads\/2022\/08\/finished-products-1-300x225.webp 300w\" sizes=\"auto, (max-width: 720px) 100vw, 720px\" \/><figcaption class=\"wp-element-caption\">productos terminados<\/figcaption><\/figure> <\/div>   <h2 class=\"wp-block-heading\">Ventajas de la m\u00e1quina de llenado de mantequilla de man\u00ed<\/h2>    <ul class=\"wp-block-list\"> <li>Dise\u00f1o anti-goteo: la boquilla de llenado est\u00e1 equipada con un dispositivo anti-goteo, que se cierra autom\u00e1ticamente al final del llenado para evitar el desperdicio y la contaminaci\u00f3n del producto.<\/li>    <li>Operaci\u00f3n segura: equipado con bandeja l\u00edquida para recoger l\u00edquidos residuales, mantener el equipo ordenado y limpio, reducir los residuos en el suelo y garantizar la sanidad del entorno de producci\u00f3n.<\/li>    <li>Limpieza conveniente: dise\u00f1o estructural razonable, f\u00e1cil desmontaje, f\u00e1cil de limpiar y mantener, en l\u00ednea con los est\u00e1ndares de higiene alimentaria.<\/li>    <li>Fuerte compatibilidad de botellas: la estructura ajustable es adecuada para diferentes tama\u00f1os de botellas, sin necesidad de reemplazar piezas, ahorrando tiempo de conversi\u00f3n.<\/li>    <li>Alto grado de automatizaci\u00f3n: sistema totalmente autom\u00e1tico o semiautom\u00e1tico seg\u00fan los requisitos del cliente, mejorando enormemente la eficiencia de producci\u00f3n y reduciendo los costos laborales.<\/li> <\/ul>   <div class=\"wp-block-image\"> <figure class=\"aligncenter size-full\"><img loading=\"lazy\" decoding=\"async\" width=\"720\" height=\"540\" src=\"https:\/\/www.peanuts-machine.com\/wp-content\/uploads\/2022\/08\/peanut-butter-filling-machine-1.webp\" alt=\"m\u00e1quina llenadora de mantequilla de man\u00ed\" class=\"wp-image-767\" title=\"\" srcset=\"https:\/\/www.peanuts-machine.com\/wp-content\/uploads\/2022\/08\/peanut-butter-filling-machine-1.webp 720w, https:\/\/www.peanuts-machine.com\/wp-content\/uploads\/2022\/08\/peanut-butter-filling-machine-1-300x225.webp 300w, https:\/\/www.peanuts-machine.com\/wp-content\/uploads\/2022\/08\/peanut-butter-filling-machine-1-16x12.webp 16w\" sizes=\"auto, (max-width: 720px) 100vw, 720px\" \/><figcaption class=\"wp-element-caption\">m\u00e1quina llenadora de mantequilla de man\u00ed<\/figcaption><\/figure> <\/div>   <h2 class=\"wp-block-heading\" id=\"h-the-working-principle-of-peanut-butter-filler\">Principio de funcionamiento de la m\u00e1quina llenadora de mantequilla de cacahuete<\/h2>    <p>La llenadora de mantequilla de man\u00ed consta de una boquilla de llenado independiente, una pantalla t\u00e1ctil electr\u00f3nica, un transportador y un gabinete de control el\u00e9ctrico.<\/p>    <ol class=\"wp-block-list\"> <li>Iniciando el equipo: despu\u00e9s de encender la energ\u00eda, la m\u00e1quina comienza a funcionar y se activa la bomba de pist\u00f3n neum\u00e1tico, lista para realizar la acci\u00f3n de succi\u00f3n y llenado.<\/li>    <li>Proceso de succi\u00f3n: la bomba de pist\u00f3n controlada neum\u00e1ticamente extrae mantequilla de man\u00ed y otros materiales del tanque de almacenamiento al cilindro de dosificaci\u00f3n cuantitativa.<\/li>    <li>Posicionamiento autom\u00e1tico: cuando el cilindro de dosificaci\u00f3n aspira la cantidad establecida de mantequilla de cacahuete, la boquilla de llenado se mueve autom\u00e1ticamente a la parte superior de la boca de la botella para su posicionamiento.<\/li>    <li>Llenado y descarga: la v\u00e1lvula de la boquilla de llenado cae, la mantequilla de man\u00ed se inyecta cuantitativamente en la botella de envasado a trav\u00e9s de la tuber\u00eda de material.<\/li>    <li>Control preciso: los usuarios pueden ajustar el recorrido o los par\u00e1metros de la bomba de pist\u00f3n neum\u00e1tico para controlar con precisi\u00f3n la cantidad de llenado cada vez.<\/li>    <li>Funci\u00f3n anti-goteo: despu\u00e9s de que se completa el llenado, la boquilla se cierra autom\u00e1ticamente para evitar goteos y garantizar un llenado limpio y sanitario.<\/li> <\/ol>   <div class=\"wp-block-image\"> <figure class=\"aligncenter size-full\"><img loading=\"lazy\" decoding=\"async\" width=\"720\" height=\"540\" src=\"https:\/\/www.peanuts-machine.com\/wp-content\/uploads\/2022\/08\/nut-paste-filler-machine.webp\" alt=\"M\u00e1quina llenadora de pasta de nueces\" class=\"wp-image-900\" title=\"\" srcset=\"https:\/\/www.peanuts-machine.com\/wp-content\/uploads\/2022\/08\/nut-paste-filler-machine.webp 720w, https:\/\/www.peanuts-machine.com\/wp-content\/uploads\/2022\/08\/nut-paste-filler-machine-300x225.webp 300w, https:\/\/www.peanuts-machine.com\/wp-content\/uploads\/2022\/08\/nut-paste-filler-machine-16x12.webp 16w\" sizes=\"auto, (max-width: 720px) 100vw, 720px\" \/><figcaption class=\"wp-element-caption\">M\u00e1quina llenadora de pasta de nueces<\/figcaption><\/figure> <\/div>   <div class=\"wp-block-columns is-layout-flex wp-container-core-columns-is-layout-9d6595d7 wp-block-columns-is-layout-flex\"> <div class=\"wp-block-column is-layout-flow wp-block-column-is-layout-flow\"> <figure class=\"wp-block-image size-full\"><img loading=\"lazy\" decoding=\"async\" width=\"302\" height=\"221\" src=\"https:\/\/www.peanuts-machine.com\/wp-content\/uploads\/2022\/08\/servo-motor.webp\" alt=\"servo motor\" class=\"wp-image-112\" title=\"\" srcset=\"https:\/\/www.peanuts-machine.com\/wp-content\/uploads\/2022\/08\/servo-motor.webp 302w, https:\/\/www.peanuts-machine.com\/wp-content\/uploads\/2022\/08\/servo-motor-300x220.webp 300w\" sizes=\"auto, (max-width: 302px) 100vw, 302px\" \/><figcaption class=\"wp-element-caption\">servo motor<\/figcaption><\/figure> <\/div>    <div class=\"wp-block-column is-layout-flow wp-block-column-is-layout-flow\"> <figure class=\"wp-block-image size-full\"><img loading=\"lazy\" decoding=\"async\" width=\"351\" height=\"193\" src=\"https:\/\/www.peanuts-machine.com\/wp-content\/uploads\/2022\/08\/paste-filling-pneumatic-device.webp\" alt=\"dispositivo neum\u00e1tico de llenado de pasta\" class=\"wp-image-110\" title=\"\" srcset=\"https:\/\/www.peanuts-machine.com\/wp-content\/uploads\/2022\/08\/paste-filling-pneumatic-device.webp 351w, https:\/\/www.peanuts-machine.com\/wp-content\/uploads\/2022\/08\/paste-filling-pneumatic-device-300x165.webp 300w\" sizes=\"auto, (max-width: 351px) 100vw, 351px\" \/><figcaption class=\"wp-element-caption\">dispositivo neum\u00e1tico de llenado de pasta<\/figcaption><\/figure> <\/div>    <div class=\"wp-block-column is-layout-flow wp-block-column-is-layout-flow\"> <figure class=\"wp-block-image size-full\"><img loading=\"lazy\" decoding=\"async\" width=\"353\" height=\"203\" src=\"https:\/\/www.peanuts-machine.com\/wp-content\/uploads\/2022\/08\/filling-nozzle.webp\" alt=\"boquilla de llenado\" class=\"wp-image-109\" title=\"\" srcset=\"https:\/\/www.peanuts-machine.com\/wp-content\/uploads\/2022\/08\/filling-nozzle.webp 353w, https:\/\/www.peanuts-machine.com\/wp-content\/uploads\/2022\/08\/filling-nozzle-300x173.webp 300w\" sizes=\"auto, (max-width: 353px) 100vw, 353px\" \/><figcaption class=\"wp-element-caption\">boquilla de llenado<\/figcaption><\/figure> <\/div> <\/div>    <figure class=\"wp-block-embed aligncenter is-type-video is-provider-youtube wp-block-embed-youtube wp-embed-aspect-16-9 wp-has-aspect-ratio\"><div class=\"wp-block-embed__wrapper\"> <iframe loading=\"lazy\" title=\"M\u00e1quina llenadora de mantequilla de man\u00ed | Rellene mantequilla de man\u00ed en un segundo con relleno de mantequilla de man\u00ed\" width=\"500\" height=\"281\" src=\"https:\/\/www.youtube.com\/embed\/h2xL4Z-rbF0?feature=oembed\" frameborder=\"0\" allow=\"accelerometer; autoplay; clipboard-write; encrypted-media; gyroscope; picture-in-picture; web-share\" referrerpolicy=\"strict-origin-when-cross-origin\" allowfullscreen><\/iframe> <\/div><figcaption class=\"wp-element-caption\">Video de operaci\u00f3n de la m\u00e1quina autom\u00e1tica de llenado de mantequilla de man\u00ed.<\/figcaption><\/figure>    <h2 class=\"wp-block-heading\" id=\"h-machine-parameters\">Par\u00e1metros de la m\u00e1quina de llenado de mantequilla de nuez<\/h2>    <figure class=\"wp-block-table is-style-stripes\"><table><tbody><tr><td>Nombre<\/td><td>M\u00e1quina de llenado de 4 cabezales<\/td><\/tr><tr><td>Material<\/td><td>Acero inoxidable<\/td><\/tr><tr><td>Cabezal de llenado<\/td><td>4 cabezas<\/td><\/tr><tr><td>Tipo impulsado<\/td><td>Neum\u00e1tico y El\u00e9ctrico<\/td><\/tr><tr><td>Servicio postventa proporcionado<\/td><td>Garant\u00eda: 1 a\u00f1o; Soporte t\u00e9cnico en video<\/td><\/tr><tr><td>Volumen de llenado<\/td><td>500-3000ml<\/td><\/tr><tr><td>Velocidad de llenado<\/td><td>2 cabezales: 240KG-960KG; 4 cabezales: 480KG-1920KG<\/td><\/tr><tr><td>Volumen de tolva<\/td><td>350L<\/td><\/tr><tr><td>Fuerza<\/td><td>220V, 50Hz, 500W<\/td><\/tr><tr><td>Tama\u00f1o de la m\u00e1quina<\/td><td>1850mm*1040mm*1900mm<\/td><\/tr><tr><td>Peso<\/td><td>700KG<\/td><\/tr><\/tbody><\/table><figcaption class=\"wp-element-caption\">Par\u00e1metros t\u00e9cnicos de la m\u00e1quina de llenado de mantequilla de cacahuete<\/figcaption><\/figure>   <div class=\"wp-block-image\"> <figure class=\"aligncenter size-full\"><img loading=\"lazy\" decoding=\"async\" width=\"720\" height=\"540\" src=\"https:\/\/www.peanuts-machine.com\/wp-content\/uploads\/2022\/08\/viscous-liquid-filling-machine.webp\" alt=\"M\u00e1quina de llenado de l\u00edquidos viscosos\" class=\"wp-image-901\" title=\"\" srcset=\"https:\/\/www.peanuts-machine.com\/wp-content\/uploads\/2022\/08\/viscous-liquid-filling-machine.webp 720w, https:\/\/www.peanuts-machine.com\/wp-content\/uploads\/2022\/08\/viscous-liquid-filling-machine-300x225.webp 300w, https:\/\/www.peanuts-machine.com\/wp-content\/uploads\/2022\/08\/viscous-liquid-filling-machine-16x12.webp 16w\" sizes=\"auto, (max-width: 720px) 100vw, 720px\" \/><figcaption class=\"wp-element-caption\">M\u00e1quina de llenado de l\u00edquidos viscosos<\/figcaption><\/figure> <\/div>   <h2 class=\"wp-block-heading\" id=\"h-do-you-want-to-get-the-complete-peanut-butter-filling-system\">\u00bfQuieres conseguir el sistema completo de llenado de mantequilla de man\u00ed?<\/h2>    <p>Si no solo necesitas una m\u00e1quina de llenado de mantequilla de man\u00ed, sino que tambi\u00e9n deseas establecer una l\u00ednea de producci\u00f3n de llenado completa y eficiente, Taizy puede proporcionarte un sistema de llenado de mantequilla de man\u00ed completo y profesional.<\/p>    <p>La l\u00ednea completa cubre todo el proceso desde la codificaci\u00f3n y etiquetado hasta el llenado y taponado. El equipo incluye m\u00e1quina de codificaci\u00f3n, m\u00e1quina de etiquetado, m\u00e1quina de llenado y m\u00e1quina de taponado, cada paso de la l\u00ednea de producci\u00f3n es preciso, eficiente y automatizado para asegurar que los productos sean ordenados, bonitos y estandarizados.<\/p>    <p>Ya sea para supermercados, mercados mayoristas o plataformas de comercio electr\u00f3nico, los productos de mantequilla de man\u00ed llenos de este sistema pueden lograr resultados de envasado uniformes y estandarizados, ayud\u00e1ndote a crear una imagen de marca profesional.<\/p>    <p>Podemos proporcionar configuraciones flexibles de acuerdo a su demanda de producci\u00f3n y presupuesto, bienvenido a consultar para soluciones detalladas y cotizaciones en cualquier momento.<\/p>   <div class=\"wp-block-image\"> <figure class=\"aligncenter size-full\"><img loading=\"lazy\" decoding=\"async\" width=\"720\" height=\"540\" src=\"https:\/\/www.peanuts-machine.com\/wp-content\/uploads\/2022\/08\/peanut-butter-production-line.webp\" alt=\"l\u00ednea de producci\u00f3n de mantequilla de man\u00ed\" class=\"wp-image-49\" title=\"\" srcset=\"https:\/\/www.peanuts-machine.com\/wp-content\/uploads\/2022\/08\/peanut-butter-production-line.webp 720w, https:\/\/www.peanuts-machine.com\/wp-content\/uploads\/2022\/08\/peanut-butter-production-line-300x225.webp 300w\" sizes=\"auto, (max-width: 720px) 100vw, 720px\" \/><figcaption class=\"wp-element-caption\">l\u00ednea de producci\u00f3n de mantequilla de man\u00ed<\/figcaption><\/figure> <\/div>   <h2 class=\"wp-block-heading\" id=\"h-small-peanut-butter-filling-machine-for-sale\">M\u00e1quina de llenado de mantequilla de cacahuete personalizada en venta<\/h2>    <p>La m\u00e1quina de relleno de mantequilla de man\u00ed Taizy no solo es f\u00e1cil de operar y compacta, sino que tambi\u00e9n tiene caracter\u00edsticas pr\u00e1cticas como un dise\u00f1o anti-goteo, f\u00e1cil de limpiar y adaptable a una variedad de tipos de botellas. <\/p>    <p class=\"translation-block\">Producimos tanto equipos de <a href=\"https:\/\/www.peanuts-machine.com\/es\/product\/peanut-butter-production-line\/\"><strong><em>l\u00ednea de producci\u00f3n de mantequilla de cacahuete<\/em><\/strong><\/a> adecuados para la producci\u00f3n a gran escala, como <a href=\"https:\/\/www.peanuts-machine.com\/es\/product\/commercial-peanut-butter-machine\/\"><strong><em>maquinaria de procesamiento de mantequilla de cacahuete<\/em><\/strong><\/a> peque\u00f1a adecuada para empresas peque\u00f1as y medianas o f\u00e1bricas en ciernes, con un alto rendimiento de coste y un bajo umbral de inversi\u00f3n.<\/p>    <p class=\"translation-block\">Adem\u00e1s, el equipo tiene una amplia gama de aplicaciones, no solo para el relleno de <a href=\"https:\/\/en.wikipedia.org\/wiki\/Peanut_butter\" target=\"_blank\" rel=\"noopener\">mantequilla de cacahuete<\/a>, sino tambi\u00e9n para la producci\u00f3n de relleno de materiales l\u00edquidos o viscosos como ketchup, mermelada, miel, zumo, crema para la piel, champ\u00fa, etc. Es ampliamente utilizado en muchas industrias como la alimentaria, de condimentos, qu\u00edmica diaria, farmac\u00e9utica, etc.<\/p>    <p>Ya sea que desee expandir la capacidad de producci\u00f3n, mejorar la eficiencia o planee comenzar desde cero en la industria del procesamiento de mantequilla de man\u00ed, podemos proporcionarle soluciones integrales y un servicio postventa atento. \u00a1No dude en contactarnos para obtener soluciones personalizadas y presupuestos que hagan que su producci\u00f3n de llenado sea m\u00e1s eficiente, profesional y confiable!<\/p>","protected":false},"excerpt":{"rendered":"<p>La m\u00e1quina de llenado de mantequilla de man\u00ed se utiliza para el envasado de materiales l\u00edquidos y en pasta, adecuada para mantequilla de man\u00ed, mermelada, ketchup y muchos otros productos, con las ventajas de precisi\u00f3n en el llenado, anti-goteo, entre otras.<\/p>","protected":false},"author":1,"featured_media":111,"parent":0,"template":"","tags":[35],"product-type":[51,46],"class_list":["post-99","product","type-product","status-publish","has-post-thumbnail","hentry","tag-peanut-butter","product-type-peanut-butter-machine","product-type-products"],"_links":{"self":[{"href":"https:\/\/www.peanuts-machine.com\/es\/wp-json\/wp\/v2\/product\/99","targetHints":{"allow":["GET"]}}],"collection":[{"href":"https:\/\/www.peanuts-machine.com\/es\/wp-json\/wp\/v2\/product"}],"about":[{"href":"https:\/\/www.peanuts-machine.com\/es\/wp-json\/wp\/v2\/types\/product"}],"author":[{"embeddable":true,"href":"https:\/\/www.peanuts-machine.com\/es\/wp-json\/wp\/v2\/users\/1"}],"wp:featuredmedia":[{"embeddable":true,"href":"https:\/\/www.peanuts-machine.com\/es\/wp-json\/wp\/v2\/media\/111"}],"wp:attachment":[{"href":"https:\/\/www.peanuts-machine.com\/es\/wp-json\/wp\/v2\/media?parent=99"}],"wp:term":[{"taxonomy":"post_tag","embeddable":true,"href":"https:\/\/www.peanuts-machine.com\/es\/wp-json\/wp\/v2\/tags?post=99"},{"taxonomy":"product-type","embeddable":true,"href":"https:\/\/www.peanuts-machine.com\/es\/wp-json\/wp\/v2\/product-type?post=99"}],"curies":[{"name":"wp","href":"https:\/\/api.w.org\/{rel}","templated":true}]}}