{"id":1022,"date":"2026-01-15T15:15:39","date_gmt":"2026-01-15T07:15:39","guid":{"rendered":"https:\/\/www.peanuts-machine.com\/?post_type=product&#038;p=1022"},"modified":"2026-01-15T15:17:05","modified_gmt":"2026-01-15T07:17:05","slug":"cashew-nut-grading-machine","status":"publish","type":"product","link":"https:\/\/www.peanuts-machine.com\/fr\/product\/cashew-nut-grading-machine\/","title":{"rendered":"Machine de triage des noix de cajou | Triageur automatique de noix de cajou"},"content":{"rendered":"<div class=\"kk-star-ratings kksr-auto kksr-align-left kksr-valign-top\"     data-payload='{&quot;align&quot;:&quot;left&quot;,&quot;id&quot;:&quot;1022&quot;,&quot;slug&quot;:&quot;default&quot;,&quot;valign&quot;:&quot;top&quot;,&quot;ignore&quot;:&quot;&quot;,&quot;reference&quot;:&quot;auto&quot;,&quot;class&quot;:&quot;&quot;,&quot;count&quot;:&quot;29&quot;,&quot;legendonly&quot;:&quot;&quot;,&quot;readonly&quot;:&quot;&quot;,&quot;score&quot;:&quot;4.6&quot;,&quot;starsonly&quot;:&quot;&quot;,&quot;best&quot;:&quot;5&quot;,&quot;gap&quot;:&quot;5&quot;,&quot;greet&quot;:&quot;Rate this product&quot;,&quot;legend&quot;:&quot;4.6\\\/5 - (29 votes)&quot;,&quot;size&quot;:&quot;24&quot;,&quot;title&quot;:&quot;Cashew Nut Grading Machine | Automatic Cashew Grader&quot;,&quot;width&quot;:&quot;130.9&quot;,&quot;_legend&quot;:&quot;{score}\\\/{best} - ({count} {votes})&quot;,&quot;font_factor&quot;:&quot;1.25&quot;}'>              <div class=\"kksr-stars\">      <div class=\"kksr-stars-inactive\">             <div class=\"kksr-star\" data-star=\"1\" style=\"padding-right: 5px\">               <div class=\"kksr-icon\" style=\"width: 24px; height: 24px;\"><\/div>         <\/div>             <div class=\"kksr-star\" data-star=\"2\" style=\"padding-right: 5px\">               <div class=\"kksr-icon\" style=\"width: 24px; height: 24px;\"><\/div>         <\/div>             <div class=\"kksr-star\" data-star=\"3\" style=\"padding-right: 5px\">               <div class=\"kksr-icon\" style=\"width: 24px; height: 24px;\"><\/div>         <\/div>             <div class=\"kksr-star\" data-star=\"4\" style=\"padding-right: 5px\">               <div class=\"kksr-icon\" style=\"width: 24px; height: 24px;\"><\/div>         <\/div>             <div class=\"kksr-star\" data-star=\"5\" style=\"padding-right: 5px\">               <div class=\"kksr-icon\" style=\"width: 24px; height: 24px;\"><\/div>         <\/div>     <\/div>      <div class=\"kksr-stars-active\" style=\"width: 130.9px;\">             <div class=\"kksr-star\" style=\"padding-right: 5px\">               <div class=\"kksr-icon\" style=\"width: 24px; height: 24px;\"><\/div>         <\/div>             <div class=\"kksr-star\" style=\"padding-right: 5px\">               <div class=\"kksr-icon\" style=\"width: 24px; height: 24px;\"><\/div>         <\/div>             <div class=\"kksr-star\" style=\"padding-right: 5px\">               <div class=\"kksr-icon\" style=\"width: 24px; height: 24px;\"><\/div>         <\/div>             <div class=\"kksr-star\" style=\"padding-right: 5px\">               <div class=\"kksr-icon\" style=\"width: 24px; height: 24px;\"><\/div>         <\/div>             <div class=\"kksr-star\" style=\"padding-right: 5px\">               <div class=\"kksr-icon\" style=\"width: 24px; height: 24px;\"><\/div>         <\/div>     <\/div> <\/div>                   <div class=\"kksr-legend\" style=\"font-size: 19.2px;\">             4,6\/5 - (29 votes)    <\/div>     <\/div>  <p>Les noix de cajou pr\u00e9sentent d'importantes variations de taille lors de leur croissance naturelle. Sans tri scientifique, cela affecte l'apparence du produit et l'efficacit\u00e9 commerciale. Nos machines de tri de noix de cajou peuvent trier les noix en 3\u20134 grades selon la largeur ou la taille en un seul passage, assurant un tri standardis\u00e9 et pr\u00e9cis.<\/p>    <p>Nous proposons actuellement deux mod\u00e8les \u00e9prouv\u00e9s : la machine de triage de noix de cajou \u00e0 rouleaux multiples et la machine de triage de noix de cajou \u00e0 tambour. Les deux conviennent pour le tri par taille des noyaux de cajou, avec une construction stable, un tri pr\u00e9cis et une op\u00e9ration simple, avec des capacit\u00e9s de traitement allant jusqu'\u00e0 300\u2013500 kg\/h.<\/p>    <p>Les utilisateurs peuvent choisir le mod\u00e8le appropri\u00e9 en fonction de leur volume de production, de leurs besoins en pr\u00e9cision de tri et des conditions sur site, r\u00e9pondant aux exigences op\u00e9rationnelles des entreprises de traitement de cajou de diff\u00e9rentes tailles.<\/p>    <figure class=\"wp-block-embed aligncenter is-type-video is-provider-youtube wp-block-embed-youtube wp-embed-aspect-9-16 wp-has-aspect-ratio\"><div class=\"wp-block-embed__wrapper\"> <iframe loading=\"lazy\" title=\"Cashew Kernel Grading Machine (Drum Type &amp; Multi-Roller) | Accurate &amp; Efficient Sorting#cashew\" width=\"422\" height=\"750\" src=\"https:\/\/www.youtube.com\/embed\/C7zvJ8bjQBs?feature=oembed\" frameborder=\"0\" allow=\"accelerometer; autoplay; clipboard-write; encrypted-media; gyroscope; picture-in-picture; web-share\" referrerpolicy=\"strict-origin-when-cross-origin\" allowfullscreen><\/iframe> <\/div><figcaption class=\"wp-element-caption\">Vid\u00e9o de fonctionnement de la machine de tri de noix de cajou<\/figcaption><\/figure>    <h2 class=\"wp-block-heading\">Machine de tri de noix de cajou \u00e0 rouleaux multiples<\/h2>    <p>Le triageur \u00e0 rouleaux multiples utilise une structure de r\u00e9glage d\u2019\u00e9cart \u00e0 rouleaux multiples. Il comprend des rouleaux de triage \u00e0 plusieurs couches en haut, au milieu et en bas, qui respectivement sortent de gros noyaux, noyaux moyens et petits noyaux. En ajustant l\u2019\u00e9cart entre chaque couche de rouleaux, un tri pr\u00e9cis de la largeur des noyaux de cajou est r\u00e9alis\u00e9, avec des normes de tri claires et une flexibilit\u00e9 d\u2019ajustement.<\/p>    <p>Les configurations de tri courantes incluent 3 \u00e0 4 cat\u00e9gories de taille, telles que :<\/p>    <ul class=\"wp-block-list\"> <li>Moins de 8 mm<\/li>    <li>8\u201310 mm<\/li>    <li>10\u201312 mm<\/li>    <li>Plus de 12 mm (optionnel)<\/li> <\/ul>    <p>L\u2019\u00e9quipement fonctionne de mani\u00e8re stable avec un minimum de dommages aux noyaux lors du tri, ce qui le rend id\u00e9al pour les utilisateurs exigeant une haute pr\u00e9cision de tri et une qualit\u00e9 de produit constante.<\/p>    <p>Sp\u00e9cifications cl\u00e9s :<\/p>    <ul class=\"wp-block-list\"> <li>Puissance du moteur : 1,1 kW<\/li>    <li>Tension \/ Fr\u00e9quence : 380V \/ 50Hz<\/li>    <li>Capacit\u00e9 de traitement : 300\u2013400 kg\/h<\/li>    <li>Dimensions : 2,3 \u00d7 0,8 \u00d7 1,6 m<\/li>    <li>Poids total : environ 180 kg<\/li> <\/ul>    <figure class=\"wp-block-gallery has-nested-images columns-default is-cropped wp-block-gallery-2 is-layout-flex wp-block-gallery-is-layout-flex\"> <figure class=\"wp-block-image size-large\"><img loading=\"lazy\" decoding=\"async\" width=\"720\" height=\"540\" data-id=\"1030\" src=\"https:\/\/www.peanuts-machine.com\/wp-content\/uploads\/2026\/01\/multi-roll-cashew-nut-grading-machine.webp\" alt=\"Machine de tri de noix de cajou \u00e0 rouleaux multiples\" class=\"wp-image-1030\" title=\"\" srcset=\"https:\/\/www.peanuts-machine.com\/wp-content\/uploads\/2026\/01\/multi-roll-cashew-nut-grading-machine.webp 720w, https:\/\/www.peanuts-machine.com\/wp-content\/uploads\/2026\/01\/multi-roll-cashew-nut-grading-machine-300x225.webp 300w, https:\/\/www.peanuts-machine.com\/wp-content\/uploads\/2026\/01\/multi-roll-cashew-nut-grading-machine-16x12.webp 16w\" sizes=\"auto, (max-width: 720px) 100vw, 720px\" \/><figcaption class=\"wp-element-caption\">Machine de tri de noix de cajou \u00e0 rouleaux multiples<\/figcaption><\/figure>    <figure class=\"wp-block-image size-large\"><img loading=\"lazy\" decoding=\"async\" width=\"720\" height=\"540\" data-id=\"1029\" src=\"https:\/\/www.peanuts-machine.com\/wp-content\/uploads\/2026\/01\/kernel-sorting-machine.webp\" alt=\"Machine de tri des noyaux\" class=\"wp-image-1029\" title=\"\" srcset=\"https:\/\/www.peanuts-machine.com\/wp-content\/uploads\/2026\/01\/kernel-sorting-machine.webp 720w, https:\/\/www.peanuts-machine.com\/wp-content\/uploads\/2026\/01\/kernel-sorting-machine-300x225.webp 300w, https:\/\/www.peanuts-machine.com\/wp-content\/uploads\/2026\/01\/kernel-sorting-machine-16x12.webp 16w\" sizes=\"auto, (max-width: 720px) 100vw, 720px\" \/><figcaption class=\"wp-element-caption\">Machine de tri des noyaux<\/figcaption><\/figure> <\/figure>    <h2 class=\"wp-block-heading\">Machine de tri de noix de cajou \u00e0 tambour<\/h2>    <p>La machine de triage de noix de cajou \u00e0 tambour poss\u00e8de un tambour segment\u00e9 avec une structure de tri \u00e0 \u00e9cart fixe, comprenant un syst\u00e8me d\u2019entra\u00eenement, un ensemble de tambours et un cadre. \u00c0 mesure que le mat\u00e9riau progresse dans le tambour, il subit un tri s\u00e9quentiel bas\u00e9 sur diff\u00e9rentes tailles d\u2019\u00e9cart, garantissant une s\u00e9quence de tri claire et un d\u00e9bit \u00e9lev\u00e9.<\/p>    <p>G\u00e9n\u00e9ralement, la machine commence par s\u00e9parer les noyaux cass\u00e9s, puis trie s\u00e9quentiellement :<\/p>    <ul class=\"wp-block-list\"> <li>Moins de 8 mm<\/li>    <li>8\u201310 mm<\/li>    <li>10\u201312 mm<\/li>    <li>Plus de 12 mm (personnalisable sur demande)<\/li> <\/ul>    <p>La structure \u00e0 tambour convient au fonctionnement continu avec une haute production et une maintenance simple, ce qui la rend particuli\u00e8rement adapt\u00e9e aux usines de traitement de noix de cajou de taille moyenne \u00e0 grande.<\/p>    <p>Sp\u00e9cifications cl\u00e9s :<\/p>    <ul class=\"wp-block-list\"> <li>Puissance du moteur : 0,75 kW<\/li>    <li>Tension \/ Fr\u00e9quence : 380V \/ 50Hz<\/li>    <li>Capacit\u00e9 de traitement : 400\u2013500 kg\/h<\/li>    <li>Dimensions : 2,0 \u00d7 0,8 \u00d7 1,4 m<\/li>    <li>Poids total : environ 300 kg<\/li> <\/ul>    <figure class=\"wp-block-gallery has-nested-images columns-default is-cropped wp-block-gallery-3 is-layout-flex wp-block-gallery-is-layout-flex\"> <figure class=\"wp-block-image size-large\"><img loading=\"lazy\" decoding=\"async\" width=\"720\" height=\"540\" data-id=\"1032\" src=\"https:\/\/www.peanuts-machine.com\/wp-content\/uploads\/2026\/01\/drum-type-cashew-kernel-grader.webp\" alt=\"Triageur de noyaux de cajou \u00e0 tambour\" class=\"wp-image-1032\" title=\"\" srcset=\"https:\/\/www.peanuts-machine.com\/wp-content\/uploads\/2026\/01\/drum-type-cashew-kernel-grader.webp 720w, https:\/\/www.peanuts-machine.com\/wp-content\/uploads\/2026\/01\/drum-type-cashew-kernel-grader-300x225.webp 300w, https:\/\/www.peanuts-machine.com\/wp-content\/uploads\/2026\/01\/drum-type-cashew-kernel-grader-16x12.webp 16w\" sizes=\"auto, (max-width: 720px) 100vw, 720px\" \/><figcaption class=\"wp-element-caption\">Triageur de noyaux de cajou \u00e0 tambour<\/figcaption><\/figure>    <figure class=\"wp-block-image size-large\"><img loading=\"lazy\" decoding=\"async\" width=\"720\" height=\"540\" data-id=\"1031\" src=\"https:\/\/www.peanuts-machine.com\/wp-content\/uploads\/2026\/01\/cashew-nut-size-separator.webp\" alt=\"S\u00e9parateur de taille de noix de cajou\" class=\"wp-image-1031\" title=\"\" srcset=\"https:\/\/www.peanuts-machine.com\/wp-content\/uploads\/2026\/01\/cashew-nut-size-separator.webp 720w, https:\/\/www.peanuts-machine.com\/wp-content\/uploads\/2026\/01\/cashew-nut-size-separator-300x225.webp 300w, https:\/\/www.peanuts-machine.com\/wp-content\/uploads\/2026\/01\/cashew-nut-size-separator-16x12.webp 16w\" sizes=\"auto, (max-width: 720px) 100vw, 720px\" \/><figcaption class=\"wp-element-caption\">S\u00e9parateur de taille de noix de cajou<\/figcaption><\/figure> <\/figure>    <h2 class=\"wp-block-heading\">Triage \u00e0 rouleaux multiples vs Triageur \u00e0 tambour de noix de cajou<\/h2>    <figure class=\"wp-block-table is-style-stripes\"><table class=\"has-fixed-layout\"><tbody><tr><td><strong>Article<\/strong><\/td><td><strong>Machine de tri de noix de cajou \u00e0 rouleaux multiples<\/strong><\/td><td><strong>Machine de tri de cajou \u00e0 tambour<\/strong><\/td><\/tr><tr><td>Structure de tri<\/td><td>Conception \u00e0 \u00e9carts r\u00e9glables \u00e0 rouleaux multiples<\/td><td>Tambour segment\u00e9 avec \u00e9cart fixe <br>conception<\/td><\/tr><tr><td>M\u00e9thode de tri<\/td><td>Les noyaux de cajou sont tri\u00e9s par <br>r\u00e9glage de l'\u00e9cart entre les rouleaux<\/td><td>Les noyaux de cajou sont tri\u00e9s par <br>diff\u00e9rents \u00e9carts fixes le long du tambour<\/td><\/tr><tr><td>Nombre de grades<\/td><td>3\u20134 grades (ajustables)<\/td><td>3\u20134 grades (personnalisables)<\/td><\/tr><tr><td>Base de tri<\/td><td>Tri par largeur de noyau<\/td><td>Tri s\u00e9quentiel par taille de noyau<\/td><\/tr><tr><td>Flexibilit\u00e9 d\u2019ajustement<\/td><td>Haute \u2013 chaque \u00e9cart de grade peut \u00eatre <br>ajust\u00e9 ind\u00e9pendamment<\/td><td>Moyen \u2013 n\u00e9cessite de changer ou <br>Personnalisation des \u00e9carts du tambour<\/td><\/tr><tr><td>Pr\u00e9cision de tri<\/td><td>Haute, avec une excellente coh\u00e9rence de taille<\/td><td>Stable et adapt\u00e9e \u00e0 la normalisation <br>triage<\/td><\/tr><tr><td>Capacit\u00e9 de traitement<\/td><td>300\u2013400 kg\/h<\/td><td>400\u2013500 kg\/h<\/td><\/tr><tr><td>\u00c9chelle de production adapt\u00e9e<\/td><td>Traitement de petite \u00e0 moyenne \u00e9chelle <br>usines<\/td><td>Traitement de taille moyenne \u00e0 grande \u00e9chelle <br>usines<\/td><\/tr><tr><td>Taux de casse des noyaux<\/td><td>Processus de tri doux et faible<\/td><td>Faible, con\u00e7u pour un volume \u00e9lev\u00e9 <br>traitement<\/td><\/tr><tr><td>Fonctionnement &amp; Maintenance<\/td><td>Structure simple, r\u00e9glage facile <br>et maintenance<\/td><td>Structure robuste, facile et peu co\u00fbteuse<br>op\u00e9ration de maintenance<\/td><\/tr><tr><td>Utilisateurs recommand\u00e9s<\/td><td>Clients ax\u00e9s sur le tri <br>pr\u00e9cision et flexibilit\u00e9<\/td><td>Les clients se concentrent sur un haut d\u00e9bit et <br>Efficacit\u00e9<\/td><\/tr><\/tbody><\/table><figcaption class=\"wp-element-caption\">Comparaison entre deux types de machines de tri de noix de cajou<\/figcaption><\/figure>    <h2 class=\"wp-block-heading\">Recommandations pour choisir les triages de cajou<\/h2>    <ul class=\"wp-block-list\"> <li>Si vous privil\u00e9giez la pr\u00e9cision de tri et la flexibilit\u00e9 dans l\u2019ajustement de la taille, les triages \u00e0 rouleaux multiples sont plus adapt\u00e9s, notamment pour les sc\u00e9narios de tri fin avec des sp\u00e9cifications strictes pour le produit fini.<\/li>    <li>Si vous privil\u00e9giez le d\u00e9bit, le fonctionnement continu et l'efficacit\u00e9 globale, la machine de triage de noix de cajou \u00e0 tambour est mieux adapt\u00e9e aux usines de traitement de noix de cajou de taille moyenne \u00e0 grande.<\/li> <\/ul>    <p>Les deux mod\u00e8les peuvent \u00eatre personnalis\u00e9s selon vos sp\u00e9cifications et normes de tri. Nous recommandons de d\u00e9finir clairement vos dimensions de tri cibles et votre production quotidienne avant de choisir pour obtenir des r\u00e9sultats optimaux.<\/p>    <p class=\"translation-block\">In addition to these two types of cashew nut grading machines, we also offer screening equipment suitable for other nuts, such as <strong><em><a href=\"https:\/\/www.peanuts-machine.com\/fr\/product\/peanut-grading-machine\/\">peanut grading and screening machines<\/a><\/em><\/strong>. If you&#8217;re interested, please feel free to contact us.<\/p>","protected":false},"excerpt":{"rendered":"<p>cajou<\/p>","protected":false},"author":1,"featured_media":1033,"parent":0,"template":"","tags":[57],"product-type":[48,46],"class_list":["post-1022","product","type-product","status-publish","has-post-thumbnail","hentry","tag-cashew","product-type-peanut-grading-machine","product-type-products"],"_links":{"self":[{"href":"https:\/\/www.peanuts-machine.com\/fr\/wp-json\/wp\/v2\/product\/1022","targetHints":{"allow":["GET"]}}],"collection":[{"href":"https:\/\/www.peanuts-machine.com\/fr\/wp-json\/wp\/v2\/product"}],"about":[{"href":"https:\/\/www.peanuts-machine.com\/fr\/wp-json\/wp\/v2\/types\/product"}],"author":[{"embeddable":true,"href":"https:\/\/www.peanuts-machine.com\/fr\/wp-json\/wp\/v2\/users\/1"}],"wp:featuredmedia":[{"embeddable":true,"href":"https:\/\/www.peanuts-machine.com\/fr\/wp-json\/wp\/v2\/media\/1033"}],"wp:attachment":[{"href":"https:\/\/www.peanuts-machine.com\/fr\/wp-json\/wp\/v2\/media?parent=1022"}],"wp:term":[{"taxonomy":"post_tag","embeddable":true,"href":"https:\/\/www.peanuts-machine.com\/fr\/wp-json\/wp\/v2\/tags?post=1022"},{"taxonomy":"product-type","embeddable":true,"href":"https:\/\/www.peanuts-machine.com\/fr\/wp-json\/wp\/v2\/product-type?post=1022"}],"curies":[{"name":"wp","href":"https:\/\/api.w.org\/{rel}","templated":true}]}}