{"id":1043,"date":"2026-01-16T17:49:47","date_gmt":"2026-01-16T09:49:47","guid":{"rendered":"https:\/\/www.peanuts-machine.com\/?post_type=product&#038;p=1043"},"modified":"2026-01-16T17:49:48","modified_gmt":"2026-01-16T09:49:48","slug":"almond-slicer","status":"publish","type":"product","link":"https:\/\/www.peanuts-machine.com\/fr\/product\/almond-slicer\/","title":{"rendered":"Machine de tranchage automatique d'amandes | Machine de tranchage d'arachides humide"},"content":{"rendered":"<div class=\"kk-star-ratings kksr-auto kksr-align-left kksr-valign-top\"     data-payload='{&quot;align&quot;:&quot;left&quot;,&quot;id&quot;:&quot;1043&quot;,&quot;slug&quot;:&quot;default&quot;,&quot;valign&quot;:&quot;top&quot;,&quot;ignore&quot;:&quot;&quot;,&quot;reference&quot;:&quot;auto&quot;,&quot;class&quot;:&quot;&quot;,&quot;count&quot;:&quot;10&quot;,&quot;legendonly&quot;:&quot;&quot;,&quot;readonly&quot;:&quot;&quot;,&quot;score&quot;:&quot;4.8&quot;,&quot;starsonly&quot;:&quot;&quot;,&quot;best&quot;:&quot;5&quot;,&quot;gap&quot;:&quot;5&quot;,&quot;greet&quot;:&quot;Rate this product&quot;,&quot;legend&quot;:&quot;4.8\\\/5 - (10 votes)&quot;,&quot;size&quot;:&quot;24&quot;,&quot;title&quot;:&quot;Automatic Almond Slicer | Wet Peanut Slicing Machine&quot;,&quot;width&quot;:&quot;136.7&quot;,&quot;_legend&quot;:&quot;{score}\\\/{best} - ({count} {votes})&quot;,&quot;font_factor&quot;:&quot;1.25&quot;}'>              <div class=\"kksr-stars\">      <div class=\"kksr-stars-inactive\">             <div class=\"kksr-star\" data-star=\"1\" style=\"padding-right: 5px\">               <div class=\"kksr-icon\" style=\"width: 24px; height: 24px;\"><\/div>         <\/div>             <div class=\"kksr-star\" data-star=\"2\" style=\"padding-right: 5px\">               <div class=\"kksr-icon\" style=\"width: 24px; height: 24px;\"><\/div>         <\/div>             <div class=\"kksr-star\" data-star=\"3\" style=\"padding-right: 5px\">               <div class=\"kksr-icon\" style=\"width: 24px; height: 24px;\"><\/div>         <\/div>             <div class=\"kksr-star\" data-star=\"4\" style=\"padding-right: 5px\">               <div class=\"kksr-icon\" style=\"width: 24px; height: 24px;\"><\/div>         <\/div>             <div class=\"kksr-star\" data-star=\"5\" style=\"padding-right: 5px\">               <div class=\"kksr-icon\" style=\"width: 24px; height: 24px;\"><\/div>         <\/div>     <\/div>      <div class=\"kksr-stars-active\" style=\"width: 136.7px;\">             <div class=\"kksr-star\" style=\"padding-right: 5px\">               <div class=\"kksr-icon\" style=\"width: 24px; height: 24px;\"><\/div>         <\/div>             <div class=\"kksr-star\" style=\"padding-right: 5px\">               <div class=\"kksr-icon\" style=\"width: 24px; height: 24px;\"><\/div>         <\/div>             <div class=\"kksr-star\" style=\"padding-right: 5px\">               <div class=\"kksr-icon\" style=\"width: 24px; height: 24px;\"><\/div>         <\/div>             <div class=\"kksr-star\" style=\"padding-right: 5px\">               <div class=\"kksr-icon\" style=\"width: 24px; height: 24px;\"><\/div>         <\/div>             <div class=\"kksr-star\" style=\"padding-right: 5px\">               <div class=\"kksr-icon\" style=\"width: 24px; height: 24px;\"><\/div>         <\/div>     <\/div> <\/div>                   <div class=\"kksr-legend\" style=\"font-size: 19.2px;\">             4,8\/5 - (10 votes)    <\/div>     <\/div>  <p>La trancheuse d'amandes convient pour trancher diverses noix telles que les arachides, amandes, noisettes et noix. Cette machine flexible permet un ajustement de l'\u00e9paisseur de tranche et atteint une production \u00e9lev\u00e9e de 200\u2013300 kg\/h. Elle est id\u00e9ale pour les entreprises de transformation alimentaire, les boulangeries et les usines de traitement des noix.<\/p>    <p>Les noix tranch\u00e9es peuvent \u00eatre utilis\u00e9es directement comme d\u00e9corations de surface pour les biscuits, g\u00e2teaux, glaces, et autres aliments. Elles peuvent \u00e9galement \u00eatre transform\u00e9es en caramel aux arachides, caramel aux amandes ou garnitures pour mooncakes, avec des ajustements flexibles selon les besoins de production.<\/p>    <figure class=\"wp-block-embed aligncenter is-type-video is-provider-youtube wp-block-embed-youtube wp-embed-aspect-16-9 wp-has-aspect-ratio\"><div class=\"wp-block-embed__wrapper\"> <iframe loading=\"lazy\" title=\"High-Efficiency Almond Slicing Machine | Precise &amp; Uniform Slices#almond #slicer\" width=\"500\" height=\"281\" src=\"https:\/\/www.youtube.com\/embed\/85zmWdIMCI0?feature=oembed\" frameborder=\"0\" allow=\"accelerometer; autoplay; clipboard-write; encrypted-media; gyroscope; picture-in-picture; web-share\" referrerpolicy=\"strict-origin-when-cross-origin\" allowfullscreen><\/iframe> <\/div><figcaption class=\"wp-element-caption\">Vid\u00e9o de fonctionnement de la machine automatique de tranchage d'amandes<\/figcaption><\/figure>    <h2 class=\"wp-block-heading\">Applications de machines \u00e0 trancher les noix commerciales<\/h2>    <ul class=\"wp-block-list\"> <li>Les boulangeries et p\u00e2tisseries utilisent des noix tranch\u00e9es pour d\u00e9corer les g\u00e2teaux, biscuits et desserts.<\/li>    <li>Les usines de confiserie et les entreprises de snacks utilisent des noix tranch\u00e9es pour fabriquer du caramel aux arachides, du caramel aux amandes ou des garnitures pour mooncakes.<\/li>    <li>Les entreprises de traitement des noix utilisent des noix tranch\u00e9es pour l'emballage ou la fabrication de produits \u00e0 base de noix m\u00e9lang\u00e9es.<\/li>    <li>Les boutiques de glaces et salons de desserts utilisent des noix tranch\u00e9es pour saupoudrer sur la glace ou les desserts.<\/li>    <li>Les m\u00e9nages et petits ateliers artisanaux utilisent des noix tranch\u00e9es pour des snacks maison et le traitement de snacks.<\/li> <\/ul>    <figure class=\"wp-block-gallery has-nested-images columns-default is-cropped wp-block-gallery-2 is-layout-flex wp-block-gallery-is-layout-flex\"> <figure class=\"wp-block-image size-large\"><img loading=\"lazy\" decoding=\"async\" width=\"720\" height=\"540\" data-id=\"1054\" src=\"https:\/\/www.peanuts-machine.com\/wp-content\/uploads\/2026\/01\/sliced-\u200b\u200balmonds.webp\" alt=\"amandes tranch\u00e9es\" class=\"wp-image-1054\" title=\"\" srcset=\"https:\/\/www.peanuts-machine.com\/wp-content\/uploads\/2026\/01\/sliced-\u200b\u200balmonds.webp 720w, https:\/\/www.peanuts-machine.com\/wp-content\/uploads\/2026\/01\/sliced-\u200b\u200balmonds-300x225.webp 300w, https:\/\/www.peanuts-machine.com\/wp-content\/uploads\/2026\/01\/sliced-\u200b\u200balmonds-16x12.webp 16w\" sizes=\"auto, (max-width: 720px) 100vw, 720px\" \/><figcaption class=\"wp-element-caption\">amandes tranch\u00e9es<\/figcaption><\/figure>    <figure class=\"wp-block-image size-large\"><img loading=\"lazy\" decoding=\"async\" width=\"720\" height=\"540\" data-id=\"1053\" src=\"https:\/\/www.peanuts-machine.com\/wp-content\/uploads\/2026\/01\/almond-pastries.webp\" alt=\"p\u00e2tisseries aux amandes\" class=\"wp-image-1053\" title=\"\" srcset=\"https:\/\/www.peanuts-machine.com\/wp-content\/uploads\/2026\/01\/almond-pastries.webp 720w, https:\/\/www.peanuts-machine.com\/wp-content\/uploads\/2026\/01\/almond-pastries-300x225.webp 300w, https:\/\/www.peanuts-machine.com\/wp-content\/uploads\/2026\/01\/almond-pastries-16x12.webp 16w\" sizes=\"auto, (max-width: 720px) 100vw, 720px\" \/><figcaption class=\"wp-element-caption\">p\u00e2tisseries aux amandes<\/figcaption><\/figure> <\/figure>    <h2 class=\"wp-block-heading\">Param\u00e8tres techniques de la machine \u00e0 trancher les amandes<\/h2>    <figure class=\"wp-block-table is-style-stripes\"><table class=\"has-fixed-layout\"><tbody><tr><td><strong>Param\u00e8tre<\/strong><\/td><td><strong>Trancheuse d'amandes H-2<\/strong><\/td><\/tr><tr><td>Dimensions<\/td><td>650 \u00d7 600 \u00d7 1100 mm<\/td><\/tr><tr><td>Tension<\/td><td>220\/380V<\/td><\/tr><tr><td>Pouvoir<\/td><td>2,2 KW<\/td><\/tr><tr><td>Sens de rotation du moteur<\/td><td>Sens antihoraire<\/td><\/tr><tr><td>Vitesse de la lame<\/td><td>0\u2013600 rpm\/min<\/td><\/tr><tr><td>\u00c9paisseur de tranche<\/td><td>0,05\u20131,2 mm<\/td><\/tr><tr><td>Capacit\u00e9<\/td><td>200\u2013300 kg\/h<\/td><\/tr><tr><td>Poids<\/td><td>170 kg<\/td><\/tr><tr><td>Mat\u00e9riaux appropri\u00e9s<\/td><td>Amandes, arachides, noisettes, noix, et autres noix<\/td><\/tr><\/tbody><\/table><figcaption class=\"wp-element-caption\">Donn\u00e9es techniques de la machine automatique de tranchage d'amandes<\/figcaption><\/figure>    <h2 class=\"wp-block-heading\">Avantages de la trancheuse \u00e0 noix commerciale<\/h2>    <ul class=\"wp-block-list\"> <li>Tr\u00e8s efficace et qui fait gagner du temps : la coupe manuelle est longue et incoh\u00e9rente, alors que la trancheuse d'amandes peut traiter rapidement de grandes quantit\u00e9s en quelques minutes. Ses lames tranchantes offrent une efficacit\u00e9 bien sup\u00e9rieure aux m\u00e9thodes manuelles.<\/li>    <li>Tranchage coh\u00e9rent et uniforme : la machine dispose de r\u00e9glages d'\u00e9paisseur de lame ajustables, garantissant que chaque tranche d'amande ou de noix est de taille uniforme. Cela am\u00e9liore la qualit\u00e9 de pr\u00e9sentation des aliments et la pr\u00e9cision du traitement.<\/li>    <li>Polyvalent : au-del\u00e0 des amandes, elle tranche aussi les arachides, noisettes, noix, et autres noix, m\u00eame certains fruits comme les fraises, r\u00e9pondant \u00e0 divers besoins de transformation alimentaire.<\/li>    <li>Rentable et durable : un investissement unique offre une utilisation \u00e0 long terme, avec des noix tranch\u00e9es maison co\u00fbtant moins que les produits pr\u00e9-tranch\u00e9s. Les lames et plateaux sont facilement amovibles pour le nettoyage, garantissant un entretien simple.<\/li>    <li>Respectueuse de l'environnement et \u00e9conome en \u00e9nergie : conception compacte, faible consommation \u00e9lectrique, fonctionnement sans poussi\u00e8re, adapt\u00e9e aux environnements de traitement avec des exigences strictes en mati\u00e8re de s\u00e9curit\u00e9 alimentaire et d'hygi\u00e8ne.<\/li> <\/ul>    <figure class=\"wp-block-gallery has-nested-images columns-default is-cropped wp-block-gallery-3 is-layout-flex wp-block-gallery-is-layout-flex\"> <figure class=\"wp-block-image size-large\"><img loading=\"lazy\" decoding=\"async\" width=\"540\" height=\"720\" data-id=\"1049\" src=\"https:\/\/www.peanuts-machine.com\/wp-content\/uploads\/2026\/01\/almond-slicer-machine.webp\" alt=\"machine \u00e0 trancher les amandes\" class=\"wp-image-1049\" title=\"\" srcset=\"https:\/\/www.peanuts-machine.com\/wp-content\/uploads\/2026\/01\/almond-slicer-machine.webp 540w, https:\/\/www.peanuts-machine.com\/wp-content\/uploads\/2026\/01\/almond-slicer-machine-225x300.webp 225w, https:\/\/www.peanuts-machine.com\/wp-content\/uploads\/2026\/01\/almond-slicer-machine-9x12.webp 9w\" sizes=\"auto, (max-width: 540px) 100vw, 540px\" \/><figcaption class=\"wp-element-caption\">machine \u00e0 trancher les amandes<\/figcaption><\/figure>    <figure class=\"wp-block-image size-large\"><img loading=\"lazy\" decoding=\"async\" width=\"540\" height=\"720\" data-id=\"1050\" src=\"https:\/\/www.peanuts-machine.com\/wp-content\/uploads\/2026\/01\/wet-peanut-slicing-machine.webp\" alt=\"machine de tranchage d&#039;arachides humide\" class=\"wp-image-1050\" title=\"\" srcset=\"https:\/\/www.peanuts-machine.com\/wp-content\/uploads\/2026\/01\/wet-peanut-slicing-machine.webp 540w, https:\/\/www.peanuts-machine.com\/wp-content\/uploads\/2026\/01\/wet-peanut-slicing-machine-225x300.webp 225w, https:\/\/www.peanuts-machine.com\/wp-content\/uploads\/2026\/01\/wet-peanut-slicing-machine-9x12.webp 9w\" sizes=\"auto, (max-width: 540px) 100vw, 540px\" \/><figcaption class=\"wp-element-caption\">machine de tranchage d'arachides humide<\/figcaption><\/figure> <\/figure>    <h2 class=\"wp-block-heading\">Principe de fonctionnement de la machine \u00e0 trancher les amandes<\/h2>    <p>La trancheuse d'amandes se compose principalement d'un m\u00e9canisme d'alimentation pneumatique et d'une unit\u00e9 de tranchage.<\/p>    <ol class=\"wp-block-list\"> <li>Pendant le fonctionnement, les noix sont d'abord plac\u00e9es dans le hopper, puis transport\u00e9es uniform\u00e9ment par le syst\u00e8me pneumatique dans la zone de tranchage du disque de lame.<\/li>    <li>Les lames tournent \u00e0 grande vitesse pour trancher les noix, avec une \u00e9paisseur r\u00e9glable selon les besoins.<\/li>    <li>Le moteur utilise une commande de vitesse \u00e0 fr\u00e9quence variable, permettant un ajustement flexible de la production de tranchage.<\/li>    <li>Le m\u00e9canisme de serrage pneumatique assure une pression constante sur les noix lors du tranchage, obtenant des r\u00e9sultats propres et uniformes.<\/li> <\/ol>    <p class=\"translation-block\"><strong>Pr\u00e9cautions d'utilisation :<\/strong><\/p>    <ul class=\"wp-block-list\"> <li>Les mati\u00e8res premi\u00e8res ne doivent pas \u00eatre excessivement s\u00e8ches. Si elles le sont, les faire tremper puis s\u00e9cher \u00e0 l'air pour \u00e9viter des tranches cassantes.<\/li>    <li>Une humidit\u00e9 excessive peut provoquer une accumulation de mati\u00e8re sur le disque de lame ou le port de d\u00e9charge.<\/li>    <li>Filtrer les impuret\u00e9s comme le sable ou les pierres avant de trancher pour \u00e9viter d'endommager les lames.<\/li> <\/ul>    <figure class=\"wp-block-gallery has-nested-images columns-default is-cropped wp-block-gallery-4 is-layout-flex wp-block-gallery-is-layout-flex\"> <figure class=\"wp-block-image size-large\"><img loading=\"lazy\" decoding=\"async\" width=\"720\" height=\"540\" data-id=\"1047\" src=\"https:\/\/www.peanuts-machine.com\/wp-content\/uploads\/2026\/01\/almond-slicing-machine.webp\" alt=\"machine \u00e0 trancher les amandes\" class=\"wp-image-1047\" title=\"\" srcset=\"https:\/\/www.peanuts-machine.com\/wp-content\/uploads\/2026\/01\/almond-slicing-machine.webp 720w, https:\/\/www.peanuts-machine.com\/wp-content\/uploads\/2026\/01\/almond-slicing-machine-300x225.webp 300w, https:\/\/www.peanuts-machine.com\/wp-content\/uploads\/2026\/01\/almond-slicing-machine-16x12.webp 16w\" sizes=\"auto, (max-width: 720px) 100vw, 720px\" \/><figcaption class=\"wp-element-caption\">machine \u00e0 trancher les amandes<\/figcaption><\/figure>    <figure class=\"wp-block-image size-large\"><img loading=\"lazy\" decoding=\"async\" width=\"720\" height=\"540\" data-id=\"1048\" src=\"https:\/\/www.peanuts-machine.com\/wp-content\/uploads\/2026\/01\/nut-slicer-cutters.webp\" alt=\"fraiseuses \u00e0 noix\" class=\"wp-image-1048\" title=\"\" srcset=\"https:\/\/www.peanuts-machine.com\/wp-content\/uploads\/2026\/01\/nut-slicer-cutters.webp 720w, https:\/\/www.peanuts-machine.com\/wp-content\/uploads\/2026\/01\/nut-slicer-cutters-300x225.webp 300w, https:\/\/www.peanuts-machine.com\/wp-content\/uploads\/2026\/01\/nut-slicer-cutters-16x12.webp 16w\" sizes=\"auto, (max-width: 720px) 100vw, 720px\" \/><figcaption class=\"wp-element-caption\">fraiseuses \u00e0 noix<\/figcaption><\/figure> <\/figure>    <p class=\"translation-block\">De plus, cette machine est tr\u00e8s adapt\u00e9e aux noyaux d'arachides trait\u00e9s par un <strong><em><a href=\"https:\/\/www.peanuts-machine.com\/fr\/product\/wet-groundnut-peeling-machine\/\">machine de pelage d'arachides humide<\/a><\/em><\/strong>. Ces deux machines peuvent \u00eatre utilis\u00e9es en combinaison.<\/p>    <h2 class=\"wp-block-heading\">FAQ<\/h2>   <div id=\"rank-math-faq\" class=\"rank-math-block\"> <div class=\"rank-math-list\"> <div id=\"faq-question-1768548166365\" class=\"rank-math-list-item\"> <h3 class=\"rank-math-question\">Pour quels types de noix cette trancheuse d'amandes est-elle adapt\u00e9e ?<\/h3> <div class=\"rank-math-answer\">  <p>Elle peut trancher des amandes, arachides, noisettes, noix, et autres noix, et peut \u00e9galement \u00eatre utilis\u00e9e pour certains fruits comme les fraises.<\/p>  <\/div> <\/div> <div id=\"faq-question-1768548202756\" class=\"rank-math-list-item\"> <h3 class=\"rank-math-question\">L'\u00e9paisseur de la tranche est-elle r\u00e9glable ?<\/h3> <div class=\"rank-math-answer\">  <p>Oui, l'\u00e9paisseur de la tranche est r\u00e9glable de 0,05 \u00e0 1,2 mm pour assurer des tranches uniformes et coh\u00e9rentes.<\/p>  <\/div> <\/div> <div id=\"faq-question-1768548218325\" class=\"rank-math-list-item\"> <h3 class=\"rank-math-question\">Que faut-il noter sur les mati\u00e8res premi\u00e8res ?<\/h3> <div class=\"rank-math-answer\">  <p>Les noix ne doivent pas \u00eatre excessivement s\u00e8ches ou humides ; tremper et s\u00e9cher \u00e0 l'air si n\u00e9cessaire. Enlever les impuret\u00e9s comme le sable ou les pierres avant de trancher.<\/p>  <\/div> <\/div> <div id=\"faq-question-1768548233602\" class=\"rank-math-list-item\"> <h3 class=\"rank-math-question\">La machine est-elle difficile \u00e0 utiliser ? N\u00e9cessite-t-elle du personnel sp\u00e9cialis\u00e9 ?<\/h3> <div class=\"rank-math-answer\">  <p>Le fonctionnement est simple et peut \u00eatre g\u00e9r\u00e9 par un seul op\u00e9rateur. Le disque de lame et le plateau sont faciles \u00e0 d\u00e9monter et \u00e0 nettoyer, facilitant l'entretien de routine.<\/p>  <\/div> <\/div> <div id=\"faq-question-1768548255127\" class=\"rank-math-list-item\"> <h3 class=\"rank-math-question\">La machine est-elle durable ? L'entretien est-il compliqu\u00e9 ?<\/h3> <div class=\"rank-math-answer\">  <p>Les lames et composants cl\u00e9s sont durables. Le nettoyage quotidien et l'entretien simple assurent un fonctionnement stable \u00e0 long terme.<\/p>  <\/div> <\/div> <\/div> <\/div>","protected":false},"excerpt":{"rendered":"<p>La trancheuse d'amandes convient au traitement des amandes, des arachides et de divers autres noix. Elle est largement utilis\u00e9e dans l'industrie de la boulangerie, de la confiserie et du traitement des noix.<\/p>","protected":false},"author":1,"featured_media":1052,"parent":0,"template":"","tags":[58,56,36],"product-type":[55,46],"class_list":["post-1043","product","type-product","status-publish","has-post-thumbnail","hentry","tag-almond","tag-nut","tag-peanut","product-type-peanut-cutting-machine","product-type-products"],"_links":{"self":[{"href":"https:\/\/www.peanuts-machine.com\/fr\/wp-json\/wp\/v2\/product\/1043","targetHints":{"allow":["GET"]}}],"collection":[{"href":"https:\/\/www.peanuts-machine.com\/fr\/wp-json\/wp\/v2\/product"}],"about":[{"href":"https:\/\/www.peanuts-machine.com\/fr\/wp-json\/wp\/v2\/types\/product"}],"author":[{"embeddable":true,"href":"https:\/\/www.peanuts-machine.com\/fr\/wp-json\/wp\/v2\/users\/1"}],"wp:featuredmedia":[{"embeddable":true,"href":"https:\/\/www.peanuts-machine.com\/fr\/wp-json\/wp\/v2\/media\/1052"}],"wp:attachment":[{"href":"https:\/\/www.peanuts-machine.com\/fr\/wp-json\/wp\/v2\/media?parent=1043"}],"wp:term":[{"taxonomy":"post_tag","embeddable":true,"href":"https:\/\/www.peanuts-machine.com\/fr\/wp-json\/wp\/v2\/tags?post=1043"},{"taxonomy":"product-type","embeddable":true,"href":"https:\/\/www.peanuts-machine.com\/fr\/wp-json\/wp\/v2\/product-type?post=1043"}],"curies":[{"name":"wp","href":"https:\/\/api.w.org\/{rel}","templated":true}]}}