{"id":1056,"date":"2026-01-19T13:55:42","date_gmt":"2026-01-19T05:55:42","guid":{"rendered":"https:\/\/www.peanuts-machine.com\/?post_type=product&#038;p=1056"},"modified":"2026-01-19T13:55:43","modified_gmt":"2026-01-19T05:55:43","slug":"peanut-strip-cutting-machine","status":"publish","type":"product","link":"https:\/\/www.peanuts-machine.com\/fr\/product\/peanut-strip-cutting-machine\/","title":{"rendered":"Bandes d'amandes automatiques | Machine de coupe de bandes de cacahu\u00e8tes"},"content":{"rendered":"<div class=\"kk-star-ratings kksr-auto kksr-align-left kksr-valign-top\"     data-payload='{&quot;align&quot;:&quot;left&quot;,&quot;id&quot;:&quot;1056&quot;,&quot;slug&quot;:&quot;default&quot;,&quot;valign&quot;:&quot;top&quot;,&quot;ignore&quot;:&quot;&quot;,&quot;reference&quot;:&quot;auto&quot;,&quot;class&quot;:&quot;&quot;,&quot;count&quot;:&quot;5&quot;,&quot;legendonly&quot;:&quot;&quot;,&quot;readonly&quot;:&quot;&quot;,&quot;score&quot;:&quot;4.7&quot;,&quot;starsonly&quot;:&quot;&quot;,&quot;best&quot;:&quot;5&quot;,&quot;gap&quot;:&quot;5&quot;,&quot;greet&quot;:&quot;Rate this product&quot;,&quot;legend&quot;:&quot;4.7\\\/5 - (5 votes)&quot;,&quot;size&quot;:&quot;24&quot;,&quot;title&quot;:&quot;Automatic Almond Strips | Peanut Strip Cutting Machine&quot;,&quot;width&quot;:&quot;133.8&quot;,&quot;_legend&quot;:&quot;{score}\\\/{best} - ({count} {votes})&quot;,&quot;font_factor&quot;:&quot;1.25&quot;}'>              <div class=\"kksr-stars\">      <div class=\"kksr-stars-inactive\">             <div class=\"kksr-star\" data-star=\"1\" style=\"padding-right: 5px\">               <div class=\"kksr-icon\" style=\"width: 24px; height: 24px;\"><\/div>         <\/div>             <div class=\"kksr-star\" data-star=\"2\" style=\"padding-right: 5px\">               <div class=\"kksr-icon\" style=\"width: 24px; height: 24px;\"><\/div>         <\/div>             <div class=\"kksr-star\" data-star=\"3\" style=\"padding-right: 5px\">               <div class=\"kksr-icon\" style=\"width: 24px; height: 24px;\"><\/div>         <\/div>             <div class=\"kksr-star\" data-star=\"4\" style=\"padding-right: 5px\">               <div class=\"kksr-icon\" style=\"width: 24px; height: 24px;\"><\/div>         <\/div>             <div class=\"kksr-star\" data-star=\"5\" style=\"padding-right: 5px\">               <div class=\"kksr-icon\" style=\"width: 24px; height: 24px;\"><\/div>         <\/div>     <\/div>      <div class=\"kksr-stars-active\" style=\"width: 133.8px;\">             <div class=\"kksr-star\" style=\"padding-right: 5px\">               <div class=\"kksr-icon\" style=\"width: 24px; height: 24px;\"><\/div>         <\/div>             <div class=\"kksr-star\" style=\"padding-right: 5px\">               <div class=\"kksr-icon\" style=\"width: 24px; height: 24px;\"><\/div>         <\/div>             <div class=\"kksr-star\" style=\"padding-right: 5px\">               <div class=\"kksr-icon\" style=\"width: 24px; height: 24px;\"><\/div>         <\/div>             <div class=\"kksr-star\" style=\"padding-right: 5px\">               <div class=\"kksr-icon\" style=\"width: 24px; height: 24px;\"><\/div>         <\/div>             <div class=\"kksr-star\" style=\"padding-right: 5px\">               <div class=\"kksr-icon\" style=\"width: 24px; height: 24px;\"><\/div>         <\/div>     <\/div> <\/div>                   <div class=\"kksr-legend\" style=\"font-size: 19.2px;\">             4,7\/5 - (5 votes)    <\/div>     <\/div>  <p>La machine \u00e0 couper les bandes de cacahu\u00e8tes est sp\u00e9cialement con\u00e7ue pour trancher les cacahu\u00e8tes en deux et diverses autres noix. La machine coupe les noix en deux en bandes uniformes avec des bords lisses, minimisant la casse et le gaspillage tout en augmentant consid\u00e9rablement l'efficacit\u00e9 de la production. Enti\u00e8rement en acier inoxydable, elle est durable, r\u00e9sistante \u00e0 la rouille, et conforme aux normes d'hygi\u00e8ne alimentaire, garantissant des produits tranch\u00e9s propres et sains.<\/p>    <p>Son design enti\u00e8rement automatique simplifie non seulement l'op\u00e9ration manuelle mais aussi permet d'\u00e9conomiser du temps et de la main-d'\u0153uvre. Elle convient \u00e0 diverses applications, notamment les usines de snacks, les ateliers de boulangerie, les p\u00e2tisseries, les glaciers, et les installations de production d'assaisonnements.<\/p>    <figure class=\"wp-block-embed aligncenter is-type-video is-provider-youtube wp-block-embed-youtube wp-embed-aspect-16-9 wp-has-aspect-ratio\"><div class=\"wp-block-embed__wrapper\"> <iframe loading=\"lazy\" title=\"Peanut &amp; Nut Strip Cutting Machine | Clean and Precise Cutting Demo#peanut #nutmachine\" width=\"500\" height=\"281\" src=\"https:\/\/www.youtube.com\/embed\/6tw9p5HmVnk?feature=oembed\" frameborder=\"0\" allow=\"accelerometer; autoplay; clipboard-write; encrypted-media; gyroscope; picture-in-picture; web-share\" referrerpolicy=\"strict-origin-when-cross-origin\" allowfullscreen><\/iframe> <\/div><figcaption class=\"wp-element-caption\">Vid\u00e9o de fonctionnement de la machine automatique de coupe de bandes de cacahu\u00e8tes<\/figcaption><\/figure>    <h2 class=\"wp-block-heading\">Donn\u00e9es techniques de la machine de coupe de bandes de cacahu\u00e8tes<\/h2>    <figure class=\"wp-block-table is-style-stripes\"><table class=\"has-fixed-layout\"><tbody><tr><td><strong>Param\u00e8tre<\/strong><\/td><td><strong>Machine de coupe de bandes de cacahu\u00e8tes<\/strong><\/td><\/tr><tr><td>Dimensions<\/td><td>1300 \u00d7 750 \u00d7 1400 mm<\/td><\/tr><tr><td>Poids<\/td><td>200 kg<\/td><\/tr><tr><td>Pouvoir<\/td><td>1 KW<\/td><\/tr><tr><td>Capacit\u00e9<\/td><td>100 kg\/h<\/td><\/tr><tr><td>\u00c9paisseur des bandes<\/td><td>3\u20135 mm<\/td><\/tr><tr><td>Mat\u00e9riaux appropri\u00e9s<\/td><td>Cacahu\u00e8tes, amandes, pistaches, noix, et autres noix en demi-coques<\/td><\/tr><tr><td>Mat\u00e9riel<\/td><td>En acier inoxydable complet<\/td><\/tr><\/tbody><\/table><figcaption class=\"wp-element-caption\">Param\u00e8tres de la machine de coupe automatique de bandes de cacahu\u00e8tes<\/figcaption><\/figure>    <h2 class=\"wp-block-heading\">Applications de la machine commerciale \u00e0 \u00e9clats de noix<\/h2>    <ul class=\"wp-block-list\"> <li>Usine de snacks : utilis\u00e9e pour couper les cacahu\u00e8tes, amandes, et autres noix afin de produire des bonbons, snacks, et m\u00e9langes de noix.<\/li>    <li>Usine de boulangerie et de p\u00e2tisserie : les noix tranch\u00e9es peuvent servir de d\u00e9coration et de garniture dans les g\u00e2teaux, biscuits, pains, et autres produits de boulangerie.<\/li>    <li>Magasins de glaces et de desserts : les bandes de noix servent de garnitures pour les glaces et desserts, am\u00e9liorant l'aspect visuel et la texture.<\/li>    <li>Usines de condiments et de sauces : les noix tranch\u00e9es sont incorpor\u00e9es dans les sauces d'assaisonnement, les vinaigrettes, et les beurres de noix.<\/li>    <li>Cha\u00eenes de restaurants et points de restauration rapide : les noix tranch\u00e9es servent d'ingr\u00e9dients ou de garnitures pour rehausser la valeur du plat.<\/li>    <li>Entreprises de cadeaux et d'emballage de noix : les noix tranch\u00e9es sont emball\u00e9es dans des bo\u00eetes cadeaux, des packs de snacks sains, ou des assortiments de noix.<\/li> <\/ul>    <figure class=\"wp-block-gallery has-nested-images columns-default is-cropped wp-block-gallery-2 is-layout-flex wp-block-gallery-is-layout-flex\"> <figure class=\"wp-block-image size-large\"><img loading=\"lazy\" decoding=\"async\" width=\"720\" height=\"540\" data-id=\"1062\" src=\"https:\/\/www.peanuts-machine.com\/wp-content\/uploads\/2026\/01\/peanut-strips-finished-product.webp\" alt=\"Produit fini de bandes de cacahu\u00e8tes\" class=\"wp-image-1062\" title=\"\" srcset=\"https:\/\/www.peanuts-machine.com\/wp-content\/uploads\/2026\/01\/peanut-strips-finished-product.webp 720w, https:\/\/www.peanuts-machine.com\/wp-content\/uploads\/2026\/01\/peanut-strips-finished-product-300x225.webp 300w, https:\/\/www.peanuts-machine.com\/wp-content\/uploads\/2026\/01\/peanut-strips-finished-product-16x12.webp 16w\" sizes=\"auto, (max-width: 720px) 100vw, 720px\" \/><figcaption class=\"wp-element-caption\">Produit fini de bandes de cacahu\u00e8tes<\/figcaption><\/figure>    <figure class=\"wp-block-image size-large\"><img loading=\"lazy\" decoding=\"async\" width=\"720\" height=\"540\" data-id=\"1061\" src=\"https:\/\/www.peanuts-machine.com\/wp-content\/uploads\/2026\/01\/almond-strips-finished-product.webp\" alt=\"Produit fini de bandes d&#039;amandes\" class=\"wp-image-1061\" title=\"\" srcset=\"https:\/\/www.peanuts-machine.com\/wp-content\/uploads\/2026\/01\/almond-strips-finished-product.webp 720w, https:\/\/www.peanuts-machine.com\/wp-content\/uploads\/2026\/01\/almond-strips-finished-product-300x225.webp 300w, https:\/\/www.peanuts-machine.com\/wp-content\/uploads\/2026\/01\/almond-strips-finished-product-16x12.webp 16w\" sizes=\"auto, (max-width: 720px) 100vw, 720px\" \/><figcaption class=\"wp-element-caption\">Produit fini de bandes d'amandes<\/figcaption><\/figure> <\/figure>    <h2 class=\"wp-block-heading\">Structure de la coupeuse automatique de bandes de cacahu\u00e8tes<\/h2>    <p>Les composants principaux de la machine \u00e0 couper les cacahu\u00e8tes sont :<\/p>    <ul class=\"wp-block-list\"> <li>Tr\u00e9mie : contient les mati\u00e8res premi\u00e8res de noix en demi-coque pour assurer un approvisionnement continu.<\/li>    <li>Vibrateur : transporte uniform\u00e9ment les mati\u00e8res premi\u00e8res vers les lames de coupe, am\u00e9liorant l'efficacit\u00e9 de la coupe.<\/li>    <li>Lames de coupe et rouleaux : les lames tranchent les noix en bandes uniformes.<\/li>    <li>Section de convoyage et de d\u00e9charge : les noix tranch\u00e9es sont collect\u00e9es via un tapis roulant ou un \u00e9cran. Les bords sont liss\u00e9s, et les petites d\u00e9bris ou impuret\u00e9s sont automatiquement \u00e9limin\u00e9s.<\/li> <\/ul>    <h2 class=\"wp-block-heading\">Principe de fonctionnement de la machine de coupe de bandes de cacahu\u00e8tes<\/h2>    <ol class=\"wp-block-list\"> <li>Une moiti\u00e9 de cacahu\u00e8te ou autre noix entre dans le tr\u00e9mie, s'aligne uniform\u00e9ment via le vibrateur, puis passe \u00e0 la zone de coupe.<\/li>    <li>Sous l'action des rouleaux de coupe, les lames tranchent les noix dans le sens de la longueur en bandes.<\/li>    <li>Les bandes de noix coup\u00e9es sont automatiquement d\u00e9charg\u00e9es par la sortie et filtr\u00e9es \u00e0 travers un \u00e9cran pour \u00e9liminer les particules cass\u00e9es et les impuret\u00e9s.<\/li> <\/ol>    <figure class=\"wp-block-gallery has-nested-images columns-default is-cropped wp-block-gallery-3 is-layout-flex wp-block-gallery-is-layout-flex\"> <figure class=\"wp-block-image size-large\"><img loading=\"lazy\" decoding=\"async\" width=\"720\" height=\"540\" data-id=\"1063\" src=\"https:\/\/www.peanuts-machine.com\/wp-content\/uploads\/2026\/01\/automatic-peanut-strip-cutter.webp\" alt=\"Coupeur automatique de bandes de cacahu\u00e8tes\" class=\"wp-image-1063\" title=\"\" srcset=\"https:\/\/www.peanuts-machine.com\/wp-content\/uploads\/2026\/01\/automatic-peanut-strip-cutter.webp 720w, https:\/\/www.peanuts-machine.com\/wp-content\/uploads\/2026\/01\/automatic-peanut-strip-cutter-300x225.webp 300w, https:\/\/www.peanuts-machine.com\/wp-content\/uploads\/2026\/01\/automatic-peanut-strip-cutter-16x12.webp 16w\" sizes=\"auto, (max-width: 720px) 100vw, 720px\" \/><figcaption class=\"wp-element-caption\">Coupeur automatique de bandes de cacahu\u00e8tes<\/figcaption><\/figure>    <figure class=\"wp-block-image size-large\"><img loading=\"lazy\" decoding=\"async\" width=\"720\" height=\"540\" data-id=\"1064\" src=\"https:\/\/www.peanuts-machine.com\/wp-content\/uploads\/2026\/01\/peanut-strip-cutting-machine.webp\" alt=\"Machine de coupe de bandes de cacahu\u00e8tes\" class=\"wp-image-1064\" title=\"\" srcset=\"https:\/\/www.peanuts-machine.com\/wp-content\/uploads\/2026\/01\/peanut-strip-cutting-machine.webp 720w, https:\/\/www.peanuts-machine.com\/wp-content\/uploads\/2026\/01\/peanut-strip-cutting-machine-300x225.webp 300w, https:\/\/www.peanuts-machine.com\/wp-content\/uploads\/2026\/01\/peanut-strip-cutting-machine-16x12.webp 16w\" sizes=\"auto, (max-width: 720px) 100vw, 720px\" \/><figcaption class=\"wp-element-caption\">Machine de coupe de bandes de cacahu\u00e8tes<\/figcaption><\/figure> <\/figure>    <p>La vitesse d'alimentation et la rotation des lames sont contr\u00f4l\u00e9es par un moteur \u00e0 vitesse variable pour assurer une coupe uniforme et compl\u00e8te des bandes.<\/p>    <h2 class=\"wp-block-heading\">Avantages de la machine de d\u00e9coupe d'amandes en bandes<\/h2>    <ul class=\"wp-block-list\"> <li>Construction enti\u00e8rement en acier inoxydable : durable, r\u00e9sistant \u00e0 la rouille, et conforme aux normes d'hygi\u00e8ne alimentaire.<\/li>    <li>Production \u00e0 haute efficacit\u00e9 : m\u00e9canisme d'alimentation vibrante associ\u00e9 \u00e0 des lames \u00e0 haute vitesse pour une coupe rapide, un rendement \u00e9lev\u00e9, et des \u00e9conomies de main-d'\u0153uvre.<\/li>    <li>Tranchage coh\u00e9rent : l'\u00e9paisseur r\u00e9glable garantit une taille uniforme des bandes, minimisant le gaspillage.<\/li>    <li>Application polyvalente : au-del\u00e0 des cacahu\u00e8tes, elle coupe sans effort les amandes, pistaches, noix de cajou, noix, et autres noix avec un simple remplacement de lame.<\/li>    <li>Op\u00e9ration simple : chargez manuellement les ingr\u00e9dients dans la tr\u00e9mie ; la machine effectue automatiquement la coupe et la collecte.<\/li>    <li>Facilit\u00e9 de nettoyage et d'entretien : les lames et sections de convoyeur amovibles facilitent le nettoyage quotidien et l'entretien.<\/li> <\/ul>    <figure class=\"wp-block-gallery has-nested-images columns-default is-cropped wp-block-gallery-4 is-layout-flex wp-block-gallery-is-layout-flex\"> <figure class=\"wp-block-image size-large\"><img loading=\"lazy\" decoding=\"async\" width=\"720\" height=\"540\" data-id=\"1065\" src=\"https:\/\/www.peanuts-machine.com\/wp-content\/uploads\/2026\/01\/almond-strip-cutting-machine.webp\" alt=\"Machine de d\u00e9coupe d&#039;amandes en bandes\" class=\"wp-image-1065\" title=\"\" srcset=\"https:\/\/www.peanuts-machine.com\/wp-content\/uploads\/2026\/01\/almond-strip-cutting-machine.webp 720w, https:\/\/www.peanuts-machine.com\/wp-content\/uploads\/2026\/01\/almond-strip-cutting-machine-300x225.webp 300w, https:\/\/www.peanuts-machine.com\/wp-content\/uploads\/2026\/01\/almond-strip-cutting-machine-16x12.webp 16w\" sizes=\"auto, (max-width: 720px) 100vw, 720px\" \/><figcaption class=\"wp-element-caption\">Machine de d\u00e9coupe d'amandes en bandes<\/figcaption><\/figure>    <figure class=\"wp-block-image size-large\"><img loading=\"lazy\" decoding=\"async\" width=\"720\" height=\"540\" data-id=\"1066\" src=\"https:\/\/www.peanuts-machine.com\/wp-content\/uploads\/2026\/01\/high-efficiency-pistachio-cutter.webp\" alt=\"Coupeur de pistaches \u00e0 haute efficacit\u00e9\" class=\"wp-image-1066\" title=\"\" srcset=\"https:\/\/www.peanuts-machine.com\/wp-content\/uploads\/2026\/01\/high-efficiency-pistachio-cutter.webp 720w, https:\/\/www.peanuts-machine.com\/wp-content\/uploads\/2026\/01\/high-efficiency-pistachio-cutter-300x225.webp 300w, https:\/\/www.peanuts-machine.com\/wp-content\/uploads\/2026\/01\/high-efficiency-pistachio-cutter-16x12.webp 16w\" sizes=\"auto, (max-width: 720px) 100vw, 720px\" \/><figcaption class=\"wp-element-caption\">Coupeur de pistaches \u00e0 haute efficacit\u00e9<\/figcaption><\/figure> <\/figure>    <p>La machine \u00e0 couper les bandes de cacahu\u00e8tes offre une haute efficacit\u00e9, une stabilit\u00e9, et une op\u00e9ration facile avec un design hygi\u00e9nique en acier inoxydable complet, ce qui en fait la solution id\u00e9ale pour le traitement des noix, la boulangerie, les snacks, et l'industrie des desserts. Que ce soit pour une production \u00e0 grande \u00e9chelle ou pour de petits ateliers, elle am\u00e9liore consid\u00e9rablement l'efficacit\u00e9 de la coupe et garantit une qualit\u00e9 de produit constante.<\/p>    <p class=\"translation-block\">De plus, nous proposons d'autres \u00e9quipements de traitement des noix, tels que <strong><em><a href=\"https:\/\/www.peanuts-machine.com\/fr\/product\/peanut-crushing-machine\/\">machines de concassage de noix de cajou<\/a><\/em><\/strong> et <strong><em><a href=\"https:\/\/www.peanuts-machine.com\/fr\/product\/almond-slicer\/\">d\u00e9coupeuses d'amandes<\/a><\/em><\/strong>. Choisissez nos machines pour rendre votre traitement des noix plus rapide, plus pr\u00e9cis et plus efficace !<\/p>","protected":false},"excerpt":{"rendered":"<p>La machine de d\u00e9coupe de bandes de cacahu\u00e8tes convient aux cacahu\u00e8tes en demi-coquille, aux amandes, aux pistaches et \u00e0 des noix similaires. Elle est largement utilis\u00e9e dans la transformation de snacks, produits de boulangerie, desserts et condiments.<\/p>","protected":false},"author":1,"featured_media":1067,"parent":0,"template":"","tags":[56,36],"product-type":[55,46],"class_list":["post-1056","product","type-product","status-publish","has-post-thumbnail","hentry","tag-nut","tag-peanut","product-type-peanut-cutting-machine","product-type-products"],"_links":{"self":[{"href":"https:\/\/www.peanuts-machine.com\/fr\/wp-json\/wp\/v2\/product\/1056","targetHints":{"allow":["GET"]}}],"collection":[{"href":"https:\/\/www.peanuts-machine.com\/fr\/wp-json\/wp\/v2\/product"}],"about":[{"href":"https:\/\/www.peanuts-machine.com\/fr\/wp-json\/wp\/v2\/types\/product"}],"author":[{"embeddable":true,"href":"https:\/\/www.peanuts-machine.com\/fr\/wp-json\/wp\/v2\/users\/1"}],"wp:featuredmedia":[{"embeddable":true,"href":"https:\/\/www.peanuts-machine.com\/fr\/wp-json\/wp\/v2\/media\/1067"}],"wp:attachment":[{"href":"https:\/\/www.peanuts-machine.com\/fr\/wp-json\/wp\/v2\/media?parent=1056"}],"wp:term":[{"taxonomy":"post_tag","embeddable":true,"href":"https:\/\/www.peanuts-machine.com\/fr\/wp-json\/wp\/v2\/tags?post=1056"},{"taxonomy":"product-type","embeddable":true,"href":"https:\/\/www.peanuts-machine.com\/fr\/wp-json\/wp\/v2\/product-type?post=1056"}],"curies":[{"name":"wp","href":"https:\/\/api.w.org\/{rel}","templated":true}]}}