{"id":1069,"date":"2026-01-19T14:59:01","date_gmt":"2026-01-19T06:59:01","guid":{"rendered":"https:\/\/www.peanuts-machine.com\/?post_type=product&#038;p=1069"},"modified":"2026-01-19T14:59:01","modified_gmt":"2026-01-19T06:59:01","slug":"peanut-powder-milling-machine","status":"publish","type":"product","link":"https:\/\/www.peanuts-machine.com\/fr\/product\/peanut-powder-milling-machine\/","title":{"rendered":"Machine de broyage de la poudre de cacahu\u00e8te | Machine \u00e0 grinder la farine de noix"},"content":{"rendered":"<div class=\"kk-star-ratings kksr-auto kksr-align-left kksr-valign-top\"     data-payload='{&quot;align&quot;:&quot;left&quot;,&quot;id&quot;:&quot;1069&quot;,&quot;slug&quot;:&quot;default&quot;,&quot;valign&quot;:&quot;top&quot;,&quot;ignore&quot;:&quot;&quot;,&quot;reference&quot;:&quot;auto&quot;,&quot;class&quot;:&quot;&quot;,&quot;count&quot;:&quot;19&quot;,&quot;legendonly&quot;:&quot;&quot;,&quot;readonly&quot;:&quot;&quot;,&quot;score&quot;:&quot;4.7&quot;,&quot;starsonly&quot;:&quot;&quot;,&quot;best&quot;:&quot;5&quot;,&quot;gap&quot;:&quot;5&quot;,&quot;greet&quot;:&quot;Rate this product&quot;,&quot;legend&quot;:&quot;4.7\\\/5 - (19 votes)&quot;,&quot;size&quot;:&quot;24&quot;,&quot;title&quot;:&quot;Peanut Powder Milling Machine | Nut Flour Grinder Machine&quot;,&quot;width&quot;:&quot;133.8&quot;,&quot;_legend&quot;:&quot;{score}\\\/{best} - ({count} {votes})&quot;,&quot;font_factor&quot;:&quot;1.25&quot;}'>              <div class=\"kksr-stars\">      <div class=\"kksr-stars-inactive\">             <div class=\"kksr-star\" data-star=\"1\" style=\"padding-right: 5px\">               <div class=\"kksr-icon\" style=\"width: 24px; height: 24px;\"><\/div>         <\/div>             <div class=\"kksr-star\" data-star=\"2\" style=\"padding-right: 5px\">               <div class=\"kksr-icon\" style=\"width: 24px; height: 24px;\"><\/div>         <\/div>             <div class=\"kksr-star\" data-star=\"3\" style=\"padding-right: 5px\">               <div class=\"kksr-icon\" style=\"width: 24px; height: 24px;\"><\/div>         <\/div>             <div class=\"kksr-star\" data-star=\"4\" style=\"padding-right: 5px\">               <div class=\"kksr-icon\" style=\"width: 24px; height: 24px;\"><\/div>         <\/div>             <div class=\"kksr-star\" data-star=\"5\" style=\"padding-right: 5px\">               <div class=\"kksr-icon\" style=\"width: 24px; height: 24px;\"><\/div>         <\/div>     <\/div>      <div class=\"kksr-stars-active\" style=\"width: 133.8px;\">             <div class=\"kksr-star\" style=\"padding-right: 5px\">               <div class=\"kksr-icon\" style=\"width: 24px; height: 24px;\"><\/div>         <\/div>             <div class=\"kksr-star\" style=\"padding-right: 5px\">               <div class=\"kksr-icon\" style=\"width: 24px; height: 24px;\"><\/div>         <\/div>             <div class=\"kksr-star\" style=\"padding-right: 5px\">               <div class=\"kksr-icon\" style=\"width: 24px; height: 24px;\"><\/div>         <\/div>             <div class=\"kksr-star\" style=\"padding-right: 5px\">               <div class=\"kksr-icon\" style=\"width: 24px; height: 24px;\"><\/div>         <\/div>             <div class=\"kksr-star\" style=\"padding-right: 5px\">               <div class=\"kksr-icon\" style=\"width: 24px; height: 24px;\"><\/div>         <\/div>     <\/div> <\/div>                   <div class=\"kksr-legend\" style=\"font-size: 19.2px;\">             4,7\/5 - (19 votes)    <\/div>     <\/div>  <p>La machine de mouture de la poudre d'arachide est un appareil \u00e0 haute efficacit\u00e9 sp\u00e9cialement con\u00e7u pour moudre et traiter les arachides et autres graines ol\u00e9agineuses. Cette machine est facile \u00e0 utiliser et r\u00e9alise le processus de broyage en une seule \u00e9tape sans produire de r\u00e9sidus gras. Avec une capacit\u00e9 de production de 200-600kg\/h, elle convient \u00e0 la production commerciale et industrielle.<\/p>    <p>L'\u00e9quipement pr\u00e9sente une r\u00e9sistance \u00e0 la corrosion et une durabilit\u00e9, garantissant hygi\u00e8ne et s\u00e9curit\u00e9. Il peut accueillir diverses mati\u00e8res premi\u00e8res, notamment arachides, graines de s\u00e9same, amandes, noix, grains de caf\u00e9 et f\u00e8ves de cacao. Gr\u00e2ce \u00e0 un design de coupe multi-\u00e9tapes et de broyage par rouleau, il peut traiter les mat\u00e9riaux en poudre fine ou en particules grossi\u00e8res, r\u00e9pondant \u00e0 diverses exigences de production.<\/p>    <figure class=\"wp-block-embed aligncenter is-type-video is-provider-youtube wp-block-embed-youtube wp-embed-aspect-16-9 wp-has-aspect-ratio\"><div class=\"wp-block-embed__wrapper\"> <iframe loading=\"lazy\" title=\"Peanut &amp; Nut Milling Machine | Fast and Uniform Nut Powder Processing#nutmachine #peanut\" width=\"500\" height=\"281\" src=\"https:\/\/www.youtube.com\/embed\/vIoXX090j0M?feature=oembed\" frameborder=\"0\" allow=\"accelerometer; autoplay; clipboard-write; encrypted-media; gyroscope; picture-in-picture; web-share\" referrerpolicy=\"strict-origin-when-cross-origin\" allowfullscreen><\/iframe> <\/div><figcaption class=\"wp-element-caption\">Vid\u00e9o de fonctionnement de la machine de mouture de poudre d'arachide<\/figcaption><\/figure>    <h2 class=\"wp-block-heading\">Sp\u00e9cifications du moulin \u00e0 poudre d'arachide<\/h2>    <figure class=\"wp-block-table is-style-stripes\"><table class=\"has-fixed-layout\"><tbody><tr><td><strong>Param\u00e8tre<\/strong><\/td><td><strong>Moulin \u00e0 arachide<\/strong><\/td><\/tr><tr><td>Pouvoir<\/td><td>3 KW<\/td><\/tr><tr><td>Capacit\u00e9<\/td><td>200-600 kg\/h<\/td><\/tr><tr><td>Dimensions<\/td><td>1200 x 1050 x 1400 (1700) mm<\/td><\/tr><tr><td>Tension<\/td><td>380 V<\/td><\/tr><tr><td>Fr\u00e9quence<\/td><td>50 Hz<\/td><\/tr><tr><td>Mat\u00e9riel<\/td><td>Acier inoxydable 304<\/td><\/tr><tr><td>Finesse r\u00e9glable<\/td><td>Maillage 10-80 (poudre), 3-6 mm (granul\u00e9s)<\/td><\/tr><tr><td>Mat\u00e9riaux applicables<\/td><td>Arachide, s\u00e9same, amande, noix, soja, caf\u00e9, f\u00e8ves de cacao<\/td><\/tr><\/tbody><\/table><figcaption class=\"wp-element-caption\">Param\u00e8tres techniques de la machine \u00e0 moudre la poudre d'arachide<\/figcaption><\/figure>    <figure class=\"wp-block-gallery has-nested-images columns-default is-cropped wp-block-gallery-2 is-layout-flex wp-block-gallery-is-layout-flex\"> <figure class=\"wp-block-image size-large\"><img loading=\"lazy\" decoding=\"async\" width=\"720\" height=\"540\" data-id=\"1073\" src=\"https:\/\/www.peanuts-machine.com\/wp-content\/uploads\/2026\/01\/high-output-peanut-grinder.webp\" alt=\"Broyeur d&#039;arachide \u00e0 haute capacit\u00e9\" class=\"wp-image-1073\" title=\"\" srcset=\"https:\/\/www.peanuts-machine.com\/wp-content\/uploads\/2026\/01\/high-output-peanut-grinder.webp 720w, https:\/\/www.peanuts-machine.com\/wp-content\/uploads\/2026\/01\/high-output-peanut-grinder-300x225.webp 300w, https:\/\/www.peanuts-machine.com\/wp-content\/uploads\/2026\/01\/high-output-peanut-grinder-16x12.webp 16w\" sizes=\"auto, (max-width: 720px) 100vw, 720px\" \/><figcaption class=\"wp-element-caption\">Broyeur d'arachide \u00e0 haute capacit\u00e9<\/figcaption><\/figure>    <figure class=\"wp-block-image size-large\"><img loading=\"lazy\" decoding=\"async\" width=\"720\" height=\"540\" data-id=\"1074\" src=\"https:\/\/www.peanuts-machine.com\/wp-content\/uploads\/2026\/01\/peanut-powder-grinder.webp\" alt=\"Broyeur de poudre d&#039;arachide\" class=\"wp-image-1074\" title=\"\" srcset=\"https:\/\/www.peanuts-machine.com\/wp-content\/uploads\/2026\/01\/peanut-powder-grinder.webp 720w, https:\/\/www.peanuts-machine.com\/wp-content\/uploads\/2026\/01\/peanut-powder-grinder-300x225.webp 300w, https:\/\/www.peanuts-machine.com\/wp-content\/uploads\/2026\/01\/peanut-powder-grinder-16x12.webp 16w\" sizes=\"auto, (max-width: 720px) 100vw, 720px\" \/><figcaption class=\"wp-element-caption\">Broyeur de poudre d'arachide<\/figcaption><\/figure> <\/figure>    <h2 class=\"wp-block-heading\">Applications de la machine de mouture de poudre d'arachide<\/h2>    <p>Le moulin \u00e0 farine d'arachide convient pour moudre diverses graines ol\u00e9agineuses et c\u00e9r\u00e9ales, et peut \u00eatre utilis\u00e9 pour :<\/p>    <ul class=\"wp-block-list\"> <li>Broyer les arachides, graines de s\u00e9same, amandes, noix, soja et autres noix et cultures ol\u00e9agineuses en poudre ou en granul\u00e9s.<\/li>    <li>Produire de la farine d'arachide, de s\u00e9same, de noix, et d'autres ingr\u00e9dients pour l'industrie alimentaire.<\/li>    <li>Traitement continu dans les usines commerciales et \u00e0 petite \u00e9chelle.<\/li>    <li>Sc\u00e9narios de traitement alimentaire \u00e0 haut rendement et en grande quantit\u00e9 pour \u00e9viter l'oxydation due \u00e0 un stockage prolong\u00e9.<\/li> <\/ul>    <p>Cette machine de mouture de poudre d'arachide offre une grande polyvalence et flexibilit\u00e9 pour une utilisation r\u00e9pandue dans les industries alimentaires, de la boulangerie, de l'assaisonnement et des snacks.<\/p>    <figure class=\"wp-block-gallery has-nested-images columns-default is-cropped wp-block-gallery-3 is-layout-flex wp-block-gallery-is-layout-flex\"> <figure class=\"wp-block-image size-large\"><img loading=\"lazy\" decoding=\"async\" width=\"720\" height=\"540\" data-id=\"1076\" src=\"https:\/\/www.peanuts-machine.com\/wp-content\/uploads\/2026\/01\/peanut-sesame-powder-mill.webp\" alt=\"moulin \u00e0 poudre de s\u00e9same et d&#039;arachide\" class=\"wp-image-1076\" title=\"\" srcset=\"https:\/\/www.peanuts-machine.com\/wp-content\/uploads\/2026\/01\/peanut-sesame-powder-mill.webp 720w, https:\/\/www.peanuts-machine.com\/wp-content\/uploads\/2026\/01\/peanut-sesame-powder-mill-300x225.webp 300w, https:\/\/www.peanuts-machine.com\/wp-content\/uploads\/2026\/01\/peanut-sesame-powder-mill-16x12.webp 16w\" sizes=\"auto, (max-width: 720px) 100vw, 720px\" \/><figcaption class=\"wp-element-caption\">moulin \u00e0 poudre de s\u00e9same et d'arachide<\/figcaption><\/figure>    <figure class=\"wp-block-image size-large\"><img loading=\"lazy\" decoding=\"async\" width=\"720\" height=\"540\" data-id=\"1075\" src=\"https:\/\/www.peanuts-machine.com\/wp-content\/uploads\/2026\/01\/peanut-powder-milling-machine.webp\" alt=\"machine de mouture de poudre d&#039;arachide\" class=\"wp-image-1075\" title=\"\" srcset=\"https:\/\/www.peanuts-machine.com\/wp-content\/uploads\/2026\/01\/peanut-powder-milling-machine.webp 720w, https:\/\/www.peanuts-machine.com\/wp-content\/uploads\/2026\/01\/peanut-powder-milling-machine-300x225.webp 300w, https:\/\/www.peanuts-machine.com\/wp-content\/uploads\/2026\/01\/peanut-powder-milling-machine-16x12.webp 16w\" sizes=\"auto, (max-width: 720px) 100vw, 720px\" \/><figcaption class=\"wp-element-caption\">machine de mouture de poudre d'arachide<\/figcaption><\/figure> <\/figure>    <figure class=\"wp-block-gallery has-nested-images columns-default is-cropped wp-block-gallery-4 is-layout-flex wp-block-gallery-is-layout-flex\"> <figure class=\"wp-block-image size-large\"><img loading=\"lazy\" decoding=\"async\" width=\"720\" height=\"540\" data-id=\"1077\" src=\"https:\/\/www.peanuts-machine.com\/wp-content\/uploads\/2026\/01\/nut-flour.webp\" alt=\"farine de noix\" class=\"wp-image-1077\" title=\"\" srcset=\"https:\/\/www.peanuts-machine.com\/wp-content\/uploads\/2026\/01\/nut-flour.webp 720w, https:\/\/www.peanuts-machine.com\/wp-content\/uploads\/2026\/01\/nut-flour-300x225.webp 300w, https:\/\/www.peanuts-machine.com\/wp-content\/uploads\/2026\/01\/nut-flour-16x12.webp 16w\" sizes=\"auto, (max-width: 720px) 100vw, 720px\" \/><figcaption class=\"wp-element-caption\">farine de noix<\/figcaption><\/figure>    <figure class=\"wp-block-image size-large\"><img loading=\"lazy\" decoding=\"async\" width=\"720\" height=\"540\" data-id=\"1078\" src=\"https:\/\/www.peanuts-machine.com\/wp-content\/uploads\/2026\/01\/nut-powder.webp\" alt=\"poudre de noix\" class=\"wp-image-1078\" title=\"\" srcset=\"https:\/\/www.peanuts-machine.com\/wp-content\/uploads\/2026\/01\/nut-powder.webp 720w, https:\/\/www.peanuts-machine.com\/wp-content\/uploads\/2026\/01\/nut-powder-300x225.webp 300w, https:\/\/www.peanuts-machine.com\/wp-content\/uploads\/2026\/01\/nut-powder-16x12.webp 16w\" sizes=\"auto, (max-width: 720px) 100vw, 720px\" \/><figcaption class=\"wp-element-caption\">poudre de noix<\/figcaption><\/figure> <\/figure>    <h2 class=\"wp-block-heading\">Principe de fonctionnement du moulin \u00e0 farine de noix et graines<\/h2>    <p>La machine de mouture de poudre d'arachide se compose d'un coupe-hob secondaire et d'un rouleau de broyage principal :<\/p>    <ol class=\"wp-block-list\"> <li>Les mati\u00e8res premi\u00e8res subissent d'abord un \u00e9pluchage et un torr\u00e9faction avant d'entrer dans le corps de la machine.<\/li>    <li>La d\u00e9coupe pr\u00e9liminaire est effectu\u00e9e par la rotation \u00e0 haute vitesse du coupe-hob.<\/li>    <li>Le rouleau de broyage r\u00e9alise ensuite un traitement en poudre fine par compression roul\u00e9e.<\/li>    <li>L'\u00e9cart entre le rouleau de broyage et le coupe-hob est r\u00e9glable pour obtenir diff\u00e9rentes tailles de particules : des granul\u00e9s grossiers (3-6mm) \u00e0 la poudre fine (maillage 40-60).<\/li>    <li>L'utilisation uniquement du coupe-hob sans le rouleau de broyage produit des produits granulaires.<\/li> <\/ol>    <p>Le fonctionnement de l'ensemble de la machine est fluide avec un faible bruit. La transformation ne g\u00e9n\u00e8re pas d'huile et emp\u00eache la mati\u00e8re premi\u00e8re de coller \u00e0 la machine.<\/p>    <figure class=\"wp-block-gallery has-nested-images columns-default is-cropped wp-block-gallery-5 is-layout-flex wp-block-gallery-is-layout-flex\"> <figure class=\"wp-block-image size-large\"><img loading=\"lazy\" decoding=\"async\" width=\"720\" height=\"540\" data-id=\"1079\" src=\"https:\/\/www.peanuts-machine.com\/wp-content\/uploads\/2026\/01\/nut-powder-milling-machine.webp\" alt=\"machine de mouture de poudre de noix\" class=\"wp-image-1079\" title=\"\" srcset=\"https:\/\/www.peanuts-machine.com\/wp-content\/uploads\/2026\/01\/nut-powder-milling-machine.webp 720w, https:\/\/www.peanuts-machine.com\/wp-content\/uploads\/2026\/01\/nut-powder-milling-machine-300x225.webp 300w, https:\/\/www.peanuts-machine.com\/wp-content\/uploads\/2026\/01\/nut-powder-milling-machine-16x12.webp 16w\" sizes=\"auto, (max-width: 720px) 100vw, 720px\" \/><figcaption class=\"wp-element-caption\">machine de mouture de poudre de noix<\/figcaption><\/figure>    <figure class=\"wp-block-image size-large\"><img loading=\"lazy\" decoding=\"async\" width=\"720\" height=\"540\" data-id=\"1080\" src=\"https:\/\/www.peanuts-machine.com\/wp-content\/uploads\/2026\/01\/stainless-steel-peanut-mill.webp\" alt=\"Moulin \u00e0 arachide en acier inoxydable\" class=\"wp-image-1080\" title=\"\" srcset=\"https:\/\/www.peanuts-machine.com\/wp-content\/uploads\/2026\/01\/stainless-steel-peanut-mill.webp 720w, https:\/\/www.peanuts-machine.com\/wp-content\/uploads\/2026\/01\/stainless-steel-peanut-mill-300x225.webp 300w, https:\/\/www.peanuts-machine.com\/wp-content\/uploads\/2026\/01\/stainless-steel-peanut-mill-16x12.webp 16w\" sizes=\"auto, (max-width: 720px) 100vw, 720px\" \/><figcaption class=\"wp-element-caption\">Moulin \u00e0 arachide en acier inoxydable<\/figcaption><\/figure> <\/figure>    <p class=\"translation-block\"><strong>Remarque :<\/strong> Si n\u00e9cessaire, nous proposons \u00e9galement <strong><em><a href=\"https:\/\/www.peanuts-machine.com\/fr\/product\/peanut-peeling-machine\/\">machines \u00e0 \u00e9plucher la peau d'arachide<\/a><\/em><\/strong> et <strong><em><a href=\"https:\/\/www.peanuts-machine.com\/fr\/product\/multifunctional-nut-roaster\/\">machines multifonctions de torr\u00e9faction de noix<\/a><\/em><\/strong>.<\/p>    <h2 class=\"wp-block-heading\">Points forts de la machine de mouture de poudre de noix<\/h2>    <ul class=\"wp-block-list\"> <li>Haute capacit\u00e9 : une capacit\u00e9 de traitement de 200-600kg par heure r\u00e9pond aux demandes de production \u00e0 grande \u00e9chelle.<\/li>    <li>Fonctionnalit\u00e9 polyvalente : capable de produire \u00e0 la fois de la poudre d'arachide et des granul\u00e9s pour r\u00e9pondre \u00e0 divers besoins de traitement.<\/li>    <li>Op\u00e9ration simple : facile \u00e0 installer, \u00e0 utiliser et \u00e0 entretenir, n\u00e9cessitant seulement un op\u00e9rateur.<\/li>    <li>Hygi\u00e9nique et durable : l'ensemble de l'unit\u00e9 est construit en acier inoxydable 304 r\u00e9sistant \u00e0 la corrosion pour un nettoyage facile.<\/li>    <li>Finesse de broyage r\u00e9glable : facilement ajustable de granul\u00e9s grossiers \u00e0 poudre fine pour diverses applications.<\/li>    <li>Faible gras, pas de bouchage : pas de fuite d'huile ou d'adh\u00e9rence de la machine pendant le traitement, id\u00e9al pour une production continue \u00e0 volume \u00e9lev\u00e9.<\/li> <\/ul>    <p>Que ce soit pour traiter la poudre d'arachide ou des granul\u00e9s, notre \u00e9quipement le g\u00e8re avec facilit\u00e9, aidant votre entreprise de transformation alimentaire \u00e0 cro\u00eetre de mani\u00e8re r\u00e9guli\u00e8re. Contactez-nous d\u00e8s aujourd'hui pour rendre votre production plus efficace, hygi\u00e9nique et stable !<\/p>","protected":false},"excerpt":{"rendered":"<p>La machine de mouture de la poudre de cacahu\u00e8te peut transformer les cacahu\u00e8tes et autres noix ainsi que les graines ol\u00e9agineuses en poudre ou en granul\u00e9s, offrant une haute production, une s\u00e9curit\u00e9 hygi\u00e9nique, et un support pour une production continue \u00e0 grande \u00e9chelle.<\/p>","protected":false},"author":1,"featured_media":1081,"parent":0,"template":"","tags":[56,36],"product-type":[55,46],"class_list":["post-1069","product","type-product","status-publish","has-post-thumbnail","hentry","tag-nut","tag-peanut","product-type-peanut-cutting-machine","product-type-products"],"_links":{"self":[{"href":"https:\/\/www.peanuts-machine.com\/fr\/wp-json\/wp\/v2\/product\/1069","targetHints":{"allow":["GET"]}}],"collection":[{"href":"https:\/\/www.peanuts-machine.com\/fr\/wp-json\/wp\/v2\/product"}],"about":[{"href":"https:\/\/www.peanuts-machine.com\/fr\/wp-json\/wp\/v2\/types\/product"}],"author":[{"embeddable":true,"href":"https:\/\/www.peanuts-machine.com\/fr\/wp-json\/wp\/v2\/users\/1"}],"wp:featuredmedia":[{"embeddable":true,"href":"https:\/\/www.peanuts-machine.com\/fr\/wp-json\/wp\/v2\/media\/1081"}],"wp:attachment":[{"href":"https:\/\/www.peanuts-machine.com\/fr\/wp-json\/wp\/v2\/media?parent=1069"}],"wp:term":[{"taxonomy":"post_tag","embeddable":true,"href":"https:\/\/www.peanuts-machine.com\/fr\/wp-json\/wp\/v2\/tags?post=1069"},{"taxonomy":"product-type","embeddable":true,"href":"https:\/\/www.peanuts-machine.com\/fr\/wp-json\/wp\/v2\/product-type?post=1069"}],"curies":[{"name":"wp","href":"https:\/\/api.w.org\/{rel}","templated":true}]}}