{"id":1085,"date":"2026-01-22T14:58:14","date_gmt":"2026-01-22T06:58:14","guid":{"rendered":"https:\/\/www.peanuts-machine.com\/?post_type=product&#038;p=1085"},"modified":"2026-01-27T17:12:16","modified_gmt":"2026-01-27T09:12:16","slug":"peanut-kernel-washing-machine","status":"publish","type":"product","link":"https:\/\/www.peanuts-machine.com\/fr\/product\/peanut-kernel-washing-machine\/","title":{"rendered":"Machine \u00e0 laver les coques de cacahu\u00e8tes | Laveuse rotative pour noix"},"content":{"rendered":"<div class=\"kk-star-ratings kksr-auto kksr-align-left kksr-valign-top\"     data-payload='{&quot;align&quot;:&quot;left&quot;,&quot;id&quot;:&quot;1085&quot;,&quot;slug&quot;:&quot;default&quot;,&quot;valign&quot;:&quot;top&quot;,&quot;ignore&quot;:&quot;&quot;,&quot;reference&quot;:&quot;auto&quot;,&quot;class&quot;:&quot;&quot;,&quot;count&quot;:&quot;13&quot;,&quot;legendonly&quot;:&quot;&quot;,&quot;readonly&quot;:&quot;&quot;,&quot;score&quot;:&quot;4.8&quot;,&quot;starsonly&quot;:&quot;&quot;,&quot;best&quot;:&quot;5&quot;,&quot;gap&quot;:&quot;5&quot;,&quot;greet&quot;:&quot;Rate this product&quot;,&quot;legend&quot;:&quot;4.8\\\/5 - (13 votes)&quot;,&quot;size&quot;:&quot;24&quot;,&quot;title&quot;:&quot;Peanut Kernel Washing Machine | Nuts Rotary Drum Washer&quot;,&quot;width&quot;:&quot;136.7&quot;,&quot;_legend&quot;:&quot;{score}\\\/{best} - ({count} {votes})&quot;,&quot;font_factor&quot;:&quot;1.25&quot;}'>              <div class=\"kksr-stars\">      <div class=\"kksr-stars-inactive\">             <div class=\"kksr-star\" data-star=\"1\" style=\"padding-right: 5px\">               <div class=\"kksr-icon\" style=\"width: 24px; height: 24px;\"><\/div>         <\/div>             <div class=\"kksr-star\" data-star=\"2\" style=\"padding-right: 5px\">               <div class=\"kksr-icon\" style=\"width: 24px; height: 24px;\"><\/div>         <\/div>             <div class=\"kksr-star\" data-star=\"3\" style=\"padding-right: 5px\">               <div class=\"kksr-icon\" style=\"width: 24px; height: 24px;\"><\/div>         <\/div>             <div class=\"kksr-star\" data-star=\"4\" style=\"padding-right: 5px\">               <div class=\"kksr-icon\" style=\"width: 24px; height: 24px;\"><\/div>         <\/div>             <div class=\"kksr-star\" data-star=\"5\" style=\"padding-right: 5px\">               <div class=\"kksr-icon\" style=\"width: 24px; height: 24px;\"><\/div>         <\/div>     <\/div>      <div class=\"kksr-stars-active\" style=\"width: 136.7px;\">             <div class=\"kksr-star\" style=\"padding-right: 5px\">               <div class=\"kksr-icon\" style=\"width: 24px; height: 24px;\"><\/div>         <\/div>             <div class=\"kksr-star\" style=\"padding-right: 5px\">               <div class=\"kksr-icon\" style=\"width: 24px; height: 24px;\"><\/div>         <\/div>             <div class=\"kksr-star\" style=\"padding-right: 5px\">               <div class=\"kksr-icon\" style=\"width: 24px; height: 24px;\"><\/div>         <\/div>             <div class=\"kksr-star\" style=\"padding-right: 5px\">               <div class=\"kksr-icon\" style=\"width: 24px; height: 24px;\"><\/div>         <\/div>             <div class=\"kksr-star\" style=\"padding-right: 5px\">               <div class=\"kksr-icon\" style=\"width: 24px; height: 24px;\"><\/div>         <\/div>     <\/div> <\/div>                   <div class=\"kksr-legend\" style=\"font-size: 19.2px;\">             4,8\/5 - (13 votes)    <\/div>     <\/div>  <p>Cette machine \u00e0 laver les noyaux de cacahu\u00e8te est un dispositif de nettoyage automatique continu sp\u00e9cialement con\u00e7u pour les noyaux de cacahu\u00e8te d\u00e9cortiqu\u00e9s, adapt\u00e9 aux lignes de production alimentaires standardis\u00e9es et \u00e0 grande \u00e9chelle. L'\u00e9quipement utilise une structure de pulv\u00e9risation dans un tambour combin\u00e9e \u00e0 un syst\u00e8me de circulation d'eau, garantissant un nettoyage approfondi tout en r\u00e9duisant efficacement la consommation d'eau.<\/p>    <p>Enti\u00e8rement fabriqu\u00e9e en acier inoxydable 304, elle \u00e9limine efficacement la salet\u00e9, la poussi\u00e8re et les impuret\u00e9s de surface des noyaux de cacahu\u00e8te. C'est une solution id\u00e9ale pour les entreprises de traitement des cacahu\u00e8tes souhaitant am\u00e9liorer l'efficacit\u00e9 du pr\u00e9-traitement et la qualit\u00e9 du produit. Avec une capacit\u00e9 de 1 \u00e0 1,5 tonne par heure, elle r\u00e9pond aux exigences de production continue tout en maintenant une qualit\u00e9 de nettoyage sup\u00e9rieure.<\/p>    <figure class=\"wp-block-embed aligncenter is-type-video is-provider-youtube wp-block-embed-youtube wp-embed-aspect-16-9 wp-has-aspect-ratio\"><div class=\"wp-block-embed__wrapper\"> <iframe loading=\"lazy\" title=\"\ud83e\udd5c Machine de nettoyage efficace des cacahu\u00e8tes en action ! | D\u00e9mo d&#039;\u00e9quipement agricole#cacahu\u00e8te #machinealaver\" width=\"500\" height=\"281\" src=\"https:\/\/www.youtube.com\/embed\/CySsJCiFbJA?feature=oembed\" frameborder=\"0\" allow=\"accelerometer; autoplay; clipboard-write; encrypted-media; gyroscope; picture-in-picture; web-share\" referrerpolicy=\"strict-origin-when-cross-origin\" allowfullscreen><\/iframe> <\/div><figcaption class=\"wp-element-caption\">Vid\u00e9o de fonctionnement de la machine automatique \u00e0 laver les noyaux de cacahu\u00e8te<\/figcaption><\/figure>    <h2 class=\"wp-block-heading\">Sc\u00e9narios d'application de la machine \u00e0 laver les cacahu\u00e8tes<\/h2>    <p>La machine \u00e0 laver les noyaux de cacahu\u00e8te est principalement utilis\u00e9e dans la phase de pr\u00e9-traitement des lignes de production de cacahu\u00e8tes, adapt\u00e9e pour :<\/p>    <ul class=\"wp-block-list\"> <li>Nettoyage des mati\u00e8res premi\u00e8res pour des produits de transformation profonde tels que le beurre de cacahu\u00e8te, le lait de cacahu\u00e8te et la poudre de cacahu\u00e8te.<\/li>    <li>Nettoyage avant la production de snacks comme les cacahu\u00e8tes frites et les cacahu\u00e8tes grill\u00e9es.<\/li>    <li>Nettoyage en vrac des noyaux de cacahu\u00e8te pour les coop\u00e9ratives de transformation agricole et les usines alimentaires.<\/li> <\/ul>    <p>De plus, cet \u00e9quipement convient \u00e9galement au nettoyage par pulv\u00e9risation d'eau de mat\u00e9riaux granulaires tels que les f\u00e8ves, pois et amandes. Il permet une op\u00e9ration continue, s'adapte \u00e0 divers sc\u00e9narios de transformation alimentaire et am\u00e9liore l'utilisation globale de l'\u00e9quipement.<\/p>   <div class=\"wp-block-image\"> <figure class=\"aligncenter size-full\"><img loading=\"lazy\" decoding=\"async\" width=\"720\" height=\"540\" src=\"https:\/\/www.peanuts-machine.com\/wp-content\/uploads\/2026\/01\/peanut-kernel-washing-machine.webp\" alt=\"Machine \u00e0 laver les noyaux de cacahu\u00e8te\" class=\"wp-image-1086\" title=\"\" srcset=\"https:\/\/www.peanuts-machine.com\/wp-content\/uploads\/2026\/01\/peanut-kernel-washing-machine.webp 720w, https:\/\/www.peanuts-machine.com\/wp-content\/uploads\/2026\/01\/peanut-kernel-washing-machine-300x225.webp 300w, https:\/\/www.peanuts-machine.com\/wp-content\/uploads\/2026\/01\/peanut-kernel-washing-machine-16x12.webp 16w\" sizes=\"auto, (max-width: 720px) 100vw, 720px\" \/><figcaption class=\"wp-element-caption\">Machine \u00e0 laver les noyaux de cacahu\u00e8te<\/figcaption><\/figure> <\/div>   <h2 class=\"wp-block-heading\">Avantages de la machine \u00e0 laver les noyaux de cacahu\u00e8te<\/h2>    <ul class=\"wp-block-list\"> <li>Haute efficacit\u00e9 de nettoyage : la rotation continue du tambour combin\u00e9e au flux d'eau pulv\u00e9ris\u00e9e permet un nettoyage rapide de grands volumes de noyaux de cacahu\u00e8te, en maintenant une production stable de 1 \u00e0 1,5 tonne par heure.<\/li>    <li>Efficace en \u00e9nergie et respectueuse de l'environnement : r\u00e9servoir d'eau int\u00e9gr\u00e9 et syst\u00e8me de circulation par pompe (puissance de la pompe 0,75KW) r\u00e9duisent efficacement la consommation d'eau.<\/li>    <li>Dommages minimaux au mat\u00e9riau : la m\u00e9thode de nettoyage douce du tambour emp\u00eache la casse des noyaux de cacahu\u00e8te, pr\u00e9servant leur int\u00e9grit\u00e9 et leur qualit\u00e9 esth\u00e9tique.<\/li>    <li>Simplicit\u00e9 d'utilisation et d'entretien : avec une consommation totale d'\u00e9nergie de seulement 1,1 KW, la machine pr\u00e9sente une faible consommation d'\u00e9nergie et une op\u00e9ration quotidienne et un entretien pratiques.<\/li>    <li>Hygi\u00e9nique et durable : le corps en acier inoxydable 304 r\u00e9siste \u00e0 la corrosion et \u00e0 la rouille, r\u00e9pondant aux exigences d'hygi\u00e8ne alimentaire et garantissant une longue dur\u00e9e de vie.<\/li> <\/ul>   <div class=\"wp-block-image\"> <figure class=\"aligncenter size-full\"><img loading=\"lazy\" decoding=\"async\" width=\"720\" height=\"540\" src=\"https:\/\/www.peanuts-machine.com\/wp-content\/uploads\/2026\/01\/peanut-cleaning-machine.webp\" alt=\"Machine de nettoyage des cacahu\u00e8tes\" class=\"wp-image-1087\" title=\"\" srcset=\"https:\/\/www.peanuts-machine.com\/wp-content\/uploads\/2026\/01\/peanut-cleaning-machine.webp 720w, https:\/\/www.peanuts-machine.com\/wp-content\/uploads\/2026\/01\/peanut-cleaning-machine-300x225.webp 300w, https:\/\/www.peanuts-machine.com\/wp-content\/uploads\/2026\/01\/peanut-cleaning-machine-16x12.webp 16w\" sizes=\"auto, (max-width: 720px) 100vw, 720px\" \/><figcaption class=\"wp-element-caption\">Machine de nettoyage des cacahu\u00e8tes<\/figcaption><\/figure> <\/div>   <h2 class=\"wp-block-heading\">Principe de fonctionnement du laveur industriel de cacahu\u00e8tes<\/h2>    <p>La machine \u00e0 laver les noyaux de cacahu\u00e8te utilise une m\u00e9thode de nettoyage par pulv\u00e9risation dans un tambour :<\/p>    <ol class=\"wp-block-list\"> <li>Les noyaux de cacahu\u00e8te d\u00e9cortiqu\u00e9s entrent dans le tambour perfor\u00e9 en acier inoxydable depuis l'extr\u00e9mit\u00e9 d'alimentation.<\/li>    <li>Le tambour tourne lentement sous la conduite du moteur, provoquant un roulement continu des noyaux.<\/li>    <li>En m\u00eame temps, une pompe \u00e0 eau pulv\u00e9rise de l'eau propre dans l'int\u00e9rieur du tambour. Les impuret\u00e9s sont \u00e9limin\u00e9es par agitation du flux d'eau et friction avec le mat\u00e9riau.<\/li>    <li>Wastewater and fine debris pass through the drum&#8217;s perforations, draining back into the water tank for recycling.<\/li>    <li>Une fois termin\u00e9, la conception du tambour inclin\u00e9 combin\u00e9e au mouvement rotatif permet de d\u00e9charger automatiquement les noyaux nettoy\u00e9s.<\/li> <\/ol>   <div class=\"wp-block-image\"> <figure class=\"aligncenter size-full\"><img loading=\"lazy\" decoding=\"async\" width=\"720\" height=\"540\" src=\"https:\/\/www.peanuts-machine.com\/wp-content\/uploads\/2026\/01\/nut-washing-machine.webp\" alt=\"machine \u00e0 laver les noix\" class=\"wp-image-1089\" title=\"\" srcset=\"https:\/\/www.peanuts-machine.com\/wp-content\/uploads\/2026\/01\/nut-washing-machine.webp 720w, https:\/\/www.peanuts-machine.com\/wp-content\/uploads\/2026\/01\/nut-washing-machine-300x225.webp 300w, https:\/\/www.peanuts-machine.com\/wp-content\/uploads\/2026\/01\/nut-washing-machine-16x12.webp 16w\" sizes=\"auto, (max-width: 720px) 100vw, 720px\" \/><figcaption class=\"wp-element-caption\">machine \u00e0 laver les noix<\/figcaption><\/figure> <\/div>   <p>La machine compacte mesure environ 2500\u00d7800\u00d71600mm, facilitant une int\u00e9gration transparente dans les lignes de production avec s\u00e9chage, tri ou autres \u00e9quipements ult\u00e9rieurs.<\/p>    <p class=\"translation-block\">De plus, nous proposons des solutions compl\u00e8tes pour diverses applications de traitement mature des cacahu\u00e8tes, telles que <strong><em><a href=\"https:\/\/www.peanuts-machine.com\/fr\/product\/peanut-butter-production-line\/\">les lignes de production de beurre de cacahu\u00e8te<\/a><\/em><\/strong>, afin de r\u00e9pondre \u00e0 des exigences de taille et de processus vari\u00e9es. N'h\u00e9sitez pas \u00e0 nous contacter \u00e0 tout moment pour une configuration d'\u00e9quipement professionnelle et des services personnalis\u00e9s.<\/p>","protected":false},"excerpt":{"rendered":"<p>La machine \u00e0 laver les noyaux de cacahu\u00e8te dispose d'une structure de pulv\u00e9risation dans un tambour en acier inoxydable et est con\u00e7ue pour un nettoyage automatique continu des noyaux de cacahu\u00e8te d\u00e9cortiqu\u00e9s.<\/p>","protected":false},"author":1,"featured_media":1088,"parent":0,"template":"","tags":[36],"product-type":[54,46],"class_list":["post-1085","product","type-product","status-publish","has-post-thumbnail","hentry","tag-peanut","product-type-other-peanut-related-machine","product-type-products"],"_links":{"self":[{"href":"https:\/\/www.peanuts-machine.com\/fr\/wp-json\/wp\/v2\/product\/1085","targetHints":{"allow":["GET"]}}],"collection":[{"href":"https:\/\/www.peanuts-machine.com\/fr\/wp-json\/wp\/v2\/product"}],"about":[{"href":"https:\/\/www.peanuts-machine.com\/fr\/wp-json\/wp\/v2\/types\/product"}],"author":[{"embeddable":true,"href":"https:\/\/www.peanuts-machine.com\/fr\/wp-json\/wp\/v2\/users\/1"}],"wp:featuredmedia":[{"embeddable":true,"href":"https:\/\/www.peanuts-machine.com\/fr\/wp-json\/wp\/v2\/media\/1088"}],"wp:attachment":[{"href":"https:\/\/www.peanuts-machine.com\/fr\/wp-json\/wp\/v2\/media?parent=1085"}],"wp:term":[{"taxonomy":"post_tag","embeddable":true,"href":"https:\/\/www.peanuts-machine.com\/fr\/wp-json\/wp\/v2\/tags?post=1085"},{"taxonomy":"product-type","embeddable":true,"href":"https:\/\/www.peanuts-machine.com\/fr\/wp-json\/wp\/v2\/product-type?post=1085"}],"curies":[{"name":"wp","href":"https:\/\/api.w.org\/{rel}","templated":true}]}}