{"id":1091,"date":"2026-01-22T16:29:34","date_gmt":"2026-01-22T08:29:34","guid":{"rendered":"https:\/\/www.peanuts-machine.com\/?post_type=product&#038;p=1091"},"modified":"2026-01-26T17:37:43","modified_gmt":"2026-01-26T09:37:43","slug":"peanut-peeling-and-splitting-machine","status":"publish","type":"product","link":"https:\/\/www.peanuts-machine.com\/fr\/product\/peanut-peeling-and-splitting-machine\/","title":{"rendered":"Machine de d\u00e9corticage et de division des arachides | Machine de coupe en deux des arachides"},"content":{"rendered":"<div class=\"kk-star-ratings kksr-auto kksr-align-left kksr-valign-top\"     data-payload='{&quot;align&quot;:&quot;left&quot;,&quot;id&quot;:&quot;1091&quot;,&quot;slug&quot;:&quot;default&quot;,&quot;valign&quot;:&quot;top&quot;,&quot;ignore&quot;:&quot;&quot;,&quot;reference&quot;:&quot;auto&quot;,&quot;class&quot;:&quot;&quot;,&quot;count&quot;:&quot;30&quot;,&quot;legendonly&quot;:&quot;&quot;,&quot;readonly&quot;:&quot;&quot;,&quot;score&quot;:&quot;4.8&quot;,&quot;starsonly&quot;:&quot;&quot;,&quot;best&quot;:&quot;5&quot;,&quot;gap&quot;:&quot;5&quot;,&quot;greet&quot;:&quot;Rate this product&quot;,&quot;legend&quot;:&quot;4.8\\\/5 - (30 votes)&quot;,&quot;size&quot;:&quot;24&quot;,&quot;title&quot;:&quot;Peanut Peeling and Splitting Machine | Peanut Half Cutting Machine&quot;,&quot;width&quot;:&quot;136.7&quot;,&quot;_legend&quot;:&quot;{score}\\\/{best} - ({count} {votes})&quot;,&quot;font_factor&quot;:&quot;1.25&quot;}'>              <div class=\"kksr-stars\">      <div class=\"kksr-stars-inactive\">             <div class=\"kksr-star\" data-star=\"1\" style=\"padding-right: 5px\">               <div class=\"kksr-icon\" style=\"width: 24px; height: 24px;\"><\/div>         <\/div>             <div class=\"kksr-star\" data-star=\"2\" style=\"padding-right: 5px\">               <div class=\"kksr-icon\" style=\"width: 24px; height: 24px;\"><\/div>         <\/div>             <div class=\"kksr-star\" data-star=\"3\" style=\"padding-right: 5px\">               <div class=\"kksr-icon\" style=\"width: 24px; height: 24px;\"><\/div>         <\/div>             <div class=\"kksr-star\" data-star=\"4\" style=\"padding-right: 5px\">               <div class=\"kksr-icon\" style=\"width: 24px; height: 24px;\"><\/div>         <\/div>             <div class=\"kksr-star\" data-star=\"5\" style=\"padding-right: 5px\">               <div class=\"kksr-icon\" style=\"width: 24px; height: 24px;\"><\/div>         <\/div>     <\/div>      <div class=\"kksr-stars-active\" style=\"width: 136.7px;\">             <div class=\"kksr-star\" style=\"padding-right: 5px\">               <div class=\"kksr-icon\" style=\"width: 24px; height: 24px;\"><\/div>         <\/div>             <div class=\"kksr-star\" style=\"padding-right: 5px\">               <div class=\"kksr-icon\" style=\"width: 24px; height: 24px;\"><\/div>         <\/div>             <div class=\"kksr-star\" style=\"padding-right: 5px\">               <div class=\"kksr-icon\" style=\"width: 24px; height: 24px;\"><\/div>         <\/div>             <div class=\"kksr-star\" style=\"padding-right: 5px\">               <div class=\"kksr-icon\" style=\"width: 24px; height: 24px;\"><\/div>         <\/div>             <div class=\"kksr-star\" style=\"padding-right: 5px\">               <div class=\"kksr-icon\" style=\"width: 24px; height: 24px;\"><\/div>         <\/div>     <\/div> <\/div>                   <div class=\"kksr-legend\" style=\"font-size: 19.2px;\">             4,8\/5 - (30 votes)    <\/div>     <\/div>  <p>La machine de d\u00e9corticage et de d\u00e9coupe de cacahu\u00e8tes int\u00e8gre l\u2019\u00e9limination de la peau rouge avec la s\u00e9paration du noyau, sp\u00e9cialement con\u00e7ue pour produire des cacahu\u00e8tes coup\u00e9es. Elle r\u00e9alise un d\u00e9corticage efficace et une s\u00e9paration uniforme tout en garantissant l\u2019int\u00e9grit\u00e9 du noyau, avec un taux de cassure minimal, un taux de moiti\u00e9 sup\u00e9rieur \u00e0 96%.<\/p>    <p>L'ensemble de la machine est \u00e9quip\u00e9 d'un syst\u00e8me de collecte de poussi\u00e8re et d'une structure de criblage vibrante, s\u00e9parant automatiquement les peaux et les impuret\u00e9s. Les moiti\u00e9s de cacahu\u00e8tes finies sont propres, blanches et visuellement attrayantes, avec une perte minimale de mati\u00e8re. Elle sert d'\u00e9quipement de pr\u00e9-traitement id\u00e9al pour la transformation profonde des cacahu\u00e8tes et l'industrie alimentaire.<\/p>    <figure class=\"wp-block-embed aligncenter is-type-video is-provider-youtube wp-block-embed-youtube wp-embed-aspect-16-9 wp-has-aspect-ratio\"><div class=\"wp-block-embed__wrapper\"> <iframe loading=\"lazy\" title=\"High-Efficiency Peanut Peeling &amp; Splitting Machine in Action \ud83e\udd5c\u2699\ufe0f#peanut #peanutprocessing\" width=\"500\" height=\"281\" src=\"https:\/\/www.youtube.com\/embed\/SSeXkgpVFN8?feature=oembed\" frameborder=\"0\" allow=\"accelerometer; autoplay; clipboard-write; encrypted-media; gyroscope; picture-in-picture; web-share\" referrerpolicy=\"strict-origin-when-cross-origin\" allowfullscreen><\/iframe> <\/div><figcaption class=\"wp-element-caption\">Vid\u00e9o de fonctionnement de la machine de d\u00e9coupe \u00e0 moiti\u00e9 de cacahu\u00e8tes<\/figcaption><\/figure>    <h2 class=\"wp-block-heading\">Sp\u00e9cifications de la machine de d\u00e9coupage de cacahu\u00e8tes <\/h2>    <figure class=\"wp-block-table is-style-stripes\"><table class=\"has-fixed-layout\"><tbody><tr><td><strong>Param\u00e8tre<\/strong><\/td><td><strong>Mod\u00e8le grand<\/strong><\/td><td><strong>Mod\u00e8le compact<\/strong><\/td><\/tr><tr><td>Capacit\u00e9<\/td><td>1000 kg\/h<\/td><td>400\u2013500 kg\/h<\/td><\/tr><tr><td>Alimentation principale<\/td><td>2,2 KW<\/td><td>1,5 KW<\/td><\/tr><tr><td>Puissance du ventilateur<\/td><td>2,2 KW<\/td><td>0,75 KW<\/td><\/tr><tr><td>Dimensions<\/td><td>1900 \u00d7 1150 \u00d7 1350 mm<\/td><td>1900 \u00d7 850 \u00d7 1350 mm<\/td><\/tr><tr><td>Tension<\/td><td>380 V<\/td><td>380 V<\/td><\/tr><tr><td>Fr\u00e9quence<\/td><td>50 Hz<\/td><td>50 Hz<\/td><\/tr><\/tbody><\/table><figcaption class=\"wp-element-caption\">Param\u00e8tres techniques de la machine de d\u00e9corticage et de s\u00e9paration en deux moiti\u00e9s de cacahu\u00e8tes<\/figcaption><\/figure>    <figure class=\"wp-block-gallery has-nested-images columns-default is-cropped wp-block-gallery-2 is-layout-flex wp-block-gallery-is-layout-flex\"> <figure class=\"wp-block-image size-large\"><img loading=\"lazy\" decoding=\"async\" width=\"720\" height=\"540\" data-id=\"1094\" src=\"https:\/\/www.peanuts-machine.com\/wp-content\/uploads\/2026\/01\/peanut-peeling-and-splitting-machine.webp\" alt=\"Machine de d\u00e9corticage et de d\u00e9coupe de cacahu\u00e8tes\" class=\"wp-image-1094\" title=\"\" srcset=\"https:\/\/www.peanuts-machine.com\/wp-content\/uploads\/2026\/01\/peanut-peeling-and-splitting-machine.webp 720w, https:\/\/www.peanuts-machine.com\/wp-content\/uploads\/2026\/01\/peanut-peeling-and-splitting-machine-300x225.webp 300w, https:\/\/www.peanuts-machine.com\/wp-content\/uploads\/2026\/01\/peanut-peeling-and-splitting-machine-16x12.webp 16w\" sizes=\"auto, (max-width: 720px) 100vw, 720px\" \/><figcaption class=\"wp-element-caption\">Machine de d\u00e9corticage et de d\u00e9coupe de cacahu\u00e8tes<\/figcaption><\/figure>    <figure class=\"wp-block-image size-large\"><img loading=\"lazy\" decoding=\"async\" width=\"720\" height=\"540\" data-id=\"1093\" src=\"https:\/\/www.peanuts-machine.com\/wp-content\/uploads\/2026\/01\/peanut-half-cutting-machine.webp\" alt=\"machine de d\u00e9coupe \u00e0 moiti\u00e9 de cacahu\u00e8tes\" class=\"wp-image-1093\" title=\"\" srcset=\"https:\/\/www.peanuts-machine.com\/wp-content\/uploads\/2026\/01\/peanut-half-cutting-machine.webp 720w, https:\/\/www.peanuts-machine.com\/wp-content\/uploads\/2026\/01\/peanut-half-cutting-machine-300x225.webp 300w, https:\/\/www.peanuts-machine.com\/wp-content\/uploads\/2026\/01\/peanut-half-cutting-machine-16x12.webp 16w\" sizes=\"auto, (max-width: 720px) 100vw, 720px\" \/><figcaption class=\"wp-element-caption\">machine de d\u00e9coupe \u00e0 moiti\u00e9 de cacahu\u00e8tes<\/figcaption><\/figure> <\/figure>    <h2 class=\"wp-block-heading\">Applications de la machine de d\u00e9coupe \u00e0 moiti\u00e9 de cacahu\u00e8tes<\/h2>    <p>La machine de d\u00e9corticage et de d\u00e9coupe de cacahu\u00e8tes est principalement utilis\u00e9e dans la transformation profonde des produits alimentaires et agricoles, adapt\u00e9e \u00e0 :<\/p>    <ul class=\"wp-block-list\"> <li>Transformation industrielle des cacahu\u00e8tes coup\u00e9es en deux.<\/li>    <li>Pr\u00e9paration des mati\u00e8res premi\u00e8res pour produits de boulangerie tels que bonbons, biscuits, g\u00e2teaux et pain.<\/li>    <li>Pr\u00e9-traitement des mati\u00e8res premi\u00e8res pour beurre de cacahu\u00e8te, cacahu\u00e8tes en conserve et snacks.<\/li>    <li>Classement et transformation profonde des cacahu\u00e8tes pour les moulins \u00e0 huile et les entreprises de transformation alimentaire.<\/li> <\/ul>    <p>Au-del\u00e0 des cacahu\u00e8tes, cet \u00e9quipement peut \u00e9galement \u00eatre utilis\u00e9 pour la s\u00e9paration de certains l\u00e9gumineuses et noix de coco, offrant une large applicabilit\u00e9. Il convient aux petites, moyennes et grandes entreprises de transformation.<\/p>    <figure class=\"wp-block-gallery has-nested-images columns-default is-cropped wp-block-gallery-3 is-layout-flex wp-block-gallery-is-layout-flex\"> <figure class=\"wp-block-image size-large\"><img loading=\"lazy\" decoding=\"async\" width=\"720\" height=\"540\" data-id=\"1095\" src=\"https:\/\/www.peanuts-machine.com\/wp-content\/uploads\/2026\/01\/peanut-half-parting-machine.webp\" alt=\"Machine de s\u00e9paration en deux moiti\u00e9s de cacahu\u00e8tes\" class=\"wp-image-1095\" title=\"\" srcset=\"https:\/\/www.peanuts-machine.com\/wp-content\/uploads\/2026\/01\/peanut-half-parting-machine.webp 720w, https:\/\/www.peanuts-machine.com\/wp-content\/uploads\/2026\/01\/peanut-half-parting-machine-300x225.webp 300w, https:\/\/www.peanuts-machine.com\/wp-content\/uploads\/2026\/01\/peanut-half-parting-machine-16x12.webp 16w\" sizes=\"auto, (max-width: 720px) 100vw, 720px\" \/><figcaption class=\"wp-element-caption\">Machine de s\u00e9paration en deux moiti\u00e9s de cacahu\u00e8tes<\/figcaption><\/figure>    <figure class=\"wp-block-image size-large\"><img loading=\"lazy\" decoding=\"async\" width=\"720\" height=\"540\" data-id=\"1096\" src=\"https:\/\/www.peanuts-machine.com\/wp-content\/uploads\/2026\/01\/peanut-peeling-and-half-separating-machine.webp\" alt=\"Machine de d\u00e9corticage et de s\u00e9paration en deux moiti\u00e9s de cacahu\u00e8tes\" class=\"wp-image-1096\" title=\"\" srcset=\"https:\/\/www.peanuts-machine.com\/wp-content\/uploads\/2026\/01\/peanut-peeling-and-half-separating-machine.webp 720w, https:\/\/www.peanuts-machine.com\/wp-content\/uploads\/2026\/01\/peanut-peeling-and-half-separating-machine-300x225.webp 300w, https:\/\/www.peanuts-machine.com\/wp-content\/uploads\/2026\/01\/peanut-peeling-and-half-separating-machine-16x12.webp 16w\" sizes=\"auto, (max-width: 720px) 100vw, 720px\" \/><figcaption class=\"wp-element-caption\">Machine de d\u00e9corticage et de s\u00e9paration en deux moiti\u00e9s de cacahu\u00e8tes<\/figcaption><\/figure> <\/figure>    <h2 class=\"wp-block-heading\">Caract\u00e9ristiques de la machine de d\u00e9corticage et de s\u00e9paration en deux moiti\u00e9s de cacahu\u00e8tes<\/h2>    <ul class=\"wp-block-list\"> <li>D\u00e9corticage et coupe int\u00e9gr\u00e9s : une machine r\u00e9alise deux processus simultan\u00e9ment, r\u00e9duisant les co\u00fbts de production.<\/li>    <li>Haute efficacit\u00e9 de d\u00e9corticage : taux de d\u00e9corticage \u226596% avec un minimum de cassures.<\/li>    <li>D\u00e9capage automatique et \u00e9limination des impuret\u00e9s : le syst\u00e8me de vide et l'\u00e9cran vibrant s\u00e9parent efficacement les peaux rouges et le germe.<\/li>    <li>Faible bruit, faible consommation d\u2019\u00e9nergie : fonctionnement fluide, \u00e9conome en \u00e9nergie, adapt\u00e9 \u00e0 une utilisation continue prolong\u00e9e.<\/li>    <li>Qualit\u00e9 de produit sup\u00e9rieure : les moiti\u00e9s de cacahu\u00e8tes sont uniform\u00e9ment blanches et esth\u00e9tiquement agr\u00e9ables.<\/li>    <li>Op\u00e9ration et maintenance simples : une conception rationnelle garantit une utilisation, un nettoyage et un entretien faciles.<\/li>    <li>Respectueuse de l\u2019environnement et sans pollution : les peaux rouges sont collect\u00e9es centralement, \u00e9liminant la pollution par la poussi\u00e8re.<\/li> <\/ul>    <figure class=\"wp-block-gallery has-nested-images columns-default is-cropped wp-block-gallery-4 is-layout-flex wp-block-gallery-is-layout-flex\"> <figure class=\"wp-block-image size-large\"><img loading=\"lazy\" decoding=\"async\" width=\"720\" height=\"540\" data-id=\"1098\" src=\"https:\/\/www.peanuts-machine.com\/wp-content\/uploads\/2026\/01\/peanut-splitter-machine.webp\" alt=\"Machine de d\u00e9coupe de cacahu\u00e8tes\" class=\"wp-image-1098\" title=\"\" srcset=\"https:\/\/www.peanuts-machine.com\/wp-content\/uploads\/2026\/01\/peanut-splitter-machine.webp 720w, https:\/\/www.peanuts-machine.com\/wp-content\/uploads\/2026\/01\/peanut-splitter-machine-300x225.webp 300w, https:\/\/www.peanuts-machine.com\/wp-content\/uploads\/2026\/01\/peanut-splitter-machine-16x12.webp 16w\" sizes=\"auto, (max-width: 720px) 100vw, 720px\" \/><figcaption class=\"wp-element-caption\">Machine de d\u00e9coupe de cacahu\u00e8tes<\/figcaption><\/figure>    <figure class=\"wp-block-image size-large\"><img loading=\"lazy\" decoding=\"async\" width=\"720\" height=\"540\" data-id=\"1097\" src=\"https:\/\/www.peanuts-machine.com\/wp-content\/uploads\/2026\/01\/peanut-peeler-and-half-separator.webp\" alt=\"D\u00e9cortiqueuse et s\u00e9paratrice en deux moiti\u00e9s de cacahu\u00e8tes\" class=\"wp-image-1097\" title=\"\" srcset=\"https:\/\/www.peanuts-machine.com\/wp-content\/uploads\/2026\/01\/peanut-peeler-and-half-separator.webp 720w, https:\/\/www.peanuts-machine.com\/wp-content\/uploads\/2026\/01\/peanut-peeler-and-half-separator-300x225.webp 300w, https:\/\/www.peanuts-machine.com\/wp-content\/uploads\/2026\/01\/peanut-peeler-and-half-separator-16x12.webp 16w\" sizes=\"auto, (max-width: 720px) 100vw, 720px\" \/><figcaption class=\"wp-element-caption\">D\u00e9cortiqueuse et s\u00e9paratrice en deux moiti\u00e9s de cacahu\u00e8tes<\/figcaption><\/figure> <\/figure>    <h2 class=\"wp-block-heading\">Comment fonctionne la machine de d\u00e9corticage et de d\u00e9coupe de cacahu\u00e8tes ?<\/h2>    <p>La machine de d\u00e9corticage et de d\u00e9coupe de cacahu\u00e8tes r\u00e9alise le d\u00e9corticage et la s\u00e9paration par la coordination de plusieurs structures :<\/p>    <ol class=\"wp-block-list\"> <li>Les cacahu\u00e8tes grill\u00e9es et refroidies avec leur peau rouge entrent dans un tambour de d\u00e9corticage \u00e0 grande vitesse.<\/li>    <li>Dans le tambour, la friction enl\u00e8ve les peaux tout en divisant simultan\u00e9ment les cacahu\u00e8tes en deux moiti\u00e9s.<\/li>    <li>Les cacahu\u00e8tes s\u00e9par\u00e9es sont transport\u00e9es par un alimentateur spiral\u00e9 vers un \u00e9cran vibrant.<\/li>    <li>Under the vibrating screen&#8217;s action, peanut skins and germ are effectively separated.<\/li>    <li>Un ventilateur d\u2019extraction de poussi\u00e8re concentre et \u00e9limine les peaux, r\u00e9alisant une s\u00e9paration automatique propre et sans pollution.<\/li> <\/ol>    <p>L'ensemble du processus fonctionne de mani\u00e8re continue et stable avec une haute automatisation, garantissant une apparence propre et soign\u00e9e des moiti\u00e9s de cacahu\u00e8tes.<\/p>    <p class=\"translation-block\">Nous proposons \u00e9galement <strong><em><a href=\"https:\/\/www.peanuts-machine.com\/fr\/product\/peanut-peeling-machine\/\">des machines de d\u00e9corticage \u00e0 sec<\/a><\/em><\/strong> et <strong><em><a href=\"https:\/\/www.peanuts-machine.com\/fr\/product\/wet-groundnut-peeling-machine\/\">des machines de d\u00e9corticage humide<\/a><\/em><\/strong> pour cacahu\u00e8tes afin de r\u00e9pondre \u00e0 vos divers besoins de production.<\/p>    <p>Merci de visiter notre site ! Si vous avez des questions ou des commentaires, n'h\u00e9sitez pas \u00e0 les soumettre via le formulaire \u00e0 droite. Nous r\u00e9pondrons \u00e0 votre demande dans les 24 heures.<\/p>","protected":false},"excerpt":{"rendered":"<p>La machine \u00e0 \u00e9plucher et \u00e0 fendre les arachides combine les fonctions de retrait de la peau rouge et de fente en une seule unit\u00e9. Elle produit des moiti\u00e9s d'arachide propres et uniformes et convient \u00e0 l'industrie de la transformation approfondie des arachides.<\/p>","protected":false},"author":1,"featured_media":1099,"parent":0,"template":"","tags":[36],"product-type":[49,46],"class_list":["post-1091","product","type-product","status-publish","has-post-thumbnail","hentry","tag-peanut","product-type-peanut-peeling-machine","product-type-products"],"_links":{"self":[{"href":"https:\/\/www.peanuts-machine.com\/fr\/wp-json\/wp\/v2\/product\/1091","targetHints":{"allow":["GET"]}}],"collection":[{"href":"https:\/\/www.peanuts-machine.com\/fr\/wp-json\/wp\/v2\/product"}],"about":[{"href":"https:\/\/www.peanuts-machine.com\/fr\/wp-json\/wp\/v2\/types\/product"}],"author":[{"embeddable":true,"href":"https:\/\/www.peanuts-machine.com\/fr\/wp-json\/wp\/v2\/users\/1"}],"wp:featuredmedia":[{"embeddable":true,"href":"https:\/\/www.peanuts-machine.com\/fr\/wp-json\/wp\/v2\/media\/1099"}],"wp:attachment":[{"href":"https:\/\/www.peanuts-machine.com\/fr\/wp-json\/wp\/v2\/media?parent=1091"}],"wp:term":[{"taxonomy":"post_tag","embeddable":true,"href":"https:\/\/www.peanuts-machine.com\/fr\/wp-json\/wp\/v2\/tags?post=1091"},{"taxonomy":"product-type","embeddable":true,"href":"https:\/\/www.peanuts-machine.com\/fr\/wp-json\/wp\/v2\/product-type?post=1091"}],"curies":[{"name":"wp","href":"https:\/\/api.w.org\/{rel}","templated":true}]}}